{"id":7510,"date":"2022-11-05T13:16:36","date_gmt":"2022-11-05T13:16:36","guid":{"rendered":"https:\/\/staging.genekas24.ee\/?post_type=product&#038;p=7510"},"modified":"2025-12-02T10:06:21","modified_gmt":"2025-12-02T10:06:21","slug":"automaatne-ulekandeluliti-ks-ats-4-100hd","status":"publish","type":"product","link":"https:\/\/staging.genekas24.ee\/fi\/tuote\/automaattinen-vaihtokytkin-ks-ats-4-100hd\/","title":{"rendered":"Automaattinen vaihtokytkin KS ATS 4\/100HD"},"content":{"rendered":"<p class=\"translation-block\">Saksalaisen \u201dK\u00f6nner &amp; S\u00f6hnen\u201d -merkin KS ATS 4\/100HD ATS -yksikk\u00f6 (automaattinen vaihtokytkin) k\u00e4ynnist\u00e4\u00e4 voimakoneen automaattisesti ja siirt\u00e4\u00e4 kuormituksen sille, kun verkkovirta sammuu, ja sammuttaa voimakoneen automaattisesti, kun verkkovirta palautuu. Se on yhteensopiva K\u00f6nner &amp; S\u00f6hnen -dieselvoimakoneiden kanssa. ATS-yksikk\u00f6\u00e4 voi k\u00e4ytt\u00e4\u00e4 sek\u00e4 automaatti- ett\u00e4 manuaalitilassa.<\/p>\n<p><strong>OMINAISUUDET:<\/strong><\/p>\n<ul>\n<li>Yleisk\u00e4ytt\u00f6isen suunnittelun ansiosta ATS-yksik\u00f6n voi liitt\u00e4\u00e4 yksi- ja kolmivaiheverkkoihin<\/li>\n<li>Automaatti-\/manuaalik\u00e4ytt\u00f6<\/li>\n<li>Moottoritoiminen kytkin<\/li>\n<li>Riviliitin ohjauskaapeleille<\/li>\n<li>J\u00e4nnite-LEDit<\/li>\n<li>Metallinen suojakotelo<\/li>\n<\/ul>","protected":false},"excerpt":{"rendered":"<table>\n<tbody>\n<tr class=\"even\">\n<td width=\"60%\">\n<div class=\"col-xs-6\">Huipputehon tarve, W<\/div>\n<\/td>\n<td>18<\/td>\n<\/tr>\n<tr class=\"odd\">\n<td>J\u00e4nnite<\/td>\n<td>\n<div class=\"attribute row\">\n<div class=\"col-xs-6\">230\/400<\/div>\n<\/div>\n<\/td>\n<\/tr>\n<tr class=\"even\">\n<td>\n<div class=\"col-xs-6\">Teho (230 V), kW<\/div>\n<\/td>\n<td>23<\/td>\n<\/tr>\n<tr class=\"odd\">\n<td>\n<div class=\"col-xs-6\">Virta (enint.) 230 V, A<\/div>\n<\/td>\n<td>100<\/td>\n<\/tr>\n<tr class=\"even\">\n<td>\n<div class=\"col-xs-6\">Teho 400 V, kW<\/div>\n<\/td>\n<td>55<\/td>\n<\/tr>\n<tr class=\"odd\">\n<td>\n<div class=\"col-xs-6\">Virta (enint.) 400 V, A<\/div>\n<\/td>\n<td>100<\/td>\n<\/tr>\n<tr class=\"even\">\n<td>\n<div class=\"col-xs-6\">Ty\u00f6ymp\u00e4rist\u00f6<\/div>\n<\/td>\n<td>\n<div class=\"attribute row\">\n<div class=\"col-xs-6\">-20\u2013+45 \u00b0\u0421; kosteus: \u2a7d50%<\/div>\n<\/div>\n<\/td>\n<\/tr>\n<tr class=\"odd\">\n<td>\n<div class=\"col-xs-6\">Varastointiymp\u00e4rist\u00f6<\/div>\n<\/td>\n<td>\n<div class=\"attribute row\">\n<div class=\"col-xs-6\">-30 \u00b0C \u2013 +70 \u00b0C; kosteus: \u2a7d50 %<\/div>\n<\/div>\n<\/td>\n<\/tr>\n<tr class=\"even\">\n<td>\n<div class=\"col-xs-6\">IP-kotelointiluokka<\/div>\n<\/td>\n<td>IP44<\/td>\n<\/tr>\n<tr class=\"odd\">\n<td>Eristysluokka<\/td>\n<td>\n<div class=\"attribute row\">\n<div class=\"col-xs-6\">AC1.0KV\/1min 1mA<\/div>\n<\/div>\n<\/td>\n<\/tr>\n<tr>\n<td>Sis\u00e4mitat (PxLxK), mm<\/td>\n<td>\n<div class=\"attribute row\">\n<div class=\"col-xs-6\">500x300x600<\/div>\n<\/div>\n<\/td>\n<\/tr>\n<tr>\n<td>Nettopaino, kg<\/td>\n<td>\n<div class=\"attribute row\">\n<div class=\"col-xs-6\">22.3<\/div>\n<\/div>\n<\/td>\n<\/tr>\n<tr class=\"even\">\n<td>EAN-koodi<\/td>\n<td>4260405365920<\/td>\n<\/tr>\n<\/tbody>\n<\/table>\n<p>Koottu PRC.<\/p>","protected":false},"featured_media":12953,"template":"","meta":{"_acf_changed":false,"inline_featured_image":false},"product_brand":[],"product_cat":[158,156],"product_tag":[],"class_list":{"0":"post-7510","1":"product","2":"type-product","3":"status-publish","4":"has-post-thumbnail","6":"product_cat-ats-seadmed","7":"product_cat-generaatori-tarvikud","8":"product_shipping_class-vaikepakk","9":"brand-konner-sohnen","11":"first","12":"instock","13":"taxable","14":"shipping-taxable","15":"purchasable","16":"product-type-simple"},"acf":[],"yoast_head":"<!-- This site is optimized with the Yoast SEO plugin v26.2 - https:\/\/yoast.com\/wordpress\/plugins\/seo\/ -->\n<title>Automaatne \u00fclekandel\u00fcliti KS ATS 4\/100HD - Genekas24<\/title>\n<meta name=\"robots\" content=\"index, follow, max-snippet:-1, max-image-preview:large, max-video-preview:-1\" \/>\n<link rel=\"canonical\" href=\"https:\/\/staging.genekas24.ee\/fi\/tuote\/automaattinen-vaihtokytkin-ks-ats-4-100hd\/\" \/>\n<meta property=\"og:locale\" content=\"fi_FI\" \/>\n<meta property=\"og:type\" content=\"article\" \/>\n<meta property=\"og:title\" content=\"Automaatne \u00fclekandel\u00fcliti KS ATS 4\/100HD - Genekas24\" \/>\n<meta property=\"og:description\" content=\"Tippv\u00f5imsuse n\u00f5udlus, W 18   Pinge   230\/400     V\u00f5imsus (230V), kW 23    Vool (max) 230 V, A 100    V\u00f5imsus 400V, kW 55    Vool (max) 400 V, A 100    T\u00f6\u00f6keskkond   -20 kuni 45 \u00b0\u0421; niiskus: \u2a7d50%     S\u00e4ilituskeskkond   -30\u00b0C kuni 70\u00b0C; niiskus: \u2a7d50%     IP kaitseklass IP44   Isolatsiooniklass   AC1.0KV\/1min 1mA    Neto m\u00f5\u00f5dud (PxLxK), mm   500x300x600    Netokaal, kg   22.3    EAN kood 4260405365920    Kokku pandud HRV-s.\" \/>\n<meta property=\"og:url\" content=\"https:\/\/staging.genekas24.ee\/fi\/tuote\/automaattinen-vaihtokytkin-ks-ats-4-100hd\/\" \/>\n<meta property=\"og:site_name\" content=\"Genekas24\" \/>\n<meta property=\"article:modified_time\" content=\"2025-12-02T10:06:21+00:00\" \/>\n<meta property=\"og:image\" content=\"https:\/\/staging.genekas24.ee\/wp-content\/uploads\/2022\/11\/KS_ATS_4-100HD-1-2.jpg\" \/>\n\t<meta property=\"og:image:width\" content=\"1600\" \/>\n\t<meta property=\"og:image:height\" content=\"1200\" \/>\n\t<meta property=\"og:image:type\" content=\"image\/jpeg\" \/>\n<meta name=\"twitter:card\" content=\"summary_large_image\" \/>\n<meta name=\"twitter:label1\" content=\"Arvioitu lukuaika\" \/>\n\t<meta name=\"twitter:data1\" content=\"1 minuutti\" \/>\n<script type=\"application\/ld+json\" class=\"yoast-schema-graph\">{\"@context\":\"https:\/\/schema.org\",\"@graph\":[{\"@type\":\"WebPage\",\"@id\":\"https:\/\/staging.genekas24.ee\/toode\/automaatne-ulekandeluliti-ks-ats-4-100hd\/\",\"url\":\"https:\/\/staging.genekas24.ee\/toode\/automaatne-ulekandeluliti-ks-ats-4-100hd\/\",\"name\":\"Automaatne \u00fclekandel\u00fcliti KS ATS 4\/100HD - Genekas24\",\"isPartOf\":{\"@id\":\"https:\/\/staging.genekas24.ee\/#website\"},\"primaryImageOfPage\":{\"@id\":\"https:\/\/staging.genekas24.ee\/toode\/automaatne-ulekandeluliti-ks-ats-4-100hd\/#primaryimage\"},\"image\":{\"@id\":\"https:\/\/staging.genekas24.ee\/toode\/automaatne-ulekandeluliti-ks-ats-4-100hd\/#primaryimage\"},\"thumbnailUrl\":\"https:\/\/staging.genekas24.ee\/wp-content\/uploads\/2022\/11\/KS_ATS_4-100HD-1-2.jpg\",\"datePublished\":\"2022-11-05T13:16:36+00:00\",\"dateModified\":\"2025-12-02T10:06:21+00:00\",\"breadcrumb\":{\"@id\":\"https:\/\/staging.genekas24.ee\/toode\/automaatne-ulekandeluliti-ks-ats-4-100hd\/#breadcrumb\"},\"inLanguage\":\"fi\",\"potentialAction\":[{\"@type\":\"ReadAction\",\"target\":[\"https:\/\/staging.genekas24.ee\/toode\/automaatne-ulekandeluliti-ks-ats-4-100hd\/\"]}]},{\"@type\":\"ImageObject\",\"inLanguage\":\"fi\",\"@id\":\"https:\/\/staging.genekas24.ee\/toode\/automaatne-ulekandeluliti-ks-ats-4-100hd\/#primaryimage\",\"url\":\"https:\/\/staging.genekas24.ee\/wp-content\/uploads\/2022\/11\/KS_ATS_4-100HD-1-2.jpg\",\"contentUrl\":\"https:\/\/staging.genekas24.ee\/wp-content\/uploads\/2022\/11\/KS_ATS_4-100HD-1-2.jpg\",\"width\":1600,\"height\":1200},{\"@type\":\"BreadcrumbList\",\"@id\":\"https:\/\/staging.genekas24.ee\/toode\/automaatne-ulekandeluliti-ks-ats-4-100hd\/#breadcrumb\",\"itemListElement\":[{\"@type\":\"ListItem\",\"position\":1,\"name\":\"Home\",\"item\":\"https:\/\/staging.genekas24.ee\/\"},{\"@type\":\"ListItem\",\"position\":2,\"name\":\"Pood\",\"item\":\"https:\/\/staging.genekas24.ee\/pood\/\"},{\"@type\":\"ListItem\",\"position\":3,\"name\":\"Automaatne \u00fclekandel\u00fcliti KS ATS 4\/100HD\"}]},{\"@type\":\"WebSite\",\"@id\":\"https:\/\/staging.genekas24.ee\/#website\",\"url\":\"https:\/\/staging.genekas24.ee\/\",\"name\":\"Genekas24\",\"description\":\"Generaatorid | K&ouml;nner S&ouml;hnen tooted | Genekas24\",\"publisher\":{\"@id\":\"https:\/\/staging.genekas24.ee\/#organization\"},\"potentialAction\":[{\"@type\":\"SearchAction\",\"target\":{\"@type\":\"EntryPoint\",\"urlTemplate\":\"https:\/\/staging.genekas24.ee\/?s={search_term_string}\"},\"query-input\":{\"@type\":\"PropertyValueSpecification\",\"valueRequired\":true,\"valueName\":\"search_term_string\"}}],\"inLanguage\":\"fi\"},{\"@type\":\"Organization\",\"@id\":\"https:\/\/staging.genekas24.ee\/#organization\",\"name\":\"Genekas24\",\"url\":\"https:\/\/staging.genekas24.ee\/\",\"logo\":{\"@type\":\"ImageObject\",\"inLanguage\":\"fi\",\"@id\":\"https:\/\/staging.genekas24.ee\/#\/schema\/logo\/image\/\",\"url\":\"https:\/\/staging.genekas24.ee\/wp-content\/uploads\/2026\/01\/genekas24-logo_black.svg\",\"contentUrl\":\"https:\/\/staging.genekas24.ee\/wp-content\/uploads\/2026\/01\/genekas24-logo_black.svg\",\"width\":840,\"height\":131,\"caption\":\"Genekas24\"},\"image\":{\"@id\":\"https:\/\/staging.genekas24.ee\/#\/schema\/logo\/image\/\"}}]}<\/script>\n<!-- \/ Yoast SEO plugin. -->","yoast_head_json":{"title":"Automaatne \u00fclekandel\u00fcliti KS ATS 4\/100HD - Genekas24","robots":{"index":"index","follow":"follow","max-snippet":"max-snippet:-1","max-image-preview":"max-image-preview:large","max-video-preview":"max-video-preview:-1"},"canonical":"https:\/\/staging.genekas24.ee\/fi\/tuote\/automaattinen-vaihtokytkin-ks-ats-4-100hd\/","og_locale":"fi_FI","og_type":"article","og_title":"Automaatne \u00fclekandel\u00fcliti KS ATS 4\/100HD - Genekas24","og_description":"Tippv\u00f5imsuse n\u00f5udlus, W 18   Pinge   230\/400     V\u00f5imsus (230V), kW 23    Vool (max) 230 V, A 100    V\u00f5imsus 400V, kW 55    Vool (max) 400 V, A 100    T\u00f6\u00f6keskkond   -20 kuni 45 \u00b0\u0421; niiskus: \u2a7d50%     S\u00e4ilituskeskkond   -30\u00b0C kuni 70\u00b0C; niiskus: \u2a7d50%     IP kaitseklass IP44   Isolatsiooniklass   AC1.0KV\/1min 1mA    Neto m\u00f5\u00f5dud (PxLxK), mm   500x300x600    Netokaal, kg   22.3    EAN kood 4260405365920    Kokku pandud HRV-s.","og_url":"https:\/\/staging.genekas24.ee\/fi\/tuote\/automaattinen-vaihtokytkin-ks-ats-4-100hd\/","og_site_name":"Genekas24","article_modified_time":"2025-12-02T10:06:21+00:00","og_image":[{"width":1600,"height":1200,"url":"https:\/\/staging.genekas24.ee\/wp-content\/uploads\/2022\/11\/KS_ATS_4-100HD-1-2.jpg","type":"image\/jpeg"}],"twitter_card":"summary_large_image","twitter_misc":{"Arvioitu lukuaika":"1 minuutti"},"schema":{"@context":"https:\/\/schema.org","@graph":[{"@type":"WebPage","@id":"https:\/\/staging.genekas24.ee\/toode\/automaatne-ulekandeluliti-ks-ats-4-100hd\/","url":"https:\/\/staging.genekas24.ee\/toode\/automaatne-ulekandeluliti-ks-ats-4-100hd\/","name":"Automaatne \u00fclekandel\u00fcliti KS ATS 4\/100HD - Genekas24","isPartOf":{"@id":"https:\/\/staging.genekas24.ee\/#website"},"primaryImageOfPage":{"@id":"https:\/\/staging.genekas24.ee\/toode\/automaatne-ulekandeluliti-ks-ats-4-100hd\/#primaryimage"},"image":{"@id":"https:\/\/staging.genekas24.ee\/toode\/automaatne-ulekandeluliti-ks-ats-4-100hd\/#primaryimage"},"thumbnailUrl":"https:\/\/staging.genekas24.ee\/wp-content\/uploads\/2022\/11\/KS_ATS_4-100HD-1-2.jpg","datePublished":"2022-11-05T13:16:36+00:00","dateModified":"2025-12-02T10:06:21+00:00","breadcrumb":{"@id":"https:\/\/staging.genekas24.ee\/toode\/automaatne-ulekandeluliti-ks-ats-4-100hd\/#breadcrumb"},"inLanguage":"fi","potentialAction":[{"@type":"ReadAction","target":["https:\/\/staging.genekas24.ee\/toode\/automaatne-ulekandeluliti-ks-ats-4-100hd\/"]}]},{"@type":"ImageObject","inLanguage":"fi","@id":"https:\/\/staging.genekas24.ee\/toode\/automaatne-ulekandeluliti-ks-ats-4-100hd\/#primaryimage","url":"https:\/\/staging.genekas24.ee\/wp-content\/uploads\/2022\/11\/KS_ATS_4-100HD-1-2.jpg","contentUrl":"https:\/\/staging.genekas24.ee\/wp-content\/uploads\/2022\/11\/KS_ATS_4-100HD-1-2.jpg","width":1600,"height":1200},{"@type":"BreadcrumbList","@id":"https:\/\/staging.genekas24.ee\/toode\/automaatne-ulekandeluliti-ks-ats-4-100hd\/#breadcrumb","itemListElement":[{"@type":"ListItem","position":1,"name":"Home","item":"https:\/\/staging.genekas24.ee\/"},{"@type":"ListItem","position":2,"name":"Pood","item":"https:\/\/staging.genekas24.ee\/pood\/"},{"@type":"ListItem","position":3,"name":"Automaatne \u00fclekandel\u00fcliti KS ATS 4\/100HD"}]},{"@type":"WebSite","@id":"https:\/\/staging.genekas24.ee\/#website","url":"https:\/\/staging.genekas24.ee\/","name":"Genekas24","description":"Generaatorid | K&ouml;nner S&ouml;hnen tooted | Genekas24","publisher":{"@id":"https:\/\/staging.genekas24.ee\/#organization"},"potentialAction":[{"@type":"SearchAction","target":{"@type":"EntryPoint","urlTemplate":"https:\/\/staging.genekas24.ee\/?s={search_term_string}"},"query-input":{"@type":"PropertyValueSpecification","valueRequired":true,"valueName":"search_term_string"}}],"inLanguage":"fi"},{"@type":"Organization","@id":"https:\/\/staging.genekas24.ee\/#organization","name":"Genekas24","url":"https:\/\/staging.genekas24.ee\/","logo":{"@type":"ImageObject","inLanguage":"fi","@id":"https:\/\/staging.genekas24.ee\/#\/schema\/logo\/image\/","url":"https:\/\/staging.genekas24.ee\/wp-content\/uploads\/2026\/01\/genekas24-logo_black.svg","contentUrl":"https:\/\/staging.genekas24.ee\/wp-content\/uploads\/2026\/01\/genekas24-logo_black.svg","width":840,"height":131,"caption":"Genekas24"},"image":{"@id":"https:\/\/staging.genekas24.ee\/#\/schema\/logo\/image\/"}}]}},"_links":{"self":[{"href":"https:\/\/staging.genekas24.ee\/fi\/wp-json\/wp\/v2\/product\/7510","targetHints":{"allow":["GET"]}}],"collection":[{"href":"https:\/\/staging.genekas24.ee\/fi\/wp-json\/wp\/v2\/product"}],"about":[{"href":"https:\/\/staging.genekas24.ee\/fi\/wp-json\/wp\/v2\/types\/product"}],"version-history":[{"count":5,"href":"https:\/\/staging.genekas24.ee\/fi\/wp-json\/wp\/v2\/product\/7510\/revisions"}],"predecessor-version":[{"id":20456,"href":"https:\/\/staging.genekas24.ee\/fi\/wp-json\/wp\/v2\/product\/7510\/revisions\/20456"}],"wp:featuredmedia":[{"embeddable":true,"href":"https:\/\/staging.genekas24.ee\/fi\/wp-json\/wp\/v2\/media\/12953"}],"wp:attachment":[{"href":"https:\/\/staging.genekas24.ee\/fi\/wp-json\/wp\/v2\/media?parent=7510"}],"wp:term":[{"taxonomy":"product_brand","embeddable":true,"href":"https:\/\/staging.genekas24.ee\/fi\/wp-json\/wp\/v2\/product_brand?post=7510"},{"taxonomy":"product_cat","embeddable":true,"href":"https:\/\/staging.genekas24.ee\/fi\/wp-json\/wp\/v2\/product_cat?post=7510"},{"taxonomy":"product_tag","embeddable":true,"href":"https:\/\/staging.genekas24.ee\/fi\/wp-json\/wp\/v2\/product_tag?post=7510"}],"curies":[{"name":"wp","href":"https:\/\/api.w.org\/{rel}","templated":true}]}}