{"id":5984,"date":"2022-09-29T21:09:23","date_gmt":"2022-09-29T21:09:23","guid":{"rendered":"https:\/\/staging.genekas24.ee\/?post_type=product&#038;p=5984"},"modified":"2025-12-23T10:11:13","modified_gmt":"2025-12-23T10:11:13","slug":"ks-pu1","status":"publish","type":"product","link":"https:\/\/staging.genekas24.ee\/fi\/tuote\/ks-pu1\/","title":{"rendered":"Rinnakkaislaite KS PU1"},"content":{"rendered":"<p>K\u00f6nner &amp; S\u00f6hnenin KS PU1 -generaattorin rinnakkaislaitteen avulla voit kasvattaa generaattoreiden kokonaisl\u00e4ht\u00f6tehoa yhdist\u00e4m\u00e4ll\u00e4 kaksi invertterigeneraattoria. Mink\u00e4 tahansa kahden generaattorimallin rinnakkaiskytkent\u00e4 antaa tehon, joka on yht\u00e4 suuri kuin n\u00e4iden mallien yhdistetty teho. Samalla generaattoreiden rinnakkaiskytkent\u00e4 johtaa 0,2 kW tehoh\u00e4vi\u00f6\u00f6n k\u00e4ytett\u00e4viss\u00e4 olevasta kokonaisnimellistehosta.<\/p>\n<p><strong>Se sopii kaikkiin K\u00f6nner &amp; S\u00f6hnen invertterigeneraattoreihin, jotka ovat rinnakkaisvalmiita:<\/strong><\/p>\n<ul>\n<li>KS 2000i S<\/li>\n<li>KS 2000iG S<\/li>\n<li>KS 4000iE S<\/li>\n<li>KS 4000iEG S<\/li>\n<li>KS 4100iEG<\/li>\n<li>KS 6000iE S<\/li>\n<\/ul>","protected":false},"excerpt":{"rendered":"<table>\n<tbody>\n<tr class=\"even\">\n<td width=\"60%\">\n<div class=\"col-xs-6\">Kaapeli (100 % kuparia)<\/div>\n<\/td>\n<td>\n<div class=\"attribute row\">\n<div class=\"col-xs-6\">AWG 2.08 mm2<\/div>\n<\/div>\n<\/td>\n<\/tr>\n<tr class=\"odd\">\n<td>Suurin teho, kW<\/td>\n<td>7<\/td>\n<\/tr>\n<tr class=\"even\">\n<td>Kaapelin pituus, cm<\/td>\n<td>2\u044580<\/td>\n<\/tr>\n<tr class=\"odd\">\n<td>J\u00e4nnite, V<\/td>\n<td>230<\/td>\n<\/tr>\n<tr class=\"even\">\n<td>L\u00e4hd\u00f6t<\/td>\n<td>1 x Schuko 230 V, 1 x CEE 230 V 32 A<\/td>\n<\/tr>\n<tr class=\"odd\">\n<td>Katkaisija<\/td>\n<td>+<\/td>\n<\/tr>\n<tr class=\"even\">\n<td>Nettopaino, kg<\/td>\n<td>1.36<\/td>\n<\/tr>\n<tr class=\"odd\">\n<td>Bruttopaino, kg<\/td>\n<td>1.60<\/td>\n<\/tr>\n<tr class=\"even\">\n<td>EAN-koodi<\/td>\n<td>4260405362530<\/td>\n<\/tr>\n<\/tbody>\n<\/table>\n<p>Koottu PRC.<\/p>","protected":false},"featured_media":13034,"template":"","meta":{"_acf_changed":false,"inline_featured_image":false},"product_brand":[],"product_cat":[179,156,181,28],"product_tag":[31],"class_list":{"0":"post-5984","1":"product","2":"type-product","3":"status-publish","4":"has-post-thumbnail","6":"product_cat-allahinnatud","7":"product_cat-generaatori-tarvikud","8":"product_cat-laos-olemas","9":"product_cat-kaablid","10":"product_tag-ks-pu","11":"product_shipping_class-vaikepakk","12":"brand-konner-sohnen","14":"first","15":"instock","16":"sale","17":"taxable","18":"shipping-taxable","19":"purchasable","20":"product-type-simple"},"acf":[],"yoast_head":"<!-- This site is optimized with the Yoast SEO plugin v26.2 - https:\/\/yoast.com\/wordpress\/plugins\/seo\/ -->\n<title>Paralleelseade KS PU1 - Genekas24<\/title>\n<meta name=\"robots\" content=\"index, follow, max-snippet:-1, max-image-preview:large, max-video-preview:-1\" \/>\n<link rel=\"canonical\" href=\"https:\/\/staging.genekas24.ee\/fi\/tuote\/ks-pu1\/\" \/>\n<meta property=\"og:locale\" content=\"fi_FI\" \/>\n<meta property=\"og:type\" content=\"article\" \/>\n<meta property=\"og:title\" content=\"Paralleelseade KS PU1 - Genekas24\" \/>\n<meta property=\"og:description\" content=\"Kaabel (100% vask)   AWG 2.08 mm2    Max v\u00f5imsus, kW 7   Kaabli pikkus, cm 2\u044580   Pinge, V 230   Pistikupesad 1 x Schuko 230 V, 1 x CEE 230 V 32 A   Kaitsel\u00fcliti +   Netokaal, kg 1.36   Brutokaal, kg 1.60   EAN kood 4260405362530    Kokku pandud HRV-s.\" \/>\n<meta property=\"og:url\" content=\"https:\/\/staging.genekas24.ee\/fi\/tuote\/ks-pu1\/\" \/>\n<meta property=\"og:site_name\" content=\"Genekas24\" \/>\n<meta property=\"article:modified_time\" content=\"2025-12-23T10:11:13+00:00\" \/>\n<meta property=\"og:image\" content=\"https:\/\/staging.genekas24.ee\/wp-content\/uploads\/2022\/09\/ks-pu1_03-min-1.png\" \/>\n\t<meta property=\"og:image:width\" content=\"1000\" \/>\n\t<meta property=\"og:image:height\" content=\"792\" \/>\n\t<meta property=\"og:image:type\" content=\"image\/png\" \/>\n<meta name=\"twitter:card\" content=\"summary_large_image\" \/>\n<meta name=\"twitter:label1\" content=\"Arvioitu lukuaika\" \/>\n\t<meta name=\"twitter:data1\" content=\"1 minuutti\" \/>\n<script type=\"application\/ld+json\" class=\"yoast-schema-graph\">{\"@context\":\"https:\/\/schema.org\",\"@graph\":[{\"@type\":\"WebPage\",\"@id\":\"https:\/\/staging.genekas24.ee\/toode\/ks-pu1\/\",\"url\":\"https:\/\/staging.genekas24.ee\/toode\/ks-pu1\/\",\"name\":\"Paralleelseade KS PU1 - Genekas24\",\"isPartOf\":{\"@id\":\"https:\/\/staging.genekas24.ee\/#website\"},\"primaryImageOfPage\":{\"@id\":\"https:\/\/staging.genekas24.ee\/toode\/ks-pu1\/#primaryimage\"},\"image\":{\"@id\":\"https:\/\/staging.genekas24.ee\/toode\/ks-pu1\/#primaryimage\"},\"thumbnailUrl\":\"https:\/\/staging.genekas24.ee\/wp-content\/uploads\/2022\/09\/ks-pu1_03-min-1.png\",\"datePublished\":\"2022-09-29T21:09:23+00:00\",\"dateModified\":\"2025-12-23T10:11:13+00:00\",\"breadcrumb\":{\"@id\":\"https:\/\/staging.genekas24.ee\/toode\/ks-pu1\/#breadcrumb\"},\"inLanguage\":\"fi\",\"potentialAction\":[{\"@type\":\"ReadAction\",\"target\":[\"https:\/\/staging.genekas24.ee\/toode\/ks-pu1\/\"]}]},{\"@type\":\"ImageObject\",\"inLanguage\":\"fi\",\"@id\":\"https:\/\/staging.genekas24.ee\/toode\/ks-pu1\/#primaryimage\",\"url\":\"https:\/\/staging.genekas24.ee\/wp-content\/uploads\/2022\/09\/ks-pu1_03-min-1.png\",\"contentUrl\":\"https:\/\/staging.genekas24.ee\/wp-content\/uploads\/2022\/09\/ks-pu1_03-min-1.png\",\"width\":1000,\"height\":792},{\"@type\":\"BreadcrumbList\",\"@id\":\"https:\/\/staging.genekas24.ee\/toode\/ks-pu1\/#breadcrumb\",\"itemListElement\":[{\"@type\":\"ListItem\",\"position\":1,\"name\":\"Home\",\"item\":\"https:\/\/staging.genekas24.ee\/\"},{\"@type\":\"ListItem\",\"position\":2,\"name\":\"Pood\",\"item\":\"https:\/\/staging.genekas24.ee\/pood\/\"},{\"@type\":\"ListItem\",\"position\":3,\"name\":\"Paralleelseade KS PU1\"}]},{\"@type\":\"WebSite\",\"@id\":\"https:\/\/staging.genekas24.ee\/#website\",\"url\":\"https:\/\/staging.genekas24.ee\/\",\"name\":\"Genekas24\",\"description\":\"Generaatorid | K&ouml;nner S&ouml;hnen tooted | Genekas24\",\"publisher\":{\"@id\":\"https:\/\/staging.genekas24.ee\/#organization\"},\"potentialAction\":[{\"@type\":\"SearchAction\",\"target\":{\"@type\":\"EntryPoint\",\"urlTemplate\":\"https:\/\/staging.genekas24.ee\/?s={search_term_string}\"},\"query-input\":{\"@type\":\"PropertyValueSpecification\",\"valueRequired\":true,\"valueName\":\"search_term_string\"}}],\"inLanguage\":\"fi\"},{\"@type\":\"Organization\",\"@id\":\"https:\/\/staging.genekas24.ee\/#organization\",\"name\":\"Genekas24\",\"url\":\"https:\/\/staging.genekas24.ee\/\",\"logo\":{\"@type\":\"ImageObject\",\"inLanguage\":\"fi\",\"@id\":\"https:\/\/staging.genekas24.ee\/#\/schema\/logo\/image\/\",\"url\":\"https:\/\/staging.genekas24.ee\/wp-content\/uploads\/2026\/01\/genekas24-logo_black.svg\",\"contentUrl\":\"https:\/\/staging.genekas24.ee\/wp-content\/uploads\/2026\/01\/genekas24-logo_black.svg\",\"width\":840,\"height\":131,\"caption\":\"Genekas24\"},\"image\":{\"@id\":\"https:\/\/staging.genekas24.ee\/#\/schema\/logo\/image\/\"}}]}<\/script>\n<!-- \/ Yoast SEO plugin. -->","yoast_head_json":{"title":"Rinnakkaislaite KS PU1- Genekas24","robots":{"index":"index","follow":"follow","max-snippet":"max-snippet:-1","max-image-preview":"max-image-preview:large","max-video-preview":"max-video-preview:-1"},"canonical":"https:\/\/staging.genekas24.ee\/fi\/tuote\/ks-pu1\/","og_locale":"fi_FI","og_type":"article","og_title":"Paralleelseade KS PU1 - Genekas24","og_description":"Kaabel (100% vask)   AWG 2.08 mm2    Max v\u00f5imsus, kW 7   Kaabli pikkus, cm 2\u044580   Pinge, V 230   Pistikupesad 1 x Schuko 230 V, 1 x CEE 230 V 32 A   Kaitsel\u00fcliti +   Netokaal, kg 1.36   Brutokaal, kg 1.60   EAN kood 4260405362530    Kokku pandud HRV-s.","og_url":"https:\/\/staging.genekas24.ee\/fi\/tuote\/ks-pu1\/","og_site_name":"Genekas24","article_modified_time":"2025-12-23T10:11:13+00:00","og_image":[{"width":1000,"height":792,"url":"https:\/\/staging.genekas24.ee\/wp-content\/uploads\/2022\/09\/ks-pu1_03-min-1.png","type":"image\/png"}],"twitter_card":"summary_large_image","twitter_misc":{"Arvioitu lukuaika":"1 minuutti"},"schema":{"@context":"https:\/\/schema.org","@graph":[{"@type":"WebPage","@id":"https:\/\/staging.genekas24.ee\/toode\/ks-pu1\/","url":"https:\/\/staging.genekas24.ee\/toode\/ks-pu1\/","name":"Rinnakkaislaite KS PU1- Genekas24","isPartOf":{"@id":"https:\/\/staging.genekas24.ee\/#website"},"primaryImageOfPage":{"@id":"https:\/\/staging.genekas24.ee\/toode\/ks-pu1\/#primaryimage"},"image":{"@id":"https:\/\/staging.genekas24.ee\/toode\/ks-pu1\/#primaryimage"},"thumbnailUrl":"https:\/\/staging.genekas24.ee\/wp-content\/uploads\/2022\/09\/ks-pu1_03-min-1.png","datePublished":"2022-09-29T21:09:23+00:00","dateModified":"2025-12-23T10:11:13+00:00","breadcrumb":{"@id":"https:\/\/staging.genekas24.ee\/toode\/ks-pu1\/#breadcrumb"},"inLanguage":"fi","potentialAction":[{"@type":"ReadAction","target":["https:\/\/staging.genekas24.ee\/toode\/ks-pu1\/"]}]},{"@type":"ImageObject","inLanguage":"fi","@id":"https:\/\/staging.genekas24.ee\/toode\/ks-pu1\/#primaryimage","url":"https:\/\/staging.genekas24.ee\/wp-content\/uploads\/2022\/09\/ks-pu1_03-min-1.png","contentUrl":"https:\/\/staging.genekas24.ee\/wp-content\/uploads\/2022\/09\/ks-pu1_03-min-1.png","width":1000,"height":792},{"@type":"BreadcrumbList","@id":"https:\/\/staging.genekas24.ee\/toode\/ks-pu1\/#breadcrumb","itemListElement":[{"@type":"ListItem","position":1,"name":"Home","item":"https:\/\/staging.genekas24.ee\/"},{"@type":"ListItem","position":2,"name":"Pood","item":"https:\/\/staging.genekas24.ee\/pood\/"},{"@type":"ListItem","position":3,"name":"Paralleelseade KS PU1"}]},{"@type":"WebSite","@id":"https:\/\/staging.genekas24.ee\/#website","url":"https:\/\/staging.genekas24.ee\/","name":"Genekas24","description":"Generaatorid | K&ouml;nner S&ouml;hnen tooted | Genekas24","publisher":{"@id":"https:\/\/staging.genekas24.ee\/#organization"},"potentialAction":[{"@type":"SearchAction","target":{"@type":"EntryPoint","urlTemplate":"https:\/\/staging.genekas24.ee\/?s={search_term_string}"},"query-input":{"@type":"PropertyValueSpecification","valueRequired":true,"valueName":"search_term_string"}}],"inLanguage":"fi"},{"@type":"Organization","@id":"https:\/\/staging.genekas24.ee\/#organization","name":"Genekas24","url":"https:\/\/staging.genekas24.ee\/","logo":{"@type":"ImageObject","inLanguage":"fi","@id":"https:\/\/staging.genekas24.ee\/#\/schema\/logo\/image\/","url":"https:\/\/staging.genekas24.ee\/wp-content\/uploads\/2026\/01\/genekas24-logo_black.svg","contentUrl":"https:\/\/staging.genekas24.ee\/wp-content\/uploads\/2026\/01\/genekas24-logo_black.svg","width":840,"height":131,"caption":"Genekas24"},"image":{"@id":"https:\/\/staging.genekas24.ee\/#\/schema\/logo\/image\/"}}]}},"_links":{"self":[{"href":"https:\/\/staging.genekas24.ee\/fi\/wp-json\/wp\/v2\/product\/5984","targetHints":{"allow":["GET"]}}],"collection":[{"href":"https:\/\/staging.genekas24.ee\/fi\/wp-json\/wp\/v2\/product"}],"about":[{"href":"https:\/\/staging.genekas24.ee\/fi\/wp-json\/wp\/v2\/types\/product"}],"version-history":[{"count":5,"href":"https:\/\/staging.genekas24.ee\/fi\/wp-json\/wp\/v2\/product\/5984\/revisions"}],"predecessor-version":[{"id":15335,"href":"https:\/\/staging.genekas24.ee\/fi\/wp-json\/wp\/v2\/product\/5984\/revisions\/15335"}],"wp:featuredmedia":[{"embeddable":true,"href":"https:\/\/staging.genekas24.ee\/fi\/wp-json\/wp\/v2\/media\/13034"}],"wp:attachment":[{"href":"https:\/\/staging.genekas24.ee\/fi\/wp-json\/wp\/v2\/media?parent=5984"}],"wp:term":[{"taxonomy":"product_brand","embeddable":true,"href":"https:\/\/staging.genekas24.ee\/fi\/wp-json\/wp\/v2\/product_brand?post=5984"},{"taxonomy":"product_cat","embeddable":true,"href":"https:\/\/staging.genekas24.ee\/fi\/wp-json\/wp\/v2\/product_cat?post=5984"},{"taxonomy":"product_tag","embeddable":true,"href":"https:\/\/staging.genekas24.ee\/fi\/wp-json\/wp\/v2\/product_tag?post=5984"}],"curies":[{"name":"wp","href":"https:\/\/api.w.org\/{rel}","templated":true}]}}