{"id":5905,"date":"2022-09-29T19:54:55","date_gmt":"2022-09-29T19:54:55","guid":{"rendered":"https:\/\/staging.genekas24.ee\/?post_type=product&#038;p=5905"},"modified":"2025-12-10T09:33:46","modified_gmt":"2025-12-10T09:33:46","slug":"ats-seade-ks-ats-4-25-bensiin","status":"publish","type":"product","link":"https:\/\/staging.genekas24.ee\/fi\/tuote\/automaattinen-vaihtokytkin-ks-ats-4-25-bensiini\/","title":{"rendered":"ATS-laite KS ATS 4\/25 Bensiini"},"content":{"rendered":"<p>Saksalaisen \u201dK\u00f6nner &amp; S\u00f6hnen\u201d -merkin KS ATS 4\/25 bensiini ATS (automaattinen vaihtokytkin) -yksikk\u00f6 k\u00e4ynnist\u00e4\u00e4 generaattorin automaattisesti ja siirt\u00e4\u00e4 kuormituksen sille, kun verkkovirta sammuu, ja sammuttaa generaattorin automaattisesti, kun verkkovirta palautuu. Se on yhteensopiva sellaisten bensiinik\u00e4ytt\u00f6isten invertterigeneraattorien kanssa, jotka on varustettu 8-nastaisella liittimell\u00e4 automaattinen vaihtokytkin -yksikk\u00f6\u00e4 varten (ATS-tulo).<\/p>\n<p>ATS-yksik\u00f6ss\u00e4 on PLC, jolla voidaan ohjelmoida moottorin k\u00e4ynnistysaika s\u00e4hk\u00f6katkoksen j\u00e4lkeen, moottorin l\u00e4mpenemisaika ennen virtaa kuluttavien laitteiden liitt\u00e4mist\u00e4 sek\u00e4 virheiden merkinanto. Siin\u00e4 on generaattorin h\u00e4t\u00e4pys\u00e4ytyspainike. ATS-yksikk\u00f6\u00e4 voi k\u00e4ytt\u00e4\u00e4 sek\u00e4 automaatti- ett\u00e4 manuaalitilassa.<\/p>\n<p><strong>ATS-YKSIK\u00d6N OHJELMOITAVA LOGIIKKAOHJAIN:<\/strong><\/p>\n<ul>\n<li>Automaatti-\/manuaalik\u00e4ytt\u00f6<\/li>\n<li>Ohjelmointi: moottorin k\u00e4ynnistysaika s\u00e4hk\u00f6katkoksen j\u00e4lkeen<\/li>\n<li>Ohjelmointi: moottorin l\u00e4mpenemisaika ennen virtaa kuluttavaan laitteeseen liitt\u00e4mist\u00e4<\/li>\n<li>Starttimoottorin k\u00e4ytt\u00f6ajan asetus<\/li>\n<li>Moottorin suorituskyvyn seuranta<\/li>\n<li>Akun lataaminen, kun generaattori on sammutettuna<\/li>\n<\/ul>\n<p>&nbsp;<\/p>\n<p>KS ATS 4\/25 bensiini ATS -yksikk\u00f6 on yhteensopiva integroidulla 8-nastaisella ATS-liittimell\u00e4 varustetun bensiinik\u00e4ytt\u00f6isen K\u00f6nner &amp; S\u00f6hnen -invertterigeneraattorin KS 8100iE ATSR kanssa.<\/p>","protected":false},"excerpt":{"rendered":"<table>\n<tbody>\n<tr class=\"even\">\n<td width=\"60%\">Huipputehon tarve, W<\/td>\n<td>valmiustilassa: 0,36 W, k\u00e4ytt\u00f6tilassa: 1,2 W<\/td>\n<\/tr>\n<tr class=\"even\">\n<td width=\"60%\">J\u00e4nnite<\/td>\n<td>230V\/ 400V<\/td>\n<\/tr>\n<tr class=\"odd\">\n<td>Teho (230 V), kW<\/td>\n<td>5.75 (11.5)<\/td>\n<\/tr>\n<tr class=\"even\">\n<td>Virta (enint.) 230 V, A<\/td>\n<td>25(50)<\/td>\n<\/tr>\n<tr class=\"odd\">\n<td>Teho 400 V, kW<\/td>\n<td>13<\/td>\n<\/tr>\n<tr class=\"odd\">\n<td>Virta (enint.) 400 V, A<\/td>\n<td>25<\/td>\n<\/tr>\n<tr class=\"odd\">\n<td>\n<div class=\"col-xs-6\">Ty\u00f6ymp\u00e4rist\u00f6<\/div>\n<\/td>\n<td>\n<div class=\"attribute row\">\n<div class=\"col-xs-6\">-10 \u00b0C \u2013 +55 \u00b0C; kosteus: \u2a7d60 %<\/div>\n<\/div>\n<\/td>\n<\/tr>\n<tr class=\"odd\">\n<td>Varastointiymp\u00e4rist\u00f6<\/td>\n<td>-10 \u00b0C \u2013 +70 \u00b0C; kosteus: \u2a7d60 %<\/td>\n<\/tr>\n<tr class=\"odd\">\n<td>IP-kotelointiluokka<\/td>\n<td>IP41<\/td>\n<\/tr>\n<tr class=\"odd\">\n<td>Eristysluokka<\/td>\n<td>AC1.0KV \/ 1min 1mA<\/td>\n<\/tr>\n<tr class=\"odd\">\n<td>Akun enimm\u00e4islatausvirta sis\u00e4\u00e4nrakennetusta virtal\u00e4hteest\u00e4, A<\/td>\n<td>2<\/td>\n<\/tr>\n<tr class=\"odd\">\n<td>Ohjauskaapelin pituus<\/td>\n<td>5m<\/td>\n<\/tr>\n<tr>\n<td>Sis\u00e4mitat (PxLxK), mm<\/td>\n<td>250 \u0445 140 \u0445 320<\/td>\n<\/tr>\n<tr>\n<td>Bruttomitat (P x L x K), mm<\/td>\n<td>325 \u0445 200 \u0445 405<\/td>\n<\/tr>\n<tr>\n<td>Nettopaino, kg<\/td>\n<td>6.0<\/td>\n<\/tr>\n<tr>\n<td>Bruttopaino, kg<\/td>\n<td>6.5<\/td>\n<\/tr>\n<tr class=\"even\">\n<td>EAN-koodi<\/td>\n<td>4260405364787<\/td>\n<\/tr>\n<\/tbody>\n<\/table>\n<p>&nbsp;<\/p>\n<p>Koottu PRC.<\/p>","protected":false},"featured_media":13037,"template":"","meta":{"_acf_changed":false,"inline_featured_image":false},"product_brand":[],"product_cat":[158,156,181],"product_tag":[],"class_list":{"0":"post-5905","1":"product","2":"type-product","3":"status-publish","4":"has-post-thumbnail","6":"product_cat-ats-seadmed","7":"product_cat-generaatori-tarvikud","8":"product_cat-laos-olemas","9":"product_shipping_class-vaikepakk","10":"brand-konner-sohnen","12":"first","13":"instock","14":"taxable","15":"shipping-taxable","16":"purchasable","17":"product-type-simple"},"acf":[],"yoast_head":"<!-- This site is optimized with the Yoast SEO plugin v26.2 - https:\/\/yoast.com\/wordpress\/plugins\/seo\/ -->\n<title>ATS-seade KS ATS 4\/25 Bensiin - Genekas24<\/title>\n<meta name=\"robots\" content=\"index, follow, max-snippet:-1, max-image-preview:large, max-video-preview:-1\" \/>\n<link rel=\"canonical\" href=\"https:\/\/staging.genekas24.ee\/fi\/tuote\/automaattinen-vaihtokytkin-ks-ats-4-25-bensiini\/\" \/>\n<meta property=\"og:locale\" content=\"fi_FI\" \/>\n<meta property=\"og:type\" content=\"article\" \/>\n<meta property=\"og:title\" content=\"ATS-seade KS ATS 4\/25 Bensiin - Genekas24\" \/>\n<meta property=\"og:description\" content=\"Tippv\u00f5imsuse n\u00f5udlus, W ootere\u017eiimis: 0,36 W, t\u00f6\u00f6re\u017eiimis: 1,2 W   Pinge 230V\/ 400V   V\u00f5imsus 230V, kW 5.75 (11.5)   V\u00f5imsus (max) 230 V, A 25(50)   V\u00f5imsus 400V, kW 13   Vool (max) 400 V, A 25    T\u00f6\u00f6keskkond   from -10\u00b0C to 55\u00b0C; humidity: \u2a7d60%    S\u00e4ilituskeskkond from -10\u00b0C to 70\u00b0C; humidity: \u2a7d60%   IP kaitse klass IP41   Isolatsiooniklass AC1.0KV \/ 1min 1mA   Maksimaalne aku laadimisvool sisseehitatud toiteallikast, A 2   Juhtkaabli pikkus 5m   Neto m\u00f5\u00f5dud (PxLxK), mm 250 \u0445 140 \u0445 320   Bruto m\u00f5\u00f5dud (PxLxK), mm 325 \u0445 200 \u0445 405   Netokaal, kg 6.0   Brutokaal, kg 6.5   EAN kood 4260405364787    &nbsp;  Kokku pandud HRV-s.\" \/>\n<meta property=\"og:url\" content=\"https:\/\/staging.genekas24.ee\/fi\/tuote\/automaattinen-vaihtokytkin-ks-ats-4-25-bensiini\/\" \/>\n<meta property=\"og:site_name\" content=\"Genekas24\" \/>\n<meta property=\"article:modified_time\" content=\"2025-12-10T09:33:46+00:00\" \/>\n<meta property=\"og:image\" content=\"https:\/\/staging.genekas24.ee\/wp-content\/uploads\/2022\/09\/KS_ATS_4-25_GAS_01-1-1.jpg\" \/>\n\t<meta property=\"og:image:width\" content=\"1512\" \/>\n\t<meta property=\"og:image:height\" content=\"1200\" \/>\n\t<meta property=\"og:image:type\" content=\"image\/jpeg\" \/>\n<meta name=\"twitter:card\" content=\"summary_large_image\" \/>\n<meta name=\"twitter:label1\" content=\"Arvioitu lukuaika\" \/>\n\t<meta name=\"twitter:data1\" content=\"1 minuutti\" \/>\n<script type=\"application\/ld+json\" class=\"yoast-schema-graph\">{\"@context\":\"https:\/\/schema.org\",\"@graph\":[{\"@type\":\"WebPage\",\"@id\":\"https:\/\/staging.genekas24.ee\/toode\/ats-seade-ks-ats-4-25-bensiin\/\",\"url\":\"https:\/\/staging.genekas24.ee\/toode\/ats-seade-ks-ats-4-25-bensiin\/\",\"name\":\"ATS-seade KS ATS 4\/25 Bensiin - Genekas24\",\"isPartOf\":{\"@id\":\"https:\/\/staging.genekas24.ee\/#website\"},\"primaryImageOfPage\":{\"@id\":\"https:\/\/staging.genekas24.ee\/toode\/ats-seade-ks-ats-4-25-bensiin\/#primaryimage\"},\"image\":{\"@id\":\"https:\/\/staging.genekas24.ee\/toode\/ats-seade-ks-ats-4-25-bensiin\/#primaryimage\"},\"thumbnailUrl\":\"https:\/\/staging.genekas24.ee\/wp-content\/uploads\/2022\/09\/KS_ATS_4-25_GAS_01-1-1.jpg\",\"datePublished\":\"2022-09-29T19:54:55+00:00\",\"dateModified\":\"2025-12-10T09:33:46+00:00\",\"breadcrumb\":{\"@id\":\"https:\/\/staging.genekas24.ee\/toode\/ats-seade-ks-ats-4-25-bensiin\/#breadcrumb\"},\"inLanguage\":\"fi\",\"potentialAction\":[{\"@type\":\"ReadAction\",\"target\":[\"https:\/\/staging.genekas24.ee\/toode\/ats-seade-ks-ats-4-25-bensiin\/\"]}]},{\"@type\":\"ImageObject\",\"inLanguage\":\"fi\",\"@id\":\"https:\/\/staging.genekas24.ee\/toode\/ats-seade-ks-ats-4-25-bensiin\/#primaryimage\",\"url\":\"https:\/\/staging.genekas24.ee\/wp-content\/uploads\/2022\/09\/KS_ATS_4-25_GAS_01-1-1.jpg\",\"contentUrl\":\"https:\/\/staging.genekas24.ee\/wp-content\/uploads\/2022\/09\/KS_ATS_4-25_GAS_01-1-1.jpg\",\"width\":1512,\"height\":1200},{\"@type\":\"BreadcrumbList\",\"@id\":\"https:\/\/staging.genekas24.ee\/toode\/ats-seade-ks-ats-4-25-bensiin\/#breadcrumb\",\"itemListElement\":[{\"@type\":\"ListItem\",\"position\":1,\"name\":\"Home\",\"item\":\"https:\/\/staging.genekas24.ee\/\"},{\"@type\":\"ListItem\",\"position\":2,\"name\":\"Pood\",\"item\":\"https:\/\/staging.genekas24.ee\/pood\/\"},{\"@type\":\"ListItem\",\"position\":3,\"name\":\"ATS-seade KS ATS 4\/25 Bensiin\"}]},{\"@type\":\"WebSite\",\"@id\":\"https:\/\/staging.genekas24.ee\/#website\",\"url\":\"https:\/\/staging.genekas24.ee\/\",\"name\":\"Genekas24\",\"description\":\"Generaatorid | K&ouml;nner S&ouml;hnen tooted | Genekas24\",\"publisher\":{\"@id\":\"https:\/\/staging.genekas24.ee\/#organization\"},\"potentialAction\":[{\"@type\":\"SearchAction\",\"target\":{\"@type\":\"EntryPoint\",\"urlTemplate\":\"https:\/\/staging.genekas24.ee\/?s={search_term_string}\"},\"query-input\":{\"@type\":\"PropertyValueSpecification\",\"valueRequired\":true,\"valueName\":\"search_term_string\"}}],\"inLanguage\":\"fi\"},{\"@type\":\"Organization\",\"@id\":\"https:\/\/staging.genekas24.ee\/#organization\",\"name\":\"Genekas24\",\"url\":\"https:\/\/staging.genekas24.ee\/\",\"logo\":{\"@type\":\"ImageObject\",\"inLanguage\":\"fi\",\"@id\":\"https:\/\/staging.genekas24.ee\/#\/schema\/logo\/image\/\",\"url\":\"https:\/\/staging.genekas24.ee\/wp-content\/uploads\/2026\/01\/genekas24-logo_black.svg\",\"contentUrl\":\"https:\/\/staging.genekas24.ee\/wp-content\/uploads\/2026\/01\/genekas24-logo_black.svg\",\"width\":840,\"height\":131,\"caption\":\"Genekas24\"},\"image\":{\"@id\":\"https:\/\/staging.genekas24.ee\/#\/schema\/logo\/image\/\"}}]}<\/script>\n<!-- \/ Yoast SEO plugin. -->","yoast_head_json":{"title":"ATS-seade KS ATS 4\/25 Bensiin - Genekas24","robots":{"index":"index","follow":"follow","max-snippet":"max-snippet:-1","max-image-preview":"max-image-preview:large","max-video-preview":"max-video-preview:-1"},"canonical":"https:\/\/staging.genekas24.ee\/fi\/tuote\/automaattinen-vaihtokytkin-ks-ats-4-25-bensiini\/","og_locale":"fi_FI","og_type":"article","og_title":"ATS-seade KS ATS 4\/25 Bensiin - Genekas24","og_description":"Tippv\u00f5imsuse n\u00f5udlus, W ootere\u017eiimis: 0,36 W, t\u00f6\u00f6re\u017eiimis: 1,2 W   Pinge 230V\/ 400V   V\u00f5imsus 230V, kW 5.75 (11.5)   V\u00f5imsus (max) 230 V, A 25(50)   V\u00f5imsus 400V, kW 13   Vool (max) 400 V, A 25    T\u00f6\u00f6keskkond   from -10\u00b0C to 55\u00b0C; humidity: \u2a7d60%    S\u00e4ilituskeskkond from -10\u00b0C to 70\u00b0C; humidity: \u2a7d60%   IP kaitse klass IP41   Isolatsiooniklass AC1.0KV \/ 1min 1mA   Maksimaalne aku laadimisvool sisseehitatud toiteallikast, A 2   Juhtkaabli pikkus 5m   Neto m\u00f5\u00f5dud (PxLxK), mm 250 \u0445 140 \u0445 320   Bruto m\u00f5\u00f5dud (PxLxK), mm 325 \u0445 200 \u0445 405   Netokaal, kg 6.0   Brutokaal, kg 6.5   EAN kood 4260405364787    &nbsp;  Kokku pandud HRV-s.","og_url":"https:\/\/staging.genekas24.ee\/fi\/tuote\/automaattinen-vaihtokytkin-ks-ats-4-25-bensiini\/","og_site_name":"Genekas24","article_modified_time":"2025-12-10T09:33:46+00:00","og_image":[{"width":1512,"height":1200,"url":"https:\/\/staging.genekas24.ee\/wp-content\/uploads\/2022\/09\/KS_ATS_4-25_GAS_01-1-1.jpg","type":"image\/jpeg"}],"twitter_card":"summary_large_image","twitter_misc":{"Arvioitu lukuaika":"1 minuutti"},"schema":{"@context":"https:\/\/schema.org","@graph":[{"@type":"WebPage","@id":"https:\/\/staging.genekas24.ee\/toode\/ats-seade-ks-ats-4-25-bensiin\/","url":"https:\/\/staging.genekas24.ee\/toode\/ats-seade-ks-ats-4-25-bensiin\/","name":"ATS-seade KS ATS 4\/25 Bensiin - Genekas24","isPartOf":{"@id":"https:\/\/staging.genekas24.ee\/#website"},"primaryImageOfPage":{"@id":"https:\/\/staging.genekas24.ee\/toode\/ats-seade-ks-ats-4-25-bensiin\/#primaryimage"},"image":{"@id":"https:\/\/staging.genekas24.ee\/toode\/ats-seade-ks-ats-4-25-bensiin\/#primaryimage"},"thumbnailUrl":"https:\/\/staging.genekas24.ee\/wp-content\/uploads\/2022\/09\/KS_ATS_4-25_GAS_01-1-1.jpg","datePublished":"2022-09-29T19:54:55+00:00","dateModified":"2025-12-10T09:33:46+00:00","breadcrumb":{"@id":"https:\/\/staging.genekas24.ee\/toode\/ats-seade-ks-ats-4-25-bensiin\/#breadcrumb"},"inLanguage":"fi","potentialAction":[{"@type":"ReadAction","target":["https:\/\/staging.genekas24.ee\/toode\/ats-seade-ks-ats-4-25-bensiin\/"]}]},{"@type":"ImageObject","inLanguage":"fi","@id":"https:\/\/staging.genekas24.ee\/toode\/ats-seade-ks-ats-4-25-bensiin\/#primaryimage","url":"https:\/\/staging.genekas24.ee\/wp-content\/uploads\/2022\/09\/KS_ATS_4-25_GAS_01-1-1.jpg","contentUrl":"https:\/\/staging.genekas24.ee\/wp-content\/uploads\/2022\/09\/KS_ATS_4-25_GAS_01-1-1.jpg","width":1512,"height":1200},{"@type":"BreadcrumbList","@id":"https:\/\/staging.genekas24.ee\/toode\/ats-seade-ks-ats-4-25-bensiin\/#breadcrumb","itemListElement":[{"@type":"ListItem","position":1,"name":"Home","item":"https:\/\/staging.genekas24.ee\/"},{"@type":"ListItem","position":2,"name":"Pood","item":"https:\/\/staging.genekas24.ee\/pood\/"},{"@type":"ListItem","position":3,"name":"ATS-seade KS ATS 4\/25 Bensiin"}]},{"@type":"WebSite","@id":"https:\/\/staging.genekas24.ee\/#website","url":"https:\/\/staging.genekas24.ee\/","name":"Genekas24","description":"Generaatorid | K&ouml;nner S&ouml;hnen tooted | Genekas24","publisher":{"@id":"https:\/\/staging.genekas24.ee\/#organization"},"potentialAction":[{"@type":"SearchAction","target":{"@type":"EntryPoint","urlTemplate":"https:\/\/staging.genekas24.ee\/?s={search_term_string}"},"query-input":{"@type":"PropertyValueSpecification","valueRequired":true,"valueName":"search_term_string"}}],"inLanguage":"fi"},{"@type":"Organization","@id":"https:\/\/staging.genekas24.ee\/#organization","name":"Genekas24","url":"https:\/\/staging.genekas24.ee\/","logo":{"@type":"ImageObject","inLanguage":"fi","@id":"https:\/\/staging.genekas24.ee\/#\/schema\/logo\/image\/","url":"https:\/\/staging.genekas24.ee\/wp-content\/uploads\/2026\/01\/genekas24-logo_black.svg","contentUrl":"https:\/\/staging.genekas24.ee\/wp-content\/uploads\/2026\/01\/genekas24-logo_black.svg","width":840,"height":131,"caption":"Genekas24"},"image":{"@id":"https:\/\/staging.genekas24.ee\/#\/schema\/logo\/image\/"}}]}},"_links":{"self":[{"href":"https:\/\/staging.genekas24.ee\/fi\/wp-json\/wp\/v2\/product\/5905","targetHints":{"allow":["GET"]}}],"collection":[{"href":"https:\/\/staging.genekas24.ee\/fi\/wp-json\/wp\/v2\/product"}],"about":[{"href":"https:\/\/staging.genekas24.ee\/fi\/wp-json\/wp\/v2\/types\/product"}],"version-history":[{"count":7,"href":"https:\/\/staging.genekas24.ee\/fi\/wp-json\/wp\/v2\/product\/5905\/revisions"}],"predecessor-version":[{"id":21245,"href":"https:\/\/staging.genekas24.ee\/fi\/wp-json\/wp\/v2\/product\/5905\/revisions\/21245"}],"wp:featuredmedia":[{"embeddable":true,"href":"https:\/\/staging.genekas24.ee\/fi\/wp-json\/wp\/v2\/media\/13037"}],"wp:attachment":[{"href":"https:\/\/staging.genekas24.ee\/fi\/wp-json\/wp\/v2\/media?parent=5905"}],"wp:term":[{"taxonomy":"product_brand","embeddable":true,"href":"https:\/\/staging.genekas24.ee\/fi\/wp-json\/wp\/v2\/product_brand?post=5905"},{"taxonomy":"product_cat","embeddable":true,"href":"https:\/\/staging.genekas24.ee\/fi\/wp-json\/wp\/v2\/product_cat?post=5905"},{"taxonomy":"product_tag","embeddable":true,"href":"https:\/\/staging.genekas24.ee\/fi\/wp-json\/wp\/v2\/product_tag?post=5905"}],"curies":[{"name":"wp","href":"https:\/\/api.w.org\/{rel}","templated":true}]}}