{"id":4843,"date":"2022-06-24T18:18:13","date_gmt":"2022-06-24T18:18:13","guid":{"rendered":"https:\/\/staging.genekas24.ee\/?post_type=product&#038;p=4843"},"modified":"2026-01-08T12:48:02","modified_gmt":"2026-01-08T12:48:02","slug":"diiselgeneraator-ks-9300de-1-3-atsr-euro-v","status":"publish","type":"product","link":"https:\/\/staging.genekas24.ee\/fi\/tuote\/dieselgeneraattori-ks-9300de-1-3-atsr-euro-v\/","title":{"rendered":"Dieselgeneraattori KS 9300DE-1\/3 ATSR (EURO V)"},"content":{"rendered":"<p>Saksalaisen \u201dK\u00f6nner &amp; S\u00f6hnen\u201d -tavaramerkin HEAVY DUTY -sarjan KS 9300DE-1\/3 ATSR -dieselgeneraattori on erinomainen valinta varavirtal\u00e4hteeksi. Ilkivallalta suojatulla kotelolla varustettu malli on ihanteellinen valinta pieniin kauppoihin, kahviloihin ja ravintoloihin. Se on erityisen suosittu kotitalousk\u00e4ytt\u00e4jien keskuudessa paikoissa, joissa varavirtal\u00e4hde on pakollinen toistuvien s\u00e4hk\u00f6katkosten vuoksi.<\/p>\n<table>\n<tbody>\n<tr class=\"even\">\n<td><img fetchpriority=\"high\" decoding=\"async\" class=\"alignnone wp-image-4618 size-medium\" src=\"https:\/\/staging.genekas24.ee\/wp-content\/uploads\/2022\/12\/ks-9300de-atsr_macro_engine.jpg\" alt=\"\" width=\"300\" height=\"300\" \/><\/td>\n<td><strong>MERKKIMOOTTORIT<\/strong><\/p>\n<p>Sek\u00e4 diesel- ett\u00e4 bensiinigeneraattorien moottorit valmistetaan DIMAX Int. GmbH:n lisenssill\u00e4. Niihin on merkitty niiden oma merkki ja logo. Kaikissa malleissa moottorin tehoreservi suhteessa vaihtovirtageneraattoriin sallii tuottaa ilmoitetun j\u00e4nnitteen ja yll\u00e4pit\u00e4\u00e4 sen vakautta koko j\u00e4nnitealueella. Kaikki moottorit on testattu pitk\u00e4aikaisessa jatkuvassa k\u00e4yt\u00f6ss\u00e4, mink\u00e4 j\u00e4lkeen ne on purettu ja tarkastettu vikojen varalta. Kullakin moottorilla ja generaattorilla on yksil\u00f6llinen sarjanumero, jonka avulla voimme valvoa tuotannon ja huollon laatua. Moottorit t\u00e4ytt\u00e4v\u00e4t kaikkien eurooppalaisten laatustandardien vaatimukset, mukaan lukien nykyaikainen EURO-V-ymp\u00e4rist\u00f6standardi.<\/td>\n<\/tr>\n<tr class=\"odd\">\n<td><img decoding=\"async\" class=\"alignnone wp-image-2724 size-medium\" src=\"https:\/\/staging.genekas24.ee\/wp-content\/uploads\/2022\/01\/VTS-SYSTEM-300x300.jpg\" alt=\"\" width=\"300\" height=\"300\" \/><\/td>\n<td><strong>VTS-J\u00c4RJESTELM\u00c4<\/strong><\/p>\n<p>Ainutlaatuisen VTS-vaihekytkent\u00e4j\u00e4rjestelm\u00e4n ansiosta generaattoria voi k\u00e4ytt\u00e4\u00e4 sek\u00e4 yksivaihetilassa (230 V) ett\u00e4 kolmivaihetilassa (400 V) l\u00e4hes ilman tehoh\u00e4vi\u00f6t\u00e4.<\/td>\n<\/tr>\n<tr class=\"odd\">\n<td><img decoding=\"async\" class=\"alignnone wp-image-2730 size-medium\" src=\"https:\/\/staging.genekas24.ee\/wp-content\/uploads\/2022\/01\/Automatic-transfer-switch-ATS-300x300.png\" alt=\"\" width=\"300\" height=\"300\" \/><\/td>\n<td><strong>AUTOMAATTINEN VAIHTOKYTKIN<\/strong><\/p>\n<p>6-nastainen liitin ulkoiselle ATS-yksik\u00f6lle, joka varmistaa automaattisen generaattorin k\u00e4ynnistyksen ja sammutuksen ja yll\u00e4pit\u00e4\u00e4 generaattorin akun varausta valmiustilassa.<\/td>\n<\/tr>\n<tr class=\"odd\">\n<td><img loading=\"lazy\" decoding=\"async\" class=\"alignnone wp-image-4624 size-medium\" src=\"https:\/\/staging.genekas24.ee\/wp-content\/uploads\/2022\/06\/Increased-engine-300x227.png\" alt=\"\" width=\"300\" height=\"227\" \/><\/td>\n<td><strong>PIDEMPI MOOTTORIN K\u00c4YTT\u00d6IK\u00c4<\/strong><\/p>\n<p>\u201cRASKAAN\u201d sarjan K\u00f6nner &amp; S\u00f6hnen\u00ae -dieselgeneraattoreissa on kest\u00e4v\u00e4mpi moottori \u2013 joten niiden k\u00e4ytt\u00f6ik\u00e4 on pidempi ja niill\u00e4 voi ty\u00f6skennell\u00e4 pidemp\u00e4\u00e4n ilman toimintah\u00e4iri\u00f6it\u00e4. Moottori kest\u00e4\u00e4 pidemp\u00e4\u00e4n kuin 3000 k\u00e4ytt\u00f6tuntia, mink\u00e4 takaavat useita tunteja kest\u00e4neet monitasoiset testi ja takuu.  Hyv\u00e4 suorituskyky edellytt\u00e4\u00e4, ett\u00e4 moottorit huolletaan oikein.<\/td>\n<\/tr>\n<tr class=\"even\">\n<td><img loading=\"lazy\" decoding=\"async\" class=\"alignnone size-medium wp-image-2800\" src=\"https:\/\/staging.genekas24.ee\/wp-content\/uploads\/2022\/12\/ks-9300de-1-3-atsr_macro_panel.jpg\" alt=\"\" width=\"300\" height=\"225\" \/><\/td>\n<td><strong>K\u00c4YTT\u00c4J\u00c4YST\u00c4V\u00c4LLINEN ERGONOMINEN OHJAUSPANEELI<\/strong><\/p>\n<p>Generaattorin ergonomisen ohjauspaneelin avulla voit hallita sen toimintaa helposti, sill\u00e4 toimintojen sijainti on k\u00e4tev\u00e4: nykyaikainen LED-n\u00e4ytt\u00f6 (k\u00e4ytt\u00f6tuntilaskuri, taajuus, j\u00e4nnite), h\u00e4t\u00e4kytkin (katkaisin), v\u00e4h\u00e4isen \u00f6ljym\u00e4\u00e4r\u00e4n anturi, l\u00e4hd\u00f6t, liittimet ja muuta.<\/td>\n<\/tr>\n<tr class=\"odd\">\n<td><img loading=\"lazy\" decoding=\"async\" class=\"alignnone size-medium wp-image-4636\" src=\"https:\/\/staging.genekas24.ee\/wp-content\/uploads\/2022\/06\/preheater-300x297.png\" alt=\"\" width=\"300\" height=\"297\" \/><\/td>\n<td><strong>ESIL\u00c4MMITYS (PREHEATER)<\/strong><\/p>\n<p>\u201dHEAVY DUTY\u201d -sarjan dieselgeneraattoreissa on esil\u00e4mmitystoiminto, jonka ansiosta voit k\u00e4ytt\u00e4\u00e4 generaattoria talvella vaivatta.<\/td>\n<\/tr>\n<tr class=\"odd\">\n<td><img loading=\"lazy\" decoding=\"async\" class=\"alignnone wp-image-4808 size-medium\" src=\"https:\/\/staging.genekas24.ee\/wp-content\/uploads\/2022\/12\/ks-9300de-atsr_macro_housing.jpg\" alt=\"\" width=\"300\" height=\"300\" \/><\/td>\n<td><strong>\u00c4\u00c4NIERISTETTY ILKIVALLALTA SUOJATTU KOTELO<\/strong><\/p>\n<p>Ilkivallalta suojatun kotelon ansiosta l\u00e4mm\u00f6njako generaattorin sis\u00e4ll\u00e4 on tehokkaampaa, mik\u00e4 pident\u00e4\u00e4 sen k\u00e4ytt\u00f6ik\u00e4\u00e4.<\/td>\n<\/tr>\n<tr class=\"even\">\n<td><img loading=\"lazy\" decoding=\"async\" class=\"alignnone size-medium wp-image-2812\" src=\"https:\/\/staging.genekas24.ee\/wp-content\/uploads\/2022\/12\/ks-9300de-atsr_macro_transportation.jpg\" alt=\"\" width=\"300\" height=\"225\" \/><\/td>\n<td><strong>KULJETUSSARJA<\/strong><\/p>\n<p>Generaattorin kotelo on varustettu kuljetussarjalla, johon kuuluu 4 py\u00f6r\u00e4\u00e4 ja 2 kahvaa helppoa k\u00e4sittely\u00e4 varten.<\/td>\n<\/tr>\n<\/tbody>\n<\/table>\n<p><em><span style=\"font-size: 14px;\">***Polttoaineen kulutus riippuu monista tekij\u00f6ist\u00e4: kuormituksesta, polttoaineen laadusta, vuodenajasta, korkeudesta ja generaattorin teknisest\u00e4 kunnosta.<\/span><\/em><\/p>","protected":false},"excerpt":{"rendered":"<table>\n<tbody>\n<tr class=\"even\">\n<td width=\"60%\">J\u00e4nnite<\/td>\n<td>\n<div class=\"attribute row\">\n<div class=\"col-xs-6\">230\/400<\/div>\n<\/div>\n<\/td>\n<\/tr>\n<tr class=\"odd\">\n<td>\n<div class=\"col-xs-6\">Suurin teho \/ nimellisteho (230 V), kW<\/div>\n<\/td>\n<td>\n<div class=\"attribute row\">\n<div class=\"col-xs-6\">6.5\/6.0<\/div>\n<\/div>\n<\/td>\n<\/tr>\n<tr class=\"even\">\n<td>\n<div class=\"col-xs-6\">Max\/Nominaalne v\u00f5imsus (400V), kW<\/div>\n<\/td>\n<td>\n<div class=\"attribute row\">\n<div class=\"col-xs-6\">7.5\/7.0<\/div>\n<\/div>\n<\/td>\n<\/tr>\n<tr class=\"odd\">\n<td>\n<div class=\"col-xs-6\">Taajuus, Hz<\/div>\n<\/td>\n<td>50<\/td>\n<\/tr>\n<tr class=\"even\">\n<td>\n<div class=\"col-xs-6\">Vool (max.) 230\/400 V, A<\/div>\n<\/td>\n<td>\n<div class=\"attribute row\">\n<div class=\"col-xs-6\">28.26\/13.54<\/div>\n<\/div>\n<\/td>\n<\/tr>\n<tr class=\"odd\">\n<td>\n<div class=\"col-xs-6\">L\u00e4hd\u00f6t<\/div>\n<\/td>\n<td>\n<div class=\"attribute row\">\n<div class=\"col-xs-6\">1 x CEE 230 V 32 A<br \/>\n1 x CEE 400 V 16 A<\/div>\n<\/div>\n<\/td>\n<\/tr>\n<tr class=\"even\">\n<td>\n<div class=\"col-xs-6\">Keskim. k\u00e4ytt\u00f6aika (teho 50 %), h***<\/div>\n<\/td>\n<td>\n<div class=\"attribute row\">\n<div class=\"col-xs-6\">8.3<\/div>\n<\/div>\n<\/td>\n<\/tr>\n<tr class=\"odd\">\n<td>\n<div class=\"col-xs-6\">LED-n\u00e4ytt\u00f6<\/div>\n<\/td>\n<td>\n<div class=\"attribute row\">\n<div class=\"col-xs-6\">J\u00e4nnite, taajuus, k\u00e4ytt\u00f6tunnit<\/div>\n<\/div>\n<\/td>\n<\/tr>\n<tr class=\"even\">\n<td>\n<div class=\"col-xs-6\">Melutaso Lpa (7 m) \/ Lwa, dB<\/div>\n<\/td>\n<td>\n<div class=\"attribute row\">\n<div class=\"col-xs-6\">66\/91<\/div>\n<\/div>\n<\/td>\n<\/tr>\n<tr class=\"odd\">\n<td>\n<div class=\"col-xs-6\">Antoteho DC, V\/A<\/div>\n<\/td>\n<td>\n<div class=\"attribute row\">\n<div class=\"col-xs-6\">12\/8.3<\/div>\n<\/div>\n<\/td>\n<\/tr>\n<tr class=\"even\">\n<td>\n<div class=\"col-xs-6\">Moottorityyppi<\/div>\n<\/td>\n<td>\n<div class=\"attribute row\">\n<div class=\"col-xs-6\">Dieselk\u00e4ytt\u00f6inen, yksisylinterinen, nelitahtinen, ilmaj\u00e4\u00e4hdytteinen<\/div>\n<\/div>\n<\/td>\n<\/tr>\n<tr class=\"odd\">\n<td>\n<div class=\"col-xs-6\">Moottorin malli<\/div>\n<\/td>\n<td>\n<div class=\"attribute row\">\n<div class=\"col-xs-6\">KS 520HD-V<\/div>\n<\/div>\n<\/td>\n<\/tr>\n<tr class=\"even\">\n<td>\n<div class=\"col-xs-6\">Moottoriteho, hv\/kW<\/div>\n<\/td>\n<td>\n<div class=\"attribute row\">\n<div class=\"col-xs-6\">18.0\/13.24<\/div>\n<\/div>\n<\/td>\n<\/tr>\n<tr class=\"odd\">\n<td>Esil\u00e4mmitin<\/td>\n<td>+<\/td>\n<\/tr>\n<tr class=\"even\">\n<td>\n<div class=\"col-xs-6\">Polttoaines\u00e4ili\u00f6n tilavuus, L<\/div>\n<\/td>\n<td>15<\/td>\n<\/tr>\n<tr class=\"odd\">\n<td>\n<div class=\"col-xs-6\">Kampikammion tilavuus, L<\/div>\n<\/td>\n<td>\n<div class=\"attribute row\">\n<div class=\"col-xs-6\">1.65<\/div>\n<\/div>\n<\/td>\n<\/tr>\n<tr class=\"even\">\n<td>\n<div class=\"col-xs-6\">Moottorin sylinteritilavuus, cm3<\/div>\n<\/td>\n<td>498<\/td>\n<\/tr>\n<tr class=\"odd\">\n<td>\n<div class=\"col-xs-6\">Tehons\u00e4\u00e4din<\/div>\n<\/td>\n<td>\n<div class=\"attribute row\">\n<div class=\"col-xs-6\">\u00c4lyk\u00e4s j\u00e4nnitteenvakautusj\u00e4rjestelm\u00e4 AVR<\/div>\n<\/div>\n<\/td>\n<\/tr>\n<tr class=\"even\">\n<td>\n<div class=\"col-xs-6\">Moottorin k\u00e4ynnistys<\/div>\n<\/td>\n<td>S\u00e4hk\u00f6inen<\/td>\n<\/tr>\n<tr class=\"odd\">\n<td>\n<div class=\"col-xs-6\">\n<div class=\"col-xs-6\">Akku, Ah<\/div>\n<\/div>\n<\/td>\n<td>30<\/td>\n<\/tr>\n<tr class=\"even\">\n<td>\n<div class=\"col-xs-6\">L\u00e4ht\u00f6 ATS:lle<\/div>\n<\/td>\n<td>+<\/td>\n<\/tr>\n<tr>\n<td>Sis\u00e4mitat (PxLxK), mm<\/td>\n<td>920 x 580 x 860<\/td>\n<\/tr>\n<tr>\n<td>Bruttomitat (P x L x K), mm<\/td>\n<td>940 \u0445 600 \u0445 880<\/td>\n<\/tr>\n<tr>\n<td>Nettopaino, kg<\/td>\n<td>168<\/td>\n<\/tr>\n<tr>\n<td>Bruttopaino, kg<\/td>\n<td>180<\/td>\n<\/tr>\n<tr class=\"odd\">\n<td>\n<div class=\"col-xs-6\">Suojausluokka<\/div>\n<\/td>\n<td>IP23M<\/td>\n<\/tr>\n<tr class=\"even\">\n<td>EAN-koodi<\/td>\n<td>4260405365210<\/td>\n<\/tr>\n<\/tbody>\n<\/table>\n<p>***Polttoaineenkulutus riippuu monista tekij\u00f6ist\u00e4, kuten kuormituksesta, polttoaineen laadusta, vuodenajasta, korkeudesta, generaattorin teknisest\u00e4 kunnosta.<\/p>\n<p>Koottu PRC.<\/p>","protected":false},"featured_media":17675,"template":"","meta":{"_acf_changed":false,"inline_featured_image":false},"product_brand":[],"product_cat":[179,181,94,22],"product_tag":[],"class_list":{"0":"post-4843","1":"product","2":"type-product","3":"status-publish","4":"has-post-thumbnail","6":"product_cat-allahinnatud","7":"product_cat-laos-olemas","8":"product_cat-generaatorid","9":"product_cat-diiselgeneraatorid","10":"product_shipping_class-euroalus","11":"brand-konner-sohnen","13":"first","14":"onbackorder","15":"sale","16":"taxable","17":"shipping-taxable","18":"purchasable","19":"product-type-simple"},"acf":[],"yoast_head":"<!-- This site is optimized with the Yoast SEO plugin v26.2 - https:\/\/yoast.com\/wordpress\/plugins\/seo\/ -->\n<title>Diiselgeneraator KS 9300DE-1\/3 ATSR (EURO V) - Genekas24<\/title>\n<meta name=\"robots\" content=\"index, follow, max-snippet:-1, max-image-preview:large, max-video-preview:-1\" \/>\n<link rel=\"canonical\" href=\"https:\/\/staging.genekas24.ee\/fi\/tuote\/dieselgeneraattori-ks-9300de-1-3-atsr-euro-v\/\" \/>\n<meta property=\"og:locale\" content=\"fi_FI\" \/>\n<meta property=\"og:type\" content=\"article\" \/>\n<meta property=\"og:title\" content=\"Diiselgeneraator KS 9300DE-1\/3 ATSR (EURO V) - Genekas24\" \/>\n<meta property=\"og:description\" content=\"Pinge   230\/400     Max\/Nominaalne v\u00f5imsus (230V), kW   6.5\/6.0     Max\/Nominaalne v\u00f5imsus (400V), kW   7.5\/7.0     Sagedus, Hz 50    Vool (max.) 230\/400 V, A   28.26\/13.54     Pistikupesad   1 x CEE 230 V 32 A 1 x CEE 400 V 16 A     Keskmine t\u00f6\u00f6aeg (power 50%), h***   8.3     LED-ekraan   Pinge, sagedus, t\u00f6\u00f6aeg     M\u00fcratase Lpa (7m)\/Lwa, dB   66\/91     V\u00f5imsus DC, V\/\u0410   12\/8.3     Mootori t\u00fc\u00fcp   Diiselmootoriga \u00fchesilindriline, neljataktiline \u00f5hkjahutusega     Mootori mudel   KS 520HD-V     Mootori v\u00f5imsus, hp\/kW   18.0\/13.24    Eelsoojendi +    K\u00fctusepaagi maht, l 15    Karteri maht, l   1.65     Mootori silindri maht, cm3 498    Toitev\u00e4ljundi kontroller   Pinge stabiliseerimiss\u00fcsteem AVR     Mootori k\u00e4ivitamine Elektriline     Aku, A\u00b7h  30    ATS v\u00e4ljund +   Neto m\u00f5\u00f5dud (PxLxK), mm 920 x 580 x 860   Bruto m\u00f5\u00f5dud (PxLxK), mm 940 \u0445 600 \u0445 880   Netokaal, kg 168   Brutokaal, kg 180    Kaitseklass IP23M   EAN kood 4260405365210    ***K\u00fctusekulu s\u00f5ltub paljudest teguritest: nagu koormus, k\u00fctuse kvaliteet, aastaaeg, k\u00f5rgus merepinnast, generaatori tehniline seisukord.  Kokku pandud HRV-s.\" \/>\n<meta property=\"og:url\" content=\"https:\/\/staging.genekas24.ee\/fi\/tuote\/dieselgeneraattori-ks-9300de-1-3-atsr-euro-v\/\" \/>\n<meta property=\"og:site_name\" content=\"Genekas24\" \/>\n<meta property=\"article:modified_time\" content=\"2026-01-08T12:48:02+00:00\" \/>\n<meta property=\"og:image\" content=\"https:\/\/staging.genekas24.ee\/wp-content\/uploads\/2022\/06\/KS-9300DE-13-ATSR.png\" \/>\n\t<meta property=\"og:image:width\" content=\"600\" \/>\n\t<meta property=\"og:image:height\" content=\"475\" \/>\n\t<meta property=\"og:image:type\" content=\"image\/png\" \/>\n<meta name=\"twitter:card\" content=\"summary_large_image\" \/>\n<meta name=\"twitter:label1\" content=\"Arvioitu lukuaika\" \/>\n\t<meta name=\"twitter:data1\" content=\"4 minuuttia\" \/>\n<script type=\"application\/ld+json\" class=\"yoast-schema-graph\">{\"@context\":\"https:\/\/schema.org\",\"@graph\":[{\"@type\":\"WebPage\",\"@id\":\"https:\/\/staging.genekas24.ee\/toode\/diiselgeneraator-ks-9300de-1-3-atsr-euro-v\/\",\"url\":\"https:\/\/staging.genekas24.ee\/toode\/diiselgeneraator-ks-9300de-1-3-atsr-euro-v\/\",\"name\":\"Diiselgeneraator KS 9300DE-1\/3 ATSR (EURO V) - Genekas24\",\"isPartOf\":{\"@id\":\"https:\/\/staging.genekas24.ee\/#website\"},\"primaryImageOfPage\":{\"@id\":\"https:\/\/staging.genekas24.ee\/toode\/diiselgeneraator-ks-9300de-1-3-atsr-euro-v\/#primaryimage\"},\"image\":{\"@id\":\"https:\/\/staging.genekas24.ee\/toode\/diiselgeneraator-ks-9300de-1-3-atsr-euro-v\/#primaryimage\"},\"thumbnailUrl\":\"https:\/\/staging.genekas24.ee\/wp-content\/uploads\/2022\/06\/KS-9300DE-13-ATSR.png\",\"datePublished\":\"2022-06-24T18:18:13+00:00\",\"dateModified\":\"2026-01-08T12:48:02+00:00\",\"breadcrumb\":{\"@id\":\"https:\/\/staging.genekas24.ee\/toode\/diiselgeneraator-ks-9300de-1-3-atsr-euro-v\/#breadcrumb\"},\"inLanguage\":\"fi\",\"potentialAction\":[{\"@type\":\"ReadAction\",\"target\":[\"https:\/\/staging.genekas24.ee\/toode\/diiselgeneraator-ks-9300de-1-3-atsr-euro-v\/\"]}]},{\"@type\":\"ImageObject\",\"inLanguage\":\"fi\",\"@id\":\"https:\/\/staging.genekas24.ee\/toode\/diiselgeneraator-ks-9300de-1-3-atsr-euro-v\/#primaryimage\",\"url\":\"https:\/\/staging.genekas24.ee\/wp-content\/uploads\/2022\/06\/KS-9300DE-13-ATSR.png\",\"contentUrl\":\"https:\/\/staging.genekas24.ee\/wp-content\/uploads\/2022\/06\/KS-9300DE-13-ATSR.png\",\"width\":600,\"height\":475},{\"@type\":\"BreadcrumbList\",\"@id\":\"https:\/\/staging.genekas24.ee\/toode\/diiselgeneraator-ks-9300de-1-3-atsr-euro-v\/#breadcrumb\",\"itemListElement\":[{\"@type\":\"ListItem\",\"position\":1,\"name\":\"Home\",\"item\":\"https:\/\/staging.genekas24.ee\/\"},{\"@type\":\"ListItem\",\"position\":2,\"name\":\"Pood\",\"item\":\"https:\/\/staging.genekas24.ee\/pood\/\"},{\"@type\":\"ListItem\",\"position\":3,\"name\":\"Diiselgeneraator KS 9300DE-1\/3 ATSR (EURO V)\"}]},{\"@type\":\"WebSite\",\"@id\":\"https:\/\/staging.genekas24.ee\/#website\",\"url\":\"https:\/\/staging.genekas24.ee\/\",\"name\":\"Genekas24\",\"description\":\"Generaatorid | K&ouml;nner S&ouml;hnen tooted | Genekas24\",\"publisher\":{\"@id\":\"https:\/\/staging.genekas24.ee\/#organization\"},\"potentialAction\":[{\"@type\":\"SearchAction\",\"target\":{\"@type\":\"EntryPoint\",\"urlTemplate\":\"https:\/\/staging.genekas24.ee\/?s={search_term_string}\"},\"query-input\":{\"@type\":\"PropertyValueSpecification\",\"valueRequired\":true,\"valueName\":\"search_term_string\"}}],\"inLanguage\":\"fi\"},{\"@type\":\"Organization\",\"@id\":\"https:\/\/staging.genekas24.ee\/#organization\",\"name\":\"Genekas24\",\"url\":\"https:\/\/staging.genekas24.ee\/\",\"logo\":{\"@type\":\"ImageObject\",\"inLanguage\":\"fi\",\"@id\":\"https:\/\/staging.genekas24.ee\/#\/schema\/logo\/image\/\",\"url\":\"https:\/\/staging.genekas24.ee\/wp-content\/uploads\/2026\/01\/genekas24-logo_black.svg\",\"contentUrl\":\"https:\/\/staging.genekas24.ee\/wp-content\/uploads\/2026\/01\/genekas24-logo_black.svg\",\"width\":840,\"height\":131,\"caption\":\"Genekas24\"},\"image\":{\"@id\":\"https:\/\/staging.genekas24.ee\/#\/schema\/logo\/image\/\"}}]}<\/script>\n<!-- \/ Yoast SEO plugin. -->","yoast_head_json":{"title":"Dieselgeneraattori KS 9300DE-1\/3 ATSR (EURO V) - Genekas24","robots":{"index":"index","follow":"follow","max-snippet":"max-snippet:-1","max-image-preview":"max-image-preview:large","max-video-preview":"max-video-preview:-1"},"canonical":"https:\/\/staging.genekas24.ee\/fi\/tuote\/dieselgeneraattori-ks-9300de-1-3-atsr-euro-v\/","og_locale":"fi_FI","og_type":"article","og_title":"Diiselgeneraator KS 9300DE-1\/3 ATSR (EURO V) - Genekas24","og_description":"Pinge   230\/400     Max\/Nominaalne v\u00f5imsus (230V), kW   6.5\/6.0     Max\/Nominaalne v\u00f5imsus (400V), kW   7.5\/7.0     Sagedus, Hz 50    Vool (max.) 230\/400 V, A   28.26\/13.54     Pistikupesad   1 x CEE 230 V 32 A 1 x CEE 400 V 16 A     Keskmine t\u00f6\u00f6aeg (power 50%), h***   8.3     LED-ekraan   Pinge, sagedus, t\u00f6\u00f6aeg     M\u00fcratase Lpa (7m)\/Lwa, dB   66\/91     V\u00f5imsus DC, V\/\u0410   12\/8.3     Mootori t\u00fc\u00fcp   Diiselmootoriga \u00fchesilindriline, neljataktiline \u00f5hkjahutusega     Mootori mudel   KS 520HD-V     Mootori v\u00f5imsus, hp\/kW   18.0\/13.24    Eelsoojendi +    K\u00fctusepaagi maht, l 15    Karteri maht, l   1.65     Mootori silindri maht, cm3 498    Toitev\u00e4ljundi kontroller   Pinge stabiliseerimiss\u00fcsteem AVR     Mootori k\u00e4ivitamine Elektriline     Aku, A\u00b7h  30    ATS v\u00e4ljund +   Neto m\u00f5\u00f5dud (PxLxK), mm 920 x 580 x 860   Bruto m\u00f5\u00f5dud (PxLxK), mm 940 \u0445 600 \u0445 880   Netokaal, kg 168   Brutokaal, kg 180    Kaitseklass IP23M   EAN kood 4260405365210    ***K\u00fctusekulu s\u00f5ltub paljudest teguritest: nagu koormus, k\u00fctuse kvaliteet, aastaaeg, k\u00f5rgus merepinnast, generaatori tehniline seisukord.  Kokku pandud HRV-s.","og_url":"https:\/\/staging.genekas24.ee\/fi\/tuote\/dieselgeneraattori-ks-9300de-1-3-atsr-euro-v\/","og_site_name":"Genekas24","article_modified_time":"2026-01-08T12:48:02+00:00","og_image":[{"width":600,"height":475,"url":"https:\/\/staging.genekas24.ee\/wp-content\/uploads\/2022\/06\/KS-9300DE-13-ATSR.png","type":"image\/png"}],"twitter_card":"summary_large_image","twitter_misc":{"Arvioitu lukuaika":"4 minuuttia"},"schema":{"@context":"https:\/\/schema.org","@graph":[{"@type":"WebPage","@id":"https:\/\/staging.genekas24.ee\/toode\/diiselgeneraator-ks-9300de-1-3-atsr-euro-v\/","url":"https:\/\/staging.genekas24.ee\/toode\/diiselgeneraator-ks-9300de-1-3-atsr-euro-v\/","name":"Dieselgeneraattori KS 9300DE-1\/3 ATSR (EURO V) - Genekas24","isPartOf":{"@id":"https:\/\/staging.genekas24.ee\/#website"},"primaryImageOfPage":{"@id":"https:\/\/staging.genekas24.ee\/toode\/diiselgeneraator-ks-9300de-1-3-atsr-euro-v\/#primaryimage"},"image":{"@id":"https:\/\/staging.genekas24.ee\/toode\/diiselgeneraator-ks-9300de-1-3-atsr-euro-v\/#primaryimage"},"thumbnailUrl":"https:\/\/staging.genekas24.ee\/wp-content\/uploads\/2022\/06\/KS-9300DE-13-ATSR.png","datePublished":"2022-06-24T18:18:13+00:00","dateModified":"2026-01-08T12:48:02+00:00","breadcrumb":{"@id":"https:\/\/staging.genekas24.ee\/toode\/diiselgeneraator-ks-9300de-1-3-atsr-euro-v\/#breadcrumb"},"inLanguage":"fi","potentialAction":[{"@type":"ReadAction","target":["https:\/\/staging.genekas24.ee\/toode\/diiselgeneraator-ks-9300de-1-3-atsr-euro-v\/"]}]},{"@type":"ImageObject","inLanguage":"fi","@id":"https:\/\/staging.genekas24.ee\/toode\/diiselgeneraator-ks-9300de-1-3-atsr-euro-v\/#primaryimage","url":"https:\/\/staging.genekas24.ee\/wp-content\/uploads\/2022\/06\/KS-9300DE-13-ATSR.png","contentUrl":"https:\/\/staging.genekas24.ee\/wp-content\/uploads\/2022\/06\/KS-9300DE-13-ATSR.png","width":600,"height":475},{"@type":"BreadcrumbList","@id":"https:\/\/staging.genekas24.ee\/toode\/diiselgeneraator-ks-9300de-1-3-atsr-euro-v\/#breadcrumb","itemListElement":[{"@type":"ListItem","position":1,"name":"Home","item":"https:\/\/staging.genekas24.ee\/"},{"@type":"ListItem","position":2,"name":"Pood","item":"https:\/\/staging.genekas24.ee\/pood\/"},{"@type":"ListItem","position":3,"name":"Diiselgeneraator KS 9300DE-1\/3 ATSR (EURO V)"}]},{"@type":"WebSite","@id":"https:\/\/staging.genekas24.ee\/#website","url":"https:\/\/staging.genekas24.ee\/","name":"Genekas24","description":"Generaatorid | K&ouml;nner S&ouml;hnen tooted | Genekas24","publisher":{"@id":"https:\/\/staging.genekas24.ee\/#organization"},"potentialAction":[{"@type":"SearchAction","target":{"@type":"EntryPoint","urlTemplate":"https:\/\/staging.genekas24.ee\/?s={search_term_string}"},"query-input":{"@type":"PropertyValueSpecification","valueRequired":true,"valueName":"search_term_string"}}],"inLanguage":"fi"},{"@type":"Organization","@id":"https:\/\/staging.genekas24.ee\/#organization","name":"Genekas24","url":"https:\/\/staging.genekas24.ee\/","logo":{"@type":"ImageObject","inLanguage":"fi","@id":"https:\/\/staging.genekas24.ee\/#\/schema\/logo\/image\/","url":"https:\/\/staging.genekas24.ee\/wp-content\/uploads\/2026\/01\/genekas24-logo_black.svg","contentUrl":"https:\/\/staging.genekas24.ee\/wp-content\/uploads\/2026\/01\/genekas24-logo_black.svg","width":840,"height":131,"caption":"Genekas24"},"image":{"@id":"https:\/\/staging.genekas24.ee\/#\/schema\/logo\/image\/"}}]}},"_links":{"self":[{"href":"https:\/\/staging.genekas24.ee\/fi\/wp-json\/wp\/v2\/product\/4843","targetHints":{"allow":["GET"]}}],"collection":[{"href":"https:\/\/staging.genekas24.ee\/fi\/wp-json\/wp\/v2\/product"}],"about":[{"href":"https:\/\/staging.genekas24.ee\/fi\/wp-json\/wp\/v2\/types\/product"}],"version-history":[{"count":15,"href":"https:\/\/staging.genekas24.ee\/fi\/wp-json\/wp\/v2\/product\/4843\/revisions"}],"predecessor-version":[{"id":21170,"href":"https:\/\/staging.genekas24.ee\/fi\/wp-json\/wp\/v2\/product\/4843\/revisions\/21170"}],"wp:featuredmedia":[{"embeddable":true,"href":"https:\/\/staging.genekas24.ee\/fi\/wp-json\/wp\/v2\/media\/17675"}],"wp:attachment":[{"href":"https:\/\/staging.genekas24.ee\/fi\/wp-json\/wp\/v2\/media?parent=4843"}],"wp:term":[{"taxonomy":"product_brand","embeddable":true,"href":"https:\/\/staging.genekas24.ee\/fi\/wp-json\/wp\/v2\/product_brand?post=4843"},{"taxonomy":"product_cat","embeddable":true,"href":"https:\/\/staging.genekas24.ee\/fi\/wp-json\/wp\/v2\/product_cat?post=4843"},{"taxonomy":"product_tag","embeddable":true,"href":"https:\/\/staging.genekas24.ee\/fi\/wp-json\/wp\/v2\/product_tag?post=4843"}],"curies":[{"name":"wp","href":"https:\/\/api.w.org\/{rel}","templated":true}]}}