{"id":4814,"date":"2022-06-24T08:03:47","date_gmt":"2022-06-24T08:03:47","guid":{"rendered":"https:\/\/staging.genekas24.ee\/?post_type=product&#038;p=4814"},"modified":"2025-12-22T15:29:48","modified_gmt":"2025-12-22T15:29:48","slug":"invertergeneraator-ks-8100ie-atsr","status":"publish","type":"product","link":"https:\/\/staging.genekas24.ee\/fi\/tuote\/invertterigeneraattori-ks-8100ie-atsr\/","title":{"rendered":"Invertterigeneraattori KS 8100iE ATSR"},"content":{"rendered":"<p>Bensiinik\u00e4ytt\u00f6iset invertterigeneraattorit ovat k\u00e4ytt\u00e4j\u00e4yst\u00e4v\u00e4llinen kannettava energianl\u00e4hde. Invertterigeneraattorien sarjaan kuuluu malleja, joiden teho on 1,8\u20138,0 kW. S\u00e4hk\u00f6energian kaksinkertainen muuntaminen tuottaa puhtaan siniaallon ja 50 Hz:n taajuuden, jotka takaavat herk\u00e4n ja huipputarkan elektroniikan luotettavan toiminnan.<\/p>\n<p>Kaikki mallit pohjautuvat kest\u00e4viin moottoreihin, jotka t\u00e4ytt\u00e4v\u00e4t kaikki eurooppalaiset laatustandardit, mukaan lukien EURO V. K&amp;S-invertterigeneraattoreiden moottoreissa on Economy-tila, jonka ansiosta generaattoreita voidaan k\u00e4ytt\u00e4\u00e4 alhaisilla nopeuksilla, jolloin polttoaineen kulutus voi pienenty\u00e4 jopa 50 %.<\/p>\n<p>&nbsp;<\/p>\n<table>\n<tbody>\n<tr class=\"even\">\n<td><img fetchpriority=\"high\" decoding=\"async\" class=\"alignnone size-medium wp-image-2888\" src=\"https:\/\/staging.genekas24.ee\/wp-content\/uploads\/2021\/12\/Pure-sine-wave-300x237.jpg\" alt=\"\" width=\"300\" height=\"237\" \/><\/td>\n<td><strong>POWER DELIVERY -TEHONTUOTTO<\/strong><\/p>\n<p>Sis\u00e4\u00e4nrakennettu mikroprosessoriohjauksella varustettu elektroninen yksikk\u00f6 valvoo generaattorin toimintaa ja tarjoaa vakaan 230 V:n 50 Hz:n sinimuotoisen l\u00e4ht\u00f6j\u00e4nnitteen, joka soveltuu herk\u00e4n elektroniikan luotettavaan toimintaan.<\/td>\n<\/tr>\n<tr class=\"odd\">\n<td><img decoding=\"async\" class=\"alignnone size-medium wp-image-2894\" src=\"https:\/\/staging.genekas24.ee\/wp-content\/uploads\/2021\/12\/robust-engine-300x300.png\" alt=\"\" width=\"300\" height=\"300\" \/><\/td>\n<td><strong>KEST\u00c4V\u00c4 MOOTTORI<\/strong><\/p>\n<p>Luotettava K\u00f6nner &amp; S\u00f6hnen -moottori on tavanomaista kest\u00e4v\u00e4mpi, joten se takaa pitk\u00e4n ja vakaan k\u00e4yt\u00f6n, ja se t\u00e4ytt\u00e4\u00e4 kaikki eurooppalaiset laatustandardit, EURO V mukaan lukien.<\/td>\n<\/tr>\n<tr class=\"even\">\n<td><img decoding=\"async\" class=\"alignnone size-medium wp-image-3234\" src=\"https:\/\/staging.genekas24.ee\/wp-content\/uploads\/2022\/02\/3in1-easy-start-274x300.jpg\" alt=\"\" width=\"274\" height=\"300\" \/><\/td>\n<td><strong>HELPPO 3-IN-1 K\u00c4YNNISTYS<\/strong><\/p>\n<p>Yleisk\u00e4ytt\u00f6isen 3-IN-1 moottorikytkimen ansiosta generaattorin k\u00e4ynnistys on eritt\u00e4in helppoa ja mukavaa. Siin\u00e4 yhdistyv\u00e4t polttoaineventtiili, rikastin ja s\u00e4hk\u00f6inen k\u00e4ynnistin.<\/td>\n<\/tr>\n<tr class=\"even\">\n<td><img loading=\"lazy\" decoding=\"async\" class=\"alignnone size-medium wp-image-3719\" src=\"https:\/\/staging.genekas24.ee\/wp-content\/uploads\/2022\/12\/eco_mode_8000.jpg\" alt=\"\" width=\"292\" height=\"300\" \/><\/td>\n<td><strong>ECONOMY-TILA<\/strong><\/p>\n<p>Ergonomisessa ohjauspaneelissa on polttoainetaloudellisen tilan kytkin. T\u00e4m\u00e4 tila v\u00e4hent\u00e4\u00e4 polttoaineenkulutusta jopa 50 % pienill\u00e4 kuormituksilla moottorin alhaisemman kierrosluvun ansiosta.<\/td>\n<\/tr>\n<tr class=\"even\">\n<td><img loading=\"lazy\" decoding=\"async\" class=\"alignnone size-medium wp-image-3725\" src=\"https:\/\/staging.genekas24.ee\/wp-content\/uploads\/2022\/02\/automatic-transfer-swithc-300x300.png\" alt=\"\" width=\"300\" height=\"300\" \/><\/td>\n<td><strong>AUTOMAATTINEN VAIHTOKYTKIN<\/strong><\/p>\n<p>ATS-kytkin (Automatic transfer switch) k\u00e4ynnist\u00e4\u00e4 generaattorin automaattisesti ja siirt\u00e4\u00e4 sille kuorman, kun yhteys verkkovirtaan katkeaa, sek\u00e4 pys\u00e4ytt\u00e4\u00e4 generaattorin automaattisesti, kun verkkovirta palautuu. ATS-l\u00e4hd\u00f6ss\u00e4 on 8-nastainen pistoke ATS-laitteelle KS ATS 4\/25 bensiiniliit\u00e4nt\u00e4\u00e4 varten.<\/td>\n<\/tr>\n<tr class=\"odd\">\n<td><img loading=\"lazy\" decoding=\"async\" class=\"alignnone size-medium wp-image-3731\" src=\"https:\/\/staging.genekas24.ee\/wp-content\/uploads\/2022\/02\/economy-mode-300x300.png\" alt=\"\" width=\"300\" height=\"300\" \/><\/td>\n<td><strong>ERGONOMINEN OHJAUSPANEELI<\/strong><\/p>\n<p>Kaikkien toimintojen k\u00e4tev\u00e4 sijainti: LED-monitoimin\u00e4ytt\u00f6 (k\u00e4ytt\u00f6tuntimittari, taajuus, j\u00e4nnite), k\u00e4ytt\u00f6tilan osoitin, ylikuormitus- ja oikosulkusuoja, v\u00e4h\u00e4isen \u00f6ljym\u00e4\u00e4r\u00e4n anturi, nollauspainike ohjausj\u00e4rjestelm\u00e4n nollaamiseen ja j\u00e4nnitteensy\u00f6t\u00f6n palauttamiseen, kaksi USB-l\u00e4ht\u00f6\u00e4 (5 V \/ 1 A, 5 V \/ 2,1 A), tavanomainen 12 V:n savukkeensytytin erilaisille auton laitteille ja akun lataukseen, 230 V:n pistorasiat ja maadoitusliitin.<\/td>\n<\/tr>\n<tr class=\"odd\">\n<td><img loading=\"lazy\" decoding=\"async\" class=\"alignnone size-medium wp-image-2919\" src=\"https:\/\/staging.genekas24.ee\/wp-content\/uploads\/2022\/12\/alternator-inverter.png\" alt=\"\" width=\"300\" height=\"260\" \/><\/td>\n<td><strong>LAADUKAS VAIHTOVIRTALATURI<\/strong><\/p>\n<p>K\u00f6nner &amp; S\u00f6hnen -generaattorit on varustettu tehokkaalla synkronisella vaihtovirtalaturilla, jossa on t\u00e4yskuparinen k\u00e4\u00e4mitys. T\u00e4m\u00e4 on ainoa kuparik\u00e4\u00e4mitys, joka kest\u00e4\u00e4 maksimikuormat vaurioitta, mik\u00e4 takaa generaattorin pitk\u00e4aikaisen luotettavan toiminnan.<\/td>\n<\/tr>\n<tr class=\"odd\">\n<td><img loading=\"lazy\" decoding=\"async\" class=\"alignnone size-medium wp-image-3246\" src=\"https:\/\/staging.genekas24.ee\/wp-content\/uploads\/2022\/02\/Transportation-kit-300x300.png\" alt=\"\" width=\"300\" height=\"300\" \/><\/td>\n<td><strong>KULJETUSSARJA<\/strong><\/p>\n<p>K\u00f6nner &amp; S\u00f6hnen -invertterigeneraattorit on varustettu kuljetusj\u00e4rjestelm\u00e4ll\u00e4 liikuttelun helpottamiseksi. Kaksi py\u00f6r\u00e4\u00e4 ja generaattorin siirt\u00e4misen ajaksi yl\u00f6s nouseva kahva takaavat helpon kuljetuksen ja liikutettavuuden.<\/td>\n<\/tr>\n<tr class=\"odd\">\n<td><img loading=\"lazy\" decoding=\"async\" class=\"alignnone size-medium wp-image-3245\" src=\"https:\/\/staging.genekas24.ee\/wp-content\/uploads\/2022\/12\/ks-8100ie-atsr_kit.jpg\" alt=\"\" width=\"300\" height=\"300\" \/><\/td>\n<td><strong>LIS\u00c4TARVIKKEET<\/strong><\/p>\n<p>Generaattorin lis\u00e4varusteet: ruuvitaltta, sytytystulppa-avain.<\/td>\n<\/tr>\n<\/tbody>\n<\/table>\n<p><em><span style=\"font-size: 14px;\">***Polttoaineen kulutus riippuu monista tekij\u00f6ist\u00e4: kuormituksesta, polttoaineen laadusta, vuodenajasta, korkeudesta ja generaattorin teknisest\u00e4 kunnosta.<\/span><\/em><\/p>","protected":false},"excerpt":{"rendered":"<table>\n<tbody>\n<tr class=\"even\">\n<td width=\"60%\">J\u00e4nnite<\/td>\n<td>230<\/td>\n<\/tr>\n<tr class=\"odd\">\n<td>\n<div class=\"col-xs-6\">Suurin teho, kW<\/div>\n<\/td>\n<td>8.0<\/td>\n<\/tr>\n<tr class=\"even\">\n<td>\n<div class=\"col-xs-6\">Nimellisteho, kW<\/div>\n<\/td>\n<td>7.2<\/td>\n<\/tr>\n<tr class=\"odd\">\n<td>\n<div class=\"col-xs-6\">Taajuus, Hz<\/div>\n<\/td>\n<td>50<\/td>\n<\/tr>\n<tr class=\"even\">\n<td>\n<div class=\"col-xs-6\">Virta (max.), A<\/div>\n<\/td>\n<td>34.8<\/td>\n<\/tr>\n<tr class=\"odd\">\n<td>L\u00e4hd\u00f6t<\/td>\n<td>\n<div class=\"attribute row\">\n<div class=\"col-xs-6\">1 x Schuko 230 V<br \/>\n1 x CEE 230 V 32 A<\/div>\n<\/div>\n<\/td>\n<\/tr>\n<tr class=\"even\">\n<td>\n<div class=\"col-xs-6\">Moottorin k\u00e4ynnistys<\/div>\n<\/td>\n<td>S\u00e4hk\u00f6<\/td>\n<\/tr>\n<tr class=\"odd\">\n<td>\n<div class=\"col-xs-6\">Polttoaines\u00e4ili\u00f6n tilavuus, L<\/div>\n<\/td>\n<td>20<\/td>\n<\/tr>\n<tr class=\"even\">\n<td>\n<div class=\"col-xs-6\">Keskim. k\u00e4ytt\u00f6aika (teho 50 %), h***<\/div>\n<\/td>\n<td>7.1<\/td>\n<\/tr>\n<tr class=\"odd\">\n<td>\n<div class=\"col-xs-6\">LED-n\u00e4ytt\u00f6<\/div>\n<\/td>\n<td>\n<div class=\"attribute row\">\n<div class=\"col-xs-6\">J\u00e4nnite, taajuus, k\u00e4ytt\u00f6tunnit<\/div>\n<\/div>\n<\/td>\n<\/tr>\n<tr class=\"even\">\n<td>\n<div class=\"col-xs-6\">Melutaso Lpa (7 m) \/ Lwa, dB<\/div>\n<\/td>\n<td>\n<div class=\"attribute row\">\n<div class=\"col-xs-6\">70\/95<\/div>\n<\/div>\n<\/td>\n<\/tr>\n<tr class=\"odd\">\n<td>\n<div class=\"col-xs-6\">Antoteho DC, V\/A<\/div>\n<\/td>\n<td>\n<div class=\"attribute row\">\n<div class=\"col-xs-6\">12V\/8.3A<\/div>\n<\/div>\n<\/td>\n<\/tr>\n<tr class=\"even\">\n<td>\n<div class=\"col-xs-6\">USB-l\u00e4hd\u00f6t<\/div>\n<\/td>\n<td>\n<div class=\"attribute row\">\n<div class=\"col-xs-6\">5V\/1A, 5V\/2.1A<\/div>\n<\/div>\n<\/td>\n<\/tr>\n<tr class=\"odd\">\n<td>\n<div class=\"col-xs-6\">Moottorin malli<\/div>\n<\/td>\n<td>\n<div class=\"attribute row\">\n<div class=\"col-xs-6\">KS 480i<\/div>\n<\/div>\n<\/td>\n<\/tr>\n<tr class=\"even\">\n<td>\n<div class=\"col-xs-6\">Moottorin sylinteritilavuus, cm3<\/div>\n<\/td>\n<td>458<\/td>\n<\/tr>\n<tr class=\"odd\">\n<td>\n<div class=\"col-xs-6\">Moottorityyppi<\/div>\n<\/td>\n<td>\n<div class=\"attribute row\">\n<div class=\"col-xs-6\">Bensiinik\u00e4ytt\u00f6inen, yksisylinterinen, nelitahtinen, ilmaj\u00e4\u00e4hdytteinen<\/div>\n<\/div>\n<\/td>\n<\/tr>\n<tr class=\"even\">\n<td>\n<div class=\"col-xs-6\">Moottoriteho, hv<\/div>\n<\/td>\n<td>16<\/td>\n<\/tr>\n<tr class=\"odd\">\n<td>\n<div class=\"col-xs-6\">Rinnakkaisliit\u00e4nt\u00e4mahdollisuus<\/div>\n<\/td>\n<td>&#8211;<\/td>\n<\/tr>\n<tr class=\"even\">\n<td>\n<div class=\"col-xs-6\">L\u00e4ht\u00f6 ATS:lle<\/div>\n<\/td>\n<td>+<\/td>\n<\/tr>\n<tr class=\"odd\">\n<td>\n<div class=\"col-xs-6\">Kampikammion tilavuus, L<\/div>\n<\/td>\n<td>\n<div class=\"attribute row\">\n<div class=\"col-xs-6\">1.1<\/div>\n<\/div>\n<\/td>\n<\/tr>\n<tr class=\"even\">\n<td>\n<div class=\"col-xs-6\">Akku, Ah<\/div>\n<\/td>\n<td>\n<div class=\"attribute row\">\n<div class=\"col-xs-6\">1.6<\/div>\n<\/div>\n<\/td>\n<\/tr>\n<tr class=\"odd\">\n<td>\n<div class=\"col-xs-6\">Suojausluokka<\/div>\n<\/td>\n<td>\n<div class=\"attribute row\">\n<div class=\"col-xs-6\">IP23M<\/div>\n<\/div>\n<\/td>\n<\/tr>\n<tr>\n<td>Sis\u00e4mitat (PxLxK), mm<\/td>\n<td>600\u0445510\u0445560<\/td>\n<\/tr>\n<tr>\n<td>Bruttomitat (P x L x K), mm<\/td>\n<td>725\u0445505\u0445555<\/td>\n<\/tr>\n<tr>\n<td>Nettopaino, kg<\/td>\n<td>68<\/td>\n<\/tr>\n<tr>\n<td>Bruttopaino, kg<\/td>\n<td>71<\/td>\n<\/tr>\n<tr class=\"even\">\n<td>EAN-koodi<\/td>\n<td>4260405364725<\/td>\n<\/tr>\n<\/tbody>\n<\/table>\n<p>***Polttoaineenkulutus riippuu monista tekij\u00f6ist\u00e4, kuten kuormituksesta, polttoaineen laadusta, vuodenajasta, korkeudesta, generaattorin teknisest\u00e4 kunnosta.<\/p>\n<p>Koottu PRC.<\/p>","protected":false},"featured_media":17676,"template":"","meta":{"_acf_changed":false,"inline_featured_image":false},"product_brand":[],"product_cat":[179,94,23],"product_tag":[],"class_list":{"0":"post-4814","1":"product","2":"type-product","3":"status-publish","4":"has-post-thumbnail","6":"product_cat-allahinnatud","7":"product_cat-generaatorid","8":"product_cat-invertergeneraatorid","9":"product_shipping_class-poolalus","10":"brand-konner-sohnen","12":"first","13":"onbackorder","14":"sale","15":"taxable","16":"shipping-taxable","17":"purchasable","18":"product-type-simple"},"acf":[],"yoast_head":"<!-- This site is optimized with the Yoast SEO plugin v26.2 - https:\/\/yoast.com\/wordpress\/plugins\/seo\/ -->\n<title>Invertergeneraator KS 8100iE ATSR - Genekas24<\/title>\n<meta name=\"robots\" content=\"index, follow, max-snippet:-1, max-image-preview:large, max-video-preview:-1\" \/>\n<link rel=\"canonical\" href=\"https:\/\/staging.genekas24.ee\/fi\/tuote\/invertterigeneraattori-ks-8100ie-atsr\/\" \/>\n<meta property=\"og:locale\" content=\"fi_FI\" \/>\n<meta property=\"og:type\" content=\"article\" \/>\n<meta property=\"og:title\" content=\"Invertergeneraator KS 8100iE ATSR - Genekas24\" \/>\n<meta property=\"og:description\" content=\"Pinge 230    Max v\u00f5imsus, kW 8.0    Nominaalne v\u00f5imsus, kW 7.2    Sagedus, Hz 50    Vool (max), \u0410 34.8   Pistikupesad   1 x Schuko 230 V 1 x CEE 230 V 32 A     Mootori k\u00e4ivitamine Electric    K\u00fctusepaagi maht, l 20    Keskmine t\u00f6\u00f6aeg (power 50%), h*** 7.1    LED-ekraan   Pinge, sagedus, t\u00f6\u00f6aeg     M\u00fcratase Lpa (7m)\/Lwa, dB   70\/95     V\u00f5imsus DC, V\/\u0410   12V\/8.3A     USB-v\u00e4ljund   5V\/1A, 5V\/2.1A     Mootori mudel   KS 480i     Mootori silindri t\u00f6\u00f6maht, cm3 458    Mootori t\u00fc\u00fcp   Bensiinimootoriga \u00fchesilindriline, neljataktiline \u00f5hkjahutusega     Mootori v\u00f5imsus, hp 16    Paralleel\u00fchenduse v\u00f5imalus -    ATS v\u00e4ljund +    Karteri maht, l   1.1     Aku, A\u00b7h   1.6     Kaitseklass   IP23M    Neto m\u00f5\u00f5dud (PxLxK), mm 600\u0445510\u0445560   Bruto m\u00f5\u00f5dud (PxLxK), mm 725\u0445505\u0445555   Netokaal, kg 68   Brutokaal, kg 71   EAN kood 4260405364725    *** K\u00fctusekulu s\u00f5ltub paljudest teguritest: nagu koormus, k\u00fctuse kvaliteet, aastaaeg, k\u00f5rgus merepinnast, generaatori tehniline seisukord.  Kokku pandud HRV-s.\" \/>\n<meta property=\"og:url\" content=\"https:\/\/staging.genekas24.ee\/fi\/tuote\/invertterigeneraattori-ks-8100ie-atsr\/\" \/>\n<meta property=\"og:site_name\" content=\"Genekas24\" \/>\n<meta property=\"article:modified_time\" content=\"2025-12-22T15:29:48+00:00\" \/>\n<meta property=\"og:image\" content=\"https:\/\/staging.genekas24.ee\/wp-content\/uploads\/2022\/06\/KS-8100iE-ATSR.png\" \/>\n\t<meta property=\"og:image:width\" content=\"600\" \/>\n\t<meta property=\"og:image:height\" content=\"400\" \/>\n\t<meta property=\"og:image:type\" content=\"image\/png\" \/>\n<meta name=\"twitter:card\" content=\"summary_large_image\" \/>\n<meta name=\"twitter:label1\" content=\"Arvioitu lukuaika\" \/>\n\t<meta name=\"twitter:data1\" content=\"4 minuuttia\" \/>\n<script type=\"application\/ld+json\" class=\"yoast-schema-graph\">{\"@context\":\"https:\/\/schema.org\",\"@graph\":[{\"@type\":\"WebPage\",\"@id\":\"https:\/\/staging.genekas24.ee\/toode\/invertergeneraator-ks-8100ie-atsr\/\",\"url\":\"https:\/\/staging.genekas24.ee\/toode\/invertergeneraator-ks-8100ie-atsr\/\",\"name\":\"Invertergeneraator KS 8100iE ATSR - Genekas24\",\"isPartOf\":{\"@id\":\"https:\/\/staging.genekas24.ee\/#website\"},\"primaryImageOfPage\":{\"@id\":\"https:\/\/staging.genekas24.ee\/toode\/invertergeneraator-ks-8100ie-atsr\/#primaryimage\"},\"image\":{\"@id\":\"https:\/\/staging.genekas24.ee\/toode\/invertergeneraator-ks-8100ie-atsr\/#primaryimage\"},\"thumbnailUrl\":\"https:\/\/staging.genekas24.ee\/wp-content\/uploads\/2022\/06\/KS-8100iE-ATSR.png\",\"datePublished\":\"2022-06-24T08:03:47+00:00\",\"dateModified\":\"2025-12-22T15:29:48+00:00\",\"breadcrumb\":{\"@id\":\"https:\/\/staging.genekas24.ee\/toode\/invertergeneraator-ks-8100ie-atsr\/#breadcrumb\"},\"inLanguage\":\"fi\",\"potentialAction\":[{\"@type\":\"ReadAction\",\"target\":[\"https:\/\/staging.genekas24.ee\/toode\/invertergeneraator-ks-8100ie-atsr\/\"]}]},{\"@type\":\"ImageObject\",\"inLanguage\":\"fi\",\"@id\":\"https:\/\/staging.genekas24.ee\/toode\/invertergeneraator-ks-8100ie-atsr\/#primaryimage\",\"url\":\"https:\/\/staging.genekas24.ee\/wp-content\/uploads\/2022\/06\/KS-8100iE-ATSR.png\",\"contentUrl\":\"https:\/\/staging.genekas24.ee\/wp-content\/uploads\/2022\/06\/KS-8100iE-ATSR.png\",\"width\":600,\"height\":400},{\"@type\":\"BreadcrumbList\",\"@id\":\"https:\/\/staging.genekas24.ee\/toode\/invertergeneraator-ks-8100ie-atsr\/#breadcrumb\",\"itemListElement\":[{\"@type\":\"ListItem\",\"position\":1,\"name\":\"Home\",\"item\":\"https:\/\/staging.genekas24.ee\/\"},{\"@type\":\"ListItem\",\"position\":2,\"name\":\"Pood\",\"item\":\"https:\/\/staging.genekas24.ee\/pood\/\"},{\"@type\":\"ListItem\",\"position\":3,\"name\":\"Invertergeneraator KS 8100iE ATSR\"}]},{\"@type\":\"WebSite\",\"@id\":\"https:\/\/staging.genekas24.ee\/#website\",\"url\":\"https:\/\/staging.genekas24.ee\/\",\"name\":\"Genekas24\",\"description\":\"Generaatorid | K&ouml;nner S&ouml;hnen tooted | Genekas24\",\"publisher\":{\"@id\":\"https:\/\/staging.genekas24.ee\/#organization\"},\"potentialAction\":[{\"@type\":\"SearchAction\",\"target\":{\"@type\":\"EntryPoint\",\"urlTemplate\":\"https:\/\/staging.genekas24.ee\/?s={search_term_string}\"},\"query-input\":{\"@type\":\"PropertyValueSpecification\",\"valueRequired\":true,\"valueName\":\"search_term_string\"}}],\"inLanguage\":\"fi\"},{\"@type\":\"Organization\",\"@id\":\"https:\/\/staging.genekas24.ee\/#organization\",\"name\":\"Genekas24\",\"url\":\"https:\/\/staging.genekas24.ee\/\",\"logo\":{\"@type\":\"ImageObject\",\"inLanguage\":\"fi\",\"@id\":\"https:\/\/staging.genekas24.ee\/#\/schema\/logo\/image\/\",\"url\":\"https:\/\/staging.genekas24.ee\/wp-content\/uploads\/2026\/01\/genekas24-logo_black.svg\",\"contentUrl\":\"https:\/\/staging.genekas24.ee\/wp-content\/uploads\/2026\/01\/genekas24-logo_black.svg\",\"width\":840,\"height\":131,\"caption\":\"Genekas24\"},\"image\":{\"@id\":\"https:\/\/staging.genekas24.ee\/#\/schema\/logo\/image\/\"}}]}<\/script>\n<!-- \/ Yoast SEO plugin. -->","yoast_head_json":{"title":"Invertterigeneraattori KS 8100iE ATSR - Genekas24","robots":{"index":"index","follow":"follow","max-snippet":"max-snippet:-1","max-image-preview":"max-image-preview:large","max-video-preview":"max-video-preview:-1"},"canonical":"https:\/\/staging.genekas24.ee\/fi\/tuote\/invertterigeneraattori-ks-8100ie-atsr\/","og_locale":"fi_FI","og_type":"article","og_title":"Invertergeneraator KS 8100iE ATSR - Genekas24","og_description":"Pinge 230    Max v\u00f5imsus, kW 8.0    Nominaalne v\u00f5imsus, kW 7.2    Sagedus, Hz 50    Vool (max), \u0410 34.8   Pistikupesad   1 x Schuko 230 V 1 x CEE 230 V 32 A     Mootori k\u00e4ivitamine Electric    K\u00fctusepaagi maht, l 20    Keskmine t\u00f6\u00f6aeg (power 50%), h*** 7.1    LED-ekraan   Pinge, sagedus, t\u00f6\u00f6aeg     M\u00fcratase Lpa (7m)\/Lwa, dB   70\/95     V\u00f5imsus DC, V\/\u0410   12V\/8.3A     USB-v\u00e4ljund   5V\/1A, 5V\/2.1A     Mootori mudel   KS 480i     Mootori silindri t\u00f6\u00f6maht, cm3 458    Mootori t\u00fc\u00fcp   Bensiinimootoriga \u00fchesilindriline, neljataktiline \u00f5hkjahutusega     Mootori v\u00f5imsus, hp 16    Paralleel\u00fchenduse v\u00f5imalus -    ATS v\u00e4ljund +    Karteri maht, l   1.1     Aku, A\u00b7h   1.6     Kaitseklass   IP23M    Neto m\u00f5\u00f5dud (PxLxK), mm 600\u0445510\u0445560   Bruto m\u00f5\u00f5dud (PxLxK), mm 725\u0445505\u0445555   Netokaal, kg 68   Brutokaal, kg 71   EAN kood 4260405364725    *** K\u00fctusekulu s\u00f5ltub paljudest teguritest: nagu koormus, k\u00fctuse kvaliteet, aastaaeg, k\u00f5rgus merepinnast, generaatori tehniline seisukord.  Kokku pandud HRV-s.","og_url":"https:\/\/staging.genekas24.ee\/fi\/tuote\/invertterigeneraattori-ks-8100ie-atsr\/","og_site_name":"Genekas24","article_modified_time":"2025-12-22T15:29:48+00:00","og_image":[{"width":600,"height":400,"url":"https:\/\/staging.genekas24.ee\/wp-content\/uploads\/2022\/06\/KS-8100iE-ATSR.png","type":"image\/png"}],"twitter_card":"summary_large_image","twitter_misc":{"Arvioitu lukuaika":"4 minuuttia"},"schema":{"@context":"https:\/\/schema.org","@graph":[{"@type":"WebPage","@id":"https:\/\/staging.genekas24.ee\/toode\/invertergeneraator-ks-8100ie-atsr\/","url":"https:\/\/staging.genekas24.ee\/toode\/invertergeneraator-ks-8100ie-atsr\/","name":"Invertterigeneraattori KS 8100iE ATSR - Genekas24","isPartOf":{"@id":"https:\/\/staging.genekas24.ee\/#website"},"primaryImageOfPage":{"@id":"https:\/\/staging.genekas24.ee\/toode\/invertergeneraator-ks-8100ie-atsr\/#primaryimage"},"image":{"@id":"https:\/\/staging.genekas24.ee\/toode\/invertergeneraator-ks-8100ie-atsr\/#primaryimage"},"thumbnailUrl":"https:\/\/staging.genekas24.ee\/wp-content\/uploads\/2022\/06\/KS-8100iE-ATSR.png","datePublished":"2022-06-24T08:03:47+00:00","dateModified":"2025-12-22T15:29:48+00:00","breadcrumb":{"@id":"https:\/\/staging.genekas24.ee\/toode\/invertergeneraator-ks-8100ie-atsr\/#breadcrumb"},"inLanguage":"fi","potentialAction":[{"@type":"ReadAction","target":["https:\/\/staging.genekas24.ee\/toode\/invertergeneraator-ks-8100ie-atsr\/"]}]},{"@type":"ImageObject","inLanguage":"fi","@id":"https:\/\/staging.genekas24.ee\/toode\/invertergeneraator-ks-8100ie-atsr\/#primaryimage","url":"https:\/\/staging.genekas24.ee\/wp-content\/uploads\/2022\/06\/KS-8100iE-ATSR.png","contentUrl":"https:\/\/staging.genekas24.ee\/wp-content\/uploads\/2022\/06\/KS-8100iE-ATSR.png","width":600,"height":400},{"@type":"BreadcrumbList","@id":"https:\/\/staging.genekas24.ee\/toode\/invertergeneraator-ks-8100ie-atsr\/#breadcrumb","itemListElement":[{"@type":"ListItem","position":1,"name":"Home","item":"https:\/\/staging.genekas24.ee\/"},{"@type":"ListItem","position":2,"name":"Pood","item":"https:\/\/staging.genekas24.ee\/pood\/"},{"@type":"ListItem","position":3,"name":"Invertergeneraator KS 8100iE ATSR"}]},{"@type":"WebSite","@id":"https:\/\/staging.genekas24.ee\/#website","url":"https:\/\/staging.genekas24.ee\/","name":"Genekas24","description":"Generaatorid | K&ouml;nner S&ouml;hnen tooted | Genekas24","publisher":{"@id":"https:\/\/staging.genekas24.ee\/#organization"},"potentialAction":[{"@type":"SearchAction","target":{"@type":"EntryPoint","urlTemplate":"https:\/\/staging.genekas24.ee\/?s={search_term_string}"},"query-input":{"@type":"PropertyValueSpecification","valueRequired":true,"valueName":"search_term_string"}}],"inLanguage":"fi"},{"@type":"Organization","@id":"https:\/\/staging.genekas24.ee\/#organization","name":"Genekas24","url":"https:\/\/staging.genekas24.ee\/","logo":{"@type":"ImageObject","inLanguage":"fi","@id":"https:\/\/staging.genekas24.ee\/#\/schema\/logo\/image\/","url":"https:\/\/staging.genekas24.ee\/wp-content\/uploads\/2026\/01\/genekas24-logo_black.svg","contentUrl":"https:\/\/staging.genekas24.ee\/wp-content\/uploads\/2026\/01\/genekas24-logo_black.svg","width":840,"height":131,"caption":"Genekas24"},"image":{"@id":"https:\/\/staging.genekas24.ee\/#\/schema\/logo\/image\/"}}]}},"_links":{"self":[{"href":"https:\/\/staging.genekas24.ee\/fi\/wp-json\/wp\/v2\/product\/4814","targetHints":{"allow":["GET"]}}],"collection":[{"href":"https:\/\/staging.genekas24.ee\/fi\/wp-json\/wp\/v2\/product"}],"about":[{"href":"https:\/\/staging.genekas24.ee\/fi\/wp-json\/wp\/v2\/types\/product"}],"version-history":[{"count":15,"href":"https:\/\/staging.genekas24.ee\/fi\/wp-json\/wp\/v2\/product\/4814\/revisions"}],"predecessor-version":[{"id":19223,"href":"https:\/\/staging.genekas24.ee\/fi\/wp-json\/wp\/v2\/product\/4814\/revisions\/19223"}],"wp:featuredmedia":[{"embeddable":true,"href":"https:\/\/staging.genekas24.ee\/fi\/wp-json\/wp\/v2\/media\/17676"}],"wp:attachment":[{"href":"https:\/\/staging.genekas24.ee\/fi\/wp-json\/wp\/v2\/media?parent=4814"}],"wp:term":[{"taxonomy":"product_brand","embeddable":true,"href":"https:\/\/staging.genekas24.ee\/fi\/wp-json\/wp\/v2\/product_brand?post=4814"},{"taxonomy":"product_cat","embeddable":true,"href":"https:\/\/staging.genekas24.ee\/fi\/wp-json\/wp\/v2\/product_cat?post=4814"},{"taxonomy":"product_tag","embeddable":true,"href":"https:\/\/staging.genekas24.ee\/fi\/wp-json\/wp\/v2\/product_tag?post=4814"}],"curies":[{"name":"wp","href":"https:\/\/api.w.org\/{rel}","templated":true}]}}