{"id":4705,"date":"2022-06-23T21:06:15","date_gmt":"2022-06-23T21:06:15","guid":{"rendered":"https:\/\/staging.genekas24.ee\/?post_type=product&#038;p=4705"},"modified":"2025-12-31T08:52:08","modified_gmt":"2025-12-31T08:52:08","slug":"diiselgeneraator-ks-9200hdes-1-3atsr-euro-v","status":"publish","type":"product","link":"https:\/\/staging.genekas24.ee\/fi\/tuote\/dieselgeneraattori-ks-9200hdes-1-3-atsr-euro-v\/","title":{"rendered":"Dieselgeneraattori KS 9200HDES-1\/3 ATSR (EURO V)"},"content":{"rendered":"<p>&nbsp;<\/p>\n<table>\n<tbody>\n<tr class=\"even\">\n<td><img fetchpriority=\"high\" decoding=\"async\" class=\"alignnone size-medium wp-image-2723\" src=\"https:\/\/staging.genekas24.ee\/wp-content\/uploads\/2022\/06\/Branded-engines-300x300.jpg\" alt=\"\" width=\"300\" height=\"300\" \/><\/td>\n<td><strong>K\u00d6NNER &amp; S\u00d6HNEN -MOOTTORIT<\/strong><\/p>\n<p>Diesel- ja bensiinigeneraattoreiden moottorit valmistetaan DIMAX Int. GmbH -yrityksen lisenssill\u00e4 ja niiss\u00e4 on K&amp;S-logo. Moottoreiden suuri teho laturiin n\u00e4hden mahdollistaa nimellistehon tuoton ja vakaan ty\u00f6skentelyn kaikilla kuormilla. Kaikki moottorit on testattu jatkuvaa k\u00e4ytt\u00f6\u00e4 varten ja purettu ja tarkastettu sen j\u00e4lkeen vianetsint\u00e4tarkoituksiin. Jokaisella moottorilla ja generaattorilla on yksil\u00f6llinen sarjanumero, jonka avulla voimme valvoa tuotannon ja palvelun laatua. Moottorit t\u00e4ytt\u00e4v\u00e4t kaikki eurooppalaiset laatustandardit, mukaan lukien nykyaikainen EURO-V-ymp\u00e4rist\u00f6standardi.<\/td>\n<\/tr>\n<tr class=\"odd\">\n<td><img decoding=\"async\" class=\"alignnone size-medium wp-image-4617\" src=\"https:\/\/staging.genekas24.ee\/wp-content\/uploads\/2022\/01\/VTS-SYSTEM-300x300.jpg\" alt=\"\" width=\"300\" height=\"300\" \/><\/td>\n<td><strong>VTS-J\u00c4RJESTELM\u00c4<\/strong><\/p>\n<p>Yleisk\u00e4ytt\u00f6iset 2-in-1 generaattorit, joissa on ainutlaatuinen VTS-kytkin (Voltage Transfer Switch), joka ansiosta yht\u00e4 generaattoria voidaan k\u00e4ytt\u00e4\u00e4 yksivaiheisena (230 V) ja kolmivaiheisena (400 V) l\u00e4hes ilman tehoh\u00e4vi\u00f6t\u00e4. Jokaisella tilalla on oma automaattisuojauksensa. Ei tarvetta kahdelle erilliselle generaattorille.<\/td>\n<\/tr>\n<tr class=\"odd\">\n<td><img decoding=\"async\" class=\"alignnone size-medium wp-image-2729\" src=\"https:\/\/staging.genekas24.ee\/wp-content\/uploads\/2022\/12\/diesel-ats-4-63-macro.jpg\" alt=\"\" width=\"300\" height=\"300\" \/><\/td>\n<td><strong>AUTOMAATTINEN SIIRTOKYTKIN<\/strong> (<a href=\"https:\/\/staging.genekas24.ee\/fi\/tuote\/automaattinen-siirto-kytkin-ks-ats-4-63hd\/\" target=\"_blank\" rel=\"noopener\">ATS 4\/63HD<\/a>)<\/p>\n<p>Automaattinen ATS-siirtokytkinyksikk\u00f6 (Automatic transfer switch) k\u00e4ynnist\u00e4\u00e4 generaattorin automaattisesti ja siirt\u00e4\u00e4 sille kuorman, kun yhteys verkkovirtaan katkeaa, ja pys\u00e4ytt\u00e4\u00e4 generaattorin automaattisesti, kun verkkovirta palautuu.<\/td>\n<\/tr>\n<tr class=\"odd\">\n<td><img loading=\"lazy\" decoding=\"async\" class=\"alignnone size-medium wp-image-4623\" src=\"https:\/\/staging.genekas24.ee\/wp-content\/uploads\/2022\/12\/8200HDES-1_3_ATSR_screen.jpg\" alt=\"\" width=\"300\" height=\"227\" \/><\/td>\n<td><strong>ESIL\u00c4MMITYS<\/strong><\/p>\n<p>\u201dHEAVY DUTY\u201d -sarjan dieselgeneraattoreissa on esil\u00e4mmitystoiminto, jonka ansiosta voit k\u00e4ytt\u00e4\u00e4 generaattoria talvella vaivatta.<\/td>\n<\/tr>\n<tr class=\"odd\">\n<td><img loading=\"lazy\" decoding=\"async\" class=\"alignnone wp-image-4629 size-medium\" src=\"https:\/\/staging.genekas24.ee\/wp-content\/uploads\/2022\/12\/gehause.jpg\" alt=\"\" width=\"300\" height=\"237\" \/><\/td>\n<td><strong>KOTELO<\/strong><\/p>\n<p>Ymp\u00e4rivuotiseen k\u00e4ytt\u00f6\u00f6n soveltuva melua vaimentava ilkivallalta suojattu kotelo suojaa generaattoria tehokkaasti ja pident\u00e4\u00e4 sen k\u00e4ytt\u00f6ik\u00e4\u00e4. Kotelossa on liikuttelua helpottavat kahvat ja kuljetuspy\u00f6r\u00e4t.<\/td>\n<\/tr>\n<tr class=\"even\">\n<td><img loading=\"lazy\" decoding=\"async\" class=\"alignnone size-medium wp-image-2799\" src=\"https:\/\/staging.genekas24.ee\/wp-content\/uploads\/2022\/12\/diesel-transport-wheels.jpg\" alt=\"\" width=\"300\" height=\"225\" \/><\/td>\n<td><strong>KULJETUSPY\u00d6R\u00c4T<\/strong><\/p>\n<p>Generaattorin kotelo on varustettu nelipy\u00f6r\u00e4isell\u00e4 kuljetussarjalla, jonka avulla yksik\u00f6n liikuttaminen on helppoa.<\/td>\n<\/tr>\n<\/tbody>\n<\/table>\n<p><em><span style=\"font-size: 14px;\">***Polttoaineen kulutus riippuu monista tekij\u00f6ist\u00e4: kuormituksesta, polttoaineen laadusta, vuodenajasta, korkeudesta ja generaattorin teknisest\u00e4 kunnosta.<\/span><\/em><\/p>\n<p>Koottu PRC.<\/p>","protected":false},"excerpt":{"rendered":"<table>\n<tbody>\n<tr class=\"even\">\n<td width=\"60%\">J\u00e4nnite<\/td>\n<td>\n<div class=\"attribute row\">\n<div class=\"col-xs-6\">230\/400<\/div>\n<\/div>\n<\/td>\n<\/tr>\n<tr class=\"odd\">\n<td>\n<div class=\"col-xs-6\">Suurin teho \/ nimellisteho (230 V), kW<\/div>\n<\/td>\n<td>\n<div class=\"attribute row\">\n<div class=\"col-xs-6\">6.5\/6.0<\/div>\n<\/div>\n<\/td>\n<\/tr>\n<tr class=\"even\">\n<td>\n<div class=\"col-xs-6\">Max\/Nominaalne v\u00f5imsus (400V), kW<\/div>\n<\/td>\n<td>\n<div class=\"attribute row\">\n<div class=\"col-xs-6\">7.5\/7.0<\/div>\n<\/div>\n<\/td>\n<\/tr>\n<tr class=\"odd\">\n<td>\n<div class=\"col-xs-6\">Taajuus, Hz<\/div>\n<\/td>\n<td>50<\/td>\n<\/tr>\n<tr class=\"even\">\n<td>\n<div class=\"col-xs-6\">Virta (enint.) 230\/400 V, A<\/div>\n<\/td>\n<td>\n<div class=\"attribute row\">\n<div class=\"col-xs-6\">28.26\/13.54<\/div>\n<\/div>\n<\/td>\n<\/tr>\n<tr class=\"odd\">\n<td>Pistorasiat<\/td>\n<td>\n<div class=\"attribute row\">\n<div class=\"col-xs-6\">1 x CEE 230 V 32 A<br \/>\n1 x CEE 400 V 16 A<\/div>\n<\/div>\n<\/td>\n<\/tr>\n<tr class=\"even\">\n<td>\n<div class=\"col-xs-6\">Keskim. k\u00e4ytt\u00f6aika (teho 50 %), h***<\/div>\n<\/td>\n<td>11.1<\/td>\n<\/tr>\n<tr class=\"odd\">\n<td>\n<div class=\"col-xs-6\">LED-n\u00e4ytt\u00f6<\/div>\n<\/td>\n<td>\n<div class=\"attribute row\">\n<div class=\"col-xs-6\">J\u00e4nnite, taajuus, k\u00e4ytt\u00f6tunnit<\/div>\n<\/div>\n<\/td>\n<\/tr>\n<tr class=\"even\">\n<td>\n<div class=\"col-xs-6\">Melutaso Lpa (7 m) \/ Lwa, dB<\/div>\n<\/td>\n<td>\n<div class=\"attribute row\">\n<div class=\"col-xs-6\">69\/94<\/div>\n<\/div>\n<\/td>\n<\/tr>\n<tr class=\"odd\">\n<td>\n<div class=\"col-xs-6\">Antoteho DC, V\/A<\/div>\n<\/td>\n<td>\n<div class=\"attribute row\">\n<div class=\"col-xs-6\">12\/8.3<\/div>\n<\/div>\n<\/td>\n<\/tr>\n<tr class=\"even\">\n<td>\n<div class=\"col-xs-6\">Moottorityyppi<\/div>\n<\/td>\n<td>\n<div class=\"attribute row\">\n<div class=\"col-xs-6\">Dieselk\u00e4ytt\u00f6inen, yksisylinterinen, nelitahtinen, ilmaj\u00e4\u00e4hdytteinen<\/div>\n<\/div>\n<\/td>\n<\/tr>\n<tr class=\"odd\">\n<td>\n<div class=\"col-xs-6\">Moottorin malli<\/div>\n<\/td>\n<td>\n<div class=\"attribute row\">\n<div class=\"col-xs-6\">KS 520HD-V<\/div>\n<\/div>\n<\/td>\n<\/tr>\n<tr class=\"even\">\n<td>\n<div class=\"col-xs-6\">Moottoriteho, hv\/kW<\/div>\n<\/td>\n<td>\n<div class=\"attribute row\">\n<div class=\"col-xs-6\">18.0\/13.24<\/div>\n<\/div>\n<\/td>\n<\/tr>\n<tr class=\"odd\">\n<td>Esil\u00e4mmitin<\/td>\n<td>+<\/td>\n<\/tr>\n<tr class=\"even\">\n<td>\n<div class=\"col-xs-6\">Polttoaines\u00e4ili\u00f6n tilavuus, L<\/div>\n<\/td>\n<td>20<\/td>\n<\/tr>\n<tr class=\"odd\">\n<td>\n<div class=\"col-xs-6\">Kampikammion tilavuus, L<\/div>\n<\/td>\n<td>\n<div class=\"attribute row\">\n<div class=\"col-xs-6\">1.65<\/div>\n<\/div>\n<\/td>\n<\/tr>\n<tr class=\"even\">\n<td>\n<div class=\"col-xs-6\">Moottorin sylinteritilavuus, cm3<\/div>\n<\/td>\n<td>498<\/td>\n<\/tr>\n<tr class=\"odd\">\n<td>\n<div class=\"col-xs-6\">Tehons\u00e4\u00e4din<\/div>\n<\/td>\n<td>\n<div class=\"attribute row\">\n<div class=\"col-xs-6\">\u00c4lyk\u00e4s j\u00e4nnitteenvakautusj\u00e4rjestelm\u00e4 AVR<\/div>\n<\/div>\n<\/td>\n<\/tr>\n<tr class=\"even\">\n<td>\n<div class=\"col-xs-6\">Moottorin k\u00e4ynnistys<\/div>\n<\/td>\n<td>\n<div class=\"attribute row\">\n<div class=\"col-xs-6\">S\u00e4hk\u00f6inen<\/div>\n<\/div>\n<\/td>\n<\/tr>\n<tr class=\"odd\">\n<td>\n<div class=\"col-xs-6\">Akku, Ah<\/div>\n<\/td>\n<td>30<\/td>\n<\/tr>\n<tr class=\"even\">\n<td>\n<div class=\"col-xs-6\">L\u00e4ht\u00f6 ATS:lle<\/div>\n<\/td>\n<td>+<\/td>\n<\/tr>\n<tr>\n<td>Sis\u00e4mitat (PxLxK), mm<\/td>\n<td>900x545x905<\/td>\n<\/tr>\n<tr>\n<td>Bruttomitat (P x L x K), mm<\/td>\n<td>960x570x985<\/td>\n<\/tr>\n<tr>\n<td>Nettopaino, kg<\/td>\n<td>168<\/td>\n<\/tr>\n<tr>\n<td>Bruttopaino, kg<\/td>\n<td>178<\/td>\n<\/tr>\n<tr>\n<td>Suojausluokka<\/td>\n<td>IP23M<\/td>\n<\/tr>\n<tr>\n<td>EAN-koodi<\/td>\n<td>4260405362363<\/td>\n<\/tr>\n<\/tbody>\n<\/table>\n<p>***Polttoaineenkulutus riippuu monista tekij\u00f6ist\u00e4, kuten kuormituksesta, polttoaineen laadusta, vuodenajasta, korkeudesta, generaattorin teknisest\u00e4 kunnosta.<\/p>\n<p>Koottu PRC.<\/p>","protected":false},"featured_media":17723,"template":"","meta":{"_acf_changed":false,"inline_featured_image":false},"product_brand":[],"product_cat":[179,94,22],"product_tag":[],"class_list":{"0":"post-4705","1":"product","2":"type-product","3":"status-publish","4":"has-post-thumbnail","6":"product_cat-allahinnatud","7":"product_cat-generaatorid","8":"product_cat-diiselgeneraatorid","9":"product_shipping_class-euroalus","10":"brand-konner-sohnen","12":"first","13":"onbackorder","14":"sale","15":"taxable","16":"shipping-taxable","17":"purchasable","18":"product-type-simple"},"acf":[],"yoast_head":"<!-- This site is optimized with the Yoast SEO plugin v26.2 - https:\/\/yoast.com\/wordpress\/plugins\/seo\/ -->\n<title>Diiselgeneraator KS 9200HDES-1\/3 ATSR (EURO V) \u2013 Genekas24<\/title>\n<meta name=\"description\" content=\"Osta Genekas24.ee-st diiselgeneraator KS 9200HDES-1\/3 ATSR (EURO V). 6,5 kW \/ 7,0 kW v\u00f5imsus, EURO V heitkoguste tase, vaikne t\u00f6\u00f6, usaldusv\u00e4\u00e4rne ja vastupidav.\" \/>\n<meta name=\"robots\" content=\"index, follow, max-snippet:-1, max-image-preview:large, max-video-preview:-1\" \/>\n<link rel=\"canonical\" href=\"https:\/\/staging.genekas24.ee\/fi\/tuote\/dieselgeneraattori-ks-9200hdes-1-3-atsr-euro-v\/\" \/>\n<meta property=\"og:locale\" content=\"fi_FI\" \/>\n<meta property=\"og:type\" content=\"article\" \/>\n<meta property=\"og:title\" content=\"Diiselgeneraator KS 9200HDES-1\/3 ATSR (EURO V) \u2013 Genekas24\" \/>\n<meta property=\"og:description\" content=\"Osta Genekas24.ee-st diiselgeneraator KS 9200HDES-1\/3 ATSR (EURO V). 6,5 kW \/ 7,0 kW v\u00f5imsus, EURO V heitkoguste tase, vaikne t\u00f6\u00f6, usaldusv\u00e4\u00e4rne ja vastupidav.\" \/>\n<meta property=\"og:url\" content=\"https:\/\/staging.genekas24.ee\/fi\/tuote\/dieselgeneraattori-ks-9200hdes-1-3-atsr-euro-v\/\" \/>\n<meta property=\"og:site_name\" content=\"Genekas24\" \/>\n<meta property=\"article:modified_time\" content=\"2025-12-31T08:52:08+00:00\" \/>\n<meta property=\"og:image\" content=\"https:\/\/staging.genekas24.ee\/wp-content\/uploads\/2022\/06\/KS-9200HDES-13-ATSR.png\" \/>\n\t<meta property=\"og:image:width\" content=\"600\" \/>\n\t<meta property=\"og:image:height\" content=\"450\" \/>\n\t<meta property=\"og:image:type\" content=\"image\/png\" \/>\n<meta name=\"twitter:card\" content=\"summary_large_image\" \/>\n<meta name=\"twitter:label1\" content=\"Arvioitu lukuaika\" \/>\n\t<meta name=\"twitter:data1\" content=\"3 minuuttia\" \/>\n<script type=\"application\/ld+json\" class=\"yoast-schema-graph\">{\"@context\":\"https:\/\/schema.org\",\"@graph\":[{\"@type\":\"WebPage\",\"@id\":\"https:\/\/staging.genekas24.ee\/toode\/diiselgeneraator-ks-9200hdes-1-3atsr-euro-v\/\",\"url\":\"https:\/\/staging.genekas24.ee\/toode\/diiselgeneraator-ks-9200hdes-1-3atsr-euro-v\/\",\"name\":\"Diiselgeneraator KS 9200HDES-1\/3 ATSR (EURO V) \u2013 Genekas24\",\"isPartOf\":{\"@id\":\"https:\/\/staging.genekas24.ee\/#website\"},\"primaryImageOfPage\":{\"@id\":\"https:\/\/staging.genekas24.ee\/toode\/diiselgeneraator-ks-9200hdes-1-3atsr-euro-v\/#primaryimage\"},\"image\":{\"@id\":\"https:\/\/staging.genekas24.ee\/toode\/diiselgeneraator-ks-9200hdes-1-3atsr-euro-v\/#primaryimage\"},\"thumbnailUrl\":\"https:\/\/staging.genekas24.ee\/wp-content\/uploads\/2022\/06\/KS-9200HDES-13-ATSR.png\",\"datePublished\":\"2022-06-23T21:06:15+00:00\",\"dateModified\":\"2025-12-31T08:52:08+00:00\",\"description\":\"Osta Genekas24.ee-st diiselgeneraator KS 9200HDES-1\/3 ATSR (EURO V). 6,5 kW \/ 7,0 kW v\u00f5imsus, EURO V heitkoguste tase, vaikne t\u00f6\u00f6, usaldusv\u00e4\u00e4rne ja vastupidav.\",\"breadcrumb\":{\"@id\":\"https:\/\/staging.genekas24.ee\/toode\/diiselgeneraator-ks-9200hdes-1-3atsr-euro-v\/#breadcrumb\"},\"inLanguage\":\"fi\",\"potentialAction\":[{\"@type\":\"ReadAction\",\"target\":[\"https:\/\/staging.genekas24.ee\/toode\/diiselgeneraator-ks-9200hdes-1-3atsr-euro-v\/\"]}]},{\"@type\":\"ImageObject\",\"inLanguage\":\"fi\",\"@id\":\"https:\/\/staging.genekas24.ee\/toode\/diiselgeneraator-ks-9200hdes-1-3atsr-euro-v\/#primaryimage\",\"url\":\"https:\/\/staging.genekas24.ee\/wp-content\/uploads\/2022\/06\/KS-9200HDES-13-ATSR.png\",\"contentUrl\":\"https:\/\/staging.genekas24.ee\/wp-content\/uploads\/2022\/06\/KS-9200HDES-13-ATSR.png\",\"width\":600,\"height\":450},{\"@type\":\"BreadcrumbList\",\"@id\":\"https:\/\/staging.genekas24.ee\/toode\/diiselgeneraator-ks-9200hdes-1-3atsr-euro-v\/#breadcrumb\",\"itemListElement\":[{\"@type\":\"ListItem\",\"position\":1,\"name\":\"Home\",\"item\":\"https:\/\/staging.genekas24.ee\/\"},{\"@type\":\"ListItem\",\"position\":2,\"name\":\"Pood\",\"item\":\"https:\/\/staging.genekas24.ee\/pood\/\"},{\"@type\":\"ListItem\",\"position\":3,\"name\":\"Diiselgeneraator KS 9200HDES-1\/3 ATSR (EURO V)\"}]},{\"@type\":\"WebSite\",\"@id\":\"https:\/\/staging.genekas24.ee\/#website\",\"url\":\"https:\/\/staging.genekas24.ee\/\",\"name\":\"Genekas24\",\"description\":\"Generaatorid | K&ouml;nner S&ouml;hnen tooted | Genekas24\",\"publisher\":{\"@id\":\"https:\/\/staging.genekas24.ee\/#organization\"},\"potentialAction\":[{\"@type\":\"SearchAction\",\"target\":{\"@type\":\"EntryPoint\",\"urlTemplate\":\"https:\/\/staging.genekas24.ee\/?s={search_term_string}\"},\"query-input\":{\"@type\":\"PropertyValueSpecification\",\"valueRequired\":true,\"valueName\":\"search_term_string\"}}],\"inLanguage\":\"fi\"},{\"@type\":\"Organization\",\"@id\":\"https:\/\/staging.genekas24.ee\/#organization\",\"name\":\"Genekas24\",\"url\":\"https:\/\/staging.genekas24.ee\/\",\"logo\":{\"@type\":\"ImageObject\",\"inLanguage\":\"fi\",\"@id\":\"https:\/\/staging.genekas24.ee\/#\/schema\/logo\/image\/\",\"url\":\"https:\/\/staging.genekas24.ee\/wp-content\/uploads\/2026\/01\/genekas24-logo_black.svg\",\"contentUrl\":\"https:\/\/staging.genekas24.ee\/wp-content\/uploads\/2026\/01\/genekas24-logo_black.svg\",\"width\":840,\"height\":131,\"caption\":\"Genekas24\"},\"image\":{\"@id\":\"https:\/\/staging.genekas24.ee\/#\/schema\/logo\/image\/\"}}]}<\/script>\n<!-- \/ Yoast SEO plugin. -->","yoast_head_json":{"title":"Dieselgeneraattori KS 9200HDES-1\/3 ATSR (EURO V) \u2013 Genekas24","description":"Osta Genekas24.ee-st diiselgeneraator KS 9200HDES-1\/3 ATSR (EURO V). 6,5 kW \/ 7,0 kW v\u00f5imsus, EURO V heitkoguste tase, vaikne t\u00f6\u00f6, usaldusv\u00e4\u00e4rne ja vastupidav.","robots":{"index":"index","follow":"follow","max-snippet":"max-snippet:-1","max-image-preview":"max-image-preview:large","max-video-preview":"max-video-preview:-1"},"canonical":"https:\/\/staging.genekas24.ee\/fi\/tuote\/dieselgeneraattori-ks-9200hdes-1-3-atsr-euro-v\/","og_locale":"fi_FI","og_type":"article","og_title":"Diiselgeneraator KS 9200HDES-1\/3 ATSR (EURO V) \u2013 Genekas24","og_description":"Osta Genekas24.ee-st diiselgeneraator KS 9200HDES-1\/3 ATSR (EURO V). 6,5 kW \/ 7,0 kW v\u00f5imsus, EURO V heitkoguste tase, vaikne t\u00f6\u00f6, usaldusv\u00e4\u00e4rne ja vastupidav.","og_url":"https:\/\/staging.genekas24.ee\/fi\/tuote\/dieselgeneraattori-ks-9200hdes-1-3-atsr-euro-v\/","og_site_name":"Genekas24","article_modified_time":"2025-12-31T08:52:08+00:00","og_image":[{"width":600,"height":450,"url":"https:\/\/staging.genekas24.ee\/wp-content\/uploads\/2022\/06\/KS-9200HDES-13-ATSR.png","type":"image\/png"}],"twitter_card":"summary_large_image","twitter_misc":{"Arvioitu lukuaika":"3 minuuttia"},"schema":{"@context":"https:\/\/schema.org","@graph":[{"@type":"WebPage","@id":"https:\/\/staging.genekas24.ee\/toode\/diiselgeneraator-ks-9200hdes-1-3atsr-euro-v\/","url":"https:\/\/staging.genekas24.ee\/toode\/diiselgeneraator-ks-9200hdes-1-3atsr-euro-v\/","name":"Dieselgeneraattori KS 9200HDES-1\/3 ATSR (EURO V) \u2013 Genekas24","isPartOf":{"@id":"https:\/\/staging.genekas24.ee\/#website"},"primaryImageOfPage":{"@id":"https:\/\/staging.genekas24.ee\/toode\/diiselgeneraator-ks-9200hdes-1-3atsr-euro-v\/#primaryimage"},"image":{"@id":"https:\/\/staging.genekas24.ee\/toode\/diiselgeneraator-ks-9200hdes-1-3atsr-euro-v\/#primaryimage"},"thumbnailUrl":"https:\/\/staging.genekas24.ee\/wp-content\/uploads\/2022\/06\/KS-9200HDES-13-ATSR.png","datePublished":"2022-06-23T21:06:15+00:00","dateModified":"2025-12-31T08:52:08+00:00","description":"Osta Genekas24.ee-st diiselgeneraator KS 9200HDES-1\/3 ATSR (EURO V). 6,5 kW \/ 7,0 kW v\u00f5imsus, EURO V heitkoguste tase, vaikne t\u00f6\u00f6, usaldusv\u00e4\u00e4rne ja vastupidav.","breadcrumb":{"@id":"https:\/\/staging.genekas24.ee\/toode\/diiselgeneraator-ks-9200hdes-1-3atsr-euro-v\/#breadcrumb"},"inLanguage":"fi","potentialAction":[{"@type":"ReadAction","target":["https:\/\/staging.genekas24.ee\/toode\/diiselgeneraator-ks-9200hdes-1-3atsr-euro-v\/"]}]},{"@type":"ImageObject","inLanguage":"fi","@id":"https:\/\/staging.genekas24.ee\/toode\/diiselgeneraator-ks-9200hdes-1-3atsr-euro-v\/#primaryimage","url":"https:\/\/staging.genekas24.ee\/wp-content\/uploads\/2022\/06\/KS-9200HDES-13-ATSR.png","contentUrl":"https:\/\/staging.genekas24.ee\/wp-content\/uploads\/2022\/06\/KS-9200HDES-13-ATSR.png","width":600,"height":450},{"@type":"BreadcrumbList","@id":"https:\/\/staging.genekas24.ee\/toode\/diiselgeneraator-ks-9200hdes-1-3atsr-euro-v\/#breadcrumb","itemListElement":[{"@type":"ListItem","position":1,"name":"Home","item":"https:\/\/staging.genekas24.ee\/"},{"@type":"ListItem","position":2,"name":"Pood","item":"https:\/\/staging.genekas24.ee\/pood\/"},{"@type":"ListItem","position":3,"name":"Diiselgeneraator KS 9200HDES-1\/3 ATSR (EURO V)"}]},{"@type":"WebSite","@id":"https:\/\/staging.genekas24.ee\/#website","url":"https:\/\/staging.genekas24.ee\/","name":"Genekas24","description":"Generaatorid | K&ouml;nner S&ouml;hnen tooted | Genekas24","publisher":{"@id":"https:\/\/staging.genekas24.ee\/#organization"},"potentialAction":[{"@type":"SearchAction","target":{"@type":"EntryPoint","urlTemplate":"https:\/\/staging.genekas24.ee\/?s={search_term_string}"},"query-input":{"@type":"PropertyValueSpecification","valueRequired":true,"valueName":"search_term_string"}}],"inLanguage":"fi"},{"@type":"Organization","@id":"https:\/\/staging.genekas24.ee\/#organization","name":"Genekas24","url":"https:\/\/staging.genekas24.ee\/","logo":{"@type":"ImageObject","inLanguage":"fi","@id":"https:\/\/staging.genekas24.ee\/#\/schema\/logo\/image\/","url":"https:\/\/staging.genekas24.ee\/wp-content\/uploads\/2026\/01\/genekas24-logo_black.svg","contentUrl":"https:\/\/staging.genekas24.ee\/wp-content\/uploads\/2026\/01\/genekas24-logo_black.svg","width":840,"height":131,"caption":"Genekas24"},"image":{"@id":"https:\/\/staging.genekas24.ee\/#\/schema\/logo\/image\/"}}]}},"_links":{"self":[{"href":"https:\/\/staging.genekas24.ee\/fi\/wp-json\/wp\/v2\/product\/4705","targetHints":{"allow":["GET"]}}],"collection":[{"href":"https:\/\/staging.genekas24.ee\/fi\/wp-json\/wp\/v2\/product"}],"about":[{"href":"https:\/\/staging.genekas24.ee\/fi\/wp-json\/wp\/v2\/types\/product"}],"version-history":[{"count":15,"href":"https:\/\/staging.genekas24.ee\/fi\/wp-json\/wp\/v2\/product\/4705\/revisions"}],"predecessor-version":[{"id":21171,"href":"https:\/\/staging.genekas24.ee\/fi\/wp-json\/wp\/v2\/product\/4705\/revisions\/21171"}],"wp:featuredmedia":[{"embeddable":true,"href":"https:\/\/staging.genekas24.ee\/fi\/wp-json\/wp\/v2\/media\/17723"}],"wp:attachment":[{"href":"https:\/\/staging.genekas24.ee\/fi\/wp-json\/wp\/v2\/media?parent=4705"}],"wp:term":[{"taxonomy":"product_brand","embeddable":true,"href":"https:\/\/staging.genekas24.ee\/fi\/wp-json\/wp\/v2\/product_brand?post=4705"},{"taxonomy":"product_cat","embeddable":true,"href":"https:\/\/staging.genekas24.ee\/fi\/wp-json\/wp\/v2\/product_cat?post=4705"},{"taxonomy":"product_tag","embeddable":true,"href":"https:\/\/staging.genekas24.ee\/fi\/wp-json\/wp\/v2\/product_tag?post=4705"}],"curies":[{"name":"wp","href":"https:\/\/api.w.org\/{rel}","templated":true}]}}