{"id":4565,"date":"2022-06-23T18:34:34","date_gmt":"2022-06-23T18:34:34","guid":{"rendered":"https:\/\/staging.genekas24.ee\/?post_type=product&#038;p=4565"},"modified":"2025-12-02T10:06:59","modified_gmt":"2025-12-02T10:06:59","slug":"oli-ks-gear-oil-80w-90","status":"publish","type":"product","link":"https:\/\/staging.genekas24.ee\/fi\/tuote\/ks-vaihteistooljy-80w-90\/","title":{"rendered":"KS-VAIHTEISTO\u00d6LJY 80W-90"},"content":{"rendered":"<p>API GL-5 -luokan korkealaatuinen K\u00f6nner &amp; S\u00f6hnen -moniastemineraali\u00f6ljy on suunniteltu erilaisille mekaanisille voimansiirroille, mukaan lukien jakovaihteistot, hypoidipy\u00f6r\u00e4st\u00f6t, kardaanik\u00e4yt\u00f6t, vaihdelaatikot, henkil\u00f6-, kuorma- ja linja-autojen sek\u00e4 rakennus- ja maatalouskoneiden akselit.<\/p>\n<p>Pullo: <strong>1 litra<\/strong><\/p>\n<p>Laatuaste: <strong>API GL-5<\/strong><br \/>\nViskositeetti: <strong>80W-90<\/strong><\/p>\n<p>Se v\u00e4hent\u00e4\u00e4 kitkaa liikkuvissa osissa maksimaalisen suorituskyvyn ja tehokkuuden takaamiseksi, minimoi kulumisen ja pident\u00e4\u00e4 voimansiirron k\u00e4ytt\u00f6ik\u00e4\u00e4. Optimaalisesti valittu lis\u00e4ainekoostumus takaa mekanismin sulavan toiminnan ja voiman tehokkaan siirt\u00e4misen sek\u00e4 varmistaa luotettavan suojauksen j\u00e4\u00e4mi\u00e4, sakkaa ja ruostetta vastaan. T\u00e4m\u00e4 \u00f6ljy eliminoi k\u00e4yt\u00f6n aikaisen melun ja t\u00e4rin\u00e4n.<\/p>\n<p class=\"translation-block\"><strong>Se t\u00e4ytt\u00e4\u00e4 vaatimukset:<\/strong><br>\nMercedes Benz 235.0,<br>\nMIL-L-2105D, MAN 342 tyyppi M1,<br>\nZF TE-ML 07A, 16B-D, 7B, 19B,<br>\nVoith 3.325-339, Volvo 97310,<br>\nVolvo 97316, DAF.<\/p>","protected":false},"excerpt":{"rendered":"<table>\n<tbody>\n<tr class=\"even\">\n<td>Tuotteen laatuluokka<\/td>\n<td>\n<div class=\"attribute row\">\n<div class=\"col-xs-6\">API GL-5<\/div>\n<\/div>\n<\/td>\n<\/tr>\n<tr class=\"odd\">\n<td>Viskositeettiluokka<\/td>\n<td>1.8** kW<\/td>\n<\/tr>\n<tr class=\"even\">\n<td>M\u00e4\u00e4r\u00e4<\/td>\n<td>\n<div class=\"attribute row\">\n<div class=\"col-xs-6\">1 litra<\/div>\n<\/div>\n<\/td>\n<\/tr>\n<\/tbody>\n<\/table>\n<p><strong>Vaihteisto\u00f6ljy<\/strong><\/p>\n<p>API GL-5 -luokan korkealaatuinen K\u00f6nner &amp; S\u00f6hnen -moniastemineraali\u00f6ljy on suunniteltu erilaisille mekaanisille voimansiirroille, mukaan lukien jakovaihteistot, hypoidipy\u00f6r\u00e4st\u00f6t, kardaanik\u00e4yt\u00f6t, vaihdelaatikot, henkil\u00f6-, kuorma- ja linja-autojen sek\u00e4 rakennus- ja maatalouskoneiden akselit.<\/p>\n<p>Laatuaste: <strong>API GL-5<\/strong><br \/>\nViskositeetti: <strong>80W-90<\/strong><\/p>","protected":false},"featured_media":13742,"template":"","meta":{"_acf_changed":false,"inline_featured_image":false},"product_brand":[],"product_cat":[156,26],"product_tag":[],"class_list":{"0":"post-4565","1":"product","2":"type-product","3":"status-publish","4":"has-post-thumbnail","6":"product_cat-generaatori-tarvikud","7":"product_cat-olid-kanistrid-kindad-prillid","8":"product_shipping_class-vaikepakk","9":"brand-konner-sohnen","11":"first","12":"instock","13":"taxable","14":"shipping-taxable","15":"purchasable","16":"product-type-simple"},"acf":[],"yoast_head":"<!-- This site is optimized with the Yoast SEO plugin v26.2 - https:\/\/yoast.com\/wordpress\/plugins\/seo\/ -->\n<title>\u00d5li KS GEAR OIL 80W-90 - Genekas24<\/title>\n<meta name=\"robots\" content=\"index, follow, max-snippet:-1, max-image-preview:large, max-video-preview:-1\" \/>\n<link rel=\"canonical\" href=\"https:\/\/staging.genekas24.ee\/fi\/tuote\/ks-vaihteistooljy-80w-90\/\" \/>\n<meta property=\"og:locale\" content=\"fi_FI\" \/>\n<meta property=\"og:type\" content=\"article\" \/>\n<meta property=\"og:title\" content=\"\u00d5li KS GEAR OIL 80W-90 - Genekas24\" \/>\n<meta property=\"og:description\" content=\"Toote kvaliteediklass   API GL-5    Viskoossusklass 1.8** kW   Kogus   1 liiter     K\u00e4igukasti \u00f5li  K\u00f6nner &amp; S\u00f6hneni API GL-5 klassi kvaliteetne mineraalne mitmeastmeline \u00f5li on m\u00f5eldud erinevat t\u00fc\u00fcpi mehaanilistele j\u00f5u\u00fclekannetele, sealhulgas \u00fclekandekastidele, h\u00fcpoidk\u00e4igukastidele, kardaanajamitele, k\u00e4igukastidele, s\u00f5iduautode, veoautode, busside, ehitus- ja p\u00f5llumajandustehnika telgedele.  Kvaliteediaste: API GL-5 Viskoossus: 80W-90\" \/>\n<meta property=\"og:url\" content=\"https:\/\/staging.genekas24.ee\/fi\/tuote\/ks-vaihteistooljy-80w-90\/\" \/>\n<meta property=\"og:site_name\" content=\"Genekas24\" \/>\n<meta property=\"article:modified_time\" content=\"2025-12-02T10:06:59+00:00\" \/>\n<meta property=\"og:image\" content=\"https:\/\/staging.genekas24.ee\/wp-content\/uploads\/2022\/06\/KS-GEAR-OIL-80W-90-1.png\" \/>\n\t<meta property=\"og:image:width\" content=\"900\" \/>\n\t<meta property=\"og:image:height\" content=\"713\" \/>\n\t<meta property=\"og:image:type\" content=\"image\/png\" \/>\n<meta name=\"twitter:card\" content=\"summary_large_image\" \/>\n<meta name=\"twitter:label1\" content=\"Arvioitu lukuaika\" \/>\n\t<meta name=\"twitter:data1\" content=\"1 minuutti\" \/>\n<script type=\"application\/ld+json\" class=\"yoast-schema-graph\">{\"@context\":\"https:\/\/schema.org\",\"@graph\":[{\"@type\":\"WebPage\",\"@id\":\"https:\/\/staging.genekas24.ee\/toode\/oli-ks-gear-oil-80w-90\/\",\"url\":\"https:\/\/staging.genekas24.ee\/toode\/oli-ks-gear-oil-80w-90\/\",\"name\":\"\u00d5li KS GEAR OIL 80W-90 - Genekas24\",\"isPartOf\":{\"@id\":\"https:\/\/staging.genekas24.ee\/#website\"},\"primaryImageOfPage\":{\"@id\":\"https:\/\/staging.genekas24.ee\/toode\/oli-ks-gear-oil-80w-90\/#primaryimage\"},\"image\":{\"@id\":\"https:\/\/staging.genekas24.ee\/toode\/oli-ks-gear-oil-80w-90\/#primaryimage\"},\"thumbnailUrl\":\"https:\/\/staging.genekas24.ee\/wp-content\/uploads\/2022\/06\/KS-GEAR-OIL-80W-90-1.png\",\"datePublished\":\"2022-06-23T18:34:34+00:00\",\"dateModified\":\"2025-12-02T10:06:59+00:00\",\"breadcrumb\":{\"@id\":\"https:\/\/staging.genekas24.ee\/toode\/oli-ks-gear-oil-80w-90\/#breadcrumb\"},\"inLanguage\":\"fi\",\"potentialAction\":[{\"@type\":\"ReadAction\",\"target\":[\"https:\/\/staging.genekas24.ee\/toode\/oli-ks-gear-oil-80w-90\/\"]}]},{\"@type\":\"ImageObject\",\"inLanguage\":\"fi\",\"@id\":\"https:\/\/staging.genekas24.ee\/toode\/oli-ks-gear-oil-80w-90\/#primaryimage\",\"url\":\"https:\/\/staging.genekas24.ee\/wp-content\/uploads\/2022\/06\/KS-GEAR-OIL-80W-90-1.png\",\"contentUrl\":\"https:\/\/staging.genekas24.ee\/wp-content\/uploads\/2022\/06\/KS-GEAR-OIL-80W-90-1.png\",\"width\":900,\"height\":713},{\"@type\":\"BreadcrumbList\",\"@id\":\"https:\/\/staging.genekas24.ee\/toode\/oli-ks-gear-oil-80w-90\/#breadcrumb\",\"itemListElement\":[{\"@type\":\"ListItem\",\"position\":1,\"name\":\"Home\",\"item\":\"https:\/\/staging.genekas24.ee\/\"},{\"@type\":\"ListItem\",\"position\":2,\"name\":\"Pood\",\"item\":\"https:\/\/staging.genekas24.ee\/pood\/\"},{\"@type\":\"ListItem\",\"position\":3,\"name\":\"\u00d5li KS GEAR OIL 80W-90\"}]},{\"@type\":\"WebSite\",\"@id\":\"https:\/\/staging.genekas24.ee\/#website\",\"url\":\"https:\/\/staging.genekas24.ee\/\",\"name\":\"Genekas24\",\"description\":\"Generaatorid | K&ouml;nner S&ouml;hnen tooted | Genekas24\",\"publisher\":{\"@id\":\"https:\/\/staging.genekas24.ee\/#organization\"},\"potentialAction\":[{\"@type\":\"SearchAction\",\"target\":{\"@type\":\"EntryPoint\",\"urlTemplate\":\"https:\/\/staging.genekas24.ee\/?s={search_term_string}\"},\"query-input\":{\"@type\":\"PropertyValueSpecification\",\"valueRequired\":true,\"valueName\":\"search_term_string\"}}],\"inLanguage\":\"fi\"},{\"@type\":\"Organization\",\"@id\":\"https:\/\/staging.genekas24.ee\/#organization\",\"name\":\"Genekas24\",\"url\":\"https:\/\/staging.genekas24.ee\/\",\"logo\":{\"@type\":\"ImageObject\",\"inLanguage\":\"fi\",\"@id\":\"https:\/\/staging.genekas24.ee\/#\/schema\/logo\/image\/\",\"url\":\"https:\/\/staging.genekas24.ee\/wp-content\/uploads\/2026\/01\/genekas24-logo_black.svg\",\"contentUrl\":\"https:\/\/staging.genekas24.ee\/wp-content\/uploads\/2026\/01\/genekas24-logo_black.svg\",\"width\":840,\"height\":131,\"caption\":\"Genekas24\"},\"image\":{\"@id\":\"https:\/\/staging.genekas24.ee\/#\/schema\/logo\/image\/\"}}]}<\/script>\n<!-- \/ Yoast SEO plugin. -->","yoast_head_json":{"title":"\u00d5li KS GEAR OIL 80W-90 - Genekas24","robots":{"index":"index","follow":"follow","max-snippet":"max-snippet:-1","max-image-preview":"max-image-preview:large","max-video-preview":"max-video-preview:-1"},"canonical":"https:\/\/staging.genekas24.ee\/fi\/tuote\/ks-vaihteistooljy-80w-90\/","og_locale":"fi_FI","og_type":"article","og_title":"\u00d5li KS GEAR OIL 80W-90 - Genekas24","og_description":"Toote kvaliteediklass   API GL-5    Viskoossusklass 1.8** kW   Kogus   1 liiter     K\u00e4igukasti \u00f5li  K\u00f6nner &amp; S\u00f6hneni API GL-5 klassi kvaliteetne mineraalne mitmeastmeline \u00f5li on m\u00f5eldud erinevat t\u00fc\u00fcpi mehaanilistele j\u00f5u\u00fclekannetele, sealhulgas \u00fclekandekastidele, h\u00fcpoidk\u00e4igukastidele, kardaanajamitele, k\u00e4igukastidele, s\u00f5iduautode, veoautode, busside, ehitus- ja p\u00f5llumajandustehnika telgedele.  Kvaliteediaste: API GL-5 Viskoossus: 80W-90","og_url":"https:\/\/staging.genekas24.ee\/fi\/tuote\/ks-vaihteistooljy-80w-90\/","og_site_name":"Genekas24","article_modified_time":"2025-12-02T10:06:59+00:00","og_image":[{"width":900,"height":713,"url":"https:\/\/staging.genekas24.ee\/wp-content\/uploads\/2022\/06\/KS-GEAR-OIL-80W-90-1.png","type":"image\/png"}],"twitter_card":"summary_large_image","twitter_misc":{"Arvioitu lukuaika":"1 minuutti"},"schema":{"@context":"https:\/\/schema.org","@graph":[{"@type":"WebPage","@id":"https:\/\/staging.genekas24.ee\/toode\/oli-ks-gear-oil-80w-90\/","url":"https:\/\/staging.genekas24.ee\/toode\/oli-ks-gear-oil-80w-90\/","name":"\u00d5li KS GEAR OIL 80W-90 - Genekas24","isPartOf":{"@id":"https:\/\/staging.genekas24.ee\/#website"},"primaryImageOfPage":{"@id":"https:\/\/staging.genekas24.ee\/toode\/oli-ks-gear-oil-80w-90\/#primaryimage"},"image":{"@id":"https:\/\/staging.genekas24.ee\/toode\/oli-ks-gear-oil-80w-90\/#primaryimage"},"thumbnailUrl":"https:\/\/staging.genekas24.ee\/wp-content\/uploads\/2022\/06\/KS-GEAR-OIL-80W-90-1.png","datePublished":"2022-06-23T18:34:34+00:00","dateModified":"2025-12-02T10:06:59+00:00","breadcrumb":{"@id":"https:\/\/staging.genekas24.ee\/toode\/oli-ks-gear-oil-80w-90\/#breadcrumb"},"inLanguage":"fi","potentialAction":[{"@type":"ReadAction","target":["https:\/\/staging.genekas24.ee\/toode\/oli-ks-gear-oil-80w-90\/"]}]},{"@type":"ImageObject","inLanguage":"fi","@id":"https:\/\/staging.genekas24.ee\/toode\/oli-ks-gear-oil-80w-90\/#primaryimage","url":"https:\/\/staging.genekas24.ee\/wp-content\/uploads\/2022\/06\/KS-GEAR-OIL-80W-90-1.png","contentUrl":"https:\/\/staging.genekas24.ee\/wp-content\/uploads\/2022\/06\/KS-GEAR-OIL-80W-90-1.png","width":900,"height":713},{"@type":"BreadcrumbList","@id":"https:\/\/staging.genekas24.ee\/toode\/oli-ks-gear-oil-80w-90\/#breadcrumb","itemListElement":[{"@type":"ListItem","position":1,"name":"Home","item":"https:\/\/staging.genekas24.ee\/"},{"@type":"ListItem","position":2,"name":"Pood","item":"https:\/\/staging.genekas24.ee\/pood\/"},{"@type":"ListItem","position":3,"name":"\u00d5li KS GEAR OIL 80W-90"}]},{"@type":"WebSite","@id":"https:\/\/staging.genekas24.ee\/#website","url":"https:\/\/staging.genekas24.ee\/","name":"Genekas24","description":"Generaatorid | K&ouml;nner S&ouml;hnen tooted | Genekas24","publisher":{"@id":"https:\/\/staging.genekas24.ee\/#organization"},"potentialAction":[{"@type":"SearchAction","target":{"@type":"EntryPoint","urlTemplate":"https:\/\/staging.genekas24.ee\/?s={search_term_string}"},"query-input":{"@type":"PropertyValueSpecification","valueRequired":true,"valueName":"search_term_string"}}],"inLanguage":"fi"},{"@type":"Organization","@id":"https:\/\/staging.genekas24.ee\/#organization","name":"Genekas24","url":"https:\/\/staging.genekas24.ee\/","logo":{"@type":"ImageObject","inLanguage":"fi","@id":"https:\/\/staging.genekas24.ee\/#\/schema\/logo\/image\/","url":"https:\/\/staging.genekas24.ee\/wp-content\/uploads\/2026\/01\/genekas24-logo_black.svg","contentUrl":"https:\/\/staging.genekas24.ee\/wp-content\/uploads\/2026\/01\/genekas24-logo_black.svg","width":840,"height":131,"caption":"Genekas24"},"image":{"@id":"https:\/\/staging.genekas24.ee\/#\/schema\/logo\/image\/"}}]}},"_links":{"self":[{"href":"https:\/\/staging.genekas24.ee\/fi\/wp-json\/wp\/v2\/product\/4565","targetHints":{"allow":["GET"]}}],"collection":[{"href":"https:\/\/staging.genekas24.ee\/fi\/wp-json\/wp\/v2\/product"}],"about":[{"href":"https:\/\/staging.genekas24.ee\/fi\/wp-json\/wp\/v2\/types\/product"}],"version-history":[{"count":1,"href":"https:\/\/staging.genekas24.ee\/fi\/wp-json\/wp\/v2\/product\/4565\/revisions"}],"predecessor-version":[{"id":13131,"href":"https:\/\/staging.genekas24.ee\/fi\/wp-json\/wp\/v2\/product\/4565\/revisions\/13131"}],"wp:featuredmedia":[{"embeddable":true,"href":"https:\/\/staging.genekas24.ee\/fi\/wp-json\/wp\/v2\/media\/13742"}],"wp:attachment":[{"href":"https:\/\/staging.genekas24.ee\/fi\/wp-json\/wp\/v2\/media?parent=4565"}],"wp:term":[{"taxonomy":"product_brand","embeddable":true,"href":"https:\/\/staging.genekas24.ee\/fi\/wp-json\/wp\/v2\/product_brand?post=4565"},{"taxonomy":"product_cat","embeddable":true,"href":"https:\/\/staging.genekas24.ee\/fi\/wp-json\/wp\/v2\/product_cat?post=4565"},{"taxonomy":"product_tag","embeddable":true,"href":"https:\/\/staging.genekas24.ee\/fi\/wp-json\/wp\/v2\/product_tag?post=4565"}],"curies":[{"name":"wp","href":"https:\/\/api.w.org\/{rel}","templated":true}]}}