{"id":4518,"date":"2022-06-21T11:20:12","date_gmt":"2022-06-21T11:20:12","guid":{"rendered":"https:\/\/staging.genekas24.ee\/?post_type=product&#038;p=4518"},"modified":"2025-12-02T10:07:01","modified_gmt":"2025-12-02T10:07:01","slug":"kutusekanister-ks-can-10","status":"publish","type":"product","link":"https:\/\/staging.genekas24.ee\/fi\/tuote\/ks-can-10\/","title":{"rendered":"KS-KANISTERI 10"},"content":{"rendered":"<p>Polttoainekanisteri, antistaattista erikoismuovia, tilavuus 10 L<\/p>","protected":false},"excerpt":{"rendered":"<p><strong>Polttoainekanisteri<\/strong><\/p>\n<p>Polttoainekanisteri, antistaattista erikoismuovia, tilavuus 10 L<\/p>","protected":false},"featured_media":19839,"template":"","meta":{"_acf_changed":false,"inline_featured_image":false},"product_brand":[],"product_cat":[156,26],"product_tag":[],"class_list":{"0":"post-4518","1":"product","2":"type-product","3":"status-publish","4":"has-post-thumbnail","6":"product_cat-generaatori-tarvikud","7":"product_cat-olid-kanistrid-kindad-prillid","8":"product_shipping_class-vaikepakk","9":"brand-konner-sohnen","11":"first","12":"instock","13":"taxable","14":"shipping-taxable","15":"purchasable","16":"product-type-simple"},"acf":[],"yoast_head":"<!-- This site is optimized with the Yoast SEO plugin v26.2 - https:\/\/yoast.com\/wordpress\/plugins\/seo\/ -->\n<title>K\u00fctusekanister KS CAN 10 - Genekas24<\/title>\n<meta name=\"robots\" content=\"index, follow, max-snippet:-1, max-image-preview:large, max-video-preview:-1\" \/>\n<link rel=\"canonical\" href=\"https:\/\/staging.genekas24.ee\/fi\/tuote\/ks-can-10\/\" \/>\n<meta property=\"og:locale\" content=\"fi_FI\" \/>\n<meta property=\"og:type\" content=\"article\" \/>\n<meta property=\"og:title\" content=\"K\u00fctusekanister KS CAN 10 - Genekas24\" \/>\n<meta property=\"og:description\" content=\"K\u00fctusekanister  K\u00fctusekanister, spetsiaalne antistaatiline plast, mahutavus 10L\" \/>\n<meta property=\"og:url\" content=\"https:\/\/staging.genekas24.ee\/fi\/tuote\/ks-can-10\/\" \/>\n<meta property=\"og:site_name\" content=\"Genekas24\" \/>\n<meta property=\"article:modified_time\" content=\"2025-12-02T10:07:01+00:00\" \/>\n<meta property=\"og:image\" content=\"https:\/\/staging.genekas24.ee\/wp-content\/uploads\/2022\/06\/KS-CAN-10-1.webp\" \/>\n\t<meta property=\"og:image:width\" content=\"1600\" \/>\n\t<meta property=\"og:image:height\" content=\"1200\" \/>\n\t<meta property=\"og:image:type\" content=\"image\/webp\" \/>\n<meta name=\"twitter:card\" content=\"summary_large_image\" \/>\n<meta name=\"twitter:label1\" content=\"Arvioitu lukuaika\" \/>\n\t<meta name=\"twitter:data1\" content=\"1 minuutti\" \/>\n<script type=\"application\/ld+json\" class=\"yoast-schema-graph\">{\"@context\":\"https:\/\/schema.org\",\"@graph\":[{\"@type\":\"WebPage\",\"@id\":\"https:\/\/staging.genekas24.ee\/toode\/kutusekanister-ks-can-10\/\",\"url\":\"https:\/\/staging.genekas24.ee\/toode\/kutusekanister-ks-can-10\/\",\"name\":\"K\u00fctusekanister KS CAN 10 - Genekas24\",\"isPartOf\":{\"@id\":\"https:\/\/staging.genekas24.ee\/#website\"},\"primaryImageOfPage\":{\"@id\":\"https:\/\/staging.genekas24.ee\/toode\/kutusekanister-ks-can-10\/#primaryimage\"},\"image\":{\"@id\":\"https:\/\/staging.genekas24.ee\/toode\/kutusekanister-ks-can-10\/#primaryimage\"},\"thumbnailUrl\":\"https:\/\/staging.genekas24.ee\/wp-content\/uploads\/2022\/06\/KS-CAN-10-1.webp\",\"datePublished\":\"2022-06-21T11:20:12+00:00\",\"dateModified\":\"2025-12-02T10:07:01+00:00\",\"breadcrumb\":{\"@id\":\"https:\/\/staging.genekas24.ee\/toode\/kutusekanister-ks-can-10\/#breadcrumb\"},\"inLanguage\":\"fi\",\"potentialAction\":[{\"@type\":\"ReadAction\",\"target\":[\"https:\/\/staging.genekas24.ee\/toode\/kutusekanister-ks-can-10\/\"]}]},{\"@type\":\"ImageObject\",\"inLanguage\":\"fi\",\"@id\":\"https:\/\/staging.genekas24.ee\/toode\/kutusekanister-ks-can-10\/#primaryimage\",\"url\":\"https:\/\/staging.genekas24.ee\/wp-content\/uploads\/2022\/06\/KS-CAN-10-1.webp\",\"contentUrl\":\"https:\/\/staging.genekas24.ee\/wp-content\/uploads\/2022\/06\/KS-CAN-10-1.webp\",\"width\":1600,\"height\":1200},{\"@type\":\"BreadcrumbList\",\"@id\":\"https:\/\/staging.genekas24.ee\/toode\/kutusekanister-ks-can-10\/#breadcrumb\",\"itemListElement\":[{\"@type\":\"ListItem\",\"position\":1,\"name\":\"Home\",\"item\":\"https:\/\/staging.genekas24.ee\/\"},{\"@type\":\"ListItem\",\"position\":2,\"name\":\"Pood\",\"item\":\"https:\/\/staging.genekas24.ee\/pood\/\"},{\"@type\":\"ListItem\",\"position\":3,\"name\":\"K\u00fctusekanister KS CAN 10\"}]},{\"@type\":\"WebSite\",\"@id\":\"https:\/\/staging.genekas24.ee\/#website\",\"url\":\"https:\/\/staging.genekas24.ee\/\",\"name\":\"Genekas24\",\"description\":\"Generaatorid | K&ouml;nner S&ouml;hnen tooted | Genekas24\",\"publisher\":{\"@id\":\"https:\/\/staging.genekas24.ee\/#organization\"},\"potentialAction\":[{\"@type\":\"SearchAction\",\"target\":{\"@type\":\"EntryPoint\",\"urlTemplate\":\"https:\/\/staging.genekas24.ee\/?s={search_term_string}\"},\"query-input\":{\"@type\":\"PropertyValueSpecification\",\"valueRequired\":true,\"valueName\":\"search_term_string\"}}],\"inLanguage\":\"fi\"},{\"@type\":\"Organization\",\"@id\":\"https:\/\/staging.genekas24.ee\/#organization\",\"name\":\"Genekas24\",\"url\":\"https:\/\/staging.genekas24.ee\/\",\"logo\":{\"@type\":\"ImageObject\",\"inLanguage\":\"fi\",\"@id\":\"https:\/\/staging.genekas24.ee\/#\/schema\/logo\/image\/\",\"url\":\"https:\/\/staging.genekas24.ee\/wp-content\/uploads\/2026\/01\/genekas24-logo_black.svg\",\"contentUrl\":\"https:\/\/staging.genekas24.ee\/wp-content\/uploads\/2026\/01\/genekas24-logo_black.svg\",\"width\":840,\"height\":131,\"caption\":\"Genekas24\"},\"image\":{\"@id\":\"https:\/\/staging.genekas24.ee\/#\/schema\/logo\/image\/\"}}]}<\/script>\n<!-- \/ Yoast SEO plugin. -->","yoast_head_json":{"title":"K\u00fctusekanister KS CAN 10 - Genekas24","robots":{"index":"index","follow":"follow","max-snippet":"max-snippet:-1","max-image-preview":"max-image-preview:large","max-video-preview":"max-video-preview:-1"},"canonical":"https:\/\/staging.genekas24.ee\/fi\/tuote\/ks-can-10\/","og_locale":"fi_FI","og_type":"article","og_title":"K\u00fctusekanister KS CAN 10 - Genekas24","og_description":"K\u00fctusekanister  K\u00fctusekanister, spetsiaalne antistaatiline plast, mahutavus 10L","og_url":"https:\/\/staging.genekas24.ee\/fi\/tuote\/ks-can-10\/","og_site_name":"Genekas24","article_modified_time":"2025-12-02T10:07:01+00:00","og_image":[{"width":1600,"height":1200,"url":"https:\/\/staging.genekas24.ee\/wp-content\/uploads\/2022\/06\/KS-CAN-10-1.webp","type":"image\/webp"}],"twitter_card":"summary_large_image","twitter_misc":{"Arvioitu lukuaika":"1 minuutti"},"schema":{"@context":"https:\/\/schema.org","@graph":[{"@type":"WebPage","@id":"https:\/\/staging.genekas24.ee\/toode\/kutusekanister-ks-can-10\/","url":"https:\/\/staging.genekas24.ee\/toode\/kutusekanister-ks-can-10\/","name":"K\u00fctusekanister KS CAN 10 - Genekas24","isPartOf":{"@id":"https:\/\/staging.genekas24.ee\/#website"},"primaryImageOfPage":{"@id":"https:\/\/staging.genekas24.ee\/toode\/kutusekanister-ks-can-10\/#primaryimage"},"image":{"@id":"https:\/\/staging.genekas24.ee\/toode\/kutusekanister-ks-can-10\/#primaryimage"},"thumbnailUrl":"https:\/\/staging.genekas24.ee\/wp-content\/uploads\/2022\/06\/KS-CAN-10-1.webp","datePublished":"2022-06-21T11:20:12+00:00","dateModified":"2025-12-02T10:07:01+00:00","breadcrumb":{"@id":"https:\/\/staging.genekas24.ee\/toode\/kutusekanister-ks-can-10\/#breadcrumb"},"inLanguage":"fi","potentialAction":[{"@type":"ReadAction","target":["https:\/\/staging.genekas24.ee\/toode\/kutusekanister-ks-can-10\/"]}]},{"@type":"ImageObject","inLanguage":"fi","@id":"https:\/\/staging.genekas24.ee\/toode\/kutusekanister-ks-can-10\/#primaryimage","url":"https:\/\/staging.genekas24.ee\/wp-content\/uploads\/2022\/06\/KS-CAN-10-1.webp","contentUrl":"https:\/\/staging.genekas24.ee\/wp-content\/uploads\/2022\/06\/KS-CAN-10-1.webp","width":1600,"height":1200},{"@type":"BreadcrumbList","@id":"https:\/\/staging.genekas24.ee\/toode\/kutusekanister-ks-can-10\/#breadcrumb","itemListElement":[{"@type":"ListItem","position":1,"name":"Home","item":"https:\/\/staging.genekas24.ee\/"},{"@type":"ListItem","position":2,"name":"Pood","item":"https:\/\/staging.genekas24.ee\/pood\/"},{"@type":"ListItem","position":3,"name":"K\u00fctusekanister KS CAN 10"}]},{"@type":"WebSite","@id":"https:\/\/staging.genekas24.ee\/#website","url":"https:\/\/staging.genekas24.ee\/","name":"Genekas24","description":"Generaatorid | K&ouml;nner S&ouml;hnen tooted | Genekas24","publisher":{"@id":"https:\/\/staging.genekas24.ee\/#organization"},"potentialAction":[{"@type":"SearchAction","target":{"@type":"EntryPoint","urlTemplate":"https:\/\/staging.genekas24.ee\/?s={search_term_string}"},"query-input":{"@type":"PropertyValueSpecification","valueRequired":true,"valueName":"search_term_string"}}],"inLanguage":"fi"},{"@type":"Organization","@id":"https:\/\/staging.genekas24.ee\/#organization","name":"Genekas24","url":"https:\/\/staging.genekas24.ee\/","logo":{"@type":"ImageObject","inLanguage":"fi","@id":"https:\/\/staging.genekas24.ee\/#\/schema\/logo\/image\/","url":"https:\/\/staging.genekas24.ee\/wp-content\/uploads\/2026\/01\/genekas24-logo_black.svg","contentUrl":"https:\/\/staging.genekas24.ee\/wp-content\/uploads\/2026\/01\/genekas24-logo_black.svg","width":840,"height":131,"caption":"Genekas24"},"image":{"@id":"https:\/\/staging.genekas24.ee\/#\/schema\/logo\/image\/"}}]}},"_links":{"self":[{"href":"https:\/\/staging.genekas24.ee\/fi\/wp-json\/wp\/v2\/product\/4518","targetHints":{"allow":["GET"]}}],"collection":[{"href":"https:\/\/staging.genekas24.ee\/fi\/wp-json\/wp\/v2\/product"}],"about":[{"href":"https:\/\/staging.genekas24.ee\/fi\/wp-json\/wp\/v2\/types\/product"}],"version-history":[{"count":1,"href":"https:\/\/staging.genekas24.ee\/fi\/wp-json\/wp\/v2\/product\/4518\/revisions"}],"predecessor-version":[{"id":13163,"href":"https:\/\/staging.genekas24.ee\/fi\/wp-json\/wp\/v2\/product\/4518\/revisions\/13163"}],"wp:featuredmedia":[{"embeddable":true,"href":"https:\/\/staging.genekas24.ee\/fi\/wp-json\/wp\/v2\/media\/19839"}],"wp:attachment":[{"href":"https:\/\/staging.genekas24.ee\/fi\/wp-json\/wp\/v2\/media?parent=4518"}],"wp:term":[{"taxonomy":"product_brand","embeddable":true,"href":"https:\/\/staging.genekas24.ee\/fi\/wp-json\/wp\/v2\/product_brand?post=4518"},{"taxonomy":"product_cat","embeddable":true,"href":"https:\/\/staging.genekas24.ee\/fi\/wp-json\/wp\/v2\/product_cat?post=4518"},{"taxonomy":"product_tag","embeddable":true,"href":"https:\/\/staging.genekas24.ee\/fi\/wp-json\/wp\/v2\/product_tag?post=4518"}],"curies":[{"name":"wp","href":"https:\/\/api.w.org\/{rel}","templated":true}]}}