{"id":4469,"date":"2022-06-21T10:26:14","date_gmt":"2022-06-21T10:26:14","guid":{"rendered":"https:\/\/staging.genekas24.ee\/?post_type=product&#038;p=4469"},"modified":"2025-12-02T10:07:31","modified_gmt":"2025-12-02T10:07:31","slug":"diislikutuse-stabilisaator-ks-d-stab-60","status":"publish","type":"product","link":"https:\/\/staging.genekas24.ee\/fi\/tuote\/ks-d-stab-60\/","title":{"rendered":"KS D-STAB 60"},"content":{"rendered":"<p><strong>Dieselpolttoaineen ominaisuudet s\u00e4ilytt\u00e4v\u00e4 K\u00f6nner &amp; S\u00f6hnen\u00ae ULTRA Performance -lis\u00e4aine<\/strong><\/p>\n<ul>\n<li>s\u00e4ilytt\u00e4\u00e4 dieselin alkuper\u00e4islaadun varastoinnin aikana,<\/li>\n<li>suojaa luotettavasti polttoainej\u00e4rjestelm\u00e4n seisonta-aikoina;<\/li>\n<li>suojaa polttoaineen sy\u00f6tt\u00f6pumppua korroosiolta ja kulumiselta siin\u00e4kin tapauksessa ett\u00e4 j\u00e4rjestelm\u00e4\u00e4n p\u00e4\u00e4see kosteutta;<\/li>\n<li>ja takaa helpon k\u00e4ynnistyksen varastoinnin j\u00e4lkeenkin.<\/li>\n<\/ul>\n<p><strong>Annostelu:<\/strong> 250 ml lis\u00e4ainetta 40\u201360 litraan dieselpolttoainetta.<br \/>\n<strong>K\u00e4ytt\u00f6kohteet:<\/strong> dieselpolttoaineen ominaisuudet s\u00e4ilytt\u00e4v\u00e4 lis\u00e4aine sopii kaikentyyppisille dieselmoottoreille, my\u00f6s turboahdetuille. Sit\u00e4 on hyv\u00e4 k\u00e4ytt\u00e4\u00e4 silloin, kun moottoria ei k\u00e4ytet\u00e4 pitk\u00e4\u00e4n aikaan (2:sta 18:aan kuukauteen). Kaada lis\u00e4aine polttoaines\u00e4ili\u00f6\u00f6n ennen tankkausta.<br \/>\n<strong>VAARA!<\/strong> Helposti syttyv\u00e4 neste ja h\u00f6yry. Voi nieltyn\u00e4 tai hengitysteihin p\u00e4\u00e4stess\u00e4\u00e4n aiheuttaa kuoleman. Voi aiheuttaa uneliaisuutta tai huimausta. Myrkyllist\u00e4 vesiel\u00e4imille, pitk\u00e4aikaisia haittavaikutuksia. R\u00e4j\u00e4hdysvaara, jos aine p\u00e4\u00e4see l\u00e4mpi\u00e4m\u00e4\u00e4n suljetussa tilassa. Toistuva altistus voi aiheuttaa ihon kuivumista tai halkeilua. Pidett\u00e4v\u00e4 poissa lasten ulottuvilta. Pidett\u00e4v\u00e4 et\u00e4\u00e4ll\u00e4 l\u00e4mm\u00f6nl\u00e4hteist\u00e4, kuumista pinnoista, kipin\u00f6ist\u00e4, avotulesta ja muista syttymisl\u00e4hteist\u00e4. Tupakointi kielletty. \u00c4l\u00e4 hengit\u00e4 h\u00f6yryj\u00e4. K\u00e4yt\u00e4 suojalaseja. Jos ainetta on NIELTY: Ota v\u00e4litt\u00f6m\u00e4sti yhteytt\u00e4 MYRKYTYSTIETOKESKUKSEEN tai l\u00e4\u00e4k\u00e4riin. \u00c4L\u00c4 oksennuta. Jos ainetta on HENGITETTY: Siirr\u00e4 henkil\u00f6 raittiiseen ilmaan ja huolehdi siit\u00e4, ett\u00e4 h\u00e4n pystyy hengitt\u00e4m\u00e4\u00e4n vapaasti. Huonovointisuustapauksessa ota yhteytt\u00e4 MYRKYTYSTIETOKESKUKSEEN\/l\u00e4\u00e4k\u00e4riin. S\u00e4ilyt\u00e4 hyvin tuulettuvassa paikassa. Pid\u00e4 s\u00e4ilytysastia tiiviisti suljettuna. H\u00e4vit\u00e4 sis\u00e4slt\u00f6\/astia<\/p>","protected":false},"excerpt":{"rendered":"<p>Dieselpolttoaineen ominaisuudet s\u00e4ilytt\u00e4v\u00e4 K\u00f6nner &amp; S\u00f6hnen\u00ae ULTRA Performance -lis\u00e4aine<\/p>","protected":false},"featured_media":13174,"template":"","meta":{"_acf_changed":false,"inline_featured_image":false},"product_brand":[],"product_cat":[156,26],"product_tag":[],"class_list":{"0":"post-4469","1":"product","2":"type-product","3":"status-publish","4":"has-post-thumbnail","6":"product_cat-generaatori-tarvikud","7":"product_cat-olid-kanistrid-kindad-prillid","8":"product_shipping_class-vaikepakk","9":"brand-konner-sohnen","11":"first","12":"instock","13":"taxable","14":"shipping-taxable","15":"purchasable","16":"product-type-simple"},"acf":[],"yoast_head":"<!-- This site is optimized with the Yoast SEO plugin v26.2 - https:\/\/yoast.com\/wordpress\/plugins\/seo\/ -->\n<title>Diislik\u00fctuse stabilisaator KS D-STAB 60 - Genekas24<\/title>\n<meta name=\"robots\" content=\"index, follow, max-snippet:-1, max-image-preview:large, max-video-preview:-1\" \/>\n<link rel=\"canonical\" href=\"https:\/\/staging.genekas24.ee\/fi\/tuote\/ks-d-stab-60\/\" \/>\n<meta property=\"og:locale\" content=\"fi_FI\" \/>\n<meta property=\"og:type\" content=\"article\" \/>\n<meta property=\"og:title\" content=\"Diislik\u00fctuse stabilisaator KS D-STAB 60 - Genekas24\" \/>\n<meta property=\"og:description\" content=\"K\u00f6nner &amp; S\u00f6hnen\u00ae ULTRA Performance diislik\u00fctuse stabilisaator\" \/>\n<meta property=\"og:url\" content=\"https:\/\/staging.genekas24.ee\/fi\/tuote\/ks-d-stab-60\/\" \/>\n<meta property=\"og:site_name\" content=\"Genekas24\" \/>\n<meta property=\"article:modified_time\" content=\"2025-12-02T10:07:31+00:00\" \/>\n<meta property=\"og:image\" content=\"https:\/\/staging.genekas24.ee\/wp-content\/uploads\/2022\/06\/KS-D-STAB-60-1.png\" \/>\n\t<meta property=\"og:image:width\" content=\"900\" \/>\n\t<meta property=\"og:image:height\" content=\"713\" \/>\n\t<meta property=\"og:image:type\" content=\"image\/png\" \/>\n<meta name=\"twitter:card\" content=\"summary_large_image\" \/>\n<meta name=\"twitter:label1\" content=\"Arvioitu lukuaika\" \/>\n\t<meta name=\"twitter:data1\" content=\"2 minuuttia\" \/>\n<script type=\"application\/ld+json\" class=\"yoast-schema-graph\">{\"@context\":\"https:\/\/schema.org\",\"@graph\":[{\"@type\":\"WebPage\",\"@id\":\"https:\/\/staging.genekas24.ee\/toode\/diislikutuse-stabilisaator-ks-d-stab-60\/\",\"url\":\"https:\/\/staging.genekas24.ee\/toode\/diislikutuse-stabilisaator-ks-d-stab-60\/\",\"name\":\"Diislik\u00fctuse stabilisaator KS D-STAB 60 - Genekas24\",\"isPartOf\":{\"@id\":\"https:\/\/staging.genekas24.ee\/#website\"},\"primaryImageOfPage\":{\"@id\":\"https:\/\/staging.genekas24.ee\/toode\/diislikutuse-stabilisaator-ks-d-stab-60\/#primaryimage\"},\"image\":{\"@id\":\"https:\/\/staging.genekas24.ee\/toode\/diislikutuse-stabilisaator-ks-d-stab-60\/#primaryimage\"},\"thumbnailUrl\":\"https:\/\/staging.genekas24.ee\/wp-content\/uploads\/2022\/06\/KS-D-STAB-60-1.png\",\"datePublished\":\"2022-06-21T10:26:14+00:00\",\"dateModified\":\"2025-12-02T10:07:31+00:00\",\"breadcrumb\":{\"@id\":\"https:\/\/staging.genekas24.ee\/toode\/diislikutuse-stabilisaator-ks-d-stab-60\/#breadcrumb\"},\"inLanguage\":\"fi\",\"potentialAction\":[{\"@type\":\"ReadAction\",\"target\":[\"https:\/\/staging.genekas24.ee\/toode\/diislikutuse-stabilisaator-ks-d-stab-60\/\"]}]},{\"@type\":\"ImageObject\",\"inLanguage\":\"fi\",\"@id\":\"https:\/\/staging.genekas24.ee\/toode\/diislikutuse-stabilisaator-ks-d-stab-60\/#primaryimage\",\"url\":\"https:\/\/staging.genekas24.ee\/wp-content\/uploads\/2022\/06\/KS-D-STAB-60-1.png\",\"contentUrl\":\"https:\/\/staging.genekas24.ee\/wp-content\/uploads\/2022\/06\/KS-D-STAB-60-1.png\",\"width\":900,\"height\":713},{\"@type\":\"BreadcrumbList\",\"@id\":\"https:\/\/staging.genekas24.ee\/toode\/diislikutuse-stabilisaator-ks-d-stab-60\/#breadcrumb\",\"itemListElement\":[{\"@type\":\"ListItem\",\"position\":1,\"name\":\"Home\",\"item\":\"https:\/\/staging.genekas24.ee\/\"},{\"@type\":\"ListItem\",\"position\":2,\"name\":\"Pood\",\"item\":\"https:\/\/staging.genekas24.ee\/pood\/\"},{\"@type\":\"ListItem\",\"position\":3,\"name\":\"Diislik\u00fctuse stabilisaator KS D-STAB 60\"}]},{\"@type\":\"WebSite\",\"@id\":\"https:\/\/staging.genekas24.ee\/#website\",\"url\":\"https:\/\/staging.genekas24.ee\/\",\"name\":\"Genekas24\",\"description\":\"Generaatorid | K&ouml;nner S&ouml;hnen tooted | Genekas24\",\"publisher\":{\"@id\":\"https:\/\/staging.genekas24.ee\/#organization\"},\"potentialAction\":[{\"@type\":\"SearchAction\",\"target\":{\"@type\":\"EntryPoint\",\"urlTemplate\":\"https:\/\/staging.genekas24.ee\/?s={search_term_string}\"},\"query-input\":{\"@type\":\"PropertyValueSpecification\",\"valueRequired\":true,\"valueName\":\"search_term_string\"}}],\"inLanguage\":\"fi\"},{\"@type\":\"Organization\",\"@id\":\"https:\/\/staging.genekas24.ee\/#organization\",\"name\":\"Genekas24\",\"url\":\"https:\/\/staging.genekas24.ee\/\",\"logo\":{\"@type\":\"ImageObject\",\"inLanguage\":\"fi\",\"@id\":\"https:\/\/staging.genekas24.ee\/#\/schema\/logo\/image\/\",\"url\":\"https:\/\/staging.genekas24.ee\/wp-content\/uploads\/2026\/01\/genekas24-logo_black.svg\",\"contentUrl\":\"https:\/\/staging.genekas24.ee\/wp-content\/uploads\/2026\/01\/genekas24-logo_black.svg\",\"width\":840,\"height\":131,\"caption\":\"Genekas24\"},\"image\":{\"@id\":\"https:\/\/staging.genekas24.ee\/#\/schema\/logo\/image\/\"}}]}<\/script>\n<!-- \/ Yoast SEO plugin. -->","yoast_head_json":{"title":"Diislik\u00fctuse stabilisaator KS D-STAB 60 - Genekas24","robots":{"index":"index","follow":"follow","max-snippet":"max-snippet:-1","max-image-preview":"max-image-preview:large","max-video-preview":"max-video-preview:-1"},"canonical":"https:\/\/staging.genekas24.ee\/fi\/tuote\/ks-d-stab-60\/","og_locale":"fi_FI","og_type":"article","og_title":"Diislik\u00fctuse stabilisaator KS D-STAB 60 - Genekas24","og_description":"K\u00f6nner &amp; S\u00f6hnen\u00ae ULTRA Performance diislik\u00fctuse stabilisaator","og_url":"https:\/\/staging.genekas24.ee\/fi\/tuote\/ks-d-stab-60\/","og_site_name":"Genekas24","article_modified_time":"2025-12-02T10:07:31+00:00","og_image":[{"width":900,"height":713,"url":"https:\/\/staging.genekas24.ee\/wp-content\/uploads\/2022\/06\/KS-D-STAB-60-1.png","type":"image\/png"}],"twitter_card":"summary_large_image","twitter_misc":{"Arvioitu lukuaika":"2 minuuttia"},"schema":{"@context":"https:\/\/schema.org","@graph":[{"@type":"WebPage","@id":"https:\/\/staging.genekas24.ee\/toode\/diislikutuse-stabilisaator-ks-d-stab-60\/","url":"https:\/\/staging.genekas24.ee\/toode\/diislikutuse-stabilisaator-ks-d-stab-60\/","name":"Diislik\u00fctuse stabilisaator KS D-STAB 60 - Genekas24","isPartOf":{"@id":"https:\/\/staging.genekas24.ee\/#website"},"primaryImageOfPage":{"@id":"https:\/\/staging.genekas24.ee\/toode\/diislikutuse-stabilisaator-ks-d-stab-60\/#primaryimage"},"image":{"@id":"https:\/\/staging.genekas24.ee\/toode\/diislikutuse-stabilisaator-ks-d-stab-60\/#primaryimage"},"thumbnailUrl":"https:\/\/staging.genekas24.ee\/wp-content\/uploads\/2022\/06\/KS-D-STAB-60-1.png","datePublished":"2022-06-21T10:26:14+00:00","dateModified":"2025-12-02T10:07:31+00:00","breadcrumb":{"@id":"https:\/\/staging.genekas24.ee\/toode\/diislikutuse-stabilisaator-ks-d-stab-60\/#breadcrumb"},"inLanguage":"fi","potentialAction":[{"@type":"ReadAction","target":["https:\/\/staging.genekas24.ee\/toode\/diislikutuse-stabilisaator-ks-d-stab-60\/"]}]},{"@type":"ImageObject","inLanguage":"fi","@id":"https:\/\/staging.genekas24.ee\/toode\/diislikutuse-stabilisaator-ks-d-stab-60\/#primaryimage","url":"https:\/\/staging.genekas24.ee\/wp-content\/uploads\/2022\/06\/KS-D-STAB-60-1.png","contentUrl":"https:\/\/staging.genekas24.ee\/wp-content\/uploads\/2022\/06\/KS-D-STAB-60-1.png","width":900,"height":713},{"@type":"BreadcrumbList","@id":"https:\/\/staging.genekas24.ee\/toode\/diislikutuse-stabilisaator-ks-d-stab-60\/#breadcrumb","itemListElement":[{"@type":"ListItem","position":1,"name":"Home","item":"https:\/\/staging.genekas24.ee\/"},{"@type":"ListItem","position":2,"name":"Pood","item":"https:\/\/staging.genekas24.ee\/pood\/"},{"@type":"ListItem","position":3,"name":"Diislik\u00fctuse stabilisaator KS D-STAB 60"}]},{"@type":"WebSite","@id":"https:\/\/staging.genekas24.ee\/#website","url":"https:\/\/staging.genekas24.ee\/","name":"Genekas24","description":"Generaatorid | K&ouml;nner S&ouml;hnen tooted | Genekas24","publisher":{"@id":"https:\/\/staging.genekas24.ee\/#organization"},"potentialAction":[{"@type":"SearchAction","target":{"@type":"EntryPoint","urlTemplate":"https:\/\/staging.genekas24.ee\/?s={search_term_string}"},"query-input":{"@type":"PropertyValueSpecification","valueRequired":true,"valueName":"search_term_string"}}],"inLanguage":"fi"},{"@type":"Organization","@id":"https:\/\/staging.genekas24.ee\/#organization","name":"Genekas24","url":"https:\/\/staging.genekas24.ee\/","logo":{"@type":"ImageObject","inLanguage":"fi","@id":"https:\/\/staging.genekas24.ee\/#\/schema\/logo\/image\/","url":"https:\/\/staging.genekas24.ee\/wp-content\/uploads\/2026\/01\/genekas24-logo_black.svg","contentUrl":"https:\/\/staging.genekas24.ee\/wp-content\/uploads\/2026\/01\/genekas24-logo_black.svg","width":840,"height":131,"caption":"Genekas24"},"image":{"@id":"https:\/\/staging.genekas24.ee\/#\/schema\/logo\/image\/"}}]}},"_links":{"self":[{"href":"https:\/\/staging.genekas24.ee\/fi\/wp-json\/wp\/v2\/product\/4469","targetHints":{"allow":["GET"]}}],"collection":[{"href":"https:\/\/staging.genekas24.ee\/fi\/wp-json\/wp\/v2\/product"}],"about":[{"href":"https:\/\/staging.genekas24.ee\/fi\/wp-json\/wp\/v2\/types\/product"}],"version-history":[{"count":4,"href":"https:\/\/staging.genekas24.ee\/fi\/wp-json\/wp\/v2\/product\/4469\/revisions"}],"predecessor-version":[{"id":14291,"href":"https:\/\/staging.genekas24.ee\/fi\/wp-json\/wp\/v2\/product\/4469\/revisions\/14291"}],"wp:featuredmedia":[{"embeddable":true,"href":"https:\/\/staging.genekas24.ee\/fi\/wp-json\/wp\/v2\/media\/13174"}],"wp:attachment":[{"href":"https:\/\/staging.genekas24.ee\/fi\/wp-json\/wp\/v2\/media?parent=4469"}],"wp:term":[{"taxonomy":"product_brand","embeddable":true,"href":"https:\/\/staging.genekas24.ee\/fi\/wp-json\/wp\/v2\/product_brand?post=4469"},{"taxonomy":"product_cat","embeddable":true,"href":"https:\/\/staging.genekas24.ee\/fi\/wp-json\/wp\/v2\/product_cat?post=4469"},{"taxonomy":"product_tag","embeddable":true,"href":"https:\/\/staging.genekas24.ee\/fi\/wp-json\/wp\/v2\/product_tag?post=4469"}],"curies":[{"name":"wp","href":"https:\/\/api.w.org\/{rel}","templated":true}]}}