{"id":4448,"date":"2022-06-16T21:01:11","date_gmt":"2022-06-16T21:01:11","guid":{"rendered":"https:\/\/staging.genekas24.ee\/?post_type=product&#038;p=4448"},"modified":"2025-12-02T10:07:31","modified_gmt":"2025-12-02T10:07:31","slug":"diislikutuse-antigeel-ks-d-antigel-20-60","status":"publish","type":"product","link":"https:\/\/staging.genekas24.ee\/fi\/tuote\/dieselpolttoaineen-geeliytymista-estava-aine-ks-d-antigel-20-60\/","title":{"rendered":"Dieselpolttoaineen geeliytymist\u00e4 est\u00e4v\u00e4 aine KS D-ANTIGEL 20\/60"},"content":{"rendered":"<p><strong>Dieselpolttoaineen geeliytymist\u00e4 est\u00e4v\u00e4 K\u00f6nner &amp; S\u00f6hnen\u00ae ULTRA Performance -lis\u00e4aine<\/strong><\/p>\n<ul>\n<li>parantaa dieselpolttoaineen ominaisuuksia alhaisissa l\u00e4mp\u00f6tiloissa,<\/li>\n<li>alentaa tehokkaasti dieselpolttoaineen j\u00e4hmettymisl\u00e4mp\u00f6tilaa,<\/li>\n<li>est\u00e4\u00e4 vahakiteiden muodostumista,<\/li>\n<li>parantaa polttoaineen pumppautuvuutta ja helpottaa k\u00e4ynnistyst\u00e4 kylm\u00e4ll\u00e4 s\u00e4\u00e4ll\u00e4.<\/li>\n<\/ul>\n<p><strong>Annostus:<\/strong>250 ml lis\u00e4ainetta 40\u201360 litraan dieselpolttoainetta.<br \/>\n<strong>K\u00e4ytt\u00f6:<\/strong>l\u00e4mmit\u00e4 dieselpolttoaineen geeliytymist\u00e4 est\u00e4v\u00e4 lis\u00e4aine niin, ett\u00e4 sen l\u00e4mp\u00f6tila on +20\u2026 25 \u00b0\u0421, kaada geeliytym\u00e4tt\u00f6m\u00e4\u00e4n (kirkkaaseen) dieselpolttoaineeseen tai polttoaines\u00e4ili\u00f6\u00f6n ennen tankkausta. Parhaan tuloksen saat, kun k\u00e4yt\u00e4t ainetta taviaikaan tankkauksen aikana ja silloin, kun l\u00e4mp\u00f6tila laskee selv\u00e4sti.<br \/>\n<strong>Vaara!<\/strong>Helposti syttyv\u00e4 neste ja h\u00f6yry. Voi nieltyn\u00e4 tai hengitysteihin p\u00e4\u00e4stess\u00e4\u00e4n aiheuttaa kuoleman. Voi aiheuttaa allergisen ihoreaktion. Voi aiheuttaa uneliaisuutta tai huimausta. Myrkyllist\u00e4 vesiel\u00e4imille, pitk\u00e4aikaisia haittavaikutuksia. Pidett\u00e4v\u00e4 poissa lasten ulottuvilta. Pidett\u00e4v\u00e4 et\u00e4\u00e4ll\u00e4 l\u00e4mm\u00f6nl\u00e4hteist\u00e4, kuumista pinnoista, kipin\u00f6ist\u00e4, avotulesta ja muista syttymisl\u00e4hteist\u00e4. Tupakointi kielletty. \u00c4l\u00e4 hengit\u00e4 h\u00f6yryj\u00e4. K\u00e4yt\u00e4 suojalaseja. Jos ainetta on NIELTY: Ota v\u00e4litt\u00f6m\u00e4sti yhteytt\u00e4 MYRKYTYSTIETOKESKUKSEEN tai l\u00e4\u00e4k\u00e4riin. \u00c4L\u00c4 oksennuta. Jos ainetta on p\u00e4\u00e4ssyt IHOLLE (tai hiuksiin): Riisu v\u00e4litt\u00f6m\u00e4sti kaikki likaantuneet vaatteet. Huuhtele iho vedell\u00e4 \/ k\u00e4y suihkussa. Jos ilmenee iho\u00e4rsytyst\u00e4 tai ihottumaa: Ota yhteytt\u00e4 l\u00e4\u00e4k\u00e4riin \/ terveydenhuollon asiantuntijaan. S\u00e4ilyt\u00e4 hyvin tuulettuvassa paikassa. S\u00e4ilyt\u00e4 viile\u00e4ss\u00e4. H\u00e4vit\u00e4 sis\u00e4slt\u00f6\/astia paikallisten\/alueellisten\/kansallisten\/kansainv\u00e4listen m\u00e4\u00e4r\u00e4ysten mukaisesti. Sis\u00e4lt\u00e4\u00e4 liuotinbensiini\u00e4 (maa\u00f6ljy\u00e4), alifaattisia yhdisteit\u00e4,\netyleenidiamiinitetraetikkahapon tetra-amideita; krotonihappoa; 4-oxo-4-(tridesyyliamino)-, (Z)-, haarautuva.<\/p>","protected":false},"excerpt":{"rendered":"<p>Dieselpolttoaineen geeliytymist\u00e4 est\u00e4v\u00e4 K\u00f6nner &amp; S\u00f6hnen\u00ae ULTRA Performance -lis\u00e4aine<\/p>","protected":false},"featured_media":13177,"template":"","meta":{"_acf_changed":false,"inline_featured_image":false},"product_brand":[],"product_cat":[156,26],"product_tag":[],"class_list":{"0":"post-4448","1":"product","2":"type-product","3":"status-publish","4":"has-post-thumbnail","6":"product_cat-generaatori-tarvikud","7":"product_cat-olid-kanistrid-kindad-prillid","8":"product_shipping_class-vaikepakk","9":"brand-konner-sohnen","11":"first","12":"instock","13":"taxable","14":"shipping-taxable","15":"purchasable","16":"product-type-simple"},"acf":[],"yoast_head":"<!-- This site is optimized with the Yoast SEO plugin v26.2 - https:\/\/yoast.com\/wordpress\/plugins\/seo\/ -->\n<title>Diislik\u00fctuse antigeel KS D-ANTIGEL 20\/60 - Genekas24<\/title>\n<meta name=\"robots\" content=\"index, follow, max-snippet:-1, max-image-preview:large, max-video-preview:-1\" \/>\n<link rel=\"canonical\" href=\"https:\/\/staging.genekas24.ee\/fi\/tuote\/dieselpolttoaineen-geeliytymista-estava-aine-ks-d-antigel-20-60\/\" \/>\n<meta property=\"og:locale\" content=\"fi_FI\" \/>\n<meta property=\"og:type\" content=\"article\" \/>\n<meta property=\"og:title\" content=\"Diislik\u00fctuse antigeel KS D-ANTIGEL 20\/60 - Genekas24\" \/>\n<meta property=\"og:description\" content=\"K\u00f6nner &amp; S\u00f6hnen\u00ae ULTRA Performance diislik\u00fctuse antigeel\" \/>\n<meta property=\"og:url\" content=\"https:\/\/staging.genekas24.ee\/fi\/tuote\/dieselpolttoaineen-geeliytymista-estava-aine-ks-d-antigel-20-60\/\" \/>\n<meta property=\"og:site_name\" content=\"Genekas24\" \/>\n<meta property=\"article:modified_time\" content=\"2025-12-02T10:07:31+00:00\" \/>\n<meta property=\"og:image\" content=\"https:\/\/staging.genekas24.ee\/wp-content\/uploads\/2022\/06\/disel_antigel-1.png\" \/>\n\t<meta property=\"og:image:width\" content=\"900\" \/>\n\t<meta property=\"og:image:height\" content=\"713\" \/>\n\t<meta property=\"og:image:type\" content=\"image\/png\" \/>\n<meta name=\"twitter:card\" content=\"summary_large_image\" \/>\n<meta name=\"twitter:label1\" content=\"Arvioitu lukuaika\" \/>\n\t<meta name=\"twitter:data1\" content=\"2 minuuttia\" \/>\n<script type=\"application\/ld+json\" class=\"yoast-schema-graph\">{\"@context\":\"https:\/\/schema.org\",\"@graph\":[{\"@type\":\"WebPage\",\"@id\":\"https:\/\/staging.genekas24.ee\/toode\/diislikutuse-antigeel-ks-d-antigel-20-60\/\",\"url\":\"https:\/\/staging.genekas24.ee\/toode\/diislikutuse-antigeel-ks-d-antigel-20-60\/\",\"name\":\"Diislik\u00fctuse antigeel KS D-ANTIGEL 20\/60 - Genekas24\",\"isPartOf\":{\"@id\":\"https:\/\/staging.genekas24.ee\/#website\"},\"primaryImageOfPage\":{\"@id\":\"https:\/\/staging.genekas24.ee\/toode\/diislikutuse-antigeel-ks-d-antigel-20-60\/#primaryimage\"},\"image\":{\"@id\":\"https:\/\/staging.genekas24.ee\/toode\/diislikutuse-antigeel-ks-d-antigel-20-60\/#primaryimage\"},\"thumbnailUrl\":\"https:\/\/staging.genekas24.ee\/wp-content\/uploads\/2022\/06\/disel_antigel-1.png\",\"datePublished\":\"2022-06-16T21:01:11+00:00\",\"dateModified\":\"2025-12-02T10:07:31+00:00\",\"breadcrumb\":{\"@id\":\"https:\/\/staging.genekas24.ee\/toode\/diislikutuse-antigeel-ks-d-antigel-20-60\/#breadcrumb\"},\"inLanguage\":\"fi\",\"potentialAction\":[{\"@type\":\"ReadAction\",\"target\":[\"https:\/\/staging.genekas24.ee\/toode\/diislikutuse-antigeel-ks-d-antigel-20-60\/\"]}]},{\"@type\":\"ImageObject\",\"inLanguage\":\"fi\",\"@id\":\"https:\/\/staging.genekas24.ee\/toode\/diislikutuse-antigeel-ks-d-antigel-20-60\/#primaryimage\",\"url\":\"https:\/\/staging.genekas24.ee\/wp-content\/uploads\/2022\/06\/disel_antigel-1.png\",\"contentUrl\":\"https:\/\/staging.genekas24.ee\/wp-content\/uploads\/2022\/06\/disel_antigel-1.png\",\"width\":900,\"height\":713},{\"@type\":\"BreadcrumbList\",\"@id\":\"https:\/\/staging.genekas24.ee\/toode\/diislikutuse-antigeel-ks-d-antigel-20-60\/#breadcrumb\",\"itemListElement\":[{\"@type\":\"ListItem\",\"position\":1,\"name\":\"Home\",\"item\":\"https:\/\/staging.genekas24.ee\/\"},{\"@type\":\"ListItem\",\"position\":2,\"name\":\"Pood\",\"item\":\"https:\/\/staging.genekas24.ee\/pood\/\"},{\"@type\":\"ListItem\",\"position\":3,\"name\":\"Diislik\u00fctuse antigeel KS D-ANTIGEL 20\/60\"}]},{\"@type\":\"WebSite\",\"@id\":\"https:\/\/staging.genekas24.ee\/#website\",\"url\":\"https:\/\/staging.genekas24.ee\/\",\"name\":\"Genekas24\",\"description\":\"Generaatorid | K&ouml;nner S&ouml;hnen tooted | Genekas24\",\"publisher\":{\"@id\":\"https:\/\/staging.genekas24.ee\/#organization\"},\"potentialAction\":[{\"@type\":\"SearchAction\",\"target\":{\"@type\":\"EntryPoint\",\"urlTemplate\":\"https:\/\/staging.genekas24.ee\/?s={search_term_string}\"},\"query-input\":{\"@type\":\"PropertyValueSpecification\",\"valueRequired\":true,\"valueName\":\"search_term_string\"}}],\"inLanguage\":\"fi\"},{\"@type\":\"Organization\",\"@id\":\"https:\/\/staging.genekas24.ee\/#organization\",\"name\":\"Genekas24\",\"url\":\"https:\/\/staging.genekas24.ee\/\",\"logo\":{\"@type\":\"ImageObject\",\"inLanguage\":\"fi\",\"@id\":\"https:\/\/staging.genekas24.ee\/#\/schema\/logo\/image\/\",\"url\":\"https:\/\/staging.genekas24.ee\/wp-content\/uploads\/2026\/01\/genekas24-logo_black.svg\",\"contentUrl\":\"https:\/\/staging.genekas24.ee\/wp-content\/uploads\/2026\/01\/genekas24-logo_black.svg\",\"width\":840,\"height\":131,\"caption\":\"Genekas24\"},\"image\":{\"@id\":\"https:\/\/staging.genekas24.ee\/#\/schema\/logo\/image\/\"}}]}<\/script>\n<!-- \/ Yoast SEO plugin. -->","yoast_head_json":{"title":"Diislik\u00fctuse antigeel KS D-ANTIGEL 20\/60 - Genekas24","robots":{"index":"index","follow":"follow","max-snippet":"max-snippet:-1","max-image-preview":"max-image-preview:large","max-video-preview":"max-video-preview:-1"},"canonical":"https:\/\/staging.genekas24.ee\/fi\/tuote\/dieselpolttoaineen-geeliytymista-estava-aine-ks-d-antigel-20-60\/","og_locale":"fi_FI","og_type":"article","og_title":"Diislik\u00fctuse antigeel KS D-ANTIGEL 20\/60 - Genekas24","og_description":"K\u00f6nner &amp; S\u00f6hnen\u00ae ULTRA Performance diislik\u00fctuse antigeel","og_url":"https:\/\/staging.genekas24.ee\/fi\/tuote\/dieselpolttoaineen-geeliytymista-estava-aine-ks-d-antigel-20-60\/","og_site_name":"Genekas24","article_modified_time":"2025-12-02T10:07:31+00:00","og_image":[{"width":900,"height":713,"url":"https:\/\/staging.genekas24.ee\/wp-content\/uploads\/2022\/06\/disel_antigel-1.png","type":"image\/png"}],"twitter_card":"summary_large_image","twitter_misc":{"Arvioitu lukuaika":"2 minuuttia"},"schema":{"@context":"https:\/\/schema.org","@graph":[{"@type":"WebPage","@id":"https:\/\/staging.genekas24.ee\/toode\/diislikutuse-antigeel-ks-d-antigel-20-60\/","url":"https:\/\/staging.genekas24.ee\/toode\/diislikutuse-antigeel-ks-d-antigel-20-60\/","name":"Diislik\u00fctuse antigeel KS D-ANTIGEL 20\/60 - Genekas24","isPartOf":{"@id":"https:\/\/staging.genekas24.ee\/#website"},"primaryImageOfPage":{"@id":"https:\/\/staging.genekas24.ee\/toode\/diislikutuse-antigeel-ks-d-antigel-20-60\/#primaryimage"},"image":{"@id":"https:\/\/staging.genekas24.ee\/toode\/diislikutuse-antigeel-ks-d-antigel-20-60\/#primaryimage"},"thumbnailUrl":"https:\/\/staging.genekas24.ee\/wp-content\/uploads\/2022\/06\/disel_antigel-1.png","datePublished":"2022-06-16T21:01:11+00:00","dateModified":"2025-12-02T10:07:31+00:00","breadcrumb":{"@id":"https:\/\/staging.genekas24.ee\/toode\/diislikutuse-antigeel-ks-d-antigel-20-60\/#breadcrumb"},"inLanguage":"fi","potentialAction":[{"@type":"ReadAction","target":["https:\/\/staging.genekas24.ee\/toode\/diislikutuse-antigeel-ks-d-antigel-20-60\/"]}]},{"@type":"ImageObject","inLanguage":"fi","@id":"https:\/\/staging.genekas24.ee\/toode\/diislikutuse-antigeel-ks-d-antigel-20-60\/#primaryimage","url":"https:\/\/staging.genekas24.ee\/wp-content\/uploads\/2022\/06\/disel_antigel-1.png","contentUrl":"https:\/\/staging.genekas24.ee\/wp-content\/uploads\/2022\/06\/disel_antigel-1.png","width":900,"height":713},{"@type":"BreadcrumbList","@id":"https:\/\/staging.genekas24.ee\/toode\/diislikutuse-antigeel-ks-d-antigel-20-60\/#breadcrumb","itemListElement":[{"@type":"ListItem","position":1,"name":"Home","item":"https:\/\/staging.genekas24.ee\/"},{"@type":"ListItem","position":2,"name":"Pood","item":"https:\/\/staging.genekas24.ee\/pood\/"},{"@type":"ListItem","position":3,"name":"Diislik\u00fctuse antigeel KS D-ANTIGEL 20\/60"}]},{"@type":"WebSite","@id":"https:\/\/staging.genekas24.ee\/#website","url":"https:\/\/staging.genekas24.ee\/","name":"Genekas24","description":"Generaatorid | K&ouml;nner S&ouml;hnen tooted | Genekas24","publisher":{"@id":"https:\/\/staging.genekas24.ee\/#organization"},"potentialAction":[{"@type":"SearchAction","target":{"@type":"EntryPoint","urlTemplate":"https:\/\/staging.genekas24.ee\/?s={search_term_string}"},"query-input":{"@type":"PropertyValueSpecification","valueRequired":true,"valueName":"search_term_string"}}],"inLanguage":"fi"},{"@type":"Organization","@id":"https:\/\/staging.genekas24.ee\/#organization","name":"Genekas24","url":"https:\/\/staging.genekas24.ee\/","logo":{"@type":"ImageObject","inLanguage":"fi","@id":"https:\/\/staging.genekas24.ee\/#\/schema\/logo\/image\/","url":"https:\/\/staging.genekas24.ee\/wp-content\/uploads\/2026\/01\/genekas24-logo_black.svg","contentUrl":"https:\/\/staging.genekas24.ee\/wp-content\/uploads\/2026\/01\/genekas24-logo_black.svg","width":840,"height":131,"caption":"Genekas24"},"image":{"@id":"https:\/\/staging.genekas24.ee\/#\/schema\/logo\/image\/"}}]}},"_links":{"self":[{"href":"https:\/\/staging.genekas24.ee\/fi\/wp-json\/wp\/v2\/product\/4448","targetHints":{"allow":["GET"]}}],"collection":[{"href":"https:\/\/staging.genekas24.ee\/fi\/wp-json\/wp\/v2\/product"}],"about":[{"href":"https:\/\/staging.genekas24.ee\/fi\/wp-json\/wp\/v2\/types\/product"}],"version-history":[{"count":3,"href":"https:\/\/staging.genekas24.ee\/fi\/wp-json\/wp\/v2\/product\/4448\/revisions"}],"predecessor-version":[{"id":14289,"href":"https:\/\/staging.genekas24.ee\/fi\/wp-json\/wp\/v2\/product\/4448\/revisions\/14289"}],"wp:featuredmedia":[{"embeddable":true,"href":"https:\/\/staging.genekas24.ee\/fi\/wp-json\/wp\/v2\/media\/13177"}],"wp:attachment":[{"href":"https:\/\/staging.genekas24.ee\/fi\/wp-json\/wp\/v2\/media?parent=4448"}],"wp:term":[{"taxonomy":"product_brand","embeddable":true,"href":"https:\/\/staging.genekas24.ee\/fi\/wp-json\/wp\/v2\/product_brand?post=4448"},{"taxonomy":"product_cat","embeddable":true,"href":"https:\/\/staging.genekas24.ee\/fi\/wp-json\/wp\/v2\/product_cat?post=4448"},{"taxonomy":"product_tag","embeddable":true,"href":"https:\/\/staging.genekas24.ee\/fi\/wp-json\/wp\/v2\/product_tag?post=4448"}],"curies":[{"name":"wp","href":"https:\/\/api.w.org\/{rel}","templated":true}]}}