{"id":3702,"date":"2022-02-14T13:55:00","date_gmt":"2022-02-14T13:55:00","guid":{"rendered":"https:\/\/staging.genekas24.ee\/?post_type=product&#038;p=3702"},"modified":"2025-12-02T10:07:31","modified_gmt":"2025-12-02T10:07:31","slug":"ats-seade-ks-ats-4-63hd","status":"publish","type":"product","link":"https:\/\/staging.genekas24.ee\/fi\/tuote\/automaattinen-siirto-kytkin-ks-ats-4-63hd\/","title":{"rendered":"ATS-laite KS ATS 4\/63HD"},"content":{"rendered":"<p>Automaattinen ATS-siirtokytkinyksikk\u00f6 (Automatic transfer switch) k\u00e4ynnist\u00e4\u00e4 generaattorin automaattisesti ja siirt\u00e4\u00e4 sille kuorman, kun yhteys verkkovirtaan katkeaa.<\/p>\n<p>S\u00e4hk\u00f6isell\u00e4 k\u00e4ynnistimell\u00e4 varustetuissa bensiini- ja dieselgeneraattoreissa on yleismallinen 6-nastainen liitin automaattiselle siirtokytkimelle (ATS-tulo). ATS-yksik\u00f6ss\u00e4 on ohjelmoitava logiikkaohjain PLC, joka mahdollistaa generaattorin automaattisen k\u00e4ynnistyksen\/sammutuksen ohjelmoinnin s\u00e4hk\u00f6katkon ja s\u00e4hk\u00f6jen palautuksen varalta.<\/p>\n<p><strong>ATS-YKSIK\u00d6N OHJELMOITAVA LOGIIKKAOHJAIN:<\/strong><\/p>\n<ul>\n<li>Automaatti-\/manuaalik\u00e4ytt\u00f6<\/li>\n<li>Ohjelmointi: moottorin k\u00e4ynnistysaika s\u00e4hk\u00f6katkoksen j\u00e4lkeen<\/li>\n<li>Ohjelmointi: moottorin l\u00e4mpenemisaika ennen virtaa kuluttavaan laitteeseen liitt\u00e4mist\u00e4<\/li>\n<li>Starttimoottorin k\u00e4ytt\u00f6ajan asetus<\/li>\n<li>Moottorin suorituskyvyn seuranta<\/li>\n<li>Akun lataaminen, kun generaattori on sammutettuna<\/li>\n<\/ul>\n<p>&nbsp;<\/p>\n<p>KS ATS 4\/63HD ATS -yksikk\u00f6 on yhteensopiva kaikkien sellaisten K\u00f6nner &amp; S\u00f6hnen -dieselgeneraattoreiden kanssa, joiden tuotenumerossa on merkint\u00e4 \u201cATSR\u201d.<\/p>","protected":false},"excerpt":{"rendered":"<p>Automaattinen siirtokytkin<\/p>\n<table>\n<tbody>\n<tr class=\"even\">\n<td width=\"60%\">\n<div class=\"col-xs-6\">Akun j\u00e4nnite<\/div>\n<\/td>\n<td>12 V DC<\/td>\n<\/tr>\n<tr class=\"odd\">\n<td>J\u00e4nnite<\/td>\n<td>230\/400<\/td>\n<\/tr>\n<tr class=\"even\">\n<td>Virta (max.), A<\/td>\n<td>63<\/td>\n<\/tr>\n<tr class=\"odd\">\n<td>Ty\u00f6ymp\u00e4rist\u00f6<\/td>\n<td>-10 \u00b0C \u2013 +55 \u00b0C; kosteus: \u2a7d60 %<\/td>\n<\/tr>\n<tr class=\"even\">\n<td>Varastointiymp\u00e4rist\u00f6<\/td>\n<td>-10 \u00b0C \u2013 +70 \u00b0C; kosteus: \u2a7d60 %<\/td>\n<\/tr>\n<tr class=\"odd\">\n<td>IP-kotelointiluokka<\/td>\n<td>IP41<\/td>\n<\/tr>\n<tr class=\"even\">\n<td>Eristysluokka<\/td>\n<td>AC1.5KV \/ 1min 1mA<\/td>\n<\/tr>\n<tr class=\"odd\">\n<td>Akun enimm\u00e4islatausvirta sis\u00e4\u00e4nrakennetusta virtal\u00e4hteest\u00e4, A<\/td>\n<td>2<\/td>\n<\/tr>\n<tr class=\"even\">\n<td>Ohjauskaapelin pituus, m<\/td>\n<td>4.4<\/td>\n<\/tr>\n<tr>\n<td>Sis\u00e4mitat (PxLxK), mm<\/td>\n<td>320\u0445190\u0445400<\/td>\n<\/tr>\n<tr>\n<td>Bruttomitat (P x L x K), mm<\/td>\n<td>420\u0445220\u0445520<\/td>\n<\/tr>\n<tr>\n<td>Nettopaino, kg<\/td>\n<td>8.4<\/td>\n<\/tr>\n<tr>\n<td>Bruttopaino, kg<\/td>\n<td>8.8<\/td>\n<\/tr>\n<tr>\n<td>EAN-koodi<\/td>\n<td>4260405362455<\/td>\n<\/tr>\n<\/tbody>\n<\/table>\n<p>Koottu PRC.<\/p>","protected":false},"featured_media":13180,"template":"","meta":{"_acf_changed":false,"inline_featured_image":false},"product_brand":[],"product_cat":[158,156],"product_tag":[],"class_list":{"0":"post-3702","1":"product","2":"type-product","3":"status-publish","4":"has-post-thumbnail","6":"product_cat-ats-seadmed","7":"product_cat-generaatori-tarvikud","8":"product_shipping_class-vaikepakk","9":"brand-konner-sohnen","11":"first","12":"instock","13":"taxable","14":"shipping-taxable","15":"purchasable","16":"product-type-simple"},"acf":[],"yoast_head":"<!-- This site is optimized with the Yoast SEO plugin v26.2 - https:\/\/yoast.com\/wordpress\/plugins\/seo\/ -->\n<title>ATS-seade KS ATS 4\/63HD - Genekas24<\/title>\n<meta name=\"robots\" content=\"index, follow, max-snippet:-1, max-image-preview:large, max-video-preview:-1\" \/>\n<link rel=\"canonical\" href=\"https:\/\/staging.genekas24.ee\/fi\/tuote\/automaattinen-siirto-kytkin-ks-ats-4-63hd\/\" \/>\n<meta property=\"og:locale\" content=\"fi_FI\" \/>\n<meta property=\"og:type\" content=\"article\" \/>\n<meta property=\"og:title\" content=\"ATS-seade KS ATS 4\/63HD - Genekas24\" \/>\n<meta property=\"og:description\" content=\"Automaatne \u00fclekande l\u00fcliti     Aku pinge 12 V DC   Pinge 230\/400   Vool (max), A 63   T\u00f6\u00f6keskkond alates -10\u00b0C to 55\u00b0C; niiskus: \u2a7d60%   S\u00e4ilituskeskkond alates -10\u00b0C to 70\u00b0C; niiskus: \u2a7d60%   IP kaitseklass IP41   Isolatsiooniklass AC1.5KV \/ 1min 1mA   Maksimaalne aku laadimisvool sisseehitatud toiteallikast, A 2   Juhtkaabli pikkus, m 4.4   Neto m\u00f5\u00f5dud (PxLxK), mm 320\u0445190\u0445400   Bruto m\u00f5\u00f5dud (PxLxK), mm 420\u0445220\u0445520   Netokaal, kg 8.4   Brutokaal, kg 8.8   EAN kood 4260405362455    Kokku pandud HRV-s.\" \/>\n<meta property=\"og:url\" content=\"https:\/\/staging.genekas24.ee\/fi\/tuote\/automaattinen-siirto-kytkin-ks-ats-4-63hd\/\" \/>\n<meta property=\"og:site_name\" content=\"Genekas24\" \/>\n<meta property=\"article:modified_time\" content=\"2025-12-02T10:07:31+00:00\" \/>\n<meta property=\"og:image\" content=\"https:\/\/staging.genekas24.ee\/wp-content\/uploads\/2022\/02\/KS-ATS-4-63HD-2.png\" \/>\n\t<meta property=\"og:image:width\" content=\"648\" \/>\n\t<meta property=\"og:image:height\" content=\"648\" \/>\n\t<meta property=\"og:image:type\" content=\"image\/png\" \/>\n<meta name=\"twitter:card\" content=\"summary_large_image\" \/>\n<meta name=\"twitter:label1\" content=\"Arvioitu lukuaika\" \/>\n\t<meta name=\"twitter:data1\" content=\"1 minuutti\" \/>\n<script type=\"application\/ld+json\" class=\"yoast-schema-graph\">{\"@context\":\"https:\/\/schema.org\",\"@graph\":[{\"@type\":\"WebPage\",\"@id\":\"https:\/\/staging.genekas24.ee\/toode\/ats-seade-ks-ats-4-63hd\/\",\"url\":\"https:\/\/staging.genekas24.ee\/toode\/ats-seade-ks-ats-4-63hd\/\",\"name\":\"ATS-seade KS ATS 4\/63HD - Genekas24\",\"isPartOf\":{\"@id\":\"https:\/\/staging.genekas24.ee\/#website\"},\"primaryImageOfPage\":{\"@id\":\"https:\/\/staging.genekas24.ee\/toode\/ats-seade-ks-ats-4-63hd\/#primaryimage\"},\"image\":{\"@id\":\"https:\/\/staging.genekas24.ee\/toode\/ats-seade-ks-ats-4-63hd\/#primaryimage\"},\"thumbnailUrl\":\"https:\/\/staging.genekas24.ee\/wp-content\/uploads\/2022\/02\/KS-ATS-4-63HD-2.png\",\"datePublished\":\"2022-02-14T13:55:00+00:00\",\"dateModified\":\"2025-12-02T10:07:31+00:00\",\"breadcrumb\":{\"@id\":\"https:\/\/staging.genekas24.ee\/toode\/ats-seade-ks-ats-4-63hd\/#breadcrumb\"},\"inLanguage\":\"fi\",\"potentialAction\":[{\"@type\":\"ReadAction\",\"target\":[\"https:\/\/staging.genekas24.ee\/toode\/ats-seade-ks-ats-4-63hd\/\"]}]},{\"@type\":\"ImageObject\",\"inLanguage\":\"fi\",\"@id\":\"https:\/\/staging.genekas24.ee\/toode\/ats-seade-ks-ats-4-63hd\/#primaryimage\",\"url\":\"https:\/\/staging.genekas24.ee\/wp-content\/uploads\/2022\/02\/KS-ATS-4-63HD-2.png\",\"contentUrl\":\"https:\/\/staging.genekas24.ee\/wp-content\/uploads\/2022\/02\/KS-ATS-4-63HD-2.png\",\"width\":648,\"height\":648},{\"@type\":\"BreadcrumbList\",\"@id\":\"https:\/\/staging.genekas24.ee\/toode\/ats-seade-ks-ats-4-63hd\/#breadcrumb\",\"itemListElement\":[{\"@type\":\"ListItem\",\"position\":1,\"name\":\"Home\",\"item\":\"https:\/\/staging.genekas24.ee\/\"},{\"@type\":\"ListItem\",\"position\":2,\"name\":\"Pood\",\"item\":\"https:\/\/staging.genekas24.ee\/pood\/\"},{\"@type\":\"ListItem\",\"position\":3,\"name\":\"ATS-seade KS ATS 4\/63HD\"}]},{\"@type\":\"WebSite\",\"@id\":\"https:\/\/staging.genekas24.ee\/#website\",\"url\":\"https:\/\/staging.genekas24.ee\/\",\"name\":\"Genekas24\",\"description\":\"Generaatorid | K&ouml;nner S&ouml;hnen tooted | Genekas24\",\"publisher\":{\"@id\":\"https:\/\/staging.genekas24.ee\/#organization\"},\"potentialAction\":[{\"@type\":\"SearchAction\",\"target\":{\"@type\":\"EntryPoint\",\"urlTemplate\":\"https:\/\/staging.genekas24.ee\/?s={search_term_string}\"},\"query-input\":{\"@type\":\"PropertyValueSpecification\",\"valueRequired\":true,\"valueName\":\"search_term_string\"}}],\"inLanguage\":\"fi\"},{\"@type\":\"Organization\",\"@id\":\"https:\/\/staging.genekas24.ee\/#organization\",\"name\":\"Genekas24\",\"url\":\"https:\/\/staging.genekas24.ee\/\",\"logo\":{\"@type\":\"ImageObject\",\"inLanguage\":\"fi\",\"@id\":\"https:\/\/staging.genekas24.ee\/#\/schema\/logo\/image\/\",\"url\":\"https:\/\/staging.genekas24.ee\/wp-content\/uploads\/2026\/01\/genekas24-logo_black.svg\",\"contentUrl\":\"https:\/\/staging.genekas24.ee\/wp-content\/uploads\/2026\/01\/genekas24-logo_black.svg\",\"width\":840,\"height\":131,\"caption\":\"Genekas24\"},\"image\":{\"@id\":\"https:\/\/staging.genekas24.ee\/#\/schema\/logo\/image\/\"}}]}<\/script>\n<!-- \/ Yoast SEO plugin. -->","yoast_head_json":{"title":"ATS-seade KS ATS 4\/63HD - Genekas24","robots":{"index":"index","follow":"follow","max-snippet":"max-snippet:-1","max-image-preview":"max-image-preview:large","max-video-preview":"max-video-preview:-1"},"canonical":"https:\/\/staging.genekas24.ee\/fi\/tuote\/automaattinen-siirto-kytkin-ks-ats-4-63hd\/","og_locale":"fi_FI","og_type":"article","og_title":"ATS-seade KS ATS 4\/63HD - Genekas24","og_description":"Automaatne \u00fclekande l\u00fcliti     Aku pinge 12 V DC   Pinge 230\/400   Vool (max), A 63   T\u00f6\u00f6keskkond alates -10\u00b0C to 55\u00b0C; niiskus: \u2a7d60%   S\u00e4ilituskeskkond alates -10\u00b0C to 70\u00b0C; niiskus: \u2a7d60%   IP kaitseklass IP41   Isolatsiooniklass AC1.5KV \/ 1min 1mA   Maksimaalne aku laadimisvool sisseehitatud toiteallikast, A 2   Juhtkaabli pikkus, m 4.4   Neto m\u00f5\u00f5dud (PxLxK), mm 320\u0445190\u0445400   Bruto m\u00f5\u00f5dud (PxLxK), mm 420\u0445220\u0445520   Netokaal, kg 8.4   Brutokaal, kg 8.8   EAN kood 4260405362455    Kokku pandud HRV-s.","og_url":"https:\/\/staging.genekas24.ee\/fi\/tuote\/automaattinen-siirto-kytkin-ks-ats-4-63hd\/","og_site_name":"Genekas24","article_modified_time":"2025-12-02T10:07:31+00:00","og_image":[{"width":648,"height":648,"url":"https:\/\/staging.genekas24.ee\/wp-content\/uploads\/2022\/02\/KS-ATS-4-63HD-2.png","type":"image\/png"}],"twitter_card":"summary_large_image","twitter_misc":{"Arvioitu lukuaika":"1 minuutti"},"schema":{"@context":"https:\/\/schema.org","@graph":[{"@type":"WebPage","@id":"https:\/\/staging.genekas24.ee\/toode\/ats-seade-ks-ats-4-63hd\/","url":"https:\/\/staging.genekas24.ee\/toode\/ats-seade-ks-ats-4-63hd\/","name":"ATS-seade KS ATS 4\/63HD - Genekas24","isPartOf":{"@id":"https:\/\/staging.genekas24.ee\/#website"},"primaryImageOfPage":{"@id":"https:\/\/staging.genekas24.ee\/toode\/ats-seade-ks-ats-4-63hd\/#primaryimage"},"image":{"@id":"https:\/\/staging.genekas24.ee\/toode\/ats-seade-ks-ats-4-63hd\/#primaryimage"},"thumbnailUrl":"https:\/\/staging.genekas24.ee\/wp-content\/uploads\/2022\/02\/KS-ATS-4-63HD-2.png","datePublished":"2022-02-14T13:55:00+00:00","dateModified":"2025-12-02T10:07:31+00:00","breadcrumb":{"@id":"https:\/\/staging.genekas24.ee\/toode\/ats-seade-ks-ats-4-63hd\/#breadcrumb"},"inLanguage":"fi","potentialAction":[{"@type":"ReadAction","target":["https:\/\/staging.genekas24.ee\/toode\/ats-seade-ks-ats-4-63hd\/"]}]},{"@type":"ImageObject","inLanguage":"fi","@id":"https:\/\/staging.genekas24.ee\/toode\/ats-seade-ks-ats-4-63hd\/#primaryimage","url":"https:\/\/staging.genekas24.ee\/wp-content\/uploads\/2022\/02\/KS-ATS-4-63HD-2.png","contentUrl":"https:\/\/staging.genekas24.ee\/wp-content\/uploads\/2022\/02\/KS-ATS-4-63HD-2.png","width":648,"height":648},{"@type":"BreadcrumbList","@id":"https:\/\/staging.genekas24.ee\/toode\/ats-seade-ks-ats-4-63hd\/#breadcrumb","itemListElement":[{"@type":"ListItem","position":1,"name":"Home","item":"https:\/\/staging.genekas24.ee\/"},{"@type":"ListItem","position":2,"name":"Pood","item":"https:\/\/staging.genekas24.ee\/pood\/"},{"@type":"ListItem","position":3,"name":"ATS-seade KS ATS 4\/63HD"}]},{"@type":"WebSite","@id":"https:\/\/staging.genekas24.ee\/#website","url":"https:\/\/staging.genekas24.ee\/","name":"Genekas24","description":"Generaatorid | K&ouml;nner S&ouml;hnen tooted | Genekas24","publisher":{"@id":"https:\/\/staging.genekas24.ee\/#organization"},"potentialAction":[{"@type":"SearchAction","target":{"@type":"EntryPoint","urlTemplate":"https:\/\/staging.genekas24.ee\/?s={search_term_string}"},"query-input":{"@type":"PropertyValueSpecification","valueRequired":true,"valueName":"search_term_string"}}],"inLanguage":"fi"},{"@type":"Organization","@id":"https:\/\/staging.genekas24.ee\/#organization","name":"Genekas24","url":"https:\/\/staging.genekas24.ee\/","logo":{"@type":"ImageObject","inLanguage":"fi","@id":"https:\/\/staging.genekas24.ee\/#\/schema\/logo\/image\/","url":"https:\/\/staging.genekas24.ee\/wp-content\/uploads\/2026\/01\/genekas24-logo_black.svg","contentUrl":"https:\/\/staging.genekas24.ee\/wp-content\/uploads\/2026\/01\/genekas24-logo_black.svg","width":840,"height":131,"caption":"Genekas24"},"image":{"@id":"https:\/\/staging.genekas24.ee\/#\/schema\/logo\/image\/"}}]}},"_links":{"self":[{"href":"https:\/\/staging.genekas24.ee\/fi\/wp-json\/wp\/v2\/product\/3702","targetHints":{"allow":["GET"]}}],"collection":[{"href":"https:\/\/staging.genekas24.ee\/fi\/wp-json\/wp\/v2\/product"}],"about":[{"href":"https:\/\/staging.genekas24.ee\/fi\/wp-json\/wp\/v2\/types\/product"}],"version-history":[{"count":5,"href":"https:\/\/staging.genekas24.ee\/fi\/wp-json\/wp\/v2\/product\/3702\/revisions"}],"predecessor-version":[{"id":20798,"href":"https:\/\/staging.genekas24.ee\/fi\/wp-json\/wp\/v2\/product\/3702\/revisions\/20798"}],"wp:featuredmedia":[{"embeddable":true,"href":"https:\/\/staging.genekas24.ee\/fi\/wp-json\/wp\/v2\/media\/13180"}],"wp:attachment":[{"href":"https:\/\/staging.genekas24.ee\/fi\/wp-json\/wp\/v2\/media?parent=3702"}],"wp:term":[{"taxonomy":"product_brand","embeddable":true,"href":"https:\/\/staging.genekas24.ee\/fi\/wp-json\/wp\/v2\/product_brand?post=3702"},{"taxonomy":"product_cat","embeddable":true,"href":"https:\/\/staging.genekas24.ee\/fi\/wp-json\/wp\/v2\/product_cat?post=3702"},{"taxonomy":"product_tag","embeddable":true,"href":"https:\/\/staging.genekas24.ee\/fi\/wp-json\/wp\/v2\/product_tag?post=3702"}],"curies":[{"name":"wp","href":"https:\/\/api.w.org\/{rel}","templated":true}]}}