{"id":2631,"date":"2022-01-20T07:34:15","date_gmt":"2022-01-20T07:34:15","guid":{"rendered":"https:\/\/staging.genekas24.ee\/?post_type=product&#038;p=2631"},"modified":"2025-12-31T08:49:40","modified_gmt":"2025-12-31T08:49:40","slug":"bensiinigeneraator-ks-15-1e-1-3-atsr","status":"publish","type":"product","link":"https:\/\/staging.genekas24.ee\/fi\/tuote\/bensiinigeneraattori-ks-15-1e-1-3-atsr\/","title":{"rendered":"Bensiinigeneraattori KS 15-1E 1\/3 ATSR"},"content":{"rendered":"<p>Suorituskykyisen KS 15-1E 1\/3 ATSR -bensiinigeneraattori perustana on kest\u00e4v\u00e4 tarkoitukseen varta vasten kehitetty 22 hv:n kaksisylinterinen \u201cK\u00f6nner &amp; S\u00f6hnen\u201d -moottori, joka t\u00e4ytt\u00e4\u00e4 kaikki eurooppalaiset laatustandardit, uusimmat EURO 5 -p\u00e4\u00e4st\u00f6standardit mukaan lukien.\nGeneraattori voidaan liitt\u00e4\u00e4 ATS-yksikk\u00f6\u00f6n ja siin\u00e4 on ainutlaatuinen VTS-vaiheenvaihtoj\u00e4rjestelm\u00e4, jonka ansiosta generaattoria voidaan k\u00e4ytt\u00e4\u00e4 sek\u00e4 yksivaihetilassa (230 V) ett\u00e4 kolmivaihetilassa (400 V) l\u00e4hes ilman tehoh\u00e4vi\u00f6t\u00e4. Moottorin h\u00e4t\u00e4pys\u00e4ytyspainikkeella ja monitoimisella LED-n\u00e4yt\u00f6ll\u00e4 varustetun k\u00e4ytt\u00e4j\u00e4yst\u00e4v\u00e4llisen ergonomisen ohjauspaneelin avulla voidaan valvoa generaattorin toimintaa: j\u00e4nnitett\u00e4, taajuutta, k\u00e4ytt\u00f6tunteja sek\u00e4 \u00f6ljyn m\u00e4\u00e4r\u00e4\u00e4. T\u00e4m\u00e4 malli on varustettu pistokkeilla, joilla generaattorin koko teho saadaan k\u00e4ytt\u00f6\u00f6n. Pistokkeet on varustettu sulakkeilla ja niihin sopivilla tulpilla. Tilava 55 litran polttoaines\u00e4ili\u00f6 takaa pitk\u00e4n ja jatkuvan k\u00e4yt\u00f6n.<\/p>\n<table>\n<tbody>\n<tr class=\"even\">\n<td><a href=\"https:\/\/staging.genekas24.ee\/wp-content\/uploads\/2022\/10\/high-perfomance-engine-300x300.jpg\" data-fancybox-group=\"gallery\"><span style=\"color: #333333;\"><img fetchpriority=\"high\" decoding=\"async\" class=\"alignnone\" src=\"https:\/\/staging.genekas24.ee\/wp-content\/uploads\/2022\/10\/high-perfomance-engine-300x300.jpg\" alt=\"1-silindriline \u00f5hkjahutusega mootor (18,5 hj)\" width=\"300\" height=\"300\" \/><\/span><\/a><\/td>\n<td><strong>SUORITUSKYKYINEN MOOTTORI<\/strong><\/p>\n<p>Tehokas ja luotettava kaksisylinterinen ilmaj\u00e4\u00e4hdytteinen moottori (22 hv), suorituskykyinen ja kustannustehokas, t\u00e4ytt\u00e4\u00e4 eurooppalaiset laatustandardit (mukaan lukien pakokaasup\u00e4\u00e4st\u00f6t ja melu). Jokaisessa moottorissa on yrityksen K&amp;S-leima ja yksil\u00f6llinen sarjanumero valmistuksen ja j\u00e4lkimyyntipalvelun laadun takaamiseksi.<\/td>\n<\/tr>\n<tr class=\"even\">\n<td><a href=\"https:\/\/staging.genekas24.ee\/wp-content\/uploads\/2022\/10\/vts-switcher-300x300-1.jpg\" data-fancybox-group=\"gallery\"><img decoding=\"async\" class=\"\" src=\"https:\/\/staging.genekas24.ee\/wp-content\/uploads\/2022\/10\/vts-switcher-300x300-1.jpg\" alt=\"\" width=\"300\" height=\"300\" \/><\/a><\/td>\n<td><strong>VTS-J\u00c4RJESTELM\u00c4<\/strong><\/p>\n<p>Ainutlaatuinen innovatiivinen VTS (Voltage Transfer System) -vaiheenvaihtoj\u00e4rjestelm\u00e4 samantehoisena kuluttajien k\u00e4ytett\u00e4v\u00e4ksi yksivaiheisena (230 V) ja kolmivaiheisena (400 V). Kummallakin tilalla on oma suojalaukaisimensa.<\/td>\n<\/tr>\n<tr class=\"even\">\n<td><a href=\"https:\/\/staging.genekas24.ee\/wp-content\/uploads\/2022\/10\/control-panel-300x300.jpg\" data-fancybox-group=\"gallery\"><span style=\"color: #333333;\"><img decoding=\"async\" class=\"alignnone\" src=\"https:\/\/staging.genekas24.ee\/wp-content\/uploads\/2022\/10\/control-panel-300x300.jpg\" alt=\"Bensiinigeneraatori ergonoomiline juhtpaneel\" width=\"300\" height=\"300\" \/><\/span><\/a><\/td>\n<td><strong>ERGONOMINEN OHJAUSPANEELI<\/strong><\/p>\n<p>K\u00e4ytt\u00e4j\u00e4yst\u00e4v\u00e4llisell\u00e4, ergonomisella ohjauspaneelilla on helppo valvoa koko laitetta, erityisosaamista ei tarvita, mukana pistokkeet generaattorin t\u00e4yden tehon k\u00e4ytt\u00f6\u00f6n saamiseksi ja nykyaikainen LED-n\u00e4ytt\u00f6 (k\u00e4ytt\u00f6tuntimittari, taajuus, j\u00e4nnite, \u00f6ljyh\u00e4lytys). Paneeli on varustettu moottorin h\u00e4t\u00e4pys\u00e4ytyskytkimell\u00e4.<\/td>\n<\/tr>\n<tr class=\"even\">\n<td><a href=\"https:\/\/staging.genekas24.ee\/wp-content\/uploads\/2022\/10\/KS-ATS-4-32-12_square-300x300.jpg\" data-fancybox-group=\"gallery\"><span style=\"color: #333333;\"><img loading=\"lazy\" decoding=\"async\" class=\"alignnone wp-image-2579 size-medium\" src=\"https:\/\/staging.genekas24.ee\/wp-content\/uploads\/2022\/10\/KS-ATS-4-32-12_square-300x300.jpg\" alt=\"Bensiinigeneraatori ATS v\u00e4ljund\" width=\"300\" height=\"300\" \/><\/span><\/a><\/td>\n<td><strong>ATS-L\u00c4HT\u00d6<\/strong><\/p>\n<p>Automaattinen ATS-siirtokytkinyksikk\u00f6 (Automatic transfer switch) k\u00e4ynnist\u00e4\u00e4 generaattorin automaattisesti ja siirt\u00e4\u00e4 sille kuorman, kun yhteys verkkovirtaan katkeaa, ja pys\u00e4ytt\u00e4\u00e4 generaattorin automaattisesti, kun verkkovirta palautuu.<\/td>\n<\/tr>\n<tr class=\"odd\">\n<td><a href=\"https:\/\/staging.genekas24.ee\/wp-content\/uploads\/2022\/10\/alternator.jpg\" data-fancybox-group=\"gallery\"><span style=\"color: #333333;\"><img loading=\"lazy\" decoding=\"async\" class=\"alignnone\" src=\"https:\/\/staging.genekas24.ee\/wp-content\/uploads\/2022\/10\/alternator.jpg\" alt=\"100% vaskm\u00e4hisega vaheldusvoolugeneraator\" width=\"300\" height=\"300\" \/><\/span><\/a><\/td>\n<td><strong>T\u00c4YSKUPARISELLA K\u00c4\u00c4MITYKSELL\u00c4 VARUSTETTU VAIHTOVIRTALATURI<\/strong><\/p>\n<p>K\u00f6nner &amp; S\u00f6hnen -generaattorit on varustettu tehokkaalla synkronisella vaihtovirtalaturilla, jossa on t\u00e4yskuparinen k\u00e4\u00e4mitys. T\u00e4m\u00e4 on ainoa kuparik\u00e4\u00e4mitys, joka kest\u00e4\u00e4 maksimikuormat vaurioitta, mik\u00e4 takaa generaattorin pitk\u00e4aikaisen luotettavan toiminnan.<\/td>\n<\/tr>\n<tr class=\"odd\">\n<td><a href=\"https:\/\/staging.genekas24.ee\/wp-content\/uploads\/2022\/10\/Bak1-300x300.png\" data-fancybox-group=\"gallery\"><span style=\"color: #333333;\"><img loading=\"lazy\" decoding=\"async\" class=\"alignnone\" src=\"https:\/\/staging.genekas24.ee\/wp-content\/uploads\/2022\/10\/Bak1-300x300.png\" alt=\"terasest bensiinigeneraatori k\u00fctusepaak\" width=\"300\" height=\"300\" \/><\/span><\/a><\/td>\n<td><strong>TER\u00c4SS\u00c4ILI\u00d6<\/strong><\/p>\n<p>\u201dK\u00f6nner &amp; S\u00f6hnen\u201d -generaattoreissa on suuri ter\u00e4ksinen polttoaines\u00e4ili\u00f6, jonka ansiosta generaattoria voi k\u00e4ytt\u00e4\u00e4 pidemp\u00e4\u00e4n polttoainetta lis\u00e4\u00e4m\u00e4tt\u00e4. Polttoainemittari on helposti n\u00e4ht\u00e4viss\u00e4 olevassa paikassa s\u00e4ili\u00f6n p\u00e4\u00e4ll\u00e4.<\/td>\n<\/tr>\n<\/tbody>\n<\/table>\n<p><em><span style=\"font-size: 14px;\">***Polttoaineen kulutus riippuu monista tekij\u00f6ist\u00e4: kuormituksesta, polttoaineen laadusta, vuodenajasta, korkeudesta ja generaattorin teknisest\u00e4 kunnosta.<\/span><\/em><\/p>","protected":false},"excerpt":{"rendered":"<table>\n<tbody>\n<tr class=\"even\">\n<td width=\"60%\">J\u00e4nnite<\/td>\n<td>\n<div class=\"attribute row\">\n<div class=\"col-xs-6\">230\/400<\/div>\n<\/div>\n<\/td>\n<\/tr>\n<tr class=\"odd\">\n<td>\n<div class=\"col-xs-6\">Suurin teho \/ nimellisteho (230 V), kW<\/div>\n<\/td>\n<td>\n<div class=\"attribute row\">\n<div class=\"col-xs-6\">11.5\/11.0<\/div>\n<\/div>\n<\/td>\n<\/tr>\n<tr class=\"even\">\n<td>\n<div class=\"col-xs-6\">Suurin teho \/ nimellisteho (400 V), kVA<\/div>\n<\/td>\n<td>\n<div class=\"attribute row\">\n<div class=\"col-xs-6\">15.6\/15.0<\/div>\n<\/div>\n<\/td>\n<\/tr>\n<tr class=\"odd\">\n<td>\n<div class=\"col-xs-6\">Taajuus, Hz<\/div>\n<\/td>\n<td>50<\/td>\n<\/tr>\n<tr class=\"even\">\n<td>Vool (max.) 230\/400 V, A<\/td>\n<td>\n<div class=\"attribute row\">\n<div class=\"col-xs-6\">48\/22<\/div>\n<\/div>\n<\/td>\n<\/tr>\n<tr class=\"odd\">\n<td>L\u00e4hd\u00f6t<\/td>\n<td>\n<div class=\"attribute row\">\n<div class=\"col-xs-6\">1 x CEE 400 V 32 A<br \/>\n1 x CEE 230 V 63 A<\/div>\n<\/div>\n<\/td>\n<\/tr>\n<tr class=\"even\">\n<td>\n<div class=\"col-xs-6\">Polttoaines\u00e4ili\u00f6n tilavuus, L<\/div>\n<\/td>\n<td>55<\/td>\n<\/tr>\n<tr class=\"odd\">\n<td>\n<div class=\"col-xs-6\">LED-n\u00e4ytt\u00f6<\/div>\n<\/td>\n<td>\n<div class=\"attribute row\">\n<div class=\"col-xs-6\">J\u00e4nnite, taajuus, k\u00e4ytt\u00f6tunnit, \u00f6ljyh\u00e4lytys<\/div>\n<\/div>\n<\/td>\n<\/tr>\n<tr class=\"even\">\n<td>\n<div class=\"col-xs-6\">Melutaso Lpa (7 m) \/ Lwa, dB<\/div>\n<\/td>\n<td>\n<div class=\"attribute row\">\n<div class=\"col-xs-6\">72\/97<\/div>\n<\/div>\n<\/td>\n<\/tr>\n<tr class=\"odd\">\n<td>\n<div class=\"col-xs-6\">Antoteho DC, V\/A<\/div>\n<\/td>\n<td>+<\/td>\n<\/tr>\n<tr class=\"even\">\n<td>\n<div class=\"col-xs-6\">Moottorin malli<\/div>\n<\/td>\n<td>\n<div class=\"attribute row\">\n<div class=\"col-xs-6\">KS 780<\/div>\n<\/div>\n<\/td>\n<\/tr>\n<tr class=\"odd\">\n<td>\n<div class=\"col-xs-6\">Moottorityyppi<\/div>\n<\/td>\n<td>\n<div class=\"attribute row\">\n<div class=\"col-xs-6\">Bensiinik\u00e4ytt\u00f6inen, kaksisylinterinen, nelitahtinen, ilmaj\u00e4\u00e4hdytteinen<\/div>\n<\/div>\n<\/td>\n<\/tr>\n<tr class=\"even\">\n<td>\n<div class=\"col-xs-6\">Moottoriteho, hv\/kW<\/div>\n<\/td>\n<td>\n<div class=\"attribute row\">\n<div class=\"col-xs-6\">22.0\/16.18<\/div>\n<\/div>\n<\/td>\n<\/tr>\n<tr class=\"odd\">\n<td>\n<div class=\"col-xs-6\">Kampikammion tilavuus, L<\/div>\n<\/td>\n<td>1.5<\/td>\n<\/tr>\n<tr class=\"even\">\n<td>\n<div class=\"col-xs-6\">Moottorin sylinteritilavuus, cm3<\/div>\n<\/td>\n<td>750<\/td>\n<\/tr>\n<tr class=\"odd\">\n<td>\n<div class=\"col-xs-6\">Tehons\u00e4\u00e4din<\/div>\n<\/td>\n<td>\n<div class=\"attribute row\">\n<div class=\"col-xs-6\">\u00c4lyk\u00e4s j\u00e4nnitteenvakautusj\u00e4rjestelm\u00e4 AVR<\/div>\n<\/div>\n<\/td>\n<\/tr>\n<tr class=\"even\">\n<td>\n<div class=\"col-xs-6\">Moottorin k\u00e4ynnistys<\/div>\n<\/td>\n<td>S\u00e4hk\u00f6inen<\/td>\n<\/tr>\n<tr class=\"odd\">\n<td>\n<div class=\"col-xs-6\">Akku, Ah<\/div>\n<\/td>\n<td>36<\/td>\n<\/tr>\n<tr class=\"even\">\n<td>\n<div class=\"col-xs-6\">Suojausluokka<\/div>\n<\/td>\n<td>IP23M<\/td>\n<\/tr>\n<tr>\n<td>Sis\u00e4mitat (PxLxK), mm<\/td>\n<td>797\u00d7705\u00d7805<\/td>\n<\/tr>\n<tr>\n<td>Bruttomitat (P x L x K), mm<\/td>\n<td>807\u00d7715\u00d7905<\/td>\n<\/tr>\n<tr>\n<td>Nettopaino, kg<\/td>\n<td>155<\/td>\n<\/tr>\n<tr>\n<td>Bruttopaino, kg<\/td>\n<td>170<\/td>\n<\/tr>\n<tr>\n<td>EAN-koodi<\/td>\n<td>4260405363445<\/td>\n<\/tr>\n<\/tbody>\n<\/table>\n<p>Koottu PRC.<\/p>","protected":false},"featured_media":17725,"template":"","meta":{"_acf_changed":false,"inline_featured_image":false},"product_brand":[],"product_cat":[179,94,21],"product_tag":[],"class_list":{"0":"post-2631","1":"product","2":"type-product","3":"status-publish","4":"has-post-thumbnail","6":"product_cat-allahinnatud","7":"product_cat-generaatorid","8":"product_cat-bensiinigeneraatorid","9":"product_shipping_class-euroalus","10":"brand-konner-sohnen","12":"first","13":"onbackorder","14":"sale","15":"featured","16":"taxable","17":"shipping-taxable","18":"purchasable","19":"product-type-simple"},"acf":[],"yoast_head":"<!-- This site is optimized with the Yoast SEO plugin v26.2 - https:\/\/yoast.com\/wordpress\/plugins\/seo\/ -->\n<title>Bensiinigeneraator KS 15-1E 1\/3 ATSR - Genekas24<\/title>\n<meta name=\"description\" content=\"V\u00f5imas bensiinigeneraator KS 15-1E 1\/3 ATS-ga, 230\/400 V VTS-s\u00fcsteem, LED-ekraan, 55L paak, vaskm\u00e4his.\" \/>\n<meta name=\"robots\" content=\"index, follow, max-snippet:-1, max-image-preview:large, max-video-preview:-1\" \/>\n<link rel=\"canonical\" href=\"https:\/\/staging.genekas24.ee\/fi\/tuote\/bensiinigeneraattori-ks-15-1e-1-3-atsr\/\" \/>\n<meta property=\"og:locale\" content=\"fi_FI\" \/>\n<meta property=\"og:type\" content=\"article\" \/>\n<meta property=\"og:title\" content=\"Bensiinigeneraator KS 15-1E 1\/3 ATSR - Genekas24\" \/>\n<meta property=\"og:description\" content=\"V\u00f5imas bensiinigeneraator KS 15-1E 1\/3 ATS-ga, 230\/400 V VTS-s\u00fcsteem, LED-ekraan, 55L paak, vaskm\u00e4his.\" \/>\n<meta property=\"og:url\" content=\"https:\/\/staging.genekas24.ee\/fi\/tuote\/bensiinigeneraattori-ks-15-1e-1-3-atsr\/\" \/>\n<meta property=\"og:site_name\" content=\"Genekas24\" \/>\n<meta property=\"article:modified_time\" content=\"2025-12-31T08:49:40+00:00\" \/>\n<meta property=\"og:image\" content=\"https:\/\/staging.genekas24.ee\/wp-content\/uploads\/2022\/01\/KS-15-1E-13-ATSR-1.png\" \/>\n\t<meta property=\"og:image:width\" content=\"600\" \/>\n\t<meta property=\"og:image:height\" content=\"576\" \/>\n\t<meta property=\"og:image:type\" content=\"image\/png\" \/>\n<meta name=\"twitter:card\" content=\"summary_large_image\" \/>\n<meta name=\"twitter:label1\" content=\"Arvioitu lukuaika\" \/>\n\t<meta name=\"twitter:data1\" content=\"3 minuuttia\" \/>\n<script type=\"application\/ld+json\" class=\"yoast-schema-graph\">{\"@context\":\"https:\/\/schema.org\",\"@graph\":[{\"@type\":\"WebPage\",\"@id\":\"https:\/\/staging.genekas24.ee\/toode\/bensiinigeneraator-ks-15-1e-1-3-atsr\/\",\"url\":\"https:\/\/staging.genekas24.ee\/toode\/bensiinigeneraator-ks-15-1e-1-3-atsr\/\",\"name\":\"Bensiinigeneraator KS 15-1E 1\/3 ATSR - Genekas24\",\"isPartOf\":{\"@id\":\"https:\/\/staging.genekas24.ee\/#website\"},\"primaryImageOfPage\":{\"@id\":\"https:\/\/staging.genekas24.ee\/toode\/bensiinigeneraator-ks-15-1e-1-3-atsr\/#primaryimage\"},\"image\":{\"@id\":\"https:\/\/staging.genekas24.ee\/toode\/bensiinigeneraator-ks-15-1e-1-3-atsr\/#primaryimage\"},\"thumbnailUrl\":\"https:\/\/staging.genekas24.ee\/wp-content\/uploads\/2022\/01\/KS-15-1E-13-ATSR-1.png\",\"datePublished\":\"2022-01-20T07:34:15+00:00\",\"dateModified\":\"2025-12-31T08:49:40+00:00\",\"description\":\"V\u00f5imas bensiinigeneraator KS 15-1E 1\/3 ATS-ga, 230\/400 V VTS-s\u00fcsteem, LED-ekraan, 55L paak, vaskm\u00e4his.\",\"breadcrumb\":{\"@id\":\"https:\/\/staging.genekas24.ee\/toode\/bensiinigeneraator-ks-15-1e-1-3-atsr\/#breadcrumb\"},\"inLanguage\":\"fi\",\"potentialAction\":[{\"@type\":\"ReadAction\",\"target\":[\"https:\/\/staging.genekas24.ee\/toode\/bensiinigeneraator-ks-15-1e-1-3-atsr\/\"]}]},{\"@type\":\"ImageObject\",\"inLanguage\":\"fi\",\"@id\":\"https:\/\/staging.genekas24.ee\/toode\/bensiinigeneraator-ks-15-1e-1-3-atsr\/#primaryimage\",\"url\":\"https:\/\/staging.genekas24.ee\/wp-content\/uploads\/2022\/01\/KS-15-1E-13-ATSR-1.png\",\"contentUrl\":\"https:\/\/staging.genekas24.ee\/wp-content\/uploads\/2022\/01\/KS-15-1E-13-ATSR-1.png\",\"width\":600,\"height\":576},{\"@type\":\"BreadcrumbList\",\"@id\":\"https:\/\/staging.genekas24.ee\/toode\/bensiinigeneraator-ks-15-1e-1-3-atsr\/#breadcrumb\",\"itemListElement\":[{\"@type\":\"ListItem\",\"position\":1,\"name\":\"Home\",\"item\":\"https:\/\/staging.genekas24.ee\/\"},{\"@type\":\"ListItem\",\"position\":2,\"name\":\"Pood\",\"item\":\"https:\/\/staging.genekas24.ee\/pood\/\"},{\"@type\":\"ListItem\",\"position\":3,\"name\":\"Bensiinigeneraator KS 15-1E 1\/3 ATSR\"}]},{\"@type\":\"WebSite\",\"@id\":\"https:\/\/staging.genekas24.ee\/#website\",\"url\":\"https:\/\/staging.genekas24.ee\/\",\"name\":\"Genekas24\",\"description\":\"Generaatorid | K&ouml;nner S&ouml;hnen tooted | Genekas24\",\"publisher\":{\"@id\":\"https:\/\/staging.genekas24.ee\/#organization\"},\"potentialAction\":[{\"@type\":\"SearchAction\",\"target\":{\"@type\":\"EntryPoint\",\"urlTemplate\":\"https:\/\/staging.genekas24.ee\/?s={search_term_string}\"},\"query-input\":{\"@type\":\"PropertyValueSpecification\",\"valueRequired\":true,\"valueName\":\"search_term_string\"}}],\"inLanguage\":\"fi\"},{\"@type\":\"Organization\",\"@id\":\"https:\/\/staging.genekas24.ee\/#organization\",\"name\":\"Genekas24\",\"url\":\"https:\/\/staging.genekas24.ee\/\",\"logo\":{\"@type\":\"ImageObject\",\"inLanguage\":\"fi\",\"@id\":\"https:\/\/staging.genekas24.ee\/#\/schema\/logo\/image\/\",\"url\":\"https:\/\/staging.genekas24.ee\/wp-content\/uploads\/2026\/01\/genekas24-logo_black.svg\",\"contentUrl\":\"https:\/\/staging.genekas24.ee\/wp-content\/uploads\/2026\/01\/genekas24-logo_black.svg\",\"width\":840,\"height\":131,\"caption\":\"Genekas24\"},\"image\":{\"@id\":\"https:\/\/staging.genekas24.ee\/#\/schema\/logo\/image\/\"}}]}<\/script>\n<!-- \/ Yoast SEO plugin. -->","yoast_head_json":{"title":"Bensiinigeneraattori KS 15-1E 1\/3 ATSR \u2013 Genekas24","description":"V\u00f5imas bensiinigeneraator KS 15-1E 1\/3 ATS-ga, 230\/400 V VTS-s\u00fcsteem, LED-ekraan, 55L paak, vaskm\u00e4his.","robots":{"index":"index","follow":"follow","max-snippet":"max-snippet:-1","max-image-preview":"max-image-preview:large","max-video-preview":"max-video-preview:-1"},"canonical":"https:\/\/staging.genekas24.ee\/fi\/tuote\/bensiinigeneraattori-ks-15-1e-1-3-atsr\/","og_locale":"fi_FI","og_type":"article","og_title":"Bensiinigeneraator KS 15-1E 1\/3 ATSR - Genekas24","og_description":"V\u00f5imas bensiinigeneraator KS 15-1E 1\/3 ATS-ga, 230\/400 V VTS-s\u00fcsteem, LED-ekraan, 55L paak, vaskm\u00e4his.","og_url":"https:\/\/staging.genekas24.ee\/fi\/tuote\/bensiinigeneraattori-ks-15-1e-1-3-atsr\/","og_site_name":"Genekas24","article_modified_time":"2025-12-31T08:49:40+00:00","og_image":[{"width":600,"height":576,"url":"https:\/\/staging.genekas24.ee\/wp-content\/uploads\/2022\/01\/KS-15-1E-13-ATSR-1.png","type":"image\/png"}],"twitter_card":"summary_large_image","twitter_misc":{"Arvioitu lukuaika":"3 minuuttia"},"schema":{"@context":"https:\/\/schema.org","@graph":[{"@type":"WebPage","@id":"https:\/\/staging.genekas24.ee\/toode\/bensiinigeneraator-ks-15-1e-1-3-atsr\/","url":"https:\/\/staging.genekas24.ee\/toode\/bensiinigeneraator-ks-15-1e-1-3-atsr\/","name":"Bensiinigeneraattori KS 15-1E 1\/3 ATSR \u2013 Genekas24","isPartOf":{"@id":"https:\/\/staging.genekas24.ee\/#website"},"primaryImageOfPage":{"@id":"https:\/\/staging.genekas24.ee\/toode\/bensiinigeneraator-ks-15-1e-1-3-atsr\/#primaryimage"},"image":{"@id":"https:\/\/staging.genekas24.ee\/toode\/bensiinigeneraator-ks-15-1e-1-3-atsr\/#primaryimage"},"thumbnailUrl":"https:\/\/staging.genekas24.ee\/wp-content\/uploads\/2022\/01\/KS-15-1E-13-ATSR-1.png","datePublished":"2022-01-20T07:34:15+00:00","dateModified":"2025-12-31T08:49:40+00:00","description":"V\u00f5imas bensiinigeneraator KS 15-1E 1\/3 ATS-ga, 230\/400 V VTS-s\u00fcsteem, LED-ekraan, 55L paak, vaskm\u00e4his.","breadcrumb":{"@id":"https:\/\/staging.genekas24.ee\/toode\/bensiinigeneraator-ks-15-1e-1-3-atsr\/#breadcrumb"},"inLanguage":"fi","potentialAction":[{"@type":"ReadAction","target":["https:\/\/staging.genekas24.ee\/toode\/bensiinigeneraator-ks-15-1e-1-3-atsr\/"]}]},{"@type":"ImageObject","inLanguage":"fi","@id":"https:\/\/staging.genekas24.ee\/toode\/bensiinigeneraator-ks-15-1e-1-3-atsr\/#primaryimage","url":"https:\/\/staging.genekas24.ee\/wp-content\/uploads\/2022\/01\/KS-15-1E-13-ATSR-1.png","contentUrl":"https:\/\/staging.genekas24.ee\/wp-content\/uploads\/2022\/01\/KS-15-1E-13-ATSR-1.png","width":600,"height":576},{"@type":"BreadcrumbList","@id":"https:\/\/staging.genekas24.ee\/toode\/bensiinigeneraator-ks-15-1e-1-3-atsr\/#breadcrumb","itemListElement":[{"@type":"ListItem","position":1,"name":"Home","item":"https:\/\/staging.genekas24.ee\/"},{"@type":"ListItem","position":2,"name":"Pood","item":"https:\/\/staging.genekas24.ee\/pood\/"},{"@type":"ListItem","position":3,"name":"Bensiinigeneraator KS 15-1E 1\/3 ATSR"}]},{"@type":"WebSite","@id":"https:\/\/staging.genekas24.ee\/#website","url":"https:\/\/staging.genekas24.ee\/","name":"Genekas24","description":"Generaatorid | K&ouml;nner S&ouml;hnen tooted | Genekas24","publisher":{"@id":"https:\/\/staging.genekas24.ee\/#organization"},"potentialAction":[{"@type":"SearchAction","target":{"@type":"EntryPoint","urlTemplate":"https:\/\/staging.genekas24.ee\/?s={search_term_string}"},"query-input":{"@type":"PropertyValueSpecification","valueRequired":true,"valueName":"search_term_string"}}],"inLanguage":"fi"},{"@type":"Organization","@id":"https:\/\/staging.genekas24.ee\/#organization","name":"Genekas24","url":"https:\/\/staging.genekas24.ee\/","logo":{"@type":"ImageObject","inLanguage":"fi","@id":"https:\/\/staging.genekas24.ee\/#\/schema\/logo\/image\/","url":"https:\/\/staging.genekas24.ee\/wp-content\/uploads\/2026\/01\/genekas24-logo_black.svg","contentUrl":"https:\/\/staging.genekas24.ee\/wp-content\/uploads\/2026\/01\/genekas24-logo_black.svg","width":840,"height":131,"caption":"Genekas24"},"image":{"@id":"https:\/\/staging.genekas24.ee\/#\/schema\/logo\/image\/"}}]}},"_links":{"self":[{"href":"https:\/\/staging.genekas24.ee\/fi\/wp-json\/wp\/v2\/product\/2631","targetHints":{"allow":["GET"]}}],"collection":[{"href":"https:\/\/staging.genekas24.ee\/fi\/wp-json\/wp\/v2\/product"}],"about":[{"href":"https:\/\/staging.genekas24.ee\/fi\/wp-json\/wp\/v2\/types\/product"}],"version-history":[{"count":13,"href":"https:\/\/staging.genekas24.ee\/fi\/wp-json\/wp\/v2\/product\/2631\/revisions"}],"predecessor-version":[{"id":19924,"href":"https:\/\/staging.genekas24.ee\/fi\/wp-json\/wp\/v2\/product\/2631\/revisions\/19924"}],"wp:featuredmedia":[{"embeddable":true,"href":"https:\/\/staging.genekas24.ee\/fi\/wp-json\/wp\/v2\/media\/17725"}],"wp:attachment":[{"href":"https:\/\/staging.genekas24.ee\/fi\/wp-json\/wp\/v2\/media?parent=2631"}],"wp:term":[{"taxonomy":"product_brand","embeddable":true,"href":"https:\/\/staging.genekas24.ee\/fi\/wp-json\/wp\/v2\/product_brand?post=2631"},{"taxonomy":"product_cat","embeddable":true,"href":"https:\/\/staging.genekas24.ee\/fi\/wp-json\/wp\/v2\/product_cat?post=2631"},{"taxonomy":"product_tag","embeddable":true,"href":"https:\/\/staging.genekas24.ee\/fi\/wp-json\/wp\/v2\/product_tag?post=2631"}],"curies":[{"name":"wp","href":"https:\/\/api.w.org\/{rel}","templated":true}]}}