{"id":2402,"date":"2022-01-19T13:51:21","date_gmt":"2022-01-19T13:51:21","guid":{"rendered":"https:\/\/staging.genekas24.ee\/?post_type=product&#038;p=2402"},"modified":"2025-12-31T08:49:46","modified_gmt":"2025-12-31T08:49:46","slug":"bensiinigeneraator-ks-10000e-3-ats","status":"publish","type":"product","link":"https:\/\/staging.genekas24.ee\/fi\/tuote\/gasoline-generator-ks-10000e-3-ats\/","title":{"rendered":"Bensiinigeneraattori KS 10000E-3 ATS"},"content":{"rendered":"<p><strong>Kolmivaihegeneraattorin k\u00e4ytt\u00f6 ainoastaan kolmivaiheasiakkaille (400 V)!<\/strong><\/p>\n<p>KS 10000E-3 ATS -generaattorin ainutlaatuisiin ominaisuuksiin kuuluu sis\u00e4\u00e4nrakennettu ATS-yksikk\u00f6 (automatic transfer switch). T\u00e4m\u00e4n toiminnon avulla generaattori voi valvoa verkkovirran tilaa ja k\u00e4ynnisty\u00e4 automaattisesti, jos tapahtuu s\u00e4hk\u00f6katko, ja menn\u00e4 taas automaattisesti pois p\u00e4\u00e4lt\u00e4, kun verkkovirta palautuu. T\u00e4m\u00e4 toiminto on korvaamaton ja hyvin hy\u00f6dyllinen rakennuksissa, joissa l\u00e4mp\u00f6tila tai valaistus ei voi vaihdella valvontahenkil\u00f6st\u00f6n poissa ollessakaan.<\/p>\n<p>Automaattinen siirtokytkin ei vaadi monimutkaisia apulaitteita tai asennusta. ATS-yksikk\u00f6 on jo sis\u00e4\u00e4nrakennettuna generaattoriin, ja asennus on eritt\u00e4in helppo. N\u00e4m\u00e4 mallit sopivat jokaiselle budjetille.<\/p>\n<table>\n<tbody>\n<tr class=\"odd\">\n<td><a href=\"https:\/\/staging.genekas24.ee\/wp-content\/uploads\/2022\/10\/Dlya-tmKS1-300x300.png\" data-fancybox-group=\"gallery\"><img fetchpriority=\"high\" decoding=\"async\" src=\"https:\/\/staging.genekas24.ee\/wp-content\/uploads\/2022\/10\/Dlya-tmKS1-300x300.png\" alt=\"\" width=\"300\" height=\"300\" \/><\/a><\/td>\n<td><strong>K\u00d6NNER &amp; S\u00d6HNEN -MOOTTORIT<\/strong><\/p>\n<p>Saksalaiset insin\u00f6\u00f6rit ovat varta vasten suunnitelleet K\u00f6nner &amp; S\u00f6hnen -tuotemerkille K&amp;S-sarjan moottorit, jotka ovat l\u00e4p\u00e4isseet tunteja kest\u00e4v\u00e4t monitasoiset testit ja ovat n\u00e4in ollen eritt\u00e4in luotettavia.<\/td>\n<\/tr>\n<tr class=\"even\">\n<td><a href=\"https:\/\/staging.genekas24.ee\/wp-content\/uploads\/2022\/10\/ks-germany1-300x300.png\" data-fancybox-group=\"gallery\"><img decoding=\"async\" src=\"https:\/\/staging.genekas24.ee\/wp-content\/uploads\/2022\/10\/ks-germany1-300x300.png\" alt=\"\" width=\"300\" height=\"300\" \/><\/a><\/td>\n<td><strong>MOOTTOREIDEN YKSIL\u00d6LLISET SARJANUMEROT<\/strong><\/p>\n<p>K\u00f6nner &amp; S\u00f6hnen -moottorit t\u00e4ytt\u00e4v\u00e4t kaikkien maailmanlaajuisten ja eurooppalaiset laatustandardien asettamat laatuvaatimukset. T\u00e4st\u00e4 ovat osoituksena eurooppalaiset laatusertifikaatit. Jokaisella moottorilla ja generaattorilla on yksil\u00f6llinen sarjanumero, jonka avulla voimme valvoa tuotannon ja palvelun laatua.\nKS 3000 -valikoiman bensiinigeneraattorit on varustettu luotettavalla yksisylinterisell\u00e4 7 hevosvoiman moottorilla.<\/td>\n<\/tr>\n<tr class=\"odd\">\n<td><a href=\"https:\/\/staging.genekas24.ee\/wp-content\/uploads\/2022\/10\/avr_built-in-300x282.png\" data-fancybox-group=\"gallery\"><img decoding=\"async\" src=\"https:\/\/staging.genekas24.ee\/wp-content\/uploads\/2022\/10\/avr_built-in-300x282.png\" alt=\"\" width=\"300\" height=\"300\" \/><\/a><\/td>\n<td><strong>SIS\u00c4\u00c4NRAKENNETTU ATS-J\u00c4RJESTELM\u00c4<\/strong><\/p>\n<p>ATS-toiminnolla varustetussa generaattorin ohjauspaneelissa on virtaliittimet, ATS-kytkin ja ATS-k\u00e4yt\u00f6n merkkivalo.<\/td>\n<\/tr>\n<tr class=\"odd\">\n<td><a href=\"https:\/\/staging.genekas24.ee\/wp-content\/uploads\/2022\/10\/led-ks7000e-3-ats-300x300.png\" data-fancybox-group=\"gallery\"><img loading=\"lazy\" decoding=\"async\" src=\"https:\/\/staging.genekas24.ee\/wp-content\/uploads\/2022\/10\/led-ks7000e-3-ats-300x300.png\" alt=\"\" width=\"300\" height=\"300\" \/><\/a><\/td>\n<td><strong>MIELLYTT\u00c4V\u00c4 ERGONOMINEN OHJAUSPANEELI S\u00c4HK\u00d6K\u00c4YNNISTYKSELL\u00c4<\/strong><\/p>\n<p>Generaattorin ergonomisella ohjauspaneelilla voi helposti valvoa sen toimintaa nykyaikaisen LED-n\u00e4yt\u00f6n k\u00e4tevien toimintojen avulla (k\u00e4ytt\u00f6tuntilaskuri, taajuus, j\u00e4nnite), s\u00e4hk\u00f6inen k\u00e4ynnistys, h\u00e4t\u00e4katkaisin (suojalaukaisin), v\u00e4h\u00e4isen \u00f6ljyn m\u00e4\u00e4r\u00e4n anturi, liit\u00e4nn\u00e4t ja muut toiminnot.<\/td>\n<\/tr>\n<tr class=\"even\">\n<td><a href=\"https:\/\/staging.genekas24.ee\/wp-content\/uploads\/2022\/10\/panel-230-400-300x300.png\" data-fancybox-group=\"gallery\"><img loading=\"lazy\" decoding=\"async\" src=\"https:\/\/staging.genekas24.ee\/wp-content\/uploads\/2022\/10\/panel-230-400-300x300.png\" alt=\"\" width=\"300\" height=\"300\" \/><\/a><\/td>\n<td><strong>230 V TAI 400 V<\/strong><\/p>\n<p>T\u00e4ss\u00e4 esitellyss\u00e4 sarjassa on malleja sek\u00e4 yksivaihe- ett\u00e4 kolmivaihekuluttajille. ATS-toiminnolla varustetun generaattorin ohjauspaneelissa on liit\u00e4nn\u00e4t 230 V:lle ja 400 V:lle.<\/p>\n<p>&nbsp;<\/td>\n<\/tr>\n<tr class=\"odd\">\n<td><a href=\"https:\/\/staging.genekas24.ee\/wp-content\/uploads\/2022\/10\/alternator.jpg\" data-fancybox-group=\"gallery\"><img loading=\"lazy\" decoding=\"async\" class=\"\" src=\"https:\/\/staging.genekas24.ee\/wp-content\/uploads\/2022\/10\/alternator.jpg\" alt=\"\" width=\"300\" height=\"300\" \/><\/a><\/td>\n<td><strong>T\u00c4YSKUPARISELLA K\u00c4\u00c4MITYKSELL\u00c4 VARUSTETTU VAIHTOVIRTALATURI<\/strong><\/p>\n<p>K\u00f6nner &amp; S\u00f6hnen -generaattorit on varustettu tehokkaalla synkronisella vaihtovirtalaturilla, jossa on t\u00e4yskuparinen k\u00e4\u00e4mitys. T\u00e4m\u00e4 on ainoa kuparik\u00e4\u00e4mitys, joka kest\u00e4\u00e4 maksimikuormat vaurioitta, mik\u00e4 takaa generaattorin pitk\u00e4aikaisen luotettavan toiminnan.<\/td>\n<\/tr>\n<tr class=\"odd\">\n<td><a href=\"https:\/\/staging.genekas24.ee\/wp-content\/uploads\/2022\/10\/commutation-contactors-278x300.png\" data-fancybox-group=\"gallery\"><img loading=\"lazy\" decoding=\"async\" class=\"\" src=\"https:\/\/staging.genekas24.ee\/wp-content\/uploads\/2022\/10\/commutation-contactors-278x300.png\" alt=\"\" width=\"300\" height=\"300\" \/><\/a><\/td>\n<td><strong>VAIHTOKONTAKTORIT<\/strong><\/p>\n<p>Luotettavat t\u00e4yskupariset vaihtokontaktorit kest\u00e4v\u00e4t 40 A, mik\u00e4 takaa ATS-j\u00e4rjestelem\u00e4n pitk\u00e4aikaisen ja h\u00e4iri\u00f6tt\u00f6m\u00e4n toiminnan.<\/td>\n<\/tr>\n<tr class=\"odd\">\n<td><a href=\"https:\/\/staging.genekas24.ee\/wp-content\/uploads\/2022\/10\/KS-10000E-ATS-6-300x255.jpg\" data-fancybox-group=\"gallery\"><img loading=\"lazy\" decoding=\"async\" class=\"\" src=\"https:\/\/staging.genekas24.ee\/wp-content\/uploads\/2022\/10\/KS-10000E-ATS-6-300x255.jpg\" alt=\"\" width=\"300\" height=\"300\" \/><\/a><\/td>\n<td><strong>HELPPO K\u00c4YNNISTYSJ\u00c4RJESTELM\u00c4<\/strong><\/p>\n<p>Helpon k\u00e4ynnistysj\u00e4rjestelm\u00e4n ansiosta moottori on k\u00e4ynnistett\u00e4viss\u00e4 nopeasti ja vaivattomasti. T\u00e4m\u00e4ntyyppisiss\u00e4 generaattoreissa on k\u00e4yt\u00f6n helpottamiseksi kaksi k\u00e4ynnistysmahdollisuutta \u2013 manuaalinen ja s\u00e4hk\u00f6inen. Tehokkaammissa malleissa on lis\u00e4ksi s\u00e4hk\u00f6inen k\u00e4ynnistysj\u00e4rjestelm\u00e4.<\/td>\n<\/tr>\n<tr class=\"even\">\n<td><a href=\"https:\/\/staging.genekas24.ee\/wp-content\/uploads\/2022\/10\/Bak1-300x300.png\" data-fancybox-group=\"gallery\"><img loading=\"lazy\" decoding=\"async\" src=\"https:\/\/staging.genekas24.ee\/wp-content\/uploads\/2022\/10\/Bak1-300x300.png\" alt=\"\" width=\"300\" height=\"300\" \/><\/a><\/td>\n<td><strong>TER\u00c4SS\u00c4ILI\u00d6<\/strong><\/p>\n<p>\u201dK\u00f6nner &amp; S\u00f6hnen\u201d -generaattoreissa on suuri ter\u00e4ksinen polttoaines\u00e4ili\u00f6, jonka ansiosta generaattoria voi k\u00e4ytt\u00e4\u00e4 pidemp\u00e4\u00e4n polttoainetta lis\u00e4\u00e4m\u00e4tt\u00e4. Polttoainemittari on helposti n\u00e4ht\u00e4viss\u00e4 olevassa paikassa s\u00e4ili\u00f6n p\u00e4\u00e4ll\u00e4.<\/td>\n<\/tr>\n<tr class=\"odd\">\n<td><a href=\"https:\/\/staging.genekas24.ee\/wp-content\/uploads\/2022\/10\/enhanced-frame_web-300x278.jpg\" data-fancybox-group=\"gallery\"><img loading=\"lazy\" decoding=\"async\" src=\"https:\/\/staging.genekas24.ee\/wp-content\/uploads\/2022\/10\/enhanced-frame_web-300x278.jpg\" alt=\"posylena_rama_\" width=\"300\" height=\"300\" \/><\/a><\/td>\n<td><strong>VAHVISTETTU TER\u00c4SRUNKO<\/strong><\/p>\n<p>T\u00e4ss\u00e4 mallissa on vahvistettu ter\u00e4srunko, jonka halkaisija on 32 mm, mik\u00e4 suojaa generaattoria erilaisilta vaurioilta ja suojaa sit\u00e4 kuljetuksen aikana.<\/td>\n<\/tr>\n<tr class=\"even\">\n<td><a href=\"https:\/\/staging.genekas24.ee\/wp-content\/uploads\/2022\/10\/reduced-vibration-300x276.jpg\" data-fancybox-group=\"gallery\"><img loading=\"lazy\" decoding=\"async\" src=\"https:\/\/staging.genekas24.ee\/wp-content\/uploads\/2022\/10\/reduced-vibration-300x276.jpg\" alt=\"\" width=\"300\" height=\"300\" \/><\/a><\/td>\n<td><strong>T\u00c4RIN\u00c4\u00c4 V\u00c4HENT\u00c4V\u00c4T VAIMENTIMET<\/strong><\/p>\n<p>Kaikki K\u00f6nner &amp; S\u00f6hnen -generaattorimallit on varustettu t\u00e4rin\u00e4\u00e4 v\u00e4hent\u00e4vill\u00e4 kumijaloilla. K\u00e4ynniss\u00e4 oleva generaattori ei vaurioita lattiapinnoitetta eik\u00e4 rungon pinnoite naarmuunnu.<\/td>\n<\/tr>\n<\/tbody>\n<\/table>\n<p><em><span style=\"font-size: 14px;\">***Polttoaineen kulutus riippuu monista tekij\u00f6ist\u00e4: kuormituksesta, polttoaineen laadusta, vuodenajasta, korkeudesta ja generaattorin teknisest\u00e4 kunnosta.<\/span><\/em><\/p>","protected":false},"excerpt":{"rendered":"<table>\n<tbody>\n<tr class=\"even\">\n<td width=\"60%\">\n<div class=\"col-xs-6\">J\u00e4nnite<\/div>\n<\/td>\n<td>400<\/td>\n<\/tr>\n<tr class=\"odd\">\n<td>\n<div class=\"col-xs-6\">Suurin teho, kW<\/div>\n<\/td>\n<td>\n<div class=\"attribute row\">\n<div class=\"col-xs-6\">8.0<\/div>\n<\/div>\n<\/td>\n<\/tr>\n<tr class=\"even\">\n<td>\n<div class=\"col-xs-6\">Nimellisteho, kW<\/div>\n<\/td>\n<td>\n<div class=\"attribute row\">\n<div class=\"col-xs-6\">7.5<\/div>\n<\/div>\n<\/td>\n<\/tr>\n<tr class=\"odd\">\n<td>\n<div class=\"col-xs-6\">Taajuus, Hz<\/div>\n<\/td>\n<td>50<\/td>\n<\/tr>\n<tr class=\"even\">\n<td>\n<div class=\"col-xs-6\">Virta (max.), A<\/div>\n<\/td>\n<td>\n<div class=\"attribute row\">\n<div class=\"col-xs-6\">14.45<\/div>\n<\/div>\n<\/td>\n<\/tr>\n<tr class=\"odd\">\n<td>L\u00e4hd\u00f6t<\/td>\n<td>\n<div class=\"attribute row\">\n<div class=\"col-xs-6\">1 x Schuko 230 V<br \/>\n1 x CEE 400 V 16 A<\/div>\n<\/div>\n<\/td>\n<\/tr>\n<tr class=\"even\">\n<td>\n<div class=\"col-xs-6\">Polttoaines\u00e4ili\u00f6n tilavuus, L<\/div>\n<\/td>\n<td>25<\/td>\n<\/tr>\n<tr class=\"odd\">\n<td>\n<div class=\"col-xs-6\">Keskim. k\u00e4ytt\u00f6aika (teho 50 %), h***<\/div>\n<\/td>\n<td>15<\/td>\n<\/tr>\n<tr class=\"even\">\n<td>\n<div class=\"col-xs-6\">LED-n\u00e4ytt\u00f6<\/div>\n<\/td>\n<td>\n<div class=\"attribute row\">\n<div class=\"col-xs-6\">J\u00e4nnite, taajuus, k\u00e4ytt\u00f6tunnit<\/div>\n<\/div>\n<\/td>\n<\/tr>\n<tr class=\"odd\">\n<td>\n<div class=\"col-xs-6\">Melutaso Lpa (7 m) \/ Lwa, dB<\/div>\n<\/td>\n<td>\n<div class=\"attribute row\">\n<div class=\"col-xs-6\">71\/96<\/div>\n<\/div>\n<\/td>\n<\/tr>\n<tr class=\"even\">\n<td>\n<div class=\"col-xs-6\">Antoteho DC, V\/A<\/div>\n<\/td>\n<td>\n<div class=\"attribute row\">\n<div class=\"col-xs-6\">12\/8.3<\/div>\n<\/div>\n<\/td>\n<\/tr>\n<tr class=\"odd\">\n<td>\n<div class=\"col-xs-6\">Moottorin malli<\/div>\n<\/td>\n<td>\n<div class=\"attribute row\">\n<div class=\"col-xs-6\">KS 440<\/div>\n<\/div>\n<\/td>\n<\/tr>\n<tr class=\"even\">\n<td>\n<div class=\"col-xs-6\">Moottorityyppi<\/div>\n<\/td>\n<td>\n<div class=\"attribute row\">\n<div class=\"col-xs-6\">Bensiinik\u00e4ytt\u00f6inen, yksisylinterinen, nelitahtinen, ilmaj\u00e4\u00e4hdytteinen<\/div>\n<\/div>\n<\/td>\n<\/tr>\n<tr class=\"odd\">\n<td>\n<div class=\"col-xs-6\">Moottoriteho, hv\/kW<\/div>\n<\/td>\n<td>\n<div class=\"attribute row\">\n<div class=\"col-xs-6\">18.0\/13.24<\/div>\n<\/div>\n<\/td>\n<\/tr>\n<tr class=\"even\">\n<td>\n<div class=\"col-xs-6\">Kampikammion tilavuus, L<\/div>\n<\/td>\n<td>\n<div class=\"attribute row\">\n<div class=\"col-xs-6\">1.2<\/div>\n<\/div>\n<\/td>\n<\/tr>\n<tr class=\"odd\">\n<td>\n<div class=\"col-xs-6\">Moottorin sylinteritilavuus, cm3<\/div>\n<\/td>\n<td>440<\/td>\n<\/tr>\n<tr class=\"even\">\n<td>\n<div class=\"col-xs-6\">Tehons\u00e4\u00e4din<\/div>\n<\/td>\n<td>\n<div class=\"attribute row\">\n<div class=\"col-xs-6\">\u00c4lyk\u00e4s j\u00e4nnitteenvakautusj\u00e4rjestelm\u00e4 AVR<\/div>\n<\/div>\n<\/td>\n<\/tr>\n<tr class=\"odd\">\n<td>\n<div class=\"col-xs-6\">Moottorin k\u00e4ynnistys<\/div>\n<\/td>\n<td>\n<div class=\"attribute row\">\n<div class=\"col-xs-6\">Manuaalinen\/s\u00e4hk\u00f6inen\/automaattinen<\/div>\n<\/div>\n<\/td>\n<\/tr>\n<tr class=\"even\">\n<td>\n<div class=\"col-xs-6\">Suojausluokka<\/div>\n<\/td>\n<td>\n<div class=\"attribute row\">\n<div class=\"col-xs-6\">IP23M<\/div>\n<\/div>\n<\/td>\n<\/tr>\n<tr>\n<td>Sis\u00e4mitat (PxLxK), mm<\/td>\n<td>680x545x550<\/td>\n<\/tr>\n<tr>\n<td>Bruttomitat (P x L x K), mm<\/td>\n<td>700x545x590<\/td>\n<\/tr>\n<tr>\n<td>Nettopaino, kg<\/td>\n<td>89.2<\/td>\n<\/tr>\n<tr>\n<td>Bruttopaino, kg<\/td>\n<td>91.6<\/td>\n<\/tr>\n<tr>\n<td>EAN-koodi<\/td>\n<td>4260405361700<\/td>\n<\/tr>\n<\/tbody>\n<\/table>\n<p>Koottu PRC.<\/p>\n<p>***Polttoaineenkulutus riippuu monista tekij\u00f6ist\u00e4, kuten kuormituksesta, polttoaineen laadusta, vuodenajasta, korkeudesta, generaattorin teknisest\u00e4 kunnosta.<\/p>","protected":false},"featured_media":17695,"template":"","meta":{"_acf_changed":false,"inline_featured_image":false},"product_brand":[],"product_cat":[179,94,21],"product_tag":[],"class_list":{"0":"post-2402","1":"product","2":"type-product","3":"status-publish","4":"has-post-thumbnail","6":"product_cat-allahinnatud","7":"product_cat-generaatorid","8":"product_cat-bensiinigeneraatorid","9":"product_shipping_class-poolalus","10":"brand-konner-sohnen","12":"first","13":"onbackorder","14":"sale","15":"featured","16":"taxable","17":"shipping-taxable","18":"purchasable","19":"product-type-simple"},"acf":[],"yoast_head":"<!-- This site is optimized with the Yoast SEO plugin v26.2 - https:\/\/yoast.com\/wordpress\/plugins\/seo\/ -->\n<title>Bensiinigeneraator KS 10000E-3 ATS - Genekas24<\/title>\n<meta name=\"description\" content=\"KS 10000E-3 ATS bensiinigeneraatoril on sisseehitatud ATS, 100% vaskm\u00e4his ja elektrik\u00e4ivitus.\" \/>\n<meta name=\"robots\" content=\"index, follow, max-snippet:-1, max-image-preview:large, max-video-preview:-1\" \/>\n<link rel=\"canonical\" href=\"https:\/\/staging.genekas24.ee\/fi\/tuote\/gasoline-generator-ks-10000e-3-ats\/\" \/>\n<meta property=\"og:locale\" content=\"fi_FI\" \/>\n<meta property=\"og:type\" content=\"article\" \/>\n<meta property=\"og:title\" content=\"Bensiinigeneraator KS 10000E-3 ATS - Genekas24\" \/>\n<meta property=\"og:description\" content=\"KS 10000E-3 ATS bensiinigeneraatoril on sisseehitatud ATS, 100% vaskm\u00e4his ja elektrik\u00e4ivitus.\" \/>\n<meta property=\"og:url\" content=\"https:\/\/staging.genekas24.ee\/fi\/tuote\/gasoline-generator-ks-10000e-3-ats\/\" \/>\n<meta property=\"og:site_name\" content=\"Genekas24\" \/>\n<meta property=\"article:modified_time\" content=\"2025-12-31T08:49:46+00:00\" \/>\n<meta property=\"og:image\" content=\"https:\/\/staging.genekas24.ee\/wp-content\/uploads\/2022\/01\/KS-10000E-3-ATS-6.png\" \/>\n\t<meta property=\"og:image:width\" content=\"900\" \/>\n\t<meta property=\"og:image:height\" content=\"713\" \/>\n\t<meta property=\"og:image:type\" content=\"image\/png\" \/>\n<meta name=\"twitter:card\" content=\"summary_large_image\" \/>\n<meta name=\"twitter:label1\" content=\"Arvioitu lukuaika\" \/>\n\t<meta name=\"twitter:data1\" content=\"5 minuuttia\" \/>\n<script type=\"application\/ld+json\" class=\"yoast-schema-graph\">{\"@context\":\"https:\/\/schema.org\",\"@graph\":[{\"@type\":\"WebPage\",\"@id\":\"https:\/\/staging.genekas24.ee\/toode\/bensiinigeneraator-ks-10000e-3-ats\/\",\"url\":\"https:\/\/staging.genekas24.ee\/toode\/bensiinigeneraator-ks-10000e-3-ats\/\",\"name\":\"Bensiinigeneraator KS 10000E-3 ATS - Genekas24\",\"isPartOf\":{\"@id\":\"https:\/\/staging.genekas24.ee\/#website\"},\"primaryImageOfPage\":{\"@id\":\"https:\/\/staging.genekas24.ee\/toode\/bensiinigeneraator-ks-10000e-3-ats\/#primaryimage\"},\"image\":{\"@id\":\"https:\/\/staging.genekas24.ee\/toode\/bensiinigeneraator-ks-10000e-3-ats\/#primaryimage\"},\"thumbnailUrl\":\"https:\/\/staging.genekas24.ee\/wp-content\/uploads\/2022\/01\/KS-10000E-3-ATS-6.png\",\"datePublished\":\"2022-01-19T13:51:21+00:00\",\"dateModified\":\"2025-12-31T08:49:46+00:00\",\"description\":\"KS 10000E-3 ATS bensiinigeneraatoril on sisseehitatud ATS, 100% vaskm\u00e4his ja elektrik\u00e4ivitus.\",\"breadcrumb\":{\"@id\":\"https:\/\/staging.genekas24.ee\/toode\/bensiinigeneraator-ks-10000e-3-ats\/#breadcrumb\"},\"inLanguage\":\"fi\",\"potentialAction\":[{\"@type\":\"ReadAction\",\"target\":[\"https:\/\/staging.genekas24.ee\/toode\/bensiinigeneraator-ks-10000e-3-ats\/\"]}]},{\"@type\":\"ImageObject\",\"inLanguage\":\"fi\",\"@id\":\"https:\/\/staging.genekas24.ee\/toode\/bensiinigeneraator-ks-10000e-3-ats\/#primaryimage\",\"url\":\"https:\/\/staging.genekas24.ee\/wp-content\/uploads\/2022\/01\/KS-10000E-3-ATS-6.png\",\"contentUrl\":\"https:\/\/staging.genekas24.ee\/wp-content\/uploads\/2022\/01\/KS-10000E-3-ATS-6.png\",\"width\":900,\"height\":713},{\"@type\":\"BreadcrumbList\",\"@id\":\"https:\/\/staging.genekas24.ee\/toode\/bensiinigeneraator-ks-10000e-3-ats\/#breadcrumb\",\"itemListElement\":[{\"@type\":\"ListItem\",\"position\":1,\"name\":\"Home\",\"item\":\"https:\/\/staging.genekas24.ee\/\"},{\"@type\":\"ListItem\",\"position\":2,\"name\":\"Pood\",\"item\":\"https:\/\/staging.genekas24.ee\/pood\/\"},{\"@type\":\"ListItem\",\"position\":3,\"name\":\"Bensiinigeneraator KS 10000E-3 ATS\"}]},{\"@type\":\"WebSite\",\"@id\":\"https:\/\/staging.genekas24.ee\/#website\",\"url\":\"https:\/\/staging.genekas24.ee\/\",\"name\":\"Genekas24\",\"description\":\"Generaatorid | K&ouml;nner S&ouml;hnen tooted | Genekas24\",\"publisher\":{\"@id\":\"https:\/\/staging.genekas24.ee\/#organization\"},\"potentialAction\":[{\"@type\":\"SearchAction\",\"target\":{\"@type\":\"EntryPoint\",\"urlTemplate\":\"https:\/\/staging.genekas24.ee\/?s={search_term_string}\"},\"query-input\":{\"@type\":\"PropertyValueSpecification\",\"valueRequired\":true,\"valueName\":\"search_term_string\"}}],\"inLanguage\":\"fi\"},{\"@type\":\"Organization\",\"@id\":\"https:\/\/staging.genekas24.ee\/#organization\",\"name\":\"Genekas24\",\"url\":\"https:\/\/staging.genekas24.ee\/\",\"logo\":{\"@type\":\"ImageObject\",\"inLanguage\":\"fi\",\"@id\":\"https:\/\/staging.genekas24.ee\/#\/schema\/logo\/image\/\",\"url\":\"https:\/\/staging.genekas24.ee\/wp-content\/uploads\/2026\/01\/genekas24-logo_black.svg\",\"contentUrl\":\"https:\/\/staging.genekas24.ee\/wp-content\/uploads\/2026\/01\/genekas24-logo_black.svg\",\"width\":840,\"height\":131,\"caption\":\"Genekas24\"},\"image\":{\"@id\":\"https:\/\/staging.genekas24.ee\/#\/schema\/logo\/image\/\"}}]}<\/script>\n<!-- \/ Yoast SEO plugin. -->","yoast_head_json":{"title":"Bensiinigeneraattori KS 10000E-3 ATS - Genekas24","description":"KS 10000E-3 ATS bensiinigeneraatoril on sisseehitatud ATS, 100% vaskm\u00e4his ja elektrik\u00e4ivitus.","robots":{"index":"index","follow":"follow","max-snippet":"max-snippet:-1","max-image-preview":"max-image-preview:large","max-video-preview":"max-video-preview:-1"},"canonical":"https:\/\/staging.genekas24.ee\/fi\/tuote\/gasoline-generator-ks-10000e-3-ats\/","og_locale":"fi_FI","og_type":"article","og_title":"Bensiinigeneraator KS 10000E-3 ATS - Genekas24","og_description":"KS 10000E-3 ATS bensiinigeneraatoril on sisseehitatud ATS, 100% vaskm\u00e4his ja elektrik\u00e4ivitus.","og_url":"https:\/\/staging.genekas24.ee\/fi\/tuote\/gasoline-generator-ks-10000e-3-ats\/","og_site_name":"Genekas24","article_modified_time":"2025-12-31T08:49:46+00:00","og_image":[{"width":900,"height":713,"url":"https:\/\/staging.genekas24.ee\/wp-content\/uploads\/2022\/01\/KS-10000E-3-ATS-6.png","type":"image\/png"}],"twitter_card":"summary_large_image","twitter_misc":{"Arvioitu lukuaika":"5 minuuttia"},"schema":{"@context":"https:\/\/schema.org","@graph":[{"@type":"WebPage","@id":"https:\/\/staging.genekas24.ee\/toode\/bensiinigeneraator-ks-10000e-3-ats\/","url":"https:\/\/staging.genekas24.ee\/toode\/bensiinigeneraator-ks-10000e-3-ats\/","name":"Bensiinigeneraattori KS 10000E-3 ATS - Genekas24","isPartOf":{"@id":"https:\/\/staging.genekas24.ee\/#website"},"primaryImageOfPage":{"@id":"https:\/\/staging.genekas24.ee\/toode\/bensiinigeneraator-ks-10000e-3-ats\/#primaryimage"},"image":{"@id":"https:\/\/staging.genekas24.ee\/toode\/bensiinigeneraator-ks-10000e-3-ats\/#primaryimage"},"thumbnailUrl":"https:\/\/staging.genekas24.ee\/wp-content\/uploads\/2022\/01\/KS-10000E-3-ATS-6.png","datePublished":"2022-01-19T13:51:21+00:00","dateModified":"2025-12-31T08:49:46+00:00","description":"KS 10000E-3 ATS bensiinigeneraatoril on sisseehitatud ATS, 100% vaskm\u00e4his ja elektrik\u00e4ivitus.","breadcrumb":{"@id":"https:\/\/staging.genekas24.ee\/toode\/bensiinigeneraator-ks-10000e-3-ats\/#breadcrumb"},"inLanguage":"fi","potentialAction":[{"@type":"ReadAction","target":["https:\/\/staging.genekas24.ee\/toode\/bensiinigeneraator-ks-10000e-3-ats\/"]}]},{"@type":"ImageObject","inLanguage":"fi","@id":"https:\/\/staging.genekas24.ee\/toode\/bensiinigeneraator-ks-10000e-3-ats\/#primaryimage","url":"https:\/\/staging.genekas24.ee\/wp-content\/uploads\/2022\/01\/KS-10000E-3-ATS-6.png","contentUrl":"https:\/\/staging.genekas24.ee\/wp-content\/uploads\/2022\/01\/KS-10000E-3-ATS-6.png","width":900,"height":713},{"@type":"BreadcrumbList","@id":"https:\/\/staging.genekas24.ee\/toode\/bensiinigeneraator-ks-10000e-3-ats\/#breadcrumb","itemListElement":[{"@type":"ListItem","position":1,"name":"Home","item":"https:\/\/staging.genekas24.ee\/"},{"@type":"ListItem","position":2,"name":"Pood","item":"https:\/\/staging.genekas24.ee\/pood\/"},{"@type":"ListItem","position":3,"name":"Bensiinigeneraator KS 10000E-3 ATS"}]},{"@type":"WebSite","@id":"https:\/\/staging.genekas24.ee\/#website","url":"https:\/\/staging.genekas24.ee\/","name":"Genekas24","description":"Generaatorid | K&ouml;nner S&ouml;hnen tooted | Genekas24","publisher":{"@id":"https:\/\/staging.genekas24.ee\/#organization"},"potentialAction":[{"@type":"SearchAction","target":{"@type":"EntryPoint","urlTemplate":"https:\/\/staging.genekas24.ee\/?s={search_term_string}"},"query-input":{"@type":"PropertyValueSpecification","valueRequired":true,"valueName":"search_term_string"}}],"inLanguage":"fi"},{"@type":"Organization","@id":"https:\/\/staging.genekas24.ee\/#organization","name":"Genekas24","url":"https:\/\/staging.genekas24.ee\/","logo":{"@type":"ImageObject","inLanguage":"fi","@id":"https:\/\/staging.genekas24.ee\/#\/schema\/logo\/image\/","url":"https:\/\/staging.genekas24.ee\/wp-content\/uploads\/2026\/01\/genekas24-logo_black.svg","contentUrl":"https:\/\/staging.genekas24.ee\/wp-content\/uploads\/2026\/01\/genekas24-logo_black.svg","width":840,"height":131,"caption":"Genekas24"},"image":{"@id":"https:\/\/staging.genekas24.ee\/#\/schema\/logo\/image\/"}}]}},"_links":{"self":[{"href":"https:\/\/staging.genekas24.ee\/fi\/wp-json\/wp\/v2\/product\/2402","targetHints":{"allow":["GET"]}}],"collection":[{"href":"https:\/\/staging.genekas24.ee\/fi\/wp-json\/wp\/v2\/product"}],"about":[{"href":"https:\/\/staging.genekas24.ee\/fi\/wp-json\/wp\/v2\/types\/product"}],"version-history":[{"count":12,"href":"https:\/\/staging.genekas24.ee\/fi\/wp-json\/wp\/v2\/product\/2402\/revisions"}],"predecessor-version":[{"id":20785,"href":"https:\/\/staging.genekas24.ee\/fi\/wp-json\/wp\/v2\/product\/2402\/revisions\/20785"}],"wp:featuredmedia":[{"embeddable":true,"href":"https:\/\/staging.genekas24.ee\/fi\/wp-json\/wp\/v2\/media\/17695"}],"wp:attachment":[{"href":"https:\/\/staging.genekas24.ee\/fi\/wp-json\/wp\/v2\/media?parent=2402"}],"wp:term":[{"taxonomy":"product_brand","embeddable":true,"href":"https:\/\/staging.genekas24.ee\/fi\/wp-json\/wp\/v2\/product_brand?post=2402"},{"taxonomy":"product_cat","embeddable":true,"href":"https:\/\/staging.genekas24.ee\/fi\/wp-json\/wp\/v2\/product_cat?post=2402"},{"taxonomy":"product_tag","embeddable":true,"href":"https:\/\/staging.genekas24.ee\/fi\/wp-json\/wp\/v2\/product_tag?post=2402"}],"curies":[{"name":"wp","href":"https:\/\/api.w.org\/{rel}","templated":true}]}}