{"id":2343,"date":"2021-12-06T19:27:25","date_gmt":"2021-12-06T19:27:25","guid":{"rendered":"https:\/\/staging.genekas24.ee\/?post_type=product&#038;p=2343"},"modified":"2025-12-31T08:48:35","modified_gmt":"2025-12-31T08:48:35","slug":"bensiinigeneraator-ks-7000e","status":"publish","type":"product","link":"https:\/\/staging.genekas24.ee\/fi\/tuote\/bensiinigeneraator-ks-7000e\/","title":{"rendered":"Bensiinigeneraattori KS 7000E"},"content":{"rendered":"<p>Bensiinigeneraatori KS 7000E\u00a0 pikaajaline t\u00f6\u00f6kindlus on tagatud t\u00e4nu sellele, et toode on varustatud 100% vaskm\u00e4hisest koosneva kvaliteetse s\u00fcnkroonse vahelduvvoolugeneraatoriga ning K\u00f6nner &amp; S\u00f6hnen seeria mootoriga. Lihtne k\u00e4ivituss\u00fcsteem ja ergonoomiline juhtpaneel teevad kasutamise mugavaks.<\/p>\n<table>\n<tbody>\n<tr class=\"even\">\n<td><a href=\"https:\/\/staging.genekas24.ee\/wp-content\/uploads\/2022\/10\/Dlya-tmKS1-300x300.png\" data-fancybox-group=\"gallery\"><img fetchpriority=\"high\" decoding=\"async\" src=\"https:\/\/staging.genekas24.ee\/wp-content\/uploads\/2022\/10\/Dlya-tmKS1-300x300.png\" alt=\"\" width=\"300\" height=\"300\" \/><\/a><\/td>\n<td>\n<p class=\"h3\"><strong>K\u00d6NNER &amp; S\u00d6HNEN -MOOTTORIT<\/strong><\/p>\n<p>Saksalaiset insin\u00f6\u00f6rit ovat varta vasten suunnitelleet K\u00f6nner &amp; S\u00f6hnen -tuotemerkille K&amp;S-sarjan moottorit, jotka ovat l\u00e4p\u00e4isseet tunteja kest\u00e4v\u00e4t monitasoiset testit ja ovat n\u00e4in ollen eritt\u00e4in luotettavia.<\/td>\n<\/tr>\n<tr class=\"odd\">\n<td><a href=\"https:\/\/staging.genekas24.ee\/wp-content\/uploads\/2022\/10\/ks-germany1-300x300.png\" data-fancybox-group=\"gallery\"><img decoding=\"async\" src=\"https:\/\/staging.genekas24.ee\/wp-content\/uploads\/2022\/10\/ks-germany1-300x300.png\" alt=\"\" width=\"300\" height=\"300\" \/><\/a><\/td>\n<td>\n<p class=\"h3\"><strong>MOOTTOREIDEN YKSIL\u00d6LLISET SARJANUMEROT<\/strong><\/p>\n<p>K\u00f6nner &amp; S\u00f6hnen -moottorit t\u00e4ytt\u00e4v\u00e4t kaikkien maailmanlaajuisten ja eurooppalaiset laatustandardien asettamat laatuvaatimukset. T\u00e4st\u00e4 ovat osoituksena eurooppalaiset laatusertifikaatit. Jokaisella moottorilla ja generaattorilla on yksil\u00f6llinen sarjanumero, jonka avulla voimme valvoa tuotannon ja palvelun laatua.\nKS 3000 -valikoiman bensiinigeneraattorit on varustettu luotettavalla yksisylinterisell\u00e4 7 hevosvoiman moottorilla.<\/td>\n<\/tr>\n<tr class=\"even\">\n<td><a href=\"https:\/\/staging.genekas24.ee\/wp-content\/uploads\/2022\/10\/lcd-display-7000E-300x300.png\" data-fancybox-group=\"gallery\"><img decoding=\"async\" src=\"https:\/\/staging.genekas24.ee\/wp-content\/uploads\/2022\/10\/lcd-display-7000E-300x300.png\" alt=\"\" width=\"300\" height=\"300\" \/><\/a><\/td>\n<td>\n<p class=\"h3\"><strong>MIELLYTT\u00c4V\u00c4 ERGONOMINEN OHJAUSPANEELI S\u00c4HK\u00d6K\u00c4YNNISTYKSELL\u00c4<\/strong><\/p>\n<p>Generaattorin ergonomisella ohjauspaneelilla voi helposti valvoa sen toimintaa nykyaikaisen LED-n\u00e4yt\u00f6n k\u00e4tevien toimintojen avulla (k\u00e4ytt\u00f6tuntilaskuri, taajuus, j\u00e4nnite), s\u00e4hk\u00f6inen k\u00e4ynnistys, h\u00e4t\u00e4katkaisin (suojalaukaisin), v\u00e4h\u00e4isen \u00f6ljyn m\u00e4\u00e4r\u00e4n anturi, liit\u00e4nn\u00e4t ja muut toiminnot.<\/td>\n<\/tr>\n<tr class=\"odd\">\n<td><a href=\"https:\/\/staging.genekas24.ee\/wp-content\/uploads\/2022\/10\/alternator.jpg\" data-fancybox-group=\"gallery\"><img loading=\"lazy\" decoding=\"async\" src=\"https:\/\/staging.genekas24.ee\/wp-content\/uploads\/2022\/10\/alternator.jpg\" alt=\"\" width=\"300\" height=\"300\" \/><\/a><\/td>\n<td>\n<p class=\"h3\"><strong>T\u00c4YSKUPARISELLA K\u00c4\u00c4MITYKSELL\u00c4 VARUSTETTU VAIHTOVIRTALATURI<\/strong><\/p>\n<p>K\u00f6nner &amp; S\u00f6hnen -generaattorit on varustettu tehokkaalla synkronisella vaihtovirtalaturilla, jossa on t\u00e4yskuparinen k\u00e4\u00e4mitys. T\u00e4m\u00e4 on ainoa kuparik\u00e4\u00e4mitys, joka kest\u00e4\u00e4 maksimikuormat vaurioitta, mik\u00e4 takaa generaattorin pitk\u00e4aikaisen luotettavan toiminnan.<\/td>\n<\/tr>\n<tr class=\"even\">\n<td><a href=\"https:\/\/staging.genekas24.ee\/wp-content\/uploads\/2022\/10\/KS-10000E-ATS-6-300x255.jpg\" data-fancybox-group=\"gallery\"><img loading=\"lazy\" decoding=\"async\" src=\"https:\/\/staging.genekas24.ee\/wp-content\/uploads\/2022\/10\/KS-10000E-ATS-6-300x255.jpg\" alt=\"\" width=\"300\" height=\"300\" \/><\/a><\/td>\n<td>\n<p class=\"h3\"><strong>HELPPO K\u00c4YNNISTYSJ\u00c4RJESTELM\u00c4<\/strong><\/p>\n<p>Helpon k\u00e4ynnistysj\u00e4rjestelm\u00e4n ansiosta moottori on k\u00e4ynnistett\u00e4viss\u00e4 nopeasti ja vaivattomasti. T\u00e4m\u00e4ntyyppisiss\u00e4 generaattoreissa on k\u00e4yt\u00f6n helpottamiseksi kaksi k\u00e4ynnistysmahdollisuutta \u2013 manuaalinen ja s\u00e4hk\u00f6inen. Tehokkaammissa malleissa on lis\u00e4ksi s\u00e4hk\u00f6inen k\u00e4ynnistysj\u00e4rjestelm\u00e4.<\/td>\n<\/tr>\n<tr class=\"odd\">\n<td><a href=\"https:\/\/staging.genekas24.ee\/wp-content\/uploads\/2022\/10\/Bak1-300x300.png\" data-fancybox-group=\"gallery\"><img loading=\"lazy\" decoding=\"async\" src=\"https:\/\/staging.genekas24.ee\/wp-content\/uploads\/2022\/10\/Bak1-300x300.png\" alt=\"\" width=\"300\" height=\"300\" \/><\/a><\/td>\n<td>\n<p class=\"h3\"><strong>TER\u00c4SS\u00c4ILI\u00d6<\/strong><\/p>\n<p>\u201dK\u00f6nner &amp; S\u00f6hnen\u201d -generaattoreissa on suuri ter\u00e4ksinen polttoaines\u00e4ili\u00f6, jonka ansiosta generaattoria voi k\u00e4ytt\u00e4\u00e4 pidemp\u00e4\u00e4n polttoainetta lis\u00e4\u00e4m\u00e4tt\u00e4. Polttoainemittari on helposti n\u00e4ht\u00e4viss\u00e4 olevassa paikassa s\u00e4ili\u00f6n p\u00e4\u00e4ll\u00e4.<\/td>\n<\/tr>\n<tr class=\"even\">\n<td><a href=\"https:\/\/staging.genekas24.ee\/wp-content\/uploads\/2022\/10\/reduced-vibration-300x276.jpg\" data-fancybox-group=\"gallery\"><img loading=\"lazy\" decoding=\"async\" src=\"https:\/\/staging.genekas24.ee\/wp-content\/uploads\/2022\/10\/reduced-vibration-300x276.jpg\" alt=\"\" width=\"300\" height=\"300\" \/><\/a><\/td>\n<td>\n<p class=\"h3\"><strong>T\u00c4RIN\u00c4\u00c4 V\u00c4HENT\u00c4V\u00c4T VAIMENTIMET<\/strong><\/p>\n<p>Kaikki K\u00f6nner &amp; S\u00f6hnen -generaattorimallit on varustettu t\u00e4rin\u00e4\u00e4 v\u00e4hent\u00e4vill\u00e4 kumijaloilla. K\u00e4ynniss\u00e4 oleva generaattori ei vaurioita lattiapinnoitetta eik\u00e4 rungon pinnoite naarmuunnu.<\/td>\n<\/tr>\n<\/tbody>\n<\/table>\n<p><em><span style=\"font-size: 14px;\">***Polttoaineen kulutus riippuu monista tekij\u00f6ist\u00e4: kuormituksesta, polttoaineen laadusta, vuodenajasta, korkeudesta ja generaattorin teknisest\u00e4 kunnosta.<\/span><\/em><\/p>","protected":false},"excerpt":{"rendered":"<ul>\n<li><\/li>\n<\/ul>\n<table>\n<tbody>\n<tr class=\"even\">\n<td width=\"60%\">J\u00e4nnite<\/td>\n<td>230<\/td>\n<\/tr>\n<tr class=\"odd\">\n<td>\n<div class=\"col-xs-6\">Suurin teho, kW<\/div>\n<\/td>\n<td>\n<div class=\"attribute row\">\n<div class=\"col-xs-6\">5.5<\/div>\n<\/div>\n<\/td>\n<\/tr>\n<tr class=\"even\">\n<td>\n<div class=\"col-xs-6\">Nimellisteho, kW<\/div>\n<\/td>\n<td>\n<div class=\"attribute row\">\n<div class=\"col-xs-6\">5.0<\/div>\n<\/div>\n<\/td>\n<\/tr>\n<tr class=\"odd\">\n<td>\n<div class=\"col-xs-6\">Taajuus, Hz<\/div>\n<\/td>\n<td>50<\/td>\n<\/tr>\n<tr class=\"even\">\n<td>\n<div class=\"col-xs-6\">Virta (max.), A<\/div>\n<\/td>\n<td>\n<div class=\"attribute row\">\n<div class=\"col-xs-6\">23.91<\/div>\n<\/div>\n<\/td>\n<\/tr>\n<tr class=\"odd\">\n<td>L\u00e4hd\u00f6t<\/td>\n<td>\n<div class=\"attribute row\">\n<div class=\"col-xs-6\">1 x Schuko 230 V<br \/>\n1 x CEE 230 V 32 A<\/div>\n<\/div>\n<\/td>\n<\/tr>\n<tr class=\"even\">\n<td>\n<div class=\"col-xs-6\">Polttoaines\u00e4ili\u00f6n tilavuus, L<\/div>\n<\/td>\n<td>25<\/td>\n<\/tr>\n<tr class=\"odd\">\n<td>\n<div class=\"col-xs-6\">Keskim. k\u00e4ytt\u00f6aika (teho 50 %), h***<\/div>\n<\/td>\n<td>17<\/td>\n<\/tr>\n<tr class=\"even\">\n<td>\n<div class=\"col-xs-6\">LED-n\u00e4ytt\u00f6<\/div>\n<\/td>\n<td>\n<div class=\"attribute row\">\n<div class=\"col-xs-6\">J\u00e4nnite, taajuus, k\u00e4ytt\u00f6tunnit<\/div>\n<\/div>\n<\/td>\n<\/tr>\n<tr class=\"odd\">\n<td>\n<div class=\"col-xs-6\">Melutaso Lpa (7 m) \/ Lwa, dB<\/div>\n<\/td>\n<td>\n<div class=\"attribute row\">\n<div class=\"col-xs-6\">70\/95<\/div>\n<\/div>\n<\/td>\n<\/tr>\n<tr class=\"even\">\n<td>\n<div class=\"col-xs-6\">Antoteho DC, V\/A<\/div>\n<\/td>\n<td>\n<div class=\"attribute row\">\n<div class=\"col-xs-6\">12\/8.3<\/div>\n<\/div>\n<\/td>\n<\/tr>\n<tr class=\"odd\">\n<td>\n<div class=\"col-xs-6\">Moottorin malli<\/div>\n<\/td>\n<td>\n<div class=\"attribute row\">\n<div class=\"col-xs-6\">KS 390<\/div>\n<\/div>\n<\/td>\n<\/tr>\n<tr class=\"even\">\n<td>\n<div class=\"col-xs-6\">Moottorityyppi<\/div>\n<\/td>\n<td>\n<div class=\"attribute row\">\n<div class=\"col-xs-6\">Bensiinik\u00e4ytt\u00f6inen, yksisylinterinen, nelitahtinen, ilmaj\u00e4\u00e4hdytteinen<\/div>\n<\/div>\n<\/td>\n<\/tr>\n<tr class=\"odd\">\n<td>\n<div class=\"col-xs-6\">Moottoriteho, hv\/kW<\/div>\n<\/td>\n<td>\n<div class=\"attribute row\">\n<div class=\"col-xs-6\">13.0\/9.56<\/div>\n<\/div>\n<\/td>\n<\/tr>\n<tr class=\"even\">\n<td>\n<div class=\"col-xs-6\">Kampikammion tilavuus, L<\/div>\n<\/td>\n<td>1.1<\/td>\n<\/tr>\n<tr class=\"odd\">\n<td>\n<div class=\"col-xs-6\">Moottorin sylinteritilavuus, cm3<\/div>\n<\/td>\n<td>389<\/td>\n<\/tr>\n<tr class=\"even\">\n<td>\n<div class=\"col-xs-6\">Tehons\u00e4\u00e4din<\/div>\n<\/td>\n<td>\n<div class=\"attribute row\">\n<div class=\"col-xs-6\">\u00c4lyk\u00e4s j\u00e4nnitteenvakautusj\u00e4rjestelm\u00e4 AVR<\/div>\n<\/div>\n<\/td>\n<\/tr>\n<tr class=\"odd\">\n<td>\n<div class=\"col-xs-6\">Moottorin k\u00e4ynnistys<\/div>\n<\/td>\n<td>\n<div class=\"attribute row\">\n<div class=\"col-xs-6\">Manuaalinen\/s\u00e4hk\u00f6inen<\/div>\n<\/div>\n<\/td>\n<\/tr>\n<tr class=\"even\">\n<td>\n<div class=\"col-xs-6\">Suojausluokka<\/div>\n<\/td>\n<td>\n<div class=\"attribute row\">\n<div class=\"col-xs-6\">IP23M<\/div>\n<\/div>\n<\/td>\n<\/tr>\n<tr>\n<td>Sis\u00e4mitat (PxLxK), mm<\/td>\n<td>680x545x550<\/td>\n<\/tr>\n<tr>\n<td>Bruttomitat (P x L x K), mm<\/td>\n<td>700x545x590<\/td>\n<\/tr>\n<tr>\n<td>Nettopaino, kg<\/td>\n<td>76.2<\/td>\n<\/tr>\n<tr>\n<td>Bruttopaino, kg<\/td>\n<td>78.6<\/td>\n<\/tr>\n<tr>\n<td>EAN-koodi<\/td>\n<td>4260405361120<\/td>\n<\/tr>\n<\/tbody>\n<\/table>\n<p>Koottu PRC.<\/p>\n<p>***Polttoaineenkulutus riippuu monista tekij\u00f6ist\u00e4, kuten kuormituksesta, polttoaineen laadusta, vuodenajasta, korkeudesta, generaattorin teknisest\u00e4 kunnosta.<\/p>","protected":false},"featured_media":17706,"template":"","meta":{"_acf_changed":false,"inline_featured_image":false},"product_brand":[],"product_cat":[179,94,21],"product_tag":[],"class_list":{"0":"post-2343","1":"product","2":"type-product","3":"status-publish","4":"has-post-thumbnail","6":"product_cat-allahinnatud","7":"product_cat-generaatorid","8":"product_cat-bensiinigeneraatorid","9":"product_shipping_class-poolalus","10":"brand-konner-sohnen","12":"first","13":"instock","14":"sale","15":"featured","16":"taxable","17":"shipping-taxable","18":"purchasable","19":"product-type-simple"},"acf":[],"yoast_head":"<!-- This site is optimized with the Yoast SEO plugin v26.2 - https:\/\/yoast.com\/wordpress\/plugins\/seo\/ -->\n<title>Bensiinigeneraator KS 7000E - Genekas24<\/title>\n<meta name=\"robots\" content=\"index, follow, max-snippet:-1, max-image-preview:large, max-video-preview:-1\" \/>\n<link rel=\"canonical\" href=\"https:\/\/staging.genekas24.ee\/fi\/tuote\/bensiinigeneraator-ks-7000e\/\" \/>\n<meta property=\"og:locale\" content=\"fi_FI\" \/>\n<meta property=\"og:type\" content=\"article\" \/>\n<meta property=\"og:title\" content=\"Bensiinigeneraator KS 7000E - Genekas24\" \/>\n<meta property=\"og:description\" content=\"Pinge 230    Max v\u00f5imsus, kW   5.5     Nominaalne v\u00f5imsus, kW   5.0     Sagedus, Hz 50    Vool (max), \u0410   23.91    Pistikupesad   1 x Schuko 230 V 1 x CEE 230 V 32 A     K\u00fctusepaagi maht, l 25    Keskmine t\u00f6\u00f6aeg (power 50%), h*** 17    LED-ekraan   Pinge, sagedus, t\u00f6\u00f6aeg     M\u00fcratase Lpa (7m)\/Lwa, dB   70\/95     V\u00f5imsus DC, V\/\u0410   12\/8.3     Mootori mudel   KS 390     Mootori t\u00fc\u00fcp   Bensiinimootoriga \u00fchesilindriline, neljataktiline \u00f5hkjahutusega     Mootori v\u00f5imsus, hp\/kW   13.0\/9.56     Karteri maht, l 1.1    Mootori silindri maht, cm3 389    Toitev\u00e4ljundi kontroller   Pinge stabiliseerimiss\u00fcsteem AVR     Mootori k\u00e4ivitamine   Manuaal\/elektriline     Kaitseklass   IP23M    Neto m\u00f5\u00f5dud (PxLxK), mm 680x545x550   Bruto m\u00f5\u00f5dud (PxLxK), mm 700x545x590   Netokaal, kg 76.2   Brutokaal, kg 78.6   EAN kood 4260405361120    Kokku pandud HRV-s.  *** K\u00fctusekulu s\u00f5ltub paljudest teguritest, nagu koormus, k\u00fctuse kvaliteet, aastaaeg, k\u00f5rgus merepinnast, generaatori tehniline seisukord.\" \/>\n<meta property=\"og:url\" content=\"https:\/\/staging.genekas24.ee\/fi\/tuote\/bensiinigeneraator-ks-7000e\/\" \/>\n<meta property=\"og:site_name\" content=\"Genekas24\" \/>\n<meta property=\"article:modified_time\" content=\"2025-12-31T08:48:35+00:00\" \/>\n<meta property=\"og:image\" content=\"https:\/\/staging.genekas24.ee\/wp-content\/uploads\/2021\/12\/KS-7000E.png\" \/>\n\t<meta property=\"og:image:width\" content=\"900\" \/>\n\t<meta property=\"og:image:height\" content=\"713\" \/>\n\t<meta property=\"og:image:type\" content=\"image\/png\" \/>\n<meta name=\"twitter:card\" content=\"summary_large_image\" \/>\n<meta name=\"twitter:label1\" content=\"Arvioitu lukuaika\" \/>\n\t<meta name=\"twitter:data1\" content=\"3 minuuttia\" \/>\n<script type=\"application\/ld+json\" class=\"yoast-schema-graph\">{\"@context\":\"https:\/\/schema.org\",\"@graph\":[{\"@type\":\"WebPage\",\"@id\":\"https:\/\/staging.genekas24.ee\/toode\/bensiinigeneraator-ks-7000e\/\",\"url\":\"https:\/\/staging.genekas24.ee\/toode\/bensiinigeneraator-ks-7000e\/\",\"name\":\"Bensiinigeneraator KS 7000E - Genekas24\",\"isPartOf\":{\"@id\":\"https:\/\/staging.genekas24.ee\/#website\"},\"primaryImageOfPage\":{\"@id\":\"https:\/\/staging.genekas24.ee\/toode\/bensiinigeneraator-ks-7000e\/#primaryimage\"},\"image\":{\"@id\":\"https:\/\/staging.genekas24.ee\/toode\/bensiinigeneraator-ks-7000e\/#primaryimage\"},\"thumbnailUrl\":\"https:\/\/staging.genekas24.ee\/wp-content\/uploads\/2021\/12\/KS-7000E.png\",\"datePublished\":\"2021-12-06T19:27:25+00:00\",\"dateModified\":\"2025-12-31T08:48:35+00:00\",\"breadcrumb\":{\"@id\":\"https:\/\/staging.genekas24.ee\/toode\/bensiinigeneraator-ks-7000e\/#breadcrumb\"},\"inLanguage\":\"fi\",\"potentialAction\":[{\"@type\":\"ReadAction\",\"target\":[\"https:\/\/staging.genekas24.ee\/toode\/bensiinigeneraator-ks-7000e\/\"]}]},{\"@type\":\"ImageObject\",\"inLanguage\":\"fi\",\"@id\":\"https:\/\/staging.genekas24.ee\/toode\/bensiinigeneraator-ks-7000e\/#primaryimage\",\"url\":\"https:\/\/staging.genekas24.ee\/wp-content\/uploads\/2021\/12\/KS-7000E.png\",\"contentUrl\":\"https:\/\/staging.genekas24.ee\/wp-content\/uploads\/2021\/12\/KS-7000E.png\",\"width\":900,\"height\":713},{\"@type\":\"BreadcrumbList\",\"@id\":\"https:\/\/staging.genekas24.ee\/toode\/bensiinigeneraator-ks-7000e\/#breadcrumb\",\"itemListElement\":[{\"@type\":\"ListItem\",\"position\":1,\"name\":\"Home\",\"item\":\"https:\/\/staging.genekas24.ee\/\"},{\"@type\":\"ListItem\",\"position\":2,\"name\":\"Pood\",\"item\":\"https:\/\/staging.genekas24.ee\/pood\/\"},{\"@type\":\"ListItem\",\"position\":3,\"name\":\"Bensiinigeneraator KS 7000E\"}]},{\"@type\":\"WebSite\",\"@id\":\"https:\/\/staging.genekas24.ee\/#website\",\"url\":\"https:\/\/staging.genekas24.ee\/\",\"name\":\"Genekas24\",\"description\":\"Generaatorid | K&ouml;nner S&ouml;hnen tooted | Genekas24\",\"publisher\":{\"@id\":\"https:\/\/staging.genekas24.ee\/#organization\"},\"potentialAction\":[{\"@type\":\"SearchAction\",\"target\":{\"@type\":\"EntryPoint\",\"urlTemplate\":\"https:\/\/staging.genekas24.ee\/?s={search_term_string}\"},\"query-input\":{\"@type\":\"PropertyValueSpecification\",\"valueRequired\":true,\"valueName\":\"search_term_string\"}}],\"inLanguage\":\"fi\"},{\"@type\":\"Organization\",\"@id\":\"https:\/\/staging.genekas24.ee\/#organization\",\"name\":\"Genekas24\",\"url\":\"https:\/\/staging.genekas24.ee\/\",\"logo\":{\"@type\":\"ImageObject\",\"inLanguage\":\"fi\",\"@id\":\"https:\/\/staging.genekas24.ee\/#\/schema\/logo\/image\/\",\"url\":\"https:\/\/staging.genekas24.ee\/wp-content\/uploads\/2026\/01\/genekas24-logo_black.svg\",\"contentUrl\":\"https:\/\/staging.genekas24.ee\/wp-content\/uploads\/2026\/01\/genekas24-logo_black.svg\",\"width\":840,\"height\":131,\"caption\":\"Genekas24\"},\"image\":{\"@id\":\"https:\/\/staging.genekas24.ee\/#\/schema\/logo\/image\/\"}}]}<\/script>\n<!-- \/ Yoast SEO plugin. -->","yoast_head_json":{"title":"Bensiinigeneraattori KS 7000E - Genekas24","robots":{"index":"index","follow":"follow","max-snippet":"max-snippet:-1","max-image-preview":"max-image-preview:large","max-video-preview":"max-video-preview:-1"},"canonical":"https:\/\/staging.genekas24.ee\/fi\/tuote\/bensiinigeneraator-ks-7000e\/","og_locale":"fi_FI","og_type":"article","og_title":"Bensiinigeneraator KS 7000E - Genekas24","og_description":"Pinge 230    Max v\u00f5imsus, kW   5.5     Nominaalne v\u00f5imsus, kW   5.0     Sagedus, Hz 50    Vool (max), \u0410   23.91    Pistikupesad   1 x Schuko 230 V 1 x CEE 230 V 32 A     K\u00fctusepaagi maht, l 25    Keskmine t\u00f6\u00f6aeg (power 50%), h*** 17    LED-ekraan   Pinge, sagedus, t\u00f6\u00f6aeg     M\u00fcratase Lpa (7m)\/Lwa, dB   70\/95     V\u00f5imsus DC, V\/\u0410   12\/8.3     Mootori mudel   KS 390     Mootori t\u00fc\u00fcp   Bensiinimootoriga \u00fchesilindriline, neljataktiline \u00f5hkjahutusega     Mootori v\u00f5imsus, hp\/kW   13.0\/9.56     Karteri maht, l 1.1    Mootori silindri maht, cm3 389    Toitev\u00e4ljundi kontroller   Pinge stabiliseerimiss\u00fcsteem AVR     Mootori k\u00e4ivitamine   Manuaal\/elektriline     Kaitseklass   IP23M    Neto m\u00f5\u00f5dud (PxLxK), mm 680x545x550   Bruto m\u00f5\u00f5dud (PxLxK), mm 700x545x590   Netokaal, kg 76.2   Brutokaal, kg 78.6   EAN kood 4260405361120    Kokku pandud HRV-s.  *** K\u00fctusekulu s\u00f5ltub paljudest teguritest, nagu koormus, k\u00fctuse kvaliteet, aastaaeg, k\u00f5rgus merepinnast, generaatori tehniline seisukord.","og_url":"https:\/\/staging.genekas24.ee\/fi\/tuote\/bensiinigeneraator-ks-7000e\/","og_site_name":"Genekas24","article_modified_time":"2025-12-31T08:48:35+00:00","og_image":[{"width":900,"height":713,"url":"https:\/\/staging.genekas24.ee\/wp-content\/uploads\/2021\/12\/KS-7000E.png","type":"image\/png"}],"twitter_card":"summary_large_image","twitter_misc":{"Arvioitu lukuaika":"3 minuuttia"},"schema":{"@context":"https:\/\/schema.org","@graph":[{"@type":"WebPage","@id":"https:\/\/staging.genekas24.ee\/toode\/bensiinigeneraator-ks-7000e\/","url":"https:\/\/staging.genekas24.ee\/toode\/bensiinigeneraator-ks-7000e\/","name":"Bensiinigeneraattori KS 7000E - Genekas24","isPartOf":{"@id":"https:\/\/staging.genekas24.ee\/#website"},"primaryImageOfPage":{"@id":"https:\/\/staging.genekas24.ee\/toode\/bensiinigeneraator-ks-7000e\/#primaryimage"},"image":{"@id":"https:\/\/staging.genekas24.ee\/toode\/bensiinigeneraator-ks-7000e\/#primaryimage"},"thumbnailUrl":"https:\/\/staging.genekas24.ee\/wp-content\/uploads\/2021\/12\/KS-7000E.png","datePublished":"2021-12-06T19:27:25+00:00","dateModified":"2025-12-31T08:48:35+00:00","breadcrumb":{"@id":"https:\/\/staging.genekas24.ee\/toode\/bensiinigeneraator-ks-7000e\/#breadcrumb"},"inLanguage":"fi","potentialAction":[{"@type":"ReadAction","target":["https:\/\/staging.genekas24.ee\/toode\/bensiinigeneraator-ks-7000e\/"]}]},{"@type":"ImageObject","inLanguage":"fi","@id":"https:\/\/staging.genekas24.ee\/toode\/bensiinigeneraator-ks-7000e\/#primaryimage","url":"https:\/\/staging.genekas24.ee\/wp-content\/uploads\/2021\/12\/KS-7000E.png","contentUrl":"https:\/\/staging.genekas24.ee\/wp-content\/uploads\/2021\/12\/KS-7000E.png","width":900,"height":713},{"@type":"BreadcrumbList","@id":"https:\/\/staging.genekas24.ee\/toode\/bensiinigeneraator-ks-7000e\/#breadcrumb","itemListElement":[{"@type":"ListItem","position":1,"name":"Home","item":"https:\/\/staging.genekas24.ee\/"},{"@type":"ListItem","position":2,"name":"Pood","item":"https:\/\/staging.genekas24.ee\/pood\/"},{"@type":"ListItem","position":3,"name":"Bensiinigeneraator KS 7000E"}]},{"@type":"WebSite","@id":"https:\/\/staging.genekas24.ee\/#website","url":"https:\/\/staging.genekas24.ee\/","name":"Genekas24","description":"Generaatorid | K&ouml;nner S&ouml;hnen tooted | Genekas24","publisher":{"@id":"https:\/\/staging.genekas24.ee\/#organization"},"potentialAction":[{"@type":"SearchAction","target":{"@type":"EntryPoint","urlTemplate":"https:\/\/staging.genekas24.ee\/?s={search_term_string}"},"query-input":{"@type":"PropertyValueSpecification","valueRequired":true,"valueName":"search_term_string"}}],"inLanguage":"fi"},{"@type":"Organization","@id":"https:\/\/staging.genekas24.ee\/#organization","name":"Genekas24","url":"https:\/\/staging.genekas24.ee\/","logo":{"@type":"ImageObject","inLanguage":"fi","@id":"https:\/\/staging.genekas24.ee\/#\/schema\/logo\/image\/","url":"https:\/\/staging.genekas24.ee\/wp-content\/uploads\/2026\/01\/genekas24-logo_black.svg","contentUrl":"https:\/\/staging.genekas24.ee\/wp-content\/uploads\/2026\/01\/genekas24-logo_black.svg","width":840,"height":131,"caption":"Genekas24"},"image":{"@id":"https:\/\/staging.genekas24.ee\/#\/schema\/logo\/image\/"}}]}},"_links":{"self":[{"href":"https:\/\/staging.genekas24.ee\/fi\/wp-json\/wp\/v2\/product\/2343","targetHints":{"allow":["GET"]}}],"collection":[{"href":"https:\/\/staging.genekas24.ee\/fi\/wp-json\/wp\/v2\/product"}],"about":[{"href":"https:\/\/staging.genekas24.ee\/fi\/wp-json\/wp\/v2\/types\/product"}],"version-history":[{"count":10,"href":"https:\/\/staging.genekas24.ee\/fi\/wp-json\/wp\/v2\/product\/2343\/revisions"}],"predecessor-version":[{"id":20775,"href":"https:\/\/staging.genekas24.ee\/fi\/wp-json\/wp\/v2\/product\/2343\/revisions\/20775"}],"wp:featuredmedia":[{"embeddable":true,"href":"https:\/\/staging.genekas24.ee\/fi\/wp-json\/wp\/v2\/media\/17706"}],"wp:attachment":[{"href":"https:\/\/staging.genekas24.ee\/fi\/wp-json\/wp\/v2\/media?parent=2343"}],"wp:term":[{"taxonomy":"product_brand","embeddable":true,"href":"https:\/\/staging.genekas24.ee\/fi\/wp-json\/wp\/v2\/product_brand?post=2343"},{"taxonomy":"product_cat","embeddable":true,"href":"https:\/\/staging.genekas24.ee\/fi\/wp-json\/wp\/v2\/product_cat?post=2343"},{"taxonomy":"product_tag","embeddable":true,"href":"https:\/\/staging.genekas24.ee\/fi\/wp-json\/wp\/v2\/product_tag?post=2343"}],"curies":[{"name":"wp","href":"https:\/\/api.w.org\/{rel}","templated":true}]}}