{"id":22120,"date":"2026-01-11T11:48:10","date_gmt":"2026-01-11T11:48:10","guid":{"rendered":"https:\/\/staging.genekas24.ee\/?post_type=product&#038;p=22120"},"modified":"2026-01-11T11:48:11","modified_gmt":"2026-01-11T11:48:11","slug":"korgsurve-veepump-ks-50hp","status":"publish","type":"product","link":"https:\/\/staging.genekas24.ee\/fi\/tuote\/korgsurve-veepump-ks-50hp\/","title":{"rendered":"K\u00f5rgsurve veepump KS 50HP"},"content":{"rendered":"<table style=\"border-collapse: collapse; width: 100%; height: 528px;\">\n<tbody>\n<tr style=\"height: 152px;\">\n<td style=\"width: 11.26%; height: 152px;\"><img decoding=\"async\" src=\"https:\/\/konner-sohnen.ee\/cdn\/shop\/files\/ks-50hp_engine.png?v=1723486275&amp;width=500\" alt=\"K\u00f6nner &amp; s\u00f6hnen kaubam\u00e4rgiga mootorid\" \/><\/td>\n<td style=\"width: 88.74%; height: 152px;\">\n<h3>K\u00f6nner &amp; s\u00f6hnen kaubam\u00e4rgiga mootorid<\/h3>\n<div class=\"text-sm\">K\u00f6nner &amp; S\u00f6hnen veepumpadel on vastupidavad ja k\u00fctuses\u00e4\u00e4stlikud kaubam\u00e4rgiga mootorid, mis on toodetud Saksa inseneride range kontrolli all. Tugev K&amp;S mootor vastab k\u00f5igile Euroopa kvaliteedistandarditele, sealhulgas uusimale EURO V heitmestandardile.<\/div>\n<\/td>\n<\/tr>\n<tr style=\"height: 152px;\">\n<td style=\"width: 11.26%; height: 152px;\"><img decoding=\"async\" src=\"https:\/\/konner-sohnen.ee\/cdn\/shop\/files\/pumps-serial-number.png?v=1723486274&amp;width=500\" alt=\"Mootorite individuaalsed seerianumbrid\" \/><\/td>\n<td style=\"width: 88.74%; height: 152px;\">\n<h3>Mootorite individuaalsed seerianumbrid<\/h3>\n<div class=\"text-sm\">Igal mootoril on oma individuaalne seerianumber, mis v\u00f5imaldab kontrollida tootmise ja teeninduse kvaliteeti. K\u00f6nner &amp; S\u00f6hnen mootorid on iseloomulikud lihtsa k\u00e4ivitamise ja v\u00e4hendatud vibratsiooniga.<\/div>\n<\/td>\n<\/tr>\n<tr style=\"height: 152px;\">\n<td style=\"width: 11.26%; height: 152px;\"><img decoding=\"async\" src=\"https:\/\/konner-sohnen.ee\/cdn\/shop\/files\/ks-50hp_equipment.png?v=1723486271&amp;width=500\" alt=\"Seadmed\" \/><\/td>\n<td style=\"width: 88.74%; height: 152px;\">\n<h3>Seadmed<\/h3>\n<div class=\"text-sm\">K\u00f6nner &amp; S\u00f6hnen motopumpade korpus on valmistatud tervikvormimise ja k\u00f5rgtugeva alumiiniumi abil, mis on vastupidav korrosioonile, temperatuurim\u00f5judele ja deformatsioonile. Veepumbad on varustatud suurendatud terasest k\u00fctusepaagiga, mis pikendab t\u00f6\u00f6aega ilma tankimata.<\/div>\n<\/td>\n<\/tr>\n<tr style=\"height: 24px;\">\n<td style=\"width: 11.26%; height: 24px;\"><img decoding=\"async\" src=\"https:\/\/konner-sohnen.ee\/cdn\/shop\/files\/pumps-frame.png?v=1723486272&amp;width=500\" alt=\"Tugevdatud raam\" \/><\/td>\n<td style=\"width: 88.74%; height: 24px;\"><span style=\"font-size: 14pt;\"><strong>Tugevdatud raam<\/strong><\/span><br \/>\nK\u00f5ik K\u00f6nner &amp; S\u00f6hnen TM veepumbad on n\u00fc\u00fcd varustatud tugevdatud terasraamiga, mis kaitseb veepumpa kahjustuste eest t\u00f6\u00f6 ja transpordi ajal ning on h\u00e4davajalik rasketeks t\u00f6\u00f6deks.<\/td>\n<\/tr>\n<tr style=\"height: 24px;\">\n<td style=\"width: 11.26%; height: 24px;\"><img decoding=\"async\" src=\"https:\/\/konner-sohnen.ee\/cdn\/shop\/files\/pumps-dempfers.jpg?v=1723486272&amp;width=500\" alt=\"Vibratsiooni summutid\" \/><\/td>\n<td style=\"width: 88.74%; height: 24px;\">\n<h3>Vibratsiooni summutid<\/h3>\n<div class=\"text-sm\">K\u00f6nner &amp; S\u00f6hnen veepumbad on varustatud libisemisvastaste kummijalgadega, et v\u00e4hendada vibratsiooni ja kaitsta korrosiooni eest. Kummist amortisaatorid takistavad t\u00f6\u00f6taval veepumbal p\u00f5randat kahjustamast ja raami pinda kriimustamast.<\/div>\n<\/td>\n<\/tr>\n<tr style=\"height: 24px;\">\n<td style=\"width: 11.26%; height: 24px;\"><img decoding=\"async\" src=\"https:\/\/konner-sohnen.ee\/cdn\/shop\/files\/ks-50hp_accessories.png?v=1723486274&amp;width=500\" alt=\"Lis\u00e4tarvikkeet\" \/><\/td>\n<td style=\"width: 88.74%; height: 24px;\">\n<h3>Lis\u00e4tarvikkeet<\/h3>\n<div class=\"text-sm\">Veepumbad on varustatud j\u00e4rgmiste tarvikutega: veefilter, paigalduskomplekt, s\u00fc\u00fctek\u00fc\u00fcnla v\u00f5ti, voolik\u00fchenduse komplekt.<\/div>\n<\/td>\n<\/tr>\n<\/tbody>\n<\/table>","protected":false},"excerpt":{"rendered":"<table>\n<tbody>\n<tr>\n<td>Moottorin malli<\/td>\n<td>KS 250<\/td>\n<\/tr>\n<tr>\n<td>Mootori maht, cm\u00b3<\/td>\n<td>212<\/td>\n<\/tr>\n<tr>\n<td>Mootori v\u00f5imsus, hj<\/td>\n<td>7<\/td>\n<\/tr>\n<tr>\n<td>Polttoaines\u00e4ili\u00f6n tilavuus, L<\/td>\n<td>3.6<\/td>\n<\/tr>\n<tr>\n<td>V\u00e4nda karteri maht, l<\/td>\n<td>0.6<\/td>\n<\/tr>\n<tr>\n<td>M\u00fcra tase Lpa (7m)\/Lwa, dB<\/td>\n<td>79\/104<\/td>\n<\/tr>\n<tr>\n<td>Maks. tootlikkus, l\/min<\/td>\n<td>500<\/td>\n<\/tr>\n<tr>\n<td>Nominaalkiirus, p\/min<\/td>\n<td>3600<\/td>\n<\/tr>\n<tr>\n<td>Maksimaalne t\u00f5stek\u00f5rgus, m<\/td>\n<td>50<\/td>\n<\/tr>\n<tr>\n<td>Maksimaalne imemiss\u00fcgavus, m<\/td>\n<td>7<\/td>\n<\/tr>\n<tr>\n<td>V\u00e4ljalasketoru l\u00e4bim\u00f5\u00f5t, mm<\/td>\n<td>40\/50\/40<\/td>\n<\/tr>\n<tr>\n<td>Sisselasketoru l\u00e4bim\u00f5\u00f5t, mm<\/td>\n<td>50<\/td>\n<\/tr>\n<tr>\n<td>Netom\u00f5\u00f5tmed (PxLxK), mm<\/td>\n<td>485\u0445434\u0445432<\/td>\n<\/tr>\n<tr>\n<td>\u00dcldm\u00f5\u00f5tmed (PxLxK), mm<\/td>\n<td>495\u00d7445\u00d7445<\/td>\n<\/tr>\n<tr>\n<td>Nettopaino, kg<\/td>\n<td>29<\/td>\n<\/tr>\n<tr>\n<td>Kogukaal, kg<\/td>\n<td>31.0<\/td>\n<\/tr>\n<tr>\n<td>SKU<\/td>\n<td>KS 50HP<\/td>\n<\/tr>\n<tr>\n<td>EAN<\/td>\n<td>4260405361366<\/td>\n<\/tr>\n<\/tbody>\n<\/table>","protected":false},"featured_media":22121,"template":"","meta":{"_acf_changed":false,"inline_featured_image":false},"product_brand":[],"product_cat":[159,206],"product_tag":[],"class_list":{"0":"post-22120","1":"product","2":"type-product","3":"status-publish","4":"has-post-thumbnail","6":"product_cat-aiatooriistad","7":"product_cat-veepumbad","8":"product_shipping_class-poolalus","9":"brand-konner-sohnen","11":"first","12":"instock","13":"taxable","14":"shipping-taxable","15":"purchasable","16":"product-type-simple"},"acf":[],"yoast_head":"<!-- This site is optimized with the Yoast SEO plugin v26.2 - https:\/\/yoast.com\/wordpress\/plugins\/seo\/ -->\n<title>K\u00f5rgsurve veepump KS 50HP - Genekas24<\/title>\n<meta name=\"robots\" content=\"index, follow, max-snippet:-1, max-image-preview:large, max-video-preview:-1\" \/>\n<link rel=\"canonical\" href=\"https:\/\/staging.genekas24.ee\/fi\/tuote\/korgsurve-veepump-ks-50hp\/\" \/>\n<meta property=\"og:locale\" content=\"fi_FI\" \/>\n<meta property=\"og:type\" content=\"article\" \/>\n<meta property=\"og:title\" content=\"K\u00f5rgsurve veepump KS 50HP - Genekas24\" \/>\n<meta property=\"og:description\" content=\"Mootori mudel KS 250   Mootori maht, cm\u00b3 212   Mootori v\u00f5imsus, hj 7   K\u00fctusepaagi maht, l 3.6   V\u00e4nda karteri maht, l 0.6   M\u00fcra tase Lpa (7m)\/Lwa, dB 79\/104   Maks. tootlikkus, l\/min 500   Nominaalkiirus, p\/min 3600   Maksimaalne t\u00f5stek\u00f5rgus, m 50   Maksimaalne imemiss\u00fcgavus, m 7   V\u00e4ljalasketoru l\u00e4bim\u00f5\u00f5t, mm 40\/50\/40   Sisselasketoru l\u00e4bim\u00f5\u00f5t, mm 50   Netom\u00f5\u00f5tmed (PxLxK), mm 485\u0445434\u0445432   \u00dcldm\u00f5\u00f5tmed (PxLxK), mm 495\u00d7445\u00d7445   Netokaal, kg 29   Kogukaal, kg 31.0   SKU KS 50HP   EAN 4260405361366\" \/>\n<meta property=\"og:url\" content=\"https:\/\/staging.genekas24.ee\/fi\/tuote\/korgsurve-veepump-ks-50hp\/\" \/>\n<meta property=\"og:site_name\" content=\"Genekas24\" \/>\n<meta property=\"article:modified_time\" content=\"2026-01-11T11:48:11+00:00\" \/>\n<meta property=\"og:image\" content=\"https:\/\/staging.genekas24.ee\/wp-content\/uploads\/2026\/01\/KS_50HP_01_0a20caa9-9d0b-4439-a0c4-4afd9ac5ee93.webp\" \/>\n\t<meta property=\"og:image:width\" content=\"1600\" \/>\n\t<meta property=\"og:image:height\" content=\"1200\" \/>\n\t<meta property=\"og:image:type\" content=\"image\/webp\" \/>\n<meta name=\"twitter:card\" content=\"summary_large_image\" \/>\n<meta name=\"twitter:label1\" content=\"Arvioitu lukuaika\" \/>\n\t<meta name=\"twitter:data1\" content=\"3 minuuttia\" \/>\n<script type=\"application\/ld+json\" class=\"yoast-schema-graph\">{\"@context\":\"https:\/\/schema.org\",\"@graph\":[{\"@type\":\"WebPage\",\"@id\":\"https:\/\/staging.genekas24.ee\/toode\/korgsurve-veepump-ks-50hp\/\",\"url\":\"https:\/\/staging.genekas24.ee\/toode\/korgsurve-veepump-ks-50hp\/\",\"name\":\"K\u00f5rgsurve veepump KS 50HP - Genekas24\",\"isPartOf\":{\"@id\":\"https:\/\/staging.genekas24.ee\/#website\"},\"primaryImageOfPage\":{\"@id\":\"https:\/\/staging.genekas24.ee\/toode\/korgsurve-veepump-ks-50hp\/#primaryimage\"},\"image\":{\"@id\":\"https:\/\/staging.genekas24.ee\/toode\/korgsurve-veepump-ks-50hp\/#primaryimage\"},\"thumbnailUrl\":\"https:\/\/staging.genekas24.ee\/wp-content\/uploads\/2026\/01\/KS_50HP_01_0a20caa9-9d0b-4439-a0c4-4afd9ac5ee93.webp\",\"datePublished\":\"2026-01-11T11:48:10+00:00\",\"dateModified\":\"2026-01-11T11:48:11+00:00\",\"breadcrumb\":{\"@id\":\"https:\/\/staging.genekas24.ee\/toode\/korgsurve-veepump-ks-50hp\/#breadcrumb\"},\"inLanguage\":\"fi\",\"potentialAction\":[{\"@type\":\"ReadAction\",\"target\":[\"https:\/\/staging.genekas24.ee\/toode\/korgsurve-veepump-ks-50hp\/\"]}]},{\"@type\":\"ImageObject\",\"inLanguage\":\"fi\",\"@id\":\"https:\/\/staging.genekas24.ee\/toode\/korgsurve-veepump-ks-50hp\/#primaryimage\",\"url\":\"https:\/\/staging.genekas24.ee\/wp-content\/uploads\/2026\/01\/KS_50HP_01_0a20caa9-9d0b-4439-a0c4-4afd9ac5ee93.webp\",\"contentUrl\":\"https:\/\/staging.genekas24.ee\/wp-content\/uploads\/2026\/01\/KS_50HP_01_0a20caa9-9d0b-4439-a0c4-4afd9ac5ee93.webp\",\"width\":1600,\"height\":1200},{\"@type\":\"BreadcrumbList\",\"@id\":\"https:\/\/staging.genekas24.ee\/toode\/korgsurve-veepump-ks-50hp\/#breadcrumb\",\"itemListElement\":[{\"@type\":\"ListItem\",\"position\":1,\"name\":\"Home\",\"item\":\"https:\/\/staging.genekas24.ee\/\"},{\"@type\":\"ListItem\",\"position\":2,\"name\":\"Pood\",\"item\":\"https:\/\/staging.genekas24.ee\/pood\/\"},{\"@type\":\"ListItem\",\"position\":3,\"name\":\"K\u00f5rgsurve veepump KS 50HP\"}]},{\"@type\":\"WebSite\",\"@id\":\"https:\/\/staging.genekas24.ee\/#website\",\"url\":\"https:\/\/staging.genekas24.ee\/\",\"name\":\"Genekas24\",\"description\":\"Generaatorid | K&ouml;nner S&ouml;hnen tooted | Genekas24\",\"publisher\":{\"@id\":\"https:\/\/staging.genekas24.ee\/#organization\"},\"potentialAction\":[{\"@type\":\"SearchAction\",\"target\":{\"@type\":\"EntryPoint\",\"urlTemplate\":\"https:\/\/staging.genekas24.ee\/?s={search_term_string}\"},\"query-input\":{\"@type\":\"PropertyValueSpecification\",\"valueRequired\":true,\"valueName\":\"search_term_string\"}}],\"inLanguage\":\"fi\"},{\"@type\":\"Organization\",\"@id\":\"https:\/\/staging.genekas24.ee\/#organization\",\"name\":\"Genekas24\",\"url\":\"https:\/\/staging.genekas24.ee\/\",\"logo\":{\"@type\":\"ImageObject\",\"inLanguage\":\"fi\",\"@id\":\"https:\/\/staging.genekas24.ee\/#\/schema\/logo\/image\/\",\"url\":\"https:\/\/staging.genekas24.ee\/wp-content\/uploads\/2026\/01\/genekas24-logo_black.svg\",\"contentUrl\":\"https:\/\/staging.genekas24.ee\/wp-content\/uploads\/2026\/01\/genekas24-logo_black.svg\",\"width\":840,\"height\":131,\"caption\":\"Genekas24\"},\"image\":{\"@id\":\"https:\/\/staging.genekas24.ee\/#\/schema\/logo\/image\/\"}}]}<\/script>\n<!-- \/ Yoast SEO plugin. -->","yoast_head_json":{"title":"K\u00f5rgsurve veepump KS 50HP - Genekas24","robots":{"index":"index","follow":"follow","max-snippet":"max-snippet:-1","max-image-preview":"max-image-preview:large","max-video-preview":"max-video-preview:-1"},"canonical":"https:\/\/staging.genekas24.ee\/fi\/tuote\/korgsurve-veepump-ks-50hp\/","og_locale":"fi_FI","og_type":"article","og_title":"K\u00f5rgsurve veepump KS 50HP - Genekas24","og_description":"Mootori mudel KS 250   Mootori maht, cm\u00b3 212   Mootori v\u00f5imsus, hj 7   K\u00fctusepaagi maht, l 3.6   V\u00e4nda karteri maht, l 0.6   M\u00fcra tase Lpa (7m)\/Lwa, dB 79\/104   Maks. tootlikkus, l\/min 500   Nominaalkiirus, p\/min 3600   Maksimaalne t\u00f5stek\u00f5rgus, m 50   Maksimaalne imemiss\u00fcgavus, m 7   V\u00e4ljalasketoru l\u00e4bim\u00f5\u00f5t, mm 40\/50\/40   Sisselasketoru l\u00e4bim\u00f5\u00f5t, mm 50   Netom\u00f5\u00f5tmed (PxLxK), mm 485\u0445434\u0445432   \u00dcldm\u00f5\u00f5tmed (PxLxK), mm 495\u00d7445\u00d7445   Netokaal, kg 29   Kogukaal, kg 31.0   SKU KS 50HP   EAN 4260405361366","og_url":"https:\/\/staging.genekas24.ee\/fi\/tuote\/korgsurve-veepump-ks-50hp\/","og_site_name":"Genekas24","article_modified_time":"2026-01-11T11:48:11+00:00","og_image":[{"width":1600,"height":1200,"url":"https:\/\/staging.genekas24.ee\/wp-content\/uploads\/2026\/01\/KS_50HP_01_0a20caa9-9d0b-4439-a0c4-4afd9ac5ee93.webp","type":"image\/webp"}],"twitter_card":"summary_large_image","twitter_misc":{"Arvioitu lukuaika":"3 minuuttia"},"schema":{"@context":"https:\/\/schema.org","@graph":[{"@type":"WebPage","@id":"https:\/\/staging.genekas24.ee\/toode\/korgsurve-veepump-ks-50hp\/","url":"https:\/\/staging.genekas24.ee\/toode\/korgsurve-veepump-ks-50hp\/","name":"K\u00f5rgsurve veepump KS 50HP - Genekas24","isPartOf":{"@id":"https:\/\/staging.genekas24.ee\/#website"},"primaryImageOfPage":{"@id":"https:\/\/staging.genekas24.ee\/toode\/korgsurve-veepump-ks-50hp\/#primaryimage"},"image":{"@id":"https:\/\/staging.genekas24.ee\/toode\/korgsurve-veepump-ks-50hp\/#primaryimage"},"thumbnailUrl":"https:\/\/staging.genekas24.ee\/wp-content\/uploads\/2026\/01\/KS_50HP_01_0a20caa9-9d0b-4439-a0c4-4afd9ac5ee93.webp","datePublished":"2026-01-11T11:48:10+00:00","dateModified":"2026-01-11T11:48:11+00:00","breadcrumb":{"@id":"https:\/\/staging.genekas24.ee\/toode\/korgsurve-veepump-ks-50hp\/#breadcrumb"},"inLanguage":"fi","potentialAction":[{"@type":"ReadAction","target":["https:\/\/staging.genekas24.ee\/toode\/korgsurve-veepump-ks-50hp\/"]}]},{"@type":"ImageObject","inLanguage":"fi","@id":"https:\/\/staging.genekas24.ee\/toode\/korgsurve-veepump-ks-50hp\/#primaryimage","url":"https:\/\/staging.genekas24.ee\/wp-content\/uploads\/2026\/01\/KS_50HP_01_0a20caa9-9d0b-4439-a0c4-4afd9ac5ee93.webp","contentUrl":"https:\/\/staging.genekas24.ee\/wp-content\/uploads\/2026\/01\/KS_50HP_01_0a20caa9-9d0b-4439-a0c4-4afd9ac5ee93.webp","width":1600,"height":1200},{"@type":"BreadcrumbList","@id":"https:\/\/staging.genekas24.ee\/toode\/korgsurve-veepump-ks-50hp\/#breadcrumb","itemListElement":[{"@type":"ListItem","position":1,"name":"Home","item":"https:\/\/staging.genekas24.ee\/"},{"@type":"ListItem","position":2,"name":"Pood","item":"https:\/\/staging.genekas24.ee\/pood\/"},{"@type":"ListItem","position":3,"name":"K\u00f5rgsurve veepump KS 50HP"}]},{"@type":"WebSite","@id":"https:\/\/staging.genekas24.ee\/#website","url":"https:\/\/staging.genekas24.ee\/","name":"Genekas24","description":"Generaatorid | K&ouml;nner S&ouml;hnen tooted | Genekas24","publisher":{"@id":"https:\/\/staging.genekas24.ee\/#organization"},"potentialAction":[{"@type":"SearchAction","target":{"@type":"EntryPoint","urlTemplate":"https:\/\/staging.genekas24.ee\/?s={search_term_string}"},"query-input":{"@type":"PropertyValueSpecification","valueRequired":true,"valueName":"search_term_string"}}],"inLanguage":"fi"},{"@type":"Organization","@id":"https:\/\/staging.genekas24.ee\/#organization","name":"Genekas24","url":"https:\/\/staging.genekas24.ee\/","logo":{"@type":"ImageObject","inLanguage":"fi","@id":"https:\/\/staging.genekas24.ee\/#\/schema\/logo\/image\/","url":"https:\/\/staging.genekas24.ee\/wp-content\/uploads\/2026\/01\/genekas24-logo_black.svg","contentUrl":"https:\/\/staging.genekas24.ee\/wp-content\/uploads\/2026\/01\/genekas24-logo_black.svg","width":840,"height":131,"caption":"Genekas24"},"image":{"@id":"https:\/\/staging.genekas24.ee\/#\/schema\/logo\/image\/"}}]}},"_links":{"self":[{"href":"https:\/\/staging.genekas24.ee\/fi\/wp-json\/wp\/v2\/product\/22120","targetHints":{"allow":["GET"]}}],"collection":[{"href":"https:\/\/staging.genekas24.ee\/fi\/wp-json\/wp\/v2\/product"}],"about":[{"href":"https:\/\/staging.genekas24.ee\/fi\/wp-json\/wp\/v2\/types\/product"}],"version-history":[{"count":1,"href":"https:\/\/staging.genekas24.ee\/fi\/wp-json\/wp\/v2\/product\/22120\/revisions"}],"predecessor-version":[{"id":22127,"href":"https:\/\/staging.genekas24.ee\/fi\/wp-json\/wp\/v2\/product\/22120\/revisions\/22127"}],"wp:featuredmedia":[{"embeddable":true,"href":"https:\/\/staging.genekas24.ee\/fi\/wp-json\/wp\/v2\/media\/22121"}],"wp:attachment":[{"href":"https:\/\/staging.genekas24.ee\/fi\/wp-json\/wp\/v2\/media?parent=22120"}],"wp:term":[{"taxonomy":"product_brand","embeddable":true,"href":"https:\/\/staging.genekas24.ee\/fi\/wp-json\/wp\/v2\/product_brand?post=22120"},{"taxonomy":"product_cat","embeddable":true,"href":"https:\/\/staging.genekas24.ee\/fi\/wp-json\/wp\/v2\/product_cat?post=22120"},{"taxonomy":"product_tag","embeddable":true,"href":"https:\/\/staging.genekas24.ee\/fi\/wp-json\/wp\/v2\/product_tag?post=22120"}],"curies":[{"name":"wp","href":"https:\/\/api.w.org\/{rel}","templated":true}]}}