{"id":22082,"date":"2026-01-11T11:03:17","date_gmt":"2026-01-11T11:03:17","guid":{"rendered":"https:\/\/staging.genekas24.ee\/?post_type=product&#038;p=22082"},"modified":"2026-01-11T11:03:18","modified_gmt":"2026-01-11T11:03:18","slug":"bensiiniga-halumasin-ks-27thg-65-55","status":"publish","type":"product","link":"https:\/\/staging.genekas24.ee\/fi\/tuote\/bensiiniga-halumasin-ks-27thg-65-55\/","title":{"rendered":"Bensiiniga halumasin KS 27THG 65\/55"},"content":{"rendered":"<table style=\"border-collapse: collapse; width: 100%;\">\n<tbody>\n<tr>\n<td style=\"width: 15.315%;\"><img decoding=\"async\" src=\"https:\/\/konner-sohnen.ee\/cdn\/shop\/files\/ks-27thg-65-55_engine.png?v=1723486277&amp;width=500\" alt=\"Usaldusv\u00e4\u00e4rne suure j\u00f5udlusega patenteeritud mootor\" \/><\/td>\n<td style=\"width: 84.685%;\">\n<h3>Usaldusv\u00e4\u00e4rne suure j\u00f5udlusega patenteeritud mootor<\/h3>\n<div class=\"text-sm\">K\u00f5rge j\u00f5udlusega ja usaldusv\u00e4\u00e4rsed K&amp;S bensiinimootorid vastavad k\u00f5igile Euroopa kvaliteedistandarditele, sealhulgas uusimale EURO V heitmestandardile. Igal mootoril on oma individuaalne seerianumber, mis v\u00f5imaldab kontrollida tootmise ja teeninduse kvaliteeti.<\/div>\n<\/td>\n<\/tr>\n<tr>\n<td style=\"width: 15.315%;\"><img decoding=\"async\" src=\"https:\/\/konner-sohnen.ee\/cdn\/shop\/files\/ks-27thg-65-55_ax.png?v=1723486279&amp;width=500\" alt=\"Karastatud terasest l\u00f5hkumiskiil\" \/><\/td>\n<td style=\"width: 84.685%;\">\n<h3>Karastatud terasest l\u00f5hkumiskiil<\/h3>\n<div class=\"text-sm\">L\u00f5hestuskiil on valmistatud karastatud terasest, mis on keevitatud raami k\u00fclge, taludes suuri koormusi ja olles v\u00f5imeline l\u00f5hestama igasuguseid palke, nii kuivi kui ka m\u00e4rgi. Palkide l\u00f5hestajat saab varustada valikulise 4-suunalise l\u00f5hestuskiiluga (KS 27T-BL), mis kahekordistab selle tootlikkust.<\/div>\n<\/td>\n<\/tr>\n<tr>\n<td style=\"width: 15.315%;\"><img decoding=\"async\" src=\"https:\/\/konner-sohnen.ee\/cdn\/shop\/files\/ks-27thg-65-55_safety.png?v=1723486277&amp;width=500\" alt=\"Maksimaalne ohutus\" \/><\/td>\n<td style=\"width: 84.685%;\">\n<h3>Maksimaalne ohutus<\/h3>\n<div class=\"text-sm\">Kahe kangiga juhtimiss\u00fcsteem tagab suurema operaatori ohutuse. Iga puul\u00f5hkuja komplektis on pol\u00fckarbonaatprillid, turvakindad ja k\u00f5rvaklapid.<\/div>\n<\/td>\n<\/tr>\n<tr>\n<td style=\"width: 15.315%;\"><img decoding=\"async\" src=\"https:\/\/konner-sohnen.ee\/cdn\/shop\/files\/ks-27thg-65-55_work-position.png?v=1723486277&amp;width=500\" alt=\"Reguleeritav t\u00f6\u00f6asend\" \/><\/td>\n<td style=\"width: 84.685%;\">\n<h3>Reguleeritav t\u00f6\u00f6asend<\/h3>\n<div class=\"text-sm\">Mudel \u00fchendab horisontaalsete ja vertikaalsete automatiseeritud protsesside v\u00f5imekuse, mis sobib eriti h\u00e4sti suurte palkide l\u00f5hkumiseks. Raskeid palke ei ole vaja k\u00f5rgele t\u00f5sta.<\/div>\n<\/td>\n<\/tr>\n<tr>\n<td style=\"width: 15.315%;\"><img decoding=\"async\" src=\"https:\/\/konner-sohnen.ee\/cdn\/shop\/files\/ks-27thg-65-55_hydraulic.png?v=1723486281&amp;width=500\" alt=\"H\u00fcdraulilised puul\u00f5hkujad\" \/><\/td>\n<td style=\"width: 84.685%;\">\n<h3>H\u00fcdraulilised puul\u00f5hkujad<\/h3>\n<div class=\"text-sm\">H\u00fcdrauliliste puul\u00f5hkujate sujuv t\u00f6\u00f6 v\u00f5imaldab palkide ohutut l\u00f5hkumist, nii et teil on piisavalt aega j\u00e4rgmise palgi lisamiseks.<\/div>\n<\/td>\n<\/tr>\n<tr>\n<td style=\"width: 15.315%;\"><img decoding=\"async\" src=\"https:\/\/konner-sohnen.ee\/cdn\/shop\/files\/ks-27thg-65-55_equipment.png?v=1723486281&amp;width=500\" alt=\"Lis\u00e4tarvikkeet\" \/><\/td>\n<td style=\"width: 84.685%;\"><span style=\"font-size: 14pt;\"><strong>Lis\u00e4tarvikkeet<\/strong><\/span><br \/>\nMasinat saab varustada valikulise kaitsemetallist grilliga (KS 27T-PC), mis pakub lisakaitset operaatorile puidulaastude eest l\u00f5hkumisprotsessi ajal.<\/td>\n<\/tr>\n<tr>\n<td style=\"width: 15.315%;\"><img decoding=\"async\" src=\"https:\/\/konner-sohnen.ee\/cdn\/shop\/files\/ks-27thg-65-55_wheels.png?v=1723486281&amp;width=500\" alt=\"Lihtne transportimine\" \/><\/td>\n<td style=\"width: 84.685%;\">\n<h3>Lihtne transportimine<\/h3>\n<div class=\"text-sm\">Halumasin on varustatud ratastega, et seda oleks lihtne liigutada isegi ebatasastel pindadel, n\u00e4iteks kruusal v\u00f5i mullal.<\/div>\n<\/td>\n<\/tr>\n<\/tbody>\n<\/table>","protected":false},"excerpt":{"rendered":"<div id=\"datasheet\" class=\"section product-datasheet\">\n<div class=\"section-wrapper\">\n<div class=\"datasheet-wrapper\">\n<div class=\"right\">\n<table>\n<tbody>\n<tr>\n<td>L\u00f5hkumisj\u00f5ud, tonn<\/td>\n<td>27<\/td>\n<\/tr>\n<tr>\n<td>Moottorityyppi<\/td>\n<td>Bensiin<\/td>\n<\/tr>\n<tr>\n<td>Moottorin malli<\/td>\n<td>KS 230<\/td>\n<\/tr>\n<tr>\n<td>Maksimaalne l\u00f5hestuspikkus, mm<\/td>\n<td>650<\/td>\n<\/tr>\n<tr>\n<td>Maksimaalne l\u00f5hestusdiameeter, mm<\/td>\n<td>550<\/td>\n<\/tr>\n<tr>\n<td>Ts\u00fckliaeg, sek<\/td>\n<td>~ 15<\/td>\n<\/tr>\n<tr>\n<td>T\u00f6\u00f6asend<\/td>\n<td>Horisontaalne\/vertikaalne<\/td>\n<\/tr>\n<tr>\n<td>Polttoaines\u00e4ili\u00f6n tilavuus, L<\/td>\n<td>3.6<\/td>\n<\/tr>\n<tr>\n<td>V\u00e4nda karteri maht, l<\/td>\n<td>0.6<\/td>\n<\/tr>\n<tr>\n<td>H\u00fcdraulika\u00f5li maht, l<\/td>\n<td>20<\/td>\n<\/tr>\n<tr>\n<td>Transpordirattad<\/td>\n<td>16\u2019\u2019*4.8-8 4, tugiratas piduriga<\/td>\n<\/tr>\n<tr>\n<td>\u00dcldm\u00f5\u00f5tmed (PxLxK), mm<\/td>\n<td>2250x505x570<\/td>\n<\/tr>\n<tr>\n<td>Nettopaino, kg<\/td>\n<td>260<\/td>\n<\/tr>\n<tr>\n<td>Suojausluokka<\/td>\n<td>IP54M<\/td>\n<\/tr>\n<tr>\n<td>Kogukaal, kg<\/td>\n<td>295.0<\/td>\n<\/tr>\n<tr>\n<td>SKU<\/td>\n<td>KS 27THG 65\/55<\/td>\n<\/tr>\n<tr>\n<td>EAN<\/td>\n<td>4260405364169<\/td>\n<\/tr>\n<\/tbody>\n<\/table>\n<\/div>\n<\/div>\n<\/div>\n<\/div>\n<div id=\"instructions\" class=\"section product-instructions\">\n<div class=\"section-wrapper\">\n<div class=\"titles\">\n<div class=\"title-wrapper\">\n<h2 class=\"title h2\"><\/h2>\n<\/div>\n<\/div>\n<\/div>\n<\/div>","protected":false},"featured_media":22083,"template":"","meta":{"_acf_changed":false,"inline_featured_image":false},"product_brand":[],"product_cat":[159,176],"product_tag":[],"class_list":{"0":"post-22082","1":"product","2":"type-product","3":"status-publish","4":"has-post-thumbnail","6":"product_cat-aiatooriistad","7":"product_cat-halumasinad","8":"product_shipping_class-euroalus","9":"brand-konner-sohnen","11":"first","12":"instock","13":"taxable","14":"shipping-taxable","15":"purchasable","16":"product-type-simple"},"acf":[],"yoast_head":"<!-- This site is optimized with the Yoast SEO plugin v26.2 - https:\/\/yoast.com\/wordpress\/plugins\/seo\/ -->\n<title>Bensiiniga halumasin KS 27THG 65\/55 - Genekas24<\/title>\n<meta name=\"robots\" content=\"index, follow, max-snippet:-1, max-image-preview:large, max-video-preview:-1\" \/>\n<link rel=\"canonical\" href=\"https:\/\/staging.genekas24.ee\/fi\/tuote\/bensiiniga-halumasin-ks-27thg-65-55\/\" \/>\n<meta property=\"og:locale\" content=\"fi_FI\" \/>\n<meta property=\"og:type\" content=\"article\" \/>\n<meta property=\"og:title\" content=\"Bensiiniga halumasin KS 27THG 65\/55 - Genekas24\" \/>\n<meta property=\"og:description\" content=\"L\u00f5hkumisj\u00f5ud, tonn 27   Mootori t\u00fc\u00fcp Bensiin   Mootori mudel KS 230   Maksimaalne l\u00f5hestuspikkus, mm 650   Maksimaalne l\u00f5hestusdiameeter, mm 550   Ts\u00fckliaeg, sek ~ 15   T\u00f6\u00f6asend Horisontaalne\/vertikaalne   K\u00fctusepaagi maht, l 3.6   V\u00e4nda karteri maht, l 0.6   H\u00fcdraulika\u00f5li maht, l 20   Transpordirattad 16\u2019\u2019*4.8-8 4, tugiratas piduriga   \u00dcldm\u00f5\u00f5tmed (PxLxK), mm 2250x505x570   Netokaal, kg 260   Kaitseklass IP54M   Kogukaal, kg 295.0   SKU KS 27THG 65\/55   EAN 4260405364169\" \/>\n<meta property=\"og:url\" content=\"https:\/\/staging.genekas24.ee\/fi\/tuote\/bensiiniga-halumasin-ks-27thg-65-55\/\" \/>\n<meta property=\"og:site_name\" content=\"Genekas24\" \/>\n<meta property=\"article:modified_time\" content=\"2026-01-11T11:03:18+00:00\" \/>\n<meta property=\"og:image\" content=\"https:\/\/staging.genekas24.ee\/wp-content\/uploads\/2026\/01\/KS-27THG-65-55_01_b134aaf6-e5e2-43de-9667-2931b56a141f.webp\" \/>\n\t<meta property=\"og:image:width\" content=\"1600\" \/>\n\t<meta property=\"og:image:height\" content=\"1200\" \/>\n\t<meta property=\"og:image:type\" content=\"image\/webp\" \/>\n<meta name=\"twitter:card\" content=\"summary_large_image\" \/>\n<meta name=\"twitter:label1\" content=\"Arvioitu lukuaika\" \/>\n\t<meta name=\"twitter:data1\" content=\"3 minuuttia\" \/>\n<script type=\"application\/ld+json\" class=\"yoast-schema-graph\">{\"@context\":\"https:\/\/schema.org\",\"@graph\":[{\"@type\":\"WebPage\",\"@id\":\"https:\/\/staging.genekas24.ee\/toode\/bensiiniga-halumasin-ks-27thg-65-55\/\",\"url\":\"https:\/\/staging.genekas24.ee\/toode\/bensiiniga-halumasin-ks-27thg-65-55\/\",\"name\":\"Bensiiniga halumasin KS 27THG 65\/55 - Genekas24\",\"isPartOf\":{\"@id\":\"https:\/\/staging.genekas24.ee\/#website\"},\"primaryImageOfPage\":{\"@id\":\"https:\/\/staging.genekas24.ee\/toode\/bensiiniga-halumasin-ks-27thg-65-55\/#primaryimage\"},\"image\":{\"@id\":\"https:\/\/staging.genekas24.ee\/toode\/bensiiniga-halumasin-ks-27thg-65-55\/#primaryimage\"},\"thumbnailUrl\":\"https:\/\/staging.genekas24.ee\/wp-content\/uploads\/2026\/01\/KS-27THG-65-55_01_b134aaf6-e5e2-43de-9667-2931b56a141f.webp\",\"datePublished\":\"2026-01-11T11:03:17+00:00\",\"dateModified\":\"2026-01-11T11:03:18+00:00\",\"breadcrumb\":{\"@id\":\"https:\/\/staging.genekas24.ee\/toode\/bensiiniga-halumasin-ks-27thg-65-55\/#breadcrumb\"},\"inLanguage\":\"fi\",\"potentialAction\":[{\"@type\":\"ReadAction\",\"target\":[\"https:\/\/staging.genekas24.ee\/toode\/bensiiniga-halumasin-ks-27thg-65-55\/\"]}]},{\"@type\":\"ImageObject\",\"inLanguage\":\"fi\",\"@id\":\"https:\/\/staging.genekas24.ee\/toode\/bensiiniga-halumasin-ks-27thg-65-55\/#primaryimage\",\"url\":\"https:\/\/staging.genekas24.ee\/wp-content\/uploads\/2026\/01\/KS-27THG-65-55_01_b134aaf6-e5e2-43de-9667-2931b56a141f.webp\",\"contentUrl\":\"https:\/\/staging.genekas24.ee\/wp-content\/uploads\/2026\/01\/KS-27THG-65-55_01_b134aaf6-e5e2-43de-9667-2931b56a141f.webp\",\"width\":1600,\"height\":1200},{\"@type\":\"BreadcrumbList\",\"@id\":\"https:\/\/staging.genekas24.ee\/toode\/bensiiniga-halumasin-ks-27thg-65-55\/#breadcrumb\",\"itemListElement\":[{\"@type\":\"ListItem\",\"position\":1,\"name\":\"Home\",\"item\":\"https:\/\/staging.genekas24.ee\/\"},{\"@type\":\"ListItem\",\"position\":2,\"name\":\"Pood\",\"item\":\"https:\/\/staging.genekas24.ee\/pood\/\"},{\"@type\":\"ListItem\",\"position\":3,\"name\":\"Bensiiniga halumasin KS 27THG 65\/55\"}]},{\"@type\":\"WebSite\",\"@id\":\"https:\/\/staging.genekas24.ee\/#website\",\"url\":\"https:\/\/staging.genekas24.ee\/\",\"name\":\"Genekas24\",\"description\":\"Generaatorid | K&ouml;nner S&ouml;hnen tooted | Genekas24\",\"publisher\":{\"@id\":\"https:\/\/staging.genekas24.ee\/#organization\"},\"potentialAction\":[{\"@type\":\"SearchAction\",\"target\":{\"@type\":\"EntryPoint\",\"urlTemplate\":\"https:\/\/staging.genekas24.ee\/?s={search_term_string}\"},\"query-input\":{\"@type\":\"PropertyValueSpecification\",\"valueRequired\":true,\"valueName\":\"search_term_string\"}}],\"inLanguage\":\"fi\"},{\"@type\":\"Organization\",\"@id\":\"https:\/\/staging.genekas24.ee\/#organization\",\"name\":\"Genekas24\",\"url\":\"https:\/\/staging.genekas24.ee\/\",\"logo\":{\"@type\":\"ImageObject\",\"inLanguage\":\"fi\",\"@id\":\"https:\/\/staging.genekas24.ee\/#\/schema\/logo\/image\/\",\"url\":\"https:\/\/staging.genekas24.ee\/wp-content\/uploads\/2026\/01\/genekas24-logo_black.svg\",\"contentUrl\":\"https:\/\/staging.genekas24.ee\/wp-content\/uploads\/2026\/01\/genekas24-logo_black.svg\",\"width\":840,\"height\":131,\"caption\":\"Genekas24\"},\"image\":{\"@id\":\"https:\/\/staging.genekas24.ee\/#\/schema\/logo\/image\/\"}}]}<\/script>\n<!-- \/ Yoast SEO plugin. -->","yoast_head_json":{"title":"Bensiiniga halumasin KS 27THG 65\/55 - Genekas24","robots":{"index":"index","follow":"follow","max-snippet":"max-snippet:-1","max-image-preview":"max-image-preview:large","max-video-preview":"max-video-preview:-1"},"canonical":"https:\/\/staging.genekas24.ee\/fi\/tuote\/bensiiniga-halumasin-ks-27thg-65-55\/","og_locale":"fi_FI","og_type":"article","og_title":"Bensiiniga halumasin KS 27THG 65\/55 - Genekas24","og_description":"L\u00f5hkumisj\u00f5ud, tonn 27   Mootori t\u00fc\u00fcp Bensiin   Mootori mudel KS 230   Maksimaalne l\u00f5hestuspikkus, mm 650   Maksimaalne l\u00f5hestusdiameeter, mm 550   Ts\u00fckliaeg, sek ~ 15   T\u00f6\u00f6asend Horisontaalne\/vertikaalne   K\u00fctusepaagi maht, l 3.6   V\u00e4nda karteri maht, l 0.6   H\u00fcdraulika\u00f5li maht, l 20   Transpordirattad 16\u2019\u2019*4.8-8 4, tugiratas piduriga   \u00dcldm\u00f5\u00f5tmed (PxLxK), mm 2250x505x570   Netokaal, kg 260   Kaitseklass IP54M   Kogukaal, kg 295.0   SKU KS 27THG 65\/55   EAN 4260405364169","og_url":"https:\/\/staging.genekas24.ee\/fi\/tuote\/bensiiniga-halumasin-ks-27thg-65-55\/","og_site_name":"Genekas24","article_modified_time":"2026-01-11T11:03:18+00:00","og_image":[{"width":1600,"height":1200,"url":"https:\/\/staging.genekas24.ee\/wp-content\/uploads\/2026\/01\/KS-27THG-65-55_01_b134aaf6-e5e2-43de-9667-2931b56a141f.webp","type":"image\/webp"}],"twitter_card":"summary_large_image","twitter_misc":{"Arvioitu lukuaika":"3 minuuttia"},"schema":{"@context":"https:\/\/schema.org","@graph":[{"@type":"WebPage","@id":"https:\/\/staging.genekas24.ee\/toode\/bensiiniga-halumasin-ks-27thg-65-55\/","url":"https:\/\/staging.genekas24.ee\/toode\/bensiiniga-halumasin-ks-27thg-65-55\/","name":"Bensiiniga halumasin KS 27THG 65\/55 - Genekas24","isPartOf":{"@id":"https:\/\/staging.genekas24.ee\/#website"},"primaryImageOfPage":{"@id":"https:\/\/staging.genekas24.ee\/toode\/bensiiniga-halumasin-ks-27thg-65-55\/#primaryimage"},"image":{"@id":"https:\/\/staging.genekas24.ee\/toode\/bensiiniga-halumasin-ks-27thg-65-55\/#primaryimage"},"thumbnailUrl":"https:\/\/staging.genekas24.ee\/wp-content\/uploads\/2026\/01\/KS-27THG-65-55_01_b134aaf6-e5e2-43de-9667-2931b56a141f.webp","datePublished":"2026-01-11T11:03:17+00:00","dateModified":"2026-01-11T11:03:18+00:00","breadcrumb":{"@id":"https:\/\/staging.genekas24.ee\/toode\/bensiiniga-halumasin-ks-27thg-65-55\/#breadcrumb"},"inLanguage":"fi","potentialAction":[{"@type":"ReadAction","target":["https:\/\/staging.genekas24.ee\/toode\/bensiiniga-halumasin-ks-27thg-65-55\/"]}]},{"@type":"ImageObject","inLanguage":"fi","@id":"https:\/\/staging.genekas24.ee\/toode\/bensiiniga-halumasin-ks-27thg-65-55\/#primaryimage","url":"https:\/\/staging.genekas24.ee\/wp-content\/uploads\/2026\/01\/KS-27THG-65-55_01_b134aaf6-e5e2-43de-9667-2931b56a141f.webp","contentUrl":"https:\/\/staging.genekas24.ee\/wp-content\/uploads\/2026\/01\/KS-27THG-65-55_01_b134aaf6-e5e2-43de-9667-2931b56a141f.webp","width":1600,"height":1200},{"@type":"BreadcrumbList","@id":"https:\/\/staging.genekas24.ee\/toode\/bensiiniga-halumasin-ks-27thg-65-55\/#breadcrumb","itemListElement":[{"@type":"ListItem","position":1,"name":"Home","item":"https:\/\/staging.genekas24.ee\/"},{"@type":"ListItem","position":2,"name":"Pood","item":"https:\/\/staging.genekas24.ee\/pood\/"},{"@type":"ListItem","position":3,"name":"Bensiiniga halumasin KS 27THG 65\/55"}]},{"@type":"WebSite","@id":"https:\/\/staging.genekas24.ee\/#website","url":"https:\/\/staging.genekas24.ee\/","name":"Genekas24","description":"Generaatorid | K&ouml;nner S&ouml;hnen tooted | Genekas24","publisher":{"@id":"https:\/\/staging.genekas24.ee\/#organization"},"potentialAction":[{"@type":"SearchAction","target":{"@type":"EntryPoint","urlTemplate":"https:\/\/staging.genekas24.ee\/?s={search_term_string}"},"query-input":{"@type":"PropertyValueSpecification","valueRequired":true,"valueName":"search_term_string"}}],"inLanguage":"fi"},{"@type":"Organization","@id":"https:\/\/staging.genekas24.ee\/#organization","name":"Genekas24","url":"https:\/\/staging.genekas24.ee\/","logo":{"@type":"ImageObject","inLanguage":"fi","@id":"https:\/\/staging.genekas24.ee\/#\/schema\/logo\/image\/","url":"https:\/\/staging.genekas24.ee\/wp-content\/uploads\/2026\/01\/genekas24-logo_black.svg","contentUrl":"https:\/\/staging.genekas24.ee\/wp-content\/uploads\/2026\/01\/genekas24-logo_black.svg","width":840,"height":131,"caption":"Genekas24"},"image":{"@id":"https:\/\/staging.genekas24.ee\/#\/schema\/logo\/image\/"}}]}},"_links":{"self":[{"href":"https:\/\/staging.genekas24.ee\/fi\/wp-json\/wp\/v2\/product\/22082","targetHints":{"allow":["GET"]}}],"collection":[{"href":"https:\/\/staging.genekas24.ee\/fi\/wp-json\/wp\/v2\/product"}],"about":[{"href":"https:\/\/staging.genekas24.ee\/fi\/wp-json\/wp\/v2\/types\/product"}],"version-history":[{"count":1,"href":"https:\/\/staging.genekas24.ee\/fi\/wp-json\/wp\/v2\/product\/22082\/revisions"}],"predecessor-version":[{"id":22092,"href":"https:\/\/staging.genekas24.ee\/fi\/wp-json\/wp\/v2\/product\/22082\/revisions\/22092"}],"wp:featuredmedia":[{"embeddable":true,"href":"https:\/\/staging.genekas24.ee\/fi\/wp-json\/wp\/v2\/media\/22083"}],"wp:attachment":[{"href":"https:\/\/staging.genekas24.ee\/fi\/wp-json\/wp\/v2\/media?parent=22082"}],"wp:term":[{"taxonomy":"product_brand","embeddable":true,"href":"https:\/\/staging.genekas24.ee\/fi\/wp-json\/wp\/v2\/product_brand?post=22082"},{"taxonomy":"product_cat","embeddable":true,"href":"https:\/\/staging.genekas24.ee\/fi\/wp-json\/wp\/v2\/product_cat?post=22082"},{"taxonomy":"product_tag","embeddable":true,"href":"https:\/\/staging.genekas24.ee\/fi\/wp-json\/wp\/v2\/product_tag?post=22082"}],"curies":[{"name":"wp","href":"https:\/\/api.w.org\/{rel}","templated":true}]}}