{"id":22010,"date":"2026-01-08T12:04:59","date_gmt":"2026-01-08T12:04:59","guid":{"rendered":"https:\/\/staging.genekas24.ee\/?post_type=product&#038;p=22010"},"modified":"2026-01-08T12:04:59","modified_gmt":"2026-01-08T12:04:59","slug":"korgsurvepesur-ks-pw160v-bl","status":"publish","type":"product","link":"https:\/\/staging.genekas24.ee\/fi\/tuote\/korgsurvepesur-ks-pw160v-bl\/","title":{"rendered":"K\u00f5rgsurvepesur KS PW160V-BL"},"content":{"rendered":"<div class=\"top-row\">\n<h2 class=\"h4\">Eelised<\/h2>\n<\/div>\n<div class=\"content benefits\">\n<div class=\"metafield-rich_text_field\">\n<ul>\n<li>Harjadeta induktsioonmootor \u2013 tagab k\u00f5rge j\u00f5udluse, pikaealisuse ja minimaalse kulumise.<\/li>\n<li>Total Stop System \u2013 l\u00fclitub automaatselt v\u00e4lja, kui p\u00e4\u00e4stik vabastatakse, s\u00e4\u00e4stes energiat ja pikendades eluiga.<\/li>\n<li>Vastupidav 8-meetrine tugevdatud voolik \u2013 talub k\u00f5rget r\u00f5hku ja mehaanilist pinget pikaajaliseks kasutamiseks.<\/li>\n<li>Voolikurull juhtraamiga \u2013 lihtsustab hoiustamist ja hoiab \u00e4ra keerdumise, pikendades vooliku eluiga.<\/li>\n<li>Metallist pihustustoru \u2013 talub rasket kasutust ja pakub \u00fchtlast j\u00f5udlust, \u00fcletades plastist alternatiive.<\/li>\n<\/ul>\n<p>&nbsp;<\/p>\n<\/div>\n<table style=\"border-collapse: collapse; width: 100%;\">\n<tbody>\n<tr>\n<td style=\"width: 13.2875%;\"><img decoding=\"async\" src=\"https:\/\/konner-sohnen.ee\/cdn\/shop\/files\/1.Brushless_induction_motor.jpg?v=1751292650&amp;width=500\" alt=\"Harjadeta induktsioonmootor\" \/><\/td>\n<td style=\"width: 86.7125%;\">\n<h3>Harjadeta induktsioonmootor<\/h3>\n<div class=\"text-sm\">K\u00f5rge j\u00f5udlus, vastupidavus ja energiat\u00f5husus minimaalse hooldusega.<\/div>\n<\/td>\n<\/tr>\n<tr>\n<td style=\"width: 13.2875%;\"><img decoding=\"async\" src=\"https:\/\/konner-sohnen.ee\/cdn\/shop\/files\/2.Total_Stop_System.jpg?v=1751292646&amp;width=500\" alt=\"Kogut\u00f5kkes\u00fcsteem\" \/><\/td>\n<td style=\"width: 86.7125%;\">\n<h3>T\u00f5kkes\u00fcsteem<\/h3>\n<div class=\"text-sm\">Parandab ohutust ja energias\u00e4\u00e4stu, l\u00fclitudes v\u00e4lja, kui seda ei kasutata.<\/div>\n<\/td>\n<\/tr>\n<tr>\n<td style=\"width: 13.2875%;\"><img decoding=\"async\" src=\"https:\/\/konner-sohnen.ee\/cdn\/shop\/files\/3.Telescopic_handle.jpg?v=1751292642&amp;width=500\" alt=\"Teleskoopk\u00e4epide\" \/><\/td>\n<td style=\"width: 86.7125%;\">\n<h3>Teleskoopk\u00e4epide<\/h3>\n<div class=\"text-sm\">Reguleeritav k\u00f5rgus mugavuse tagamiseks, lihtne transport ja kompaktne hoiustamine.<\/div>\n<\/td>\n<\/tr>\n<tr>\n<td style=\"width: 13.2875%;\"><img decoding=\"async\" src=\"https:\/\/konner-sohnen.ee\/cdn\/shop\/files\/4.Quick-connect_fitting.jpg?v=1751292648&amp;width=500\" alt=\"Kiirvabastusliitmik\" \/><\/td>\n<td style=\"width: 86.7125%;\">\n<h3>Kiirvabastusliitmik<\/h3>\n<div class=\"text-sm\">V\u00f5imaldab voolikute vaevatu \u00fchendamise ja lahti\u00fchendamise ilma lekete v\u00f5i keerdumiseta \u2014 kiire, turvaline ja kasutajas\u00f5bralik.<\/div>\n<\/td>\n<\/tr>\n<tr>\n<td style=\"width: 13.2875%;\"><img decoding=\"async\" src=\"https:\/\/konner-sohnen.ee\/cdn\/shop\/files\/5.Metal_spray_lance.jpg?v=1751292645&amp;width=500\" alt=\"Metallist pihustustoru\" \/><\/td>\n<td style=\"width: 86.7125%;\">\n<h3>Metallist pihustustoru<\/h3>\n<div class=\"text-sm\">Vastupidav ja korrosiooni ning f\u00fc\u00fcsiliste kahjustuste suhtes vastupidav. Tagab stabiilse ja \u00fchtlase veevoolu t\u00f5husaks pindade puhastamiseks.<\/div>\n<\/td>\n<\/tr>\n<tr>\n<td style=\"width: 13.2875%;\"><img decoding=\"async\" src=\"https:\/\/konner-sohnen.ee\/cdn\/shop\/files\/6.Hose_reel_with_guide_frame.jpg?v=1751292643&amp;width=500\" alt=\"Voolikurull koos juhtraamiga\" \/><\/td>\n<td style=\"width: 86.7125%;\">\n<h3>Voolikurull koos juhtraamiga<\/h3>\n<div class=\"text-sm\">Mugavalt hoiab ja kerib k\u00f5rgsurvevooliku, v\u00e4ltides keerdumist ja sassi minemist, ning hoiab k\u00f5ik korras.<\/div>\n<\/td>\n<\/tr>\n<tr>\n<td style=\"width: 13.2875%;\"><img decoding=\"async\" src=\"https:\/\/konner-sohnen.ee\/cdn\/shop\/files\/7.8-meter_reinforced_hose.jpg?v=1751292638&amp;width=500\" alt=\"8-meetrine tugevdatud k\u00f5rgsurvevoolik\" \/><\/td>\n<td style=\"width: 86.7125%;\">\n<h3>8-meetrine tugevdatud k\u00f5rgsurvevoolik<\/h3>\n<div class=\"text-sm\">V\u00e4ga kulumiskindel ja v\u00f5imeline taluma suuri koormusi \u2014 ideaalne suurte alade t\u00f6\u00f6tlemiseks ilma seadet liigutamata.<\/div>\n<\/td>\n<\/tr>\n<tr>\n<td style=\"width: 13.2875%;\"><img decoding=\"async\" src=\"https:\/\/konner-sohnen.ee\/cdn\/shop\/files\/8.Rotary_nozzle_included.jpg?v=1751292640&amp;width=500\" alt=\"Komplektis p\u00f6\u00f6rlev otsik\" \/><\/td>\n<td style=\"width: 86.7125%;\">\n<h3>Komplektis p\u00f6\u00f6rlev otsik<\/h3>\n<div class=\"text-sm\">Loob v\u00f5imsa p\u00f6\u00f6rleva veevoolu, mis eemaldab kergesti kangekaelse mustuse ja saaste \u2014 ideaalne n\u00f5udlike puhastust\u00f6\u00f6de jaoks.<\/div>\n<\/td>\n<\/tr>\n<\/tbody>\n<\/table>\n<\/div>","protected":false},"excerpt":{"rendered":"<table>\n<tbody>\n<tr>\n<td>Nimellisj\u00e4nnite, V<\/td>\n<td>230<\/td>\n<\/tr>\n<tr>\n<td>Taajuus, Hz<\/td>\n<td>50<\/td>\n<\/tr>\n<tr>\n<td>Mootori v\u00f5imsus, W<\/td>\n<td>2000<\/td>\n<\/tr>\n<tr>\n<td>Moottorityyppi<\/td>\n<td>harjadeta mootor<\/td>\n<\/tr>\n<tr>\n<td>Maksimaalne r\u00f5hk, Bar<\/td>\n<td>160<\/td>\n<\/tr>\n<tr>\n<td>Nimipaine, Bar<\/td>\n<td>110<\/td>\n<\/tr>\n<tr>\n<td>Vooliku pikkus, m<\/td>\n<td>8<\/td>\n<\/tr>\n<tr>\n<td>Kaapelin pituus, m<\/td>\n<td>5<\/td>\n<\/tr>\n<tr>\n<td>Suojausluokka<\/td>\n<td>IPX5<\/td>\n<\/tr>\n<tr>\n<td>\u00dcldm\u00f5\u00f5tmed (PxLxK), mm<\/td>\n<td>380\u00d7380\u00d7710<\/td>\n<\/tr>\n<tr>\n<td>Nettopaino, kg<\/td>\n<td>16<\/td>\n<\/tr>\n<tr>\n<td>Kogukaal, kg<\/td>\n<td>18.5<\/td>\n<\/tr>\n<tr>\n<td>SKU<\/td>\n<td>KS PW160V-BL<\/td>\n<\/tr>\n<tr>\n<td>EAN<\/td>\n<td>4260405368679<\/td>\n<\/tr>\n<\/tbody>\n<\/table>","protected":false},"featured_media":22011,"template":"","meta":{"_acf_changed":false,"inline_featured_image":false},"product_brand":[],"product_cat":[159,205],"product_tag":[],"class_list":{"0":"post-22010","1":"product","2":"type-product","3":"status-publish","4":"has-post-thumbnail","6":"product_cat-aiatooriistad","7":"product_cat-korgsurvepesurid","8":"product_shipping_class-vaikepakk","9":"brand-konner-sohnen","11":"first","12":"instock","13":"taxable","14":"shipping-taxable","15":"purchasable","16":"product-type-simple"},"acf":[],"yoast_head":"<!-- This site is optimized with the Yoast SEO plugin v26.2 - https:\/\/yoast.com\/wordpress\/plugins\/seo\/ -->\n<title>K\u00f5rgsurvepesur KS PW160V-BL - Genekas24<\/title>\n<meta name=\"robots\" content=\"index, follow, max-snippet:-1, max-image-preview:large, max-video-preview:-1\" \/>\n<link rel=\"canonical\" href=\"https:\/\/staging.genekas24.ee\/fi\/tuote\/korgsurvepesur-ks-pw160v-bl\/\" \/>\n<meta property=\"og:locale\" content=\"fi_FI\" \/>\n<meta property=\"og:type\" content=\"article\" \/>\n<meta property=\"og:title\" content=\"K\u00f5rgsurvepesur KS PW160V-BL - Genekas24\" \/>\n<meta property=\"og:description\" content=\"Nimipinge, V 230   Sagedus, Hz 50   Mootori v\u00f5imsus, W 2000   Mootori t\u00fc\u00fcp harjadeta mootor   Maksimaalne r\u00f5hk, Bar 160   Nimipaine, Bar 110   Vooliku pikkus, m 8   Kaabli pikkus, m 5   Kaitseklass IPX5   \u00dcldm\u00f5\u00f5tmed (PxLxK), mm 380\u00d7380\u00d7710   Netokaal, kg 16   Kogukaal, kg 18.5   SKU KS PW160V-BL   EAN 4260405368679\" \/>\n<meta property=\"og:url\" content=\"https:\/\/staging.genekas24.ee\/fi\/tuote\/korgsurvepesur-ks-pw160v-bl\/\" \/>\n<meta property=\"og:site_name\" content=\"Genekas24\" \/>\n<meta property=\"og:image\" content=\"https:\/\/staging.genekas24.ee\/wp-content\/uploads\/2026\/01\/KSPW160V-BL_2500_2500_1_8465432b-b955-44ae-93ae-9d3876515411.webp\" \/>\n\t<meta property=\"og:image:width\" content=\"1600\" \/>\n\t<meta property=\"og:image:height\" content=\"1600\" \/>\n\t<meta property=\"og:image:type\" content=\"image\/webp\" \/>\n<meta name=\"twitter:card\" content=\"summary_large_image\" \/>\n<meta name=\"twitter:label1\" content=\"Arvioitu lukuaika\" \/>\n\t<meta name=\"twitter:data1\" content=\"3 minuuttia\" \/>\n<script type=\"application\/ld+json\" class=\"yoast-schema-graph\">{\"@context\":\"https:\/\/schema.org\",\"@graph\":[{\"@type\":\"WebPage\",\"@id\":\"https:\/\/staging.genekas24.ee\/toode\/korgsurvepesur-ks-pw160v-bl\/\",\"url\":\"https:\/\/staging.genekas24.ee\/toode\/korgsurvepesur-ks-pw160v-bl\/\",\"name\":\"K\u00f5rgsurvepesur KS PW160V-BL - Genekas24\",\"isPartOf\":{\"@id\":\"https:\/\/staging.genekas24.ee\/#website\"},\"primaryImageOfPage\":{\"@id\":\"https:\/\/staging.genekas24.ee\/toode\/korgsurvepesur-ks-pw160v-bl\/#primaryimage\"},\"image\":{\"@id\":\"https:\/\/staging.genekas24.ee\/toode\/korgsurvepesur-ks-pw160v-bl\/#primaryimage\"},\"thumbnailUrl\":\"https:\/\/staging.genekas24.ee\/wp-content\/uploads\/2026\/01\/KSPW160V-BL_2500_2500_1_8465432b-b955-44ae-93ae-9d3876515411.webp\",\"datePublished\":\"2026-01-08T12:04:59+00:00\",\"breadcrumb\":{\"@id\":\"https:\/\/staging.genekas24.ee\/toode\/korgsurvepesur-ks-pw160v-bl\/#breadcrumb\"},\"inLanguage\":\"fi\",\"potentialAction\":[{\"@type\":\"ReadAction\",\"target\":[\"https:\/\/staging.genekas24.ee\/toode\/korgsurvepesur-ks-pw160v-bl\/\"]}]},{\"@type\":\"ImageObject\",\"inLanguage\":\"fi\",\"@id\":\"https:\/\/staging.genekas24.ee\/toode\/korgsurvepesur-ks-pw160v-bl\/#primaryimage\",\"url\":\"https:\/\/staging.genekas24.ee\/wp-content\/uploads\/2026\/01\/KSPW160V-BL_2500_2500_1_8465432b-b955-44ae-93ae-9d3876515411.webp\",\"contentUrl\":\"https:\/\/staging.genekas24.ee\/wp-content\/uploads\/2026\/01\/KSPW160V-BL_2500_2500_1_8465432b-b955-44ae-93ae-9d3876515411.webp\",\"width\":1600,\"height\":1600},{\"@type\":\"BreadcrumbList\",\"@id\":\"https:\/\/staging.genekas24.ee\/toode\/korgsurvepesur-ks-pw160v-bl\/#breadcrumb\",\"itemListElement\":[{\"@type\":\"ListItem\",\"position\":1,\"name\":\"Home\",\"item\":\"https:\/\/staging.genekas24.ee\/\"},{\"@type\":\"ListItem\",\"position\":2,\"name\":\"Pood\",\"item\":\"https:\/\/staging.genekas24.ee\/pood\/\"},{\"@type\":\"ListItem\",\"position\":3,\"name\":\"K\u00f5rgsurvepesur KS PW160V-BL\"}]},{\"@type\":\"WebSite\",\"@id\":\"https:\/\/staging.genekas24.ee\/#website\",\"url\":\"https:\/\/staging.genekas24.ee\/\",\"name\":\"Genekas24\",\"description\":\"Generaatorid | K&ouml;nner S&ouml;hnen tooted | Genekas24\",\"publisher\":{\"@id\":\"https:\/\/staging.genekas24.ee\/#organization\"},\"potentialAction\":[{\"@type\":\"SearchAction\",\"target\":{\"@type\":\"EntryPoint\",\"urlTemplate\":\"https:\/\/staging.genekas24.ee\/?s={search_term_string}\"},\"query-input\":{\"@type\":\"PropertyValueSpecification\",\"valueRequired\":true,\"valueName\":\"search_term_string\"}}],\"inLanguage\":\"fi\"},{\"@type\":\"Organization\",\"@id\":\"https:\/\/staging.genekas24.ee\/#organization\",\"name\":\"Genekas24\",\"url\":\"https:\/\/staging.genekas24.ee\/\",\"logo\":{\"@type\":\"ImageObject\",\"inLanguage\":\"fi\",\"@id\":\"https:\/\/staging.genekas24.ee\/#\/schema\/logo\/image\/\",\"url\":\"https:\/\/staging.genekas24.ee\/wp-content\/uploads\/2026\/01\/genekas24-logo_black.svg\",\"contentUrl\":\"https:\/\/staging.genekas24.ee\/wp-content\/uploads\/2026\/01\/genekas24-logo_black.svg\",\"width\":840,\"height\":131,\"caption\":\"Genekas24\"},\"image\":{\"@id\":\"https:\/\/staging.genekas24.ee\/#\/schema\/logo\/image\/\"}}]}<\/script>\n<!-- \/ Yoast SEO plugin. -->","yoast_head_json":{"title":"K\u00f5rgsurvepesur KS PW160V-BL - Genekas24","robots":{"index":"index","follow":"follow","max-snippet":"max-snippet:-1","max-image-preview":"max-image-preview:large","max-video-preview":"max-video-preview:-1"},"canonical":"https:\/\/staging.genekas24.ee\/fi\/tuote\/korgsurvepesur-ks-pw160v-bl\/","og_locale":"fi_FI","og_type":"article","og_title":"K\u00f5rgsurvepesur KS PW160V-BL - Genekas24","og_description":"Nimipinge, V 230   Sagedus, Hz 50   Mootori v\u00f5imsus, W 2000   Mootori t\u00fc\u00fcp harjadeta mootor   Maksimaalne r\u00f5hk, Bar 160   Nimipaine, Bar 110   Vooliku pikkus, m 8   Kaabli pikkus, m 5   Kaitseklass IPX5   \u00dcldm\u00f5\u00f5tmed (PxLxK), mm 380\u00d7380\u00d7710   Netokaal, kg 16   Kogukaal, kg 18.5   SKU KS PW160V-BL   EAN 4260405368679","og_url":"https:\/\/staging.genekas24.ee\/fi\/tuote\/korgsurvepesur-ks-pw160v-bl\/","og_site_name":"Genekas24","og_image":[{"width":1600,"height":1600,"url":"https:\/\/staging.genekas24.ee\/wp-content\/uploads\/2026\/01\/KSPW160V-BL_2500_2500_1_8465432b-b955-44ae-93ae-9d3876515411.webp","type":"image\/webp"}],"twitter_card":"summary_large_image","twitter_misc":{"Arvioitu lukuaika":"3 minuuttia"},"schema":{"@context":"https:\/\/schema.org","@graph":[{"@type":"WebPage","@id":"https:\/\/staging.genekas24.ee\/toode\/korgsurvepesur-ks-pw160v-bl\/","url":"https:\/\/staging.genekas24.ee\/toode\/korgsurvepesur-ks-pw160v-bl\/","name":"K\u00f5rgsurvepesur KS PW160V-BL - Genekas24","isPartOf":{"@id":"https:\/\/staging.genekas24.ee\/#website"},"primaryImageOfPage":{"@id":"https:\/\/staging.genekas24.ee\/toode\/korgsurvepesur-ks-pw160v-bl\/#primaryimage"},"image":{"@id":"https:\/\/staging.genekas24.ee\/toode\/korgsurvepesur-ks-pw160v-bl\/#primaryimage"},"thumbnailUrl":"https:\/\/staging.genekas24.ee\/wp-content\/uploads\/2026\/01\/KSPW160V-BL_2500_2500_1_8465432b-b955-44ae-93ae-9d3876515411.webp","datePublished":"2026-01-08T12:04:59+00:00","breadcrumb":{"@id":"https:\/\/staging.genekas24.ee\/toode\/korgsurvepesur-ks-pw160v-bl\/#breadcrumb"},"inLanguage":"fi","potentialAction":[{"@type":"ReadAction","target":["https:\/\/staging.genekas24.ee\/toode\/korgsurvepesur-ks-pw160v-bl\/"]}]},{"@type":"ImageObject","inLanguage":"fi","@id":"https:\/\/staging.genekas24.ee\/toode\/korgsurvepesur-ks-pw160v-bl\/#primaryimage","url":"https:\/\/staging.genekas24.ee\/wp-content\/uploads\/2026\/01\/KSPW160V-BL_2500_2500_1_8465432b-b955-44ae-93ae-9d3876515411.webp","contentUrl":"https:\/\/staging.genekas24.ee\/wp-content\/uploads\/2026\/01\/KSPW160V-BL_2500_2500_1_8465432b-b955-44ae-93ae-9d3876515411.webp","width":1600,"height":1600},{"@type":"BreadcrumbList","@id":"https:\/\/staging.genekas24.ee\/toode\/korgsurvepesur-ks-pw160v-bl\/#breadcrumb","itemListElement":[{"@type":"ListItem","position":1,"name":"Home","item":"https:\/\/staging.genekas24.ee\/"},{"@type":"ListItem","position":2,"name":"Pood","item":"https:\/\/staging.genekas24.ee\/pood\/"},{"@type":"ListItem","position":3,"name":"K\u00f5rgsurvepesur KS PW160V-BL"}]},{"@type":"WebSite","@id":"https:\/\/staging.genekas24.ee\/#website","url":"https:\/\/staging.genekas24.ee\/","name":"Genekas24","description":"Generaatorid | K&ouml;nner S&ouml;hnen tooted | Genekas24","publisher":{"@id":"https:\/\/staging.genekas24.ee\/#organization"},"potentialAction":[{"@type":"SearchAction","target":{"@type":"EntryPoint","urlTemplate":"https:\/\/staging.genekas24.ee\/?s={search_term_string}"},"query-input":{"@type":"PropertyValueSpecification","valueRequired":true,"valueName":"search_term_string"}}],"inLanguage":"fi"},{"@type":"Organization","@id":"https:\/\/staging.genekas24.ee\/#organization","name":"Genekas24","url":"https:\/\/staging.genekas24.ee\/","logo":{"@type":"ImageObject","inLanguage":"fi","@id":"https:\/\/staging.genekas24.ee\/#\/schema\/logo\/image\/","url":"https:\/\/staging.genekas24.ee\/wp-content\/uploads\/2026\/01\/genekas24-logo_black.svg","contentUrl":"https:\/\/staging.genekas24.ee\/wp-content\/uploads\/2026\/01\/genekas24-logo_black.svg","width":840,"height":131,"caption":"Genekas24"},"image":{"@id":"https:\/\/staging.genekas24.ee\/#\/schema\/logo\/image\/"}}]}},"_links":{"self":[{"href":"https:\/\/staging.genekas24.ee\/fi\/wp-json\/wp\/v2\/product\/22010","targetHints":{"allow":["GET"]}}],"collection":[{"href":"https:\/\/staging.genekas24.ee\/fi\/wp-json\/wp\/v2\/product"}],"about":[{"href":"https:\/\/staging.genekas24.ee\/fi\/wp-json\/wp\/v2\/types\/product"}],"version-history":[{"count":2,"href":"https:\/\/staging.genekas24.ee\/fi\/wp-json\/wp\/v2\/product\/22010\/revisions"}],"predecessor-version":[{"id":22015,"href":"https:\/\/staging.genekas24.ee\/fi\/wp-json\/wp\/v2\/product\/22010\/revisions\/22015"}],"wp:featuredmedia":[{"embeddable":true,"href":"https:\/\/staging.genekas24.ee\/fi\/wp-json\/wp\/v2\/media\/22011"}],"wp:attachment":[{"href":"https:\/\/staging.genekas24.ee\/fi\/wp-json\/wp\/v2\/media?parent=22010"}],"wp:term":[{"taxonomy":"product_brand","embeddable":true,"href":"https:\/\/staging.genekas24.ee\/fi\/wp-json\/wp\/v2\/product_brand?post=22010"},{"taxonomy":"product_cat","embeddable":true,"href":"https:\/\/staging.genekas24.ee\/fi\/wp-json\/wp\/v2\/product_cat?post=22010"},{"taxonomy":"product_tag","embeddable":true,"href":"https:\/\/staging.genekas24.ee\/fi\/wp-json\/wp\/v2\/product_tag?post=22010"}],"curies":[{"name":"wp","href":"https:\/\/api.w.org\/{rel}","templated":true}]}}