{"id":22003,"date":"2026-01-08T11:48:22","date_gmt":"2026-01-08T11:48:22","guid":{"rendered":"https:\/\/staging.genekas24.ee\/?post_type=product&#038;p=22003"},"modified":"2026-01-08T11:48:22","modified_gmt":"2026-01-08T11:48:22","slug":"korgsurvepesur-ks-pw160hv","status":"publish","type":"product","link":"https:\/\/staging.genekas24.ee\/fi\/tuote\/korgsurvepesur-ks-pw160hv\/","title":{"rendered":"K\u00f5rgsurvepesur KS PW160HV"},"content":{"rendered":"<div class=\"top-row\">\n<h2 class=\"h4\">Eelised<\/h2>\n<\/div>\n<div class=\"content benefits\">\n<div class=\"metafield-rich_text_field\">\n<ul>\n<li>Kaks t\u00f6\u00f6asendit: horisontaalne ja vertikaalne \u2013 v\u00f5imalus kasutada pesurit nii vertikaalses kui ka horisontaalses asendis muudab selle mugavamaks ja mitmek\u00fclgsemaks.<\/li>\n<li>Reguleeritav v\u00f5imsus 1800W kuni 2200W<\/li>\n<li>Integreeritud suure mahutavusega vahugeneraator \u2013 v\u00f5imaldab t\u00f5husalt kasutada spetsiaalseid puhastusvahendeid.<\/li>\n<li>Automaatne Start\/Stop s\u00fcsteem \u2013 muudab seadme energiat\u00f5husamaks ja pikendab mootori eluiga.<\/li>\n<li>Pikendatud 8-meetrine k\u00f5rgsurvevoolik.<\/li>\n<\/ul>\n<p>&nbsp;<\/p>\n<table style=\"border-collapse: collapse; width: 100%;\">\n<tbody>\n<tr>\n<td style=\"width: 16.8356%;\"><img decoding=\"async\" src=\"https:\/\/konner-sohnen.ee\/cdn\/shop\/files\/1.Original_design_and_innovative_construction.jpg?v=1751292633&amp;width=500\" alt=\"Originaalne disain ja uuenduslik konstruktsioon\" \/><\/td>\n<td style=\"width: 83.1644%;\">\n<h3>Originaalne disain ja uuenduslik konstruktsioon<\/h3>\n<div class=\"text-sm\">Moodne v\u00e4limus koos l\u00e4bim\u00f5eldud ergonoomikaga tagab mugava kasutamise.<\/div>\n<\/td>\n<\/tr>\n<tr>\n<td style=\"width: 16.8356%;\"><img decoding=\"async\" src=\"https:\/\/konner-sohnen.ee\/cdn\/shop\/files\/2.Quick-connect_coupling.jpg?v=1751292631&amp;width=500\" alt=\"Kiir\u00fchenduse liitmik\" \/><\/td>\n<td style=\"width: 83.1644%;\">\n<h3>Kiir\u00fchendus<\/h3>\n<div class=\"text-sm\">Lihtsustab voolikute ja pihustite \u00fchendamise protsessi, v\u00f5imaldades k\u00f5rgsurvepesuri kiiret ettevalmistamist kasutamiseks ilma tarbetu pingutuseta.<\/div>\n<\/td>\n<\/tr>\n<tr>\n<td style=\"width: 16.8356%;\"><img decoding=\"async\" src=\"https:\/\/konner-sohnen.ee\/cdn\/shop\/files\/3.Rotary_nozzle.jpg?v=1751292629&amp;width=500\" alt=\"P\u00f6\u00f6rdotsik\" \/><\/td>\n<td style=\"width: 83.1644%;\">\n<h3>P\u00f6\u00f6rdotsik<\/h3>\n<div class=\"text-sm\">Loob v\u00f5imsa p\u00f6\u00f6rleva veevoolu, mis eemaldab t\u00f5husalt raskesti eemaldatavad plekid, nagu kuivanud mustus v\u00f5i tahm.<\/div>\n<\/td>\n<\/tr>\n<tr>\n<td style=\"width: 16.8356%;\"><img decoding=\"async\" src=\"https:\/\/konner-sohnen.ee\/cdn\/shop\/files\/4.Aluminum_pump_housing_with_stainless_steel_pistons.jpg?v=1751292635&amp;width=500\" alt=\"Alumiiniumist pumbakorpus roostevabast terasest kolbidega\" \/><\/td>\n<td style=\"width: 83.1644%;\">\n<h3>Alumiiniumist pumbakorpus<\/h3>\n<div class=\"text-sm\">Tagab vastupidavuse, kulumiskindluse ja k\u00f5rge j\u00f5udluse isegi intensiivse kasutamise korral.<\/div>\n<\/td>\n<\/tr>\n<\/tbody>\n<\/table>\n<\/div>\n<\/div>","protected":false},"excerpt":{"rendered":"<div id=\"datasheet\" class=\"section product-datasheet\">\n<div class=\"section-wrapper\">\n<div class=\"datasheet-wrapper\">\n<div class=\"right\">\n<table>\n<tbody>\n<tr>\n<td>Nimellisj\u00e4nnite, V<\/td>\n<td>230<\/td>\n<\/tr>\n<tr>\n<td>Taajuus, Hz<\/td>\n<td>50<\/td>\n<\/tr>\n<tr>\n<td>Mootori v\u00f5imsus, W<\/td>\n<td>1800 ~ 2200<\/td>\n<\/tr>\n<tr>\n<td>Maksimaalne r\u00f5hk, Bar<\/td>\n<td>160<\/td>\n<\/tr>\n<tr>\n<td>Nimipaine, Bar<\/td>\n<td>70~110<\/td>\n<\/tr>\n<tr>\n<td>Vooliku pikkus, m<\/td>\n<td>8<\/td>\n<\/tr>\n<tr>\n<td>Kaapelin pituus, m<\/td>\n<td>5<\/td>\n<\/tr>\n<tr>\n<td>\u00dcldm\u00f5\u00f5tmed (PxLxK), mm<\/td>\n<td>520\u00d7410\u00d7385<\/td>\n<\/tr>\n<tr>\n<td>Nettopaino, kg<\/td>\n<td>10<\/td>\n<\/tr>\n<tr>\n<td>Kogukaal, kg<\/td>\n<td>12.9<\/td>\n<\/tr>\n<tr>\n<td>SKU<\/td>\n<td>KS PW160HV<\/td>\n<\/tr>\n<tr>\n<td>EAN<\/td>\n<td>4260405368662<\/td>\n<\/tr>\n<\/tbody>\n<\/table>\n<\/div>\n<\/div>\n<\/div>\n<\/div>\n<div id=\"instructions\" class=\"section product-instructions\">\n<div class=\"section-wrapper\">\n<div class=\"titles\">\n<div class=\"title-wrapper\">\n<h2 class=\"title h2\"><\/h2>\n<\/div>\n<\/div>\n<\/div>\n<\/div>","protected":false},"featured_media":22004,"template":"","meta":{"_acf_changed":false,"inline_featured_image":false},"product_brand":[],"product_cat":[159,205],"product_tag":[],"class_list":{"0":"post-22003","1":"product","2":"type-product","3":"status-publish","4":"has-post-thumbnail","6":"product_cat-aiatooriistad","7":"product_cat-korgsurvepesurid","8":"product_shipping_class-vaikepakk","9":"brand-konner-sohnen","11":"first","12":"instock","13":"taxable","14":"shipping-taxable","15":"purchasable","16":"product-type-simple"},"acf":[],"yoast_head":"<!-- This site is optimized with the Yoast SEO plugin v26.2 - https:\/\/yoast.com\/wordpress\/plugins\/seo\/ -->\n<title>K\u00f5rgsurvepesur KS PW160HV - Genekas24<\/title>\n<meta name=\"robots\" content=\"index, follow, max-snippet:-1, max-image-preview:large, max-video-preview:-1\" \/>\n<link rel=\"canonical\" href=\"https:\/\/staging.genekas24.ee\/fi\/tuote\/korgsurvepesur-ks-pw160hv\/\" \/>\n<meta property=\"og:locale\" content=\"fi_FI\" \/>\n<meta property=\"og:type\" content=\"article\" \/>\n<meta property=\"og:title\" content=\"K\u00f5rgsurvepesur KS PW160HV - Genekas24\" \/>\n<meta property=\"og:description\" content=\"Nimipinge, V 230   Sagedus, Hz 50   Mootori v\u00f5imsus, W 1800 ~ 2200   Maksimaalne r\u00f5hk, Bar 160   Nimipaine, Bar 70~110   Vooliku pikkus, m 8   Kaabli pikkus, m 5   \u00dcldm\u00f5\u00f5tmed (PxLxK), mm 520\u00d7410\u00d7385   Netokaal, kg 10   Kogukaal, kg 12.9   SKU KS PW160HV   EAN 4260405368662\" \/>\n<meta property=\"og:url\" content=\"https:\/\/staging.genekas24.ee\/fi\/tuote\/korgsurvepesur-ks-pw160hv\/\" \/>\n<meta property=\"og:site_name\" content=\"Genekas24\" \/>\n<meta property=\"og:image\" content=\"https:\/\/staging.genekas24.ee\/wp-content\/uploads\/2026\/01\/KSPW160HV_2500_2500-01_e57998e0-b1b3-44a3-bc84-59478f30cb67.webp\" \/>\n\t<meta property=\"og:image:width\" content=\"1600\" \/>\n\t<meta property=\"og:image:height\" content=\"1600\" \/>\n\t<meta property=\"og:image:type\" content=\"image\/webp\" \/>\n<meta name=\"twitter:card\" content=\"summary_large_image\" \/>\n<meta name=\"twitter:label1\" content=\"Arvioitu lukuaika\" \/>\n\t<meta name=\"twitter:data1\" content=\"2 minuuttia\" \/>\n<script type=\"application\/ld+json\" class=\"yoast-schema-graph\">{\"@context\":\"https:\/\/schema.org\",\"@graph\":[{\"@type\":\"WebPage\",\"@id\":\"https:\/\/staging.genekas24.ee\/toode\/korgsurvepesur-ks-pw160hv\/\",\"url\":\"https:\/\/staging.genekas24.ee\/toode\/korgsurvepesur-ks-pw160hv\/\",\"name\":\"K\u00f5rgsurvepesur KS PW160HV - Genekas24\",\"isPartOf\":{\"@id\":\"https:\/\/staging.genekas24.ee\/#website\"},\"primaryImageOfPage\":{\"@id\":\"https:\/\/staging.genekas24.ee\/toode\/korgsurvepesur-ks-pw160hv\/#primaryimage\"},\"image\":{\"@id\":\"https:\/\/staging.genekas24.ee\/toode\/korgsurvepesur-ks-pw160hv\/#primaryimage\"},\"thumbnailUrl\":\"https:\/\/staging.genekas24.ee\/wp-content\/uploads\/2026\/01\/KSPW160HV_2500_2500-01_e57998e0-b1b3-44a3-bc84-59478f30cb67.webp\",\"datePublished\":\"2026-01-08T11:48:22+00:00\",\"breadcrumb\":{\"@id\":\"https:\/\/staging.genekas24.ee\/toode\/korgsurvepesur-ks-pw160hv\/#breadcrumb\"},\"inLanguage\":\"fi\",\"potentialAction\":[{\"@type\":\"ReadAction\",\"target\":[\"https:\/\/staging.genekas24.ee\/toode\/korgsurvepesur-ks-pw160hv\/\"]}]},{\"@type\":\"ImageObject\",\"inLanguage\":\"fi\",\"@id\":\"https:\/\/staging.genekas24.ee\/toode\/korgsurvepesur-ks-pw160hv\/#primaryimage\",\"url\":\"https:\/\/staging.genekas24.ee\/wp-content\/uploads\/2026\/01\/KSPW160HV_2500_2500-01_e57998e0-b1b3-44a3-bc84-59478f30cb67.webp\",\"contentUrl\":\"https:\/\/staging.genekas24.ee\/wp-content\/uploads\/2026\/01\/KSPW160HV_2500_2500-01_e57998e0-b1b3-44a3-bc84-59478f30cb67.webp\",\"width\":1600,\"height\":1600},{\"@type\":\"BreadcrumbList\",\"@id\":\"https:\/\/staging.genekas24.ee\/toode\/korgsurvepesur-ks-pw160hv\/#breadcrumb\",\"itemListElement\":[{\"@type\":\"ListItem\",\"position\":1,\"name\":\"Home\",\"item\":\"https:\/\/staging.genekas24.ee\/\"},{\"@type\":\"ListItem\",\"position\":2,\"name\":\"Pood\",\"item\":\"https:\/\/staging.genekas24.ee\/pood\/\"},{\"@type\":\"ListItem\",\"position\":3,\"name\":\"K\u00f5rgsurvepesur KS PW160HV\"}]},{\"@type\":\"WebSite\",\"@id\":\"https:\/\/staging.genekas24.ee\/#website\",\"url\":\"https:\/\/staging.genekas24.ee\/\",\"name\":\"Genekas24\",\"description\":\"Generaatorid | K&ouml;nner S&ouml;hnen tooted | Genekas24\",\"publisher\":{\"@id\":\"https:\/\/staging.genekas24.ee\/#organization\"},\"potentialAction\":[{\"@type\":\"SearchAction\",\"target\":{\"@type\":\"EntryPoint\",\"urlTemplate\":\"https:\/\/staging.genekas24.ee\/?s={search_term_string}\"},\"query-input\":{\"@type\":\"PropertyValueSpecification\",\"valueRequired\":true,\"valueName\":\"search_term_string\"}}],\"inLanguage\":\"fi\"},{\"@type\":\"Organization\",\"@id\":\"https:\/\/staging.genekas24.ee\/#organization\",\"name\":\"Genekas24\",\"url\":\"https:\/\/staging.genekas24.ee\/\",\"logo\":{\"@type\":\"ImageObject\",\"inLanguage\":\"fi\",\"@id\":\"https:\/\/staging.genekas24.ee\/#\/schema\/logo\/image\/\",\"url\":\"https:\/\/staging.genekas24.ee\/wp-content\/uploads\/2026\/01\/genekas24-logo_black.svg\",\"contentUrl\":\"https:\/\/staging.genekas24.ee\/wp-content\/uploads\/2026\/01\/genekas24-logo_black.svg\",\"width\":840,\"height\":131,\"caption\":\"Genekas24\"},\"image\":{\"@id\":\"https:\/\/staging.genekas24.ee\/#\/schema\/logo\/image\/\"}}]}<\/script>\n<!-- \/ Yoast SEO plugin. -->","yoast_head_json":{"title":"K\u00f5rgsurvepesur KS PW160HV - Genekas24","robots":{"index":"index","follow":"follow","max-snippet":"max-snippet:-1","max-image-preview":"max-image-preview:large","max-video-preview":"max-video-preview:-1"},"canonical":"https:\/\/staging.genekas24.ee\/fi\/tuote\/korgsurvepesur-ks-pw160hv\/","og_locale":"fi_FI","og_type":"article","og_title":"K\u00f5rgsurvepesur KS PW160HV - Genekas24","og_description":"Nimipinge, V 230   Sagedus, Hz 50   Mootori v\u00f5imsus, W 1800 ~ 2200   Maksimaalne r\u00f5hk, Bar 160   Nimipaine, Bar 70~110   Vooliku pikkus, m 8   Kaabli pikkus, m 5   \u00dcldm\u00f5\u00f5tmed (PxLxK), mm 520\u00d7410\u00d7385   Netokaal, kg 10   Kogukaal, kg 12.9   SKU KS PW160HV   EAN 4260405368662","og_url":"https:\/\/staging.genekas24.ee\/fi\/tuote\/korgsurvepesur-ks-pw160hv\/","og_site_name":"Genekas24","og_image":[{"width":1600,"height":1600,"url":"https:\/\/staging.genekas24.ee\/wp-content\/uploads\/2026\/01\/KSPW160HV_2500_2500-01_e57998e0-b1b3-44a3-bc84-59478f30cb67.webp","type":"image\/webp"}],"twitter_card":"summary_large_image","twitter_misc":{"Arvioitu lukuaika":"2 minuuttia"},"schema":{"@context":"https:\/\/schema.org","@graph":[{"@type":"WebPage","@id":"https:\/\/staging.genekas24.ee\/toode\/korgsurvepesur-ks-pw160hv\/","url":"https:\/\/staging.genekas24.ee\/toode\/korgsurvepesur-ks-pw160hv\/","name":"K\u00f5rgsurvepesur KS PW160HV - Genekas24","isPartOf":{"@id":"https:\/\/staging.genekas24.ee\/#website"},"primaryImageOfPage":{"@id":"https:\/\/staging.genekas24.ee\/toode\/korgsurvepesur-ks-pw160hv\/#primaryimage"},"image":{"@id":"https:\/\/staging.genekas24.ee\/toode\/korgsurvepesur-ks-pw160hv\/#primaryimage"},"thumbnailUrl":"https:\/\/staging.genekas24.ee\/wp-content\/uploads\/2026\/01\/KSPW160HV_2500_2500-01_e57998e0-b1b3-44a3-bc84-59478f30cb67.webp","datePublished":"2026-01-08T11:48:22+00:00","breadcrumb":{"@id":"https:\/\/staging.genekas24.ee\/toode\/korgsurvepesur-ks-pw160hv\/#breadcrumb"},"inLanguage":"fi","potentialAction":[{"@type":"ReadAction","target":["https:\/\/staging.genekas24.ee\/toode\/korgsurvepesur-ks-pw160hv\/"]}]},{"@type":"ImageObject","inLanguage":"fi","@id":"https:\/\/staging.genekas24.ee\/toode\/korgsurvepesur-ks-pw160hv\/#primaryimage","url":"https:\/\/staging.genekas24.ee\/wp-content\/uploads\/2026\/01\/KSPW160HV_2500_2500-01_e57998e0-b1b3-44a3-bc84-59478f30cb67.webp","contentUrl":"https:\/\/staging.genekas24.ee\/wp-content\/uploads\/2026\/01\/KSPW160HV_2500_2500-01_e57998e0-b1b3-44a3-bc84-59478f30cb67.webp","width":1600,"height":1600},{"@type":"BreadcrumbList","@id":"https:\/\/staging.genekas24.ee\/toode\/korgsurvepesur-ks-pw160hv\/#breadcrumb","itemListElement":[{"@type":"ListItem","position":1,"name":"Home","item":"https:\/\/staging.genekas24.ee\/"},{"@type":"ListItem","position":2,"name":"Pood","item":"https:\/\/staging.genekas24.ee\/pood\/"},{"@type":"ListItem","position":3,"name":"K\u00f5rgsurvepesur KS PW160HV"}]},{"@type":"WebSite","@id":"https:\/\/staging.genekas24.ee\/#website","url":"https:\/\/staging.genekas24.ee\/","name":"Genekas24","description":"Generaatorid | K&ouml;nner S&ouml;hnen tooted | Genekas24","publisher":{"@id":"https:\/\/staging.genekas24.ee\/#organization"},"potentialAction":[{"@type":"SearchAction","target":{"@type":"EntryPoint","urlTemplate":"https:\/\/staging.genekas24.ee\/?s={search_term_string}"},"query-input":{"@type":"PropertyValueSpecification","valueRequired":true,"valueName":"search_term_string"}}],"inLanguage":"fi"},{"@type":"Organization","@id":"https:\/\/staging.genekas24.ee\/#organization","name":"Genekas24","url":"https:\/\/staging.genekas24.ee\/","logo":{"@type":"ImageObject","inLanguage":"fi","@id":"https:\/\/staging.genekas24.ee\/#\/schema\/logo\/image\/","url":"https:\/\/staging.genekas24.ee\/wp-content\/uploads\/2026\/01\/genekas24-logo_black.svg","contentUrl":"https:\/\/staging.genekas24.ee\/wp-content\/uploads\/2026\/01\/genekas24-logo_black.svg","width":840,"height":131,"caption":"Genekas24"},"image":{"@id":"https:\/\/staging.genekas24.ee\/#\/schema\/logo\/image\/"}}]}},"_links":{"self":[{"href":"https:\/\/staging.genekas24.ee\/fi\/wp-json\/wp\/v2\/product\/22003","targetHints":{"allow":["GET"]}}],"collection":[{"href":"https:\/\/staging.genekas24.ee\/fi\/wp-json\/wp\/v2\/product"}],"about":[{"href":"https:\/\/staging.genekas24.ee\/fi\/wp-json\/wp\/v2\/types\/product"}],"version-history":[{"count":2,"href":"https:\/\/staging.genekas24.ee\/fi\/wp-json\/wp\/v2\/product\/22003\/revisions"}],"predecessor-version":[{"id":22009,"href":"https:\/\/staging.genekas24.ee\/fi\/wp-json\/wp\/v2\/product\/22003\/revisions\/22009"}],"wp:featuredmedia":[{"embeddable":true,"href":"https:\/\/staging.genekas24.ee\/fi\/wp-json\/wp\/v2\/media\/22004"}],"wp:attachment":[{"href":"https:\/\/staging.genekas24.ee\/fi\/wp-json\/wp\/v2\/media?parent=22003"}],"wp:term":[{"taxonomy":"product_brand","embeddable":true,"href":"https:\/\/staging.genekas24.ee\/fi\/wp-json\/wp\/v2\/product_brand?post=22003"},{"taxonomy":"product_cat","embeddable":true,"href":"https:\/\/staging.genekas24.ee\/fi\/wp-json\/wp\/v2\/product_cat?post=22003"},{"taxonomy":"product_tag","embeddable":true,"href":"https:\/\/staging.genekas24.ee\/fi\/wp-json\/wp\/v2\/product_tag?post=22003"}],"curies":[{"name":"wp","href":"https:\/\/api.w.org\/{rel}","templated":true}]}}