{"id":21988,"date":"2026-01-08T11:31:03","date_gmt":"2026-01-08T11:31:03","guid":{"rendered":"https:\/\/staging.genekas24.ee\/?post_type=product&#038;p=21988"},"modified":"2026-01-08T11:31:03","modified_gmt":"2026-01-08T11:31:03","slug":"korgsurvepesur-ks-pw130h","status":"publish","type":"product","link":"https:\/\/staging.genekas24.ee\/fi\/tuote\/korgsurvepesur-ks-pw130h\/","title":{"rendered":"K\u00f5rgsurvepesur KS PW130H"},"content":{"rendered":"<div class=\"top-row\">\n<h2 class=\"h4\">Eelised<\/h2>\n<\/div>\n<div class=\"content benefits\">\n<div class=\"metafield-rich_text_field\">\n<ul>\n<li>Horisontaalne t\u00f6\u00f6asend \u2013 stabiilsem kui vertikaalsed mudelid, ei kuku kasutamise ajal \u00fcmber.<\/li>\n<li>Mugavad hoidikud tarvikutele, voolikule ja kaablile \u2013 kompaktne hoiustamine ja kiire ligip\u00e4\u00e4s.<\/li>\n<li>Alumiiniumist pumbakorpus roostevabast terasest kolbidega \u2013 vastupidav ja pikaajaline j\u00f5udlus.<\/li>\n<li>Komplektis p\u00f6\u00f6rdotsik ja vahugeneraator \u2013 t\u00f5hustatud puhastusv\u00f5imekus.<\/li>\n<li>Pikendatud 7-meetrine k\u00f5rgsurvevoolik \u2013 laiem t\u00f6\u00f6ulatus paremaks mugavuseks.<\/li>\n<\/ul>\n<p>&nbsp;<\/p>\n<table style=\"border-collapse: collapse; width: 100%;\">\n<tbody>\n<tr>\n<td style=\"width: 13.2151%;\"><img decoding=\"async\" src=\"https:\/\/konner-sohnen.ee\/cdn\/shop\/files\/1._Compact_and_portable_design.jpg?v=1751292573&amp;width=500\" alt=\"Kompaktne ja kaasaskantav disain\" \/><\/td>\n<td style=\"width: 86.7849%;\">\n<h3>Kompaktne ja kaasaskantav disain<\/h3>\n<div class=\"text-sm\">Pesumasin on kompaktse suurusega, mis teeb selle lihtsasti transporditavaks ja hoiustatavaks. Selle kerge disain ja ergonoomiline kuju tagavad mugava kasutamise.<\/div>\n<\/td>\n<\/tr>\n<tr>\n<td style=\"width: 13.2151%;\"><img decoding=\"async\" src=\"https:\/\/konner-sohnen.ee\/cdn\/shop\/files\/2._Rotary_nozzle.jpg?v=1751292568&amp;width=500\" alt=\"P\u00f6\u00f6rlev otsik\" \/><\/td>\n<td style=\"width: 86.7849%;\">\n<h3>P\u00f6\u00f6rlev otsik<\/h3>\n<div class=\"text-sm\">P\u00f6\u00f6rdotsik, oma p\u00f6\u00f6rleva liikumisega, tagab \u00fchtlase veejaotuse puhastataval pinnal, parandades mustuse eemaldamist isegi raskesti ligip\u00e4\u00e4setavates kohtades.<\/div>\n<\/td>\n<\/tr>\n<tr>\n<td style=\"width: 13.2151%;\"><img decoding=\"async\" src=\"https:\/\/konner-sohnen.ee\/cdn\/shop\/files\/3._Quick-connect_coupling_for_fast_and_easy_attachment.jpg?v=1751292570&amp;width=500\" alt=\"Kiir\u00fchendus kiireks ja lihtsaks kinnitamiseks\" \/><\/td>\n<td style=\"width: 86.7849%;\">\n<h3>Kiire\u00a0 ja lihtne kinnitus<\/h3>\n<div class=\"text-sm\">Kiir\u00fchenduss\u00fcsteem v\u00f5imaldab voolikute vaevatut kinnitamist, s\u00e4\u00e4stes aega ja vaeva seadistamisel enne kasutamist.<\/div>\n<\/td>\n<\/tr>\n<tr>\n<td style=\"width: 13.2151%;\"><img decoding=\"async\" src=\"https:\/\/konner-sohnen.ee\/cdn\/shop\/files\/4._Axial_3-plunger_pump.jpg?v=1751292577&amp;width=500\" alt=\"Aksiaalne 3-kolvi pump\" \/><\/td>\n<td style=\"width: 86.7849%;\">\n<h3>Aksiaalne 3-kolviga pump<\/h3>\n<div class=\"text-sm\">See pump tagab usaldusv\u00e4\u00e4rse j\u00f5udluse suurte koormuste all t\u00e4nu oma kolme kolviga konstruktsioonile. See parandab pesuri t\u00f5husust ja pikendab selle kasutusiga.<\/div>\n<\/td>\n<\/tr>\n<tr>\n<td style=\"width: 13.2151%;\"><img decoding=\"async\" src=\"https:\/\/konner-sohnen.ee\/cdn\/shop\/files\/5._Total_Stop_System.jpg?v=1751292579&amp;width=500\" alt=\"Kogut\u00f5kkes\u00fcsteem\" \/><\/td>\n<td style=\"width: 86.7849%;\">\n<h3>T\u00e4ieliku peatamise s\u00fcsteem<\/h3>\n<div class=\"text-sm\">S\u00fcsteem l\u00fclitab pesumasina automaatselt v\u00e4lja, kui seda ei kasutata, aidates s\u00e4\u00e4sta energiat ja v\u00e4ltida \u00fclekuumenemist, pikendades seel\u00e4bi seadme eluiga.<\/div>\n<\/td>\n<\/tr>\n<tr>\n<td style=\"width: 13.2151%;\"><img decoding=\"async\" src=\"https:\/\/konner-sohnen.ee\/cdn\/shop\/files\/6._Integrated_thermal_protection.jpg?v=1751292571&amp;width=500\" alt=\"Integreeritud termokaitse\" \/><\/td>\n<td style=\"width: 86.7849%;\">\n<h3>Integreeritud termokaitse<\/h3>\n<div class=\"text-sm\">Termokaitse l\u00fclitab pesuri automaatselt v\u00e4lja, kui temperatuur j\u00f5uab kriitilisele tasemele, v\u00e4ltides \u00fclekuumenemist ja sisekomponentide kahjustusi pikaajalise t\u00f6\u00f6 t\u00f5ttu.<\/div>\n<\/td>\n<\/tr>\n<tr>\n<td style=\"width: 13.2151%;\"><img decoding=\"async\" src=\"https:\/\/konner-sohnen.ee\/cdn\/shop\/files\/7._Accessory_storage_on_the_body.jpg?v=1751292576&amp;width=500\" alt=\"Tarvikute hoiustamine korpusel\" \/><\/td>\n<td style=\"width: 86.7849%;\">\n<h3>Tarvikute hoiustamine korpusel<\/h3>\n<div class=\"text-sm\">Pesur on varustatud mugavate sektsioonidega, et hoida k\u00f5ik vajalikud tarvikud korras ja ilma liigse segaduseta. See v\u00f5imaldab teil t\u00f6\u00f6 ajal voolikud ja pihustid alati k\u00e4ep\u00e4rast hoida.<\/div>\n<\/td>\n<\/tr>\n<\/tbody>\n<\/table>\n<\/div>\n<\/div>","protected":false},"excerpt":{"rendered":"<table>\n<tbody>\n<tr>\n<td>Nimellisj\u00e4nnite, V<\/td>\n<td>230<\/td>\n<\/tr>\n<tr>\n<td>Taajuus, Hz<\/td>\n<td>50<\/td>\n<\/tr>\n<tr>\n<td>Mootori v\u00f5imsus, W<\/td>\n<td>1600<\/td>\n<\/tr>\n<tr>\n<td>Moottorityyppi<\/td>\n<td>S\u00fcsinikharja<\/td>\n<\/tr>\n<tr>\n<td>Maksimaalne r\u00f5hk, Bar<\/td>\n<td>130<\/td>\n<\/tr>\n<tr>\n<td>Nimipaine, Bar<\/td>\n<td>90<\/td>\n<\/tr>\n<tr>\n<td>Vooliku pikkus, m<\/td>\n<td>7<\/td>\n<\/tr>\n<tr>\n<td>Kaapelin pituus, m<\/td>\n<td>5<\/td>\n<\/tr>\n<tr>\n<td>\u00dcldm\u00f5\u00f5tmed (PxLxK), mm<\/td>\n<td>386\u00d7250\u00d7280<\/td>\n<\/tr>\n<tr>\n<td>Nettopaino, kg<\/td>\n<td>5.4<\/td>\n<\/tr>\n<tr>\n<td>Kogukaal, kg<\/td>\n<td>6.1<\/td>\n<\/tr>\n<tr>\n<td>SKU<\/td>\n<td>KS PW130H<\/td>\n<\/tr>\n<tr>\n<td>EAN<\/td>\n<td>4260405368648<\/td>\n<\/tr>\n<\/tbody>\n<\/table>","protected":false},"featured_media":21989,"template":"","meta":{"_acf_changed":false,"inline_featured_image":false},"product_brand":[],"product_cat":[159,205],"product_tag":[],"class_list":{"0":"post-21988","1":"product","2":"type-product","3":"status-publish","4":"has-post-thumbnail","6":"product_cat-aiatooriistad","7":"product_cat-korgsurvepesurid","8":"product_shipping_class-vaikepakk","9":"brand-konner-sohnen","11":"first","12":"instock","13":"taxable","14":"shipping-taxable","15":"purchasable","16":"product-type-simple"},"acf":[],"yoast_head":"<!-- This site is optimized with the Yoast SEO plugin v26.2 - https:\/\/yoast.com\/wordpress\/plugins\/seo\/ -->\n<title>K\u00f5rgsurvepesur KS PW130H - Genekas24<\/title>\n<meta name=\"robots\" content=\"index, follow, max-snippet:-1, max-image-preview:large, max-video-preview:-1\" \/>\n<link rel=\"canonical\" href=\"https:\/\/staging.genekas24.ee\/fi\/tuote\/korgsurvepesur-ks-pw130h\/\" \/>\n<meta property=\"og:locale\" content=\"fi_FI\" \/>\n<meta property=\"og:type\" content=\"article\" \/>\n<meta property=\"og:title\" content=\"K\u00f5rgsurvepesur KS PW130H - Genekas24\" \/>\n<meta property=\"og:description\" content=\"Nimipinge, V 230   Sagedus, Hz 50   Mootori v\u00f5imsus, W 1600   Mootori t\u00fc\u00fcp S\u00fcsinikharja   Maksimaalne r\u00f5hk, Bar 130   Nimipaine, Bar 90   Vooliku pikkus, m 7   Kaabli pikkus, m 5   \u00dcldm\u00f5\u00f5tmed (PxLxK), mm 386\u00d7250\u00d7280   Netokaal, kg 5.4   Kogukaal, kg 6.1   SKU KS PW130H   EAN 4260405368648\" \/>\n<meta property=\"og:url\" content=\"https:\/\/staging.genekas24.ee\/fi\/tuote\/korgsurvepesur-ks-pw130h\/\" \/>\n<meta property=\"og:site_name\" content=\"Genekas24\" \/>\n<meta property=\"og:image\" content=\"https:\/\/staging.genekas24.ee\/wp-content\/uploads\/2026\/01\/KS-PW130H-2500x2500_1-1.webp\" \/>\n\t<meta property=\"og:image:width\" content=\"1600\" \/>\n\t<meta property=\"og:image:height\" content=\"1600\" \/>\n\t<meta property=\"og:image:type\" content=\"image\/webp\" \/>\n<meta name=\"twitter:card\" content=\"summary_large_image\" \/>\n<meta name=\"twitter:label1\" content=\"Arvioitu lukuaika\" \/>\n\t<meta name=\"twitter:data1\" content=\"3 minuuttia\" \/>\n<script type=\"application\/ld+json\" class=\"yoast-schema-graph\">{\"@context\":\"https:\/\/schema.org\",\"@graph\":[{\"@type\":\"WebPage\",\"@id\":\"https:\/\/staging.genekas24.ee\/toode\/korgsurvepesur-ks-pw130h\/\",\"url\":\"https:\/\/staging.genekas24.ee\/toode\/korgsurvepesur-ks-pw130h\/\",\"name\":\"K\u00f5rgsurvepesur KS PW130H - Genekas24\",\"isPartOf\":{\"@id\":\"https:\/\/staging.genekas24.ee\/#website\"},\"primaryImageOfPage\":{\"@id\":\"https:\/\/staging.genekas24.ee\/toode\/korgsurvepesur-ks-pw130h\/#primaryimage\"},\"image\":{\"@id\":\"https:\/\/staging.genekas24.ee\/toode\/korgsurvepesur-ks-pw130h\/#primaryimage\"},\"thumbnailUrl\":\"https:\/\/staging.genekas24.ee\/wp-content\/uploads\/2026\/01\/KS-PW130H-2500x2500_1-1.webp\",\"datePublished\":\"2026-01-08T11:31:03+00:00\",\"breadcrumb\":{\"@id\":\"https:\/\/staging.genekas24.ee\/toode\/korgsurvepesur-ks-pw130h\/#breadcrumb\"},\"inLanguage\":\"fi\",\"potentialAction\":[{\"@type\":\"ReadAction\",\"target\":[\"https:\/\/staging.genekas24.ee\/toode\/korgsurvepesur-ks-pw130h\/\"]}]},{\"@type\":\"ImageObject\",\"inLanguage\":\"fi\",\"@id\":\"https:\/\/staging.genekas24.ee\/toode\/korgsurvepesur-ks-pw130h\/#primaryimage\",\"url\":\"https:\/\/staging.genekas24.ee\/wp-content\/uploads\/2026\/01\/KS-PW130H-2500x2500_1-1.webp\",\"contentUrl\":\"https:\/\/staging.genekas24.ee\/wp-content\/uploads\/2026\/01\/KS-PW130H-2500x2500_1-1.webp\",\"width\":1600,\"height\":1600},{\"@type\":\"BreadcrumbList\",\"@id\":\"https:\/\/staging.genekas24.ee\/toode\/korgsurvepesur-ks-pw130h\/#breadcrumb\",\"itemListElement\":[{\"@type\":\"ListItem\",\"position\":1,\"name\":\"Home\",\"item\":\"https:\/\/staging.genekas24.ee\/\"},{\"@type\":\"ListItem\",\"position\":2,\"name\":\"Pood\",\"item\":\"https:\/\/staging.genekas24.ee\/pood\/\"},{\"@type\":\"ListItem\",\"position\":3,\"name\":\"K\u00f5rgsurvepesur KS PW130H\"}]},{\"@type\":\"WebSite\",\"@id\":\"https:\/\/staging.genekas24.ee\/#website\",\"url\":\"https:\/\/staging.genekas24.ee\/\",\"name\":\"Genekas24\",\"description\":\"Generaatorid | K&ouml;nner S&ouml;hnen tooted | Genekas24\",\"publisher\":{\"@id\":\"https:\/\/staging.genekas24.ee\/#organization\"},\"potentialAction\":[{\"@type\":\"SearchAction\",\"target\":{\"@type\":\"EntryPoint\",\"urlTemplate\":\"https:\/\/staging.genekas24.ee\/?s={search_term_string}\"},\"query-input\":{\"@type\":\"PropertyValueSpecification\",\"valueRequired\":true,\"valueName\":\"search_term_string\"}}],\"inLanguage\":\"fi\"},{\"@type\":\"Organization\",\"@id\":\"https:\/\/staging.genekas24.ee\/#organization\",\"name\":\"Genekas24\",\"url\":\"https:\/\/staging.genekas24.ee\/\",\"logo\":{\"@type\":\"ImageObject\",\"inLanguage\":\"fi\",\"@id\":\"https:\/\/staging.genekas24.ee\/#\/schema\/logo\/image\/\",\"url\":\"https:\/\/staging.genekas24.ee\/wp-content\/uploads\/2026\/01\/genekas24-logo_black.svg\",\"contentUrl\":\"https:\/\/staging.genekas24.ee\/wp-content\/uploads\/2026\/01\/genekas24-logo_black.svg\",\"width\":840,\"height\":131,\"caption\":\"Genekas24\"},\"image\":{\"@id\":\"https:\/\/staging.genekas24.ee\/#\/schema\/logo\/image\/\"}}]}<\/script>\n<!-- \/ Yoast SEO plugin. -->","yoast_head_json":{"title":"K\u00f5rgsurvepesur KS PW130H - Genekas24","robots":{"index":"index","follow":"follow","max-snippet":"max-snippet:-1","max-image-preview":"max-image-preview:large","max-video-preview":"max-video-preview:-1"},"canonical":"https:\/\/staging.genekas24.ee\/fi\/tuote\/korgsurvepesur-ks-pw130h\/","og_locale":"fi_FI","og_type":"article","og_title":"K\u00f5rgsurvepesur KS PW130H - Genekas24","og_description":"Nimipinge, V 230   Sagedus, Hz 50   Mootori v\u00f5imsus, W 1600   Mootori t\u00fc\u00fcp S\u00fcsinikharja   Maksimaalne r\u00f5hk, Bar 130   Nimipaine, Bar 90   Vooliku pikkus, m 7   Kaabli pikkus, m 5   \u00dcldm\u00f5\u00f5tmed (PxLxK), mm 386\u00d7250\u00d7280   Netokaal, kg 5.4   Kogukaal, kg 6.1   SKU KS PW130H   EAN 4260405368648","og_url":"https:\/\/staging.genekas24.ee\/fi\/tuote\/korgsurvepesur-ks-pw130h\/","og_site_name":"Genekas24","og_image":[{"width":1600,"height":1600,"url":"https:\/\/staging.genekas24.ee\/wp-content\/uploads\/2026\/01\/KS-PW130H-2500x2500_1-1.webp","type":"image\/webp"}],"twitter_card":"summary_large_image","twitter_misc":{"Arvioitu lukuaika":"3 minuuttia"},"schema":{"@context":"https:\/\/schema.org","@graph":[{"@type":"WebPage","@id":"https:\/\/staging.genekas24.ee\/toode\/korgsurvepesur-ks-pw130h\/","url":"https:\/\/staging.genekas24.ee\/toode\/korgsurvepesur-ks-pw130h\/","name":"K\u00f5rgsurvepesur KS PW130H - Genekas24","isPartOf":{"@id":"https:\/\/staging.genekas24.ee\/#website"},"primaryImageOfPage":{"@id":"https:\/\/staging.genekas24.ee\/toode\/korgsurvepesur-ks-pw130h\/#primaryimage"},"image":{"@id":"https:\/\/staging.genekas24.ee\/toode\/korgsurvepesur-ks-pw130h\/#primaryimage"},"thumbnailUrl":"https:\/\/staging.genekas24.ee\/wp-content\/uploads\/2026\/01\/KS-PW130H-2500x2500_1-1.webp","datePublished":"2026-01-08T11:31:03+00:00","breadcrumb":{"@id":"https:\/\/staging.genekas24.ee\/toode\/korgsurvepesur-ks-pw130h\/#breadcrumb"},"inLanguage":"fi","potentialAction":[{"@type":"ReadAction","target":["https:\/\/staging.genekas24.ee\/toode\/korgsurvepesur-ks-pw130h\/"]}]},{"@type":"ImageObject","inLanguage":"fi","@id":"https:\/\/staging.genekas24.ee\/toode\/korgsurvepesur-ks-pw130h\/#primaryimage","url":"https:\/\/staging.genekas24.ee\/wp-content\/uploads\/2026\/01\/KS-PW130H-2500x2500_1-1.webp","contentUrl":"https:\/\/staging.genekas24.ee\/wp-content\/uploads\/2026\/01\/KS-PW130H-2500x2500_1-1.webp","width":1600,"height":1600},{"@type":"BreadcrumbList","@id":"https:\/\/staging.genekas24.ee\/toode\/korgsurvepesur-ks-pw130h\/#breadcrumb","itemListElement":[{"@type":"ListItem","position":1,"name":"Home","item":"https:\/\/staging.genekas24.ee\/"},{"@type":"ListItem","position":2,"name":"Pood","item":"https:\/\/staging.genekas24.ee\/pood\/"},{"@type":"ListItem","position":3,"name":"K\u00f5rgsurvepesur KS PW130H"}]},{"@type":"WebSite","@id":"https:\/\/staging.genekas24.ee\/#website","url":"https:\/\/staging.genekas24.ee\/","name":"Genekas24","description":"Generaatorid | K&ouml;nner S&ouml;hnen tooted | Genekas24","publisher":{"@id":"https:\/\/staging.genekas24.ee\/#organization"},"potentialAction":[{"@type":"SearchAction","target":{"@type":"EntryPoint","urlTemplate":"https:\/\/staging.genekas24.ee\/?s={search_term_string}"},"query-input":{"@type":"PropertyValueSpecification","valueRequired":true,"valueName":"search_term_string"}}],"inLanguage":"fi"},{"@type":"Organization","@id":"https:\/\/staging.genekas24.ee\/#organization","name":"Genekas24","url":"https:\/\/staging.genekas24.ee\/","logo":{"@type":"ImageObject","inLanguage":"fi","@id":"https:\/\/staging.genekas24.ee\/#\/schema\/logo\/image\/","url":"https:\/\/staging.genekas24.ee\/wp-content\/uploads\/2026\/01\/genekas24-logo_black.svg","contentUrl":"https:\/\/staging.genekas24.ee\/wp-content\/uploads\/2026\/01\/genekas24-logo_black.svg","width":840,"height":131,"caption":"Genekas24"},"image":{"@id":"https:\/\/staging.genekas24.ee\/#\/schema\/logo\/image\/"}}]}},"_links":{"self":[{"href":"https:\/\/staging.genekas24.ee\/fi\/wp-json\/wp\/v2\/product\/21988","targetHints":{"allow":["GET"]}}],"collection":[{"href":"https:\/\/staging.genekas24.ee\/fi\/wp-json\/wp\/v2\/product"}],"about":[{"href":"https:\/\/staging.genekas24.ee\/fi\/wp-json\/wp\/v2\/types\/product"}],"version-history":[{"count":2,"href":"https:\/\/staging.genekas24.ee\/fi\/wp-json\/wp\/v2\/product\/21988\/revisions"}],"predecessor-version":[{"id":21994,"href":"https:\/\/staging.genekas24.ee\/fi\/wp-json\/wp\/v2\/product\/21988\/revisions\/21994"}],"wp:featuredmedia":[{"embeddable":true,"href":"https:\/\/staging.genekas24.ee\/fi\/wp-json\/wp\/v2\/media\/21989"}],"wp:attachment":[{"href":"https:\/\/staging.genekas24.ee\/fi\/wp-json\/wp\/v2\/media?parent=21988"}],"wp:term":[{"taxonomy":"product_brand","embeddable":true,"href":"https:\/\/staging.genekas24.ee\/fi\/wp-json\/wp\/v2\/product_brand?post=21988"},{"taxonomy":"product_cat","embeddable":true,"href":"https:\/\/staging.genekas24.ee\/fi\/wp-json\/wp\/v2\/product_cat?post=21988"},{"taxonomy":"product_tag","embeddable":true,"href":"https:\/\/staging.genekas24.ee\/fi\/wp-json\/wp\/v2\/product_tag?post=21988"}],"curies":[{"name":"wp","href":"https:\/\/api.w.org\/{rel}","templated":true}]}}