{"id":21955,"date":"2026-01-08T10:19:54","date_gmt":"2026-01-08T10:19:54","guid":{"rendered":"https:\/\/staging.genekas24.ee\/?post_type=product&#038;p=21955"},"modified":"2026-01-08T10:19:54","modified_gmt":"2026-01-08T10:19:54","slug":"kirves-ks-ca950","status":"publish","type":"product","link":"https:\/\/staging.genekas24.ee\/fi\/tuote\/kirves-ks-ca950\/","title":{"rendered":"Kirves KS CA950"},"content":{"rendered":"<p>KS CA950 kirves K\u00f6nner &amp; S\u00f6hnen\u00ae-ilt on m\u00f5eldud mitmesugusteks majapidamist\u00f6\u00f6deks, nagu puude l\u00f5hkumine, alade puhastamine, puidumaterjalidega t\u00f6\u00f6tamine ning ehitus- ja remondit\u00f6\u00f6deks. See on ka mugav t\u00f6\u00f6riist telkimiseks, matkamiseks ja v\u00e4litegevusteks, kasutamiseks telkimiskirvena.<\/p>\n<p>Kirve metallosa on valmistatud karastatud s\u00fcsinikterasest, mis tagab, et see p\u00fcsib kaua teravana ja on vastupidav killustumisele ja m\u00f5lkidele. Sellel on teflonkatte, mis on tuntud oma k\u00f5rge vastupidavuse poolest \u00e4\u00e4rmuslikele temperatuuridele, mis hoiab \u00e4ra korrosiooni ja rooste, pikendades seel\u00e4bi kirve eluiga. Lisaks pakub PTFE kate suurep\u00e4rast libisemist ja muudab isegi k\u00f5va puidu l\u00f5hkumise lihtsamaks.<\/p>\n<p>Kirve 30\u00b0 teritamisnurk v\u00e4hendab riski, et kirves j\u00e4\u00e4b puidu sisse kinni, ja v\u00f5imaldab lihtsat eemaldamist ilma kahjustusteta.<\/p>\n<p>Hoolikalt disainitud k\u00e4epide on valmistatud kergest ja vastupidavast klaaskiust materjalist, mis on vastupidav niiskuse imendumisele ja pragunemisele. Libisemisvastane kummist k\u00e4epide hoiab \u00e4ra k\u00e4te libisemise kasutamise ajal ja tagab kindla haarde t\u00f6\u00f6riistal. Ergonoomiline disain, millel on vibratsiooni v\u00e4hendamise s\u00fcsteem, v\u00e4hendab tagasil\u00f6\u00f6ki l\u00f6\u00f6gi ajal, v\u00e4hendades oluliselt k\u00e4te koormust ja v\u00e4simust isegi pikaajalisel kasutamisel. Kirve konksukujuline ots parandab haarde kontrolli ja v\u00e4hendab libisemise riski isegi tugevate l\u00f6\u00f6kide korral.<\/p>\n<p>Kirves on varustatud mugava plastkorpusega, millel on klamber, mis sulgeb ja kinnitab t\u00f6\u00f6riista kindlalt. K\u00e4epideme kumerused v\u00f5imaldavad korpust t\u00f6\u00f6riistaga ohutult kanda ja v\u00e4hendavad vigastuste ohtu. Korpusel on euroava, mis v\u00f5imaldab t\u00f6\u00f6riista riputada ja vabastada ruumi t\u00f6\u00f6pingil v\u00f5i t\u00f6\u00f6riistakastis. Riputatavad korpused t\u00f6\u00f6riistadega on kergesti n\u00e4htavad, v\u00f5imaldades kiiresti ja visuaalselt tuvastada vajaliku t\u00f6\u00f6riista.<\/p>\n<p>K\u00e4epideme otsas olev \u00fcmmargune auk v\u00f5imaldab kirvest seinale riputada, s\u00e4\u00e4stes ruumi garaa\u017eis, t\u00f6\u00f6kojas v\u00f5i muudes t\u00f6\u00f6kohtades.<\/p>\n<p><strong>\u00a0EELISED:<\/strong><\/p>\n<ul>\n<li><strong>KARASTATUD S\u00dcSINIKTERASEST TERA.<\/strong>\u00a0Karastatud s\u00fcsinikterasest tera tagab vastupidavuse deformatsioonile ja vastupidavuse.<\/li>\n<li><strong>KERGE KLAASKIUST K\u00c4EPIDE.\u00a0<\/strong>Klaaskiust k\u00e4epide on tugev ja samal ajal kerge, pakkudes mugavust ja usaldusv\u00e4\u00e4rsust.<\/li>\n<li><strong>KUMMIST K\u00c4EPIDEME KATE.<\/strong>\u00a0Kummist libisemisvastane kate k\u00e4epidemel tagab kindla haarde ja hoiab \u00e4ra k\u00e4te libisemise kasutamise ajal.<\/li>\n<li><strong>VIBRATSIOONI SUMMUTAMINE.<\/strong>\u00a0Ergonoomiline disain koos vibratsiooni v\u00e4hendamise s\u00fcsteemiga v\u00e4hendab tagasil\u00f6\u00f6ki, muutes t\u00f6\u00f6riista kasutamise lihtsamaks ja mugavamaks.<\/li>\n<li><strong>V\u00c4HENDATUD LIBISEMISRISKI.<\/strong>\u00a0Kirve konksukujuline ots tagab parema haarde kontrolli ja v\u00e4hendab libisemise riski isegi tugevate l\u00f6\u00f6kide korral.<\/li>\n<li><strong>ANTIKORROSIOONI TERA KATE.<\/strong>\u00a0PTFE (teflon) terakate hoiab \u00e4ra korrosiooni ja rooste, pikendades kirve eluiga.<\/li>\n<li><strong>30\u00b0 TERA TERITAMISNURK.<\/strong>\u00a0Kirve tera 30-kraadine teritamisnurk v\u00e4hendab riski, et kirves j\u00e4\u00e4b puidu sisse kinni, ja v\u00f5imaldab lihtsat eemaldamist ilma kahjustusteta.<\/li>\n<li><strong>KERGE<\/strong>. Kaaludes 950 g, on kirves piisav puude l\u00f5hkumiseks, v\u00f5imaldades samal ajal pikemat kasutamist ilma v\u00e4simuseta.<\/li>\n<li><strong>PLASTKORPUS.\u00a0<\/strong>Kaitsev plastkorpus on varustatud klambriga, mis sulgeb ja lukustab t\u00f6\u00f6riista kindlalt. K\u00e4epideme kumerused v\u00f5imaldavad korpust t\u00f6\u00f6riistaga ohutult transportida, v\u00e4hendades vigastuste ohtu.<\/li>\n<\/ul>\n<p><strong>T\u00e4nu kvaliteetsetele materjalidele ja konstruktsioonile teenib see kirves teid palju aastaid. Saate kergesti l\u00f5hkuda k\u00fcttepuud l\u00f5kke, kamina v\u00f5i sauna jaoks, ilma et tunneksite m\u00e4rkimisv\u00e4\u00e4rset v\u00e4simust v\u00f5i ebamugavust.<\/strong><\/p>","protected":false},"excerpt":{"rendered":"<table>\n<tbody>\n<tr>\n<td>Tera teritamise nurk<\/td>\n<td>30\u00b0<\/td>\n<\/tr>\n<tr>\n<td>K\u00e4epideme pikkus, mm<\/td>\n<td>445<\/td>\n<\/tr>\n<tr>\n<td>K\u00e4sitle materjali<\/td>\n<td>Klaaskiud<\/td>\n<\/tr>\n<tr>\n<td>Tera materjal<\/td>\n<td>karastatud s\u00fcsinikteras<\/td>\n<\/tr>\n<tr>\n<td>Tera katmine<\/td>\n<td>PTFE<\/td>\n<\/tr>\n<tr>\n<td>Nettopaino, kg<\/td>\n<td>0.95<\/td>\n<\/tr>\n<tr>\n<td>Kogukaal, kg<\/td>\n<td>0.95<\/td>\n<\/tr>\n<tr>\n<td>SKU<\/td>\n<td>KS CA950<\/td>\n<\/tr>\n<tr>\n<td>EAN<\/td>\n<td>4260405367399<\/td>\n<\/tr>\n<\/tbody>\n<\/table>","protected":false},"featured_media":21956,"template":"","meta":{"_acf_changed":false,"inline_featured_image":false},"product_brand":[],"product_cat":[159,203],"product_tag":[],"class_list":{"0":"post-21955","1":"product","2":"type-product","3":"status-publish","4":"has-post-thumbnail","6":"product_cat-aiatooriistad","7":"product_cat-kirved","8":"product_shipping_class-vaikepakk","9":"brand-konner-sohnen","11":"first","12":"instock","13":"taxable","14":"shipping-taxable","15":"purchasable","16":"product-type-simple"},"acf":[],"yoast_head":"<!-- This site is optimized with the Yoast SEO plugin v26.2 - https:\/\/yoast.com\/wordpress\/plugins\/seo\/ -->\n<title>Kirves KS CA950 - Genekas24<\/title>\n<meta name=\"robots\" content=\"index, follow, max-snippet:-1, max-image-preview:large, max-video-preview:-1\" \/>\n<link rel=\"canonical\" href=\"https:\/\/staging.genekas24.ee\/fi\/tuote\/kirves-ks-ca950\/\" \/>\n<meta property=\"og:locale\" content=\"fi_FI\" \/>\n<meta property=\"og:type\" content=\"article\" \/>\n<meta property=\"og:title\" content=\"Kirves KS CA950 - Genekas24\" \/>\n<meta property=\"og:description\" content=\"Tera teritamise nurk 30\u00b0   K\u00e4epideme pikkus, mm 445   K\u00e4sitle materjali Klaaskiud   Tera materjal karastatud s\u00fcsinikteras   Tera katmine PTFE   Netokaal, kg 0.95   Kogukaal, kg 0.95   SKU KS CA950   EAN 4260405367399\" \/>\n<meta property=\"og:url\" content=\"https:\/\/staging.genekas24.ee\/fi\/tuote\/kirves-ks-ca950\/\" \/>\n<meta property=\"og:site_name\" content=\"Genekas24\" \/>\n<meta property=\"og:image\" content=\"https:\/\/staging.genekas24.ee\/wp-content\/uploads\/2026\/01\/chopping-axe-ks-ca950_01_58f4fd3e-a27c-4a3a-8bdc-d8b2a8b991e4.webp\" \/>\n\t<meta property=\"og:image:width\" content=\"1600\" \/>\n\t<meta property=\"og:image:height\" content=\"1200\" \/>\n\t<meta property=\"og:image:type\" content=\"image\/webp\" \/>\n<meta name=\"twitter:card\" content=\"summary_large_image\" \/>\n<meta name=\"twitter:label1\" content=\"Arvioitu lukuaika\" \/>\n\t<meta name=\"twitter:data1\" content=\"3 minuuttia\" \/>\n<script type=\"application\/ld+json\" class=\"yoast-schema-graph\">{\"@context\":\"https:\/\/schema.org\",\"@graph\":[{\"@type\":\"WebPage\",\"@id\":\"https:\/\/staging.genekas24.ee\/toode\/kirves-ks-ca950\/\",\"url\":\"https:\/\/staging.genekas24.ee\/toode\/kirves-ks-ca950\/\",\"name\":\"Kirves KS CA950 - Genekas24\",\"isPartOf\":{\"@id\":\"https:\/\/staging.genekas24.ee\/#website\"},\"primaryImageOfPage\":{\"@id\":\"https:\/\/staging.genekas24.ee\/toode\/kirves-ks-ca950\/#primaryimage\"},\"image\":{\"@id\":\"https:\/\/staging.genekas24.ee\/toode\/kirves-ks-ca950\/#primaryimage\"},\"thumbnailUrl\":\"https:\/\/staging.genekas24.ee\/wp-content\/uploads\/2026\/01\/chopping-axe-ks-ca950_01_58f4fd3e-a27c-4a3a-8bdc-d8b2a8b991e4.webp\",\"datePublished\":\"2026-01-08T10:19:54+00:00\",\"breadcrumb\":{\"@id\":\"https:\/\/staging.genekas24.ee\/toode\/kirves-ks-ca950\/#breadcrumb\"},\"inLanguage\":\"fi\",\"potentialAction\":[{\"@type\":\"ReadAction\",\"target\":[\"https:\/\/staging.genekas24.ee\/toode\/kirves-ks-ca950\/\"]}]},{\"@type\":\"ImageObject\",\"inLanguage\":\"fi\",\"@id\":\"https:\/\/staging.genekas24.ee\/toode\/kirves-ks-ca950\/#primaryimage\",\"url\":\"https:\/\/staging.genekas24.ee\/wp-content\/uploads\/2026\/01\/chopping-axe-ks-ca950_01_58f4fd3e-a27c-4a3a-8bdc-d8b2a8b991e4.webp\",\"contentUrl\":\"https:\/\/staging.genekas24.ee\/wp-content\/uploads\/2026\/01\/chopping-axe-ks-ca950_01_58f4fd3e-a27c-4a3a-8bdc-d8b2a8b991e4.webp\",\"width\":1600,\"height\":1200},{\"@type\":\"BreadcrumbList\",\"@id\":\"https:\/\/staging.genekas24.ee\/toode\/kirves-ks-ca950\/#breadcrumb\",\"itemListElement\":[{\"@type\":\"ListItem\",\"position\":1,\"name\":\"Home\",\"item\":\"https:\/\/staging.genekas24.ee\/\"},{\"@type\":\"ListItem\",\"position\":2,\"name\":\"Pood\",\"item\":\"https:\/\/staging.genekas24.ee\/pood\/\"},{\"@type\":\"ListItem\",\"position\":3,\"name\":\"Kirves KS CA950\"}]},{\"@type\":\"WebSite\",\"@id\":\"https:\/\/staging.genekas24.ee\/#website\",\"url\":\"https:\/\/staging.genekas24.ee\/\",\"name\":\"Genekas24\",\"description\":\"Generaatorid | K&ouml;nner S&ouml;hnen tooted | Genekas24\",\"publisher\":{\"@id\":\"https:\/\/staging.genekas24.ee\/#organization\"},\"potentialAction\":[{\"@type\":\"SearchAction\",\"target\":{\"@type\":\"EntryPoint\",\"urlTemplate\":\"https:\/\/staging.genekas24.ee\/?s={search_term_string}\"},\"query-input\":{\"@type\":\"PropertyValueSpecification\",\"valueRequired\":true,\"valueName\":\"search_term_string\"}}],\"inLanguage\":\"fi\"},{\"@type\":\"Organization\",\"@id\":\"https:\/\/staging.genekas24.ee\/#organization\",\"name\":\"Genekas24\",\"url\":\"https:\/\/staging.genekas24.ee\/\",\"logo\":{\"@type\":\"ImageObject\",\"inLanguage\":\"fi\",\"@id\":\"https:\/\/staging.genekas24.ee\/#\/schema\/logo\/image\/\",\"url\":\"https:\/\/staging.genekas24.ee\/wp-content\/uploads\/2026\/01\/genekas24-logo_black.svg\",\"contentUrl\":\"https:\/\/staging.genekas24.ee\/wp-content\/uploads\/2026\/01\/genekas24-logo_black.svg\",\"width\":840,\"height\":131,\"caption\":\"Genekas24\"},\"image\":{\"@id\":\"https:\/\/staging.genekas24.ee\/#\/schema\/logo\/image\/\"}}]}<\/script>\n<!-- \/ Yoast SEO plugin. -->","yoast_head_json":{"title":"Kirves KS CA950 - Genekas24","robots":{"index":"index","follow":"follow","max-snippet":"max-snippet:-1","max-image-preview":"max-image-preview:large","max-video-preview":"max-video-preview:-1"},"canonical":"https:\/\/staging.genekas24.ee\/fi\/tuote\/kirves-ks-ca950\/","og_locale":"fi_FI","og_type":"article","og_title":"Kirves KS CA950 - Genekas24","og_description":"Tera teritamise nurk 30\u00b0   K\u00e4epideme pikkus, mm 445   K\u00e4sitle materjali Klaaskiud   Tera materjal karastatud s\u00fcsinikteras   Tera katmine PTFE   Netokaal, kg 0.95   Kogukaal, kg 0.95   SKU KS CA950   EAN 4260405367399","og_url":"https:\/\/staging.genekas24.ee\/fi\/tuote\/kirves-ks-ca950\/","og_site_name":"Genekas24","og_image":[{"width":1600,"height":1200,"url":"https:\/\/staging.genekas24.ee\/wp-content\/uploads\/2026\/01\/chopping-axe-ks-ca950_01_58f4fd3e-a27c-4a3a-8bdc-d8b2a8b991e4.webp","type":"image\/webp"}],"twitter_card":"summary_large_image","twitter_misc":{"Arvioitu lukuaika":"3 minuuttia"},"schema":{"@context":"https:\/\/schema.org","@graph":[{"@type":"WebPage","@id":"https:\/\/staging.genekas24.ee\/toode\/kirves-ks-ca950\/","url":"https:\/\/staging.genekas24.ee\/toode\/kirves-ks-ca950\/","name":"Kirves KS CA950 - Genekas24","isPartOf":{"@id":"https:\/\/staging.genekas24.ee\/#website"},"primaryImageOfPage":{"@id":"https:\/\/staging.genekas24.ee\/toode\/kirves-ks-ca950\/#primaryimage"},"image":{"@id":"https:\/\/staging.genekas24.ee\/toode\/kirves-ks-ca950\/#primaryimage"},"thumbnailUrl":"https:\/\/staging.genekas24.ee\/wp-content\/uploads\/2026\/01\/chopping-axe-ks-ca950_01_58f4fd3e-a27c-4a3a-8bdc-d8b2a8b991e4.webp","datePublished":"2026-01-08T10:19:54+00:00","breadcrumb":{"@id":"https:\/\/staging.genekas24.ee\/toode\/kirves-ks-ca950\/#breadcrumb"},"inLanguage":"fi","potentialAction":[{"@type":"ReadAction","target":["https:\/\/staging.genekas24.ee\/toode\/kirves-ks-ca950\/"]}]},{"@type":"ImageObject","inLanguage":"fi","@id":"https:\/\/staging.genekas24.ee\/toode\/kirves-ks-ca950\/#primaryimage","url":"https:\/\/staging.genekas24.ee\/wp-content\/uploads\/2026\/01\/chopping-axe-ks-ca950_01_58f4fd3e-a27c-4a3a-8bdc-d8b2a8b991e4.webp","contentUrl":"https:\/\/staging.genekas24.ee\/wp-content\/uploads\/2026\/01\/chopping-axe-ks-ca950_01_58f4fd3e-a27c-4a3a-8bdc-d8b2a8b991e4.webp","width":1600,"height":1200},{"@type":"BreadcrumbList","@id":"https:\/\/staging.genekas24.ee\/toode\/kirves-ks-ca950\/#breadcrumb","itemListElement":[{"@type":"ListItem","position":1,"name":"Home","item":"https:\/\/staging.genekas24.ee\/"},{"@type":"ListItem","position":2,"name":"Pood","item":"https:\/\/staging.genekas24.ee\/pood\/"},{"@type":"ListItem","position":3,"name":"Kirves KS CA950"}]},{"@type":"WebSite","@id":"https:\/\/staging.genekas24.ee\/#website","url":"https:\/\/staging.genekas24.ee\/","name":"Genekas24","description":"Generaatorid | K&ouml;nner S&ouml;hnen tooted | Genekas24","publisher":{"@id":"https:\/\/staging.genekas24.ee\/#organization"},"potentialAction":[{"@type":"SearchAction","target":{"@type":"EntryPoint","urlTemplate":"https:\/\/staging.genekas24.ee\/?s={search_term_string}"},"query-input":{"@type":"PropertyValueSpecification","valueRequired":true,"valueName":"search_term_string"}}],"inLanguage":"fi"},{"@type":"Organization","@id":"https:\/\/staging.genekas24.ee\/#organization","name":"Genekas24","url":"https:\/\/staging.genekas24.ee\/","logo":{"@type":"ImageObject","inLanguage":"fi","@id":"https:\/\/staging.genekas24.ee\/#\/schema\/logo\/image\/","url":"https:\/\/staging.genekas24.ee\/wp-content\/uploads\/2026\/01\/genekas24-logo_black.svg","contentUrl":"https:\/\/staging.genekas24.ee\/wp-content\/uploads\/2026\/01\/genekas24-logo_black.svg","width":840,"height":131,"caption":"Genekas24"},"image":{"@id":"https:\/\/staging.genekas24.ee\/#\/schema\/logo\/image\/"}}]}},"_links":{"self":[{"href":"https:\/\/staging.genekas24.ee\/fi\/wp-json\/wp\/v2\/product\/21955","targetHints":{"allow":["GET"]}}],"collection":[{"href":"https:\/\/staging.genekas24.ee\/fi\/wp-json\/wp\/v2\/product"}],"about":[{"href":"https:\/\/staging.genekas24.ee\/fi\/wp-json\/wp\/v2\/types\/product"}],"version-history":[{"count":2,"href":"https:\/\/staging.genekas24.ee\/fi\/wp-json\/wp\/v2\/product\/21955\/revisions"}],"predecessor-version":[{"id":21960,"href":"https:\/\/staging.genekas24.ee\/fi\/wp-json\/wp\/v2\/product\/21955\/revisions\/21960"}],"wp:featuredmedia":[{"embeddable":true,"href":"https:\/\/staging.genekas24.ee\/fi\/wp-json\/wp\/v2\/media\/21956"}],"wp:attachment":[{"href":"https:\/\/staging.genekas24.ee\/fi\/wp-json\/wp\/v2\/media?parent=21955"}],"wp:term":[{"taxonomy":"product_brand","embeddable":true,"href":"https:\/\/staging.genekas24.ee\/fi\/wp-json\/wp\/v2\/product_brand?post=21955"},{"taxonomy":"product_cat","embeddable":true,"href":"https:\/\/staging.genekas24.ee\/fi\/wp-json\/wp\/v2\/product_cat?post=21955"},{"taxonomy":"product_tag","embeddable":true,"href":"https:\/\/staging.genekas24.ee\/fi\/wp-json\/wp\/v2\/product_tag?post=21955"}],"curies":[{"name":"wp","href":"https:\/\/api.w.org\/{rel}","templated":true}]}}