{"id":21917,"date":"2026-01-07T11:45:25","date_gmt":"2026-01-07T11:45:25","guid":{"rendered":"https:\/\/staging.genekas24.ee\/?post_type=product&#038;p=21917"},"modified":"2026-01-07T11:45:26","modified_gmt":"2026-01-07T11:45:26","slug":"elektriline-mullafrees-ks-1500t-e","status":"publish","type":"product","link":"https:\/\/staging.genekas24.ee\/fi\/tuote\/elektriline-mullafrees-ks-1500t-e\/","title":{"rendered":"Elektriline mullafrees KS 1500T E"},"content":{"rendered":"<p>K\u00f6nner &amp; S\u00f6hnen elektrilised mullafreesid on suurep\u00e4rased abilised ja m\u00f5eldud mulla harimiseks maja l\u00e4hedal v\u00f5i aias. Need seadmed saavad h\u00f5lpsasti man\u00f6\u00f6verdada kitsastes kohtades, n\u00e4iteks kasvuhoonetes v\u00f5i maastikukujunduse aladel. Neid on lihtne kasutada, ei vaja erioskusi ja neid saavad kasutada k\u00f5ik . Selle liini mullafreesid on keskkonnas\u00f5bralikud, madala m\u00fcratasemega ja vajavad minimaalset hooldust. Elektriline mullafrees on parim kodune abiline, sest seda saab kasutada mitte ainult mulla harimiseks, vaid ka v\u00e4etamiseks, kobestamiseks ja tasandamiseks, ridade vahel rohimiseks, mulla kuhjamiseks ja vagude tegemiseks.<\/p>\n<table style=\"border-collapse: collapse; width: 100%;\">\n<tbody>\n<tr>\n<td style=\"width: 16.4012%;\"><img decoding=\"async\" src=\"https:\/\/konner-sohnen.ee\/cdn\/shop\/files\/ks_1500t_e-motor.jpg?v=1723486277&amp;width=500\" alt=\"Keskkonnas\u00f5bralik mootor\" \/><\/td>\n<td style=\"width: 83.5988%;\">\n<h3>Keskkonnas\u00f5bralik mootor<\/h3>\n<div class=\"text-sm\">Elektrilised mullafreesid firmalt K\u00f6nner &amp; S\u00f6hnen on varustatud suure j\u00f5udlusega, usaldusv\u00e4\u00e4rse, keskkonnas\u00f5braliku ja peaaegu vaikse K&amp;S mootoriga.<\/div>\n<\/td>\n<\/tr>\n<tr>\n<td style=\"width: 16.4012%;\"><img decoding=\"async\" src=\"https:\/\/konner-sohnen.ee\/cdn\/shop\/files\/ks1500T-E_cutters.png?v=1723486277&amp;width=500\" alt=\"Tugevad l\u00f5ikurid\" \/><\/td>\n<td style=\"width: 83.5988%;\">\n<h3>Tugevad l\u00f5ikurid<\/h3>\n<div class=\"text-sm\">Vastupidavad terad sobivad ideaalselt pehme (kerge) pinnase t\u00f6\u00f6tlemiseks\u2014aialapid, lillepeenrad, kasvuhooned ja alad maja \u00fcmbruses.<\/div>\n<\/td>\n<\/tr>\n<tr>\n<td style=\"width: 16.4012%;\"><img decoding=\"async\" src=\"https:\/\/konner-sohnen.ee\/cdn\/shop\/files\/ks1500T-E_wheels.png?v=1723486276&amp;width=500\" alt=\"Transpordirattad\" \/><\/td>\n<td style=\"width: 83.5988%;\"><strong><span style=\"font-size: 14pt;\">Transpordirattad<\/span><\/strong><br \/>\nMullafreesid on varustatud ratastega, et h\u00f5lbustada transporti igal pinnasel.<\/td>\n<\/tr>\n<tr>\n<td style=\"width: 16.4012%;\"><img decoding=\"async\" src=\"https:\/\/konner-sohnen.ee\/cdn\/shop\/files\/ks1500T-E_handles.png?v=1723486278&amp;width=500\" alt=\"Ergonoomiline juhtpaneel\" \/><\/td>\n<td style=\"width: 83.5988%;\">\n<h3>Ergonoomiline juhtpaneel<\/h3>\n<div class=\"text-sm\">Ergonoomiline juhtpaneel v\u00f5imaldab teil mullafreesi kiiresti juhtida ja h\u00f5lpsasti man\u00f6\u00f6verdada.<\/div>\n<\/td>\n<\/tr>\n<\/tbody>\n<\/table>","protected":false},"excerpt":{"rendered":"<table>\n<tbody>\n<tr>\n<td>Mootori v\u00f5imsus, W<\/td>\n<td>1500<\/td>\n<\/tr>\n<tr>\n<td>J\u00e4nnite, V<\/td>\n<td>230<\/td>\n<\/tr>\n<tr>\n<td>Moottorin malli<\/td>\n<td>KS ECO 1500<\/td>\n<\/tr>\n<tr>\n<td>Moottorityyppi<\/td>\n<td>S\u00e4hk\u00f6inen<\/td>\n<\/tr>\n<tr>\n<td>Kobestamise laius, cm<\/td>\n<td>45<\/td>\n<\/tr>\n<tr>\n<td>Kobestuslaba l\u00e4bim\u00f5\u00f5t, cm<\/td>\n<td>22<\/td>\n<\/tr>\n<tr>\n<td>Taajuus, Hz<\/td>\n<td>50<\/td>\n<\/tr>\n<tr>\n<td>M\u00fcra tase Lpa (7m)\/Lwa, dB<\/td>\n<td>68\/93<\/td>\n<\/tr>\n<tr>\n<td>Suojausluokka<\/td>\n<td>IPX4<\/td>\n<\/tr>\n<tr>\n<td>\u00dcldm\u00f5\u00f5tmed (PxLxK), mm<\/td>\n<td>480\u00d7320\u00d7545<\/td>\n<\/tr>\n<tr>\n<td>Nettopaino, kg<\/td>\n<td>12<\/td>\n<\/tr>\n<tr>\n<td>Kogukaal, kg<\/td>\n<td>14.5<\/td>\n<\/tr>\n<tr>\n<td>SKU<\/td>\n<td>KS 1500T E<\/td>\n<\/tr>\n<tr>\n<td>EAN<\/td>\n<td>4260405361809<\/td>\n<\/tr>\n<\/tbody>\n<\/table>\n<div class=\"below-spec-info\">\n<div class=\"metafield-rich_text_field\">\n<p><span style=\"font-size: 10pt;\"><em>T\u00c4HTIS!<\/em><\/span><\/p>\n<p><span style=\"font-size: 10pt;\"><em>See mullafreesi mudel on m\u00f5eldud ainult pehme (kerge) pinnasega t\u00f6\u00f6tamiseks: lillepeenrad, aiapeenrad, kasvuhooned ja maja l\u00e4hedal asuvad alad.<\/em><\/span><\/p>\n<p><span style=\"font-size: 10pt;\"><em>K\u00f5va (raskema) pinnase jaoks on soovitatav kasutada v\u00f5imsamaid K\u00f6nner &amp; S\u00f6hnen mullafreese, mis on spetsiaalselt loodud keeruliste tingimuste jaoks.<\/em><\/span><\/p>\n<p><span style=\"font-size: 10pt;\"><em>Selle mudeli kasutamine k\u00f5val pinnasel v\u00f5ib p\u00f5hjustada seadme kahjustusi ja t\u00fchistada garantii.<\/em><\/span><\/p>\n<\/div>\n<\/div>","protected":false},"featured_media":21918,"template":"","meta":{"_acf_changed":false,"inline_featured_image":false},"product_brand":[],"product_cat":[159,201,188],"product_tag":[],"class_list":{"0":"post-21917","1":"product","2":"type-product","3":"status-publish","4":"has-post-thumbnail","6":"product_cat-aiatooriistad","7":"product_cat-elektrilised-kultivaatorid","8":"product_cat-kultivaatorid","9":"product_shipping_class-vaikepakk","10":"brand-konner-sohnen","12":"first","13":"instock","14":"taxable","15":"shipping-taxable","16":"purchasable","17":"product-type-simple"},"acf":[],"yoast_head":"<!-- This site is optimized with the Yoast SEO plugin v26.2 - https:\/\/yoast.com\/wordpress\/plugins\/seo\/ -->\n<title>Elektriline mullafrees KS 1500T E - Genekas24<\/title>\n<meta name=\"robots\" content=\"index, follow, max-snippet:-1, max-image-preview:large, max-video-preview:-1\" \/>\n<link rel=\"canonical\" href=\"https:\/\/staging.genekas24.ee\/fi\/tuote\/elektriline-mullafrees-ks-1500t-e\/\" \/>\n<meta property=\"og:locale\" content=\"fi_FI\" \/>\n<meta property=\"og:type\" content=\"article\" \/>\n<meta property=\"og:title\" content=\"Elektriline mullafrees KS 1500T E - Genekas24\" \/>\n<meta property=\"og:description\" content=\"Mootori v\u00f5imsus, W 1500   Pinge, V 230   Mootori mudel KS ECO 1500   Mootori t\u00fc\u00fcp Elektriline   Kobestamise laius, cm 45   Kobestuslaba l\u00e4bim\u00f5\u00f5t, cm 22   Sagedus, Hz 50   M\u00fcra tase Lpa (7m)\/Lwa, dB 68\/93   Kaitseklass IPX4   \u00dcldm\u00f5\u00f5tmed (PxLxK), mm 480\u00d7320\u00d7545   Netokaal, kg 12   Kogukaal, kg 14.5   SKU KS 1500T E   EAN 4260405361809       T\u00c4HTIS!  See mullafreesi mudel on m\u00f5eldud ainult pehme (kerge) pinnasega t\u00f6\u00f6tamiseks: lillepeenrad, aiapeenrad, kasvuhooned ja maja l\u00e4hedal asuvad alad.  K\u00f5va (raskema) pinnase jaoks on soovitatav kasutada v\u00f5imsamaid K\u00f6nner &amp; S\u00f6hnen mullafreese, mis on spetsiaalselt loodud keeruliste tingimuste jaoks.  Selle mudeli kasutamine k\u00f5val pinnasel v\u00f5ib p\u00f5hjustada seadme kahjustusi ja t\u00fchistada garantii.\" \/>\n<meta property=\"og:url\" content=\"https:\/\/staging.genekas24.ee\/fi\/tuote\/elektriline-mullafrees-ks-1500t-e\/\" \/>\n<meta property=\"og:site_name\" content=\"Genekas24\" \/>\n<meta property=\"article:modified_time\" content=\"2026-01-07T11:45:26+00:00\" \/>\n<meta property=\"og:image\" content=\"https:\/\/staging.genekas24.ee\/wp-content\/uploads\/2026\/01\/ks1500T-E_web_1_52f46829-a757-4e84-9849-0547d245e162.webp\" \/>\n\t<meta property=\"og:image:width\" content=\"900\" \/>\n\t<meta property=\"og:image:height\" content=\"713\" \/>\n\t<meta property=\"og:image:type\" content=\"image\/webp\" \/>\n<meta name=\"twitter:card\" content=\"summary_large_image\" \/>\n<meta name=\"twitter:label1\" content=\"Arvioitu lukuaika\" \/>\n\t<meta name=\"twitter:data1\" content=\"2 minuuttia\" \/>\n<script type=\"application\/ld+json\" class=\"yoast-schema-graph\">{\"@context\":\"https:\/\/schema.org\",\"@graph\":[{\"@type\":\"WebPage\",\"@id\":\"https:\/\/staging.genekas24.ee\/toode\/elektriline-mullafrees-ks-1500t-e\/\",\"url\":\"https:\/\/staging.genekas24.ee\/toode\/elektriline-mullafrees-ks-1500t-e\/\",\"name\":\"Elektriline mullafrees KS 1500T E - Genekas24\",\"isPartOf\":{\"@id\":\"https:\/\/staging.genekas24.ee\/#website\"},\"primaryImageOfPage\":{\"@id\":\"https:\/\/staging.genekas24.ee\/toode\/elektriline-mullafrees-ks-1500t-e\/#primaryimage\"},\"image\":{\"@id\":\"https:\/\/staging.genekas24.ee\/toode\/elektriline-mullafrees-ks-1500t-e\/#primaryimage\"},\"thumbnailUrl\":\"https:\/\/staging.genekas24.ee\/wp-content\/uploads\/2026\/01\/ks1500T-E_web_1_52f46829-a757-4e84-9849-0547d245e162.webp\",\"datePublished\":\"2026-01-07T11:45:25+00:00\",\"dateModified\":\"2026-01-07T11:45:26+00:00\",\"breadcrumb\":{\"@id\":\"https:\/\/staging.genekas24.ee\/toode\/elektriline-mullafrees-ks-1500t-e\/#breadcrumb\"},\"inLanguage\":\"fi\",\"potentialAction\":[{\"@type\":\"ReadAction\",\"target\":[\"https:\/\/staging.genekas24.ee\/toode\/elektriline-mullafrees-ks-1500t-e\/\"]}]},{\"@type\":\"ImageObject\",\"inLanguage\":\"fi\",\"@id\":\"https:\/\/staging.genekas24.ee\/toode\/elektriline-mullafrees-ks-1500t-e\/#primaryimage\",\"url\":\"https:\/\/staging.genekas24.ee\/wp-content\/uploads\/2026\/01\/ks1500T-E_web_1_52f46829-a757-4e84-9849-0547d245e162.webp\",\"contentUrl\":\"https:\/\/staging.genekas24.ee\/wp-content\/uploads\/2026\/01\/ks1500T-E_web_1_52f46829-a757-4e84-9849-0547d245e162.webp\",\"width\":900,\"height\":713},{\"@type\":\"BreadcrumbList\",\"@id\":\"https:\/\/staging.genekas24.ee\/toode\/elektriline-mullafrees-ks-1500t-e\/#breadcrumb\",\"itemListElement\":[{\"@type\":\"ListItem\",\"position\":1,\"name\":\"Home\",\"item\":\"https:\/\/staging.genekas24.ee\/\"},{\"@type\":\"ListItem\",\"position\":2,\"name\":\"Pood\",\"item\":\"https:\/\/staging.genekas24.ee\/pood\/\"},{\"@type\":\"ListItem\",\"position\":3,\"name\":\"Elektriline mullafrees KS 1500T E\"}]},{\"@type\":\"WebSite\",\"@id\":\"https:\/\/staging.genekas24.ee\/#website\",\"url\":\"https:\/\/staging.genekas24.ee\/\",\"name\":\"Genekas24\",\"description\":\"Generaatorid | K&ouml;nner S&ouml;hnen tooted | Genekas24\",\"publisher\":{\"@id\":\"https:\/\/staging.genekas24.ee\/#organization\"},\"potentialAction\":[{\"@type\":\"SearchAction\",\"target\":{\"@type\":\"EntryPoint\",\"urlTemplate\":\"https:\/\/staging.genekas24.ee\/?s={search_term_string}\"},\"query-input\":{\"@type\":\"PropertyValueSpecification\",\"valueRequired\":true,\"valueName\":\"search_term_string\"}}],\"inLanguage\":\"fi\"},{\"@type\":\"Organization\",\"@id\":\"https:\/\/staging.genekas24.ee\/#organization\",\"name\":\"Genekas24\",\"url\":\"https:\/\/staging.genekas24.ee\/\",\"logo\":{\"@type\":\"ImageObject\",\"inLanguage\":\"fi\",\"@id\":\"https:\/\/staging.genekas24.ee\/#\/schema\/logo\/image\/\",\"url\":\"https:\/\/staging.genekas24.ee\/wp-content\/uploads\/2026\/01\/genekas24-logo_black.svg\",\"contentUrl\":\"https:\/\/staging.genekas24.ee\/wp-content\/uploads\/2026\/01\/genekas24-logo_black.svg\",\"width\":840,\"height\":131,\"caption\":\"Genekas24\"},\"image\":{\"@id\":\"https:\/\/staging.genekas24.ee\/#\/schema\/logo\/image\/\"}}]}<\/script>\n<!-- \/ Yoast SEO plugin. -->","yoast_head_json":{"title":"Elektriline mullafrees KS 1500T E - Genekas24","robots":{"index":"index","follow":"follow","max-snippet":"max-snippet:-1","max-image-preview":"max-image-preview:large","max-video-preview":"max-video-preview:-1"},"canonical":"https:\/\/staging.genekas24.ee\/fi\/tuote\/elektriline-mullafrees-ks-1500t-e\/","og_locale":"fi_FI","og_type":"article","og_title":"Elektriline mullafrees KS 1500T E - Genekas24","og_description":"Mootori v\u00f5imsus, W 1500   Pinge, V 230   Mootori mudel KS ECO 1500   Mootori t\u00fc\u00fcp Elektriline   Kobestamise laius, cm 45   Kobestuslaba l\u00e4bim\u00f5\u00f5t, cm 22   Sagedus, Hz 50   M\u00fcra tase Lpa (7m)\/Lwa, dB 68\/93   Kaitseklass IPX4   \u00dcldm\u00f5\u00f5tmed (PxLxK), mm 480\u00d7320\u00d7545   Netokaal, kg 12   Kogukaal, kg 14.5   SKU KS 1500T E   EAN 4260405361809       T\u00c4HTIS!  See mullafreesi mudel on m\u00f5eldud ainult pehme (kerge) pinnasega t\u00f6\u00f6tamiseks: lillepeenrad, aiapeenrad, kasvuhooned ja maja l\u00e4hedal asuvad alad.  K\u00f5va (raskema) pinnase jaoks on soovitatav kasutada v\u00f5imsamaid K\u00f6nner &amp; S\u00f6hnen mullafreese, mis on spetsiaalselt loodud keeruliste tingimuste jaoks.  Selle mudeli kasutamine k\u00f5val pinnasel v\u00f5ib p\u00f5hjustada seadme kahjustusi ja t\u00fchistada garantii.","og_url":"https:\/\/staging.genekas24.ee\/fi\/tuote\/elektriline-mullafrees-ks-1500t-e\/","og_site_name":"Genekas24","article_modified_time":"2026-01-07T11:45:26+00:00","og_image":[{"width":900,"height":713,"url":"https:\/\/staging.genekas24.ee\/wp-content\/uploads\/2026\/01\/ks1500T-E_web_1_52f46829-a757-4e84-9849-0547d245e162.webp","type":"image\/webp"}],"twitter_card":"summary_large_image","twitter_misc":{"Arvioitu lukuaika":"2 minuuttia"},"schema":{"@context":"https:\/\/schema.org","@graph":[{"@type":"WebPage","@id":"https:\/\/staging.genekas24.ee\/toode\/elektriline-mullafrees-ks-1500t-e\/","url":"https:\/\/staging.genekas24.ee\/toode\/elektriline-mullafrees-ks-1500t-e\/","name":"Elektriline mullafrees KS 1500T E - Genekas24","isPartOf":{"@id":"https:\/\/staging.genekas24.ee\/#website"},"primaryImageOfPage":{"@id":"https:\/\/staging.genekas24.ee\/toode\/elektriline-mullafrees-ks-1500t-e\/#primaryimage"},"image":{"@id":"https:\/\/staging.genekas24.ee\/toode\/elektriline-mullafrees-ks-1500t-e\/#primaryimage"},"thumbnailUrl":"https:\/\/staging.genekas24.ee\/wp-content\/uploads\/2026\/01\/ks1500T-E_web_1_52f46829-a757-4e84-9849-0547d245e162.webp","datePublished":"2026-01-07T11:45:25+00:00","dateModified":"2026-01-07T11:45:26+00:00","breadcrumb":{"@id":"https:\/\/staging.genekas24.ee\/toode\/elektriline-mullafrees-ks-1500t-e\/#breadcrumb"},"inLanguage":"fi","potentialAction":[{"@type":"ReadAction","target":["https:\/\/staging.genekas24.ee\/toode\/elektriline-mullafrees-ks-1500t-e\/"]}]},{"@type":"ImageObject","inLanguage":"fi","@id":"https:\/\/staging.genekas24.ee\/toode\/elektriline-mullafrees-ks-1500t-e\/#primaryimage","url":"https:\/\/staging.genekas24.ee\/wp-content\/uploads\/2026\/01\/ks1500T-E_web_1_52f46829-a757-4e84-9849-0547d245e162.webp","contentUrl":"https:\/\/staging.genekas24.ee\/wp-content\/uploads\/2026\/01\/ks1500T-E_web_1_52f46829-a757-4e84-9849-0547d245e162.webp","width":900,"height":713},{"@type":"BreadcrumbList","@id":"https:\/\/staging.genekas24.ee\/toode\/elektriline-mullafrees-ks-1500t-e\/#breadcrumb","itemListElement":[{"@type":"ListItem","position":1,"name":"Home","item":"https:\/\/staging.genekas24.ee\/"},{"@type":"ListItem","position":2,"name":"Pood","item":"https:\/\/staging.genekas24.ee\/pood\/"},{"@type":"ListItem","position":3,"name":"Elektriline mullafrees KS 1500T E"}]},{"@type":"WebSite","@id":"https:\/\/staging.genekas24.ee\/#website","url":"https:\/\/staging.genekas24.ee\/","name":"Genekas24","description":"Generaatorid | K&ouml;nner S&ouml;hnen tooted | Genekas24","publisher":{"@id":"https:\/\/staging.genekas24.ee\/#organization"},"potentialAction":[{"@type":"SearchAction","target":{"@type":"EntryPoint","urlTemplate":"https:\/\/staging.genekas24.ee\/?s={search_term_string}"},"query-input":{"@type":"PropertyValueSpecification","valueRequired":true,"valueName":"search_term_string"}}],"inLanguage":"fi"},{"@type":"Organization","@id":"https:\/\/staging.genekas24.ee\/#organization","name":"Genekas24","url":"https:\/\/staging.genekas24.ee\/","logo":{"@type":"ImageObject","inLanguage":"fi","@id":"https:\/\/staging.genekas24.ee\/#\/schema\/logo\/image\/","url":"https:\/\/staging.genekas24.ee\/wp-content\/uploads\/2026\/01\/genekas24-logo_black.svg","contentUrl":"https:\/\/staging.genekas24.ee\/wp-content\/uploads\/2026\/01\/genekas24-logo_black.svg","width":840,"height":131,"caption":"Genekas24"},"image":{"@id":"https:\/\/staging.genekas24.ee\/#\/schema\/logo\/image\/"}}]}},"_links":{"self":[{"href":"https:\/\/staging.genekas24.ee\/fi\/wp-json\/wp\/v2\/product\/21917","targetHints":{"allow":["GET"]}}],"collection":[{"href":"https:\/\/staging.genekas24.ee\/fi\/wp-json\/wp\/v2\/product"}],"about":[{"href":"https:\/\/staging.genekas24.ee\/fi\/wp-json\/wp\/v2\/types\/product"}],"version-history":[{"count":2,"href":"https:\/\/staging.genekas24.ee\/fi\/wp-json\/wp\/v2\/product\/21917\/revisions"}],"predecessor-version":[{"id":21929,"href":"https:\/\/staging.genekas24.ee\/fi\/wp-json\/wp\/v2\/product\/21917\/revisions\/21929"}],"wp:featuredmedia":[{"embeddable":true,"href":"https:\/\/staging.genekas24.ee\/fi\/wp-json\/wp\/v2\/media\/21918"}],"wp:attachment":[{"href":"https:\/\/staging.genekas24.ee\/fi\/wp-json\/wp\/v2\/media?parent=21917"}],"wp:term":[{"taxonomy":"product_brand","embeddable":true,"href":"https:\/\/staging.genekas24.ee\/fi\/wp-json\/wp\/v2\/product_brand?post=21917"},{"taxonomy":"product_cat","embeddable":true,"href":"https:\/\/staging.genekas24.ee\/fi\/wp-json\/wp\/v2\/product_cat?post=21917"},{"taxonomy":"product_tag","embeddable":true,"href":"https:\/\/staging.genekas24.ee\/fi\/wp-json\/wp\/v2\/product_tag?post=21917"}],"curies":[{"name":"wp","href":"https:\/\/api.w.org\/{rel}","templated":true}]}}