{"id":21885,"date":"2026-01-07T10:18:26","date_gmt":"2026-01-07T10:18:26","guid":{"rendered":"https:\/\/staging.genekas24.ee\/?post_type=product&#038;p=21885"},"modified":"2026-01-07T10:34:53","modified_gmt":"2026-01-07T10:34:53","slug":"muru-ja-hekikaarid-ks-sht-8v","status":"publish","type":"product","link":"https:\/\/staging.genekas24.ee\/fi\/tuote\/muru-ja-hekikaarid-ks-sht-8v\/","title":{"rendered":"Muru- ja hekik\u00e4\u00e4rid KS SHT-8V"},"content":{"rendered":"<p>Juhtmeta aiak\u00e4\u00e4rid, millel on integreeritud 2000 mAh aku Saksa kaubam\u00e4rgilt K\u00f6nner &amp; S\u00f6hnen\u00ae, tagavad pikaajalise t\u00f6\u00f6 ilma sagedase laadimiseta. P\u00f6\u00f6rlev k\u00e4epide v\u00f5imaldab mugavat kasutamist igas asendis, samas kui kiire teravahetus tagab mitmek\u00fclgsuse. Laadimisindikaator aitab j\u00e4lgida energiataset. Kolmekordne kaitses\u00fcsteem (turvalukk, turval\u00fcliti, toitel\u00fcliti) tagab maksimaalse ohutuse ja lukustusnupp hoiab \u00e4ra juhusliku aktiveerimise. Need k\u00e4\u00e4rid on ideaalsed aedade, p\u00f5\u00f5saste ja dekoratiivtaimede hooldamiseks, muutes need usaldusv\u00e4\u00e4rseks abiliseks k\u00f5igi teie aiat\u00f6\u00f6de jaoks.<\/p>\n<table style=\"border-collapse: collapse; width: 100%;\">\n<tbody>\n<tr>\n<td style=\"width: 14.1564%;\"><img decoding=\"async\" src=\"https:\/\/konner-sohnen.ee\/cdn\/shop\/files\/1._Rotating_Handle.jpg?v=1753441628&amp;width=500\" alt=\"P\u00f6\u00f6rlev k\u00e4epide\" \/><\/td>\n<td style=\"width: 85.8436%;\">\n<h3>P\u00f6\u00f6rlev k\u00e4epide<\/h3>\n<div class=\"text-sm\">L\u00e4bim\u00f5eldud disain v\u00f5imaldab teil reguleerida nurka, v\u00e4hendades randmete ja k\u00e4te pinget. Nii on k\u00e4\u00e4rid mugavad kasutada ka pikema t\u00f6\u00f6perioodi jooksul ja aitavad teil h\u00f5lpsasti toime tulla ka raskesti ligip\u00e4\u00e4setavate kohtadega.<\/div>\n<\/td>\n<\/tr>\n<tr>\n<td style=\"width: 14.1564%;\"><img decoding=\"async\" src=\"https:\/\/konner-sohnen.ee\/cdn\/shop\/files\/2._Battery_Charge_Indicator.jpg?v=1753441632&amp;width=500\" alt=\"Aku laetuse indikaator\" \/><\/td>\n<td style=\"width: 85.8436%;\">\n<h3>Aku taseme indikaator<\/h3>\n<div class=\"text-sm\">Integreeritud indikaator n\u00e4itab, millal on aeg seadet laadida, tagades katkematu t\u00f6\u00f6 ilma ootamatute peatusteta, muutes aiat\u00f6\u00f6 veelgi t\u00f5husamaks.<\/div>\n<\/td>\n<\/tr>\n<tr>\n<td style=\"width: 14.1564%;\"><img decoding=\"async\" src=\"https:\/\/konner-sohnen.ee\/cdn\/shop\/files\/3._Quick_Blade_Replacement.jpg?v=1753441636&amp;width=500\" alt=\"Kiire tera vahetus\" \/><\/td>\n<td style=\"width: 85.8436%;\">\n<h3>Kiire tera vahetus<\/h3>\n<div class=\"text-sm\">S\u00e4\u00e4stke aega, vahetades terasid lihtsalt ilma lisat\u00f6\u00f6riistadeta. See funktsioon v\u00f5imaldab teil kiiresti kohandada k\u00e4\u00e4re erinevateks \u00fclesanneteks, suurendades tootlikkust ja lihtsustades taimede hooldust.<\/div>\n<\/td>\n<\/tr>\n<tr>\n<td style=\"width: 14.1564%;\"><img decoding=\"async\" src=\"https:\/\/konner-sohnen.ee\/cdn\/shop\/files\/4._Lock_Button.jpg?v=1753441634&amp;width=500\" alt=\"Lukustusnupp\" \/><\/td>\n<td style=\"width: 85.8436%;\">\n<h3>Lukustusnupp<\/h3>\n<div class=\"text-sm\">V\u00e4ldib juhuslikku aktiveerimist, mis on eriti oluline transpordi ja hoiustamise ajal. T\u00e4nu sellele funktsioonile on k\u00e4\u00e4rid ohutud kasutada isegi lastega majapidamistes.<\/div>\n<\/td>\n<\/tr>\n<tr>\n<td style=\"width: 14.1564%;\"><img decoding=\"async\" src=\"https:\/\/konner-sohnen.ee\/cdn\/shop\/files\/5._Integrated_2000_mAh_battery.jpg?v=1753441637&amp;width=500\" alt=\"Integreeritud 2000 mAh aku\" \/><\/td>\n<td style=\"width: 85.8436%;\">\n<h3>Integreeritud 2000 mAh aku<\/h3>\n<div class=\"text-sm\">V\u00f5imas aku tagab pikaajalise, autonoomse t\u00f6\u00f6 ilma pistikupesaga \u00fchendamata. Saate t\u00f6\u00f6tada k\u00f5ikjal aias ilma piiranguteta, saavutades maksimaalse liikuvuse.<\/div>\n<\/td>\n<\/tr>\n<tr>\n<td style=\"width: 14.1564%;\"><img decoding=\"async\" src=\"https:\/\/konner-sohnen.ee\/cdn\/shop\/files\/6._Triple_Safety.jpg?v=1753441632&amp;width=500\" alt=\"Kolmekordne kaitse\" \/><\/td>\n<td style=\"width: 85.8436%;\">\n<h3>Kolmekordne kaitse<\/h3>\n<div class=\"text-sm\">Usaldusv\u00e4\u00e4rsus igas detailis. Turvalukk, turval\u00fcliti ja toitel\u00fcliti tagavad t\u00f6\u00f6riista ohutu kasutamise. See s\u00fcsteem v\u00e4hendab juhusliku aktiveerimise riski, pakkudes k\u00f5rgetasemelist ohutust.<\/div>\n<\/td>\n<\/tr>\n<\/tbody>\n<\/table>","protected":false},"excerpt":{"rendered":"<table>\n<tbody>\n<tr>\n<td>Nimellisj\u00e4nnite, V<\/td>\n<td>8<\/td>\n<\/tr>\n<tr>\n<td>Akun kapasiteetti<\/td>\n<td>2000 mAh<\/td>\n<\/tr>\n<tr>\n<td>L\u00f5ikelaius (muru), mm<\/td>\n<td>80<\/td>\n<\/tr>\n<tr>\n<td>Tera pikkus, mm<\/td>\n<td>120<\/td>\n<\/tr>\n<tr>\n<td>Maksimaalne l\u00f5ikediameeter, mm<\/td>\n<td>7.5<\/td>\n<\/tr>\n<tr>\n<td>T\u00fchik\u00e4igu kiirus, p\/min<\/td>\n<td>1100<\/td>\n<\/tr>\n<tr>\n<td>Netom\u00f5\u00f5tmed (PxLxK), mm<\/td>\n<td>300\u00d780\u00d7100<\/td>\n<\/tr>\n<tr>\n<td>\u00dcldm\u00f5\u00f5tmed (PxLxK), mm<\/td>\n<td>307\u00d794\u00d7130<\/td>\n<\/tr>\n<tr>\n<td>Nettopaino, kg<\/td>\n<td>1<\/td>\n<\/tr>\n<tr>\n<td>Kogukaal, kg<\/td>\n<td>1.12<\/td>\n<\/tr>\n<tr>\n<td>SKU<\/td>\n<td>KS SHT-8V<\/td>\n<\/tr>\n<tr>\n<td>EAN<\/td>\n<td>4260405368419<\/td>\n<\/tr>\n<\/tbody>\n<\/table>","protected":false},"featured_media":21886,"template":"","meta":{"_acf_changed":false,"inline_featured_image":false},"product_brand":[],"product_cat":[159,200,114],"product_tag":[],"class_list":{"0":"post-21885","1":"product","2":"type-product","3":"status-publish","4":"has-post-thumbnail","6":"product_cat-aiatooriistad","7":"product_cat-muru-ja-hekikaarid","8":"product_cat-uncategorized-2","9":"product_shipping_class-vaikepakk","10":"brand-konner-sohnen","12":"first","13":"instock","14":"taxable","15":"shipping-taxable","16":"purchasable","17":"product-type-simple"},"acf":[],"yoast_head":"<!-- This site is optimized with the Yoast SEO plugin v26.2 - https:\/\/yoast.com\/wordpress\/plugins\/seo\/ -->\n<title>Muru- ja hekik\u00e4\u00e4rid KS SHT-8V - Genekas24<\/title>\n<meta name=\"robots\" content=\"index, follow, max-snippet:-1, max-image-preview:large, max-video-preview:-1\" \/>\n<link rel=\"canonical\" href=\"https:\/\/staging.genekas24.ee\/fi\/tuote\/muru-ja-hekikaarid-ks-sht-8v\/\" \/>\n<meta property=\"og:locale\" content=\"fi_FI\" \/>\n<meta property=\"og:type\" content=\"article\" \/>\n<meta property=\"og:title\" content=\"Muru- ja hekik\u00e4\u00e4rid KS SHT-8V - Genekas24\" \/>\n<meta property=\"og:description\" content=\"Nimipinge, V 8   Aku mahtuvus 2000 mAh   L\u00f5ikelaius (muru), mm 80   Tera pikkus, mm 120   Maksimaalne l\u00f5ikediameeter, mm 7.5   T\u00fchik\u00e4igu kiirus, p\/min 1100   Netom\u00f5\u00f5tmed (PxLxK), mm 300\u00d780\u00d7100   \u00dcldm\u00f5\u00f5tmed (PxLxK), mm 307\u00d794\u00d7130   Netokaal, kg 1   Kogukaal, kg 1.12   SKU KS SHT-8V   EAN 4260405368419\" \/>\n<meta property=\"og:url\" content=\"https:\/\/staging.genekas24.ee\/fi\/tuote\/muru-ja-hekikaarid-ks-sht-8v\/\" \/>\n<meta property=\"og:site_name\" content=\"Genekas24\" \/>\n<meta property=\"article:modified_time\" content=\"2026-01-07T10:34:53+00:00\" \/>\n<meta property=\"og:image\" content=\"https:\/\/staging.genekas24.ee\/wp-content\/uploads\/2026\/01\/KS-SHT-8V_2500_25001.webp\" \/>\n\t<meta property=\"og:image:width\" content=\"1600\" \/>\n\t<meta property=\"og:image:height\" content=\"1600\" \/>\n\t<meta property=\"og:image:type\" content=\"image\/webp\" \/>\n<meta name=\"twitter:card\" content=\"summary_large_image\" \/>\n<meta name=\"twitter:label1\" content=\"Arvioitu lukuaika\" \/>\n\t<meta name=\"twitter:data1\" content=\"3 minuuttia\" \/>\n<script type=\"application\/ld+json\" class=\"yoast-schema-graph\">{\"@context\":\"https:\/\/schema.org\",\"@graph\":[{\"@type\":\"WebPage\",\"@id\":\"https:\/\/staging.genekas24.ee\/toode\/muru-ja-hekikaarid-ks-sht-8v\/\",\"url\":\"https:\/\/staging.genekas24.ee\/toode\/muru-ja-hekikaarid-ks-sht-8v\/\",\"name\":\"Muru- ja hekik\u00e4\u00e4rid KS SHT-8V - Genekas24\",\"isPartOf\":{\"@id\":\"https:\/\/staging.genekas24.ee\/#website\"},\"primaryImageOfPage\":{\"@id\":\"https:\/\/staging.genekas24.ee\/toode\/muru-ja-hekikaarid-ks-sht-8v\/#primaryimage\"},\"image\":{\"@id\":\"https:\/\/staging.genekas24.ee\/toode\/muru-ja-hekikaarid-ks-sht-8v\/#primaryimage\"},\"thumbnailUrl\":\"https:\/\/staging.genekas24.ee\/wp-content\/uploads\/2026\/01\/KS-SHT-8V_2500_25001.webp\",\"datePublished\":\"2026-01-07T10:18:26+00:00\",\"dateModified\":\"2026-01-07T10:34:53+00:00\",\"breadcrumb\":{\"@id\":\"https:\/\/staging.genekas24.ee\/toode\/muru-ja-hekikaarid-ks-sht-8v\/#breadcrumb\"},\"inLanguage\":\"fi\",\"potentialAction\":[{\"@type\":\"ReadAction\",\"target\":[\"https:\/\/staging.genekas24.ee\/toode\/muru-ja-hekikaarid-ks-sht-8v\/\"]}]},{\"@type\":\"ImageObject\",\"inLanguage\":\"fi\",\"@id\":\"https:\/\/staging.genekas24.ee\/toode\/muru-ja-hekikaarid-ks-sht-8v\/#primaryimage\",\"url\":\"https:\/\/staging.genekas24.ee\/wp-content\/uploads\/2026\/01\/KS-SHT-8V_2500_25001.webp\",\"contentUrl\":\"https:\/\/staging.genekas24.ee\/wp-content\/uploads\/2026\/01\/KS-SHT-8V_2500_25001.webp\",\"width\":1600,\"height\":1600},{\"@type\":\"BreadcrumbList\",\"@id\":\"https:\/\/staging.genekas24.ee\/toode\/muru-ja-hekikaarid-ks-sht-8v\/#breadcrumb\",\"itemListElement\":[{\"@type\":\"ListItem\",\"position\":1,\"name\":\"Home\",\"item\":\"https:\/\/staging.genekas24.ee\/\"},{\"@type\":\"ListItem\",\"position\":2,\"name\":\"Pood\",\"item\":\"https:\/\/staging.genekas24.ee\/pood\/\"},{\"@type\":\"ListItem\",\"position\":3,\"name\":\"Muru- ja hekik\u00e4\u00e4rid KS SHT-8V\"}]},{\"@type\":\"WebSite\",\"@id\":\"https:\/\/staging.genekas24.ee\/#website\",\"url\":\"https:\/\/staging.genekas24.ee\/\",\"name\":\"Genekas24\",\"description\":\"Generaatorid | K&ouml;nner S&ouml;hnen tooted | Genekas24\",\"publisher\":{\"@id\":\"https:\/\/staging.genekas24.ee\/#organization\"},\"potentialAction\":[{\"@type\":\"SearchAction\",\"target\":{\"@type\":\"EntryPoint\",\"urlTemplate\":\"https:\/\/staging.genekas24.ee\/?s={search_term_string}\"},\"query-input\":{\"@type\":\"PropertyValueSpecification\",\"valueRequired\":true,\"valueName\":\"search_term_string\"}}],\"inLanguage\":\"fi\"},{\"@type\":\"Organization\",\"@id\":\"https:\/\/staging.genekas24.ee\/#organization\",\"name\":\"Genekas24\",\"url\":\"https:\/\/staging.genekas24.ee\/\",\"logo\":{\"@type\":\"ImageObject\",\"inLanguage\":\"fi\",\"@id\":\"https:\/\/staging.genekas24.ee\/#\/schema\/logo\/image\/\",\"url\":\"https:\/\/staging.genekas24.ee\/wp-content\/uploads\/2026\/01\/genekas24-logo_black.svg\",\"contentUrl\":\"https:\/\/staging.genekas24.ee\/wp-content\/uploads\/2026\/01\/genekas24-logo_black.svg\",\"width\":840,\"height\":131,\"caption\":\"Genekas24\"},\"image\":{\"@id\":\"https:\/\/staging.genekas24.ee\/#\/schema\/logo\/image\/\"}}]}<\/script>\n<!-- \/ Yoast SEO plugin. -->","yoast_head_json":{"title":"Muru- ja hekik\u00e4\u00e4rid KS SHT-8V - Genekas24","robots":{"index":"index","follow":"follow","max-snippet":"max-snippet:-1","max-image-preview":"max-image-preview:large","max-video-preview":"max-video-preview:-1"},"canonical":"https:\/\/staging.genekas24.ee\/fi\/tuote\/muru-ja-hekikaarid-ks-sht-8v\/","og_locale":"fi_FI","og_type":"article","og_title":"Muru- ja hekik\u00e4\u00e4rid KS SHT-8V - Genekas24","og_description":"Nimipinge, V 8   Aku mahtuvus 2000 mAh   L\u00f5ikelaius (muru), mm 80   Tera pikkus, mm 120   Maksimaalne l\u00f5ikediameeter, mm 7.5   T\u00fchik\u00e4igu kiirus, p\/min 1100   Netom\u00f5\u00f5tmed (PxLxK), mm 300\u00d780\u00d7100   \u00dcldm\u00f5\u00f5tmed (PxLxK), mm 307\u00d794\u00d7130   Netokaal, kg 1   Kogukaal, kg 1.12   SKU KS SHT-8V   EAN 4260405368419","og_url":"https:\/\/staging.genekas24.ee\/fi\/tuote\/muru-ja-hekikaarid-ks-sht-8v\/","og_site_name":"Genekas24","article_modified_time":"2026-01-07T10:34:53+00:00","og_image":[{"width":1600,"height":1600,"url":"https:\/\/staging.genekas24.ee\/wp-content\/uploads\/2026\/01\/KS-SHT-8V_2500_25001.webp","type":"image\/webp"}],"twitter_card":"summary_large_image","twitter_misc":{"Arvioitu lukuaika":"3 minuuttia"},"schema":{"@context":"https:\/\/schema.org","@graph":[{"@type":"WebPage","@id":"https:\/\/staging.genekas24.ee\/toode\/muru-ja-hekikaarid-ks-sht-8v\/","url":"https:\/\/staging.genekas24.ee\/toode\/muru-ja-hekikaarid-ks-sht-8v\/","name":"Muru- ja hekik\u00e4\u00e4rid KS SHT-8V - Genekas24","isPartOf":{"@id":"https:\/\/staging.genekas24.ee\/#website"},"primaryImageOfPage":{"@id":"https:\/\/staging.genekas24.ee\/toode\/muru-ja-hekikaarid-ks-sht-8v\/#primaryimage"},"image":{"@id":"https:\/\/staging.genekas24.ee\/toode\/muru-ja-hekikaarid-ks-sht-8v\/#primaryimage"},"thumbnailUrl":"https:\/\/staging.genekas24.ee\/wp-content\/uploads\/2026\/01\/KS-SHT-8V_2500_25001.webp","datePublished":"2026-01-07T10:18:26+00:00","dateModified":"2026-01-07T10:34:53+00:00","breadcrumb":{"@id":"https:\/\/staging.genekas24.ee\/toode\/muru-ja-hekikaarid-ks-sht-8v\/#breadcrumb"},"inLanguage":"fi","potentialAction":[{"@type":"ReadAction","target":["https:\/\/staging.genekas24.ee\/toode\/muru-ja-hekikaarid-ks-sht-8v\/"]}]},{"@type":"ImageObject","inLanguage":"fi","@id":"https:\/\/staging.genekas24.ee\/toode\/muru-ja-hekikaarid-ks-sht-8v\/#primaryimage","url":"https:\/\/staging.genekas24.ee\/wp-content\/uploads\/2026\/01\/KS-SHT-8V_2500_25001.webp","contentUrl":"https:\/\/staging.genekas24.ee\/wp-content\/uploads\/2026\/01\/KS-SHT-8V_2500_25001.webp","width":1600,"height":1600},{"@type":"BreadcrumbList","@id":"https:\/\/staging.genekas24.ee\/toode\/muru-ja-hekikaarid-ks-sht-8v\/#breadcrumb","itemListElement":[{"@type":"ListItem","position":1,"name":"Home","item":"https:\/\/staging.genekas24.ee\/"},{"@type":"ListItem","position":2,"name":"Pood","item":"https:\/\/staging.genekas24.ee\/pood\/"},{"@type":"ListItem","position":3,"name":"Muru- ja hekik\u00e4\u00e4rid KS SHT-8V"}]},{"@type":"WebSite","@id":"https:\/\/staging.genekas24.ee\/#website","url":"https:\/\/staging.genekas24.ee\/","name":"Genekas24","description":"Generaatorid | K&ouml;nner S&ouml;hnen tooted | Genekas24","publisher":{"@id":"https:\/\/staging.genekas24.ee\/#organization"},"potentialAction":[{"@type":"SearchAction","target":{"@type":"EntryPoint","urlTemplate":"https:\/\/staging.genekas24.ee\/?s={search_term_string}"},"query-input":{"@type":"PropertyValueSpecification","valueRequired":true,"valueName":"search_term_string"}}],"inLanguage":"fi"},{"@type":"Organization","@id":"https:\/\/staging.genekas24.ee\/#organization","name":"Genekas24","url":"https:\/\/staging.genekas24.ee\/","logo":{"@type":"ImageObject","inLanguage":"fi","@id":"https:\/\/staging.genekas24.ee\/#\/schema\/logo\/image\/","url":"https:\/\/staging.genekas24.ee\/wp-content\/uploads\/2026\/01\/genekas24-logo_black.svg","contentUrl":"https:\/\/staging.genekas24.ee\/wp-content\/uploads\/2026\/01\/genekas24-logo_black.svg","width":840,"height":131,"caption":"Genekas24"},"image":{"@id":"https:\/\/staging.genekas24.ee\/#\/schema\/logo\/image\/"}}]}},"_links":{"self":[{"href":"https:\/\/staging.genekas24.ee\/fi\/wp-json\/wp\/v2\/product\/21885","targetHints":{"allow":["GET"]}}],"collection":[{"href":"https:\/\/staging.genekas24.ee\/fi\/wp-json\/wp\/v2\/product"}],"about":[{"href":"https:\/\/staging.genekas24.ee\/fi\/wp-json\/wp\/v2\/types\/product"}],"version-history":[{"count":3,"href":"https:\/\/staging.genekas24.ee\/fi\/wp-json\/wp\/v2\/product\/21885\/revisions"}],"predecessor-version":[{"id":21892,"href":"https:\/\/staging.genekas24.ee\/fi\/wp-json\/wp\/v2\/product\/21885\/revisions\/21892"}],"wp:featuredmedia":[{"embeddable":true,"href":"https:\/\/staging.genekas24.ee\/fi\/wp-json\/wp\/v2\/media\/21886"}],"wp:attachment":[{"href":"https:\/\/staging.genekas24.ee\/fi\/wp-json\/wp\/v2\/media?parent=21885"}],"wp:term":[{"taxonomy":"product_brand","embeddable":true,"href":"https:\/\/staging.genekas24.ee\/fi\/wp-json\/wp\/v2\/product_brand?post=21885"},{"taxonomy":"product_cat","embeddable":true,"href":"https:\/\/staging.genekas24.ee\/fi\/wp-json\/wp\/v2\/product_cat?post=21885"},{"taxonomy":"product_tag","embeddable":true,"href":"https:\/\/staging.genekas24.ee\/fi\/wp-json\/wp\/v2\/product_tag?post=21885"}],"curies":[{"name":"wp","href":"https:\/\/api.w.org\/{rel}","templated":true}]}}