{"id":21863,"date":"2026-01-07T09:52:50","date_gmt":"2026-01-07T09:52:50","guid":{"rendered":"https:\/\/staging.genekas24.ee\/?post_type=product&#038;p=21863"},"modified":"2026-01-07T09:52:50","modified_gmt":"2026-01-07T09:52:50","slug":"akuga-oksakaarid-ks-cps20v-32-kohvriga","status":"publish","type":"product","link":"https:\/\/staging.genekas24.ee\/fi\/tuote\/akuga-oksakaarid-ks-cps20v-32-kohvriga\/","title":{"rendered":"Akuga oksak\u00e4\u00e4rid KS CPS20V-32 (kohvriga)"},"content":{"rendered":"<p>Saksa br\u00e4ndi K\u00f6nner &amp; S\u00f6hnen\u00ae juhtmeta oksak\u00e4\u00e4rid KS CPS20V-32 on kaasaegne t\u00f6\u00f6riist, mis v\u00f5imaldab t\u00f5husalt l\u00f5igata kuni 32 mm l\u00e4bim\u00f5\u00f5duga oksi. Uue p\u00f5lvkonna harjadeta mootor tagab k\u00f5rge efektiivsuse, stabiilse t\u00f6\u00f6koormuse all, madala m\u00fcrataseme ja minimaalsed vibratsioonid, suurendades mugavust ja vastupidavust. Kolm tera avamise v\u00f5imalust (15, 25 ja 32 mm) v\u00f5imaldavad valida erinevate \u00fclesannete jaoks optimaalse re\u017eiimi, s\u00e4\u00e4stes aku laetust ja tehes rohkem l\u00f5ikeid. Kummist kattega ergonoomiline k\u00e4epide tagab mugavuse ja kindla haarde. K\u00f5rgtugevast terasest terad on kulumiskindlad, pakkudes puhtaid ja t\u00e4pseid l\u00f5ikeid, s\u00e4ilitades taimede tervise.<\/p>\n<table style=\"border-collapse: collapse; width: 100%;\">\n<tbody>\n<tr>\n<td style=\"width: 16.4012%;\"><img decoding=\"async\" src=\"https:\/\/konner-sohnen.ee\/cdn\/shop\/files\/1_KS_CSP20V-32_Brushless_motor.jpg?v=1764164419&amp;width=500\" alt=\"Harjadeta mootor\" \/><\/td>\n<td style=\"width: 83.5988%;\">\n<h3>Harjadeta mootor<\/h3>\n<div class=\"text-sm\">Tagab suurema t\u00f5hususe, stabiilse j\u00f5udluse koormuse all, pikema t\u00f6\u00f6ea ja vaiksema, mugavama t\u00f6\u00f6.<\/div>\n<\/td>\n<\/tr>\n<tr>\n<td style=\"width: 16.4012%;\"><img decoding=\"async\" src=\"https:\/\/konner-sohnen.ee\/cdn\/shop\/files\/3_KS_CSP20V-32_Convenient_control_panel.jpg?v=1764164418&amp;width=500\" alt=\"Vastupidavad s\u00fcsinikterasest terad\" \/><\/td>\n<td style=\"width: 83.5988%;\"><span style=\"font-size: 14pt;\"><strong>Mugav juhtpaneel<\/strong><\/span><\/p>\n<p>Paneel v\u00f5imaldab kiiret re\u017eiimivalikut ja aku j\u00e4lgimist katkematu t\u00f6\u00f6 tagamiseks.<\/td>\n<\/tr>\n<tr>\n<td style=\"width: 16.4012%;\"><img decoding=\"async\" src=\"https:\/\/konner-sohnen.ee\/cdn\/shop\/files\/4_KS_CSP20V-32_Durable_carbon_steel_blades.jpg?v=1764164418&amp;width=500\" alt=\"Ergonoomiline kummiga kaetud k\u00e4epide\" \/><\/td>\n<td style=\"width: 83.5988%;\">\n<div class=\"left\">\n<h3>Vastupidavad s\u00fcsinikterasest terad<\/h3>\n<div class=\"text-sm\">\u00a0Kulumiskindlus ja tagab puhtad, t\u00e4psed l\u00f5iked isegi k\u00f5vadel v\u00f5i kuivadel okstel.<\/div>\n<\/div>\n<div class=\"right\"><\/div>\n<\/td>\n<\/tr>\n<tr>\n<td style=\"width: 16.4012%;\"><img decoding=\"async\" src=\"https:\/\/konner-sohnen.ee\/cdn\/shop\/files\/5_KS_CSP20V-32_Three_blade_widths.jpg?v=1764164419&amp;width=500\" alt=\"Mugav juhtpaneel\" \/><\/td>\n<td style=\"width: 83.5988%;\">\n<h3>Kolm l\u00f5ikelaiust (15, 25, 32 mm)<\/h3>\n<div class=\"text-sm\">V\u00f5imaldavad kiiret kohandamist erinevate oksa paksustega, v\u00e4hendavad l\u00f5ikamise aega ja s\u00e4\u00e4stavad aku laetust.<\/div>\n<\/td>\n<\/tr>\n<tr>\n<td style=\"width: 16.4012%;\"><img decoding=\"async\" src=\"https:\/\/konner-sohnen.ee\/cdn\/shop\/files\/06._20V_battery_and_20V_charger_included.jpg?v=1764164433&amp;width=500\" alt=\"20V 2Ah aku ja 20V 2,4A laadija kaasas\" \/><\/td>\n<td style=\"width: 83.5988%;\">\n<h3>20V 2Ah aku ja 20V 2,4A laadija kaasas<\/h3>\n<div class=\"text-sm\">Tagab oksal\u00f5ikuri pikaajaline iseseisev t\u00f6\u00f6 ja kiire laadimise.<\/div>\n<\/td>\n<\/tr>\n<\/tbody>\n<\/table>","protected":false},"excerpt":{"rendered":"<table>\n<tbody>\n<tr>\n<td>Nimellisj\u00e4nnite, V<\/td>\n<td>20<\/td>\n<\/tr>\n<tr>\n<td>Akun kapasiteetti<\/td>\n<td>2Ah<\/td>\n<\/tr>\n<tr>\n<td>Soovitatav aku mahtuvus<\/td>\n<td>2 Ah, 4 Ah, 6 Ah, 8 Ah<\/td>\n<\/tr>\n<tr>\n<td>Akun tyyppi<\/td>\n<td>Laetav liitiumioonaku<\/td>\n<\/tr>\n<tr>\n<td>Aku ja laadija<\/td>\n<td>komplekti kuuluv<\/td>\n<\/tr>\n<tr>\n<td>L\u00f5ikamisv\u00f5imekus, mm<\/td>\n<td>15\/25\/32<\/td>\n<\/tr>\n<tr>\n<td>L\u00f5ikets\u00fckli kestus, sek.<\/td>\n<td>\u2264 1<\/td>\n<\/tr>\n<tr>\n<td>Vibratsioonitase<\/td>\n<td>\u2264 2,5 m\/s\u00b2<\/td>\n<\/tr>\n<tr>\n<td>M\u00fcra tase Lpa (7m)\/Lwa, dB<\/td>\n<td>74\/82<\/td>\n<\/tr>\n<tr>\n<td>K\u00e4ytt\u00f6l\u00e4mp\u00f6tila, \u00b0C<\/td>\n<td>0\u00b0\u201340\u00b0<\/td>\n<\/tr>\n<tr>\n<td>\u00dcldm\u00f5\u00f5tmed (PxLxK), mm<\/td>\n<td>418\u00d7119\u00d7325<\/td>\n<\/tr>\n<tr>\n<td>Nettopaino, kg<\/td>\n<td>0.82<\/td>\n<\/tr>\n<tr>\n<td>Kogukaal, kg<\/td>\n<td>3.45<\/td>\n<\/tr>\n<tr>\n<td>SKU<\/td>\n<td>KS CPS20V-32 Case<\/td>\n<\/tr>\n<tr>\n<td>EAN<\/td>\n<td>4260405368747<\/td>\n<\/tr>\n<\/tbody>\n<\/table>","protected":false},"featured_media":21865,"template":"","meta":{"_acf_changed":false,"inline_featured_image":false},"product_brand":[],"product_cat":[159,198],"product_tag":[],"class_list":{"0":"post-21863","1":"product","2":"type-product","3":"status-publish","4":"has-post-thumbnail","6":"product_cat-aiatooriistad","7":"product_cat-oksakaarid","8":"product_shipping_class-vaikepakk","9":"brand-konner-sohnen","11":"first","12":"instock","13":"taxable","14":"shipping-taxable","15":"purchasable","16":"product-type-simple"},"acf":[],"yoast_head":"<!-- This site is optimized with the Yoast SEO plugin v26.2 - https:\/\/yoast.com\/wordpress\/plugins\/seo\/ -->\n<title>Akuga oksak\u00e4\u00e4rid KS CPS20V-32 (kohvriga) - Genekas24<\/title>\n<meta name=\"robots\" content=\"index, follow, max-snippet:-1, max-image-preview:large, max-video-preview:-1\" \/>\n<link rel=\"canonical\" href=\"https:\/\/staging.genekas24.ee\/fi\/tuote\/akuga-oksakaarid-ks-cps20v-32-kohvriga\/\" \/>\n<meta property=\"og:locale\" content=\"fi_FI\" \/>\n<meta property=\"og:type\" content=\"article\" \/>\n<meta property=\"og:title\" content=\"Akuga oksak\u00e4\u00e4rid KS CPS20V-32 (kohvriga) - Genekas24\" \/>\n<meta property=\"og:description\" content=\"Nimipinge, V 20   Aku mahtuvus 2Ah   Soovitatav aku mahtuvus 2 Ah, 4 Ah, 6 Ah, 8 Ah   Aku t\u00fc\u00fcp Laetav liitiumioonaku   Aku ja laadija komplekti kuuluv   L\u00f5ikamisv\u00f5imekus, mm 15\/25\/32   L\u00f5ikets\u00fckli kestus, sek. \u2264 1   Vibratsioonitase \u2264 2,5 m\/s\u00b2   M\u00fcra tase Lpa (7m)\/Lwa, dB 74\/82   T\u00f6\u00f6temperatuur, \u00b0C 0\u00b0\u201340\u00b0   \u00dcldm\u00f5\u00f5tmed (PxLxK), mm 418\u00d7119\u00d7325   Netokaal, kg 0.82   Kogukaal, kg 3.45   SKU KS CPS20V-32 Case   EAN 4260405368747\" \/>\n<meta property=\"og:url\" content=\"https:\/\/staging.genekas24.ee\/fi\/tuote\/akuga-oksakaarid-ks-cps20v-32-kohvriga\/\" \/>\n<meta property=\"og:site_name\" content=\"Genekas24\" \/>\n<meta property=\"og:image\" content=\"https:\/\/staging.genekas24.ee\/wp-content\/uploads\/2026\/01\/KS-CPS20V-32-Case.webp\" \/>\n\t<meta property=\"og:image:width\" content=\"1500\" \/>\n\t<meta property=\"og:image:height\" content=\"1500\" \/>\n\t<meta property=\"og:image:type\" content=\"image\/webp\" \/>\n<meta name=\"twitter:card\" content=\"summary_large_image\" \/>\n<meta name=\"twitter:label1\" content=\"Arvioitu lukuaika\" \/>\n\t<meta name=\"twitter:data1\" content=\"3 minuuttia\" \/>\n<script type=\"application\/ld+json\" class=\"yoast-schema-graph\">{\"@context\":\"https:\/\/schema.org\",\"@graph\":[{\"@type\":\"WebPage\",\"@id\":\"https:\/\/staging.genekas24.ee\/toode\/akuga-oksakaarid-ks-cps20v-32-kohvriga\/\",\"url\":\"https:\/\/staging.genekas24.ee\/toode\/akuga-oksakaarid-ks-cps20v-32-kohvriga\/\",\"name\":\"Akuga oksak\u00e4\u00e4rid KS CPS20V-32 (kohvriga) - Genekas24\",\"isPartOf\":{\"@id\":\"https:\/\/staging.genekas24.ee\/#website\"},\"primaryImageOfPage\":{\"@id\":\"https:\/\/staging.genekas24.ee\/toode\/akuga-oksakaarid-ks-cps20v-32-kohvriga\/#primaryimage\"},\"image\":{\"@id\":\"https:\/\/staging.genekas24.ee\/toode\/akuga-oksakaarid-ks-cps20v-32-kohvriga\/#primaryimage\"},\"thumbnailUrl\":\"https:\/\/staging.genekas24.ee\/wp-content\/uploads\/2026\/01\/KS-CPS20V-32-Case.webp\",\"datePublished\":\"2026-01-07T09:52:50+00:00\",\"breadcrumb\":{\"@id\":\"https:\/\/staging.genekas24.ee\/toode\/akuga-oksakaarid-ks-cps20v-32-kohvriga\/#breadcrumb\"},\"inLanguage\":\"fi\",\"potentialAction\":[{\"@type\":\"ReadAction\",\"target\":[\"https:\/\/staging.genekas24.ee\/toode\/akuga-oksakaarid-ks-cps20v-32-kohvriga\/\"]}]},{\"@type\":\"ImageObject\",\"inLanguage\":\"fi\",\"@id\":\"https:\/\/staging.genekas24.ee\/toode\/akuga-oksakaarid-ks-cps20v-32-kohvriga\/#primaryimage\",\"url\":\"https:\/\/staging.genekas24.ee\/wp-content\/uploads\/2026\/01\/KS-CPS20V-32-Case.webp\",\"contentUrl\":\"https:\/\/staging.genekas24.ee\/wp-content\/uploads\/2026\/01\/KS-CPS20V-32-Case.webp\",\"width\":1500,\"height\":1500},{\"@type\":\"BreadcrumbList\",\"@id\":\"https:\/\/staging.genekas24.ee\/toode\/akuga-oksakaarid-ks-cps20v-32-kohvriga\/#breadcrumb\",\"itemListElement\":[{\"@type\":\"ListItem\",\"position\":1,\"name\":\"Home\",\"item\":\"https:\/\/staging.genekas24.ee\/\"},{\"@type\":\"ListItem\",\"position\":2,\"name\":\"Pood\",\"item\":\"https:\/\/staging.genekas24.ee\/pood\/\"},{\"@type\":\"ListItem\",\"position\":3,\"name\":\"Akuga oksak\u00e4\u00e4rid KS CPS20V-32 (kohvriga)\"}]},{\"@type\":\"WebSite\",\"@id\":\"https:\/\/staging.genekas24.ee\/#website\",\"url\":\"https:\/\/staging.genekas24.ee\/\",\"name\":\"Genekas24\",\"description\":\"Generaatorid | K&ouml;nner S&ouml;hnen tooted | Genekas24\",\"publisher\":{\"@id\":\"https:\/\/staging.genekas24.ee\/#organization\"},\"potentialAction\":[{\"@type\":\"SearchAction\",\"target\":{\"@type\":\"EntryPoint\",\"urlTemplate\":\"https:\/\/staging.genekas24.ee\/?s={search_term_string}\"},\"query-input\":{\"@type\":\"PropertyValueSpecification\",\"valueRequired\":true,\"valueName\":\"search_term_string\"}}],\"inLanguage\":\"fi\"},{\"@type\":\"Organization\",\"@id\":\"https:\/\/staging.genekas24.ee\/#organization\",\"name\":\"Genekas24\",\"url\":\"https:\/\/staging.genekas24.ee\/\",\"logo\":{\"@type\":\"ImageObject\",\"inLanguage\":\"fi\",\"@id\":\"https:\/\/staging.genekas24.ee\/#\/schema\/logo\/image\/\",\"url\":\"https:\/\/staging.genekas24.ee\/wp-content\/uploads\/2026\/01\/genekas24-logo_black.svg\",\"contentUrl\":\"https:\/\/staging.genekas24.ee\/wp-content\/uploads\/2026\/01\/genekas24-logo_black.svg\",\"width\":840,\"height\":131,\"caption\":\"Genekas24\"},\"image\":{\"@id\":\"https:\/\/staging.genekas24.ee\/#\/schema\/logo\/image\/\"}}]}<\/script>\n<!-- \/ Yoast SEO plugin. -->","yoast_head_json":{"title":"Akuga oksak\u00e4\u00e4rid KS CPS20V-32 (kohvriga) - Genekas24","robots":{"index":"index","follow":"follow","max-snippet":"max-snippet:-1","max-image-preview":"max-image-preview:large","max-video-preview":"max-video-preview:-1"},"canonical":"https:\/\/staging.genekas24.ee\/fi\/tuote\/akuga-oksakaarid-ks-cps20v-32-kohvriga\/","og_locale":"fi_FI","og_type":"article","og_title":"Akuga oksak\u00e4\u00e4rid KS CPS20V-32 (kohvriga) - Genekas24","og_description":"Nimipinge, V 20   Aku mahtuvus 2Ah   Soovitatav aku mahtuvus 2 Ah, 4 Ah, 6 Ah, 8 Ah   Aku t\u00fc\u00fcp Laetav liitiumioonaku   Aku ja laadija komplekti kuuluv   L\u00f5ikamisv\u00f5imekus, mm 15\/25\/32   L\u00f5ikets\u00fckli kestus, sek. \u2264 1   Vibratsioonitase \u2264 2,5 m\/s\u00b2   M\u00fcra tase Lpa (7m)\/Lwa, dB 74\/82   T\u00f6\u00f6temperatuur, \u00b0C 0\u00b0\u201340\u00b0   \u00dcldm\u00f5\u00f5tmed (PxLxK), mm 418\u00d7119\u00d7325   Netokaal, kg 0.82   Kogukaal, kg 3.45   SKU KS CPS20V-32 Case   EAN 4260405368747","og_url":"https:\/\/staging.genekas24.ee\/fi\/tuote\/akuga-oksakaarid-ks-cps20v-32-kohvriga\/","og_site_name":"Genekas24","og_image":[{"width":1500,"height":1500,"url":"https:\/\/staging.genekas24.ee\/wp-content\/uploads\/2026\/01\/KS-CPS20V-32-Case.webp","type":"image\/webp"}],"twitter_card":"summary_large_image","twitter_misc":{"Arvioitu lukuaika":"3 minuuttia"},"schema":{"@context":"https:\/\/schema.org","@graph":[{"@type":"WebPage","@id":"https:\/\/staging.genekas24.ee\/toode\/akuga-oksakaarid-ks-cps20v-32-kohvriga\/","url":"https:\/\/staging.genekas24.ee\/toode\/akuga-oksakaarid-ks-cps20v-32-kohvriga\/","name":"Akuga oksak\u00e4\u00e4rid KS CPS20V-32 (kohvriga) - Genekas24","isPartOf":{"@id":"https:\/\/staging.genekas24.ee\/#website"},"primaryImageOfPage":{"@id":"https:\/\/staging.genekas24.ee\/toode\/akuga-oksakaarid-ks-cps20v-32-kohvriga\/#primaryimage"},"image":{"@id":"https:\/\/staging.genekas24.ee\/toode\/akuga-oksakaarid-ks-cps20v-32-kohvriga\/#primaryimage"},"thumbnailUrl":"https:\/\/staging.genekas24.ee\/wp-content\/uploads\/2026\/01\/KS-CPS20V-32-Case.webp","datePublished":"2026-01-07T09:52:50+00:00","breadcrumb":{"@id":"https:\/\/staging.genekas24.ee\/toode\/akuga-oksakaarid-ks-cps20v-32-kohvriga\/#breadcrumb"},"inLanguage":"fi","potentialAction":[{"@type":"ReadAction","target":["https:\/\/staging.genekas24.ee\/toode\/akuga-oksakaarid-ks-cps20v-32-kohvriga\/"]}]},{"@type":"ImageObject","inLanguage":"fi","@id":"https:\/\/staging.genekas24.ee\/toode\/akuga-oksakaarid-ks-cps20v-32-kohvriga\/#primaryimage","url":"https:\/\/staging.genekas24.ee\/wp-content\/uploads\/2026\/01\/KS-CPS20V-32-Case.webp","contentUrl":"https:\/\/staging.genekas24.ee\/wp-content\/uploads\/2026\/01\/KS-CPS20V-32-Case.webp","width":1500,"height":1500},{"@type":"BreadcrumbList","@id":"https:\/\/staging.genekas24.ee\/toode\/akuga-oksakaarid-ks-cps20v-32-kohvriga\/#breadcrumb","itemListElement":[{"@type":"ListItem","position":1,"name":"Home","item":"https:\/\/staging.genekas24.ee\/"},{"@type":"ListItem","position":2,"name":"Pood","item":"https:\/\/staging.genekas24.ee\/pood\/"},{"@type":"ListItem","position":3,"name":"Akuga oksak\u00e4\u00e4rid KS CPS20V-32 (kohvriga)"}]},{"@type":"WebSite","@id":"https:\/\/staging.genekas24.ee\/#website","url":"https:\/\/staging.genekas24.ee\/","name":"Genekas24","description":"Generaatorid | K&ouml;nner S&ouml;hnen tooted | Genekas24","publisher":{"@id":"https:\/\/staging.genekas24.ee\/#organization"},"potentialAction":[{"@type":"SearchAction","target":{"@type":"EntryPoint","urlTemplate":"https:\/\/staging.genekas24.ee\/?s={search_term_string}"},"query-input":{"@type":"PropertyValueSpecification","valueRequired":true,"valueName":"search_term_string"}}],"inLanguage":"fi"},{"@type":"Organization","@id":"https:\/\/staging.genekas24.ee\/#organization","name":"Genekas24","url":"https:\/\/staging.genekas24.ee\/","logo":{"@type":"ImageObject","inLanguage":"fi","@id":"https:\/\/staging.genekas24.ee\/#\/schema\/logo\/image\/","url":"https:\/\/staging.genekas24.ee\/wp-content\/uploads\/2026\/01\/genekas24-logo_black.svg","contentUrl":"https:\/\/staging.genekas24.ee\/wp-content\/uploads\/2026\/01\/genekas24-logo_black.svg","width":840,"height":131,"caption":"Genekas24"},"image":{"@id":"https:\/\/staging.genekas24.ee\/#\/schema\/logo\/image\/"}}]}},"_links":{"self":[{"href":"https:\/\/staging.genekas24.ee\/fi\/wp-json\/wp\/v2\/product\/21863","targetHints":{"allow":["GET"]}}],"collection":[{"href":"https:\/\/staging.genekas24.ee\/fi\/wp-json\/wp\/v2\/product"}],"about":[{"href":"https:\/\/staging.genekas24.ee\/fi\/wp-json\/wp\/v2\/types\/product"}],"version-history":[{"count":2,"href":"https:\/\/staging.genekas24.ee\/fi\/wp-json\/wp\/v2\/product\/21863\/revisions"}],"predecessor-version":[{"id":21871,"href":"https:\/\/staging.genekas24.ee\/fi\/wp-json\/wp\/v2\/product\/21863\/revisions\/21871"}],"wp:featuredmedia":[{"embeddable":true,"href":"https:\/\/staging.genekas24.ee\/fi\/wp-json\/wp\/v2\/media\/21865"}],"wp:attachment":[{"href":"https:\/\/staging.genekas24.ee\/fi\/wp-json\/wp\/v2\/media?parent=21863"}],"wp:term":[{"taxonomy":"product_brand","embeddable":true,"href":"https:\/\/staging.genekas24.ee\/fi\/wp-json\/wp\/v2\/product_brand?post=21863"},{"taxonomy":"product_cat","embeddable":true,"href":"https:\/\/staging.genekas24.ee\/fi\/wp-json\/wp\/v2\/product_cat?post=21863"},{"taxonomy":"product_tag","embeddable":true,"href":"https:\/\/staging.genekas24.ee\/fi\/wp-json\/wp\/v2\/product_tag?post=21863"}],"curies":[{"name":"wp","href":"https:\/\/api.w.org\/{rel}","templated":true}]}}