{"id":21850,"date":"2026-01-07T09:39:12","date_gmt":"2026-01-07T09:39:12","guid":{"rendered":"https:\/\/staging.genekas24.ee\/?post_type=product&#038;p=21850"},"modified":"2026-01-07T09:39:13","modified_gmt":"2026-01-07T09:39:13","slug":"akuga-oksakaarid-ks-cps20v-40-kohvriga","status":"publish","type":"product","link":"https:\/\/staging.genekas24.ee\/fi\/tuote\/akuga-oksakaarid-ks-cps20v-40-kohvriga\/","title":{"rendered":"Akuga oksak\u00e4\u00e4rid KS CPS20V-40 (kohvriga)"},"content":{"rendered":"<p>KS CPS20V-40\u00a0 oksak\u00e4\u00e4rid koos aku ja laadijaga K\u00f6nner &amp; S\u00f6hnen\u00ae-ilt on usaldusv\u00e4\u00e4rne aiat\u00f6\u00f6riist, millel on k\u00f5rge j\u00f5udlus ja kaasaegne tehnoloogia. Harjadeta mootor tagab t\u00f5hususe, pika t\u00f6\u00f6ea ja madala m\u00fcrataseme. Kaks tera avamislaiust (20\/40 mm) v\u00f5imaldavad t\u00f6\u00f6tada erinevate okstega, s\u00e4\u00e4stes aega ja aku laetust. Maksimaalne l\u00f5ikediameeter 40 mm muudab selle mudeli sarnaste mudelite seas silmapaistvaks. SK5 s\u00fcsinikterasest terad tagavad puhta l\u00f5ike, samas kui paljak\u00e4e detektor ja p\u00e4\u00e4stiku survekontroll suurendavad ohutust. Ergonoomiline kummiga kaetud k\u00e4epide ja mugav juhtpaneel muudavad t\u00f6\u00f6 mugavaks ja t\u00e4pseks.<\/p>\n<table style=\"border-collapse: collapse; width: 100%;\">\n<tbody>\n<tr>\n<td style=\"width: 15.2426%;\"><img decoding=\"async\" src=\"https:\/\/konner-sohnen.ee\/cdn\/shop\/files\/01._Bare-hand_Detector.jpg?v=1764164429&amp;width=500\" alt=\"Paljak\u00e4e Detektor\" \/><\/td>\n<td style=\"width: 84.7574%;\">\n<h3>Sensors\u00fcsteem<\/h3>\n<div class=\"text-sm\">Turvas\u00fcsteem, mis blokeerib oksal\u00f5ikuri t\u00f6\u00f6, kui kasutaja puudutab paljaste k\u00e4tega l\u00f5ikepunkti l\u00e4hedal olevat oksa, v\u00e4hendades oluliselt vigastuste riski.<\/div>\n<\/td>\n<\/tr>\n<tr>\n<td style=\"width: 15.2426%;\"><img decoding=\"async\" src=\"https:\/\/konner-sohnen.ee\/cdn\/shop\/files\/02._Metal_Trigger_with_Pressure_Control_Function.jpg?v=1764164429&amp;width=500\" alt=\"Metallist p\u00e4\u00e4stik koos r\u00f5hureguleerimise funktsiooniga\" \/><\/td>\n<td style=\"width: 84.7574%;\">\n<h3>Metallist p\u00e4\u00e4stik koos r\u00f5hureguleerimise funktsiooniga<\/h3>\n<div class=\"text-sm\">V\u00e4ldib juhuslikku aktiveerimist; valmistatud vastupidavast metallist, tagades pikaajalise j\u00f5udluse.<\/div>\n<\/td>\n<\/tr>\n<tr>\n<td style=\"width: 15.2426%;\"><img decoding=\"async\" src=\"https:\/\/konner-sohnen.ee\/cdn\/shop\/files\/03._Brushless_Motor.jpg?v=1764164429&amp;width=500\" alt=\"Harjadeta mootor\" \/><\/td>\n<td style=\"width: 84.7574%;\">\n<h3>Harjadeta mootor<\/h3>\n<div class=\"text-sm\">Vaiksem t\u00f6\u00f6, pikem kasutusiga ja minimaalne hooldus. Tagab t\u00f6\u00f6riista usaldusv\u00e4\u00e4rse ja stabiilse j\u00f5udluse.<\/div>\n<\/td>\n<\/tr>\n<tr>\n<td style=\"width: 15.2426%;\"><img decoding=\"async\" src=\"https:\/\/konner-sohnen.ee\/cdn\/shop\/files\/04._Two_Blade_Opening_Widths_20-40_mm.jpg?v=1764164429&amp;width=500\" alt=\"Kaks tera avamislaiust (20\/40 mm)\" \/><\/td>\n<td style=\"width: 84.7574%;\">\n<h3>Kaks l\u00f5ikamislaiust (20\/40 mm)<\/h3>\n<div class=\"text-sm\">Reguleeritav erinevate oksa l\u00e4bim\u00f5\u00f5tude jaoks, et t\u00f6\u00f6 oleks kiirem ja lihtsam, s\u00e4\u00e4stes samal ajal aku energiat ja maksimeerides t\u00f5husust.<\/div>\n<\/td>\n<\/tr>\n<tr>\n<td style=\"width: 15.2426%;\"><img decoding=\"async\" src=\"https:\/\/konner-sohnen.ee\/cdn\/shop\/files\/05._SK5_Carbon_Steel_Blades.jpg?v=1764164429&amp;width=500\" alt=\"SK5 s\u00fcsinikterasest terad\" \/><\/td>\n<td style=\"width: 84.7574%;\">\n<h3>SK5 s\u00fcsinikterasest terad<\/h3>\n<div class=\"text-sm\">K\u00f5rge tugevus ja sitkus, s\u00e4ilitades teravuse kauem kui tavalised terad. Tagavad \u00fchtlased ja puhtad l\u00f5iked, mis kiirendavad taimede paranemist.<\/div>\n<\/td>\n<\/tr>\n<tr>\n<td style=\"width: 15.2426%;\"><img decoding=\"async\" src=\"https:\/\/konner-sohnen.ee\/cdn\/shop\/files\/06._20V_battery_and_20V_charger_included.jpg?v=1764164433&amp;width=500\" alt=\"20V 2Ah aku ja 20V 2,4A laadija kaasas\" \/><\/td>\n<td style=\"width: 84.7574%;\">\n<h3>20V 2Ah aku ja 20V 2,4A laadija kaasas<\/h3>\n<div class=\"text-sm\">Pakub pikaajalist autonoomset t\u00f6\u00f6tamist ja kiiret laadimist.<\/div>\n<\/td>\n<\/tr>\n<tr>\n<td style=\"width: 15.2426%;\"><img decoding=\"async\" src=\"https:\/\/konner-sohnen.ee\/cdn\/shop\/files\/07._Rubber-Coated_Handle.jpg?v=1764164434&amp;width=500\" alt=\"Kummiga kaetud k\u00e4epide\" \/><\/td>\n<td style=\"width: 84.7574%;\">\n<h3>Kummiga kaetud k\u00e4epide<\/h3>\n<div class=\"text-sm\">Ergonoomiline disain ja libisemisvastane kate tagavad mugava kasutamise ka pikema t\u00f6\u00f6 ajal.<\/div>\n<\/td>\n<\/tr>\n<\/tbody>\n<\/table>\n<p>&nbsp;<\/p>","protected":false},"excerpt":{"rendered":"<table>\n<tbody>\n<tr>\n<td>Nimellisj\u00e4nnite, V<\/td>\n<td>20<\/td>\n<\/tr>\n<tr>\n<td>Akun kapasiteetti<\/td>\n<td>2Ah<\/td>\n<\/tr>\n<tr>\n<td>Soovitatav aku mahtuvus<\/td>\n<td>2 Ah, 4 Ah, 6 Ah, 8 Ah<\/td>\n<\/tr>\n<tr>\n<td>Akun tyyppi<\/td>\n<td>Laetav liitiumioonaku<\/td>\n<\/tr>\n<tr>\n<td>Aku ja laadija<\/td>\n<td>komplekti kuuluv<\/td>\n<\/tr>\n<tr>\n<td>L\u00f5ikamisv\u00f5imekus, mm<\/td>\n<td>20\/40<\/td>\n<\/tr>\n<tr>\n<td>L\u00f5ikets\u00fckli kestus, sek.<\/td>\n<td>\u2264 1<\/td>\n<\/tr>\n<tr>\n<td>Moottorityyppi<\/td>\n<td>harjadeta<\/td>\n<\/tr>\n<tr>\n<td>Vibratsioonitase<\/td>\n<td>ei \u00fcleta 2,5 m\/s\u00b2<\/td>\n<\/tr>\n<tr>\n<td>M\u00fcra tase Lpa (7m)\/Lwa, dB<\/td>\n<td>66\/74<\/td>\n<\/tr>\n<tr>\n<td>K\u00e4ytt\u00f6l\u00e4mp\u00f6tila, \u00b0C<\/td>\n<td>0\u00b0\u201340\u00b0<\/td>\n<\/tr>\n<tr>\n<td>\u00dcldm\u00f5\u00f5tmed (PxLxK), mm<\/td>\n<td>365\u00d7295\u00d7113<\/td>\n<\/tr>\n<tr>\n<td>Nettopaino, kg<\/td>\n<td>1<\/td>\n<\/tr>\n<tr>\n<td>Kogukaal, kg<\/td>\n<td>3.4<\/td>\n<\/tr>\n<tr>\n<td>SKU<\/td>\n<td>KS CPS20V-40 Case<\/td>\n<\/tr>\n<tr>\n<td>EAN<\/td>\n<td>4260405368839<\/td>\n<\/tr>\n<\/tbody>\n<\/table>","protected":false},"featured_media":21851,"template":"","meta":{"_acf_changed":false,"inline_featured_image":false},"product_brand":[],"product_cat":[159,198],"product_tag":[],"class_list":{"0":"post-21850","1":"product","2":"type-product","3":"status-publish","4":"has-post-thumbnail","6":"product_cat-aiatooriistad","7":"product_cat-oksakaarid","8":"product_shipping_class-vaikepakk","9":"brand-konner-sohnen","11":"first","12":"instock","13":"taxable","14":"shipping-taxable","15":"purchasable","16":"product-type-simple"},"acf":[],"yoast_head":"<!-- This site is optimized with the Yoast SEO plugin v26.2 - https:\/\/yoast.com\/wordpress\/plugins\/seo\/ -->\n<title>Akuga oksak\u00e4\u00e4rid KS CPS20V-40 (kohvriga) - Genekas24<\/title>\n<meta name=\"robots\" content=\"index, follow, max-snippet:-1, max-image-preview:large, max-video-preview:-1\" \/>\n<link rel=\"canonical\" href=\"https:\/\/staging.genekas24.ee\/fi\/tuote\/akuga-oksakaarid-ks-cps20v-40-kohvriga\/\" \/>\n<meta property=\"og:locale\" content=\"fi_FI\" \/>\n<meta property=\"og:type\" content=\"article\" \/>\n<meta property=\"og:title\" content=\"Akuga oksak\u00e4\u00e4rid KS CPS20V-40 (kohvriga) - Genekas24\" \/>\n<meta property=\"og:description\" content=\"Nimipinge, V 20   Aku mahtuvus 2Ah   Soovitatav aku mahtuvus 2 Ah, 4 Ah, 6 Ah, 8 Ah   Aku t\u00fc\u00fcp Laetav liitiumioonaku   Aku ja laadija komplekti kuuluv   L\u00f5ikamisv\u00f5imekus, mm 20\/40   L\u00f5ikets\u00fckli kestus, sek. \u2264 1   Mootori t\u00fc\u00fcp harjadeta   Vibratsioonitase ei \u00fcleta 2,5 m\/s\u00b2   M\u00fcra tase Lpa (7m)\/Lwa, dB 66\/74   T\u00f6\u00f6temperatuur, \u00b0C 0\u00b0\u201340\u00b0   \u00dcldm\u00f5\u00f5tmed (PxLxK), mm 365\u00d7295\u00d7113   Netokaal, kg 1   Kogukaal, kg 3.4   SKU KS CPS20V-40 Case   EAN 4260405368839\" \/>\n<meta property=\"og:url\" content=\"https:\/\/staging.genekas24.ee\/fi\/tuote\/akuga-oksakaarid-ks-cps20v-40-kohvriga\/\" \/>\n<meta property=\"og:site_name\" content=\"Genekas24\" \/>\n<meta property=\"article:modified_time\" content=\"2026-01-07T09:39:13+00:00\" \/>\n<meta property=\"og:image\" content=\"https:\/\/staging.genekas24.ee\/wp-content\/uploads\/2026\/01\/KS-CPS20V-40-Case.webp\" \/>\n\t<meta property=\"og:image:width\" content=\"1600\" \/>\n\t<meta property=\"og:image:height\" content=\"1600\" \/>\n\t<meta property=\"og:image:type\" content=\"image\/webp\" \/>\n<meta name=\"twitter:card\" content=\"summary_large_image\" \/>\n<meta name=\"twitter:label1\" content=\"Arvioitu lukuaika\" \/>\n\t<meta name=\"twitter:data1\" content=\"3 minuuttia\" \/>\n<script type=\"application\/ld+json\" class=\"yoast-schema-graph\">{\"@context\":\"https:\/\/schema.org\",\"@graph\":[{\"@type\":\"WebPage\",\"@id\":\"https:\/\/staging.genekas24.ee\/toode\/akuga-oksakaarid-ks-cps20v-40-kohvriga\/\",\"url\":\"https:\/\/staging.genekas24.ee\/toode\/akuga-oksakaarid-ks-cps20v-40-kohvriga\/\",\"name\":\"Akuga oksak\u00e4\u00e4rid KS CPS20V-40 (kohvriga) - Genekas24\",\"isPartOf\":{\"@id\":\"https:\/\/staging.genekas24.ee\/#website\"},\"primaryImageOfPage\":{\"@id\":\"https:\/\/staging.genekas24.ee\/toode\/akuga-oksakaarid-ks-cps20v-40-kohvriga\/#primaryimage\"},\"image\":{\"@id\":\"https:\/\/staging.genekas24.ee\/toode\/akuga-oksakaarid-ks-cps20v-40-kohvriga\/#primaryimage\"},\"thumbnailUrl\":\"https:\/\/staging.genekas24.ee\/wp-content\/uploads\/2026\/01\/KS-CPS20V-40-Case.webp\",\"datePublished\":\"2026-01-07T09:39:12+00:00\",\"dateModified\":\"2026-01-07T09:39:13+00:00\",\"breadcrumb\":{\"@id\":\"https:\/\/staging.genekas24.ee\/toode\/akuga-oksakaarid-ks-cps20v-40-kohvriga\/#breadcrumb\"},\"inLanguage\":\"fi\",\"potentialAction\":[{\"@type\":\"ReadAction\",\"target\":[\"https:\/\/staging.genekas24.ee\/toode\/akuga-oksakaarid-ks-cps20v-40-kohvriga\/\"]}]},{\"@type\":\"ImageObject\",\"inLanguage\":\"fi\",\"@id\":\"https:\/\/staging.genekas24.ee\/toode\/akuga-oksakaarid-ks-cps20v-40-kohvriga\/#primaryimage\",\"url\":\"https:\/\/staging.genekas24.ee\/wp-content\/uploads\/2026\/01\/KS-CPS20V-40-Case.webp\",\"contentUrl\":\"https:\/\/staging.genekas24.ee\/wp-content\/uploads\/2026\/01\/KS-CPS20V-40-Case.webp\",\"width\":1600,\"height\":1600},{\"@type\":\"BreadcrumbList\",\"@id\":\"https:\/\/staging.genekas24.ee\/toode\/akuga-oksakaarid-ks-cps20v-40-kohvriga\/#breadcrumb\",\"itemListElement\":[{\"@type\":\"ListItem\",\"position\":1,\"name\":\"Home\",\"item\":\"https:\/\/staging.genekas24.ee\/\"},{\"@type\":\"ListItem\",\"position\":2,\"name\":\"Pood\",\"item\":\"https:\/\/staging.genekas24.ee\/pood\/\"},{\"@type\":\"ListItem\",\"position\":3,\"name\":\"Akuga oksak\u00e4\u00e4rid KS CPS20V-40 (kohvriga)\"}]},{\"@type\":\"WebSite\",\"@id\":\"https:\/\/staging.genekas24.ee\/#website\",\"url\":\"https:\/\/staging.genekas24.ee\/\",\"name\":\"Genekas24\",\"description\":\"Generaatorid | K&ouml;nner S&ouml;hnen tooted | Genekas24\",\"publisher\":{\"@id\":\"https:\/\/staging.genekas24.ee\/#organization\"},\"potentialAction\":[{\"@type\":\"SearchAction\",\"target\":{\"@type\":\"EntryPoint\",\"urlTemplate\":\"https:\/\/staging.genekas24.ee\/?s={search_term_string}\"},\"query-input\":{\"@type\":\"PropertyValueSpecification\",\"valueRequired\":true,\"valueName\":\"search_term_string\"}}],\"inLanguage\":\"fi\"},{\"@type\":\"Organization\",\"@id\":\"https:\/\/staging.genekas24.ee\/#organization\",\"name\":\"Genekas24\",\"url\":\"https:\/\/staging.genekas24.ee\/\",\"logo\":{\"@type\":\"ImageObject\",\"inLanguage\":\"fi\",\"@id\":\"https:\/\/staging.genekas24.ee\/#\/schema\/logo\/image\/\",\"url\":\"https:\/\/staging.genekas24.ee\/wp-content\/uploads\/2026\/01\/genekas24-logo_black.svg\",\"contentUrl\":\"https:\/\/staging.genekas24.ee\/wp-content\/uploads\/2026\/01\/genekas24-logo_black.svg\",\"width\":840,\"height\":131,\"caption\":\"Genekas24\"},\"image\":{\"@id\":\"https:\/\/staging.genekas24.ee\/#\/schema\/logo\/image\/\"}}]}<\/script>\n<!-- \/ Yoast SEO plugin. -->","yoast_head_json":{"title":"Akuga oksak\u00e4\u00e4rid KS CPS20V-40 (kohvriga) - Genekas24","robots":{"index":"index","follow":"follow","max-snippet":"max-snippet:-1","max-image-preview":"max-image-preview:large","max-video-preview":"max-video-preview:-1"},"canonical":"https:\/\/staging.genekas24.ee\/fi\/tuote\/akuga-oksakaarid-ks-cps20v-40-kohvriga\/","og_locale":"fi_FI","og_type":"article","og_title":"Akuga oksak\u00e4\u00e4rid KS CPS20V-40 (kohvriga) - Genekas24","og_description":"Nimipinge, V 20   Aku mahtuvus 2Ah   Soovitatav aku mahtuvus 2 Ah, 4 Ah, 6 Ah, 8 Ah   Aku t\u00fc\u00fcp Laetav liitiumioonaku   Aku ja laadija komplekti kuuluv   L\u00f5ikamisv\u00f5imekus, mm 20\/40   L\u00f5ikets\u00fckli kestus, sek. \u2264 1   Mootori t\u00fc\u00fcp harjadeta   Vibratsioonitase ei \u00fcleta 2,5 m\/s\u00b2   M\u00fcra tase Lpa (7m)\/Lwa, dB 66\/74   T\u00f6\u00f6temperatuur, \u00b0C 0\u00b0\u201340\u00b0   \u00dcldm\u00f5\u00f5tmed (PxLxK), mm 365\u00d7295\u00d7113   Netokaal, kg 1   Kogukaal, kg 3.4   SKU KS CPS20V-40 Case   EAN 4260405368839","og_url":"https:\/\/staging.genekas24.ee\/fi\/tuote\/akuga-oksakaarid-ks-cps20v-40-kohvriga\/","og_site_name":"Genekas24","article_modified_time":"2026-01-07T09:39:13+00:00","og_image":[{"width":1600,"height":1600,"url":"https:\/\/staging.genekas24.ee\/wp-content\/uploads\/2026\/01\/KS-CPS20V-40-Case.webp","type":"image\/webp"}],"twitter_card":"summary_large_image","twitter_misc":{"Arvioitu lukuaika":"3 minuuttia"},"schema":{"@context":"https:\/\/schema.org","@graph":[{"@type":"WebPage","@id":"https:\/\/staging.genekas24.ee\/toode\/akuga-oksakaarid-ks-cps20v-40-kohvriga\/","url":"https:\/\/staging.genekas24.ee\/toode\/akuga-oksakaarid-ks-cps20v-40-kohvriga\/","name":"Akuga oksak\u00e4\u00e4rid KS CPS20V-40 (kohvriga) - Genekas24","isPartOf":{"@id":"https:\/\/staging.genekas24.ee\/#website"},"primaryImageOfPage":{"@id":"https:\/\/staging.genekas24.ee\/toode\/akuga-oksakaarid-ks-cps20v-40-kohvriga\/#primaryimage"},"image":{"@id":"https:\/\/staging.genekas24.ee\/toode\/akuga-oksakaarid-ks-cps20v-40-kohvriga\/#primaryimage"},"thumbnailUrl":"https:\/\/staging.genekas24.ee\/wp-content\/uploads\/2026\/01\/KS-CPS20V-40-Case.webp","datePublished":"2026-01-07T09:39:12+00:00","dateModified":"2026-01-07T09:39:13+00:00","breadcrumb":{"@id":"https:\/\/staging.genekas24.ee\/toode\/akuga-oksakaarid-ks-cps20v-40-kohvriga\/#breadcrumb"},"inLanguage":"fi","potentialAction":[{"@type":"ReadAction","target":["https:\/\/staging.genekas24.ee\/toode\/akuga-oksakaarid-ks-cps20v-40-kohvriga\/"]}]},{"@type":"ImageObject","inLanguage":"fi","@id":"https:\/\/staging.genekas24.ee\/toode\/akuga-oksakaarid-ks-cps20v-40-kohvriga\/#primaryimage","url":"https:\/\/staging.genekas24.ee\/wp-content\/uploads\/2026\/01\/KS-CPS20V-40-Case.webp","contentUrl":"https:\/\/staging.genekas24.ee\/wp-content\/uploads\/2026\/01\/KS-CPS20V-40-Case.webp","width":1600,"height":1600},{"@type":"BreadcrumbList","@id":"https:\/\/staging.genekas24.ee\/toode\/akuga-oksakaarid-ks-cps20v-40-kohvriga\/#breadcrumb","itemListElement":[{"@type":"ListItem","position":1,"name":"Home","item":"https:\/\/staging.genekas24.ee\/"},{"@type":"ListItem","position":2,"name":"Pood","item":"https:\/\/staging.genekas24.ee\/pood\/"},{"@type":"ListItem","position":3,"name":"Akuga oksak\u00e4\u00e4rid KS CPS20V-40 (kohvriga)"}]},{"@type":"WebSite","@id":"https:\/\/staging.genekas24.ee\/#website","url":"https:\/\/staging.genekas24.ee\/","name":"Genekas24","description":"Generaatorid | K&ouml;nner S&ouml;hnen tooted | Genekas24","publisher":{"@id":"https:\/\/staging.genekas24.ee\/#organization"},"potentialAction":[{"@type":"SearchAction","target":{"@type":"EntryPoint","urlTemplate":"https:\/\/staging.genekas24.ee\/?s={search_term_string}"},"query-input":{"@type":"PropertyValueSpecification","valueRequired":true,"valueName":"search_term_string"}}],"inLanguage":"fi"},{"@type":"Organization","@id":"https:\/\/staging.genekas24.ee\/#organization","name":"Genekas24","url":"https:\/\/staging.genekas24.ee\/","logo":{"@type":"ImageObject","inLanguage":"fi","@id":"https:\/\/staging.genekas24.ee\/#\/schema\/logo\/image\/","url":"https:\/\/staging.genekas24.ee\/wp-content\/uploads\/2026\/01\/genekas24-logo_black.svg","contentUrl":"https:\/\/staging.genekas24.ee\/wp-content\/uploads\/2026\/01\/genekas24-logo_black.svg","width":840,"height":131,"caption":"Genekas24"},"image":{"@id":"https:\/\/staging.genekas24.ee\/#\/schema\/logo\/image\/"}}]}},"_links":{"self":[{"href":"https:\/\/staging.genekas24.ee\/fi\/wp-json\/wp\/v2\/product\/21850","targetHints":{"allow":["GET"]}}],"collection":[{"href":"https:\/\/staging.genekas24.ee\/fi\/wp-json\/wp\/v2\/product"}],"about":[{"href":"https:\/\/staging.genekas24.ee\/fi\/wp-json\/wp\/v2\/types\/product"}],"version-history":[{"count":2,"href":"https:\/\/staging.genekas24.ee\/fi\/wp-json\/wp\/v2\/product\/21850\/revisions"}],"predecessor-version":[{"id":21862,"href":"https:\/\/staging.genekas24.ee\/fi\/wp-json\/wp\/v2\/product\/21850\/revisions\/21862"}],"wp:featuredmedia":[{"embeddable":true,"href":"https:\/\/staging.genekas24.ee\/fi\/wp-json\/wp\/v2\/media\/21851"}],"wp:attachment":[{"href":"https:\/\/staging.genekas24.ee\/fi\/wp-json\/wp\/v2\/media?parent=21850"}],"wp:term":[{"taxonomy":"product_brand","embeddable":true,"href":"https:\/\/staging.genekas24.ee\/fi\/wp-json\/wp\/v2\/product_brand?post=21850"},{"taxonomy":"product_cat","embeddable":true,"href":"https:\/\/staging.genekas24.ee\/fi\/wp-json\/wp\/v2\/product_cat?post=21850"},{"taxonomy":"product_tag","embeddable":true,"href":"https:\/\/staging.genekas24.ee\/fi\/wp-json\/wp\/v2\/product_tag?post=21850"}],"curies":[{"name":"wp","href":"https:\/\/api.w.org\/{rel}","templated":true}]}}