{"id":21813,"date":"2026-01-06T10:32:13","date_gmt":"2026-01-06T10:32:13","guid":{"rendered":"https:\/\/staging.genekas24.ee\/?post_type=product&#038;p=21813"},"modified":"2026-01-06T10:32:13","modified_gmt":"2026-01-06T10:32:13","slug":"bensiinimootoriga-trimmer-ks-bc19g-2t","status":"publish","type":"product","link":"https:\/\/staging.genekas24.ee\/fi\/tuote\/bensiinimootoriga-trimmer-ks-bc19g-2t\/","title":{"rendered":"Bensiinimootoriga trimmer KS BC19G-2T"},"content":{"rendered":"<p>KS BC19G-2T trimmer Saksamaa kaubam\u00e4rgilt K\u00f6nner &amp; S\u00f6hnen\u00ae \u2013 ideaalne valik neile, kes hindavad kvaliteeti ja mugavust. See on varustatud v\u00f5imsa ja k\u00fctuses\u00e4\u00e4stliku mootoriga, mis vastab Euro 5 \u00f6kostandarditele. CDI s\u00fc\u00fctes\u00fcsteem tagab stabiilse j\u00f5udluse. Lihtne E-Start ja automaatne l\u00fcliti lihtsustavad k\u00e4ivitamist, samas kui jalgrattak\u00e4epide ja vibratsioonivastane s\u00fcsteem suurendavad mugavust. \u00d5larihm jaotab kaalu \u00fchtlaselt. Jagatud v\u00f5ll muudab t\u00f6\u00f6riista kompaktseks ja t\u00f6\u00f6riistavaba lukustuss\u00fcsteem v\u00f5imaldab l\u00f5iketerade lihtsat vahetamist. P\u00fcsikiirusehoidja lihtsustab k\u00e4sitsemist ja Tap&amp;Go s\u00fcsteem pakub mugavat j\u00f5hvi etteandmist.<\/p>\n<table style=\"border-collapse: collapse; width: 100%;\">\n<tbody>\n<tr>\n<td style=\"width: 13.1427%;\"><img decoding=\"async\" src=\"https:\/\/konner-sohnen.ee\/cdn\/shop\/files\/ks_bc19g-2t_Powerful_and_fuel-efficient_Euro_5_engine_01.png?v=1756966286&amp;width=500\" alt=\"V\u00f5imas ja k\u00fctuses\u00e4\u00e4stlik Euro 5 mootor\" \/><\/td>\n<td style=\"width: 86.8573%;\">\n<h3>V\u00f5imas ja k\u00fctuses\u00e4\u00e4stlik Euro V mootor<\/h3>\n<div class=\"text-sm\">Kaasaegne mootor, millel on k\u00f5rge j\u00f5udlus ja madal k\u00fctusekulu, mis vastab Euro V \u00f6kostandarditele, v\u00e4hendades heitkoguseid ja tagades t\u00f5husa t\u00f6\u00f6.<\/div>\n<\/td>\n<\/tr>\n<tr>\n<td style=\"width: 13.1427%;\"><img decoding=\"async\" src=\"https:\/\/konner-sohnen.ee\/cdn\/shop\/files\/ks_bc19g-2t_Rotating_bike_handle_holder_02.png?v=1756966286&amp;width=500\" alt=\"P\u00f6\u00f6rlev jalgratta k\u00e4epideme hoidik\" \/><\/td>\n<td style=\"width: 86.8573%;\">\n<h3>P\u00f6\u00f6rlev k\u00e4epideme hoidik<\/h3>\n<div class=\"text-sm\">Hoidiku disain v\u00f5imaldab teil k\u00e4epideme asendit reguleerida, et tagada maksimaalne mugavus kasutamise, transportimise ja hoiustamise ajal.<\/div>\n<\/td>\n<\/tr>\n<tr>\n<td style=\"width: 13.1427%;\"><img decoding=\"async\" src=\"https:\/\/konner-sohnen.ee\/cdn\/shop\/files\/ks_bc19g-2t_Ergonomic_bike_handle_03.png?v=1756966284&amp;width=500\" alt=\"Ergonoomiline jalgratta lenks\" \/><\/td>\n<td style=\"width: 86.8573%;\">\n<h3>Ergonoomiline k\u00e4epide<\/h3>\n<div class=\"text-sm\">Pakub mugavat ja usaldusv\u00e4\u00e4rset v\u00f5sal\u00f5ikuri juhtimist, v\u00e4hendades k\u00e4te koormust ja parandades seadme \u00fcle kontrolli.<\/div>\n<\/td>\n<\/tr>\n<tr>\n<td style=\"width: 13.1427%;\"><img decoding=\"async\" src=\"https:\/\/konner-sohnen.ee\/cdn\/shop\/files\/ks_bc19g-2t_Durable_split_shaft_with_aluminum_connector_04.png?v=1756966285&amp;width=500\" alt=\"Vastupidav jagatud v\u00f5ll alumiinium\u00fchendusega\" \/><\/td>\n<td style=\"width: 86.8573%;\">\n<h3>Vastupidav v\u00f5ll alumiinium\u00fchendusega<\/h3>\n<div class=\"text-sm\">V\u00f5lli materjal tagab struktuurse t\u00f6\u00f6kindluse, samas kui kerge alumiinium\u00fchendus muudab t\u00f6\u00f6riista lihtsasti transporditavaks ja hoiustatavaks.<\/div>\n<\/td>\n<\/tr>\n<tr>\n<td style=\"width: 13.1427%;\"><img decoding=\"async\" src=\"https:\/\/konner-sohnen.ee\/cdn\/shop\/files\/ks_bc19g-2t_Cruise_control_05.png?v=1756966285&amp;width=500\" alt=\"P\u00fcsikiiruse hoidja\" \/><\/td>\n<td style=\"width: 86.8573%;\">\n<h3>P\u00fcsikiiruse hoidja<\/h3>\n<div class=\"text-sm\">See funktsioon v\u00f5imaldab teil hoida pidevat kiirust ilma, et peaksite pidevalt gaasinuppu vajutama, mis lihtsustab oluliselt t\u00f6\u00f6d suuremahulise niitmise ajal.<\/div>\n<\/td>\n<\/tr>\n<tr>\n<td style=\"width: 13.1427%;\"><img decoding=\"async\" src=\"https:\/\/konner-sohnen.ee\/cdn\/shop\/files\/ks_bc19g-2t_Tool-free_locking_system_06.png?v=1756966286&amp;width=500\" alt=\"T\u00f6\u00f6riistavaba lukustuss\u00fcsteem\" \/><\/td>\n<td style=\"width: 86.8573%;\">\n<h3>T\u00f6\u00f6riistavaba lukustuss\u00fcsteem<\/h3>\n<div class=\"text-sm\">Innovaatiline k\u00e4igukasti lukustuss\u00fcsteem, mis v\u00f5imaldab kiiret ja lihtsat pea v\u00f5i tera vahetust ilma lisat\u00f6\u00f6riistadeta.<\/div>\n<\/td>\n<\/tr>\n<\/tbody>\n<\/table>","protected":false},"excerpt":{"rendered":"<div id=\"datasheet\" class=\"section product-datasheet\">\n<div class=\"section-wrapper\">\n<div class=\"datasheet-wrapper\">\n<div class=\"right\">\n<table>\n<tbody>\n<tr>\n<td>Moottorityyppi<\/td>\n<td>bensiin 2-taktiline<\/td>\n<\/tr>\n<tr>\n<td>Mootori maht, cm\u00b3<\/td>\n<td>51.7<\/td>\n<\/tr>\n<tr>\n<td>Moottoriteho, hv\/kW<\/td>\n<td>1.9\/1.4<\/td>\n<\/tr>\n<tr>\n<td>Moottorin malli<\/td>\n<td>KS 55<\/td>\n<\/tr>\n<tr>\n<td>Maksimaalne kiirus, p\/min<\/td>\n<td>6500<\/td>\n<\/tr>\n<tr>\n<td>Bensiini ja \u00f5li segamissuhe<\/td>\n<td>40:1<\/td>\n<\/tr>\n<tr>\n<td>Polttoaines\u00e4ili\u00f6n tilavuus, L<\/td>\n<td>1.1<\/td>\n<\/tr>\n<tr>\n<td>L\u00f5ikelaius (pool)<\/td>\n<td>420 mm<\/td>\n<\/tr>\n<tr>\n<td>L\u00f5ikelaius (l\u00f5ikeketas)<\/td>\n<td>255 mm<\/td>\n<\/tr>\n<tr>\n<td>L\u00f5ikek\u00f5rgus (murutrimmer), mm<\/td>\n<td>3.3<\/td>\n<\/tr>\n<tr>\n<td>Paigaldust\u00fc\u00fcp<\/td>\n<td>k\u00fclg<\/td>\n<\/tr>\n<tr>\n<td>Komplektis<\/td>\n<td>Trimmeri pea, tera, \u00f5larihm, n\u00e4okaitse, k\u00f5rvakaitse, t\u00f6\u00f6riistakott<\/td>\n<\/tr>\n<tr>\n<td>Nettopaino, kg<\/td>\n<td>7.5<\/td>\n<\/tr>\n<tr>\n<td>Kogukaal, kg<\/td>\n<td>9.0<\/td>\n<\/tr>\n<tr>\n<td>SKU<\/td>\n<td>KS BC19G-2T<\/td>\n<\/tr>\n<tr>\n<td>EAN<\/td>\n<td>4260405368501<\/td>\n<\/tr>\n<\/tbody>\n<\/table>\n<\/div>\n<\/div>\n<\/div>\n<\/div>\n<div id=\"instructions\" class=\"section product-instructions\">\n<div class=\"section-wrapper\">\n<div class=\"titles\">\n<div class=\"title-wrapper\">\n<h2 class=\"title h2\"><\/h2>\n<\/div>\n<\/div>\n<\/div>\n<\/div>","protected":false},"featured_media":21816,"template":"","meta":{"_acf_changed":false,"inline_featured_image":false},"product_brand":[],"product_cat":[159,195,192],"product_tag":[],"class_list":{"0":"post-21813","1":"product","2":"type-product","3":"status-publish","4":"has-post-thumbnail","6":"product_cat-aiatooriistad","7":"product_cat-bensiinitrimmer","8":"product_cat-trimmerid","9":"product_shipping_class-vaikepakk","10":"brand-konner-sohnen","12":"first","13":"instock","14":"taxable","15":"shipping-taxable","16":"purchasable","17":"product-type-simple"},"acf":[],"yoast_head":"<!-- This site is optimized with the Yoast SEO plugin v26.2 - https:\/\/yoast.com\/wordpress\/plugins\/seo\/ -->\n<title>Bensiinimootoriga trimmer KS BC19G-2T - Genekas24<\/title>\n<meta name=\"robots\" content=\"index, follow, max-snippet:-1, max-image-preview:large, max-video-preview:-1\" \/>\n<link rel=\"canonical\" href=\"https:\/\/staging.genekas24.ee\/fi\/tuote\/bensiinimootoriga-trimmer-ks-bc19g-2t\/\" \/>\n<meta property=\"og:locale\" content=\"fi_FI\" \/>\n<meta property=\"og:type\" content=\"article\" \/>\n<meta property=\"og:title\" content=\"Bensiinimootoriga trimmer KS BC19G-2T - Genekas24\" \/>\n<meta property=\"og:description\" content=\"Mootori t\u00fc\u00fcp bensiin 2-taktiline   Mootori maht, cm\u00b3 51.7   Mootori v\u00f5imsus, hj\/kW 1.9\/1.4   Mootori mudel KS 55   Maksimaalne kiirus, p\/min 6500   Bensiini ja \u00f5li segamissuhe 40:1   K\u00fctusepaagi maht, l 1.1   L\u00f5ikelaius (pool) 420 mm   L\u00f5ikelaius (l\u00f5ikeketas) 255 mm   L\u00f5ikek\u00f5rgus (murutrimmer), mm 3.3   Paigaldust\u00fc\u00fcp k\u00fclg   Komplektis Trimmeri pea, tera, \u00f5larihm, n\u00e4okaitse, k\u00f5rvakaitse, t\u00f6\u00f6riistakott   Netokaal, kg 7.5   Kogukaal, kg 9.0   SKU KS BC19G-2T   EAN 4260405368501\" \/>\n<meta property=\"og:url\" content=\"https:\/\/staging.genekas24.ee\/fi\/tuote\/bensiinimootoriga-trimmer-ks-bc19g-2t\/\" \/>\n<meta property=\"og:site_name\" content=\"Genekas24\" \/>\n<meta property=\"og:image\" content=\"https:\/\/staging.genekas24.ee\/wp-content\/uploads\/2026\/01\/ks_bc19g-2t_2500x2500_01.webp\" \/>\n\t<meta property=\"og:image:width\" content=\"1600\" \/>\n\t<meta property=\"og:image:height\" content=\"1600\" \/>\n\t<meta property=\"og:image:type\" content=\"image\/webp\" \/>\n<meta name=\"twitter:card\" content=\"summary_large_image\" \/>\n<meta name=\"twitter:label1\" content=\"Arvioitu lukuaika\" \/>\n\t<meta name=\"twitter:data1\" content=\"3 minuuttia\" \/>\n<script type=\"application\/ld+json\" class=\"yoast-schema-graph\">{\"@context\":\"https:\/\/schema.org\",\"@graph\":[{\"@type\":\"WebPage\",\"@id\":\"https:\/\/staging.genekas24.ee\/toode\/bensiinimootoriga-trimmer-ks-bc19g-2t\/\",\"url\":\"https:\/\/staging.genekas24.ee\/toode\/bensiinimootoriga-trimmer-ks-bc19g-2t\/\",\"name\":\"Bensiinimootoriga trimmer KS BC19G-2T - Genekas24\",\"isPartOf\":{\"@id\":\"https:\/\/staging.genekas24.ee\/#website\"},\"primaryImageOfPage\":{\"@id\":\"https:\/\/staging.genekas24.ee\/toode\/bensiinimootoriga-trimmer-ks-bc19g-2t\/#primaryimage\"},\"image\":{\"@id\":\"https:\/\/staging.genekas24.ee\/toode\/bensiinimootoriga-trimmer-ks-bc19g-2t\/#primaryimage\"},\"thumbnailUrl\":\"https:\/\/staging.genekas24.ee\/wp-content\/uploads\/2026\/01\/ks_bc19g-2t_2500x2500_01.webp\",\"datePublished\":\"2026-01-06T10:32:13+00:00\",\"breadcrumb\":{\"@id\":\"https:\/\/staging.genekas24.ee\/toode\/bensiinimootoriga-trimmer-ks-bc19g-2t\/#breadcrumb\"},\"inLanguage\":\"fi\",\"potentialAction\":[{\"@type\":\"ReadAction\",\"target\":[\"https:\/\/staging.genekas24.ee\/toode\/bensiinimootoriga-trimmer-ks-bc19g-2t\/\"]}]},{\"@type\":\"ImageObject\",\"inLanguage\":\"fi\",\"@id\":\"https:\/\/staging.genekas24.ee\/toode\/bensiinimootoriga-trimmer-ks-bc19g-2t\/#primaryimage\",\"url\":\"https:\/\/staging.genekas24.ee\/wp-content\/uploads\/2026\/01\/ks_bc19g-2t_2500x2500_01.webp\",\"contentUrl\":\"https:\/\/staging.genekas24.ee\/wp-content\/uploads\/2026\/01\/ks_bc19g-2t_2500x2500_01.webp\",\"width\":1600,\"height\":1600},{\"@type\":\"BreadcrumbList\",\"@id\":\"https:\/\/staging.genekas24.ee\/toode\/bensiinimootoriga-trimmer-ks-bc19g-2t\/#breadcrumb\",\"itemListElement\":[{\"@type\":\"ListItem\",\"position\":1,\"name\":\"Home\",\"item\":\"https:\/\/staging.genekas24.ee\/\"},{\"@type\":\"ListItem\",\"position\":2,\"name\":\"Pood\",\"item\":\"https:\/\/staging.genekas24.ee\/pood\/\"},{\"@type\":\"ListItem\",\"position\":3,\"name\":\"Bensiinimootoriga trimmer KS BC19G-2T\"}]},{\"@type\":\"WebSite\",\"@id\":\"https:\/\/staging.genekas24.ee\/#website\",\"url\":\"https:\/\/staging.genekas24.ee\/\",\"name\":\"Genekas24\",\"description\":\"Generaatorid | K&ouml;nner S&ouml;hnen tooted | Genekas24\",\"publisher\":{\"@id\":\"https:\/\/staging.genekas24.ee\/#organization\"},\"potentialAction\":[{\"@type\":\"SearchAction\",\"target\":{\"@type\":\"EntryPoint\",\"urlTemplate\":\"https:\/\/staging.genekas24.ee\/?s={search_term_string}\"},\"query-input\":{\"@type\":\"PropertyValueSpecification\",\"valueRequired\":true,\"valueName\":\"search_term_string\"}}],\"inLanguage\":\"fi\"},{\"@type\":\"Organization\",\"@id\":\"https:\/\/staging.genekas24.ee\/#organization\",\"name\":\"Genekas24\",\"url\":\"https:\/\/staging.genekas24.ee\/\",\"logo\":{\"@type\":\"ImageObject\",\"inLanguage\":\"fi\",\"@id\":\"https:\/\/staging.genekas24.ee\/#\/schema\/logo\/image\/\",\"url\":\"https:\/\/staging.genekas24.ee\/wp-content\/uploads\/2026\/01\/genekas24-logo_black.svg\",\"contentUrl\":\"https:\/\/staging.genekas24.ee\/wp-content\/uploads\/2026\/01\/genekas24-logo_black.svg\",\"width\":840,\"height\":131,\"caption\":\"Genekas24\"},\"image\":{\"@id\":\"https:\/\/staging.genekas24.ee\/#\/schema\/logo\/image\/\"}}]}<\/script>\n<!-- \/ Yoast SEO plugin. -->","yoast_head_json":{"title":"Bensiinimootoriga trimmer KS BC19G-2T - Genekas24","robots":{"index":"index","follow":"follow","max-snippet":"max-snippet:-1","max-image-preview":"max-image-preview:large","max-video-preview":"max-video-preview:-1"},"canonical":"https:\/\/staging.genekas24.ee\/fi\/tuote\/bensiinimootoriga-trimmer-ks-bc19g-2t\/","og_locale":"fi_FI","og_type":"article","og_title":"Bensiinimootoriga trimmer KS BC19G-2T - Genekas24","og_description":"Mootori t\u00fc\u00fcp bensiin 2-taktiline   Mootori maht, cm\u00b3 51.7   Mootori v\u00f5imsus, hj\/kW 1.9\/1.4   Mootori mudel KS 55   Maksimaalne kiirus, p\/min 6500   Bensiini ja \u00f5li segamissuhe 40:1   K\u00fctusepaagi maht, l 1.1   L\u00f5ikelaius (pool) 420 mm   L\u00f5ikelaius (l\u00f5ikeketas) 255 mm   L\u00f5ikek\u00f5rgus (murutrimmer), mm 3.3   Paigaldust\u00fc\u00fcp k\u00fclg   Komplektis Trimmeri pea, tera, \u00f5larihm, n\u00e4okaitse, k\u00f5rvakaitse, t\u00f6\u00f6riistakott   Netokaal, kg 7.5   Kogukaal, kg 9.0   SKU KS BC19G-2T   EAN 4260405368501","og_url":"https:\/\/staging.genekas24.ee\/fi\/tuote\/bensiinimootoriga-trimmer-ks-bc19g-2t\/","og_site_name":"Genekas24","og_image":[{"width":1600,"height":1600,"url":"https:\/\/staging.genekas24.ee\/wp-content\/uploads\/2026\/01\/ks_bc19g-2t_2500x2500_01.webp","type":"image\/webp"}],"twitter_card":"summary_large_image","twitter_misc":{"Arvioitu lukuaika":"3 minuuttia"},"schema":{"@context":"https:\/\/schema.org","@graph":[{"@type":"WebPage","@id":"https:\/\/staging.genekas24.ee\/toode\/bensiinimootoriga-trimmer-ks-bc19g-2t\/","url":"https:\/\/staging.genekas24.ee\/toode\/bensiinimootoriga-trimmer-ks-bc19g-2t\/","name":"Bensiinimootoriga trimmer KS BC19G-2T - Genekas24","isPartOf":{"@id":"https:\/\/staging.genekas24.ee\/#website"},"primaryImageOfPage":{"@id":"https:\/\/staging.genekas24.ee\/toode\/bensiinimootoriga-trimmer-ks-bc19g-2t\/#primaryimage"},"image":{"@id":"https:\/\/staging.genekas24.ee\/toode\/bensiinimootoriga-trimmer-ks-bc19g-2t\/#primaryimage"},"thumbnailUrl":"https:\/\/staging.genekas24.ee\/wp-content\/uploads\/2026\/01\/ks_bc19g-2t_2500x2500_01.webp","datePublished":"2026-01-06T10:32:13+00:00","breadcrumb":{"@id":"https:\/\/staging.genekas24.ee\/toode\/bensiinimootoriga-trimmer-ks-bc19g-2t\/#breadcrumb"},"inLanguage":"fi","potentialAction":[{"@type":"ReadAction","target":["https:\/\/staging.genekas24.ee\/toode\/bensiinimootoriga-trimmer-ks-bc19g-2t\/"]}]},{"@type":"ImageObject","inLanguage":"fi","@id":"https:\/\/staging.genekas24.ee\/toode\/bensiinimootoriga-trimmer-ks-bc19g-2t\/#primaryimage","url":"https:\/\/staging.genekas24.ee\/wp-content\/uploads\/2026\/01\/ks_bc19g-2t_2500x2500_01.webp","contentUrl":"https:\/\/staging.genekas24.ee\/wp-content\/uploads\/2026\/01\/ks_bc19g-2t_2500x2500_01.webp","width":1600,"height":1600},{"@type":"BreadcrumbList","@id":"https:\/\/staging.genekas24.ee\/toode\/bensiinimootoriga-trimmer-ks-bc19g-2t\/#breadcrumb","itemListElement":[{"@type":"ListItem","position":1,"name":"Home","item":"https:\/\/staging.genekas24.ee\/"},{"@type":"ListItem","position":2,"name":"Pood","item":"https:\/\/staging.genekas24.ee\/pood\/"},{"@type":"ListItem","position":3,"name":"Bensiinimootoriga trimmer KS BC19G-2T"}]},{"@type":"WebSite","@id":"https:\/\/staging.genekas24.ee\/#website","url":"https:\/\/staging.genekas24.ee\/","name":"Genekas24","description":"Generaatorid | K&ouml;nner S&ouml;hnen tooted | Genekas24","publisher":{"@id":"https:\/\/staging.genekas24.ee\/#organization"},"potentialAction":[{"@type":"SearchAction","target":{"@type":"EntryPoint","urlTemplate":"https:\/\/staging.genekas24.ee\/?s={search_term_string}"},"query-input":{"@type":"PropertyValueSpecification","valueRequired":true,"valueName":"search_term_string"}}],"inLanguage":"fi"},{"@type":"Organization","@id":"https:\/\/staging.genekas24.ee\/#organization","name":"Genekas24","url":"https:\/\/staging.genekas24.ee\/","logo":{"@type":"ImageObject","inLanguage":"fi","@id":"https:\/\/staging.genekas24.ee\/#\/schema\/logo\/image\/","url":"https:\/\/staging.genekas24.ee\/wp-content\/uploads\/2026\/01\/genekas24-logo_black.svg","contentUrl":"https:\/\/staging.genekas24.ee\/wp-content\/uploads\/2026\/01\/genekas24-logo_black.svg","width":840,"height":131,"caption":"Genekas24"},"image":{"@id":"https:\/\/staging.genekas24.ee\/#\/schema\/logo\/image\/"}}]}},"_links":{"self":[{"href":"https:\/\/staging.genekas24.ee\/fi\/wp-json\/wp\/v2\/product\/21813","targetHints":{"allow":["GET"]}}],"collection":[{"href":"https:\/\/staging.genekas24.ee\/fi\/wp-json\/wp\/v2\/product"}],"about":[{"href":"https:\/\/staging.genekas24.ee\/fi\/wp-json\/wp\/v2\/types\/product"}],"version-history":[{"count":2,"href":"https:\/\/staging.genekas24.ee\/fi\/wp-json\/wp\/v2\/product\/21813\/revisions"}],"predecessor-version":[{"id":21823,"href":"https:\/\/staging.genekas24.ee\/fi\/wp-json\/wp\/v2\/product\/21813\/revisions\/21823"}],"wp:featuredmedia":[{"embeddable":true,"href":"https:\/\/staging.genekas24.ee\/fi\/wp-json\/wp\/v2\/media\/21816"}],"wp:attachment":[{"href":"https:\/\/staging.genekas24.ee\/fi\/wp-json\/wp\/v2\/media?parent=21813"}],"wp:term":[{"taxonomy":"product_brand","embeddable":true,"href":"https:\/\/staging.genekas24.ee\/fi\/wp-json\/wp\/v2\/product_brand?post=21813"},{"taxonomy":"product_cat","embeddable":true,"href":"https:\/\/staging.genekas24.ee\/fi\/wp-json\/wp\/v2\/product_cat?post=21813"},{"taxonomy":"product_tag","embeddable":true,"href":"https:\/\/staging.genekas24.ee\/fi\/wp-json\/wp\/v2\/product_tag?post=21813"}],"curies":[{"name":"wp","href":"https:\/\/api.w.org\/{rel}","templated":true}]}}