{"id":21756,"date":"2026-01-06T10:17:10","date_gmt":"2026-01-06T10:17:10","guid":{"rendered":"https:\/\/staging.genekas24.ee\/?post_type=product&#038;p=21756"},"modified":"2026-01-06T10:17:10","modified_gmt":"2026-01-06T10:17:10","slug":"bensiinimootoriga-trimmer-ks-bc16g-4t","status":"publish","type":"product","link":"https:\/\/staging.genekas24.ee\/fi\/tuote\/bensiinimootoriga-trimmer-ks-bc16g-4t\/","title":{"rendered":"Bensiinimootoriga trimmer KS BC16G-4T"},"content":{"rendered":"<p>Bensiinimootoriga trimmer Saksa kaubam\u00e4rgilt K\u00f6nner &amp; S\u00f6hnen\u00ae \u2013 v\u00f5imas ja usaldusv\u00e4\u00e4rne t\u00f6\u00f6riist aedade, parkide ja tagahoovide hooldamiseks. Varustatud 4-taktilise mootori ja CDI s\u00fc\u00fctes\u00fcsteemiga stabiilseks t\u00f6\u00f6ks ja k\u00fctuses\u00e4\u00e4stlikkuseks. Reguleeritav jalgrattak\u00e4epide, 4-punktiline vibratsioonivastane s\u00fcsteem ja ergonoomiline k\u00e4epide tagavad mugavuse ka pikaajalisel kasutamisel. Vastupidav, eemaldatav v\u00f5ll alumiinium\u00fchendusega muudab transpordi ja hoiustamise lihtsaks. Sellised funktsioonid nagu automaatne l\u00fclitus, p\u00fcsikiiruse hoidja ja t\u00f6\u00f6riistavaba lukustuss\u00fcsteem suurendavad mugavust ja ohutust. Komplekt sisaldab kvaliteetset seljakotirihma, p\u00f5\u00f5satera ja Tap&amp;Go trimmeripead.<\/p>\n<table style=\"border-collapse: collapse; width: 100%;\">\n<tbody>\n<tr>\n<td style=\"width: 11.4772%;\"><img decoding=\"async\" src=\"https:\/\/konner-sohnen.ee\/cdn\/shop\/files\/ks_bc16g-4t_Rotating_Bicycle_Handle_Holder_01.png?v=1756974414&amp;width=500\" alt=\"P\u00f6\u00f6rlev jalgratta k\u00e4epideme hoidik\" \/><\/td>\n<td style=\"width: 88.5228%;\">\n<h3>P\u00f6\u00f6rlev jalgratta k\u00e4epideme hoidik<\/h3>\n<div class=\"text-sm\">V\u00f5imaldab reguleerida k\u00e4epideme asendit maksimaalse mugavuse saavutamiseks kasutamise, transportimise ja hoiustamise ajal.<\/div>\n<\/td>\n<\/tr>\n<tr>\n<td style=\"width: 11.4772%;\"><img decoding=\"async\" src=\"https:\/\/konner-sohnen.ee\/cdn\/shop\/files\/ks_bc16g-4t_Ergonomic_Bicycle-Style_Handle_02.png?v=1756974411&amp;width=500\" alt=\"Ergonoomiline jalgrattastiilis k\u00e4epide\" \/><\/td>\n<td style=\"width: 88.5228%;\">\n<h3>Ergonoomiline jalgrattastiilis k\u00e4epide<\/h3>\n<div class=\"text-sm\">Spetsiaalselt kujundatud kuju tagab mugava v\u00f5sal\u00f5ikuri juhtimise, v\u00e4hendab k\u00e4te koormust ja parandab t\u00f6\u00f6riista kontrolli.<\/div>\n<\/td>\n<\/tr>\n<tr>\n<td style=\"width: 11.4772%;\"><img decoding=\"async\" src=\"https:\/\/konner-sohnen.ee\/cdn\/shop\/files\/ks_bc16g-4t_Detachable_Shaft_with_Aluminum_Connector_03.png?v=1756974413&amp;width=500\" alt=\"Eemaldatav v\u00f5ll alumiinium\u00fchendusega\" \/><\/td>\n<td style=\"width: 88.5228%;\">\n<h3>Eemaldatav v\u00f5ll alumiinium\u00fchendusega<\/h3>\n<div class=\"text-sm\">V\u00f5lli vastupidav materjal tagab struktuurse t\u00f6\u00f6kindluse, samas kui alumiiniumist \u00fchendus tagab kerge kaalu ning lihtsa transpordi ja hoiustamise.<\/div>\n<\/td>\n<\/tr>\n<tr>\n<td style=\"width: 11.4772%;\"><img decoding=\"async\" src=\"https:\/\/konner-sohnen.ee\/cdn\/shop\/files\/ks_bc16g-4t_Cruise_Control_Function_04.png?v=1756974413&amp;width=500\" alt=\"P\u00fcsikiiruse hoidja funktsioon\" \/><\/td>\n<td style=\"width: 88.5228%;\">\n<h3>P\u00fcsikiiruse hoidja funktsioon<\/h3>\n<div class=\"text-sm\">Hoiab \u00fchtlast kiirust ilma vajaduseta pidevalt gaasi vajutada, muutes pikaajalise niitmise palju lihtsamaks.<\/div>\n<\/td>\n<\/tr>\n<tr>\n<td style=\"width: 11.4772%;\"><img decoding=\"async\" src=\"https:\/\/konner-sohnen.ee\/cdn\/shop\/files\/ks_bc16g-4t_Tool-Free_Locking_System_05.png?v=1756974414&amp;width=500\" alt=\"T\u00f6\u00f6riistavaba lukustuss\u00fcsteem\" \/><\/td>\n<td style=\"width: 88.5228%;\">\n<h3>T\u00f6\u00f6riistavaba lukustuss\u00fcsteem<\/h3>\n<div class=\"text-sm\">Kaasaegne s\u00fcsteem, mis v\u00f5imaldab kiiret ja vaevatut trimmeripea v\u00f5i tera vahetust.<\/div>\n<\/td>\n<\/tr>\n<\/tbody>\n<\/table>","protected":false},"excerpt":{"rendered":"<table>\n<tbody>\n<tr>\n<td>Moottorityyppi<\/td>\n<td>bensiin 4-taktiline<\/td>\n<\/tr>\n<tr>\n<td>Mootori maht, cm\u00b3<\/td>\n<td>38.9<\/td>\n<\/tr>\n<tr>\n<td>Moottoriteho, hv\/kW<\/td>\n<td>1.63\/1.2<\/td>\n<\/tr>\n<tr>\n<td>Moottorin malli<\/td>\n<td>KS 40<\/td>\n<\/tr>\n<tr>\n<td>Maksimaalne kiirus, p\/min<\/td>\n<td>7000<\/td>\n<\/tr>\n<tr>\n<td>L\u00f5ikelaius (pool)<\/td>\n<td>420 mm<\/td>\n<\/tr>\n<tr>\n<td>L\u00f5ikelaius (l\u00f5ikeketas)<\/td>\n<td>255 mm<\/td>\n<\/tr>\n<tr>\n<td>L\u00f5ikek\u00f5rgus (murutrimmer), mm<\/td>\n<td>3.3<\/td>\n<\/tr>\n<tr>\n<td>Toru l\u00e4bim\u00f5\u00f5t, mm<\/td>\n<td>28<\/td>\n<\/tr>\n<tr>\n<td>Paigaldust\u00fc\u00fcp<\/td>\n<td>k\u00fclg<\/td>\n<\/tr>\n<tr>\n<td>Komplektis<\/td>\n<td>T\u00e4iustatud seljarihm, v\u00f5satera, Tap&amp;Go trimmeripea, n\u00e4okaitse, kaitseklapid, t\u00f6\u00f6riistakott, k\u00fctusesegu pudel<\/td>\n<\/tr>\n<tr>\n<td>Nettopaino, kg<\/td>\n<td>7.5<\/td>\n<\/tr>\n<tr>\n<td>Kogukaal, kg<\/td>\n<td>9.0<\/td>\n<\/tr>\n<tr>\n<td>SKU<\/td>\n<td>KS BC16G-4T<\/td>\n<\/tr>\n<tr>\n<td>EAN<\/td>\n<td>4260405368495<\/td>\n<\/tr>\n<\/tbody>\n<\/table>","protected":false},"featured_media":21757,"template":"","meta":{"_acf_changed":false,"inline_featured_image":false},"product_brand":[],"product_cat":[159,195,192],"product_tag":[],"class_list":{"0":"post-21756","1":"product","2":"type-product","3":"status-publish","4":"has-post-thumbnail","6":"product_cat-aiatooriistad","7":"product_cat-bensiinitrimmer","8":"product_cat-trimmerid","9":"product_shipping_class-vaikepakk","10":"brand-konner-sohnen","12":"first","13":"instock","14":"taxable","15":"shipping-taxable","16":"purchasable","17":"product-type-simple"},"acf":[],"yoast_head":"<!-- This site is optimized with the Yoast SEO plugin v26.2 - https:\/\/yoast.com\/wordpress\/plugins\/seo\/ -->\n<title>Bensiinimootoriga trimmer KS BC16G-4T - Genekas24<\/title>\n<meta name=\"robots\" content=\"index, follow, max-snippet:-1, max-image-preview:large, max-video-preview:-1\" \/>\n<link rel=\"canonical\" href=\"https:\/\/staging.genekas24.ee\/fi\/tuote\/bensiinimootoriga-trimmer-ks-bc16g-4t\/\" \/>\n<meta property=\"og:locale\" content=\"fi_FI\" \/>\n<meta property=\"og:type\" content=\"article\" \/>\n<meta property=\"og:title\" content=\"Bensiinimootoriga trimmer KS BC16G-4T - Genekas24\" \/>\n<meta property=\"og:description\" content=\"Mootori t\u00fc\u00fcp bensiin 4-taktiline   Mootori maht, cm\u00b3 38.9   Mootori v\u00f5imsus, hj\/kW 1.63\/1.2   Mootori mudel KS 40   Maksimaalne kiirus, p\/min 7000   L\u00f5ikelaius (pool) 420 mm   L\u00f5ikelaius (l\u00f5ikeketas) 255 mm   L\u00f5ikek\u00f5rgus (murutrimmer), mm 3.3   Toru l\u00e4bim\u00f5\u00f5t, mm 28   Paigaldust\u00fc\u00fcp k\u00fclg   Komplektis T\u00e4iustatud seljarihm, v\u00f5satera, Tap&amp;Go trimmeripea, n\u00e4okaitse, kaitseklapid, t\u00f6\u00f6riistakott, k\u00fctusesegu pudel   Netokaal, kg 7.5   Kogukaal, kg 9.0   SKU KS BC16G-4T   EAN 4260405368495\" \/>\n<meta property=\"og:url\" content=\"https:\/\/staging.genekas24.ee\/fi\/tuote\/bensiinimootoriga-trimmer-ks-bc16g-4t\/\" \/>\n<meta property=\"og:site_name\" content=\"Genekas24\" \/>\n<meta property=\"og:image\" content=\"https:\/\/staging.genekas24.ee\/wp-content\/uploads\/2025\/12\/ks_bc16g-4t_2500x2500_01.webp\" \/>\n\t<meta property=\"og:image:width\" content=\"1600\" \/>\n\t<meta property=\"og:image:height\" content=\"1600\" \/>\n\t<meta property=\"og:image:type\" content=\"image\/webp\" \/>\n<meta name=\"twitter:card\" content=\"summary_large_image\" \/>\n<meta name=\"twitter:label1\" content=\"Arvioitu lukuaika\" \/>\n\t<meta name=\"twitter:data1\" content=\"3 minuuttia\" \/>\n<script type=\"application\/ld+json\" class=\"yoast-schema-graph\">{\"@context\":\"https:\/\/schema.org\",\"@graph\":[{\"@type\":\"WebPage\",\"@id\":\"https:\/\/staging.genekas24.ee\/toode\/bensiinimootoriga-trimmer-ks-bc16g-4t\/\",\"url\":\"https:\/\/staging.genekas24.ee\/toode\/bensiinimootoriga-trimmer-ks-bc16g-4t\/\",\"name\":\"Bensiinimootoriga trimmer KS BC16G-4T - Genekas24\",\"isPartOf\":{\"@id\":\"https:\/\/staging.genekas24.ee\/#website\"},\"primaryImageOfPage\":{\"@id\":\"https:\/\/staging.genekas24.ee\/toode\/bensiinimootoriga-trimmer-ks-bc16g-4t\/#primaryimage\"},\"image\":{\"@id\":\"https:\/\/staging.genekas24.ee\/toode\/bensiinimootoriga-trimmer-ks-bc16g-4t\/#primaryimage\"},\"thumbnailUrl\":\"https:\/\/staging.genekas24.ee\/wp-content\/uploads\/2025\/12\/ks_bc16g-4t_2500x2500_01.webp\",\"datePublished\":\"2026-01-06T10:17:10+00:00\",\"breadcrumb\":{\"@id\":\"https:\/\/staging.genekas24.ee\/toode\/bensiinimootoriga-trimmer-ks-bc16g-4t\/#breadcrumb\"},\"inLanguage\":\"fi\",\"potentialAction\":[{\"@type\":\"ReadAction\",\"target\":[\"https:\/\/staging.genekas24.ee\/toode\/bensiinimootoriga-trimmer-ks-bc16g-4t\/\"]}]},{\"@type\":\"ImageObject\",\"inLanguage\":\"fi\",\"@id\":\"https:\/\/staging.genekas24.ee\/toode\/bensiinimootoriga-trimmer-ks-bc16g-4t\/#primaryimage\",\"url\":\"https:\/\/staging.genekas24.ee\/wp-content\/uploads\/2025\/12\/ks_bc16g-4t_2500x2500_01.webp\",\"contentUrl\":\"https:\/\/staging.genekas24.ee\/wp-content\/uploads\/2025\/12\/ks_bc16g-4t_2500x2500_01.webp\",\"width\":1600,\"height\":1600},{\"@type\":\"BreadcrumbList\",\"@id\":\"https:\/\/staging.genekas24.ee\/toode\/bensiinimootoriga-trimmer-ks-bc16g-4t\/#breadcrumb\",\"itemListElement\":[{\"@type\":\"ListItem\",\"position\":1,\"name\":\"Home\",\"item\":\"https:\/\/staging.genekas24.ee\/\"},{\"@type\":\"ListItem\",\"position\":2,\"name\":\"Pood\",\"item\":\"https:\/\/staging.genekas24.ee\/pood\/\"},{\"@type\":\"ListItem\",\"position\":3,\"name\":\"Bensiinimootoriga trimmer KS BC16G-4T\"}]},{\"@type\":\"WebSite\",\"@id\":\"https:\/\/staging.genekas24.ee\/#website\",\"url\":\"https:\/\/staging.genekas24.ee\/\",\"name\":\"Genekas24\",\"description\":\"Generaatorid | K&ouml;nner S&ouml;hnen tooted | Genekas24\",\"publisher\":{\"@id\":\"https:\/\/staging.genekas24.ee\/#organization\"},\"potentialAction\":[{\"@type\":\"SearchAction\",\"target\":{\"@type\":\"EntryPoint\",\"urlTemplate\":\"https:\/\/staging.genekas24.ee\/?s={search_term_string}\"},\"query-input\":{\"@type\":\"PropertyValueSpecification\",\"valueRequired\":true,\"valueName\":\"search_term_string\"}}],\"inLanguage\":\"fi\"},{\"@type\":\"Organization\",\"@id\":\"https:\/\/staging.genekas24.ee\/#organization\",\"name\":\"Genekas24\",\"url\":\"https:\/\/staging.genekas24.ee\/\",\"logo\":{\"@type\":\"ImageObject\",\"inLanguage\":\"fi\",\"@id\":\"https:\/\/staging.genekas24.ee\/#\/schema\/logo\/image\/\",\"url\":\"https:\/\/staging.genekas24.ee\/wp-content\/uploads\/2026\/01\/genekas24-logo_black.svg\",\"contentUrl\":\"https:\/\/staging.genekas24.ee\/wp-content\/uploads\/2026\/01\/genekas24-logo_black.svg\",\"width\":840,\"height\":131,\"caption\":\"Genekas24\"},\"image\":{\"@id\":\"https:\/\/staging.genekas24.ee\/#\/schema\/logo\/image\/\"}}]}<\/script>\n<!-- \/ Yoast SEO plugin. -->","yoast_head_json":{"title":"Bensiinimootoriga trimmer KS BC16G-4T - Genekas24","robots":{"index":"index","follow":"follow","max-snippet":"max-snippet:-1","max-image-preview":"max-image-preview:large","max-video-preview":"max-video-preview:-1"},"canonical":"https:\/\/staging.genekas24.ee\/fi\/tuote\/bensiinimootoriga-trimmer-ks-bc16g-4t\/","og_locale":"fi_FI","og_type":"article","og_title":"Bensiinimootoriga trimmer KS BC16G-4T - Genekas24","og_description":"Mootori t\u00fc\u00fcp bensiin 4-taktiline   Mootori maht, cm\u00b3 38.9   Mootori v\u00f5imsus, hj\/kW 1.63\/1.2   Mootori mudel KS 40   Maksimaalne kiirus, p\/min 7000   L\u00f5ikelaius (pool) 420 mm   L\u00f5ikelaius (l\u00f5ikeketas) 255 mm   L\u00f5ikek\u00f5rgus (murutrimmer), mm 3.3   Toru l\u00e4bim\u00f5\u00f5t, mm 28   Paigaldust\u00fc\u00fcp k\u00fclg   Komplektis T\u00e4iustatud seljarihm, v\u00f5satera, Tap&amp;Go trimmeripea, n\u00e4okaitse, kaitseklapid, t\u00f6\u00f6riistakott, k\u00fctusesegu pudel   Netokaal, kg 7.5   Kogukaal, kg 9.0   SKU KS BC16G-4T   EAN 4260405368495","og_url":"https:\/\/staging.genekas24.ee\/fi\/tuote\/bensiinimootoriga-trimmer-ks-bc16g-4t\/","og_site_name":"Genekas24","og_image":[{"width":1600,"height":1600,"url":"https:\/\/staging.genekas24.ee\/wp-content\/uploads\/2025\/12\/ks_bc16g-4t_2500x2500_01.webp","type":"image\/webp"}],"twitter_card":"summary_large_image","twitter_misc":{"Arvioitu lukuaika":"3 minuuttia"},"schema":{"@context":"https:\/\/schema.org","@graph":[{"@type":"WebPage","@id":"https:\/\/staging.genekas24.ee\/toode\/bensiinimootoriga-trimmer-ks-bc16g-4t\/","url":"https:\/\/staging.genekas24.ee\/toode\/bensiinimootoriga-trimmer-ks-bc16g-4t\/","name":"Bensiinimootoriga trimmer KS BC16G-4T - Genekas24","isPartOf":{"@id":"https:\/\/staging.genekas24.ee\/#website"},"primaryImageOfPage":{"@id":"https:\/\/staging.genekas24.ee\/toode\/bensiinimootoriga-trimmer-ks-bc16g-4t\/#primaryimage"},"image":{"@id":"https:\/\/staging.genekas24.ee\/toode\/bensiinimootoriga-trimmer-ks-bc16g-4t\/#primaryimage"},"thumbnailUrl":"https:\/\/staging.genekas24.ee\/wp-content\/uploads\/2025\/12\/ks_bc16g-4t_2500x2500_01.webp","datePublished":"2026-01-06T10:17:10+00:00","breadcrumb":{"@id":"https:\/\/staging.genekas24.ee\/toode\/bensiinimootoriga-trimmer-ks-bc16g-4t\/#breadcrumb"},"inLanguage":"fi","potentialAction":[{"@type":"ReadAction","target":["https:\/\/staging.genekas24.ee\/toode\/bensiinimootoriga-trimmer-ks-bc16g-4t\/"]}]},{"@type":"ImageObject","inLanguage":"fi","@id":"https:\/\/staging.genekas24.ee\/toode\/bensiinimootoriga-trimmer-ks-bc16g-4t\/#primaryimage","url":"https:\/\/staging.genekas24.ee\/wp-content\/uploads\/2025\/12\/ks_bc16g-4t_2500x2500_01.webp","contentUrl":"https:\/\/staging.genekas24.ee\/wp-content\/uploads\/2025\/12\/ks_bc16g-4t_2500x2500_01.webp","width":1600,"height":1600},{"@type":"BreadcrumbList","@id":"https:\/\/staging.genekas24.ee\/toode\/bensiinimootoriga-trimmer-ks-bc16g-4t\/#breadcrumb","itemListElement":[{"@type":"ListItem","position":1,"name":"Home","item":"https:\/\/staging.genekas24.ee\/"},{"@type":"ListItem","position":2,"name":"Pood","item":"https:\/\/staging.genekas24.ee\/pood\/"},{"@type":"ListItem","position":3,"name":"Bensiinimootoriga trimmer KS BC16G-4T"}]},{"@type":"WebSite","@id":"https:\/\/staging.genekas24.ee\/#website","url":"https:\/\/staging.genekas24.ee\/","name":"Genekas24","description":"Generaatorid | K&ouml;nner S&ouml;hnen tooted | Genekas24","publisher":{"@id":"https:\/\/staging.genekas24.ee\/#organization"},"potentialAction":[{"@type":"SearchAction","target":{"@type":"EntryPoint","urlTemplate":"https:\/\/staging.genekas24.ee\/?s={search_term_string}"},"query-input":{"@type":"PropertyValueSpecification","valueRequired":true,"valueName":"search_term_string"}}],"inLanguage":"fi"},{"@type":"Organization","@id":"https:\/\/staging.genekas24.ee\/#organization","name":"Genekas24","url":"https:\/\/staging.genekas24.ee\/","logo":{"@type":"ImageObject","inLanguage":"fi","@id":"https:\/\/staging.genekas24.ee\/#\/schema\/logo\/image\/","url":"https:\/\/staging.genekas24.ee\/wp-content\/uploads\/2026\/01\/genekas24-logo_black.svg","contentUrl":"https:\/\/staging.genekas24.ee\/wp-content\/uploads\/2026\/01\/genekas24-logo_black.svg","width":840,"height":131,"caption":"Genekas24"},"image":{"@id":"https:\/\/staging.genekas24.ee\/#\/schema\/logo\/image\/"}}]}},"_links":{"self":[{"href":"https:\/\/staging.genekas24.ee\/fi\/wp-json\/wp\/v2\/product\/21756","targetHints":{"allow":["GET"]}}],"collection":[{"href":"https:\/\/staging.genekas24.ee\/fi\/wp-json\/wp\/v2\/product"}],"about":[{"href":"https:\/\/staging.genekas24.ee\/fi\/wp-json\/wp\/v2\/types\/product"}],"version-history":[{"count":1,"href":"https:\/\/staging.genekas24.ee\/fi\/wp-json\/wp\/v2\/product\/21756\/revisions"}],"predecessor-version":[{"id":21763,"href":"https:\/\/staging.genekas24.ee\/fi\/wp-json\/wp\/v2\/product\/21756\/revisions\/21763"}],"wp:featuredmedia":[{"embeddable":true,"href":"https:\/\/staging.genekas24.ee\/fi\/wp-json\/wp\/v2\/media\/21757"}],"wp:attachment":[{"href":"https:\/\/staging.genekas24.ee\/fi\/wp-json\/wp\/v2\/media?parent=21756"}],"wp:term":[{"taxonomy":"product_brand","embeddable":true,"href":"https:\/\/staging.genekas24.ee\/fi\/wp-json\/wp\/v2\/product_brand?post=21756"},{"taxonomy":"product_cat","embeddable":true,"href":"https:\/\/staging.genekas24.ee\/fi\/wp-json\/wp\/v2\/product_cat?post=21756"},{"taxonomy":"product_tag","embeddable":true,"href":"https:\/\/staging.genekas24.ee\/fi\/wp-json\/wp\/v2\/product_tag?post=21756"}],"curies":[{"name":"wp","href":"https:\/\/api.w.org\/{rel}","templated":true}]}}