{"id":21750,"date":"2026-01-06T09:32:31","date_gmt":"2026-01-06T09:32:31","guid":{"rendered":"https:\/\/staging.genekas24.ee\/?post_type=product&#038;p=21750"},"modified":"2026-01-06T09:32:34","modified_gmt":"2026-01-06T09:32:34","slug":"elektriline-trimmer-ks-gt-250","status":"publish","type":"product","link":"https:\/\/staging.genekas24.ee\/fi\/tuote\/elektriline-trimmer-ks-gt-250\/","title":{"rendered":"Elektriline trimmer KS GT-250"},"content":{"rendered":"<p>K\u00f6nner &amp; S\u00f6hnen\u00ae elektriline murutrimmer on ideaalne lahendus neile, kes otsivad usaldusv\u00e4\u00e4rset ja v\u00f5imsat t\u00f6\u00f6riista. See aitab kiiresti ja t\u00f5husalt ala korrastada ilma laadimise ja tankimise katkestusteta. Kuna trimmerit kasutatakse rippuvas asendis, mitte maapinnale asetatuna, on see eriti mugav kinnisvaraomanikele, kellel on eba\u00fchtlane maastik, n\u00f5lvadel v\u00f5i kui kinnistul on palju takistusi v\u00f5i muid istutusi.<\/p>\n<p>Kaasaskantav elektriline trimmer KS GT-250 on \u00e4\u00e4rmiselt kompaktne ja kerge seade, kaaludes vaid 1,22 kg, kuid sellel on k\u00f5rge p\u00f6\u00f6rlemiskiirus 12 000 p\/min. See on m\u00f5eldud pehme, noore rohu niitmiseks v\u00e4ikesel alal. See on eriti t\u00f5hus rohu l\u00f5ikamiseks raskesti ligip\u00e4\u00e4setavates kohtades, nagu teede servad. Mootori madal asend v\u00e4hendab vibratsiooni k\u00e4epidemel ja tagab trimmeriga mugava t\u00f6\u00f6tamise.<\/p>\n<p>&nbsp;<\/p>","protected":false},"excerpt":{"rendered":"<table>\n<tbody>\n<tr>\n<td><span dir=\"auto\">Mootori v\u00f5imsus, W<\/span><\/td>\n<td><span dir=\"auto\">250<\/span><\/td>\n<\/tr>\n<tr>\n<td><span dir=\"auto\">J\u00e4nnite, V<\/span><\/td>\n<td><span dir=\"auto\">230<\/span><\/td>\n<\/tr>\n<tr>\n<td><span dir=\"auto\">Taajuus, Hz<\/span><\/td>\n<td><span dir=\"auto\">50<\/span><\/td>\n<\/tr>\n<tr>\n<td><span dir=\"auto\">L\u00f5ikediameeter (murutrimmer), mm<\/span><\/td>\n<td><span dir=\"auto\">220<\/span><\/td>\n<\/tr>\n<tr>\n<td><span dir=\"auto\">Kiirus (murutrimmer), p\/min<\/span><\/td>\n<td><span dir=\"auto\">12000<\/span><\/td>\n<\/tr>\n<tr>\n<td><span dir=\"auto\">L\u00f5ikepaksus (murutrimmer), mm<\/span><\/td>\n<td><span dir=\"auto\">1.2<\/span><\/td>\n<\/tr>\n<tr>\n<td><span dir=\"auto\">Melutaso Lpa (7 m) \/ Lwa, dB<\/span><\/td>\n<td><span dir=\"auto\">71\/96<\/span><\/td>\n<\/tr>\n<tr>\n<td><span dir=\"auto\">Kogum\u00f5\u00f5tmed (PxLxK), mm<\/span><\/td>\n<td><span dir=\"auto\">195 \u00d7 120 \u00d7 400<\/span><\/td>\n<\/tr>\n<tr>\n<td><span dir=\"auto\">Nettopaino, kg<\/span><\/td>\n<td><span dir=\"auto\">1.22<\/span><\/td>\n<\/tr>\n<tr>\n<td><span dir=\"auto\">Bruttopaino, kg<\/span><\/td>\n<td><span dir=\"auto\">1.46<\/span><\/td>\n<\/tr>\n<tr>\n<td><span dir=\"auto\">SKU<\/span><\/td>\n<td><span dir=\"auto\">KS GT-250<\/span><\/td>\n<\/tr>\n<tr>\n<td><span dir=\"auto\">EAN<\/span><\/td>\n<td><span dir=\"auto\">4260405367375<\/span><\/td>\n<\/tr>\n<\/tbody>\n<\/table>","protected":false},"featured_media":21751,"template":"","meta":{"_acf_changed":false,"inline_featured_image":false},"product_brand":[],"product_cat":[159,190,189,114],"product_tag":[],"class_list":{"0":"post-21750","1":"product","2":"type-product","3":"status-publish","4":"has-post-thumbnail","6":"product_cat-aiatooriistad","7":"product_cat-akuga-muruniidukid","8":"product_cat-muruniidukid","9":"product_cat-uncategorized-2","10":"product_shipping_class-vaikepakk","11":"brand-konner-sohnen","13":"first","14":"instock","15":"taxable","16":"shipping-taxable","17":"purchasable","18":"product-type-simple"},"acf":[],"yoast_head":"<!-- This site is optimized with the Yoast SEO plugin v26.2 - https:\/\/yoast.com\/wordpress\/plugins\/seo\/ -->\n<title>Elektriline trimmer KS GT-250 - Genekas24<\/title>\n<meta name=\"robots\" content=\"index, follow, max-snippet:-1, max-image-preview:large, max-video-preview:-1\" \/>\n<link rel=\"canonical\" href=\"https:\/\/staging.genekas24.ee\/fi\/tuote\/elektriline-trimmer-ks-gt-250\/\" \/>\n<meta property=\"og:locale\" content=\"fi_FI\" \/>\n<meta property=\"og:type\" content=\"article\" \/>\n<meta property=\"og:title\" content=\"Elektriline trimmer KS GT-250 - Genekas24\" \/>\n<meta property=\"og:description\" content=\"Mootori v\u00f5imsus, W 250   Pinge, V 230   Sagedus, Hz 50   L\u00f5ikediameeter (murutrimmer), mm 220   Kiirus (murutrimmer), p\/min 12000   L\u00f5ikepaksus (murutrimmer), mm 1.2   M\u00fcratase Lpa (7m)\/Lwa, dB 71\/96   Kogum\u00f5\u00f5tmed (PxLxK), mm 195 \u00d7 120 \u00d7 400   Netokaal, kg 1.22   Brutokaal, kg 1.46   SKU KS GT-250   EAN 4260405367375\" \/>\n<meta property=\"og:url\" content=\"https:\/\/staging.genekas24.ee\/fi\/tuote\/elektriline-trimmer-ks-gt-250\/\" \/>\n<meta property=\"og:site_name\" content=\"Genekas24\" \/>\n<meta property=\"article:modified_time\" content=\"2026-01-06T09:32:34+00:00\" \/>\n<meta property=\"og:image\" content=\"https:\/\/staging.genekas24.ee\/wp-content\/uploads\/2025\/12\/ks-gt-250_01_a4927729-03a1-4b29-a7ed-a5854ff7f794.webp\" \/>\n\t<meta property=\"og:image:width\" content=\"1600\" \/>\n\t<meta property=\"og:image:height\" content=\"1200\" \/>\n\t<meta property=\"og:image:type\" content=\"image\/webp\" \/>\n<meta name=\"twitter:card\" content=\"summary_large_image\" \/>\n<meta name=\"twitter:label1\" content=\"Arvioitu lukuaika\" \/>\n\t<meta name=\"twitter:data1\" content=\"1 minuutti\" \/>\n<script type=\"application\/ld+json\" class=\"yoast-schema-graph\">{\"@context\":\"https:\/\/schema.org\",\"@graph\":[{\"@type\":\"WebPage\",\"@id\":\"https:\/\/staging.genekas24.ee\/toode\/elektriline-trimmer-ks-gt-250\/\",\"url\":\"https:\/\/staging.genekas24.ee\/toode\/elektriline-trimmer-ks-gt-250\/\",\"name\":\"Elektriline trimmer KS GT-250 - Genekas24\",\"isPartOf\":{\"@id\":\"https:\/\/staging.genekas24.ee\/#website\"},\"primaryImageOfPage\":{\"@id\":\"https:\/\/staging.genekas24.ee\/toode\/elektriline-trimmer-ks-gt-250\/#primaryimage\"},\"image\":{\"@id\":\"https:\/\/staging.genekas24.ee\/toode\/elektriline-trimmer-ks-gt-250\/#primaryimage\"},\"thumbnailUrl\":\"https:\/\/staging.genekas24.ee\/wp-content\/uploads\/2025\/12\/ks-gt-250_01_a4927729-03a1-4b29-a7ed-a5854ff7f794.webp\",\"datePublished\":\"2026-01-06T09:32:31+00:00\",\"dateModified\":\"2026-01-06T09:32:34+00:00\",\"breadcrumb\":{\"@id\":\"https:\/\/staging.genekas24.ee\/toode\/elektriline-trimmer-ks-gt-250\/#breadcrumb\"},\"inLanguage\":\"fi\",\"potentialAction\":[{\"@type\":\"ReadAction\",\"target\":[\"https:\/\/staging.genekas24.ee\/toode\/elektriline-trimmer-ks-gt-250\/\"]}]},{\"@type\":\"ImageObject\",\"inLanguage\":\"fi\",\"@id\":\"https:\/\/staging.genekas24.ee\/toode\/elektriline-trimmer-ks-gt-250\/#primaryimage\",\"url\":\"https:\/\/staging.genekas24.ee\/wp-content\/uploads\/2025\/12\/ks-gt-250_01_a4927729-03a1-4b29-a7ed-a5854ff7f794.webp\",\"contentUrl\":\"https:\/\/staging.genekas24.ee\/wp-content\/uploads\/2025\/12\/ks-gt-250_01_a4927729-03a1-4b29-a7ed-a5854ff7f794.webp\",\"width\":1600,\"height\":1200},{\"@type\":\"BreadcrumbList\",\"@id\":\"https:\/\/staging.genekas24.ee\/toode\/elektriline-trimmer-ks-gt-250\/#breadcrumb\",\"itemListElement\":[{\"@type\":\"ListItem\",\"position\":1,\"name\":\"Home\",\"item\":\"https:\/\/staging.genekas24.ee\/\"},{\"@type\":\"ListItem\",\"position\":2,\"name\":\"Pood\",\"item\":\"https:\/\/staging.genekas24.ee\/pood\/\"},{\"@type\":\"ListItem\",\"position\":3,\"name\":\"Elektriline trimmer KS GT-250\"}]},{\"@type\":\"WebSite\",\"@id\":\"https:\/\/staging.genekas24.ee\/#website\",\"url\":\"https:\/\/staging.genekas24.ee\/\",\"name\":\"Genekas24\",\"description\":\"Generaatorid | K&ouml;nner S&ouml;hnen tooted | Genekas24\",\"publisher\":{\"@id\":\"https:\/\/staging.genekas24.ee\/#organization\"},\"potentialAction\":[{\"@type\":\"SearchAction\",\"target\":{\"@type\":\"EntryPoint\",\"urlTemplate\":\"https:\/\/staging.genekas24.ee\/?s={search_term_string}\"},\"query-input\":{\"@type\":\"PropertyValueSpecification\",\"valueRequired\":true,\"valueName\":\"search_term_string\"}}],\"inLanguage\":\"fi\"},{\"@type\":\"Organization\",\"@id\":\"https:\/\/staging.genekas24.ee\/#organization\",\"name\":\"Genekas24\",\"url\":\"https:\/\/staging.genekas24.ee\/\",\"logo\":{\"@type\":\"ImageObject\",\"inLanguage\":\"fi\",\"@id\":\"https:\/\/staging.genekas24.ee\/#\/schema\/logo\/image\/\",\"url\":\"https:\/\/staging.genekas24.ee\/wp-content\/uploads\/2026\/01\/genekas24-logo_black.svg\",\"contentUrl\":\"https:\/\/staging.genekas24.ee\/wp-content\/uploads\/2026\/01\/genekas24-logo_black.svg\",\"width\":840,\"height\":131,\"caption\":\"Genekas24\"},\"image\":{\"@id\":\"https:\/\/staging.genekas24.ee\/#\/schema\/logo\/image\/\"}}]}<\/script>\n<!-- \/ Yoast SEO plugin. -->","yoast_head_json":{"title":"Elektriline trimmer KS GT-250 - Genekas24","robots":{"index":"index","follow":"follow","max-snippet":"max-snippet:-1","max-image-preview":"max-image-preview:large","max-video-preview":"max-video-preview:-1"},"canonical":"https:\/\/staging.genekas24.ee\/fi\/tuote\/elektriline-trimmer-ks-gt-250\/","og_locale":"fi_FI","og_type":"article","og_title":"Elektriline trimmer KS GT-250 - Genekas24","og_description":"Mootori v\u00f5imsus, W 250   Pinge, V 230   Sagedus, Hz 50   L\u00f5ikediameeter (murutrimmer), mm 220   Kiirus (murutrimmer), p\/min 12000   L\u00f5ikepaksus (murutrimmer), mm 1.2   M\u00fcratase Lpa (7m)\/Lwa, dB 71\/96   Kogum\u00f5\u00f5tmed (PxLxK), mm 195 \u00d7 120 \u00d7 400   Netokaal, kg 1.22   Brutokaal, kg 1.46   SKU KS GT-250   EAN 4260405367375","og_url":"https:\/\/staging.genekas24.ee\/fi\/tuote\/elektriline-trimmer-ks-gt-250\/","og_site_name":"Genekas24","article_modified_time":"2026-01-06T09:32:34+00:00","og_image":[{"width":1600,"height":1200,"url":"https:\/\/staging.genekas24.ee\/wp-content\/uploads\/2025\/12\/ks-gt-250_01_a4927729-03a1-4b29-a7ed-a5854ff7f794.webp","type":"image\/webp"}],"twitter_card":"summary_large_image","twitter_misc":{"Arvioitu lukuaika":"1 minuutti"},"schema":{"@context":"https:\/\/schema.org","@graph":[{"@type":"WebPage","@id":"https:\/\/staging.genekas24.ee\/toode\/elektriline-trimmer-ks-gt-250\/","url":"https:\/\/staging.genekas24.ee\/toode\/elektriline-trimmer-ks-gt-250\/","name":"Elektriline trimmer KS GT-250 - Genekas24","isPartOf":{"@id":"https:\/\/staging.genekas24.ee\/#website"},"primaryImageOfPage":{"@id":"https:\/\/staging.genekas24.ee\/toode\/elektriline-trimmer-ks-gt-250\/#primaryimage"},"image":{"@id":"https:\/\/staging.genekas24.ee\/toode\/elektriline-trimmer-ks-gt-250\/#primaryimage"},"thumbnailUrl":"https:\/\/staging.genekas24.ee\/wp-content\/uploads\/2025\/12\/ks-gt-250_01_a4927729-03a1-4b29-a7ed-a5854ff7f794.webp","datePublished":"2026-01-06T09:32:31+00:00","dateModified":"2026-01-06T09:32:34+00:00","breadcrumb":{"@id":"https:\/\/staging.genekas24.ee\/toode\/elektriline-trimmer-ks-gt-250\/#breadcrumb"},"inLanguage":"fi","potentialAction":[{"@type":"ReadAction","target":["https:\/\/staging.genekas24.ee\/toode\/elektriline-trimmer-ks-gt-250\/"]}]},{"@type":"ImageObject","inLanguage":"fi","@id":"https:\/\/staging.genekas24.ee\/toode\/elektriline-trimmer-ks-gt-250\/#primaryimage","url":"https:\/\/staging.genekas24.ee\/wp-content\/uploads\/2025\/12\/ks-gt-250_01_a4927729-03a1-4b29-a7ed-a5854ff7f794.webp","contentUrl":"https:\/\/staging.genekas24.ee\/wp-content\/uploads\/2025\/12\/ks-gt-250_01_a4927729-03a1-4b29-a7ed-a5854ff7f794.webp","width":1600,"height":1200},{"@type":"BreadcrumbList","@id":"https:\/\/staging.genekas24.ee\/toode\/elektriline-trimmer-ks-gt-250\/#breadcrumb","itemListElement":[{"@type":"ListItem","position":1,"name":"Home","item":"https:\/\/staging.genekas24.ee\/"},{"@type":"ListItem","position":2,"name":"Pood","item":"https:\/\/staging.genekas24.ee\/pood\/"},{"@type":"ListItem","position":3,"name":"Elektriline trimmer KS GT-250"}]},{"@type":"WebSite","@id":"https:\/\/staging.genekas24.ee\/#website","url":"https:\/\/staging.genekas24.ee\/","name":"Genekas24","description":"Generaatorid | K&ouml;nner S&ouml;hnen tooted | Genekas24","publisher":{"@id":"https:\/\/staging.genekas24.ee\/#organization"},"potentialAction":[{"@type":"SearchAction","target":{"@type":"EntryPoint","urlTemplate":"https:\/\/staging.genekas24.ee\/?s={search_term_string}"},"query-input":{"@type":"PropertyValueSpecification","valueRequired":true,"valueName":"search_term_string"}}],"inLanguage":"fi"},{"@type":"Organization","@id":"https:\/\/staging.genekas24.ee\/#organization","name":"Genekas24","url":"https:\/\/staging.genekas24.ee\/","logo":{"@type":"ImageObject","inLanguage":"fi","@id":"https:\/\/staging.genekas24.ee\/#\/schema\/logo\/image\/","url":"https:\/\/staging.genekas24.ee\/wp-content\/uploads\/2026\/01\/genekas24-logo_black.svg","contentUrl":"https:\/\/staging.genekas24.ee\/wp-content\/uploads\/2026\/01\/genekas24-logo_black.svg","width":840,"height":131,"caption":"Genekas24"},"image":{"@id":"https:\/\/staging.genekas24.ee\/#\/schema\/logo\/image\/"}}]}},"_links":{"self":[{"href":"https:\/\/staging.genekas24.ee\/fi\/wp-json\/wp\/v2\/product\/21750","targetHints":{"allow":["GET"]}}],"collection":[{"href":"https:\/\/staging.genekas24.ee\/fi\/wp-json\/wp\/v2\/product"}],"about":[{"href":"https:\/\/staging.genekas24.ee\/fi\/wp-json\/wp\/v2\/types\/product"}],"version-history":[{"count":1,"href":"https:\/\/staging.genekas24.ee\/fi\/wp-json\/wp\/v2\/product\/21750\/revisions"}],"predecessor-version":[{"id":21752,"href":"https:\/\/staging.genekas24.ee\/fi\/wp-json\/wp\/v2\/product\/21750\/revisions\/21752"}],"wp:featuredmedia":[{"embeddable":true,"href":"https:\/\/staging.genekas24.ee\/fi\/wp-json\/wp\/v2\/media\/21751"}],"wp:attachment":[{"href":"https:\/\/staging.genekas24.ee\/fi\/wp-json\/wp\/v2\/media?parent=21750"}],"wp:term":[{"taxonomy":"product_brand","embeddable":true,"href":"https:\/\/staging.genekas24.ee\/fi\/wp-json\/wp\/v2\/product_brand?post=21750"},{"taxonomy":"product_cat","embeddable":true,"href":"https:\/\/staging.genekas24.ee\/fi\/wp-json\/wp\/v2\/product_cat?post=21750"},{"taxonomy":"product_tag","embeddable":true,"href":"https:\/\/staging.genekas24.ee\/fi\/wp-json\/wp\/v2\/product_tag?post=21750"}],"curies":[{"name":"wp","href":"https:\/\/api.w.org\/{rel}","templated":true}]}}