{"id":21719,"date":"2026-01-06T09:33:18","date_gmt":"2026-01-06T09:33:18","guid":{"rendered":"https:\/\/staging.genekas24.ee\/?post_type=product&#038;p=21719"},"modified":"2026-01-06T09:33:20","modified_gmt":"2026-01-06T09:33:20","slug":"akuga-trimmer-ks-bct-20v","status":"publish","type":"product","link":"https:\/\/staging.genekas24.ee\/fi\/tuote\/akuga-trimmer-ks-bct-20v\/","title":{"rendered":"Akuga trimmer KS BCT-20V"},"content":{"rendered":"<p><img fetchpriority=\"high\" decoding=\"async\" class=\"aligncenter\" src=\"https:\/\/konner-sohnen.ee\/cdn\/shop\/files\/one-battery-en.png?v=1723486305&amp;width=1920\" width=\"865\" height=\"82\" \/><\/p>\n<div class=\"accu-custom-list-left\">\n<div class=\"accu-custom-list-title\">\n<ul>\n<li><strong>FINANTSILINE KASU<\/strong><\/li>\n<\/ul>\n<\/div>\n<p>M\u00e4rkimisv\u00e4\u00e4rne osa akutoitel t\u00f6\u00f6riistade maksumusest on seotud akudega. V\u00f5imalus kasutada sama akut mitme t\u00f6\u00f6riista jaoks tagab m\u00e4rkimisv\u00e4\u00e4rse kulude kokkuhoiu. Universaalsed akud* K\u00f6nner &amp; S\u00f6hnen\u00ae-ilt on \u00fchilduvad k\u00f5igi meie kaubam\u00e4rgi akutoitel aiat\u00f6\u00f6riistadega. Seega peavad kasutajad ostma soovitud mahutavusega aku ja laadimisseadme vaid korra ning seej\u00e4rel saavad neid kasutada mis tahes meie seeria akutoitel t\u00f6\u00f6riistaga.<\/p>\n<p>*Aku ja laadija ei kuulu komplekti<\/p><\/div>\n<div class=\"accu-custom-list-right\">\n<div class=\"accu-custom-list-title\">\n<ul>\n<li><strong>MUGAVUS T\u00d6\u00d6 K\u00c4IGUS<\/strong><\/li>\n<\/ul>\n<\/div>\n<p>\u00dche aku kasutamine mitme t\u00f6\u00f6riista jaoks lihtsustab oluliselt t\u00f6\u00f6protsessi, s\u00e4\u00e4stab aega ja v\u00e4hendab t\u00f6\u00f6katkestusi. Pole vaja liigutada, hoiustada ega j\u00e4lgida erinevate akude laetuse olekut. Kui teil on mitu \u00fclesannet, v\u00f5tke lihtsalt \u00fcks aku kaasa ja kasutage seda erinevate t\u00f6\u00f6riistadega. Akudeta seadmed on palju kergemad, mis suurendab t\u00f6\u00f6 mugavust.<\/p>\n<ul>\n<li><strong>LIHTNE KASUTADA JA HOOLDADA<\/strong><\/li>\n<\/ul>\n<p>Trimmeri k\u00e4epidet saab reguleerida erinevatele k\u00f5rgustele, v\u00f5imaldades trimmerit kohandada igale kasutaja pikkusele. Pehme polstriga \u00f5larihm aitab tasakaalustada t\u00f6\u00f6kaalu, hoida seadet tervist kahjustamata ja leevendab operaatori k\u00e4si. Lisaks saab neid h\u00f5lpsasti kokku panna ja lahti v\u00f5tta m\u00f5ne minutiga, et neid oleks lihtne transportida ja kompaktselt hoiustada. Need ei vaja keerulist tehnilist hooldust (kuna puuduvad k\u00fctuse segud, filtrid jne).<\/p>\n<ul>\n<li><strong>PAINDLIK KASUTUS<\/strong><\/li>\n<\/ul>\n<p>K\u00f6nner &amp; S\u00f6hnen\u00ae v\u00f5sal\u00f5ikurid on loodud vastama erinevatele kasutajate vajadustele t\u00e4nu nende paindlikkusele. Neil on kaks otsikut: kolmelabaline nuga ja pool koos j\u00f5hviga \u2013 m\u00f5eldud konkreetsetele t\u00f6\u00f6re\u017eiimidele. Nuga on kohandatud raskemateks \u00fclesanneteks avamaal, kus pole takistusi. See saab kiiresti hakkama hooletusse j\u00e4etud p\u00f5\u00f5saste ja tugevate taimedega. Trimmeri otsik j\u00f5hviga sobib t\u00e4pseks trimmimiseks takistuste, taimede, puude, \u00e4\u00e4riste jne \u00fcmber. Sellel on automaatne j\u00f5hvi etteanne.<\/p>\n<ul>\n<li><strong>V\u00d5IMAS HARJAVABA MOOTOR 7500 P\/M KIIRUSEGA<\/strong><\/li>\n<\/ul>\n<p>V\u00f5imsad harjavabad mootorid tagavad suure p\u00f6\u00f6rdemomendi maksimaalse kiirusega 7500 p\/min, tagades suurep\u00e4rased l\u00f5ikekiirused koormuse all ning pikendatud t\u00f6\u00f6aja \u00fche aku laadimisega. Harjavabad mootorid on iseloomulikud pika t\u00f6\u00f6eaga ja v\u00e4hendatud m\u00fcratasemega, ilma keerulise tehnilise hoolduse vajaduseta.<\/p>\n<ul>\n<li><strong>\u00dcLEKUUMENEMISE KAITSE<\/strong><\/li>\n<\/ul>\n<p>\u00dclekuumenemise kaitse funktsioon on meie trimmerite oluline turvaelement, mis hoiab \u00e4ra v\u00f5imaliku aku kahjustuse. Kriitilise temperatuuri saavutamisel l\u00fclitub trimmer automaatselt v\u00e4lja, et jahtuda &#8211; pikendades aku eluiga.<\/p>\n<ul>\n<li><strong>Kolme hambaga tera ja trimmimisj\u00f5hv mitmekesisteks \u00fclesanneteks<\/strong><\/li>\n<li><strong>Jagatud v\u00f5ll v\u00f5imaldab mugavat transporti ja hoiustamist<\/strong><\/li>\n<\/ul>\n<\/div>","protected":false},"excerpt":{"rendered":"<table>\n<tbody>\n<tr>\n<td>Nimellisj\u00e4nnite, V<\/td>\n<td>20<\/td>\n<\/tr>\n<tr>\n<td>Soovitatav aku mahtuvus<\/td>\n<td>2 Ah, 4 Ah, 6 Ah, 8 Ah<\/td>\n<\/tr>\n<tr>\n<td>Aku ja laadija<\/td>\n<td>ei kuulu komplekti<\/td>\n<\/tr>\n<tr>\n<td>Moottorityyppi<\/td>\n<td>Harjadeta mootor<\/td>\n<\/tr>\n<tr>\n<td>L\u00f5ikelaius (pool)<\/td>\n<td>12\u201d (300 mm)<\/td>\n<\/tr>\n<tr>\n<td>L\u00f5ikelaius (l\u00f5ikeketas)<\/td>\n<td>255<\/td>\n<\/tr>\n<tr>\n<td>L\u00f5ikek\u00f5rgus (murutrimmer), mm<\/td>\n<td>2<\/td>\n<\/tr>\n<tr>\n<td>T\u00fchik\u00e4igu kiirus, p\/min<\/td>\n<td>5500\u20137500<\/td>\n<\/tr>\n<tr>\n<td>M\u00fcra tase Lpa (7m)\/Lwa, dB<\/td>\n<td>71\/96<\/td>\n<\/tr>\n<tr>\n<td>\u00dcldm\u00f5\u00f5tmed (PxLxK), mm<\/td>\n<td>970\u00d7270\u00d7110<\/td>\n<\/tr>\n<tr>\n<td>Nettopaino, kg<\/td>\n<td>3.8<\/td>\n<\/tr>\n<tr>\n<td>Kogukaal, kg<\/td>\n<td>4.8<\/td>\n<\/tr>\n<tr>\n<td>SKU<\/td>\n<td>KS BCT-20V<\/td>\n<\/tr>\n<tr>\n<td>EAN<\/td>\n<td>4260405367122<\/td>\n<\/tr>\n<\/tbody>\n<\/table>\n<p><span style=\"font-size: 10pt;\"><em>*Aku ja laadija ei kuulu komplekti<\/em><\/span><\/p>","protected":false},"featured_media":21720,"template":"","meta":{"_acf_changed":false,"inline_featured_image":false},"product_brand":[],"product_cat":[159,193,192,114],"product_tag":[],"class_list":{"0":"post-21719","1":"product","2":"type-product","3":"status-publish","4":"has-post-thumbnail","6":"product_cat-aiatooriistad","7":"product_cat-akuga-trimmerid","8":"product_cat-trimmerid","9":"product_cat-uncategorized-2","10":"product_shipping_class-vaikepakk","11":"brand-konner-sohnen","13":"first","14":"instock","15":"taxable","16":"shipping-taxable","17":"purchasable","18":"product-type-simple"},"acf":[],"yoast_head":"<!-- This site is optimized with the Yoast SEO plugin v26.2 - https:\/\/yoast.com\/wordpress\/plugins\/seo\/ -->\n<title>Akuga trimmer KS BCT-20V - Genekas24<\/title>\n<meta name=\"robots\" content=\"index, follow, max-snippet:-1, max-image-preview:large, max-video-preview:-1\" \/>\n<link rel=\"canonical\" href=\"https:\/\/staging.genekas24.ee\/fi\/tuote\/akuga-trimmer-ks-bct-20v\/\" \/>\n<meta property=\"og:locale\" content=\"fi_FI\" \/>\n<meta property=\"og:type\" content=\"article\" \/>\n<meta property=\"og:title\" content=\"Akuga trimmer KS BCT-20V - Genekas24\" \/>\n<meta property=\"og:description\" content=\"Nimipinge, V 20   Soovitatav aku mahtuvus 2 Ah, 4 Ah, 6 Ah, 8 Ah   Aku ja laadija ei kuulu komplekti   Mootori t\u00fc\u00fcp Harjadeta mootor   L\u00f5ikelaius (pool) 12\u201d (300 mm)   L\u00f5ikelaius (l\u00f5ikeketas) 255   L\u00f5ikek\u00f5rgus (murutrimmer), mm 2   T\u00fchik\u00e4igu kiirus, p\/min 5500\u20137500   M\u00fcra tase Lpa (7m)\/Lwa, dB 71\/96   \u00dcldm\u00f5\u00f5tmed (PxLxK), mm 970\u00d7270\u00d7110   Netokaal, kg 3.8   Kogukaal, kg 4.8   SKU KS BCT-20V   EAN 4260405367122    *Aku ja laadija ei kuulu komplekti\" \/>\n<meta property=\"og:url\" content=\"https:\/\/staging.genekas24.ee\/fi\/tuote\/akuga-trimmer-ks-bct-20v\/\" \/>\n<meta property=\"og:site_name\" content=\"Genekas24\" \/>\n<meta property=\"article:modified_time\" content=\"2026-01-06T09:33:20+00:00\" \/>\n<meta property=\"og:image\" content=\"https:\/\/staging.genekas24.ee\/wp-content\/uploads\/2025\/12\/ks-bst-20v_01_952ba0ee-b81c-4772-9368-d4c4d335417f.webp\" \/>\n\t<meta property=\"og:image:width\" content=\"1600\" \/>\n\t<meta property=\"og:image:height\" content=\"1200\" \/>\n\t<meta property=\"og:image:type\" content=\"image\/webp\" \/>\n<meta name=\"twitter:card\" content=\"summary_large_image\" \/>\n<meta name=\"twitter:label1\" content=\"Arvioitu lukuaika\" \/>\n\t<meta name=\"twitter:data1\" content=\"3 minuuttia\" \/>\n<script type=\"application\/ld+json\" class=\"yoast-schema-graph\">{\"@context\":\"https:\/\/schema.org\",\"@graph\":[{\"@type\":\"WebPage\",\"@id\":\"https:\/\/staging.genekas24.ee\/toode\/akuga-trimmer-ks-bct-20v\/\",\"url\":\"https:\/\/staging.genekas24.ee\/toode\/akuga-trimmer-ks-bct-20v\/\",\"name\":\"Akuga trimmer KS BCT-20V - Genekas24\",\"isPartOf\":{\"@id\":\"https:\/\/staging.genekas24.ee\/#website\"},\"primaryImageOfPage\":{\"@id\":\"https:\/\/staging.genekas24.ee\/toode\/akuga-trimmer-ks-bct-20v\/#primaryimage\"},\"image\":{\"@id\":\"https:\/\/staging.genekas24.ee\/toode\/akuga-trimmer-ks-bct-20v\/#primaryimage\"},\"thumbnailUrl\":\"https:\/\/staging.genekas24.ee\/wp-content\/uploads\/2025\/12\/ks-bst-20v_01_952ba0ee-b81c-4772-9368-d4c4d335417f.webp\",\"datePublished\":\"2026-01-06T09:33:18+00:00\",\"dateModified\":\"2026-01-06T09:33:20+00:00\",\"breadcrumb\":{\"@id\":\"https:\/\/staging.genekas24.ee\/toode\/akuga-trimmer-ks-bct-20v\/#breadcrumb\"},\"inLanguage\":\"fi\",\"potentialAction\":[{\"@type\":\"ReadAction\",\"target\":[\"https:\/\/staging.genekas24.ee\/toode\/akuga-trimmer-ks-bct-20v\/\"]}]},{\"@type\":\"ImageObject\",\"inLanguage\":\"fi\",\"@id\":\"https:\/\/staging.genekas24.ee\/toode\/akuga-trimmer-ks-bct-20v\/#primaryimage\",\"url\":\"https:\/\/staging.genekas24.ee\/wp-content\/uploads\/2025\/12\/ks-bst-20v_01_952ba0ee-b81c-4772-9368-d4c4d335417f.webp\",\"contentUrl\":\"https:\/\/staging.genekas24.ee\/wp-content\/uploads\/2025\/12\/ks-bst-20v_01_952ba0ee-b81c-4772-9368-d4c4d335417f.webp\",\"width\":1600,\"height\":1200},{\"@type\":\"BreadcrumbList\",\"@id\":\"https:\/\/staging.genekas24.ee\/toode\/akuga-trimmer-ks-bct-20v\/#breadcrumb\",\"itemListElement\":[{\"@type\":\"ListItem\",\"position\":1,\"name\":\"Home\",\"item\":\"https:\/\/staging.genekas24.ee\/\"},{\"@type\":\"ListItem\",\"position\":2,\"name\":\"Pood\",\"item\":\"https:\/\/staging.genekas24.ee\/pood\/\"},{\"@type\":\"ListItem\",\"position\":3,\"name\":\"Akuga trimmer KS BCT-20V\"}]},{\"@type\":\"WebSite\",\"@id\":\"https:\/\/staging.genekas24.ee\/#website\",\"url\":\"https:\/\/staging.genekas24.ee\/\",\"name\":\"Genekas24\",\"description\":\"Generaatorid | K&ouml;nner S&ouml;hnen tooted | Genekas24\",\"publisher\":{\"@id\":\"https:\/\/staging.genekas24.ee\/#organization\"},\"potentialAction\":[{\"@type\":\"SearchAction\",\"target\":{\"@type\":\"EntryPoint\",\"urlTemplate\":\"https:\/\/staging.genekas24.ee\/?s={search_term_string}\"},\"query-input\":{\"@type\":\"PropertyValueSpecification\",\"valueRequired\":true,\"valueName\":\"search_term_string\"}}],\"inLanguage\":\"fi\"},{\"@type\":\"Organization\",\"@id\":\"https:\/\/staging.genekas24.ee\/#organization\",\"name\":\"Genekas24\",\"url\":\"https:\/\/staging.genekas24.ee\/\",\"logo\":{\"@type\":\"ImageObject\",\"inLanguage\":\"fi\",\"@id\":\"https:\/\/staging.genekas24.ee\/#\/schema\/logo\/image\/\",\"url\":\"https:\/\/staging.genekas24.ee\/wp-content\/uploads\/2026\/01\/genekas24-logo_black.svg\",\"contentUrl\":\"https:\/\/staging.genekas24.ee\/wp-content\/uploads\/2026\/01\/genekas24-logo_black.svg\",\"width\":840,\"height\":131,\"caption\":\"Genekas24\"},\"image\":{\"@id\":\"https:\/\/staging.genekas24.ee\/#\/schema\/logo\/image\/\"}}]}<\/script>\n<!-- \/ Yoast SEO plugin. -->","yoast_head_json":{"title":"Akuga trimmer KS BCT-20V - Genekas24","robots":{"index":"index","follow":"follow","max-snippet":"max-snippet:-1","max-image-preview":"max-image-preview:large","max-video-preview":"max-video-preview:-1"},"canonical":"https:\/\/staging.genekas24.ee\/fi\/tuote\/akuga-trimmer-ks-bct-20v\/","og_locale":"fi_FI","og_type":"article","og_title":"Akuga trimmer KS BCT-20V - Genekas24","og_description":"Nimipinge, V 20   Soovitatav aku mahtuvus 2 Ah, 4 Ah, 6 Ah, 8 Ah   Aku ja laadija ei kuulu komplekti   Mootori t\u00fc\u00fcp Harjadeta mootor   L\u00f5ikelaius (pool) 12\u201d (300 mm)   L\u00f5ikelaius (l\u00f5ikeketas) 255   L\u00f5ikek\u00f5rgus (murutrimmer), mm 2   T\u00fchik\u00e4igu kiirus, p\/min 5500\u20137500   M\u00fcra tase Lpa (7m)\/Lwa, dB 71\/96   \u00dcldm\u00f5\u00f5tmed (PxLxK), mm 970\u00d7270\u00d7110   Netokaal, kg 3.8   Kogukaal, kg 4.8   SKU KS BCT-20V   EAN 4260405367122    *Aku ja laadija ei kuulu komplekti","og_url":"https:\/\/staging.genekas24.ee\/fi\/tuote\/akuga-trimmer-ks-bct-20v\/","og_site_name":"Genekas24","article_modified_time":"2026-01-06T09:33:20+00:00","og_image":[{"width":1600,"height":1200,"url":"https:\/\/staging.genekas24.ee\/wp-content\/uploads\/2025\/12\/ks-bst-20v_01_952ba0ee-b81c-4772-9368-d4c4d335417f.webp","type":"image\/webp"}],"twitter_card":"summary_large_image","twitter_misc":{"Arvioitu lukuaika":"3 minuuttia"},"schema":{"@context":"https:\/\/schema.org","@graph":[{"@type":"WebPage","@id":"https:\/\/staging.genekas24.ee\/toode\/akuga-trimmer-ks-bct-20v\/","url":"https:\/\/staging.genekas24.ee\/toode\/akuga-trimmer-ks-bct-20v\/","name":"Akuga trimmer KS BCT-20V - Genekas24","isPartOf":{"@id":"https:\/\/staging.genekas24.ee\/#website"},"primaryImageOfPage":{"@id":"https:\/\/staging.genekas24.ee\/toode\/akuga-trimmer-ks-bct-20v\/#primaryimage"},"image":{"@id":"https:\/\/staging.genekas24.ee\/toode\/akuga-trimmer-ks-bct-20v\/#primaryimage"},"thumbnailUrl":"https:\/\/staging.genekas24.ee\/wp-content\/uploads\/2025\/12\/ks-bst-20v_01_952ba0ee-b81c-4772-9368-d4c4d335417f.webp","datePublished":"2026-01-06T09:33:18+00:00","dateModified":"2026-01-06T09:33:20+00:00","breadcrumb":{"@id":"https:\/\/staging.genekas24.ee\/toode\/akuga-trimmer-ks-bct-20v\/#breadcrumb"},"inLanguage":"fi","potentialAction":[{"@type":"ReadAction","target":["https:\/\/staging.genekas24.ee\/toode\/akuga-trimmer-ks-bct-20v\/"]}]},{"@type":"ImageObject","inLanguage":"fi","@id":"https:\/\/staging.genekas24.ee\/toode\/akuga-trimmer-ks-bct-20v\/#primaryimage","url":"https:\/\/staging.genekas24.ee\/wp-content\/uploads\/2025\/12\/ks-bst-20v_01_952ba0ee-b81c-4772-9368-d4c4d335417f.webp","contentUrl":"https:\/\/staging.genekas24.ee\/wp-content\/uploads\/2025\/12\/ks-bst-20v_01_952ba0ee-b81c-4772-9368-d4c4d335417f.webp","width":1600,"height":1200},{"@type":"BreadcrumbList","@id":"https:\/\/staging.genekas24.ee\/toode\/akuga-trimmer-ks-bct-20v\/#breadcrumb","itemListElement":[{"@type":"ListItem","position":1,"name":"Home","item":"https:\/\/staging.genekas24.ee\/"},{"@type":"ListItem","position":2,"name":"Pood","item":"https:\/\/staging.genekas24.ee\/pood\/"},{"@type":"ListItem","position":3,"name":"Akuga trimmer KS BCT-20V"}]},{"@type":"WebSite","@id":"https:\/\/staging.genekas24.ee\/#website","url":"https:\/\/staging.genekas24.ee\/","name":"Genekas24","description":"Generaatorid | K&ouml;nner S&ouml;hnen tooted | Genekas24","publisher":{"@id":"https:\/\/staging.genekas24.ee\/#organization"},"potentialAction":[{"@type":"SearchAction","target":{"@type":"EntryPoint","urlTemplate":"https:\/\/staging.genekas24.ee\/?s={search_term_string}"},"query-input":{"@type":"PropertyValueSpecification","valueRequired":true,"valueName":"search_term_string"}}],"inLanguage":"fi"},{"@type":"Organization","@id":"https:\/\/staging.genekas24.ee\/#organization","name":"Genekas24","url":"https:\/\/staging.genekas24.ee\/","logo":{"@type":"ImageObject","inLanguage":"fi","@id":"https:\/\/staging.genekas24.ee\/#\/schema\/logo\/image\/","url":"https:\/\/staging.genekas24.ee\/wp-content\/uploads\/2026\/01\/genekas24-logo_black.svg","contentUrl":"https:\/\/staging.genekas24.ee\/wp-content\/uploads\/2026\/01\/genekas24-logo_black.svg","width":840,"height":131,"caption":"Genekas24"},"image":{"@id":"https:\/\/staging.genekas24.ee\/#\/schema\/logo\/image\/"}}]}},"_links":{"self":[{"href":"https:\/\/staging.genekas24.ee\/fi\/wp-json\/wp\/v2\/product\/21719","targetHints":{"allow":["GET"]}}],"collection":[{"href":"https:\/\/staging.genekas24.ee\/fi\/wp-json\/wp\/v2\/product"}],"about":[{"href":"https:\/\/staging.genekas24.ee\/fi\/wp-json\/wp\/v2\/types\/product"}],"version-history":[{"count":2,"href":"https:\/\/staging.genekas24.ee\/fi\/wp-json\/wp\/v2\/product\/21719\/revisions"}],"predecessor-version":[{"id":21725,"href":"https:\/\/staging.genekas24.ee\/fi\/wp-json\/wp\/v2\/product\/21719\/revisions\/21725"}],"wp:featuredmedia":[{"embeddable":true,"href":"https:\/\/staging.genekas24.ee\/fi\/wp-json\/wp\/v2\/media\/21720"}],"wp:attachment":[{"href":"https:\/\/staging.genekas24.ee\/fi\/wp-json\/wp\/v2\/media?parent=21719"}],"wp:term":[{"taxonomy":"product_brand","embeddable":true,"href":"https:\/\/staging.genekas24.ee\/fi\/wp-json\/wp\/v2\/product_brand?post=21719"},{"taxonomy":"product_cat","embeddable":true,"href":"https:\/\/staging.genekas24.ee\/fi\/wp-json\/wp\/v2\/product_cat?post=21719"},{"taxonomy":"product_tag","embeddable":true,"href":"https:\/\/staging.genekas24.ee\/fi\/wp-json\/wp\/v2\/product_tag?post=21719"}],"curies":[{"name":"wp","href":"https:\/\/api.w.org\/{rel}","templated":true}]}}