{"id":21702,"date":"2026-01-06T09:36:46","date_gmt":"2026-01-06T09:36:46","guid":{"rendered":"https:\/\/staging.genekas24.ee\/?post_type=product&#038;p=21702"},"modified":"2026-01-06T09:36:47","modified_gmt":"2026-01-06T09:36:47","slug":"elektriline-muruniiduk-ks-42lm","status":"publish","type":"product","link":"https:\/\/staging.genekas24.ee\/fi\/tuote\/elektriline-muruniiduk-ks-42lm\/","title":{"rendered":"Elektriline muruniiduk KS 42LM"},"content":{"rendered":"<p>K\u00f6nner &amp; S\u00f6hnen\u00ae KS 42LM elektriline muruniiduk on ergonoomiline t\u00f6\u00f6riist muru niitmiseks ja l\u00f5igatud rohu kogumiseks ilma laadimise v\u00f5i tankimise katkestusteta. Niiduk sobib ideaalselt muru hooldamiseks, puude, lillepeenarde ja teiste maastikuelementide \u00fcmber trimmimiseks. Sellel on 42 cm l\u00f5ikelaius, mis tagab t\u00f5husa niitmise erinevates murualades.<\/p>\n<p>K\u00f6nner &amp; S\u00f6hnen muruniidukid eristuvad oma suure tugevuse ja vastupidavuse poolest, hoolikalt disainitud struktuuriga, mis sisaldab tasakaalustatud raskuskeset ja madalat vibratsioonitaset, v\u00e4hendades k\u00e4te ja selja koormust. T\u00e4nu ergonoomilisele disainile on k\u00e4te koormus niitmise ajal minimaalne, muutes muruhoolduse nauditavaks tegevuseks, mitte v\u00e4sitavaks t\u00f6\u00f6ks. Muru n\u00e4eb alati v\u00e4lja korralik ja h\u00e4sti hooldatud.<\/p>\n<table style=\"border-collapse: collapse; width: 100%;\">\n<tbody>\n<tr>\n<td style=\"width: 14.5909%;\"><img decoding=\"async\" src=\"https:\/\/konner-sohnen.ee\/cdn\/shop\/files\/ks-42lm-macro-01.jpg?v=1723486299&amp;width=500\" alt=\"L\u00f5ikek\u00f5rguse reguleerimine\" \/><\/td>\n<td style=\"width: 85.4091%;\">\n<h3>L\u00f5ikek\u00f5rguse reguleerimine<\/h3>\n<div class=\"text-sm\">Mugaval l\u00f5ikek\u00f5rguse reguleerimise hooval on 5 positsiooni, l\u00f5ikek\u00f5rguse vahemikuga 25 mm kuni 80 mm. See v\u00f5imaldab kohandada muruniidukit vastavalt kasutaja individuaalsetele vajadustele ja saavutada optimaalne muru k\u00f5rgus.<\/div>\n<\/td>\n<\/tr>\n<tr>\n<td style=\"width: 14.5909%;\"><img decoding=\"async\" src=\"https:\/\/konner-sohnen.ee\/cdn\/shop\/files\/ks-42lm-macro-02.jpg?v=1723486298&amp;width=500\" alt=\"Lihtne kasutada ja hoiustada\" \/><\/td>\n<td style=\"width: 85.4091%;\">\n<h3>Lihtne kasutada ja hoiustada<\/h3>\n<div class=\"text-sm\">Muruniidukid on ergonoomiliselt disainitud, pakkudes \u00fclimat kvaliteeti igas komponendis, \u00fche k\u00e4ega kasutamise v\u00f5imalust ja kaablihoidjat lihtsaks kaabli kinnitamiseks. Kokkupandav k\u00e4epide tagab kompaktse hoiustamise.<\/div>\n<\/td>\n<\/tr>\n<tr>\n<td style=\"width: 14.5909%;\"><img decoding=\"async\" src=\"https:\/\/konner-sohnen.ee\/cdn\/shop\/files\/ks-42lm-macro-03.jpg?v=1723486298&amp;width=500\" alt=\"T\u00f6\u00f6riistavaba kokkupanek\" \/><\/td>\n<td style=\"width: 85.4091%;\">\n<h3>T\u00f6\u00f6riistavaba kokkupanek<\/h3>\n<div class=\"text-sm\">K\u00f6nner &amp; S\u00f6hnen\u00ae elektrilised muruniidukid on lihtsa disainiga, muutes t\u00f6\u00f6ks ettevalmistamise, hoolduse v\u00f5i hoiustamise kiireks, lihtsaks ja t\u00f6\u00f6riistavabaks.<\/div>\n<\/td>\n<\/tr>\n<tr>\n<td style=\"width: 14.5909%;\"><img decoding=\"async\" src=\"https:\/\/konner-sohnen.ee\/cdn\/shop\/files\/ks-42lm-macro-04.jpg?v=1723486298&amp;width=500\" alt=\"Kombineeritud murukonteiner\" \/><\/td>\n<td style=\"width: 85.4091%;\">\n<h3>Kombineeritud murukonteiner<\/h3>\n<div class=\"text-sm\">Muruniidukite rohukogujad on valmistatud materjalide kombinatsioonist &#8211; neil on plastikkate ja vastupidavast kangast raamkott. See modifikatsioon hoiab muruniiduki kerge ja tagab, et konteinerid s\u00e4ilitavad oma kuju, pakuvad head ventilatsiooni ja neid saab vajadusel kergesti t\u00fchjendada. Nende mudelite konteineri maht on 40 liitrit, mis v\u00f5imaldab koguda piisava hulga murul\u00f5ikeid. Need on varustatud ka konteineri t\u00e4ituvuse indikaatoriga.<\/div>\n<\/td>\n<\/tr>\n<tr>\n<td style=\"width: 14.5909%;\"><img decoding=\"async\" src=\"https:\/\/konner-sohnen.ee\/cdn\/shop\/files\/ks-42lm-macro-05.jpg?v=1723486298&amp;width=500\" alt=\"Mult\u0161imisfunktsioon\" \/><\/td>\n<td style=\"width: 85.4091%;\">\n<h3>Mult\u0161imisfunktsioon<\/h3>\n<div class=\"text-sm\">KS 42LM on varustatud mult\u0161imisfunktsiooniga, mis on eriti kasulik teie muru v\u00e4etamiseks ja seisundi parandamiseks. Niidukil on 42 cm l\u00f5ikelaius, mis tagab t\u00f5husa niitmise ja mult\u0161imise isegi suurematel murualadel.<\/div>\n<\/td>\n<\/tr>\n<\/tbody>\n<\/table>","protected":false},"excerpt":{"rendered":"<table>\n<tbody>\n<tr>\n<td>Mootori v\u00f5imsus, W<\/td>\n<td>1800<\/td>\n<\/tr>\n<tr>\n<td>J\u00e4nnite, V<\/td>\n<td>230 ~ 240<\/td>\n<\/tr>\n<tr>\n<td>Moottorityyppi<\/td>\n<td>Harjamootor<\/td>\n<\/tr>\n<tr>\n<td>Reguleeritavad k\u00e4epidemed<\/td>\n<td>+<\/td>\n<\/tr>\n<tr>\n<td>Taajuus, Hz<\/td>\n<td>50<\/td>\n<\/tr>\n<tr>\n<td>T\u00fchik\u00e4igu kiirus, p\/min<\/td>\n<td>3250<\/td>\n<\/tr>\n<tr>\n<td>Reguleeritava k\u00f5rgusega asend<\/td>\n<td>25\u201380 mm, 5 positsiooni<\/td>\n<\/tr>\n<tr>\n<td>Kogumiskott, l<\/td>\n<td>40<\/td>\n<\/tr>\n<tr>\n<td>Mult\u0161imisfunktsioon<\/td>\n<td>+<\/td>\n<\/tr>\n<tr>\n<td>L\u00f5ikamisv\u00f5imekus, mm<\/td>\n<td>420<\/td>\n<\/tr>\n<tr>\n<td>M\u00fcra tase Lpa (7m)\/Lwa, dB<\/td>\n<td>71\/96<\/td>\n<\/tr>\n<tr>\n<td>\u00dcldm\u00f5\u00f5tmed (PxLxK), mm<\/td>\n<td>720\u00d7470\u00d7365<\/td>\n<\/tr>\n<tr>\n<td>Nettopaino, kg<\/td>\n<td>12.6<\/td>\n<\/tr>\n<tr>\n<td>Kogukaal, kg<\/td>\n<td>13.9<\/td>\n<\/tr>\n<tr>\n<td>SKU<\/td>\n<td>KS 42LM<\/td>\n<\/tr>\n<tr>\n<td>EAN<\/td>\n<td>4260405367023<\/td>\n<\/tr>\n<\/tbody>\n<\/table>","protected":false},"featured_media":21703,"template":"","meta":{"_acf_changed":false,"inline_featured_image":false},"product_brand":[],"product_cat":[159,191,189],"product_tag":[],"class_list":{"0":"post-21702","1":"product","2":"type-product","3":"status-publish","4":"has-post-thumbnail","6":"product_cat-aiatooriistad","7":"product_cat-elektrilised-muruniidukid","8":"product_cat-muruniidukid","9":"product_shipping_class-vaikepakk","10":"brand-konner-sohnen","12":"first","13":"instock","14":"taxable","15":"shipping-taxable","16":"purchasable","17":"product-type-simple"},"acf":[],"yoast_head":"<!-- This site is optimized with the Yoast SEO plugin v26.2 - https:\/\/yoast.com\/wordpress\/plugins\/seo\/ -->\n<title>Elektriline muruniiduk KS 42LM - Genekas24<\/title>\n<meta name=\"robots\" content=\"index, follow, max-snippet:-1, max-image-preview:large, max-video-preview:-1\" \/>\n<link rel=\"canonical\" href=\"https:\/\/staging.genekas24.ee\/fi\/tuote\/elektriline-muruniiduk-ks-42lm\/\" \/>\n<meta property=\"og:locale\" content=\"fi_FI\" \/>\n<meta property=\"og:type\" content=\"article\" \/>\n<meta property=\"og:title\" content=\"Elektriline muruniiduk KS 42LM - Genekas24\" \/>\n<meta property=\"og:description\" content=\"Mootori v\u00f5imsus, W 1800   Pinge, V 230 ~ 240   Mootori t\u00fc\u00fcp Harjamootor   Reguleeritavad k\u00e4epidemed +   Sagedus, Hz 50   T\u00fchik\u00e4igu kiirus, p\/min 3250   Reguleeritava k\u00f5rgusega asend 25\u201380 mm, 5 positsiooni   Kogumiskott, l 40   Mult\u0161imisfunktsioon +   L\u00f5ikamisv\u00f5imekus, mm 420   M\u00fcra tase Lpa (7m)\/Lwa, dB 71\/96   \u00dcldm\u00f5\u00f5tmed (PxLxK), mm 720\u00d7470\u00d7365   Netokaal, kg 12.6   Kogukaal, kg 13.9   SKU KS 42LM   EAN 4260405367023\" \/>\n<meta property=\"og:url\" content=\"https:\/\/staging.genekas24.ee\/fi\/tuote\/elektriline-muruniiduk-ks-42lm\/\" \/>\n<meta property=\"og:site_name\" content=\"Genekas24\" \/>\n<meta property=\"article:modified_time\" content=\"2026-01-06T09:36:47+00:00\" \/>\n<meta property=\"og:image\" content=\"https:\/\/staging.genekas24.ee\/wp-content\/uploads\/2025\/12\/KS42LM_1_cdc864c1-d528-4d0e-8591-eef7d84a390e.webp\" \/>\n\t<meta property=\"og:image:width\" content=\"1600\" \/>\n\t<meta property=\"og:image:height\" content=\"1200\" \/>\n\t<meta property=\"og:image:type\" content=\"image\/webp\" \/>\n<meta name=\"twitter:card\" content=\"summary_large_image\" \/>\n<meta name=\"twitter:label1\" content=\"Arvioitu lukuaika\" \/>\n\t<meta name=\"twitter:data1\" content=\"3 minuuttia\" \/>\n<script type=\"application\/ld+json\" class=\"yoast-schema-graph\">{\"@context\":\"https:\/\/schema.org\",\"@graph\":[{\"@type\":\"WebPage\",\"@id\":\"https:\/\/staging.genekas24.ee\/toode\/elektriline-muruniiduk-ks-42lm\/\",\"url\":\"https:\/\/staging.genekas24.ee\/toode\/elektriline-muruniiduk-ks-42lm\/\",\"name\":\"Elektriline muruniiduk KS 42LM - Genekas24\",\"isPartOf\":{\"@id\":\"https:\/\/staging.genekas24.ee\/#website\"},\"primaryImageOfPage\":{\"@id\":\"https:\/\/staging.genekas24.ee\/toode\/elektriline-muruniiduk-ks-42lm\/#primaryimage\"},\"image\":{\"@id\":\"https:\/\/staging.genekas24.ee\/toode\/elektriline-muruniiduk-ks-42lm\/#primaryimage\"},\"thumbnailUrl\":\"https:\/\/staging.genekas24.ee\/wp-content\/uploads\/2025\/12\/KS42LM_1_cdc864c1-d528-4d0e-8591-eef7d84a390e.webp\",\"datePublished\":\"2026-01-06T09:36:46+00:00\",\"dateModified\":\"2026-01-06T09:36:47+00:00\",\"breadcrumb\":{\"@id\":\"https:\/\/staging.genekas24.ee\/toode\/elektriline-muruniiduk-ks-42lm\/#breadcrumb\"},\"inLanguage\":\"fi\",\"potentialAction\":[{\"@type\":\"ReadAction\",\"target\":[\"https:\/\/staging.genekas24.ee\/toode\/elektriline-muruniiduk-ks-42lm\/\"]}]},{\"@type\":\"ImageObject\",\"inLanguage\":\"fi\",\"@id\":\"https:\/\/staging.genekas24.ee\/toode\/elektriline-muruniiduk-ks-42lm\/#primaryimage\",\"url\":\"https:\/\/staging.genekas24.ee\/wp-content\/uploads\/2025\/12\/KS42LM_1_cdc864c1-d528-4d0e-8591-eef7d84a390e.webp\",\"contentUrl\":\"https:\/\/staging.genekas24.ee\/wp-content\/uploads\/2025\/12\/KS42LM_1_cdc864c1-d528-4d0e-8591-eef7d84a390e.webp\",\"width\":1600,\"height\":1200},{\"@type\":\"BreadcrumbList\",\"@id\":\"https:\/\/staging.genekas24.ee\/toode\/elektriline-muruniiduk-ks-42lm\/#breadcrumb\",\"itemListElement\":[{\"@type\":\"ListItem\",\"position\":1,\"name\":\"Home\",\"item\":\"https:\/\/staging.genekas24.ee\/\"},{\"@type\":\"ListItem\",\"position\":2,\"name\":\"Pood\",\"item\":\"https:\/\/staging.genekas24.ee\/pood\/\"},{\"@type\":\"ListItem\",\"position\":3,\"name\":\"Elektriline muruniiduk KS 42LM\"}]},{\"@type\":\"WebSite\",\"@id\":\"https:\/\/staging.genekas24.ee\/#website\",\"url\":\"https:\/\/staging.genekas24.ee\/\",\"name\":\"Genekas24\",\"description\":\"Generaatorid | K&ouml;nner S&ouml;hnen tooted | Genekas24\",\"publisher\":{\"@id\":\"https:\/\/staging.genekas24.ee\/#organization\"},\"potentialAction\":[{\"@type\":\"SearchAction\",\"target\":{\"@type\":\"EntryPoint\",\"urlTemplate\":\"https:\/\/staging.genekas24.ee\/?s={search_term_string}\"},\"query-input\":{\"@type\":\"PropertyValueSpecification\",\"valueRequired\":true,\"valueName\":\"search_term_string\"}}],\"inLanguage\":\"fi\"},{\"@type\":\"Organization\",\"@id\":\"https:\/\/staging.genekas24.ee\/#organization\",\"name\":\"Genekas24\",\"url\":\"https:\/\/staging.genekas24.ee\/\",\"logo\":{\"@type\":\"ImageObject\",\"inLanguage\":\"fi\",\"@id\":\"https:\/\/staging.genekas24.ee\/#\/schema\/logo\/image\/\",\"url\":\"https:\/\/staging.genekas24.ee\/wp-content\/uploads\/2026\/01\/genekas24-logo_black.svg\",\"contentUrl\":\"https:\/\/staging.genekas24.ee\/wp-content\/uploads\/2026\/01\/genekas24-logo_black.svg\",\"width\":840,\"height\":131,\"caption\":\"Genekas24\"},\"image\":{\"@id\":\"https:\/\/staging.genekas24.ee\/#\/schema\/logo\/image\/\"}}]}<\/script>\n<!-- \/ Yoast SEO plugin. -->","yoast_head_json":{"title":"Elektriline muruniiduk KS 42LM - Genekas24","robots":{"index":"index","follow":"follow","max-snippet":"max-snippet:-1","max-image-preview":"max-image-preview:large","max-video-preview":"max-video-preview:-1"},"canonical":"https:\/\/staging.genekas24.ee\/fi\/tuote\/elektriline-muruniiduk-ks-42lm\/","og_locale":"fi_FI","og_type":"article","og_title":"Elektriline muruniiduk KS 42LM - Genekas24","og_description":"Mootori v\u00f5imsus, W 1800   Pinge, V 230 ~ 240   Mootori t\u00fc\u00fcp Harjamootor   Reguleeritavad k\u00e4epidemed +   Sagedus, Hz 50   T\u00fchik\u00e4igu kiirus, p\/min 3250   Reguleeritava k\u00f5rgusega asend 25\u201380 mm, 5 positsiooni   Kogumiskott, l 40   Mult\u0161imisfunktsioon +   L\u00f5ikamisv\u00f5imekus, mm 420   M\u00fcra tase Lpa (7m)\/Lwa, dB 71\/96   \u00dcldm\u00f5\u00f5tmed (PxLxK), mm 720\u00d7470\u00d7365   Netokaal, kg 12.6   Kogukaal, kg 13.9   SKU KS 42LM   EAN 4260405367023","og_url":"https:\/\/staging.genekas24.ee\/fi\/tuote\/elektriline-muruniiduk-ks-42lm\/","og_site_name":"Genekas24","article_modified_time":"2026-01-06T09:36:47+00:00","og_image":[{"width":1600,"height":1200,"url":"https:\/\/staging.genekas24.ee\/wp-content\/uploads\/2025\/12\/KS42LM_1_cdc864c1-d528-4d0e-8591-eef7d84a390e.webp","type":"image\/webp"}],"twitter_card":"summary_large_image","twitter_misc":{"Arvioitu lukuaika":"3 minuuttia"},"schema":{"@context":"https:\/\/schema.org","@graph":[{"@type":"WebPage","@id":"https:\/\/staging.genekas24.ee\/toode\/elektriline-muruniiduk-ks-42lm\/","url":"https:\/\/staging.genekas24.ee\/toode\/elektriline-muruniiduk-ks-42lm\/","name":"Elektriline muruniiduk KS 42LM - Genekas24","isPartOf":{"@id":"https:\/\/staging.genekas24.ee\/#website"},"primaryImageOfPage":{"@id":"https:\/\/staging.genekas24.ee\/toode\/elektriline-muruniiduk-ks-42lm\/#primaryimage"},"image":{"@id":"https:\/\/staging.genekas24.ee\/toode\/elektriline-muruniiduk-ks-42lm\/#primaryimage"},"thumbnailUrl":"https:\/\/staging.genekas24.ee\/wp-content\/uploads\/2025\/12\/KS42LM_1_cdc864c1-d528-4d0e-8591-eef7d84a390e.webp","datePublished":"2026-01-06T09:36:46+00:00","dateModified":"2026-01-06T09:36:47+00:00","breadcrumb":{"@id":"https:\/\/staging.genekas24.ee\/toode\/elektriline-muruniiduk-ks-42lm\/#breadcrumb"},"inLanguage":"fi","potentialAction":[{"@type":"ReadAction","target":["https:\/\/staging.genekas24.ee\/toode\/elektriline-muruniiduk-ks-42lm\/"]}]},{"@type":"ImageObject","inLanguage":"fi","@id":"https:\/\/staging.genekas24.ee\/toode\/elektriline-muruniiduk-ks-42lm\/#primaryimage","url":"https:\/\/staging.genekas24.ee\/wp-content\/uploads\/2025\/12\/KS42LM_1_cdc864c1-d528-4d0e-8591-eef7d84a390e.webp","contentUrl":"https:\/\/staging.genekas24.ee\/wp-content\/uploads\/2025\/12\/KS42LM_1_cdc864c1-d528-4d0e-8591-eef7d84a390e.webp","width":1600,"height":1200},{"@type":"BreadcrumbList","@id":"https:\/\/staging.genekas24.ee\/toode\/elektriline-muruniiduk-ks-42lm\/#breadcrumb","itemListElement":[{"@type":"ListItem","position":1,"name":"Home","item":"https:\/\/staging.genekas24.ee\/"},{"@type":"ListItem","position":2,"name":"Pood","item":"https:\/\/staging.genekas24.ee\/pood\/"},{"@type":"ListItem","position":3,"name":"Elektriline muruniiduk KS 42LM"}]},{"@type":"WebSite","@id":"https:\/\/staging.genekas24.ee\/#website","url":"https:\/\/staging.genekas24.ee\/","name":"Genekas24","description":"Generaatorid | K&ouml;nner S&ouml;hnen tooted | Genekas24","publisher":{"@id":"https:\/\/staging.genekas24.ee\/#organization"},"potentialAction":[{"@type":"SearchAction","target":{"@type":"EntryPoint","urlTemplate":"https:\/\/staging.genekas24.ee\/?s={search_term_string}"},"query-input":{"@type":"PropertyValueSpecification","valueRequired":true,"valueName":"search_term_string"}}],"inLanguage":"fi"},{"@type":"Organization","@id":"https:\/\/staging.genekas24.ee\/#organization","name":"Genekas24","url":"https:\/\/staging.genekas24.ee\/","logo":{"@type":"ImageObject","inLanguage":"fi","@id":"https:\/\/staging.genekas24.ee\/#\/schema\/logo\/image\/","url":"https:\/\/staging.genekas24.ee\/wp-content\/uploads\/2026\/01\/genekas24-logo_black.svg","contentUrl":"https:\/\/staging.genekas24.ee\/wp-content\/uploads\/2026\/01\/genekas24-logo_black.svg","width":840,"height":131,"caption":"Genekas24"},"image":{"@id":"https:\/\/staging.genekas24.ee\/#\/schema\/logo\/image\/"}}]}},"_links":{"self":[{"href":"https:\/\/staging.genekas24.ee\/fi\/wp-json\/wp\/v2\/product\/21702","targetHints":{"allow":["GET"]}}],"collection":[{"href":"https:\/\/staging.genekas24.ee\/fi\/wp-json\/wp\/v2\/product"}],"about":[{"href":"https:\/\/staging.genekas24.ee\/fi\/wp-json\/wp\/v2\/types\/product"}],"version-history":[{"count":1,"href":"https:\/\/staging.genekas24.ee\/fi\/wp-json\/wp\/v2\/product\/21702\/revisions"}],"predecessor-version":[{"id":21709,"href":"https:\/\/staging.genekas24.ee\/fi\/wp-json\/wp\/v2\/product\/21702\/revisions\/21709"}],"wp:featuredmedia":[{"embeddable":true,"href":"https:\/\/staging.genekas24.ee\/fi\/wp-json\/wp\/v2\/media\/21703"}],"wp:attachment":[{"href":"https:\/\/staging.genekas24.ee\/fi\/wp-json\/wp\/v2\/media?parent=21702"}],"wp:term":[{"taxonomy":"product_brand","embeddable":true,"href":"https:\/\/staging.genekas24.ee\/fi\/wp-json\/wp\/v2\/product_brand?post=21702"},{"taxonomy":"product_cat","embeddable":true,"href":"https:\/\/staging.genekas24.ee\/fi\/wp-json\/wp\/v2\/product_cat?post=21702"},{"taxonomy":"product_tag","embeddable":true,"href":"https:\/\/staging.genekas24.ee\/fi\/wp-json\/wp\/v2\/product_tag?post=21702"}],"curies":[{"name":"wp","href":"https:\/\/api.w.org\/{rel}","templated":true}]}}