{"id":21665,"date":"2026-01-06T09:36:47","date_gmt":"2026-01-06T09:36:47","guid":{"rendered":"https:\/\/staging.genekas24.ee\/?post_type=product&#038;p=21665"},"modified":"2026-01-06T09:36:49","modified_gmt":"2026-01-06T09:36:49","slug":"robotniiduk-ks-22rlm","status":"publish","type":"product","link":"https:\/\/staging.genekas24.ee\/fi\/tuote\/robotniiduk-ks-22rlm\/","title":{"rendered":"Robotniiduk KS 22RLM"},"content":{"rendered":"<p><strong>K\u00f6nner &amp; S\u00f6hnen\u00ae robotniiduk on<\/strong>\u00a0iga aedniku unistus. See hoolitseb muru eest t\u00e4iesti iseseisvalt ja hoiab seda ideaalses seisukorras ilma kasutaja osaluseta. Niiduk on t\u00e4ielikult automatiseeritud t\u00e4nu arvukatele integreeritud anduritele, mis tuvastavad niitmispiirid ja v\u00e4ldivad takistusi t\u00f6\u00f6 ajal. Robotniiduk on m\u00f5eldud muru pidevaks hooldamiseks suurep\u00e4rases, hoolitsetud seisukorras, v\u00e4ltides muru \u00fclekasvamist.<\/p>\n<p>K\u00f6nner &amp; S\u00f6hnen\u00ae robotniiduk on v\u00e4ga tootlik juhtmevaba t\u00f6\u00f6riist, mis on m\u00f5eldud kuni 900 m2 aladele, sealhulgas j\u00e4rskudele n\u00f5lvadele, mille kalle on kuni 25 kraadi\/47%. Sellel on 8 l\u00f5ikek\u00f5rguse taset vahemikus 25 kuni 65 mm. L\u00f5ikelaius ulatub 220 mm-ni. Niiduki mult\u0161imisfunktsioon tagab muru t\u00f5husa purustamise kohe p\u00e4rast niitmist, k\u00f5rvaldades vajaduse l\u00f5igatud muru koguda ja \u00e4ra visata. Purustatud muru \u00fchtlane jaotamine murule muutub t\u00e4iendavaks toitumisallikaks, parandades selle seisukorda.<\/p>\n<p>Komplekti kuulub 170-meetrine piirdetraat, mis v\u00f5imaldab maksimaalset mugavust niitmisala m\u00e4\u00e4ratlemisel ja hoiab \u00e4ra seadme piiridest \u00fcletamise.<\/p>\n<p><strong>Mallissa on seuraavat ominaisuudet:<\/strong><\/p>\n<ul>\n<li><strong>MAKSIMAALNE AUTOMATISEERIMINE<\/strong><br \/>\nTark robotniiduk on varustatud k\u00f5igi vajalike anduritega maksimaalseks automatiseerimiseks, samuti funktsiooniga automaatselt laadimisjaama naasta, kui t\u00f6\u00f6 on l\u00f5petatud. Niiduki ajakava saab programmeerida, et m\u00e4\u00e4rata ajad ja p\u00e4evad, millal niitmine on vajalik. T\u00f5ste- ja kallutusandurid pakuvad usaldusv\u00e4\u00e4rset kaitset, peatades terad kohe, kui robotniiduk t\u00f5stetakse v\u00f5i liiga palju kallutatakse. Kui seadme teel tuvastatakse objekte, aktiveerib see takistusanduri, mis v\u00f5imaldab niidukil suunda muuta ja neid v\u00e4ltida. Juhusliku kokkup\u00f5rke korral aktiveerib niiduk oma l\u00f6\u00f6gianduri, mis p\u00f5hjustab terade kohese seiskumise ja hoiab \u00e4ra niiduki v\u00f5imaliku kahjustamise. Vihmaandur tuvastab sademed ja naaseb automaatselt niidukiga laadimisjaama. K\u00f6nner &amp; S\u00f6hnen\u00ae niidukil on veepiiskade kaitseklass IPX4.<\/li>\n<li><strong>LIITIUM-IOONAKU<\/strong><br \/>\nRobotniiduk on varustatud usaldusv\u00e4\u00e4rse liitium-ioonakuga, mille v\u00e4ljundv\u00f5imsus on 20 W ja maht 4,0 Ah. See aku tagab seadme pikaajalise, katkestusteta t\u00f6\u00f6, tagades stabiilse toiteallika maksimaalseks tootlikkuseks. Aku keskmine t\u00f6\u00f6aeg t\u00e4islaadimisel on 70 minutit, v\u00f5imaldades niidukil t\u00f5husalt katta suurt ala. T\u00e4nu kiirelt laetavale liitium-ioonakule on niiduki seisakuaeg v\u00e4henenud. Kaasaegsete liitiumakude eeliseks on nende k\u00f5rge energiatihedus. V\u00f5rreldes vanemate akude t\u00fc\u00fcpidega paistavad need silma suure mahutavuse poolest v\u00e4iksema kaalu ja suurusega. Seega v\u00f5ib v\u00e4ike ja kerge liitiumaku toita mootorit sama kaua kui mitu korda suurem ja raskem pliiaku.<\/li>\n<li><strong>KAUGJUHTIMINE<\/strong><br \/>\nK\u00f6nner &amp; S\u00f6hnen\u00ae robotniidukid on uuenduslikud seadmed, mida saab juhtida kaugjuhtimise teel mobiilirakenduse v\u00f5i Bluetooth\/Wi-Fi \u00fchenduse kaudu. Saate seadistada seadme ajakava, alustada kaugk\u00e4ivitust ja j\u00e4lgida t\u00f6\u00f6protsessi \u2013 seda k\u00f5ike saab h\u00f5lpsasti teha oma mobiiltelefoni v\u00f5i tahvelarvuti kaudu.<\/li>\n<li><strong>Harjadeta mootori<\/strong>\u00a0kasutamine tagab seadme k\u00f5rge efektiivsuse ja pika t\u00f6\u00f6ea. Seda t\u00fc\u00fcpi mootoril on v\u00e4hem liikuvaid osi, mis vajavad hooldust, ja seda iseloomustab madalam m\u00fcratase t\u00f6\u00f6 ajal.<\/li>\n<li><strong>Kaitse volitamata kasutamise ja varguse eest<\/strong>\u00a0\u2013 keegi ei saa niidukit k\u00e4ivitada ilma PIN-koodita<\/li>\n<li><strong>Kasutajakaitse<\/strong>\u00a0\u2013 terade automaatne kohene seiskumine niiduki t\u00f5stmisel<\/li>\n<\/ul>","protected":false},"excerpt":{"rendered":"<table style=\"width: 66.2097%;\">\n<tbody>\n<tr>\n<td style=\"width: 52.3944%;\">J\u00e4nnite<\/td>\n<td style=\"width: 61.895%;\">20 V<\/td>\n<\/tr>\n<tr>\n<td style=\"width: 52.3944%;\">Akun kapasiteetti<\/td>\n<td style=\"width: 61.895%;\">4 Ah<\/td>\n<\/tr>\n<tr>\n<td style=\"width: 52.3944%;\">Akun tyyppi<\/td>\n<td style=\"width: 61.895%;\">Liitium-ioon, laetav<\/td>\n<\/tr>\n<tr>\n<td style=\"width: 52.3944%;\">Aku ja laadija<\/td>\n<td style=\"width: 61.895%;\">Komplektis<\/td>\n<\/tr>\n<tr>\n<td style=\"width: 52.3944%;\">Moottorityyppi<\/td>\n<td style=\"width: 61.895%;\">Harjadeta<\/td>\n<\/tr>\n<tr>\n<td style=\"width: 52.3944%;\">Piirkaabel<\/td>\n<td style=\"width: 61.895%;\">170 m<\/td>\n<\/tr>\n<tr>\n<td style=\"width: 52.3944%;\">Laadimisaeg<\/td>\n<td style=\"width: 61.895%;\">1 h<\/td>\n<\/tr>\n<tr>\n<td style=\"width: 52.3944%;\">Mootori p\u00f6\u00f6rlemiskiirus<\/td>\n<td style=\"width: 61.895%;\">3100 p\/min<\/td>\n<\/tr>\n<tr>\n<td style=\"width: 52.3944%;\">T\u00f6\u00f6ala<\/td>\n<td style=\"width: 61.895%;\">kuni 900 m\u00b2<\/td>\n<\/tr>\n<tr>\n<td style=\"width: 52.3944%;\">T\u00f6\u00f6aeg \u00fche laadimisega<\/td>\n<td style=\"width: 61.895%;\">70 min*<\/td>\n<\/tr>\n<tr>\n<td style=\"width: 52.3944%;\">Liikumiskiirus<\/td>\n<td style=\"width: 61.895%;\">1,2 km\/h<\/td>\n<\/tr>\n<tr>\n<td style=\"width: 52.3944%;\">L\u00f5iketerade arv<\/td>\n<td style=\"width: 61.895%;\">3 tk, kahepoolsete teradega<\/td>\n<\/tr>\n<tr>\n<td style=\"width: 52.3944%;\">L\u00f5ikek\u00f5rgus<\/td>\n<td style=\"width: 61.895%;\">25\u201365 mm (8 astet)<\/td>\n<\/tr>\n<tr>\n<td style=\"width: 52.3944%;\">L\u00f5ikelaius<\/td>\n<td style=\"width: 61.895%;\">220 mm<\/td>\n<\/tr>\n<tr>\n<td style=\"width: 52.3944%;\">Maksimaalne kallak<\/td>\n<td style=\"width: 61.895%;\">25\u00b0 \/ 47%<\/td>\n<\/tr>\n<tr>\n<td style=\"width: 52.3944%;\">Py\u00f6r\u00e4t<\/td>\n<td style=\"width: 61.895%;\">8\u2033<\/td>\n<\/tr>\n<tr>\n<td style=\"width: 52.3944%;\">Mult\u0161imine<\/td>\n<td style=\"width: 61.895%;\">Jah<\/td>\n<\/tr>\n<tr>\n<td style=\"width: 52.3944%;\">Rakenduse juhtimine<\/td>\n<td style=\"width: 61.895%;\">Jah<\/td>\n<\/tr>\n<tr>\n<td style=\"width: 52.3944%;\">Bluetooth<\/td>\n<td style=\"width: 61.895%;\">Jah<\/td>\n<\/tr>\n<tr>\n<td style=\"width: 52.3944%;\">Wi-Fi<\/td>\n<td style=\"width: 61.895%;\">Jah<\/td>\n<\/tr>\n<tr>\n<td style=\"width: 52.3944%;\">M\u00fcratase Lpa (7 m) \/ Lwa<\/td>\n<td style=\"width: 61.895%;\">66 \/ 61,1 dB<\/td>\n<\/tr>\n<tr>\n<td style=\"width: 52.3944%;\">Suojausluokka<\/td>\n<td style=\"width: 61.895%;\">IPX4<\/td>\n<\/tr>\n<tr>\n<td style=\"width: 52.3944%;\">Komplektis<\/td>\n<td style=\"width: 61.895%;\">Piirkaabel 170 m; Klambrid 230 tk; Kinnitusk\u00fc\u00fcned 6 tk; Laadimisjaam; Adapter; 20V Li-ioonaku<\/td>\n<\/tr>\n<tr>\n<td style=\"width: 52.3944%;\">Pakendi m\u00f5\u00f5tmed (P\u00d7L\u00d7K)<\/td>\n<td style=\"width: 61.895%;\">470 \u00d7 280 \u00d7 360 mm<\/td>\n<\/tr>\n<tr>\n<td style=\"width: 52.3944%;\">Netokaal<\/td>\n<td style=\"width: 61.895%;\">9 kg<\/td>\n<\/tr>\n<tr>\n<td style=\"width: 52.3944%;\">Brutokaal<\/td>\n<td style=\"width: 61.895%;\">18,0 kg<\/td>\n<\/tr>\n<tr>\n<td style=\"width: 52.3944%;\">SKU<\/td>\n<td style=\"width: 61.895%;\">KS 22RLM<\/td>\n<\/tr>\n<tr>\n<td style=\"width: 52.3944%;\">EAN<\/td>\n<td style=\"width: 61.895%;\">4260405367191<\/td>\n<\/tr>\n<\/tbody>\n<\/table>","protected":false},"featured_media":21667,"template":"","meta":{"_acf_changed":false,"inline_featured_image":false},"product_brand":[],"product_cat":[159,190,189],"product_tag":[],"class_list":{"0":"post-21665","1":"product","2":"type-product","3":"status-publish","4":"has-post-thumbnail","6":"product_cat-aiatooriistad","7":"product_cat-akuga-muruniidukid","8":"product_cat-muruniidukid","9":"product_shipping_class-vaikepakk","10":"brand-konner-sohnen","12":"first","13":"instock","14":"taxable","15":"shipping-taxable","16":"purchasable","17":"product-type-simple"},"acf":[],"yoast_head":"<!-- This site is optimized with the Yoast SEO plugin v26.2 - https:\/\/yoast.com\/wordpress\/plugins\/seo\/ -->\n<title>Robotniiduk KS 22RLM - Genekas24<\/title>\n<meta name=\"robots\" content=\"index, follow, max-snippet:-1, max-image-preview:large, max-video-preview:-1\" \/>\n<link rel=\"canonical\" href=\"https:\/\/staging.genekas24.ee\/fi\/tuote\/robotniiduk-ks-22rlm\/\" \/>\n<meta property=\"og:locale\" content=\"fi_FI\" \/>\n<meta property=\"og:type\" content=\"article\" \/>\n<meta property=\"og:title\" content=\"Robotniiduk KS 22RLM - Genekas24\" \/>\n<meta property=\"og:description\" content=\"Pinge 20 V   Aku maht 4 Ah   Aku t\u00fc\u00fcp Liitium-ioon, laetav   Aku ja laadija Komplektis   Mootori t\u00fc\u00fcp Harjadeta   Piirkaabel 170 m   Laadimisaeg 1 h   Mootori p\u00f6\u00f6rlemiskiirus 3100 p\/min   T\u00f6\u00f6ala kuni 900 m\u00b2   T\u00f6\u00f6aeg \u00fche laadimisega 70 min*   Liikumiskiirus 1,2 km\/h   L\u00f5iketerade arv 3 tk, kahepoolsete teradega   L\u00f5ikek\u00f5rgus 25\u201365 mm (8 astet)   L\u00f5ikelaius 220 mm   Maksimaalne kallak 25\u00b0 \/ 47%   Rattad 8\u2033   Mult\u0161imine Jah   Rakenduse juhtimine Jah   Bluetooth Jah   Wi-Fi Jah   M\u00fcratase Lpa (7 m) \/ Lwa 66 \/ 61,1 dB   Kaitseklass IPX4   Komplektis Piirkaabel 170 m; Klambrid 230 tk; Kinnitusk\u00fc\u00fcned 6 tk; Laadimisjaam; Adapter; 20V Li-ioonaku   Pakendi m\u00f5\u00f5tmed (P\u00d7L\u00d7K) 470 \u00d7 280 \u00d7 360 mm   Netokaal 9 kg   Brutokaal 18,0 kg   SKU KS 22RLM   EAN 4260405367191\" \/>\n<meta property=\"og:url\" content=\"https:\/\/staging.genekas24.ee\/fi\/tuote\/robotniiduk-ks-22rlm\/\" \/>\n<meta property=\"og:site_name\" content=\"Genekas24\" \/>\n<meta property=\"article:modified_time\" content=\"2026-01-06T09:36:49+00:00\" \/>\n<meta property=\"og:image\" content=\"https:\/\/staging.genekas24.ee\/wp-content\/uploads\/2025\/12\/ks-22rlm_01_a0efeeca-62c3-4f7c-8c9f-d9f809dbe750.webp\" \/>\n\t<meta property=\"og:image:width\" content=\"1600\" \/>\n\t<meta property=\"og:image:height\" content=\"1200\" \/>\n\t<meta property=\"og:image:type\" content=\"image\/webp\" \/>\n<meta name=\"twitter:card\" content=\"summary_large_image\" \/>\n<meta name=\"twitter:label1\" content=\"Arvioitu lukuaika\" \/>\n\t<meta name=\"twitter:data1\" content=\"3 minuuttia\" \/>\n<script type=\"application\/ld+json\" class=\"yoast-schema-graph\">{\"@context\":\"https:\/\/schema.org\",\"@graph\":[{\"@type\":\"WebPage\",\"@id\":\"https:\/\/staging.genekas24.ee\/toode\/robotniiduk-ks-22rlm\/\",\"url\":\"https:\/\/staging.genekas24.ee\/toode\/robotniiduk-ks-22rlm\/\",\"name\":\"Robotniiduk KS 22RLM - Genekas24\",\"isPartOf\":{\"@id\":\"https:\/\/staging.genekas24.ee\/#website\"},\"primaryImageOfPage\":{\"@id\":\"https:\/\/staging.genekas24.ee\/toode\/robotniiduk-ks-22rlm\/#primaryimage\"},\"image\":{\"@id\":\"https:\/\/staging.genekas24.ee\/toode\/robotniiduk-ks-22rlm\/#primaryimage\"},\"thumbnailUrl\":\"https:\/\/staging.genekas24.ee\/wp-content\/uploads\/2025\/12\/ks-22rlm_01_a0efeeca-62c3-4f7c-8c9f-d9f809dbe750.webp\",\"datePublished\":\"2026-01-06T09:36:47+00:00\",\"dateModified\":\"2026-01-06T09:36:49+00:00\",\"breadcrumb\":{\"@id\":\"https:\/\/staging.genekas24.ee\/toode\/robotniiduk-ks-22rlm\/#breadcrumb\"},\"inLanguage\":\"fi\",\"potentialAction\":[{\"@type\":\"ReadAction\",\"target\":[\"https:\/\/staging.genekas24.ee\/toode\/robotniiduk-ks-22rlm\/\"]}]},{\"@type\":\"ImageObject\",\"inLanguage\":\"fi\",\"@id\":\"https:\/\/staging.genekas24.ee\/toode\/robotniiduk-ks-22rlm\/#primaryimage\",\"url\":\"https:\/\/staging.genekas24.ee\/wp-content\/uploads\/2025\/12\/ks-22rlm_01_a0efeeca-62c3-4f7c-8c9f-d9f809dbe750.webp\",\"contentUrl\":\"https:\/\/staging.genekas24.ee\/wp-content\/uploads\/2025\/12\/ks-22rlm_01_a0efeeca-62c3-4f7c-8c9f-d9f809dbe750.webp\",\"width\":1600,\"height\":1200},{\"@type\":\"BreadcrumbList\",\"@id\":\"https:\/\/staging.genekas24.ee\/toode\/robotniiduk-ks-22rlm\/#breadcrumb\",\"itemListElement\":[{\"@type\":\"ListItem\",\"position\":1,\"name\":\"Home\",\"item\":\"https:\/\/staging.genekas24.ee\/\"},{\"@type\":\"ListItem\",\"position\":2,\"name\":\"Pood\",\"item\":\"https:\/\/staging.genekas24.ee\/pood\/\"},{\"@type\":\"ListItem\",\"position\":3,\"name\":\"Robotniiduk KS 22RLM\"}]},{\"@type\":\"WebSite\",\"@id\":\"https:\/\/staging.genekas24.ee\/#website\",\"url\":\"https:\/\/staging.genekas24.ee\/\",\"name\":\"Genekas24\",\"description\":\"Generaatorid | K&ouml;nner S&ouml;hnen tooted | Genekas24\",\"publisher\":{\"@id\":\"https:\/\/staging.genekas24.ee\/#organization\"},\"potentialAction\":[{\"@type\":\"SearchAction\",\"target\":{\"@type\":\"EntryPoint\",\"urlTemplate\":\"https:\/\/staging.genekas24.ee\/?s={search_term_string}\"},\"query-input\":{\"@type\":\"PropertyValueSpecification\",\"valueRequired\":true,\"valueName\":\"search_term_string\"}}],\"inLanguage\":\"fi\"},{\"@type\":\"Organization\",\"@id\":\"https:\/\/staging.genekas24.ee\/#organization\",\"name\":\"Genekas24\",\"url\":\"https:\/\/staging.genekas24.ee\/\",\"logo\":{\"@type\":\"ImageObject\",\"inLanguage\":\"fi\",\"@id\":\"https:\/\/staging.genekas24.ee\/#\/schema\/logo\/image\/\",\"url\":\"https:\/\/staging.genekas24.ee\/wp-content\/uploads\/2026\/01\/genekas24-logo_black.svg\",\"contentUrl\":\"https:\/\/staging.genekas24.ee\/wp-content\/uploads\/2026\/01\/genekas24-logo_black.svg\",\"width\":840,\"height\":131,\"caption\":\"Genekas24\"},\"image\":{\"@id\":\"https:\/\/staging.genekas24.ee\/#\/schema\/logo\/image\/\"}}]}<\/script>\n<!-- \/ Yoast SEO plugin. -->","yoast_head_json":{"title":"Robotniiduk KS 22RLM - Genekas24","robots":{"index":"index","follow":"follow","max-snippet":"max-snippet:-1","max-image-preview":"max-image-preview:large","max-video-preview":"max-video-preview:-1"},"canonical":"https:\/\/staging.genekas24.ee\/fi\/tuote\/robotniiduk-ks-22rlm\/","og_locale":"fi_FI","og_type":"article","og_title":"Robotniiduk KS 22RLM - Genekas24","og_description":"Pinge 20 V   Aku maht 4 Ah   Aku t\u00fc\u00fcp Liitium-ioon, laetav   Aku ja laadija Komplektis   Mootori t\u00fc\u00fcp Harjadeta   Piirkaabel 170 m   Laadimisaeg 1 h   Mootori p\u00f6\u00f6rlemiskiirus 3100 p\/min   T\u00f6\u00f6ala kuni 900 m\u00b2   T\u00f6\u00f6aeg \u00fche laadimisega 70 min*   Liikumiskiirus 1,2 km\/h   L\u00f5iketerade arv 3 tk, kahepoolsete teradega   L\u00f5ikek\u00f5rgus 25\u201365 mm (8 astet)   L\u00f5ikelaius 220 mm   Maksimaalne kallak 25\u00b0 \/ 47%   Rattad 8\u2033   Mult\u0161imine Jah   Rakenduse juhtimine Jah   Bluetooth Jah   Wi-Fi Jah   M\u00fcratase Lpa (7 m) \/ Lwa 66 \/ 61,1 dB   Kaitseklass IPX4   Komplektis Piirkaabel 170 m; Klambrid 230 tk; Kinnitusk\u00fc\u00fcned 6 tk; Laadimisjaam; Adapter; 20V Li-ioonaku   Pakendi m\u00f5\u00f5tmed (P\u00d7L\u00d7K) 470 \u00d7 280 \u00d7 360 mm   Netokaal 9 kg   Brutokaal 18,0 kg   SKU KS 22RLM   EAN 4260405367191","og_url":"https:\/\/staging.genekas24.ee\/fi\/tuote\/robotniiduk-ks-22rlm\/","og_site_name":"Genekas24","article_modified_time":"2026-01-06T09:36:49+00:00","og_image":[{"width":1600,"height":1200,"url":"https:\/\/staging.genekas24.ee\/wp-content\/uploads\/2025\/12\/ks-22rlm_01_a0efeeca-62c3-4f7c-8c9f-d9f809dbe750.webp","type":"image\/webp"}],"twitter_card":"summary_large_image","twitter_misc":{"Arvioitu lukuaika":"3 minuuttia"},"schema":{"@context":"https:\/\/schema.org","@graph":[{"@type":"WebPage","@id":"https:\/\/staging.genekas24.ee\/toode\/robotniiduk-ks-22rlm\/","url":"https:\/\/staging.genekas24.ee\/toode\/robotniiduk-ks-22rlm\/","name":"Robotniiduk KS 22RLM - Genekas24","isPartOf":{"@id":"https:\/\/staging.genekas24.ee\/#website"},"primaryImageOfPage":{"@id":"https:\/\/staging.genekas24.ee\/toode\/robotniiduk-ks-22rlm\/#primaryimage"},"image":{"@id":"https:\/\/staging.genekas24.ee\/toode\/robotniiduk-ks-22rlm\/#primaryimage"},"thumbnailUrl":"https:\/\/staging.genekas24.ee\/wp-content\/uploads\/2025\/12\/ks-22rlm_01_a0efeeca-62c3-4f7c-8c9f-d9f809dbe750.webp","datePublished":"2026-01-06T09:36:47+00:00","dateModified":"2026-01-06T09:36:49+00:00","breadcrumb":{"@id":"https:\/\/staging.genekas24.ee\/toode\/robotniiduk-ks-22rlm\/#breadcrumb"},"inLanguage":"fi","potentialAction":[{"@type":"ReadAction","target":["https:\/\/staging.genekas24.ee\/toode\/robotniiduk-ks-22rlm\/"]}]},{"@type":"ImageObject","inLanguage":"fi","@id":"https:\/\/staging.genekas24.ee\/toode\/robotniiduk-ks-22rlm\/#primaryimage","url":"https:\/\/staging.genekas24.ee\/wp-content\/uploads\/2025\/12\/ks-22rlm_01_a0efeeca-62c3-4f7c-8c9f-d9f809dbe750.webp","contentUrl":"https:\/\/staging.genekas24.ee\/wp-content\/uploads\/2025\/12\/ks-22rlm_01_a0efeeca-62c3-4f7c-8c9f-d9f809dbe750.webp","width":1600,"height":1200},{"@type":"BreadcrumbList","@id":"https:\/\/staging.genekas24.ee\/toode\/robotniiduk-ks-22rlm\/#breadcrumb","itemListElement":[{"@type":"ListItem","position":1,"name":"Home","item":"https:\/\/staging.genekas24.ee\/"},{"@type":"ListItem","position":2,"name":"Pood","item":"https:\/\/staging.genekas24.ee\/pood\/"},{"@type":"ListItem","position":3,"name":"Robotniiduk KS 22RLM"}]},{"@type":"WebSite","@id":"https:\/\/staging.genekas24.ee\/#website","url":"https:\/\/staging.genekas24.ee\/","name":"Genekas24","description":"Generaatorid | K&ouml;nner S&ouml;hnen tooted | Genekas24","publisher":{"@id":"https:\/\/staging.genekas24.ee\/#organization"},"potentialAction":[{"@type":"SearchAction","target":{"@type":"EntryPoint","urlTemplate":"https:\/\/staging.genekas24.ee\/?s={search_term_string}"},"query-input":{"@type":"PropertyValueSpecification","valueRequired":true,"valueName":"search_term_string"}}],"inLanguage":"fi"},{"@type":"Organization","@id":"https:\/\/staging.genekas24.ee\/#organization","name":"Genekas24","url":"https:\/\/staging.genekas24.ee\/","logo":{"@type":"ImageObject","inLanguage":"fi","@id":"https:\/\/staging.genekas24.ee\/#\/schema\/logo\/image\/","url":"https:\/\/staging.genekas24.ee\/wp-content\/uploads\/2026\/01\/genekas24-logo_black.svg","contentUrl":"https:\/\/staging.genekas24.ee\/wp-content\/uploads\/2026\/01\/genekas24-logo_black.svg","width":840,"height":131,"caption":"Genekas24"},"image":{"@id":"https:\/\/staging.genekas24.ee\/#\/schema\/logo\/image\/"}}]}},"_links":{"self":[{"href":"https:\/\/staging.genekas24.ee\/fi\/wp-json\/wp\/v2\/product\/21665","targetHints":{"allow":["GET"]}}],"collection":[{"href":"https:\/\/staging.genekas24.ee\/fi\/wp-json\/wp\/v2\/product"}],"about":[{"href":"https:\/\/staging.genekas24.ee\/fi\/wp-json\/wp\/v2\/types\/product"}],"version-history":[{"count":8,"href":"https:\/\/staging.genekas24.ee\/fi\/wp-json\/wp\/v2\/product\/21665\/revisions"}],"predecessor-version":[{"id":21678,"href":"https:\/\/staging.genekas24.ee\/fi\/wp-json\/wp\/v2\/product\/21665\/revisions\/21678"}],"wp:featuredmedia":[{"embeddable":true,"href":"https:\/\/staging.genekas24.ee\/fi\/wp-json\/wp\/v2\/media\/21667"}],"wp:attachment":[{"href":"https:\/\/staging.genekas24.ee\/fi\/wp-json\/wp\/v2\/media?parent=21665"}],"wp:term":[{"taxonomy":"product_brand","embeddable":true,"href":"https:\/\/staging.genekas24.ee\/fi\/wp-json\/wp\/v2\/product_brand?post=21665"},{"taxonomy":"product_cat","embeddable":true,"href":"https:\/\/staging.genekas24.ee\/fi\/wp-json\/wp\/v2\/product_cat?post=21665"},{"taxonomy":"product_tag","embeddable":true,"href":"https:\/\/staging.genekas24.ee\/fi\/wp-json\/wp\/v2\/product_tag?post=21665"}],"curies":[{"name":"wp","href":"https:\/\/api.w.org\/{rel}","templated":true}]}}