{"id":21643,"date":"2026-01-06T09:36:51","date_gmt":"2026-01-06T09:36:51","guid":{"rendered":"https:\/\/staging.genekas24.ee\/?post_type=product&#038;p=21643"},"modified":"2026-01-06T09:36:53","modified_gmt":"2026-01-06T09:36:53","slug":"akuga-muruniiduk-ks-33lm-20v","status":"publish","type":"product","link":"https:\/\/staging.genekas24.ee\/fi\/tuote\/akuga-muruniiduk-ks-33lm-20v\/","title":{"rendered":"Akuga muruniiduk KS 33LM-20V"},"content":{"rendered":"<p>K\u00f6nner &amp; S\u00f6hnen\u00ae juhtmeta muruniidukid, mis p\u00f5hinevad meie kaubam\u00e4rgi aiat\u00f6\u00f6riistade valiku \u00fchtsel akus\u00fcsteemil, on ideaalne lahendus muru hooldamiseks. Nende juhtmeta muruniidukite peamine eelis on kaablite ja pikenduste puudumine peamisest elektriv\u00f5rgust, mis tagab maksimaalse liikuvuse ja t\u00f6\u00f6autonoomia.<\/p>\n<p>K\u00f6nner &amp; S\u00f6hnen\u00ae juhtmeta muruniidukid pakuvad mitmeid m\u00e4rkimisv\u00e4\u00e4rseid eeliseid v\u00f5rreldes teiste tootjate sarnaste mudelitega. Need p\u00f5hinevad v\u00f5imsatel harjadeta mootoritel, mille kiirus on kuni 3200 p\/min, mis suudavad h\u00f5lpsasti toime tulla ka raskete koormustega. Harjadeta mootorite kasutamine tagab k\u00f5rge efektiivsuse, pikema t\u00f6\u00f6ea ja v\u00e4hendatud m\u00fcra. Lisaks on sellel t\u00fc\u00fcpi mootoril v\u00e4hem liikuvaid osi, mis vajavad hooldust.<\/p>\n<p><img fetchpriority=\"high\" decoding=\"async\" class=\"aligncenter\" src=\"https:\/\/konner-sohnen.ee\/cdn\/shop\/files\/one-battery-en.png?v=1723486305&amp;width=1920\" width=\"875\" height=\"83\" \/><\/p>\n<div class=\"accu-custom-list-left\">\n<div class=\"accu-custom-list-title\">\n<ul>\n<li><strong>FINANTSILINE KASU<\/strong><\/li>\n<\/ul>\n<\/div>\n<p>M\u00e4rkimisv\u00e4\u00e4rne osa akutoitel t\u00f6\u00f6riistade maksumusest on seotud akudega. V\u00f5imalus kasutada sama akut mitme t\u00f6\u00f6riista jaoks tagab m\u00e4rkimisv\u00e4\u00e4rse kulude kokkuhoiu. Universaalsed akud* K\u00f6nner &amp; S\u00f6hnen\u00ae-ilt on \u00fchilduvad k\u00f5igi meie br\u00e4ndi akutoitel aiat\u00f6\u00f6riistadega. Seega peavad kasutajad ostma soovitud mahutavusega aku ja laadimisseadme vaid korra ning seej\u00e4rel saavad neid kasutada mis tahes meie seeria akutoitel t\u00f6\u00f6riistaga.<\/p>\n<p>*Aku ja laadija ei kuulu komplekti<\/p>\n<\/div>\n<div class=\"accu-custom-list-right\">\n<div class=\"accu-custom-list-title\">\n<ul>\n<li><strong>MUGAVUS T\u00d6\u00d6 K\u00c4IGUS<\/strong><\/li>\n<\/ul>\n<\/div>\n<p>\u00dche aku kasutamine mitme t\u00f6\u00f6riista jaoks lihtsustab oluliselt t\u00f6\u00f6protsessi, s\u00e4\u00e4stab aega ja v\u00e4hendab t\u00f6\u00f6katkestusi. Pole vaja liigutada, hoiustada ega j\u00e4lgida erinevate akude laetuse olekut. Kui teil on mitu \u00fclesannet, v\u00f5tke lihtsalt \u00fcks aku kaasa ja kasutage seda erinevate t\u00f6\u00f6riistadega. Akudeta seadmed on palju kergemad, suurendades t\u00f6\u00f6 mugavust.<\/p>\n<ul>\n<li><strong>2-IN-1 FUNKTSIOON: MURU KOGUMINE V\u00d5I MULT\u0160IMINE<\/strong><\/li>\n<\/ul>\n<p>K\u00f6nner &amp; S\u00f6hnen\u00ae muruniidukitel on v\u00f5imalus nii niidetud muru kogumiseks kui ka kohe p\u00e4rast l\u00f5ikamist mult\u0161imiseks. Mult\u0161imisfunktsioon on eriti kasulik muru v\u00e4etamiseks ja selle seisundi parandamiseks. L\u00f5ikelaiusega kuni 33 cm suudavad K\u00f6nner &amp; S\u00f6hnen\u00ae muruniidukid niita ja mult\u0161ida t\u00f5husalt ka suurtel muruplatsidel.<\/p>\n<ul>\n<li><strong>KOMBINATSIOONIS MURUKOGUJA<\/strong><\/li>\n<\/ul>\n<p>Muruniiduki murukogujad on valmistatud plastikkatte ja kilest kangast raamkoti kombinatsioonist, mis ei koorma niidukit, s\u00e4ilitab oma kuju ja omab head p\u00f6\u00f6rlemisv\u00f5imet. 30-liitrine mahutavus v\u00f5imaldab koguda piisava hulga muruj\u00e4\u00e4ke. Need on varustatud mahuti t\u00e4ituvuse indikaatoriga.<\/p>\n<ul>\n<li><strong>L\u00d5IKEK\u00d5RGUSE REGULEERIMINE 25-75 MM<\/strong><\/li>\n<\/ul>\n<p>Mugaval niitmistaseme reguleerimise hooval on 5 positsiooni, l\u00f5ikek\u00f5rguse vahemik on 25 mm kuni 75 mm, mis v\u00f5imaldab kohandada niidukit kasutaja individuaalsetele vajadustele ja saavutada optimaalne muruk\u00f5rgus.<\/p>\n<ul>\n<li><strong>TURVAV\u00d5TI<\/strong><\/li>\n<\/ul>\n<p>Muruniiduk on varustatud keeruka turvas\u00fcsteemiga, sealhulgas aktiveerimisv\u00f5tmega, mis tuleb t\u00f6\u00f6riista sissel\u00fclitamiseks sisestada. Kui v\u00f5ti eemaldatakse, l\u00fclitub muruniiduk automaatselt v\u00e4lja, v\u00e4ltides soovimatut aktiveerimist ja tagades ohutuse hoiustamise ja transpordi ajal.<\/p>\n<ul>\n<li><strong>USALDUSV\u00c4\u00c4RNE HARJADETA MOOTOR<\/strong><\/li>\n<\/ul>\n<p>Keskkonnas\u00f5bralik harjadeta tehnoloogiaga mootor tagab pikema t\u00f6\u00f6ea ja suurendab oluliselt tootlikkust minimaalse energiatarbimisega. Seda iseloomustab suur v\u00f5imsus, madal vibratsioon ja v\u00e4hendatud m\u00fcratase. See ei tekita t\u00f6\u00f6 ajal kahjulikke heitmeid.<\/p>\n<ul>\n<li><strong>INTELLIGENTNE KIIRUSE KONTROLL<\/strong><\/li>\n<\/ul>\n<p>Varustatud automaatse mootori kiiruse reguleerimisega t\u00f6\u00f6 ajal, et tagada optimaalne energiatarbimine ja maksimaalne niitmise tootlikkus<\/p>\n<ul>\n<li><strong>Suurep\u00e4rane man\u00f6\u00f6verdusv\u00f5ime t\u00e4nu tasakaalustatud kaalule<\/strong><\/li>\n<li><strong>Madal vibratsioonitase<\/strong><\/li>\n<li><strong>T\u00f6\u00f6riistavaba kokkupanek<\/strong><\/li>\n<li><strong>Kompaktne hoiustamine<\/strong><\/li>\n<\/ul>\n<\/div>","protected":false},"excerpt":{"rendered":"<table>\n<tbody>\n<tr>\n<td>Nimellisj\u00e4nnite, V<\/td>\n<td>20<\/td>\n<\/tr>\n<tr>\n<td>Soovitatav aku mahtuvus<\/td>\n<td>2 Ah, 4 Ah<\/td>\n<\/tr>\n<tr>\n<td>Aku ja laadija<\/td>\n<td>ei kuulu komplekti<\/td>\n<\/tr>\n<tr>\n<td>Moottorityyppi<\/td>\n<td>Harjadeta mootor<\/td>\n<\/tr>\n<tr>\n<td>T\u00fchik\u00e4igu kiirus, p\/min<\/td>\n<td>3200<\/td>\n<\/tr>\n<tr>\n<td>M\u00fcra tase Lpa (7m)\/Lwa, dB<\/td>\n<td>71\/96<\/td>\n<\/tr>\n<tr>\n<td>Reguleeritava k\u00f5rgusega asend<\/td>\n<td>25-75 mm (5 positsiooni)<\/td>\n<\/tr>\n<tr>\n<td>L\u00f5ikamisv\u00f5imekus, mm<\/td>\n<td>330<\/td>\n<\/tr>\n<tr>\n<td>Mult\u0161imisfunktsioon<\/td>\n<td>+<\/td>\n<\/tr>\n<tr>\n<td>\u00dcldm\u00f5\u00f5tmed (PxLxK), mm<\/td>\n<td>690\u00d7410\u00d7330<\/td>\n<\/tr>\n<tr>\n<td>Nettopaino, kg<\/td>\n<td>9.5<\/td>\n<\/tr>\n<tr>\n<td>Kogukaal, kg<\/td>\n<td>11.2<\/td>\n<\/tr>\n<tr>\n<td>SKU<\/td>\n<td>KS 33LM-20V<\/td>\n<\/tr>\n<tr>\n<td>EAN<\/td>\n<td>4260405367047<\/td>\n<\/tr>\n<\/tbody>\n<\/table>\n<p><span style=\"font-size: 10pt;\"><em>*Aku ja laadija ei kuulu komplekti<\/em><\/span><\/p>","protected":false},"featured_media":21644,"template":"","meta":{"_acf_changed":false,"inline_featured_image":false},"product_brand":[],"product_cat":[159,190,189],"product_tag":[],"class_list":{"0":"post-21643","1":"product","2":"type-product","3":"status-publish","4":"has-post-thumbnail","6":"product_cat-aiatooriistad","7":"product_cat-akuga-muruniidukid","8":"product_cat-muruniidukid","9":"product_shipping_class-vaikepakk","10":"brand-konner-sohnen","12":"first","13":"instock","14":"taxable","15":"shipping-taxable","16":"purchasable","17":"product-type-simple"},"acf":[],"yoast_head":"<!-- This site is optimized with the Yoast SEO plugin v26.2 - https:\/\/yoast.com\/wordpress\/plugins\/seo\/ -->\n<title>Akuga muruniiduk KS 33LM-20V - Genekas24<\/title>\n<meta name=\"robots\" content=\"index, follow, max-snippet:-1, max-image-preview:large, max-video-preview:-1\" \/>\n<link rel=\"canonical\" href=\"https:\/\/staging.genekas24.ee\/fi\/tuote\/akuga-muruniiduk-ks-33lm-20v\/\" \/>\n<meta property=\"og:locale\" content=\"fi_FI\" \/>\n<meta property=\"og:type\" content=\"article\" \/>\n<meta property=\"og:title\" content=\"Akuga muruniiduk KS 33LM-20V - Genekas24\" \/>\n<meta property=\"og:description\" content=\"Nimipinge, V 20   Soovitatav aku mahtuvus 2 Ah, 4 Ah   Aku ja laadija ei kuulu komplekti   Mootori t\u00fc\u00fcp Harjadeta mootor   T\u00fchik\u00e4igu kiirus, p\/min 3200   M\u00fcra tase Lpa (7m)\/Lwa, dB 71\/96   Reguleeritava k\u00f5rgusega asend 25-75 mm (5 positsiooni)   L\u00f5ikamisv\u00f5imekus, mm 330   Mult\u0161imisfunktsioon +   \u00dcldm\u00f5\u00f5tmed (PxLxK), mm 690\u00d7410\u00d7330   Netokaal, kg 9.5   Kogukaal, kg 11.2   SKU KS 33LM-20V   EAN 4260405367047    *Aku ja laadija ei kuulu komplekti\" \/>\n<meta property=\"og:url\" content=\"https:\/\/staging.genekas24.ee\/fi\/tuote\/akuga-muruniiduk-ks-33lm-20v\/\" \/>\n<meta property=\"og:site_name\" content=\"Genekas24\" \/>\n<meta property=\"article:modified_time\" content=\"2026-01-06T09:36:53+00:00\" \/>\n<meta property=\"og:image\" content=\"https:\/\/staging.genekas24.ee\/wp-content\/uploads\/2025\/12\/KS_33LM-20V_1.webp\" \/>\n\t<meta property=\"og:image:width\" content=\"1600\" \/>\n\t<meta property=\"og:image:height\" content=\"1600\" \/>\n\t<meta property=\"og:image:type\" content=\"image\/webp\" \/>\n<meta name=\"twitter:card\" content=\"summary_large_image\" \/>\n<meta name=\"twitter:label1\" content=\"Arvioitu lukuaika\" \/>\n\t<meta name=\"twitter:data1\" content=\"3 minuuttia\" \/>\n<script type=\"application\/ld+json\" class=\"yoast-schema-graph\">{\"@context\":\"https:\/\/schema.org\",\"@graph\":[{\"@type\":\"WebPage\",\"@id\":\"https:\/\/staging.genekas24.ee\/toode\/akuga-muruniiduk-ks-33lm-20v\/\",\"url\":\"https:\/\/staging.genekas24.ee\/toode\/akuga-muruniiduk-ks-33lm-20v\/\",\"name\":\"Akuga muruniiduk KS 33LM-20V - Genekas24\",\"isPartOf\":{\"@id\":\"https:\/\/staging.genekas24.ee\/#website\"},\"primaryImageOfPage\":{\"@id\":\"https:\/\/staging.genekas24.ee\/toode\/akuga-muruniiduk-ks-33lm-20v\/#primaryimage\"},\"image\":{\"@id\":\"https:\/\/staging.genekas24.ee\/toode\/akuga-muruniiduk-ks-33lm-20v\/#primaryimage\"},\"thumbnailUrl\":\"https:\/\/staging.genekas24.ee\/wp-content\/uploads\/2025\/12\/KS_33LM-20V_1.webp\",\"datePublished\":\"2026-01-06T09:36:51+00:00\",\"dateModified\":\"2026-01-06T09:36:53+00:00\",\"breadcrumb\":{\"@id\":\"https:\/\/staging.genekas24.ee\/toode\/akuga-muruniiduk-ks-33lm-20v\/#breadcrumb\"},\"inLanguage\":\"fi\",\"potentialAction\":[{\"@type\":\"ReadAction\",\"target\":[\"https:\/\/staging.genekas24.ee\/toode\/akuga-muruniiduk-ks-33lm-20v\/\"]}]},{\"@type\":\"ImageObject\",\"inLanguage\":\"fi\",\"@id\":\"https:\/\/staging.genekas24.ee\/toode\/akuga-muruniiduk-ks-33lm-20v\/#primaryimage\",\"url\":\"https:\/\/staging.genekas24.ee\/wp-content\/uploads\/2025\/12\/KS_33LM-20V_1.webp\",\"contentUrl\":\"https:\/\/staging.genekas24.ee\/wp-content\/uploads\/2025\/12\/KS_33LM-20V_1.webp\",\"width\":1600,\"height\":1600},{\"@type\":\"BreadcrumbList\",\"@id\":\"https:\/\/staging.genekas24.ee\/toode\/akuga-muruniiduk-ks-33lm-20v\/#breadcrumb\",\"itemListElement\":[{\"@type\":\"ListItem\",\"position\":1,\"name\":\"Home\",\"item\":\"https:\/\/staging.genekas24.ee\/\"},{\"@type\":\"ListItem\",\"position\":2,\"name\":\"Pood\",\"item\":\"https:\/\/staging.genekas24.ee\/pood\/\"},{\"@type\":\"ListItem\",\"position\":3,\"name\":\"Akuga muruniiduk KS 33LM-20V\"}]},{\"@type\":\"WebSite\",\"@id\":\"https:\/\/staging.genekas24.ee\/#website\",\"url\":\"https:\/\/staging.genekas24.ee\/\",\"name\":\"Genekas24\",\"description\":\"Generaatorid | K&ouml;nner S&ouml;hnen tooted | Genekas24\",\"publisher\":{\"@id\":\"https:\/\/staging.genekas24.ee\/#organization\"},\"potentialAction\":[{\"@type\":\"SearchAction\",\"target\":{\"@type\":\"EntryPoint\",\"urlTemplate\":\"https:\/\/staging.genekas24.ee\/?s={search_term_string}\"},\"query-input\":{\"@type\":\"PropertyValueSpecification\",\"valueRequired\":true,\"valueName\":\"search_term_string\"}}],\"inLanguage\":\"fi\"},{\"@type\":\"Organization\",\"@id\":\"https:\/\/staging.genekas24.ee\/#organization\",\"name\":\"Genekas24\",\"url\":\"https:\/\/staging.genekas24.ee\/\",\"logo\":{\"@type\":\"ImageObject\",\"inLanguage\":\"fi\",\"@id\":\"https:\/\/staging.genekas24.ee\/#\/schema\/logo\/image\/\",\"url\":\"https:\/\/staging.genekas24.ee\/wp-content\/uploads\/2026\/01\/genekas24-logo_black.svg\",\"contentUrl\":\"https:\/\/staging.genekas24.ee\/wp-content\/uploads\/2026\/01\/genekas24-logo_black.svg\",\"width\":840,\"height\":131,\"caption\":\"Genekas24\"},\"image\":{\"@id\":\"https:\/\/staging.genekas24.ee\/#\/schema\/logo\/image\/\"}}]}<\/script>\n<!-- \/ Yoast SEO plugin. -->","yoast_head_json":{"title":"Akuga muruniiduk KS 33LM-20V - Genekas24","robots":{"index":"index","follow":"follow","max-snippet":"max-snippet:-1","max-image-preview":"max-image-preview:large","max-video-preview":"max-video-preview:-1"},"canonical":"https:\/\/staging.genekas24.ee\/fi\/tuote\/akuga-muruniiduk-ks-33lm-20v\/","og_locale":"fi_FI","og_type":"article","og_title":"Akuga muruniiduk KS 33LM-20V - Genekas24","og_description":"Nimipinge, V 20   Soovitatav aku mahtuvus 2 Ah, 4 Ah   Aku ja laadija ei kuulu komplekti   Mootori t\u00fc\u00fcp Harjadeta mootor   T\u00fchik\u00e4igu kiirus, p\/min 3200   M\u00fcra tase Lpa (7m)\/Lwa, dB 71\/96   Reguleeritava k\u00f5rgusega asend 25-75 mm (5 positsiooni)   L\u00f5ikamisv\u00f5imekus, mm 330   Mult\u0161imisfunktsioon +   \u00dcldm\u00f5\u00f5tmed (PxLxK), mm 690\u00d7410\u00d7330   Netokaal, kg 9.5   Kogukaal, kg 11.2   SKU KS 33LM-20V   EAN 4260405367047    *Aku ja laadija ei kuulu komplekti","og_url":"https:\/\/staging.genekas24.ee\/fi\/tuote\/akuga-muruniiduk-ks-33lm-20v\/","og_site_name":"Genekas24","article_modified_time":"2026-01-06T09:36:53+00:00","og_image":[{"width":1600,"height":1600,"url":"https:\/\/staging.genekas24.ee\/wp-content\/uploads\/2025\/12\/KS_33LM-20V_1.webp","type":"image\/webp"}],"twitter_card":"summary_large_image","twitter_misc":{"Arvioitu lukuaika":"3 minuuttia"},"schema":{"@context":"https:\/\/schema.org","@graph":[{"@type":"WebPage","@id":"https:\/\/staging.genekas24.ee\/toode\/akuga-muruniiduk-ks-33lm-20v\/","url":"https:\/\/staging.genekas24.ee\/toode\/akuga-muruniiduk-ks-33lm-20v\/","name":"Akuga muruniiduk KS 33LM-20V - Genekas24","isPartOf":{"@id":"https:\/\/staging.genekas24.ee\/#website"},"primaryImageOfPage":{"@id":"https:\/\/staging.genekas24.ee\/toode\/akuga-muruniiduk-ks-33lm-20v\/#primaryimage"},"image":{"@id":"https:\/\/staging.genekas24.ee\/toode\/akuga-muruniiduk-ks-33lm-20v\/#primaryimage"},"thumbnailUrl":"https:\/\/staging.genekas24.ee\/wp-content\/uploads\/2025\/12\/KS_33LM-20V_1.webp","datePublished":"2026-01-06T09:36:51+00:00","dateModified":"2026-01-06T09:36:53+00:00","breadcrumb":{"@id":"https:\/\/staging.genekas24.ee\/toode\/akuga-muruniiduk-ks-33lm-20v\/#breadcrumb"},"inLanguage":"fi","potentialAction":[{"@type":"ReadAction","target":["https:\/\/staging.genekas24.ee\/toode\/akuga-muruniiduk-ks-33lm-20v\/"]}]},{"@type":"ImageObject","inLanguage":"fi","@id":"https:\/\/staging.genekas24.ee\/toode\/akuga-muruniiduk-ks-33lm-20v\/#primaryimage","url":"https:\/\/staging.genekas24.ee\/wp-content\/uploads\/2025\/12\/KS_33LM-20V_1.webp","contentUrl":"https:\/\/staging.genekas24.ee\/wp-content\/uploads\/2025\/12\/KS_33LM-20V_1.webp","width":1600,"height":1600},{"@type":"BreadcrumbList","@id":"https:\/\/staging.genekas24.ee\/toode\/akuga-muruniiduk-ks-33lm-20v\/#breadcrumb","itemListElement":[{"@type":"ListItem","position":1,"name":"Home","item":"https:\/\/staging.genekas24.ee\/"},{"@type":"ListItem","position":2,"name":"Pood","item":"https:\/\/staging.genekas24.ee\/pood\/"},{"@type":"ListItem","position":3,"name":"Akuga muruniiduk KS 33LM-20V"}]},{"@type":"WebSite","@id":"https:\/\/staging.genekas24.ee\/#website","url":"https:\/\/staging.genekas24.ee\/","name":"Genekas24","description":"Generaatorid | K&ouml;nner S&ouml;hnen tooted | Genekas24","publisher":{"@id":"https:\/\/staging.genekas24.ee\/#organization"},"potentialAction":[{"@type":"SearchAction","target":{"@type":"EntryPoint","urlTemplate":"https:\/\/staging.genekas24.ee\/?s={search_term_string}"},"query-input":{"@type":"PropertyValueSpecification","valueRequired":true,"valueName":"search_term_string"}}],"inLanguage":"fi"},{"@type":"Organization","@id":"https:\/\/staging.genekas24.ee\/#organization","name":"Genekas24","url":"https:\/\/staging.genekas24.ee\/","logo":{"@type":"ImageObject","inLanguage":"fi","@id":"https:\/\/staging.genekas24.ee\/#\/schema\/logo\/image\/","url":"https:\/\/staging.genekas24.ee\/wp-content\/uploads\/2026\/01\/genekas24-logo_black.svg","contentUrl":"https:\/\/staging.genekas24.ee\/wp-content\/uploads\/2026\/01\/genekas24-logo_black.svg","width":840,"height":131,"caption":"Genekas24"},"image":{"@id":"https:\/\/staging.genekas24.ee\/#\/schema\/logo\/image\/"}}]}},"_links":{"self":[{"href":"https:\/\/staging.genekas24.ee\/fi\/wp-json\/wp\/v2\/product\/21643","targetHints":{"allow":["GET"]}}],"collection":[{"href":"https:\/\/staging.genekas24.ee\/fi\/wp-json\/wp\/v2\/product"}],"about":[{"href":"https:\/\/staging.genekas24.ee\/fi\/wp-json\/wp\/v2\/types\/product"}],"version-history":[{"count":3,"href":"https:\/\/staging.genekas24.ee\/fi\/wp-json\/wp\/v2\/product\/21643\/revisions"}],"predecessor-version":[{"id":21655,"href":"https:\/\/staging.genekas24.ee\/fi\/wp-json\/wp\/v2\/product\/21643\/revisions\/21655"}],"wp:featuredmedia":[{"embeddable":true,"href":"https:\/\/staging.genekas24.ee\/fi\/wp-json\/wp\/v2\/media\/21644"}],"wp:attachment":[{"href":"https:\/\/staging.genekas24.ee\/fi\/wp-json\/wp\/v2\/media?parent=21643"}],"wp:term":[{"taxonomy":"product_brand","embeddable":true,"href":"https:\/\/staging.genekas24.ee\/fi\/wp-json\/wp\/v2\/product_brand?post=21643"},{"taxonomy":"product_cat","embeddable":true,"href":"https:\/\/staging.genekas24.ee\/fi\/wp-json\/wp\/v2\/product_cat?post=21643"},{"taxonomy":"product_tag","embeddable":true,"href":"https:\/\/staging.genekas24.ee\/fi\/wp-json\/wp\/v2\/product_tag?post=21643"}],"curies":[{"name":"wp","href":"https:\/\/api.w.org\/{rel}","templated":true}]}}