{"id":21626,"date":"2025-12-23T09:47:31","date_gmt":"2025-12-23T09:47:31","guid":{"rendered":"https:\/\/staging.genekas24.ee\/?post_type=product&#038;p=21626"},"modified":"2026-01-07T13:06:31","modified_gmt":"2026-01-07T13:06:31","slug":"bensiinimuldur-ks-4hp-70","status":"publish","type":"product","link":"https:\/\/staging.genekas24.ee\/fi\/tuote\/bensiinimuldur-ks-4hp-70\/","title":{"rendered":"Bensiiniga mullafrees KS 4HP-70"},"content":{"rendered":"<p>K\u00f6nner &amp; S\u00f6hnen\u00ae mullafreesid on praktilised, usaldusv\u00e4\u00e4rsed ja multifunktsionaalsed p\u00f5llumajandusmasinad erineva k\u00f5vadusega pinnase t\u00f6\u00f6tlemiseks. Mugav juhtimine, v\u00f5imsad mootorid ja vastupidavad lisaseadmed tagavad k\u00f5rge tootlikkuse ja t\u00f6\u00f6kindluse isegi k\u00f5ige keerulisemates tingimustes.<\/p>\n<p>&nbsp;<\/p>\n<p>&nbsp;<\/p>\n<table style=\"border-collapse: collapse; width: 100%; height: 1506px;\">\n<tbody>\n<tr style=\"height: 200px;\">\n<td style=\"width: 14.5908%; height: 200px;\"><img fetchpriority=\"high\" decoding=\"async\" src=\"https:\/\/konner-sohnen.ee\/cdn\/shop\/files\/cultivator-engine.png?v=1723486270&amp;width=500\" alt=\"ks-4HP-70 mootor\" width=\"500\" height=\"500\" \/><\/td>\n<td style=\"width: 85.4092%; height: 200px;\">\n<div class=\"feature-content active\" data-target=\"featureContent-1\">\n<div class=\"left\">\n<div class=\"feature-content active\" data-target=\"featureContent-1\">\n<div class=\"left\">\n<h3>K\u00f5rge j\u00f5udlusega mootorid<\/h3>\n<\/div>\n<\/div>\n<\/div>\n<\/div>\n<div class=\"text-sm\">K\u00f5rge j\u00f5udlusega ja vastupidavad K&amp;S mootorid vastavad k\u00f5igile Euroopa kvaliteedistandarditele, sealhulgas uusimatele EURO V heitmestandarditele. Igal mootoril on oma individuaalne seerianumber, mis v\u00f5imaldab meil kontrollida tootmise ja teeninduse kvaliteeti.<\/div>\n<\/td>\n<\/tr>\n<tr style=\"height: 200px;\">\n<td style=\"width: 14.5908%; height: 200px;\"><img decoding=\"async\" src=\"https:\/\/konner-sohnen.ee\/cdn\/shop\/files\/KS-4HP-70_handles.png?v=1723486280&amp;width=500\" alt=\"juhtpaneel\" width=\"500\" height=\"500\" \/><\/td>\n<td style=\"width: 85.4092%; height: 200px;\">\n<h3>Ergonoomiline juhtpaneel<\/h3>\n<div class=\"text-sm\">Ergonoomiline juhtpaneel v\u00f5imaldab teil mullafreesi kiiresti juhtida ja h\u00f5lpsasti man\u00f6\u00f6verdada. K\u00e4epidemed on vertikaalselt reguleeritavad.<\/div>\n<\/td>\n<\/tr>\n<tr style=\"height: 200px;\">\n<td style=\"width: 14.5908%; height: 200px;\"><img decoding=\"async\" src=\"https:\/\/konner-sohnen.ee\/cdn\/shop\/files\/KS-4HP-70_blades.png?v=1723486278&amp;width=500\" alt=\"l\u00f5ikurid\" width=\"500\" height=\"500\" \/><\/td>\n<td style=\"width: 85.4092%; height: 200px;\">\n<h3>Sepistatud l\u00f5ikurid<\/h3>\n<div class=\"text-sm\">\n<div class=\"text-sm\">Sepistatud m\u00f5\u00f5gakujuliste l\u00f5ikuritega kultivaator sobib igat t\u00fc\u00fcpi pinnasele, nii neitsilikule kui ka h\u00e4sti hooldatud pinnasele. Need on varustatud kaitsekilpidega.<\/div>\n<\/div>\n<\/td>\n<\/tr>\n<tr style=\"height: 200px;\">\n<td style=\"width: 14.5908%; height: 200px;\"><img loading=\"lazy\" decoding=\"async\" src=\"https:\/\/konner-sohnen.ee\/cdn\/shop\/files\/KS-4HP-70_wheel.png?v=1723486278&amp;width=500\" alt=\"ratas\" width=\"214\" height=\"213\" \/><\/td>\n<td style=\"width: 85.4092%; height: 200px;\">\n<h3>Transpordiratas<\/h3>\n<div class=\"text-sm\">\n<div class=\"text-sm\">\n<div class=\"text-sm\">Mudel on varustatud transpordirattaga k\u00f5ige mugavamaks transportimiseks. Ratas saab t\u00f6\u00f6tamise ajal h\u00f5lpsasti \u00fcles t\u00f5sta.<\/div>\n<\/div>\n<\/div>\n<\/td>\n<\/tr>\n<tr style=\"height: 200px;\">\n<td style=\"width: 14.5908%; height: 200px;\"><img loading=\"lazy\" decoding=\"async\" src=\"https:\/\/konner-sohnen.ee\/cdn\/shop\/files\/KS-4HP-70_engine.png?v=1723486279&amp;width=500\" alt=\"detailid\" width=\"500\" height=\"500\" \/><\/td>\n<td style=\"width: 85.4092%; height: 200px;\">\n<h3>Kvaliteet detailides<\/h3>\n<div class=\"text-sm\">\n<div class=\"text-sm\">K\u00f5ik \u00fchendused ja kinnitusdetailid on t\u00e4iuslikult l\u00e4bi m\u00f5eldud, projekteeritud ohutusvaruga pikaajaliseks ja mugavaks kultivaatori kasutamiseks. Need mudelid on varustatud t\u00e4iendava kaitsekraaniga, et v\u00e4ltida p\u00f5letusi.<\/div>\n<\/div>\n<\/td>\n<\/tr>\n<\/tbody>\n<\/table>","protected":false},"excerpt":{"rendered":"<table style=\"width: 63.125%; height: 539px;\">\n<tbody>\n<tr>\n<td>Moottorin malli<\/td>\n<td>KS 160<\/td>\n<\/tr>\n<tr>\n<td>Mootori v\u00f5imsus, hj<\/td>\n<td>5<\/td>\n<\/tr>\n<tr>\n<td>Mootori maht, cm\u00b3<\/td>\n<td>173<\/td>\n<\/tr>\n<tr>\n<td>Moottorityyppi<\/td>\n<td>Bensiin<\/td>\n<\/tr>\n<tr>\n<td>Kobestamise laius, cm<\/td>\n<td>50-70<\/td>\n<\/tr>\n<tr>\n<td>Kobestamise s\u00fcgavus, maks., cm<\/td>\n<td>\u2264 27<\/td>\n<\/tr>\n<tr>\n<td>Polttoaines\u00e4ili\u00f6n tilavuus, L<\/td>\n<td>1.5<\/td>\n<\/tr>\n<tr>\n<td>V\u00e4nda karteri maht, l<\/td>\n<td>0.6<\/td>\n<\/tr>\n<tr>\n<td>K\u00e4ikude arv<\/td>\n<td>1<\/td>\n<\/tr>\n<tr>\n<td>Reguleeritavad k\u00e4epidemed<\/td>\n<td>Vertikaalne<\/td>\n<\/tr>\n<tr>\n<td>Transpordirattad<\/td>\n<td>+<\/td>\n<\/tr>\n<tr>\n<td>M\u00fcra tase Lpa (7m)\/Lwa, dB<\/td>\n<td>68\/93<\/td>\n<\/tr>\n<tr>\n<td>Netom\u00f5\u00f5tmed (PxLxK), mm<\/td>\n<td>1350\u0445600\u0445800<\/td>\n<\/tr>\n<tr>\n<td>\u00dcldm\u00f5\u00f5tmed (PxLxK), mm<\/td>\n<td>680x380x650<\/td>\n<\/tr>\n<tr>\n<td>Nettopaino, kg<\/td>\n<td>36<\/td>\n<\/tr>\n<tr>\n<td>Kogukaal, kg<\/td>\n<td>40.0<\/td>\n<\/tr>\n<tr>\n<td>SKU<\/td>\n<td>KS 4HP-70<\/td>\n<\/tr>\n<tr>\n<td>EAN<\/td>\n<td>4260405363926<\/td>\n<\/tr>\n<\/tbody>\n<\/table>","protected":false},"featured_media":21627,"template":"","meta":{"_acf_changed":false,"inline_featured_image":false},"product_brand":[],"product_cat":[159,179,202,181,188],"product_tag":[],"class_list":{"0":"post-21626","1":"product","2":"type-product","3":"status-publish","4":"has-post-thumbnail","6":"product_cat-aiatooriistad","7":"product_cat-allahinnatud","8":"product_cat-bensiiniga-mullafreesid","9":"product_cat-laos-olemas","10":"product_cat-kultivaatorid","11":"product_shipping_class-euroalus","12":"brand-konner-sohnen","14":"first","15":"instock","16":"sale","17":"taxable","18":"shipping-taxable","19":"purchasable","20":"product-type-simple"},"acf":[],"yoast_head":"<!-- This site is optimized with the Yoast SEO plugin v26.2 - https:\/\/yoast.com\/wordpress\/plugins\/seo\/ -->\n<title>Bensiiniga mullafrees KS 4HP-70 - Genekas24<\/title>\n<meta name=\"robots\" content=\"index, follow, max-snippet:-1, max-image-preview:large, max-video-preview:-1\" \/>\n<link rel=\"canonical\" href=\"https:\/\/staging.genekas24.ee\/fi\/tuote\/bensiinimuldur-ks-4hp-70\/\" \/>\n<meta property=\"og:locale\" content=\"fi_FI\" \/>\n<meta property=\"og:type\" content=\"article\" \/>\n<meta property=\"og:title\" content=\"Bensiiniga mullafrees KS 4HP-70 - Genekas24\" \/>\n<meta property=\"og:description\" content=\"Mootori mudel KS 160   Mootori v\u00f5imsus, hj 5   Mootori maht, cm\u00b3 173   Mootori t\u00fc\u00fcp Bensiin   Kobestamise laius, cm 50-70   Kobestamise s\u00fcgavus, maks., cm \u2264 27   K\u00fctusepaagi maht, l 1.5   V\u00e4nda karteri maht, l 0.6   K\u00e4ikude arv 1   Reguleeritavad k\u00e4epidemed Vertikaalne   Transpordirattad +   M\u00fcra tase Lpa (7m)\/Lwa, dB 68\/93   Netom\u00f5\u00f5tmed (PxLxK), mm 1350\u0445600\u0445800   \u00dcldm\u00f5\u00f5tmed (PxLxK), mm 680x380x650   Netokaal, kg 36   Kogukaal, kg 40.0   SKU KS 4HP-70   EAN 4260405363926\" \/>\n<meta property=\"og:url\" content=\"https:\/\/staging.genekas24.ee\/fi\/tuote\/bensiinimuldur-ks-4hp-70\/\" \/>\n<meta property=\"og:site_name\" content=\"Genekas24\" \/>\n<meta property=\"article:modified_time\" content=\"2026-01-07T13:06:31+00:00\" \/>\n<meta property=\"og:image\" content=\"https:\/\/staging.genekas24.ee\/wp-content\/uploads\/2025\/12\/ks-4hp-70_01_d2860b36-da8c-49b1-b528-67c988d96e90.webp\" \/>\n\t<meta property=\"og:image:width\" content=\"1000\" \/>\n\t<meta property=\"og:image:height\" content=\"792\" \/>\n\t<meta property=\"og:image:type\" content=\"image\/webp\" \/>\n<meta name=\"twitter:card\" content=\"summary_large_image\" \/>\n<meta name=\"twitter:label1\" content=\"Arvioitu lukuaika\" \/>\n\t<meta name=\"twitter:data1\" content=\"2 minuuttia\" \/>\n<script type=\"application\/ld+json\" class=\"yoast-schema-graph\">{\"@context\":\"https:\/\/schema.org\",\"@graph\":[{\"@type\":\"WebPage\",\"@id\":\"https:\/\/staging.genekas24.ee\/toode\/bensiinimuldur-ks-4hp-70\/\",\"url\":\"https:\/\/staging.genekas24.ee\/toode\/bensiinimuldur-ks-4hp-70\/\",\"name\":\"Bensiiniga mullafrees KS 4HP-70 - Genekas24\",\"isPartOf\":{\"@id\":\"https:\/\/staging.genekas24.ee\/#website\"},\"primaryImageOfPage\":{\"@id\":\"https:\/\/staging.genekas24.ee\/toode\/bensiinimuldur-ks-4hp-70\/#primaryimage\"},\"image\":{\"@id\":\"https:\/\/staging.genekas24.ee\/toode\/bensiinimuldur-ks-4hp-70\/#primaryimage\"},\"thumbnailUrl\":\"https:\/\/staging.genekas24.ee\/wp-content\/uploads\/2025\/12\/ks-4hp-70_01_d2860b36-da8c-49b1-b528-67c988d96e90.webp\",\"datePublished\":\"2025-12-23T09:47:31+00:00\",\"dateModified\":\"2026-01-07T13:06:31+00:00\",\"breadcrumb\":{\"@id\":\"https:\/\/staging.genekas24.ee\/toode\/bensiinimuldur-ks-4hp-70\/#breadcrumb\"},\"inLanguage\":\"fi\",\"potentialAction\":[{\"@type\":\"ReadAction\",\"target\":[\"https:\/\/staging.genekas24.ee\/toode\/bensiinimuldur-ks-4hp-70\/\"]}]},{\"@type\":\"ImageObject\",\"inLanguage\":\"fi\",\"@id\":\"https:\/\/staging.genekas24.ee\/toode\/bensiinimuldur-ks-4hp-70\/#primaryimage\",\"url\":\"https:\/\/staging.genekas24.ee\/wp-content\/uploads\/2025\/12\/ks-4hp-70_01_d2860b36-da8c-49b1-b528-67c988d96e90.webp\",\"contentUrl\":\"https:\/\/staging.genekas24.ee\/wp-content\/uploads\/2025\/12\/ks-4hp-70_01_d2860b36-da8c-49b1-b528-67c988d96e90.webp\",\"width\":1000,\"height\":792},{\"@type\":\"BreadcrumbList\",\"@id\":\"https:\/\/staging.genekas24.ee\/toode\/bensiinimuldur-ks-4hp-70\/#breadcrumb\",\"itemListElement\":[{\"@type\":\"ListItem\",\"position\":1,\"name\":\"Home\",\"item\":\"https:\/\/staging.genekas24.ee\/\"},{\"@type\":\"ListItem\",\"position\":2,\"name\":\"Pood\",\"item\":\"https:\/\/staging.genekas24.ee\/pood\/\"},{\"@type\":\"ListItem\",\"position\":3,\"name\":\"Bensiiniga mullafrees KS 4HP-70\"}]},{\"@type\":\"WebSite\",\"@id\":\"https:\/\/staging.genekas24.ee\/#website\",\"url\":\"https:\/\/staging.genekas24.ee\/\",\"name\":\"Genekas24\",\"description\":\"Generaatorid | K&ouml;nner S&ouml;hnen tooted | Genekas24\",\"publisher\":{\"@id\":\"https:\/\/staging.genekas24.ee\/#organization\"},\"potentialAction\":[{\"@type\":\"SearchAction\",\"target\":{\"@type\":\"EntryPoint\",\"urlTemplate\":\"https:\/\/staging.genekas24.ee\/?s={search_term_string}\"},\"query-input\":{\"@type\":\"PropertyValueSpecification\",\"valueRequired\":true,\"valueName\":\"search_term_string\"}}],\"inLanguage\":\"fi\"},{\"@type\":\"Organization\",\"@id\":\"https:\/\/staging.genekas24.ee\/#organization\",\"name\":\"Genekas24\",\"url\":\"https:\/\/staging.genekas24.ee\/\",\"logo\":{\"@type\":\"ImageObject\",\"inLanguage\":\"fi\",\"@id\":\"https:\/\/staging.genekas24.ee\/#\/schema\/logo\/image\/\",\"url\":\"https:\/\/staging.genekas24.ee\/wp-content\/uploads\/2026\/01\/genekas24-logo_black.svg\",\"contentUrl\":\"https:\/\/staging.genekas24.ee\/wp-content\/uploads\/2026\/01\/genekas24-logo_black.svg\",\"width\":840,\"height\":131,\"caption\":\"Genekas24\"},\"image\":{\"@id\":\"https:\/\/staging.genekas24.ee\/#\/schema\/logo\/image\/\"}}]}<\/script>\n<!-- \/ Yoast SEO plugin. -->","yoast_head_json":{"title":"Bensiiniga mullafrees KS 4HP-70 - Genekas24","robots":{"index":"index","follow":"follow","max-snippet":"max-snippet:-1","max-image-preview":"max-image-preview:large","max-video-preview":"max-video-preview:-1"},"canonical":"https:\/\/staging.genekas24.ee\/fi\/tuote\/bensiinimuldur-ks-4hp-70\/","og_locale":"fi_FI","og_type":"article","og_title":"Bensiiniga mullafrees KS 4HP-70 - Genekas24","og_description":"Mootori mudel KS 160   Mootori v\u00f5imsus, hj 5   Mootori maht, cm\u00b3 173   Mootori t\u00fc\u00fcp Bensiin   Kobestamise laius, cm 50-70   Kobestamise s\u00fcgavus, maks., cm \u2264 27   K\u00fctusepaagi maht, l 1.5   V\u00e4nda karteri maht, l 0.6   K\u00e4ikude arv 1   Reguleeritavad k\u00e4epidemed Vertikaalne   Transpordirattad +   M\u00fcra tase Lpa (7m)\/Lwa, dB 68\/93   Netom\u00f5\u00f5tmed (PxLxK), mm 1350\u0445600\u0445800   \u00dcldm\u00f5\u00f5tmed (PxLxK), mm 680x380x650   Netokaal, kg 36   Kogukaal, kg 40.0   SKU KS 4HP-70   EAN 4260405363926","og_url":"https:\/\/staging.genekas24.ee\/fi\/tuote\/bensiinimuldur-ks-4hp-70\/","og_site_name":"Genekas24","article_modified_time":"2026-01-07T13:06:31+00:00","og_image":[{"width":1000,"height":792,"url":"https:\/\/staging.genekas24.ee\/wp-content\/uploads\/2025\/12\/ks-4hp-70_01_d2860b36-da8c-49b1-b528-67c988d96e90.webp","type":"image\/webp"}],"twitter_card":"summary_large_image","twitter_misc":{"Arvioitu lukuaika":"2 minuuttia"},"schema":{"@context":"https:\/\/schema.org","@graph":[{"@type":"WebPage","@id":"https:\/\/staging.genekas24.ee\/toode\/bensiinimuldur-ks-4hp-70\/","url":"https:\/\/staging.genekas24.ee\/toode\/bensiinimuldur-ks-4hp-70\/","name":"Bensiiniga mullafrees KS 4HP-70 - Genekas24","isPartOf":{"@id":"https:\/\/staging.genekas24.ee\/#website"},"primaryImageOfPage":{"@id":"https:\/\/staging.genekas24.ee\/toode\/bensiinimuldur-ks-4hp-70\/#primaryimage"},"image":{"@id":"https:\/\/staging.genekas24.ee\/toode\/bensiinimuldur-ks-4hp-70\/#primaryimage"},"thumbnailUrl":"https:\/\/staging.genekas24.ee\/wp-content\/uploads\/2025\/12\/ks-4hp-70_01_d2860b36-da8c-49b1-b528-67c988d96e90.webp","datePublished":"2025-12-23T09:47:31+00:00","dateModified":"2026-01-07T13:06:31+00:00","breadcrumb":{"@id":"https:\/\/staging.genekas24.ee\/toode\/bensiinimuldur-ks-4hp-70\/#breadcrumb"},"inLanguage":"fi","potentialAction":[{"@type":"ReadAction","target":["https:\/\/staging.genekas24.ee\/toode\/bensiinimuldur-ks-4hp-70\/"]}]},{"@type":"ImageObject","inLanguage":"fi","@id":"https:\/\/staging.genekas24.ee\/toode\/bensiinimuldur-ks-4hp-70\/#primaryimage","url":"https:\/\/staging.genekas24.ee\/wp-content\/uploads\/2025\/12\/ks-4hp-70_01_d2860b36-da8c-49b1-b528-67c988d96e90.webp","contentUrl":"https:\/\/staging.genekas24.ee\/wp-content\/uploads\/2025\/12\/ks-4hp-70_01_d2860b36-da8c-49b1-b528-67c988d96e90.webp","width":1000,"height":792},{"@type":"BreadcrumbList","@id":"https:\/\/staging.genekas24.ee\/toode\/bensiinimuldur-ks-4hp-70\/#breadcrumb","itemListElement":[{"@type":"ListItem","position":1,"name":"Home","item":"https:\/\/staging.genekas24.ee\/"},{"@type":"ListItem","position":2,"name":"Pood","item":"https:\/\/staging.genekas24.ee\/pood\/"},{"@type":"ListItem","position":3,"name":"Bensiiniga mullafrees KS 4HP-70"}]},{"@type":"WebSite","@id":"https:\/\/staging.genekas24.ee\/#website","url":"https:\/\/staging.genekas24.ee\/","name":"Genekas24","description":"Generaatorid | K&ouml;nner S&ouml;hnen tooted | Genekas24","publisher":{"@id":"https:\/\/staging.genekas24.ee\/#organization"},"potentialAction":[{"@type":"SearchAction","target":{"@type":"EntryPoint","urlTemplate":"https:\/\/staging.genekas24.ee\/?s={search_term_string}"},"query-input":{"@type":"PropertyValueSpecification","valueRequired":true,"valueName":"search_term_string"}}],"inLanguage":"fi"},{"@type":"Organization","@id":"https:\/\/staging.genekas24.ee\/#organization","name":"Genekas24","url":"https:\/\/staging.genekas24.ee\/","logo":{"@type":"ImageObject","inLanguage":"fi","@id":"https:\/\/staging.genekas24.ee\/#\/schema\/logo\/image\/","url":"https:\/\/staging.genekas24.ee\/wp-content\/uploads\/2026\/01\/genekas24-logo_black.svg","contentUrl":"https:\/\/staging.genekas24.ee\/wp-content\/uploads\/2026\/01\/genekas24-logo_black.svg","width":840,"height":131,"caption":"Genekas24"},"image":{"@id":"https:\/\/staging.genekas24.ee\/#\/schema\/logo\/image\/"}}]}},"_links":{"self":[{"href":"https:\/\/staging.genekas24.ee\/fi\/wp-json\/wp\/v2\/product\/21626","targetHints":{"allow":["GET"]}}],"collection":[{"href":"https:\/\/staging.genekas24.ee\/fi\/wp-json\/wp\/v2\/product"}],"about":[{"href":"https:\/\/staging.genekas24.ee\/fi\/wp-json\/wp\/v2\/types\/product"}],"version-history":[{"count":2,"href":"https:\/\/staging.genekas24.ee\/fi\/wp-json\/wp\/v2\/product\/21626\/revisions"}],"predecessor-version":[{"id":21931,"href":"https:\/\/staging.genekas24.ee\/fi\/wp-json\/wp\/v2\/product\/21626\/revisions\/21931"}],"wp:featuredmedia":[{"embeddable":true,"href":"https:\/\/staging.genekas24.ee\/fi\/wp-json\/wp\/v2\/media\/21627"}],"wp:attachment":[{"href":"https:\/\/staging.genekas24.ee\/fi\/wp-json\/wp\/v2\/media?parent=21626"}],"wp:term":[{"taxonomy":"product_brand","embeddable":true,"href":"https:\/\/staging.genekas24.ee\/fi\/wp-json\/wp\/v2\/product_brand?post=21626"},{"taxonomy":"product_cat","embeddable":true,"href":"https:\/\/staging.genekas24.ee\/fi\/wp-json\/wp\/v2\/product_cat?post=21626"},{"taxonomy":"product_tag","embeddable":true,"href":"https:\/\/staging.genekas24.ee\/fi\/wp-json\/wp\/v2\/product_tag?post=21626"}],"curies":[{"name":"wp","href":"https:\/\/api.w.org\/{rel}","templated":true}]}}