{"id":21556,"date":"2025-12-18T08:50:50","date_gmt":"2025-12-18T08:50:50","guid":{"rendered":"https:\/\/staging.genekas24.ee\/?post_type=product&#038;p=21556"},"modified":"2025-12-18T09:08:23","modified_gmt":"2025-12-18T09:08:23","slug":"kettsae-kett-ks-28fc66","status":"publish","type":"product","link":"https:\/\/staging.genekas24.ee\/fi\/tuote\/kettsae-kett-ks-28fc66\/","title":{"rendered":"Kettsae kett KS 28FC66"},"content":{"rendered":"<p>K\u00f6nner &amp; S\u00f6hnen\u00ae saagide ketid on valmistatud kaasaegse tehnoloogia abil ja on tehtud k\u00f5rge legeerterase kroom-nikkel terasest.<\/p>\n<p>K\u00f5rge j\u00f5udlusega ketid professionaalseks kasutamiseks, sobivad nii pehmele kui ka k\u00f5vale puidule. L\u00f5ikehamba peitlikujuline kuju tagab kiire ja mugava l\u00f5ikamise. K\u00f6nner &amp; S\u00f6hnen\u00ae ketid on l\u00f5ikehammaste k\u00f5va kroomkattega, mis suurendab kulumiskindlust ja pikendab kasutusiga.<\/p>","protected":false},"excerpt":{"rendered":"<table>\n<tbody>\n<tr>\n<td>Pikkus, cm<\/td>\n<td>40 (16&#8243;)<\/td>\n<\/tr>\n<tr>\n<td>Keti veohambad<\/td>\n<td>66<\/td>\n<\/tr>\n<tr>\n<td>Keti samm<\/td>\n<td>0.325&#8243;<\/td>\n<\/tr>\n<tr>\n<td>Soone laius, mm<\/td>\n<td>1.5 (.058&#8243;)<\/td>\n<\/tr>\n<tr>\n<td>Sobib<\/td>\n<td>KS CS31G-16, KS CS21G-16<\/td>\n<\/tr>\n<tr>\n<td>SKU<\/td>\n<td>KS 28FC66<\/td>\n<\/tr>\n<tr>\n<td>V\u00f6\u00f6tkood<\/td>\n<td>4260405367887<\/td>\n<\/tr>\n<\/tbody>\n<\/table>\n<div class=\"below-spec-info\">\n<div class=\"metafield-rich_text_field\">\n<p><em><span style=\"font-size: 10pt;\">Enne tellimist veenduge, et teie t\u00f6\u00f6riista mudeliga on t\u00e4ielik \u00fchilduvus, v\u00f5rrelge spetsifikatsioone nagu ketisamm, ketipikkus ja muud parameetrid.<\/span><\/em><\/p>\n<\/div>\n<\/div>","protected":false},"featured_media":21557,"template":"","meta":{"_acf_changed":false,"inline_featured_image":false},"product_brand":[],"product_cat":[159,182,186],"product_tag":[],"class_list":{"0":"post-21556","1":"product","2":"type-product","3":"status-publish","4":"has-post-thumbnail","6":"product_cat-aiatooriistad","7":"product_cat-saed","8":"product_cat-saetarvikud","9":"product_shipping_class-vaikepakk","10":"brand-konner-sohnen","12":"first","13":"instock","14":"taxable","15":"shipping-taxable","16":"purchasable","17":"product-type-simple"},"acf":[],"yoast_head":"<!-- This site is optimized with the Yoast SEO plugin v26.2 - https:\/\/yoast.com\/wordpress\/plugins\/seo\/ -->\n<title>Kettsae kett KS 28FC66 - Genekas24<\/title>\n<meta name=\"robots\" content=\"index, follow, max-snippet:-1, max-image-preview:large, max-video-preview:-1\" \/>\n<link rel=\"canonical\" href=\"https:\/\/staging.genekas24.ee\/fi\/tuote\/kettsae-kett-ks-28fc66\/\" \/>\n<meta property=\"og:locale\" content=\"fi_FI\" \/>\n<meta property=\"og:type\" content=\"article\" \/>\n<meta property=\"og:title\" content=\"Kettsae kett KS 28FC66 - Genekas24\" \/>\n<meta property=\"og:description\" content=\"Pikkus, cm 40 (16&quot;)   Keti veohambad 66   Keti samm 0.325&quot;   Soone laius, mm 1.5 (.058&quot;)   Sobib KS CS31G-16, KS CS21G-16   SKU KS 28FC66   V\u00f6\u00f6tkood 4260405367887       Enne tellimist veenduge, et teie t\u00f6\u00f6riista mudeliga on t\u00e4ielik \u00fchilduvus, v\u00f5rrelge spetsifikatsioone nagu ketisamm, ketipikkus ja muud parameetrid.\" \/>\n<meta property=\"og:url\" content=\"https:\/\/staging.genekas24.ee\/fi\/tuote\/kettsae-kett-ks-28fc66\/\" \/>\n<meta property=\"og:site_name\" content=\"Genekas24\" \/>\n<meta property=\"article:modified_time\" content=\"2025-12-18T09:08:23+00:00\" \/>\n<meta property=\"og:image\" content=\"https:\/\/staging.genekas24.ee\/wp-content\/uploads\/2025\/12\/chain-16-ks28fc66-2_b9cd6282-9ad2-46e1-ad07-d0c6ebd94b89.webp\" \/>\n\t<meta property=\"og:image:width\" content=\"1600\" \/>\n\t<meta property=\"og:image:height\" content=\"1600\" \/>\n\t<meta property=\"og:image:type\" content=\"image\/webp\" \/>\n<meta name=\"twitter:card\" content=\"summary_large_image\" \/>\n<meta name=\"twitter:label1\" content=\"Arvioitu lukuaika\" \/>\n\t<meta name=\"twitter:data1\" content=\"1 minuutti\" \/>\n<script type=\"application\/ld+json\" class=\"yoast-schema-graph\">{\"@context\":\"https:\/\/schema.org\",\"@graph\":[{\"@type\":\"WebPage\",\"@id\":\"https:\/\/staging.genekas24.ee\/toode\/kettsae-kett-ks-28fc66\/\",\"url\":\"https:\/\/staging.genekas24.ee\/toode\/kettsae-kett-ks-28fc66\/\",\"name\":\"Kettsae kett KS 28FC66 - Genekas24\",\"isPartOf\":{\"@id\":\"https:\/\/staging.genekas24.ee\/#website\"},\"primaryImageOfPage\":{\"@id\":\"https:\/\/staging.genekas24.ee\/toode\/kettsae-kett-ks-28fc66\/#primaryimage\"},\"image\":{\"@id\":\"https:\/\/staging.genekas24.ee\/toode\/kettsae-kett-ks-28fc66\/#primaryimage\"},\"thumbnailUrl\":\"https:\/\/staging.genekas24.ee\/wp-content\/uploads\/2025\/12\/chain-16-ks28fc66-2_b9cd6282-9ad2-46e1-ad07-d0c6ebd94b89.webp\",\"datePublished\":\"2025-12-18T08:50:50+00:00\",\"dateModified\":\"2025-12-18T09:08:23+00:00\",\"breadcrumb\":{\"@id\":\"https:\/\/staging.genekas24.ee\/toode\/kettsae-kett-ks-28fc66\/#breadcrumb\"},\"inLanguage\":\"fi\",\"potentialAction\":[{\"@type\":\"ReadAction\",\"target\":[\"https:\/\/staging.genekas24.ee\/toode\/kettsae-kett-ks-28fc66\/\"]}]},{\"@type\":\"ImageObject\",\"inLanguage\":\"fi\",\"@id\":\"https:\/\/staging.genekas24.ee\/toode\/kettsae-kett-ks-28fc66\/#primaryimage\",\"url\":\"https:\/\/staging.genekas24.ee\/wp-content\/uploads\/2025\/12\/chain-16-ks28fc66-2_b9cd6282-9ad2-46e1-ad07-d0c6ebd94b89.webp\",\"contentUrl\":\"https:\/\/staging.genekas24.ee\/wp-content\/uploads\/2025\/12\/chain-16-ks28fc66-2_b9cd6282-9ad2-46e1-ad07-d0c6ebd94b89.webp\",\"width\":1600,\"height\":1600},{\"@type\":\"BreadcrumbList\",\"@id\":\"https:\/\/staging.genekas24.ee\/toode\/kettsae-kett-ks-28fc66\/#breadcrumb\",\"itemListElement\":[{\"@type\":\"ListItem\",\"position\":1,\"name\":\"Home\",\"item\":\"https:\/\/staging.genekas24.ee\/\"},{\"@type\":\"ListItem\",\"position\":2,\"name\":\"Pood\",\"item\":\"https:\/\/staging.genekas24.ee\/pood\/\"},{\"@type\":\"ListItem\",\"position\":3,\"name\":\"Kettsae kett KS 28FC66\"}]},{\"@type\":\"WebSite\",\"@id\":\"https:\/\/staging.genekas24.ee\/#website\",\"url\":\"https:\/\/staging.genekas24.ee\/\",\"name\":\"Genekas24\",\"description\":\"Generaatorid | K&ouml;nner S&ouml;hnen tooted | Genekas24\",\"publisher\":{\"@id\":\"https:\/\/staging.genekas24.ee\/#organization\"},\"potentialAction\":[{\"@type\":\"SearchAction\",\"target\":{\"@type\":\"EntryPoint\",\"urlTemplate\":\"https:\/\/staging.genekas24.ee\/?s={search_term_string}\"},\"query-input\":{\"@type\":\"PropertyValueSpecification\",\"valueRequired\":true,\"valueName\":\"search_term_string\"}}],\"inLanguage\":\"fi\"},{\"@type\":\"Organization\",\"@id\":\"https:\/\/staging.genekas24.ee\/#organization\",\"name\":\"Genekas24\",\"url\":\"https:\/\/staging.genekas24.ee\/\",\"logo\":{\"@type\":\"ImageObject\",\"inLanguage\":\"fi\",\"@id\":\"https:\/\/staging.genekas24.ee\/#\/schema\/logo\/image\/\",\"url\":\"https:\/\/staging.genekas24.ee\/wp-content\/uploads\/2026\/01\/genekas24-logo_black.svg\",\"contentUrl\":\"https:\/\/staging.genekas24.ee\/wp-content\/uploads\/2026\/01\/genekas24-logo_black.svg\",\"width\":840,\"height\":131,\"caption\":\"Genekas24\"},\"image\":{\"@id\":\"https:\/\/staging.genekas24.ee\/#\/schema\/logo\/image\/\"}}]}<\/script>\n<!-- \/ Yoast SEO plugin. -->","yoast_head_json":{"title":"Kettsae kett KS 28FC66 - Genekas24","robots":{"index":"index","follow":"follow","max-snippet":"max-snippet:-1","max-image-preview":"max-image-preview:large","max-video-preview":"max-video-preview:-1"},"canonical":"https:\/\/staging.genekas24.ee\/fi\/tuote\/kettsae-kett-ks-28fc66\/","og_locale":"fi_FI","og_type":"article","og_title":"Kettsae kett KS 28FC66 - Genekas24","og_description":"Pikkus, cm 40 (16\")   Keti veohambad 66   Keti samm 0.325\"   Soone laius, mm 1.5 (.058\")   Sobib KS CS31G-16, KS CS21G-16   SKU KS 28FC66   V\u00f6\u00f6tkood 4260405367887       Enne tellimist veenduge, et teie t\u00f6\u00f6riista mudeliga on t\u00e4ielik \u00fchilduvus, v\u00f5rrelge spetsifikatsioone nagu ketisamm, ketipikkus ja muud parameetrid.","og_url":"https:\/\/staging.genekas24.ee\/fi\/tuote\/kettsae-kett-ks-28fc66\/","og_site_name":"Genekas24","article_modified_time":"2025-12-18T09:08:23+00:00","og_image":[{"width":1600,"height":1600,"url":"https:\/\/staging.genekas24.ee\/wp-content\/uploads\/2025\/12\/chain-16-ks28fc66-2_b9cd6282-9ad2-46e1-ad07-d0c6ebd94b89.webp","type":"image\/webp"}],"twitter_card":"summary_large_image","twitter_misc":{"Arvioitu lukuaika":"1 minuutti"},"schema":{"@context":"https:\/\/schema.org","@graph":[{"@type":"WebPage","@id":"https:\/\/staging.genekas24.ee\/toode\/kettsae-kett-ks-28fc66\/","url":"https:\/\/staging.genekas24.ee\/toode\/kettsae-kett-ks-28fc66\/","name":"Kettsae kett KS 28FC66 - Genekas24","isPartOf":{"@id":"https:\/\/staging.genekas24.ee\/#website"},"primaryImageOfPage":{"@id":"https:\/\/staging.genekas24.ee\/toode\/kettsae-kett-ks-28fc66\/#primaryimage"},"image":{"@id":"https:\/\/staging.genekas24.ee\/toode\/kettsae-kett-ks-28fc66\/#primaryimage"},"thumbnailUrl":"https:\/\/staging.genekas24.ee\/wp-content\/uploads\/2025\/12\/chain-16-ks28fc66-2_b9cd6282-9ad2-46e1-ad07-d0c6ebd94b89.webp","datePublished":"2025-12-18T08:50:50+00:00","dateModified":"2025-12-18T09:08:23+00:00","breadcrumb":{"@id":"https:\/\/staging.genekas24.ee\/toode\/kettsae-kett-ks-28fc66\/#breadcrumb"},"inLanguage":"fi","potentialAction":[{"@type":"ReadAction","target":["https:\/\/staging.genekas24.ee\/toode\/kettsae-kett-ks-28fc66\/"]}]},{"@type":"ImageObject","inLanguage":"fi","@id":"https:\/\/staging.genekas24.ee\/toode\/kettsae-kett-ks-28fc66\/#primaryimage","url":"https:\/\/staging.genekas24.ee\/wp-content\/uploads\/2025\/12\/chain-16-ks28fc66-2_b9cd6282-9ad2-46e1-ad07-d0c6ebd94b89.webp","contentUrl":"https:\/\/staging.genekas24.ee\/wp-content\/uploads\/2025\/12\/chain-16-ks28fc66-2_b9cd6282-9ad2-46e1-ad07-d0c6ebd94b89.webp","width":1600,"height":1600},{"@type":"BreadcrumbList","@id":"https:\/\/staging.genekas24.ee\/toode\/kettsae-kett-ks-28fc66\/#breadcrumb","itemListElement":[{"@type":"ListItem","position":1,"name":"Home","item":"https:\/\/staging.genekas24.ee\/"},{"@type":"ListItem","position":2,"name":"Pood","item":"https:\/\/staging.genekas24.ee\/pood\/"},{"@type":"ListItem","position":3,"name":"Kettsae kett KS 28FC66"}]},{"@type":"WebSite","@id":"https:\/\/staging.genekas24.ee\/#website","url":"https:\/\/staging.genekas24.ee\/","name":"Genekas24","description":"Generaatorid | K&ouml;nner S&ouml;hnen tooted | Genekas24","publisher":{"@id":"https:\/\/staging.genekas24.ee\/#organization"},"potentialAction":[{"@type":"SearchAction","target":{"@type":"EntryPoint","urlTemplate":"https:\/\/staging.genekas24.ee\/?s={search_term_string}"},"query-input":{"@type":"PropertyValueSpecification","valueRequired":true,"valueName":"search_term_string"}}],"inLanguage":"fi"},{"@type":"Organization","@id":"https:\/\/staging.genekas24.ee\/#organization","name":"Genekas24","url":"https:\/\/staging.genekas24.ee\/","logo":{"@type":"ImageObject","inLanguage":"fi","@id":"https:\/\/staging.genekas24.ee\/#\/schema\/logo\/image\/","url":"https:\/\/staging.genekas24.ee\/wp-content\/uploads\/2026\/01\/genekas24-logo_black.svg","contentUrl":"https:\/\/staging.genekas24.ee\/wp-content\/uploads\/2026\/01\/genekas24-logo_black.svg","width":840,"height":131,"caption":"Genekas24"},"image":{"@id":"https:\/\/staging.genekas24.ee\/#\/schema\/logo\/image\/"}}]}},"_links":{"self":[{"href":"https:\/\/staging.genekas24.ee\/fi\/wp-json\/wp\/v2\/product\/21556","targetHints":{"allow":["GET"]}}],"collection":[{"href":"https:\/\/staging.genekas24.ee\/fi\/wp-json\/wp\/v2\/product"}],"about":[{"href":"https:\/\/staging.genekas24.ee\/fi\/wp-json\/wp\/v2\/types\/product"}],"version-history":[{"count":2,"href":"https:\/\/staging.genekas24.ee\/fi\/wp-json\/wp\/v2\/product\/21556\/revisions"}],"predecessor-version":[{"id":21573,"href":"https:\/\/staging.genekas24.ee\/fi\/wp-json\/wp\/v2\/product\/21556\/revisions\/21573"}],"wp:featuredmedia":[{"embeddable":true,"href":"https:\/\/staging.genekas24.ee\/fi\/wp-json\/wp\/v2\/media\/21557"}],"wp:attachment":[{"href":"https:\/\/staging.genekas24.ee\/fi\/wp-json\/wp\/v2\/media?parent=21556"}],"wp:term":[{"taxonomy":"product_brand","embeddable":true,"href":"https:\/\/staging.genekas24.ee\/fi\/wp-json\/wp\/v2\/product_brand?post=21556"},{"taxonomy":"product_cat","embeddable":true,"href":"https:\/\/staging.genekas24.ee\/fi\/wp-json\/wp\/v2\/product_cat?post=21556"},{"taxonomy":"product_tag","embeddable":true,"href":"https:\/\/staging.genekas24.ee\/fi\/wp-json\/wp\/v2\/product_tag?post=21556"}],"curies":[{"name":"wp","href":"https:\/\/api.w.org\/{rel}","templated":true}]}}