{"id":21480,"date":"2025-12-17T12:17:36","date_gmt":"2025-12-17T12:17:36","guid":{"rendered":"https:\/\/staging.genekas24.ee\/?post_type=product&#038;p=21480"},"modified":"2026-01-07T09:20:49","modified_gmt":"2026-01-07T09:20:49","slug":"20v-liitiumaku-ks-20v2-1","status":"publish","type":"product","link":"https:\/\/staging.genekas24.ee\/fi\/tuote\/20v-liitiumaku-ks-20v2-1\/","title":{"rendered":"20V liitiumaku KS 20V2-1"},"content":{"rendered":"<div class=\"accu-top-text\">\n<div class=\"metafield-rich_text_field\">\n<p>K\u00f6nner &amp; S\u00f6hnen\u00ae 20V liitiumioonaku on\u00a0<strong>\u00fchilduv k\u00f5igi aiat\u00f6\u00f6riistadega<\/strong>\u00a0K\u00f6nner &amp; S\u00f6hnen\u00ae \u00fchtse akus\u00fcsteemi seeriast. Nii saate m\u00e4rkimisv\u00e4\u00e4rselt s\u00e4\u00e4sta raha ja aega, kasutades \u00fchte akut erinevate seadmetega!<\/p>\n<p>K\u00f6nner &amp; S\u00f6hnen\u00ae kaasaegsed liitiumioonakud on v\u00e4ga usaldusv\u00e4\u00e4rsed ja vastupidavad. Nende kasutusiga on kolm korda pikem kui pliiakudel. Need on kerged ja kompaktsed, kuid samal ajal suure akumahutavusega ning ei vaja hooldust kogu eluea jooksul. Lisaks on need varustatud k\u00f5rgeima kaitsetasemega ja neil on laadimistaseme n\u00e4idik.<\/p>\n<p><img decoding=\"async\" class=\"aligncenter\" src=\"https:\/\/konner-sohnen.ee\/cdn\/shop\/files\/one-battery-en.png?v=1723486305&amp;width=1920\" \/><\/p>\n<div class=\"accu-custom-list-left\">\n<div class=\"accu-custom-list-title\">\n<p>FINANTSILINE KASU<\/p>\n<\/div>\n<p>M\u00e4rkimisv\u00e4\u00e4rne osa akutoitel t\u00f6\u00f6riistade maksumusest on seotud akudega. V\u00f5imalus kasutada sama akut mitme t\u00f6\u00f6riista jaoks tagab m\u00e4rkimisv\u00e4\u00e4rse kulude kokkuhoiu. K\u00f6nner &amp; S\u00f6hnen\u00ae universaalsed akud on \u00fchilduvad k\u00f5igi meie kaubam\u00e4rgi akutoitel aiat\u00f6\u00f6riistadega. Seet\u00f5ttu peavad kasutajad ostma ainult \u00fche soovitud mahutavusega aku ja laadimisseadme ning seej\u00e4rel saavad neid kasutada mis tahes meie seeria akutoitel t\u00f6\u00f6riistaga.<\/p>\n<\/div>\n<div class=\"accu-custom-list-right\">\n<div class=\"accu-custom-list-title\">\n<p>MUGAVUS T\u00d6\u00d6 K\u00c4IGUS<\/p>\n<\/div>\n<p>\u00dche aku kasutamine mitme t\u00f6\u00f6riista jaoks lihtsustab oluliselt t\u00f6\u00f6protsessi, s\u00e4\u00e4stab aega ja v\u00e4hendab t\u00f6\u00f6katkestusi. Pole vaja liigutada, hoiustada ega j\u00e4lgida erinevate akude laetuse olekut. Kui teil on mitu \u00fclesannet, v\u00f5tke lihtsalt \u00fcks aku kaasa ja kasutage seda erinevate t\u00f6\u00f6riistadega. Ilma akudeta seadmed on palju kergemad, mis suurendab t\u00f6\u00f6 mugavust.<\/p>\n<p><strong>MITMETASANDILINE KAITSE:<\/strong><\/p>\n<ul>\n<li>\u00dclelaadimise kaitse<\/li>\n<li>\u00dcle- ja alalaadimise kaitse<\/li>\n<li>L\u00fchise kaitse<\/li>\n<li>\u00dclekoormuse kaitse<\/li>\n<li>\u00dcle-\/alapinge kaitse<\/li>\n<li>\u00dcletemperatuuri kaitse<\/li>\n<\/ul>\n<\/div>\n<\/div>\n<\/div>","protected":false},"excerpt":{"rendered":"<table>\n<tbody>\n<tr>\n<td>Nimellisj\u00e4nnite, V<\/td>\n<td>20<\/td>\n<\/tr>\n<tr>\n<td>Akun kapasiteetti<\/td>\n<td>2 Ah<\/td>\n<\/tr>\n<tr>\n<td>Sobib<\/td>\n<td>KS 33LM-20V,<br \/>\nKS 43LM-40V,<br \/>\nKS CS20V-12,<br \/>\nKS CS40V-14,<br \/>\nKS CS40V-16,<br \/>\nKS BCT-20V,<br \/>\nKS BCT-40V,<br \/>\nKS HT-20V,<br \/>\nKS LBV-40V<\/td>\n<\/tr>\n<tr>\n<td>Nettopaino, kg<\/td>\n<td>0.47<\/td>\n<\/tr>\n<tr>\n<td>Kogukaal, kg<\/td>\n<td>0.5<\/td>\n<\/tr>\n<tr>\n<td>SKU<\/td>\n<td>KS 20V2-1<\/td>\n<\/tr>\n<tr>\n<td>V\u00f6\u00f6tkood<\/td>\n<td>4260405367207<\/td>\n<\/tr>\n<\/tbody>\n<\/table>","protected":false},"featured_media":21481,"template":"","meta":{"_acf_changed":false,"inline_featured_image":false},"product_brand":[],"product_cat":[159,199,182,186],"product_tag":[],"class_list":{"0":"post-21480","1":"product","2":"type-product","3":"status-publish","4":"has-post-thumbnail","6":"product_cat-aiatooriistad","7":"product_cat-akud-ja-akulaadijad","8":"product_cat-saed","9":"product_cat-saetarvikud","10":"product_shipping_class-vaikepakk","12":"first","13":"instock","14":"taxable","15":"shipping-taxable","16":"purchasable","17":"product-type-simple"},"acf":[],"yoast_head":"<!-- This site is optimized with the Yoast SEO plugin v26.2 - https:\/\/yoast.com\/wordpress\/plugins\/seo\/ -->\n<title>20V liitiumaku KS 20V2-1 - Genekas24<\/title>\n<meta name=\"robots\" content=\"index, follow, max-snippet:-1, max-image-preview:large, max-video-preview:-1\" \/>\n<link rel=\"canonical\" href=\"https:\/\/staging.genekas24.ee\/fi\/tuote\/20v-liitiumaku-ks-20v2-1\/\" \/>\n<meta property=\"og:locale\" content=\"fi_FI\" \/>\n<meta property=\"og:type\" content=\"article\" \/>\n<meta property=\"og:title\" content=\"20V liitiumaku KS 20V2-1 - Genekas24\" \/>\n<meta property=\"og:description\" content=\"Nimipinge, V 20   Aku mahtuvus 2 Ah   Sobib KS 33LM-20V, KS 43LM-40V, KS CS20V-12, KS CS40V-14, KS CS40V-16, KS BCT-20V, KS BCT-40V, KS HT-20V, KS LBV-40V   Netokaal, kg 0.47   Kogukaal, kg 0.5   SKU KS 20V2-1   V\u00f6\u00f6tkood 4260405367207\" \/>\n<meta property=\"og:url\" content=\"https:\/\/staging.genekas24.ee\/fi\/tuote\/20v-liitiumaku-ks-20v2-1\/\" \/>\n<meta property=\"og:site_name\" content=\"Genekas24\" \/>\n<meta property=\"article:modified_time\" content=\"2026-01-07T09:20:49+00:00\" \/>\n<meta property=\"og:image\" content=\"https:\/\/staging.genekas24.ee\/wp-content\/uploads\/2025\/12\/KS_20V2-1_1.webp\" \/>\n\t<meta property=\"og:image:width\" content=\"1600\" \/>\n\t<meta property=\"og:image:height\" content=\"921\" \/>\n\t<meta property=\"og:image:type\" content=\"image\/webp\" \/>\n<meta name=\"twitter:card\" content=\"summary_large_image\" \/>\n<meta name=\"twitter:label1\" content=\"Arvioitu lukuaika\" \/>\n\t<meta name=\"twitter:data1\" content=\"2 minuuttia\" \/>\n<script type=\"application\/ld+json\" class=\"yoast-schema-graph\">{\"@context\":\"https:\/\/schema.org\",\"@graph\":[{\"@type\":\"WebPage\",\"@id\":\"https:\/\/staging.genekas24.ee\/toode\/20v-liitiumaku-ks-20v2-1\/\",\"url\":\"https:\/\/staging.genekas24.ee\/toode\/20v-liitiumaku-ks-20v2-1\/\",\"name\":\"20V liitiumaku KS 20V2-1 - Genekas24\",\"isPartOf\":{\"@id\":\"https:\/\/staging.genekas24.ee\/#website\"},\"primaryImageOfPage\":{\"@id\":\"https:\/\/staging.genekas24.ee\/toode\/20v-liitiumaku-ks-20v2-1\/#primaryimage\"},\"image\":{\"@id\":\"https:\/\/staging.genekas24.ee\/toode\/20v-liitiumaku-ks-20v2-1\/#primaryimage\"},\"thumbnailUrl\":\"https:\/\/staging.genekas24.ee\/wp-content\/uploads\/2025\/12\/KS_20V2-1_1.webp\",\"datePublished\":\"2025-12-17T12:17:36+00:00\",\"dateModified\":\"2026-01-07T09:20:49+00:00\",\"breadcrumb\":{\"@id\":\"https:\/\/staging.genekas24.ee\/toode\/20v-liitiumaku-ks-20v2-1\/#breadcrumb\"},\"inLanguage\":\"fi\",\"potentialAction\":[{\"@type\":\"ReadAction\",\"target\":[\"https:\/\/staging.genekas24.ee\/toode\/20v-liitiumaku-ks-20v2-1\/\"]}]},{\"@type\":\"ImageObject\",\"inLanguage\":\"fi\",\"@id\":\"https:\/\/staging.genekas24.ee\/toode\/20v-liitiumaku-ks-20v2-1\/#primaryimage\",\"url\":\"https:\/\/staging.genekas24.ee\/wp-content\/uploads\/2025\/12\/KS_20V2-1_1.webp\",\"contentUrl\":\"https:\/\/staging.genekas24.ee\/wp-content\/uploads\/2025\/12\/KS_20V2-1_1.webp\",\"width\":1600,\"height\":921},{\"@type\":\"BreadcrumbList\",\"@id\":\"https:\/\/staging.genekas24.ee\/toode\/20v-liitiumaku-ks-20v2-1\/#breadcrumb\",\"itemListElement\":[{\"@type\":\"ListItem\",\"position\":1,\"name\":\"Home\",\"item\":\"https:\/\/staging.genekas24.ee\/\"},{\"@type\":\"ListItem\",\"position\":2,\"name\":\"Pood\",\"item\":\"https:\/\/staging.genekas24.ee\/pood\/\"},{\"@type\":\"ListItem\",\"position\":3,\"name\":\"20V liitiumaku KS 20V2-1\"}]},{\"@type\":\"WebSite\",\"@id\":\"https:\/\/staging.genekas24.ee\/#website\",\"url\":\"https:\/\/staging.genekas24.ee\/\",\"name\":\"Genekas24\",\"description\":\"Generaatorid | K&ouml;nner S&ouml;hnen tooted | Genekas24\",\"publisher\":{\"@id\":\"https:\/\/staging.genekas24.ee\/#organization\"},\"potentialAction\":[{\"@type\":\"SearchAction\",\"target\":{\"@type\":\"EntryPoint\",\"urlTemplate\":\"https:\/\/staging.genekas24.ee\/?s={search_term_string}\"},\"query-input\":{\"@type\":\"PropertyValueSpecification\",\"valueRequired\":true,\"valueName\":\"search_term_string\"}}],\"inLanguage\":\"fi\"},{\"@type\":\"Organization\",\"@id\":\"https:\/\/staging.genekas24.ee\/#organization\",\"name\":\"Genekas24\",\"url\":\"https:\/\/staging.genekas24.ee\/\",\"logo\":{\"@type\":\"ImageObject\",\"inLanguage\":\"fi\",\"@id\":\"https:\/\/staging.genekas24.ee\/#\/schema\/logo\/image\/\",\"url\":\"https:\/\/staging.genekas24.ee\/wp-content\/uploads\/2026\/01\/genekas24-logo_black.svg\",\"contentUrl\":\"https:\/\/staging.genekas24.ee\/wp-content\/uploads\/2026\/01\/genekas24-logo_black.svg\",\"width\":840,\"height\":131,\"caption\":\"Genekas24\"},\"image\":{\"@id\":\"https:\/\/staging.genekas24.ee\/#\/schema\/logo\/image\/\"}}]}<\/script>\n<!-- \/ Yoast SEO plugin. -->","yoast_head_json":{"title":"20V liitiumaku KS 20V2-1 - Genekas24","robots":{"index":"index","follow":"follow","max-snippet":"max-snippet:-1","max-image-preview":"max-image-preview:large","max-video-preview":"max-video-preview:-1"},"canonical":"https:\/\/staging.genekas24.ee\/fi\/tuote\/20v-liitiumaku-ks-20v2-1\/","og_locale":"fi_FI","og_type":"article","og_title":"20V liitiumaku KS 20V2-1 - Genekas24","og_description":"Nimipinge, V 20   Aku mahtuvus 2 Ah   Sobib KS 33LM-20V, KS 43LM-40V, KS CS20V-12, KS CS40V-14, KS CS40V-16, KS BCT-20V, KS BCT-40V, KS HT-20V, KS LBV-40V   Netokaal, kg 0.47   Kogukaal, kg 0.5   SKU KS 20V2-1   V\u00f6\u00f6tkood 4260405367207","og_url":"https:\/\/staging.genekas24.ee\/fi\/tuote\/20v-liitiumaku-ks-20v2-1\/","og_site_name":"Genekas24","article_modified_time":"2026-01-07T09:20:49+00:00","og_image":[{"width":1600,"height":921,"url":"https:\/\/staging.genekas24.ee\/wp-content\/uploads\/2025\/12\/KS_20V2-1_1.webp","type":"image\/webp"}],"twitter_card":"summary_large_image","twitter_misc":{"Arvioitu lukuaika":"2 minuuttia"},"schema":{"@context":"https:\/\/schema.org","@graph":[{"@type":"WebPage","@id":"https:\/\/staging.genekas24.ee\/toode\/20v-liitiumaku-ks-20v2-1\/","url":"https:\/\/staging.genekas24.ee\/toode\/20v-liitiumaku-ks-20v2-1\/","name":"20V liitiumaku KS 20V2-1 - Genekas24","isPartOf":{"@id":"https:\/\/staging.genekas24.ee\/#website"},"primaryImageOfPage":{"@id":"https:\/\/staging.genekas24.ee\/toode\/20v-liitiumaku-ks-20v2-1\/#primaryimage"},"image":{"@id":"https:\/\/staging.genekas24.ee\/toode\/20v-liitiumaku-ks-20v2-1\/#primaryimage"},"thumbnailUrl":"https:\/\/staging.genekas24.ee\/wp-content\/uploads\/2025\/12\/KS_20V2-1_1.webp","datePublished":"2025-12-17T12:17:36+00:00","dateModified":"2026-01-07T09:20:49+00:00","breadcrumb":{"@id":"https:\/\/staging.genekas24.ee\/toode\/20v-liitiumaku-ks-20v2-1\/#breadcrumb"},"inLanguage":"fi","potentialAction":[{"@type":"ReadAction","target":["https:\/\/staging.genekas24.ee\/toode\/20v-liitiumaku-ks-20v2-1\/"]}]},{"@type":"ImageObject","inLanguage":"fi","@id":"https:\/\/staging.genekas24.ee\/toode\/20v-liitiumaku-ks-20v2-1\/#primaryimage","url":"https:\/\/staging.genekas24.ee\/wp-content\/uploads\/2025\/12\/KS_20V2-1_1.webp","contentUrl":"https:\/\/staging.genekas24.ee\/wp-content\/uploads\/2025\/12\/KS_20V2-1_1.webp","width":1600,"height":921},{"@type":"BreadcrumbList","@id":"https:\/\/staging.genekas24.ee\/toode\/20v-liitiumaku-ks-20v2-1\/#breadcrumb","itemListElement":[{"@type":"ListItem","position":1,"name":"Home","item":"https:\/\/staging.genekas24.ee\/"},{"@type":"ListItem","position":2,"name":"Pood","item":"https:\/\/staging.genekas24.ee\/pood\/"},{"@type":"ListItem","position":3,"name":"20V liitiumaku KS 20V2-1"}]},{"@type":"WebSite","@id":"https:\/\/staging.genekas24.ee\/#website","url":"https:\/\/staging.genekas24.ee\/","name":"Genekas24","description":"Generaatorid | K&ouml;nner S&ouml;hnen tooted | Genekas24","publisher":{"@id":"https:\/\/staging.genekas24.ee\/#organization"},"potentialAction":[{"@type":"SearchAction","target":{"@type":"EntryPoint","urlTemplate":"https:\/\/staging.genekas24.ee\/?s={search_term_string}"},"query-input":{"@type":"PropertyValueSpecification","valueRequired":true,"valueName":"search_term_string"}}],"inLanguage":"fi"},{"@type":"Organization","@id":"https:\/\/staging.genekas24.ee\/#organization","name":"Genekas24","url":"https:\/\/staging.genekas24.ee\/","logo":{"@type":"ImageObject","inLanguage":"fi","@id":"https:\/\/staging.genekas24.ee\/#\/schema\/logo\/image\/","url":"https:\/\/staging.genekas24.ee\/wp-content\/uploads\/2026\/01\/genekas24-logo_black.svg","contentUrl":"https:\/\/staging.genekas24.ee\/wp-content\/uploads\/2026\/01\/genekas24-logo_black.svg","width":840,"height":131,"caption":"Genekas24"},"image":{"@id":"https:\/\/staging.genekas24.ee\/#\/schema\/logo\/image\/"}}]}},"_links":{"self":[{"href":"https:\/\/staging.genekas24.ee\/fi\/wp-json\/wp\/v2\/product\/21480","targetHints":{"allow":["GET"]}}],"collection":[{"href":"https:\/\/staging.genekas24.ee\/fi\/wp-json\/wp\/v2\/product"}],"about":[{"href":"https:\/\/staging.genekas24.ee\/fi\/wp-json\/wp\/v2\/types\/product"}],"version-history":[{"count":3,"href":"https:\/\/staging.genekas24.ee\/fi\/wp-json\/wp\/v2\/product\/21480\/revisions"}],"predecessor-version":[{"id":21518,"href":"https:\/\/staging.genekas24.ee\/fi\/wp-json\/wp\/v2\/product\/21480\/revisions\/21518"}],"wp:featuredmedia":[{"embeddable":true,"href":"https:\/\/staging.genekas24.ee\/fi\/wp-json\/wp\/v2\/media\/21481"}],"wp:attachment":[{"href":"https:\/\/staging.genekas24.ee\/fi\/wp-json\/wp\/v2\/media?parent=21480"}],"wp:term":[{"taxonomy":"product_brand","embeddable":true,"href":"https:\/\/staging.genekas24.ee\/fi\/wp-json\/wp\/v2\/product_brand?post=21480"},{"taxonomy":"product_cat","embeddable":true,"href":"https:\/\/staging.genekas24.ee\/fi\/wp-json\/wp\/v2\/product_cat?post=21480"},{"taxonomy":"product_tag","embeddable":true,"href":"https:\/\/staging.genekas24.ee\/fi\/wp-json\/wp\/v2\/product_tag?post=21480"}],"curies":[{"name":"wp","href":"https:\/\/api.w.org\/{rel}","templated":true}]}}