{"id":21423,"date":"2025-12-17T12:24:25","date_gmt":"2025-12-17T12:24:25","guid":{"rendered":"https:\/\/staging.genekas24.ee\/?post_type=product&#038;p=21423"},"modified":"2025-12-17T12:24:25","modified_gmt":"2025-12-17T12:24:25","slug":"bensiinimootorsaag-ks-cs31g-18","status":"publish","type":"product","link":"https:\/\/staging.genekas24.ee\/fi\/tuote\/bensiinimootorsaag-ks-cs31g-18\/","title":{"rendered":"Bensiinimootorsaag KS CS31G-18"},"content":{"rendered":"<p>K\u00f6nner &amp; S\u00f6hnen\u00ae KS CS31G bensiinimootorsaag on m\u00f5eldud professionaalseks ja poolprofessionaalseks kasutamiseks, mis mitte ainult ei t\u00e4ida oma \u00fclesandeid t\u00f5husalt, vaid tagab ka t\u00f6\u00f6 mugavuse ja ohutuse. Universaalne, vastupidav ja v\u00f5imas mootorsaag sobib ideaalselt k\u00fcttepuude varumiseks, aia hooldamiseks, puidut\u00f6\u00f6deks ja alade puhastamiseks ehitus- v\u00f5i haljastust\u00f6\u00f6de ettevalmistamisel.<\/p>\n<p>KS CS31G bensiinimootorsaag on varustatud k\u00fctuses\u00e4\u00e4stliku mootoriga, automaatse m\u00e4\u00e4rimiss\u00fcsteemiga, mugava k\u00fclgkettipingutusega ja lihtsa k\u00e4ivituss\u00fcsteemiga. V\u00f5rgust s\u00f5ltumatus muudab mootorsae mobiilseks ja autonoomseks.<\/p>\n<p>Ohutus on K\u00f6nner &amp; S\u00f6hnen\u00ae jaoks absoluutne prioriteet, mist\u00f5ttu on mootorsaed varustatud inertsipiduriga, mis peatab keti ootamatutes olukordades koheselt, ja usaldusv\u00e4\u00e4rse ketip\u00fc\u00fcdjaga, et v\u00e4ltida keti tagasil\u00f6\u00f6ki. Lisaks on olemas gaasiluku v\u00f5ti, et v\u00e4ltida t\u00f6\u00f6riista juhuslikku k\u00e4ivitamist.<\/p>\n<p>T\u00e4nu ergonoomilisele disainile ja t\u00f5husale vibratsioonivastasele s\u00fcsteemile muutub mootorsaega t\u00f6\u00f6tamine t\u00f5eliseks naudinguks, v\u00f5imaldades t\u00f6\u00f6tada kauem ilma pausideta. Ergonoomilised k\u00e4epidemed libisemiskindla kattega tagavad kindla haarde ja v\u00e4hendavad k\u00e4te v\u00e4simust.<\/p>\n<p>K\u00f6nner &amp; S\u00f6hnen\u00ae pakub sae jaoks valikut latte ja kette, mis v\u00f5imaldavad valida parima variandi vastavalt teie vajadustele ja t\u00f6\u00f6 t\u00fc\u00fcbile. Korrektselt valitud latt ja kett kestavad m\u00e4rkimisv\u00e4\u00e4rselt kauem, v\u00e4hendades asendus- ja hoolduskulusid.<\/p>\n<p>Ergonoomiline disain ja kerge konstruktsioon tagavad mugava kasutamise ka pikemaajalise kasutamise korral. Muutke oma t\u00f6\u00f6 nauditavamaks K\u00f6nner &amp; S\u00f6hnen bensiinimootorsaega!<\/p>\n<p>&nbsp;<\/p>\n<table style=\"border-collapse: collapse; width: 100%;\">\n<tbody>\n<tr>\n<td style=\"width: 14.5908%;\"><img decoding=\"async\" src=\"https:\/\/konner-sohnen.ee\/cdn\/shop\/files\/ks-cs-macro-3-1.jpg?v=1731417732&amp;width=500\" alt=\"JAAPANI WALBRO KARBURAATOR\" \/><\/td>\n<td style=\"width: 85.4092%;\">\n<h3>JAAPANI WALBRO KARBURAATOR<\/h3>\n<div class=\"text-sm\">Walbro karburaator tagab t\u00e4iusliku k\u00fctuse doseerimise ja suurep\u00e4rase k\u00fctuse \u00f6konoomsuse, mis aitab kulusid v\u00e4hendada.<\/div>\n<\/td>\n<\/tr>\n<tr>\n<td style=\"width: 14.5908%;\"><img decoding=\"async\" src=\"https:\/\/konner-sohnen.ee\/cdn\/shop\/files\/ks-cs-macro-12.jpg?v=1731417773&amp;width=500\" alt=\"\u00dcLISUUR PABERFILTER\" \/><\/td>\n<td style=\"width: 85.4092%;\">\n<h3>\u00dcLISUUR PABERFILTER<\/h3>\n<div class=\"text-sm\">Paberfilter tagab peenema \u00f5hufiltreerimise v\u00f5rreldes nailonmudeliga, mis pikendab selle kasutusiga. Suurenenud filtripind tagab optimaalse \u00f5huvarustuse mootorsae pikaajaliseks ja t\u00f5husaks kasutamiseks.<\/div>\n<\/td>\n<\/tr>\n<tr>\n<td style=\"width: 14.5908%;\"><img decoding=\"async\" src=\"https:\/\/konner-sohnen.ee\/cdn\/shop\/files\/ks-cs-macro-10.jpg?v=1731413846&amp;width=500\" alt=\"USALDUSV\u00c4\u00c4RNE S\u00dc\u00dcTAMINE\" \/><\/td>\n<td style=\"width: 85.4092%;\">\n<h3>USALDUSV\u00c4\u00c4RNE S\u00dc\u00dcTAMINE<\/h3>\n<div class=\"text-sm\">Boschi s\u00fc\u00fctek\u00fc\u00fcnlad tagavad v\u00f5imsa ja stabiilse s\u00e4demete tekkimise igasugustes tingimustes, tagades lihtsa mootori k\u00e4ivitamise ja pideva t\u00f6\u00f6. Kiirkinnitusega kate koos kinnitustega, et tagada lihtne juurdep\u00e4\u00e4s \u00f5hufiltrile ja s\u00fc\u00fctek\u00fc\u00fcnlale.<\/div>\n<\/td>\n<\/tr>\n<tr>\n<td style=\"width: 14.5908%;\"><img decoding=\"async\" src=\"https:\/\/konner-sohnen.ee\/cdn\/shop\/files\/ks-cs-macro-4.jpg?v=1731413982&amp;width=500\" alt=\"K\u00d5RGE MOOTORI T\u00d5HUSUS\" \/><\/td>\n<td style=\"width: 85.4092%;\">\n<h3>K\u00d5RGE MOOTORI T\u00d5HUSUS<\/h3>\n<div class=\"text-sm\">K\u00f6nner &amp; S\u00f6hnen bensiinimootorsaed on tuntud oma k\u00f5rge t\u00f6\u00f6kindluse ja kulumiskindluse poolest, tagades pika kasutusea. Neljakanaliline k\u00fctusevarustuss\u00fcsteem tagab k\u00fctuse-\u00f5hu segu optimaalse segunemise k\u00f5ige t\u00f5husamaks p\u00f5lemiseks, mis v\u00e4hendab kahjulikke aineid heitgaasides ja maksimeerib k\u00fctusekasutuse t\u00f5husust.<\/div>\n<\/td>\n<\/tr>\n<tr>\n<td style=\"width: 14.5908%;\"><img decoding=\"async\" src=\"https:\/\/konner-sohnen.ee\/cdn\/shop\/files\/ks-cs-macro-3.jpg?v=1731414162&amp;width=500\" alt=\"HELPPO K\u00c4YNNISTYSJ\u00c4RJESTELM\u00c4\" \/><\/td>\n<td style=\"width: 85.4092%;\">\n<h3>HELPPO K\u00c4YNNISTYSJ\u00c4RJESTELM\u00c4<\/h3>\n<div class=\"text-sm\">Lihtne k\u00e4ivituss\u00fcsteem on kaasaegne tehnoloogia, mis oluliselt lihtsustab mootori k\u00e4ivitamise protsessi, muutes selle mugavamaks ja kiiremaks. See koosneb mitmest elemendist: k\u00e4sik\u00fctusepump (primer), starter lisavedruga ja automaatne START nupp. K\u00e4sik\u00fctusepump (primer) v\u00f5imaldab kiiremat k\u00fctusevarustust karburaatorisse, v\u00e4hendades oluliselt starteri t\u00f5mmete arvu ja pikendades selle eluiga. K\u00e4sistarter on varustatud lisavedruga, mis tagab kiire ja lihtsa k\u00e4ivitamise ilma pingutuseta. Kettsae seiskamisnupp naaseb automaatselt START asendisse. T\u00e4nu sellele funktsioonile on kettsaag alati valmis k\u00e4ivitamiseks, v\u00f5imaldades teil keskenduda oma t\u00f6\u00f6le ilma pisiasjadele t\u00e4helepanu p\u00f6\u00f6ramata.<\/div>\n<\/td>\n<\/tr>\n<tr>\n<td style=\"width: 14.5908%;\"><img decoding=\"async\" src=\"https:\/\/konner-sohnen.ee\/cdn\/shop\/files\/ks-cs-macro-2.jpg?v=1731416106&amp;width=500\" alt=\"AUTOMATNE KETI M\u00c4\u00c4RIMINE\" \/><\/td>\n<td style=\"width: 85.4092%;\">\n<h3>AUTOMATNE KETI M\u00c4\u00c4RIMINE<\/h3>\n<div class=\"text-sm\">K\u00f6nner &amp; S\u00f6hnen\u00ae kettsaed on varustatud kaasaegse automaatse ketim\u00e4\u00e4rimiss\u00fcsteemiga. T\u00f6\u00f6 k\u00e4igus varustab sisseehitatud \u00f5lipump \u00fchtlaselt vajaliku koguse m\u00e4\u00e4rdeainet lati ja ketti, tagades usaldusv\u00e4\u00e4rse ja pideva m\u00e4\u00e4rimise optimaalseks j\u00f5udluseks. S\u00f5ltuvalt juhtlati pikkusest ja puidu t\u00fc\u00fcbist v\u00f5imaldab \u00f5lipumba \u00f5livarustuse reguleerimise funktsioon v\u00e4hendada kulusid.<\/div>\n<\/td>\n<\/tr>\n<tr>\n<td style=\"width: 14.5908%;\"><img decoding=\"async\" src=\"https:\/\/konner-sohnen.ee\/cdn\/shop\/files\/ks-cs-macro-9-1.jpg?v=1731417885&amp;width=500\" alt=\"K\u00dcLGAHELA PINGUTAMINE\" \/><\/td>\n<td style=\"width: 85.4092%;\">\n<h3>K\u00dcLGAHELA PINGUTAMINE<\/h3>\n<div class=\"text-sm\">K\u00fclgmine ligip\u00e4\u00e4s ketipingutuss\u00fcsteem muudab ketipingutuse reguleerimise mugavamaks ja ohutumaks, s\u00e4\u00e4stes aega ja energiat.<\/div>\n<\/td>\n<\/tr>\n<tr>\n<td style=\"width: 14.5908%;\"><img decoding=\"async\" src=\"https:\/\/konner-sohnen.ee\/cdn\/shop\/files\/ks-cs-macro-1.jpg?v=1731416219&amp;width=500\" alt=\"K\u00d5RGTASEMELINE KAITSE\" \/><\/td>\n<td style=\"width: 85.4092%;\">\n<h3>K\u00d5RGTASEMELINE KAITSE<\/h3>\n<div class=\"text-sm\">K\u00f6nner &amp; S\u00f6hnen\u00ae bensiinimootorsaed on varustatud sisseehitatud turvaelementidega. Inertsia ketipidur aktiveerub automaatselt tagasil\u00f6\u00f6gi korral ja peatab koheselt keti. Naelutatud kaitseraud hoiab puidu l\u00f5ikamise ajal kindlalt paigal, tagades stabiilse ja ohutu t\u00f6\u00f6. Keti p\u00fc\u00fcdja on loodud juhuks, kui kett libiseb maha v\u00f5i puruneb. See p\u00fc\u00fcab keti kinni, v\u00e4ltides vigastusi ja \u00f5nnetusi. Gaasip\u00e4\u00e4stiku lukk takistab p\u00e4\u00e4stiku juhuslikku vajutamist mootorsae liigutamise ajal.<\/div>\n<\/td>\n<\/tr>\n<tr>\n<td style=\"width: 14.5908%;\"><img decoding=\"async\" src=\"https:\/\/konner-sohnen.ee\/cdn\/shop\/files\/ks-cs-macro-5.jpg?v=1731416348&amp;width=500\" alt=\"VIBRATSIOONIVASTANE S\u00dcSTEEM\" \/><\/td>\n<td style=\"width: 85.4092%;\">\n<h3>VIBRATSIOONIVASTANE S\u00dcSTEEM<\/h3>\n<div class=\"text-sm\">Mootorilt k\u00e4tele edastatava vibratsiooni taseme v\u00e4hendamine parandab t\u00f6\u00f6 mugavust ja v\u00e4hendab v\u00e4simust. Saate t\u00f6\u00f6tada kauem ilma pausideta, suurendades tootlikkust.<\/div>\n<\/td>\n<\/tr>\n<tr>\n<td style=\"width: 14.5908%;\"><img decoding=\"async\" src=\"https:\/\/konner-sohnen.ee\/cdn\/shop\/files\/ks-cs-macro-6.jpg?v=1731416400&amp;width=500\" alt=\"PAINDLIKKUS KOMPONENTIDE VALIMISEL\" \/><\/td>\n<td style=\"width: 85.4092%;\">\n<h3>PAINDLIKKUS KOMPONENTIDE VALIMISEL<\/h3>\n<div class=\"text-sm\">S\u00f5ltuvalt l\u00f5igatava puidu l\u00e4bim\u00f5\u00f5dust ja t\u00fc\u00fcbist saate valida sobiva lati ja keti pikkuse t\u00f5husaks t\u00f6\u00f6ks. Saadaval on K\u00f6nner &amp; S\u00f6hnen\u00ae ja Oregoni latid ja ketid.<\/div>\n<\/td>\n<\/tr>\n<tr>\n<td style=\"width: 14.5908%;\"><img decoding=\"async\" src=\"https:\/\/konner-sohnen.ee\/cdn\/shop\/files\/ks-cs-macro-7.jpg?v=1731416740&amp;width=500\" alt=\"KUMMIST KATE K\u00c4EPIDEMEL MUGAVAKS HAARMISEKS\" \/><\/td>\n<td style=\"width: 85.4092%;\">\n<h3>KUMMIST KATE K\u00c4EPIDEMEL MUGAVAKS HAARMISEKS<\/h3>\n<div class=\"text-sm\">Tagumise k\u00e4epideme eriline kummist kate tagab kindla haarde ja enesekindla mootorsae juhtimise.<\/div>\n<\/td>\n<\/tr>\n<tr>\n<td style=\"width: 14.5908%;\"><img decoding=\"async\" src=\"https:\/\/konner-sohnen.ee\/cdn\/shop\/files\/ks-cs-macro-1-1.jpg?v=1731417948&amp;width=500\" alt=\"\u00dcMAR K\u00c4EPIDE\" \/><\/td>\n<td style=\"width: 85.4092%;\">\n<h3>\u00dcMAR K\u00c4EPIDE<\/h3>\n<div class=\"text-sm\">Kettsae kaarekujuline k\u00e4epide on oluline omadus, mis m\u00e4rkimisv\u00e4\u00e4rselt suurendab mugavust, v\u00f5imaldades teil h\u00f5lpsasti valida mis tahes l\u00f5ikenurga ja vahetada vertikaalsetelt l\u00f5igetelt horisontaalsetele erakordse t\u00e4psusega.<\/div>\n<\/td>\n<\/tr>\n<\/tbody>\n<\/table>","protected":false},"excerpt":{"rendered":"<table>\n<tbody>\n<tr>\n<td>Moottoriteho, hv\/kW<\/td>\n<td>3.1\/2.3<\/td>\n<\/tr>\n<tr>\n<td>Maksimaalne kiirus, p\/min<\/td>\n<td>11000\u00b1500<\/td>\n<\/tr>\n<tr>\n<td>Polttoaines\u00e4ili\u00f6n tilavuus, L<\/td>\n<td>550<\/td>\n<\/tr>\n<tr>\n<td>T\u00f6\u00f6sagedus, p\/min<\/td>\n<td>8500<\/td>\n<\/tr>\n<tr>\n<td>Juhtplaat<\/td>\n<td>KS 188THK095<\/td>\n<\/tr>\n<tr>\n<td>Keti pikkus<\/td>\n<td>18\u201d (45 cm)<\/td>\n<\/tr>\n<tr>\n<td>Keti samm<\/td>\n<td>0,325\u201d (8,25 mm)<\/td>\n<\/tr>\n<tr>\n<td>Keti m\u00f5\u00f5dik<\/td>\n<td>0,058\u201d (1,5 mm)<\/td>\n<\/tr>\n<tr>\n<td>Juhtivate linkide arv<\/td>\n<td>72<\/td>\n<\/tr>\n<tr>\n<td>\u00d5lipaagi maht, ml<\/td>\n<td>260<\/td>\n<\/tr>\n<tr>\n<td>Keti m\u00e4\u00e4rdes\u00fcsteem<\/td>\n<td>Automaatne pump koos reguleerijaga<\/td>\n<\/tr>\n<tr>\n<td>T\u00fchik\u00e4igu kiirus, p\/min<\/td>\n<td>3000\u00b1300<\/td>\n<\/tr>\n<tr>\n<td>M\u00fcra tase Lpa (7m)\/Lwa, dB<\/td>\n<td>117<\/td>\n<\/tr>\n<tr>\n<td>\u00dcldm\u00f5\u00f5tmed (PxLxK), mm<\/td>\n<td>505\u00d7255\u00d7300<\/td>\n<\/tr>\n<tr>\n<td>Nettopaino, kg<\/td>\n<td>5.6<\/td>\n<\/tr>\n<tr>\n<td>Kogukaal, kg<\/td>\n<td>7.5<\/td>\n<\/tr>\n<tr>\n<td>SKU<\/td>\n<td>KS CS31G-18<\/td>\n<\/tr>\n<tr>\n<td>V\u00f6\u00f6tkood<\/td>\n<td>4260405367948<\/td>\n<\/tr>\n<\/tbody>\n<\/table>","protected":false},"featured_media":21424,"template":"","meta":{"_acf_changed":false,"inline_featured_image":false},"product_brand":[],"product_cat":[159,183,182],"product_tag":[],"class_list":{"0":"post-21423","1":"product","2":"type-product","3":"status-publish","4":"has-post-thumbnail","6":"product_cat-aiatooriistad","7":"product_cat-bensiinisaed","8":"product_cat-saed","9":"product_shipping_class-vaikepakk","10":"brand-konner-sohnen","12":"first","13":"instock","14":"taxable","15":"shipping-taxable","16":"purchasable","17":"product-type-simple"},"acf":[],"yoast_head":"<!-- This site is optimized with the Yoast SEO plugin v26.2 - https:\/\/yoast.com\/wordpress\/plugins\/seo\/ -->\n<title>Bensiinimootorsaag KS CS31G-18 - Genekas24<\/title>\n<meta name=\"robots\" content=\"index, follow, max-snippet:-1, max-image-preview:large, max-video-preview:-1\" \/>\n<link rel=\"canonical\" href=\"https:\/\/staging.genekas24.ee\/fi\/tuote\/bensiinimootorsaag-ks-cs31g-18\/\" \/>\n<meta property=\"og:locale\" content=\"fi_FI\" \/>\n<meta property=\"og:type\" content=\"article\" \/>\n<meta property=\"og:title\" content=\"Bensiinimootorsaag KS CS31G-18 - Genekas24\" \/>\n<meta property=\"og:description\" content=\"Mootori v\u00f5imsus, hj\/kW 3.1\/2.3   Maksimaalne kiirus, p\/min 11000\u00b1500   K\u00fctusepaagi maht, l 550   T\u00f6\u00f6sagedus, p\/min 8500   Juhtplaat KS 188THK095   Keti pikkus 18\u201d (45 cm)   Keti samm 0,325\u201d (8,25 mm)   Keti m\u00f5\u00f5dik 0,058\u201d (1,5 mm)   Juhtivate linkide arv 72   \u00d5lipaagi maht, ml 260   Keti m\u00e4\u00e4rdes\u00fcsteem Automaatne pump koos reguleerijaga   T\u00fchik\u00e4igu kiirus, p\/min 3000\u00b1300   M\u00fcra tase Lpa (7m)\/Lwa, dB 117   \u00dcldm\u00f5\u00f5tmed (PxLxK), mm 505\u00d7255\u00d7300   Netokaal, kg 5.6   Kogukaal, kg 7.5   SKU KS CS31G-18   V\u00f6\u00f6tkood 4260405367948\" \/>\n<meta property=\"og:url\" content=\"https:\/\/staging.genekas24.ee\/fi\/tuote\/bensiinimootorsaag-ks-cs31g-18\/\" \/>\n<meta property=\"og:site_name\" content=\"Genekas24\" \/>\n<meta property=\"og:image\" content=\"https:\/\/staging.genekas24.ee\/wp-content\/uploads\/2025\/12\/ks-cs31g-18-01.webp\" \/>\n\t<meta property=\"og:image:width\" content=\"1600\" \/>\n\t<meta property=\"og:image:height\" content=\"1600\" \/>\n\t<meta property=\"og:image:type\" content=\"image\/webp\" \/>\n<meta name=\"twitter:card\" content=\"summary_large_image\" \/>\n<meta name=\"twitter:label1\" content=\"Arvioitu lukuaika\" \/>\n\t<meta name=\"twitter:data1\" content=\"6 minuuttia\" \/>\n<script type=\"application\/ld+json\" class=\"yoast-schema-graph\">{\"@context\":\"https:\/\/schema.org\",\"@graph\":[{\"@type\":\"WebPage\",\"@id\":\"https:\/\/staging.genekas24.ee\/toode\/bensiinimootorsaag-ks-cs31g-18\/\",\"url\":\"https:\/\/staging.genekas24.ee\/toode\/bensiinimootorsaag-ks-cs31g-18\/\",\"name\":\"Bensiinimootorsaag KS CS31G-18 - Genekas24\",\"isPartOf\":{\"@id\":\"https:\/\/staging.genekas24.ee\/#website\"},\"primaryImageOfPage\":{\"@id\":\"https:\/\/staging.genekas24.ee\/toode\/bensiinimootorsaag-ks-cs31g-18\/#primaryimage\"},\"image\":{\"@id\":\"https:\/\/staging.genekas24.ee\/toode\/bensiinimootorsaag-ks-cs31g-18\/#primaryimage\"},\"thumbnailUrl\":\"https:\/\/staging.genekas24.ee\/wp-content\/uploads\/2025\/12\/ks-cs31g-18-01.webp\",\"datePublished\":\"2025-12-17T12:24:25+00:00\",\"breadcrumb\":{\"@id\":\"https:\/\/staging.genekas24.ee\/toode\/bensiinimootorsaag-ks-cs31g-18\/#breadcrumb\"},\"inLanguage\":\"fi\",\"potentialAction\":[{\"@type\":\"ReadAction\",\"target\":[\"https:\/\/staging.genekas24.ee\/toode\/bensiinimootorsaag-ks-cs31g-18\/\"]}]},{\"@type\":\"ImageObject\",\"inLanguage\":\"fi\",\"@id\":\"https:\/\/staging.genekas24.ee\/toode\/bensiinimootorsaag-ks-cs31g-18\/#primaryimage\",\"url\":\"https:\/\/staging.genekas24.ee\/wp-content\/uploads\/2025\/12\/ks-cs31g-18-01.webp\",\"contentUrl\":\"https:\/\/staging.genekas24.ee\/wp-content\/uploads\/2025\/12\/ks-cs31g-18-01.webp\",\"width\":1600,\"height\":1600},{\"@type\":\"BreadcrumbList\",\"@id\":\"https:\/\/staging.genekas24.ee\/toode\/bensiinimootorsaag-ks-cs31g-18\/#breadcrumb\",\"itemListElement\":[{\"@type\":\"ListItem\",\"position\":1,\"name\":\"Home\",\"item\":\"https:\/\/staging.genekas24.ee\/\"},{\"@type\":\"ListItem\",\"position\":2,\"name\":\"Pood\",\"item\":\"https:\/\/staging.genekas24.ee\/pood\/\"},{\"@type\":\"ListItem\",\"position\":3,\"name\":\"Bensiinimootorsaag KS CS31G-18\"}]},{\"@type\":\"WebSite\",\"@id\":\"https:\/\/staging.genekas24.ee\/#website\",\"url\":\"https:\/\/staging.genekas24.ee\/\",\"name\":\"Genekas24\",\"description\":\"Generaatorid | K&ouml;nner S&ouml;hnen tooted | Genekas24\",\"publisher\":{\"@id\":\"https:\/\/staging.genekas24.ee\/#organization\"},\"potentialAction\":[{\"@type\":\"SearchAction\",\"target\":{\"@type\":\"EntryPoint\",\"urlTemplate\":\"https:\/\/staging.genekas24.ee\/?s={search_term_string}\"},\"query-input\":{\"@type\":\"PropertyValueSpecification\",\"valueRequired\":true,\"valueName\":\"search_term_string\"}}],\"inLanguage\":\"fi\"},{\"@type\":\"Organization\",\"@id\":\"https:\/\/staging.genekas24.ee\/#organization\",\"name\":\"Genekas24\",\"url\":\"https:\/\/staging.genekas24.ee\/\",\"logo\":{\"@type\":\"ImageObject\",\"inLanguage\":\"fi\",\"@id\":\"https:\/\/staging.genekas24.ee\/#\/schema\/logo\/image\/\",\"url\":\"https:\/\/staging.genekas24.ee\/wp-content\/uploads\/2026\/01\/genekas24-logo_black.svg\",\"contentUrl\":\"https:\/\/staging.genekas24.ee\/wp-content\/uploads\/2026\/01\/genekas24-logo_black.svg\",\"width\":840,\"height\":131,\"caption\":\"Genekas24\"},\"image\":{\"@id\":\"https:\/\/staging.genekas24.ee\/#\/schema\/logo\/image\/\"}}]}<\/script>\n<!-- \/ Yoast SEO plugin. -->","yoast_head_json":{"title":"Bensiinimootorsaag KS CS31G-18 - Genekas24","robots":{"index":"index","follow":"follow","max-snippet":"max-snippet:-1","max-image-preview":"max-image-preview:large","max-video-preview":"max-video-preview:-1"},"canonical":"https:\/\/staging.genekas24.ee\/fi\/tuote\/bensiinimootorsaag-ks-cs31g-18\/","og_locale":"fi_FI","og_type":"article","og_title":"Bensiinimootorsaag KS CS31G-18 - Genekas24","og_description":"Mootori v\u00f5imsus, hj\/kW 3.1\/2.3   Maksimaalne kiirus, p\/min 11000\u00b1500   K\u00fctusepaagi maht, l 550   T\u00f6\u00f6sagedus, p\/min 8500   Juhtplaat KS 188THK095   Keti pikkus 18\u201d (45 cm)   Keti samm 0,325\u201d (8,25 mm)   Keti m\u00f5\u00f5dik 0,058\u201d (1,5 mm)   Juhtivate linkide arv 72   \u00d5lipaagi maht, ml 260   Keti m\u00e4\u00e4rdes\u00fcsteem Automaatne pump koos reguleerijaga   T\u00fchik\u00e4igu kiirus, p\/min 3000\u00b1300   M\u00fcra tase Lpa (7m)\/Lwa, dB 117   \u00dcldm\u00f5\u00f5tmed (PxLxK), mm 505\u00d7255\u00d7300   Netokaal, kg 5.6   Kogukaal, kg 7.5   SKU KS CS31G-18   V\u00f6\u00f6tkood 4260405367948","og_url":"https:\/\/staging.genekas24.ee\/fi\/tuote\/bensiinimootorsaag-ks-cs31g-18\/","og_site_name":"Genekas24","og_image":[{"width":1600,"height":1600,"url":"https:\/\/staging.genekas24.ee\/wp-content\/uploads\/2025\/12\/ks-cs31g-18-01.webp","type":"image\/webp"}],"twitter_card":"summary_large_image","twitter_misc":{"Arvioitu lukuaika":"6 minuuttia"},"schema":{"@context":"https:\/\/schema.org","@graph":[{"@type":"WebPage","@id":"https:\/\/staging.genekas24.ee\/toode\/bensiinimootorsaag-ks-cs31g-18\/","url":"https:\/\/staging.genekas24.ee\/toode\/bensiinimootorsaag-ks-cs31g-18\/","name":"Bensiinimootorsaag KS CS31G-18 - Genekas24","isPartOf":{"@id":"https:\/\/staging.genekas24.ee\/#website"},"primaryImageOfPage":{"@id":"https:\/\/staging.genekas24.ee\/toode\/bensiinimootorsaag-ks-cs31g-18\/#primaryimage"},"image":{"@id":"https:\/\/staging.genekas24.ee\/toode\/bensiinimootorsaag-ks-cs31g-18\/#primaryimage"},"thumbnailUrl":"https:\/\/staging.genekas24.ee\/wp-content\/uploads\/2025\/12\/ks-cs31g-18-01.webp","datePublished":"2025-12-17T12:24:25+00:00","breadcrumb":{"@id":"https:\/\/staging.genekas24.ee\/toode\/bensiinimootorsaag-ks-cs31g-18\/#breadcrumb"},"inLanguage":"fi","potentialAction":[{"@type":"ReadAction","target":["https:\/\/staging.genekas24.ee\/toode\/bensiinimootorsaag-ks-cs31g-18\/"]}]},{"@type":"ImageObject","inLanguage":"fi","@id":"https:\/\/staging.genekas24.ee\/toode\/bensiinimootorsaag-ks-cs31g-18\/#primaryimage","url":"https:\/\/staging.genekas24.ee\/wp-content\/uploads\/2025\/12\/ks-cs31g-18-01.webp","contentUrl":"https:\/\/staging.genekas24.ee\/wp-content\/uploads\/2025\/12\/ks-cs31g-18-01.webp","width":1600,"height":1600},{"@type":"BreadcrumbList","@id":"https:\/\/staging.genekas24.ee\/toode\/bensiinimootorsaag-ks-cs31g-18\/#breadcrumb","itemListElement":[{"@type":"ListItem","position":1,"name":"Home","item":"https:\/\/staging.genekas24.ee\/"},{"@type":"ListItem","position":2,"name":"Pood","item":"https:\/\/staging.genekas24.ee\/pood\/"},{"@type":"ListItem","position":3,"name":"Bensiinimootorsaag KS CS31G-18"}]},{"@type":"WebSite","@id":"https:\/\/staging.genekas24.ee\/#website","url":"https:\/\/staging.genekas24.ee\/","name":"Genekas24","description":"Generaatorid | K&ouml;nner S&ouml;hnen tooted | Genekas24","publisher":{"@id":"https:\/\/staging.genekas24.ee\/#organization"},"potentialAction":[{"@type":"SearchAction","target":{"@type":"EntryPoint","urlTemplate":"https:\/\/staging.genekas24.ee\/?s={search_term_string}"},"query-input":{"@type":"PropertyValueSpecification","valueRequired":true,"valueName":"search_term_string"}}],"inLanguage":"fi"},{"@type":"Organization","@id":"https:\/\/staging.genekas24.ee\/#organization","name":"Genekas24","url":"https:\/\/staging.genekas24.ee\/","logo":{"@type":"ImageObject","inLanguage":"fi","@id":"https:\/\/staging.genekas24.ee\/#\/schema\/logo\/image\/","url":"https:\/\/staging.genekas24.ee\/wp-content\/uploads\/2026\/01\/genekas24-logo_black.svg","contentUrl":"https:\/\/staging.genekas24.ee\/wp-content\/uploads\/2026\/01\/genekas24-logo_black.svg","width":840,"height":131,"caption":"Genekas24"},"image":{"@id":"https:\/\/staging.genekas24.ee\/#\/schema\/logo\/image\/"}}]}},"_links":{"self":[{"href":"https:\/\/staging.genekas24.ee\/fi\/wp-json\/wp\/v2\/product\/21423","targetHints":{"allow":["GET"]}}],"collection":[{"href":"https:\/\/staging.genekas24.ee\/fi\/wp-json\/wp\/v2\/product"}],"about":[{"href":"https:\/\/staging.genekas24.ee\/fi\/wp-json\/wp\/v2\/types\/product"}],"version-history":[{"count":1,"href":"https:\/\/staging.genekas24.ee\/fi\/wp-json\/wp\/v2\/product\/21423\/revisions"}],"predecessor-version":[{"id":21429,"href":"https:\/\/staging.genekas24.ee\/fi\/wp-json\/wp\/v2\/product\/21423\/revisions\/21429"}],"wp:featuredmedia":[{"embeddable":true,"href":"https:\/\/staging.genekas24.ee\/fi\/wp-json\/wp\/v2\/media\/21424"}],"wp:attachment":[{"href":"https:\/\/staging.genekas24.ee\/fi\/wp-json\/wp\/v2\/media?parent=21423"}],"wp:term":[{"taxonomy":"product_brand","embeddable":true,"href":"https:\/\/staging.genekas24.ee\/fi\/wp-json\/wp\/v2\/product_brand?post=21423"},{"taxonomy":"product_cat","embeddable":true,"href":"https:\/\/staging.genekas24.ee\/fi\/wp-json\/wp\/v2\/product_cat?post=21423"},{"taxonomy":"product_tag","embeddable":true,"href":"https:\/\/staging.genekas24.ee\/fi\/wp-json\/wp\/v2\/product_tag?post=21423"}],"curies":[{"name":"wp","href":"https:\/\/api.w.org\/{rel}","templated":true}]}}