{"id":21378,"date":"2025-12-17T12:24:06","date_gmt":"2025-12-17T12:24:06","guid":{"rendered":"https:\/\/staging.genekas24.ee\/?post_type=product&#038;p=21378"},"modified":"2025-12-17T12:24:06","modified_gmt":"2025-12-17T12:24:06","slug":"bensiinimootorsaag-ks-cs20g-16","status":"publish","type":"product","link":"https:\/\/staging.genekas24.ee\/fi\/tuote\/bensiinimootorsaag-ks-cs20g-16\/","title":{"rendered":"Bensiinimootorsaag KS CS20G-16"},"content":{"rendered":"<p>K\u00f6nner &amp; S\u00f6hnen\u00ae KS CS20G-16 kettsaag (2,1 hj, 1,6 kW, 40 cm latt) \u00fchendab j\u00f5udluse, t\u00f6\u00f6kindluse ja kasutusmugavuse. Usaldusv\u00e4\u00e4rne mootor tagab t\u00f5husa k\u00fctuse p\u00f5lemise, v\u00e4hendab tarbimist ja suurendab v\u00f5imsust. \u201cSuvi\/Talv\u201d re\u017eiim kaitseb karburaatorit j\u00e4\u00e4tumise eest. Ohutusfunktsioonide hulka kuuluvad inertsiahelapidur, naelap\u00f5rkeraud, ahelap\u00fc\u00fcdja ja gaasiluku nupp. EASY START, primer ja automaatne STOP-nupp tagavad vaevatu k\u00e4ivitamise. K\u00fclgmine ahela pingutamine, kiire juurdep\u00e4\u00e4s \u00f5hufiltrile ja ergonoomiline \u00fcmar k\u00e4epide kummist kattega muudavad t\u00f6\u00f6 mugavaks ka pikaajalisel kasutamisel.<\/p>\n<table style=\"border-collapse: collapse; width: 100%;\">\n<tbody>\n<tr>\n<td style=\"width: 16.0391%;\"><img decoding=\"async\" src=\"https:\/\/konner-sohnen.ee\/cdn\/shop\/files\/01-16-kw-power-40-cm-bar-13000-rpm-ks-cs20g-16.jpg?v=1763973563&amp;width=500\" alt=\"1.6 kW v\u00f5imsus, 40 cm latt, 13 000 p\/min\" \/><\/td>\n<td style=\"width: 83.9609%;\">\n<h3>1.6 kW v\u00f5imsus, 40 cm latt, 13 000 p\/min<\/h3>\n<div class=\"text-sm\">need parameetrid pakuvad t\u00e4iuslikku tasakaalu tugevuse ja kasutusmugavuse vahel. Saag k\u00e4sitleb h\u00f5lpsasti puude p\u00fcgamine, k\u00fcttepuude ettevalmistamine ja muud majapidamist\u00f6\u00f6d.<\/div>\n<\/td>\n<\/tr>\n<tr>\n<td style=\"width: 16.0391%;\"><img decoding=\"async\" src=\"https:\/\/konner-sohnen.ee\/cdn\/shop\/files\/02-summer-winter-modes-ks-cs20g-16.jpg?v=1763973563&amp;width=500\" alt=\"\u201cSuve\/talve\u201d re\u017eiimid\" \/><\/td>\n<td style=\"width: 83.9609%;\">\n<h3>\u201cSuve\/talve\u201d re\u017eiimid<\/h3>\n<div class=\"text-sm\">t\u00e4nu spetsiaalsele soojus\u00f5hu jahutuss\u00fcsteemile silindrist on karburaator usaldusv\u00e4\u00e4rselt kaitstud j\u00e4\u00e4tumise eest. See tagab stabiilse k\u00e4ivitamise ja katkematu t\u00f6\u00f6 kogu aasta v\u00e4ltel.<\/div>\n<\/td>\n<\/tr>\n<tr>\n<td style=\"width: 16.0391%;\"><img decoding=\"async\" src=\"https:\/\/konner-sohnen.ee\/cdn\/shop\/files\/03-inertia-chain-brake-ks-cs20g-16.jpg?v=1763973563&amp;width=500\" alt=\"Inertsia ketipidur\" \/><\/td>\n<td style=\"width: 83.9609%;\">\n<h3>Inertsia ketipidur<\/h3>\n<div class=\"text-sm\">kaasaegne turvas\u00fcsteem, mis aktiveerub koheselt tagasil\u00f6\u00f6gi korral, et peatada kett. See v\u00e4hendab vigastuste riski ja v\u00f5imaldab enesekindlat t\u00f6\u00f6tamist isegi suurte koormuste all.<\/div>\n<\/td>\n<\/tr>\n<tr>\n<td style=\"width: 16.0391%;\"><img decoding=\"async\" src=\"https:\/\/konner-sohnen.ee\/cdn\/shop\/files\/04-automatic-stop-button-ks-cs20g-16.jpg?v=1763973563&amp;width=500\" alt=\"Automaatne STOPP-nupp\" \/><\/td>\n<td style=\"width: 83.9609%;\">\n<h3>Automaatne STOPP-nupp<\/h3>\n<div class=\"text-sm\">p\u00e4rast mootori seiskamist naaseb nupp automaatselt START-asendisse. T\u00e4nu sellele on kettsaag alati valmis j\u00e4rgmiseks k\u00e4ivitamiseks ilma lisasammudeta.<\/div>\n<\/td>\n<\/tr>\n<tr>\n<td style=\"width: 16.0391%;\"><img decoding=\"async\" src=\"https:\/\/konner-sohnen.ee\/cdn\/shop\/files\/05-side-chain-tensioning-ks-cs20g-16.jpg?v=1763973563&amp;width=500\" alt=\"K\u00fclgahela pingutamine\" \/><\/td>\n<td style=\"width: 83.9609%;\">\n<h3>K\u00fclgahela pingutamine<\/h3>\n<div class=\"text-sm\">mugav reguleerimiss\u00fcsteem, mis v\u00f5imaldab teil kiiresti ja ohutult ketti pingutada korpuse k\u00fcljelt ilma katet eemaldamata.<\/div>\n<\/td>\n<\/tr>\n<tr>\n<td style=\"width: 16.0391%;\"><img decoding=\"async\" src=\"https:\/\/konner-sohnen.ee\/cdn\/shop\/files\/06-convenient-air-filter-clip-ks-cs20g-16.jpg?v=1763973564&amp;width=500\" alt=\"Mugav klamber \u00f5hufiltri jaoks\" \/><\/td>\n<td style=\"width: 83.9609%;\">\n<div class=\"left\">\n<h3>Mugav klamber \u00f5hufiltri jaoks<\/h3>\n<div class=\"text-sm\">v\u00f5imaldab kiiret ja lihtsat juurdep\u00e4\u00e4su filtrile puhastamiseks v\u00f5i vahetamiseks, lihtsustades hooldust.<\/div>\n<\/div>\n<div class=\"right\"><\/div>\n<\/td>\n<\/tr>\n<tr>\n<td style=\"width: 16.0391%;\"><img decoding=\"async\" src=\"https:\/\/konner-sohnen.ee\/cdn\/shop\/files\/07-manual-fuel-pump-primer-ks-cs20g-16.jpg?v=1763973563&amp;width=500\" alt=\"K\u00e4sitsi k\u00fctusepump (primer)\" \/><\/td>\n<td style=\"width: 83.9609%;\">\n<h3>K\u00e4sitsi k\u00fctusepump (primer)<\/h3>\n<div class=\"text-sm\">toimetab kiiresti k\u00fctuse segu karburaatorisse, v\u00e4hendades starteri t\u00f5mmete arvu ja pikendades selle kasutusiga.<\/div>\n<\/td>\n<\/tr>\n<tr>\n<td style=\"width: 16.0391%;\"><img decoding=\"async\" src=\"https:\/\/konner-sohnen.ee\/cdn\/shop\/files\/08-easy-start-ks-cs20g-16.jpg?v=1763973564&amp;width=500\" alt=\"Lihtne k\u00e4ivitamine\" \/><\/td>\n<td style=\"width: 83.9609%;\">\n<h3>Lihtne k\u00e4ivitamine<\/h3>\n<div class=\"text-sm\">starter koos lisavedruga tagab lihtsa ja kiire mootori k\u00e4ivitamise minimaalsete pingutustega.<\/div>\n<\/td>\n<\/tr>\n<\/tbody>\n<\/table>","protected":false},"excerpt":{"rendered":"<table>\n<tbody>\n<tr>\n<td>Moottoriteho, hv\/kW<\/td>\n<td>2.1\/1.6<\/td>\n<\/tr>\n<tr>\n<td>Maksimaalne kiirus, p\/min<\/td>\n<td>13000<\/td>\n<\/tr>\n<tr>\n<td>Polttoaines\u00e4ili\u00f6n tilavuus, L<\/td>\n<td>310<\/td>\n<\/tr>\n<tr>\n<td>T\u00f6\u00f6sagedus, p\/min<\/td>\n<td>9000<\/td>\n<\/tr>\n<tr>\n<td>Keti pikkus<\/td>\n<td>16\u201d (40 cm)<\/td>\n<\/tr>\n<tr>\n<td>Keti samm<\/td>\n<td>3\/8&#8243; LP<\/td>\n<\/tr>\n<tr>\n<td>Keti m\u00f5\u00f5dik<\/td>\n<td>0,050\u201d (1,3 mm)<\/td>\n<\/tr>\n<tr>\n<td>\u00d5lipaagi maht, ml<\/td>\n<td>210<\/td>\n<\/tr>\n<tr>\n<td>Keti m\u00e4\u00e4rdes\u00fcsteem<\/td>\n<td>Automaatpump koos regulaatoriga<\/td>\n<\/tr>\n<tr>\n<td>M\u00fcra tase Lpa (7m)\/Lwa, dB<\/td>\n<td>110<\/td>\n<\/tr>\n<tr>\n<td>\u00dcldm\u00f5\u00f5tmed (PxLxK), mm<\/td>\n<td>425\u00d7260\u00d7300<\/td>\n<\/tr>\n<tr>\n<td>Nettopaino, kg<\/td>\n<td>5.6<\/td>\n<\/tr>\n<tr>\n<td>SKU<\/td>\n<td>KS CS20G-16<\/td>\n<\/tr>\n<tr>\n<td>V\u00f6\u00f6tkood<\/td>\n<td>4260405368983<\/td>\n<\/tr>\n<\/tbody>\n<\/table>","protected":false},"featured_media":21380,"template":"","meta":{"_acf_changed":false,"inline_featured_image":false},"product_brand":[],"product_cat":[159,183,182],"product_tag":[],"class_list":{"0":"post-21378","1":"product","2":"type-product","3":"status-publish","4":"has-post-thumbnail","6":"product_cat-aiatooriistad","7":"product_cat-bensiinisaed","8":"product_cat-saed","9":"product_shipping_class-vaikepakk","10":"brand-konner-sohnen","12":"first","13":"instock","14":"taxable","15":"shipping-taxable","16":"purchasable","17":"product-type-simple"},"acf":[],"yoast_head":"<!-- This site is optimized with the Yoast SEO plugin v26.2 - https:\/\/yoast.com\/wordpress\/plugins\/seo\/ -->\n<title>Bensiinimootorsaag KS CS20G-16 - Genekas24<\/title>\n<meta name=\"robots\" content=\"index, follow, max-snippet:-1, max-image-preview:large, max-video-preview:-1\" \/>\n<link rel=\"canonical\" href=\"https:\/\/staging.genekas24.ee\/fi\/tuote\/bensiinimootorsaag-ks-cs20g-16\/\" \/>\n<meta property=\"og:locale\" content=\"fi_FI\" \/>\n<meta property=\"og:type\" content=\"article\" \/>\n<meta property=\"og:title\" content=\"Bensiinimootorsaag KS CS20G-16 - Genekas24\" \/>\n<meta property=\"og:description\" content=\"Mootori v\u00f5imsus, hj\/kW 2.1\/1.6   Maksimaalne kiirus, p\/min 13000   K\u00fctusepaagi maht, l 310   T\u00f6\u00f6sagedus, p\/min 9000   Keti pikkus 16\u201d (40 cm)   Keti samm 3\/8&quot; LP   Keti m\u00f5\u00f5dik 0,050\u201d (1,3 mm)   \u00d5lipaagi maht, ml 210   Keti m\u00e4\u00e4rdes\u00fcsteem Automaatpump koos regulaatoriga   M\u00fcra tase Lpa (7m)\/Lwa, dB 110   \u00dcldm\u00f5\u00f5tmed (PxLxK), mm 425\u00d7260\u00d7300   Netokaal, kg 5.6   SKU KS CS20G-16   V\u00f6\u00f6tkood 4260405368983\" \/>\n<meta property=\"og:url\" content=\"https:\/\/staging.genekas24.ee\/fi\/tuote\/bensiinimootorsaag-ks-cs20g-16\/\" \/>\n<meta property=\"og:site_name\" content=\"Genekas24\" \/>\n<meta property=\"og:image\" content=\"https:\/\/staging.genekas24.ee\/wp-content\/uploads\/2025\/12\/KS-CS20G-16_1.webp\" \/>\n\t<meta property=\"og:image:width\" content=\"1600\" \/>\n\t<meta property=\"og:image:height\" content=\"1600\" \/>\n\t<meta property=\"og:image:type\" content=\"image\/webp\" \/>\n<meta name=\"twitter:card\" content=\"summary_large_image\" \/>\n<meta name=\"twitter:label1\" content=\"Arvioitu lukuaika\" \/>\n\t<meta name=\"twitter:data1\" content=\"4 minuuttia\" \/>\n<script type=\"application\/ld+json\" class=\"yoast-schema-graph\">{\"@context\":\"https:\/\/schema.org\",\"@graph\":[{\"@type\":\"WebPage\",\"@id\":\"https:\/\/staging.genekas24.ee\/toode\/bensiinimootorsaag-ks-cs20g-16\/\",\"url\":\"https:\/\/staging.genekas24.ee\/toode\/bensiinimootorsaag-ks-cs20g-16\/\",\"name\":\"Bensiinimootorsaag KS CS20G-16 - Genekas24\",\"isPartOf\":{\"@id\":\"https:\/\/staging.genekas24.ee\/#website\"},\"primaryImageOfPage\":{\"@id\":\"https:\/\/staging.genekas24.ee\/toode\/bensiinimootorsaag-ks-cs20g-16\/#primaryimage\"},\"image\":{\"@id\":\"https:\/\/staging.genekas24.ee\/toode\/bensiinimootorsaag-ks-cs20g-16\/#primaryimage\"},\"thumbnailUrl\":\"https:\/\/staging.genekas24.ee\/wp-content\/uploads\/2025\/12\/KS-CS20G-16_1.webp\",\"datePublished\":\"2025-12-17T12:24:06+00:00\",\"breadcrumb\":{\"@id\":\"https:\/\/staging.genekas24.ee\/toode\/bensiinimootorsaag-ks-cs20g-16\/#breadcrumb\"},\"inLanguage\":\"fi\",\"potentialAction\":[{\"@type\":\"ReadAction\",\"target\":[\"https:\/\/staging.genekas24.ee\/toode\/bensiinimootorsaag-ks-cs20g-16\/\"]}]},{\"@type\":\"ImageObject\",\"inLanguage\":\"fi\",\"@id\":\"https:\/\/staging.genekas24.ee\/toode\/bensiinimootorsaag-ks-cs20g-16\/#primaryimage\",\"url\":\"https:\/\/staging.genekas24.ee\/wp-content\/uploads\/2025\/12\/KS-CS20G-16_1.webp\",\"contentUrl\":\"https:\/\/staging.genekas24.ee\/wp-content\/uploads\/2025\/12\/KS-CS20G-16_1.webp\",\"width\":1600,\"height\":1600},{\"@type\":\"BreadcrumbList\",\"@id\":\"https:\/\/staging.genekas24.ee\/toode\/bensiinimootorsaag-ks-cs20g-16\/#breadcrumb\",\"itemListElement\":[{\"@type\":\"ListItem\",\"position\":1,\"name\":\"Home\",\"item\":\"https:\/\/staging.genekas24.ee\/\"},{\"@type\":\"ListItem\",\"position\":2,\"name\":\"Pood\",\"item\":\"https:\/\/staging.genekas24.ee\/pood\/\"},{\"@type\":\"ListItem\",\"position\":3,\"name\":\"Bensiinimootorsaag KS CS20G-16\"}]},{\"@type\":\"WebSite\",\"@id\":\"https:\/\/staging.genekas24.ee\/#website\",\"url\":\"https:\/\/staging.genekas24.ee\/\",\"name\":\"Genekas24\",\"description\":\"Generaatorid | K&ouml;nner S&ouml;hnen tooted | Genekas24\",\"publisher\":{\"@id\":\"https:\/\/staging.genekas24.ee\/#organization\"},\"potentialAction\":[{\"@type\":\"SearchAction\",\"target\":{\"@type\":\"EntryPoint\",\"urlTemplate\":\"https:\/\/staging.genekas24.ee\/?s={search_term_string}\"},\"query-input\":{\"@type\":\"PropertyValueSpecification\",\"valueRequired\":true,\"valueName\":\"search_term_string\"}}],\"inLanguage\":\"fi\"},{\"@type\":\"Organization\",\"@id\":\"https:\/\/staging.genekas24.ee\/#organization\",\"name\":\"Genekas24\",\"url\":\"https:\/\/staging.genekas24.ee\/\",\"logo\":{\"@type\":\"ImageObject\",\"inLanguage\":\"fi\",\"@id\":\"https:\/\/staging.genekas24.ee\/#\/schema\/logo\/image\/\",\"url\":\"https:\/\/staging.genekas24.ee\/wp-content\/uploads\/2026\/01\/genekas24-logo_black.svg\",\"contentUrl\":\"https:\/\/staging.genekas24.ee\/wp-content\/uploads\/2026\/01\/genekas24-logo_black.svg\",\"width\":840,\"height\":131,\"caption\":\"Genekas24\"},\"image\":{\"@id\":\"https:\/\/staging.genekas24.ee\/#\/schema\/logo\/image\/\"}}]}<\/script>\n<!-- \/ Yoast SEO plugin. -->","yoast_head_json":{"title":"Bensiinimootorsaag KS CS20G-16 - Genekas24","robots":{"index":"index","follow":"follow","max-snippet":"max-snippet:-1","max-image-preview":"max-image-preview:large","max-video-preview":"max-video-preview:-1"},"canonical":"https:\/\/staging.genekas24.ee\/fi\/tuote\/bensiinimootorsaag-ks-cs20g-16\/","og_locale":"fi_FI","og_type":"article","og_title":"Bensiinimootorsaag KS CS20G-16 - Genekas24","og_description":"Mootori v\u00f5imsus, hj\/kW 2.1\/1.6   Maksimaalne kiirus, p\/min 13000   K\u00fctusepaagi maht, l 310   T\u00f6\u00f6sagedus, p\/min 9000   Keti pikkus 16\u201d (40 cm)   Keti samm 3\/8\" LP   Keti m\u00f5\u00f5dik 0,050\u201d (1,3 mm)   \u00d5lipaagi maht, ml 210   Keti m\u00e4\u00e4rdes\u00fcsteem Automaatpump koos regulaatoriga   M\u00fcra tase Lpa (7m)\/Lwa, dB 110   \u00dcldm\u00f5\u00f5tmed (PxLxK), mm 425\u00d7260\u00d7300   Netokaal, kg 5.6   SKU KS CS20G-16   V\u00f6\u00f6tkood 4260405368983","og_url":"https:\/\/staging.genekas24.ee\/fi\/tuote\/bensiinimootorsaag-ks-cs20g-16\/","og_site_name":"Genekas24","og_image":[{"width":1600,"height":1600,"url":"https:\/\/staging.genekas24.ee\/wp-content\/uploads\/2025\/12\/KS-CS20G-16_1.webp","type":"image\/webp"}],"twitter_card":"summary_large_image","twitter_misc":{"Arvioitu lukuaika":"4 minuuttia"},"schema":{"@context":"https:\/\/schema.org","@graph":[{"@type":"WebPage","@id":"https:\/\/staging.genekas24.ee\/toode\/bensiinimootorsaag-ks-cs20g-16\/","url":"https:\/\/staging.genekas24.ee\/toode\/bensiinimootorsaag-ks-cs20g-16\/","name":"Bensiinimootorsaag KS CS20G-16 - Genekas24","isPartOf":{"@id":"https:\/\/staging.genekas24.ee\/#website"},"primaryImageOfPage":{"@id":"https:\/\/staging.genekas24.ee\/toode\/bensiinimootorsaag-ks-cs20g-16\/#primaryimage"},"image":{"@id":"https:\/\/staging.genekas24.ee\/toode\/bensiinimootorsaag-ks-cs20g-16\/#primaryimage"},"thumbnailUrl":"https:\/\/staging.genekas24.ee\/wp-content\/uploads\/2025\/12\/KS-CS20G-16_1.webp","datePublished":"2025-12-17T12:24:06+00:00","breadcrumb":{"@id":"https:\/\/staging.genekas24.ee\/toode\/bensiinimootorsaag-ks-cs20g-16\/#breadcrumb"},"inLanguage":"fi","potentialAction":[{"@type":"ReadAction","target":["https:\/\/staging.genekas24.ee\/toode\/bensiinimootorsaag-ks-cs20g-16\/"]}]},{"@type":"ImageObject","inLanguage":"fi","@id":"https:\/\/staging.genekas24.ee\/toode\/bensiinimootorsaag-ks-cs20g-16\/#primaryimage","url":"https:\/\/staging.genekas24.ee\/wp-content\/uploads\/2025\/12\/KS-CS20G-16_1.webp","contentUrl":"https:\/\/staging.genekas24.ee\/wp-content\/uploads\/2025\/12\/KS-CS20G-16_1.webp","width":1600,"height":1600},{"@type":"BreadcrumbList","@id":"https:\/\/staging.genekas24.ee\/toode\/bensiinimootorsaag-ks-cs20g-16\/#breadcrumb","itemListElement":[{"@type":"ListItem","position":1,"name":"Home","item":"https:\/\/staging.genekas24.ee\/"},{"@type":"ListItem","position":2,"name":"Pood","item":"https:\/\/staging.genekas24.ee\/pood\/"},{"@type":"ListItem","position":3,"name":"Bensiinimootorsaag KS CS20G-16"}]},{"@type":"WebSite","@id":"https:\/\/staging.genekas24.ee\/#website","url":"https:\/\/staging.genekas24.ee\/","name":"Genekas24","description":"Generaatorid | K&ouml;nner S&ouml;hnen tooted | Genekas24","publisher":{"@id":"https:\/\/staging.genekas24.ee\/#organization"},"potentialAction":[{"@type":"SearchAction","target":{"@type":"EntryPoint","urlTemplate":"https:\/\/staging.genekas24.ee\/?s={search_term_string}"},"query-input":{"@type":"PropertyValueSpecification","valueRequired":true,"valueName":"search_term_string"}}],"inLanguage":"fi"},{"@type":"Organization","@id":"https:\/\/staging.genekas24.ee\/#organization","name":"Genekas24","url":"https:\/\/staging.genekas24.ee\/","logo":{"@type":"ImageObject","inLanguage":"fi","@id":"https:\/\/staging.genekas24.ee\/#\/schema\/logo\/image\/","url":"https:\/\/staging.genekas24.ee\/wp-content\/uploads\/2026\/01\/genekas24-logo_black.svg","contentUrl":"https:\/\/staging.genekas24.ee\/wp-content\/uploads\/2026\/01\/genekas24-logo_black.svg","width":840,"height":131,"caption":"Genekas24"},"image":{"@id":"https:\/\/staging.genekas24.ee\/#\/schema\/logo\/image\/"}}]}},"_links":{"self":[{"href":"https:\/\/staging.genekas24.ee\/fi\/wp-json\/wp\/v2\/product\/21378","targetHints":{"allow":["GET"]}}],"collection":[{"href":"https:\/\/staging.genekas24.ee\/fi\/wp-json\/wp\/v2\/product"}],"about":[{"href":"https:\/\/staging.genekas24.ee\/fi\/wp-json\/wp\/v2\/types\/product"}],"version-history":[{"count":1,"href":"https:\/\/staging.genekas24.ee\/fi\/wp-json\/wp\/v2\/product\/21378\/revisions"}],"predecessor-version":[{"id":21385,"href":"https:\/\/staging.genekas24.ee\/fi\/wp-json\/wp\/v2\/product\/21378\/revisions\/21385"}],"wp:featuredmedia":[{"embeddable":true,"href":"https:\/\/staging.genekas24.ee\/fi\/wp-json\/wp\/v2\/media\/21380"}],"wp:attachment":[{"href":"https:\/\/staging.genekas24.ee\/fi\/wp-json\/wp\/v2\/media?parent=21378"}],"wp:term":[{"taxonomy":"product_brand","embeddable":true,"href":"https:\/\/staging.genekas24.ee\/fi\/wp-json\/wp\/v2\/product_brand?post=21378"},{"taxonomy":"product_cat","embeddable":true,"href":"https:\/\/staging.genekas24.ee\/fi\/wp-json\/wp\/v2\/product_cat?post=21378"},{"taxonomy":"product_tag","embeddable":true,"href":"https:\/\/staging.genekas24.ee\/fi\/wp-json\/wp\/v2\/product_tag?post=21378"}],"curies":[{"name":"wp","href":"https:\/\/api.w.org\/{rel}","templated":true}]}}