{"id":21293,"date":"2025-12-17T12:23:56","date_gmt":"2025-12-17T12:23:56","guid":{"rendered":"https:\/\/staging.genekas24.ee\/?post_type=product&#038;p=21293"},"modified":"2025-12-17T12:23:56","modified_gmt":"2025-12-17T12:23:56","slug":"elektriline-kettsaag-ks-cs2400-18","status":"publish","type":"product","link":"https:\/\/staging.genekas24.ee\/fi\/tuote\/elektriline-kettsaag-ks-cs2400-18\/","title":{"rendered":"Elektriline kettsaag KS CS2400-18"},"content":{"rendered":"<p><strong>Elektrilised kettsaed K\u00f6nner &amp; S\u00f6hnen\u00ae-lt<\/strong>\u00a0on loodud maksimaalseks j\u00f5udluseks ilma laadimise ja tankimise katkestusteta, seega suudavad nad toime tulla suure hulga \u00fclesannetega ja neid saab kasutada pikka aega ilma katkestusteta.<\/p>\n<p>Elektrilised kettsaed K\u00f6nner &amp; S\u00f6hnen\u00ae-lt iseloomustavad nende kerge kaal, k\u00f5rge man\u00f6\u00f6verdusv\u00f5ime, p\u00f6\u00f6ratavus ja pikk kasutusiga. Neid eristab kerge ja kompaktne suurus, mis teeb need ideaalseks kasutamiseks piiratud aladel. Need ei tekita t\u00f6\u00f6tamise ajal kahjulikke heitmeid, seega saab neid kasutada suletud ruumides.<\/p>\n<p><img decoding=\"async\" src=\"https:\/\/konner-sohnen.ee\/cdn\/shop\/files\/infographics-2400-en.jpg?v=1723486321&amp;width=1920\" \/><\/p>\n<ul>\n<li><strong>Ergonoomiline kummist libisemisvastane k\u00e4epide v\u00e4hendab t\u00f5husalt vibratsiooni ja libisemist<\/strong><\/li>\n<li><strong>Kerge disain tagab lihtsa man\u00f6\u00f6verdusv\u00f5ime erinevates l\u00f5ikesuundades<\/strong><\/li>\n<li><strong>T\u00f6\u00f6riistavaba keti reguleerimine mugavaks kasutamiseks ja hoolduseks<\/strong><\/li>\n<li><strong>K\u00f5rge keti kiirus parandab l\u00f5ikamise j\u00f5udlust<\/strong><\/li>\n<\/ul>\n<table style=\"border-collapse: collapse; width: 100%;\">\n<tbody>\n<tr>\n<td style=\"width: 17.1253%;\"><img decoding=\"async\" class=\"aligncenter\" src=\"https:\/\/konner-sohnen.ee\/cdn\/shop\/files\/double-emergency-protection.jpg?v=1723486298&amp;width=500\" alt=\"Maksimaalne kaitsetase\" \/><\/td>\n<td style=\"width: 82.8747%;\">\n<h3>Maksimaalne kaitsetase<\/h3>\n<div class=\"text-sm\">Elektrilised kettsaed K\u00f6nner &amp; S\u00f6hnen\u00ae on varustatud integreeritud turvafunktsioonidega. K\u00e4epideme ees olev reguleeritud kaitse toimib topelt h\u00e4dakaitsemehhanismina &#8211; ootamatute olukordade korral l\u00fclitab see v\u00e4lja toiteallika ja peatab keti. Toitenupu lukustus takistab t\u00f6\u00f6riista juhuslikku sissel\u00fclitamist.<\/div>\n<\/td>\n<\/tr>\n<tr>\n<td style=\"width: 17.1253%;\"><img decoding=\"async\" class=\"aligncenter\" src=\"https:\/\/konner-sohnen.ee\/cdn\/shop\/files\/tool-free.jpg?v=1723486298&amp;width=500\" alt=\"&quot;t\u00f6\u00f6riistavaba&quot; ketipingutusmehhanism\" \/><\/td>\n<td style=\"width: 82.8747%;\">\n<h3>&#8220;T\u00f6\u00f6riistavaba&#8221; ketipingutusmehhanism<\/h3>\n<div class=\"text-sm\">T\u00f6\u00f6riistavaba ketipingutuss\u00fcsteem, mis on loodud ilma t\u00f6\u00f6riistadeta, on v\u00e4ga mugav ja oluline funktsioon, mis v\u00f5imaldab kiiret ja lihtsat keti pingutuse reguleerimist latil. Pole vaja kasutada lisat\u00f6\u00f6riistu! \u00d5ige keti pingutamine parandab l\u00f5ikamise efektiivsust, aitab v\u00e4ltida liigset kulumist ja tagab t\u00f6\u00f6riista usaldusv\u00e4\u00e4rse ja ohutu t\u00f6\u00f6.<\/div>\n<\/td>\n<\/tr>\n<tr>\n<td style=\"width: 17.1253%;\"><img decoding=\"async\" src=\"https:\/\/konner-sohnen.ee\/cdn\/shop\/files\/automatic-chain-lubrication_bc767cb3-19d3-40e0-a625-8c9efd4d4b89.jpg?v=1723486298&amp;width=500\" alt=\"Automaatne ketim\u00e4\u00e4rimine\" \/><\/td>\n<td style=\"width: 82.8747%;\">\n<h3>Automaatne ketim\u00e4\u00e4rimine<\/h3>\n<div class=\"text-sm\">K\u00f6nner &amp; S\u00f6hnen\u00ae kettsaed on varustatud kaasaegse automaatse ketim\u00e4\u00e4rimiss\u00fcsteemiga. T\u00f6\u00f6 k\u00e4igus varustab integreeritud pump vajaliku koguse m\u00e4\u00e4rdeainet lati ja ketti, tagades usaldusv\u00e4\u00e4rse ja katkematu m\u00e4\u00e4rimise optimaalse tootlikkuse ja pikema sae t\u00f6\u00f6ea saavutamiseks.<\/div>\n<\/td>\n<\/tr>\n<tr>\n<td style=\"width: 17.1253%;\"><img decoding=\"async\" src=\"https:\/\/konner-sohnen.ee\/cdn\/shop\/files\/soft-start-system.jpg?v=1723486300&amp;width=500\" alt=\"Pehme k\u00e4ivituss\u00fcsteem\" \/><\/td>\n<td style=\"width: 82.8747%;\">\n<h3>Pehme k\u00e4ivituss\u00fcsteem<\/h3>\n<div class=\"text-sm\">K\u00f6nner &amp; S\u00f6hnen\u00ae elektriliste kettsaagide pehme k\u00e4ivituse funktsioon tagab, et keti kiirus t\u00f5useb sujuvalt ilma t\u00f5mblemiseta, v\u00e4ltides liiga suuri koormusi mootorile. See tagab mugava t\u00f6\u00f6 alustamise ja v\u00e4listab ootamatute tegevuste riski.<\/div>\n<\/td>\n<\/tr>\n<tr>\n<td style=\"width: 17.1253%;\"><img decoding=\"async\" src=\"https:\/\/konner-sohnen.ee\/cdn\/shop\/files\/eco-motor.jpg?v=1723486298&amp;width=500\" alt=\"Suure v\u00f5imsusega mootorid\" \/><\/td>\n<td style=\"width: 82.8747%;\">\n<h3>Suure v\u00f5imsusega mootorid<\/h3>\n<div class=\"text-sm\">K\u00f6nner &amp; S\u00f6hnen saagides kasutatavad elektrimootorid eristuvad k\u00f5rge t\u00f6\u00f6kindluse ja pika kasutuseaga. Need ei tekita t\u00f6\u00f6tamise ajal kahjulikke heitmeid atmosf\u00e4\u00e4ri.<\/div>\n<\/td>\n<\/tr>\n<\/tbody>\n<\/table>","protected":false},"excerpt":{"rendered":"<table>\n<tbody>\n<tr>\n<td>J\u00e4nnite, V<\/td>\n<td>230<\/td>\n<\/tr>\n<tr>\n<td>Taajuus, Hz<\/td>\n<td>50<\/td>\n<\/tr>\n<tr>\n<td>Mootori v\u00f5imsus, W<\/td>\n<td>2400<\/td>\n<\/tr>\n<tr>\n<td>Keti pikkus<\/td>\n<td>18\u201d (45 cm)<\/td>\n<\/tr>\n<tr>\n<td>Keti kiirus, m\/s<\/td>\n<td>13<\/td>\n<\/tr>\n<tr>\n<td>\u00d5lipaagi maht, ml<\/td>\n<td>190<\/td>\n<\/tr>\n<tr>\n<td>Keti pingutamine ilma t\u00f6\u00f6riistata<\/td>\n<td>+<\/td>\n<\/tr>\n<tr>\n<td>Keti samm<\/td>\n<td>3\/8\u201d<\/td>\n<\/tr>\n<tr>\n<td>Keti m\u00f5\u00f5dik<\/td>\n<td>050\u201d (1.3 mm)<\/td>\n<\/tr>\n<tr>\n<td>Kahekordne turvapidur<\/td>\n<td>+<\/td>\n<\/tr>\n<tr>\n<td>Pehme k\u00e4ivitus<\/td>\n<td>+<\/td>\n<\/tr>\n<tr>\n<td>\u00dclekoormuskaitse<\/td>\n<td>+<\/td>\n<\/tr>\n<tr>\n<td>Juhtivate linkide arv<\/td>\n<td>62<\/td>\n<\/tr>\n<tr>\n<td>Juhtplaat<\/td>\n<td>Oregon 180SDEA041<\/td>\n<\/tr>\n<tr>\n<td>\u00dcldm\u00f5\u00f5tmed (PxLxK), mm<\/td>\n<td>510\u00d7265\u00d7200<\/td>\n<\/tr>\n<tr>\n<td>Nettopaino, kg<\/td>\n<td>5.7<\/td>\n<\/tr>\n<tr>\n<td>Kogukaal, kg<\/td>\n<td>6.3<\/td>\n<\/tr>\n<tr>\n<td>SKU<\/td>\n<td>KS CS2400-18<\/td>\n<\/tr>\n<tr>\n<td>V\u00f6\u00f6tkood<\/td>\n<td>4260405367092<\/td>\n<\/tr>\n<\/tbody>\n<\/table>","protected":false},"featured_media":21294,"template":"","meta":{"_acf_changed":false,"inline_featured_image":false},"product_brand":[],"product_cat":[159,185,182],"product_tag":[],"class_list":{"0":"post-21293","1":"product","2":"type-product","3":"status-publish","4":"has-post-thumbnail","6":"product_cat-aiatooriistad","7":"product_cat-elektrilised-kettsaed","8":"product_cat-saed","9":"brand-konner-sohnen","11":"first","12":"instock","13":"taxable","14":"shipping-taxable","15":"purchasable","16":"product-type-simple"},"acf":[],"yoast_head":"<!-- This site is optimized with the Yoast SEO plugin v26.2 - https:\/\/yoast.com\/wordpress\/plugins\/seo\/ -->\n<title>Elektriline kettsaag KS CS2400-18 - Genekas24<\/title>\n<meta name=\"robots\" content=\"index, follow, max-snippet:-1, max-image-preview:large, max-video-preview:-1\" \/>\n<link rel=\"canonical\" href=\"https:\/\/staging.genekas24.ee\/fi\/tuote\/elektriline-kettsaag-ks-cs2400-18\/\" \/>\n<meta property=\"og:locale\" content=\"fi_FI\" \/>\n<meta property=\"og:type\" content=\"article\" \/>\n<meta property=\"og:title\" content=\"Elektriline kettsaag KS CS2400-18 - Genekas24\" \/>\n<meta property=\"og:description\" content=\"Pinge, V 230   Sagedus, Hz 50   Mootori v\u00f5imsus, W 2400   Keti pikkus 18\u201d (45 cm)   Keti kiirus, m\/s 13   \u00d5lipaagi maht, ml 190   Keti pingutamine ilma t\u00f6\u00f6riistata +   Keti samm 3\/8\u201d   Keti m\u00f5\u00f5dik 050\u201d (1.3 mm)   Kahekordne turvapidur +   Pehme k\u00e4ivitus +   \u00dclekoormuskaitse +   Juhtivate linkide arv 62   Juhtplaat Oregon 180SDEA041   \u00dcldm\u00f5\u00f5tmed (PxLxK), mm 510\u00d7265\u00d7200   Netokaal, kg 5.7   Kogukaal, kg 6.3   SKU KS CS2400-18   V\u00f6\u00f6tkood 4260405367092\" \/>\n<meta property=\"og:url\" content=\"https:\/\/staging.genekas24.ee\/fi\/tuote\/elektriline-kettsaag-ks-cs2400-18\/\" \/>\n<meta property=\"og:site_name\" content=\"Genekas24\" \/>\n<meta property=\"og:image\" content=\"https:\/\/staging.genekas24.ee\/wp-content\/uploads\/2025\/12\/ks-cs2400-18_01_d304dc5b-3f6f-4e11-8cf8-155f4eaeb112.webp\" \/>\n\t<meta property=\"og:image:width\" content=\"1600\" \/>\n\t<meta property=\"og:image:height\" content=\"1200\" \/>\n\t<meta property=\"og:image:type\" content=\"image\/webp\" \/>\n<meta name=\"twitter:card\" content=\"summary_large_image\" \/>\n<meta name=\"twitter:label1\" content=\"Arvioitu lukuaika\" \/>\n\t<meta name=\"twitter:data1\" content=\"3 minuuttia\" \/>\n<script type=\"application\/ld+json\" class=\"yoast-schema-graph\">{\"@context\":\"https:\/\/schema.org\",\"@graph\":[{\"@type\":\"WebPage\",\"@id\":\"https:\/\/staging.genekas24.ee\/toode\/elektriline-kettsaag-ks-cs2400-18\/\",\"url\":\"https:\/\/staging.genekas24.ee\/toode\/elektriline-kettsaag-ks-cs2400-18\/\",\"name\":\"Elektriline kettsaag KS CS2400-18 - Genekas24\",\"isPartOf\":{\"@id\":\"https:\/\/staging.genekas24.ee\/#website\"},\"primaryImageOfPage\":{\"@id\":\"https:\/\/staging.genekas24.ee\/toode\/elektriline-kettsaag-ks-cs2400-18\/#primaryimage\"},\"image\":{\"@id\":\"https:\/\/staging.genekas24.ee\/toode\/elektriline-kettsaag-ks-cs2400-18\/#primaryimage\"},\"thumbnailUrl\":\"https:\/\/staging.genekas24.ee\/wp-content\/uploads\/2025\/12\/ks-cs2400-18_01_d304dc5b-3f6f-4e11-8cf8-155f4eaeb112.webp\",\"datePublished\":\"2025-12-17T12:23:56+00:00\",\"breadcrumb\":{\"@id\":\"https:\/\/staging.genekas24.ee\/toode\/elektriline-kettsaag-ks-cs2400-18\/#breadcrumb\"},\"inLanguage\":\"fi\",\"potentialAction\":[{\"@type\":\"ReadAction\",\"target\":[\"https:\/\/staging.genekas24.ee\/toode\/elektriline-kettsaag-ks-cs2400-18\/\"]}]},{\"@type\":\"ImageObject\",\"inLanguage\":\"fi\",\"@id\":\"https:\/\/staging.genekas24.ee\/toode\/elektriline-kettsaag-ks-cs2400-18\/#primaryimage\",\"url\":\"https:\/\/staging.genekas24.ee\/wp-content\/uploads\/2025\/12\/ks-cs2400-18_01_d304dc5b-3f6f-4e11-8cf8-155f4eaeb112.webp\",\"contentUrl\":\"https:\/\/staging.genekas24.ee\/wp-content\/uploads\/2025\/12\/ks-cs2400-18_01_d304dc5b-3f6f-4e11-8cf8-155f4eaeb112.webp\",\"width\":1600,\"height\":1200},{\"@type\":\"BreadcrumbList\",\"@id\":\"https:\/\/staging.genekas24.ee\/toode\/elektriline-kettsaag-ks-cs2400-18\/#breadcrumb\",\"itemListElement\":[{\"@type\":\"ListItem\",\"position\":1,\"name\":\"Home\",\"item\":\"https:\/\/staging.genekas24.ee\/\"},{\"@type\":\"ListItem\",\"position\":2,\"name\":\"Pood\",\"item\":\"https:\/\/staging.genekas24.ee\/pood\/\"},{\"@type\":\"ListItem\",\"position\":3,\"name\":\"Elektriline kettsaag KS CS2400-18\"}]},{\"@type\":\"WebSite\",\"@id\":\"https:\/\/staging.genekas24.ee\/#website\",\"url\":\"https:\/\/staging.genekas24.ee\/\",\"name\":\"Genekas24\",\"description\":\"Generaatorid | K&ouml;nner S&ouml;hnen tooted | Genekas24\",\"publisher\":{\"@id\":\"https:\/\/staging.genekas24.ee\/#organization\"},\"potentialAction\":[{\"@type\":\"SearchAction\",\"target\":{\"@type\":\"EntryPoint\",\"urlTemplate\":\"https:\/\/staging.genekas24.ee\/?s={search_term_string}\"},\"query-input\":{\"@type\":\"PropertyValueSpecification\",\"valueRequired\":true,\"valueName\":\"search_term_string\"}}],\"inLanguage\":\"fi\"},{\"@type\":\"Organization\",\"@id\":\"https:\/\/staging.genekas24.ee\/#organization\",\"name\":\"Genekas24\",\"url\":\"https:\/\/staging.genekas24.ee\/\",\"logo\":{\"@type\":\"ImageObject\",\"inLanguage\":\"fi\",\"@id\":\"https:\/\/staging.genekas24.ee\/#\/schema\/logo\/image\/\",\"url\":\"https:\/\/staging.genekas24.ee\/wp-content\/uploads\/2026\/01\/genekas24-logo_black.svg\",\"contentUrl\":\"https:\/\/staging.genekas24.ee\/wp-content\/uploads\/2026\/01\/genekas24-logo_black.svg\",\"width\":840,\"height\":131,\"caption\":\"Genekas24\"},\"image\":{\"@id\":\"https:\/\/staging.genekas24.ee\/#\/schema\/logo\/image\/\"}}]}<\/script>\n<!-- \/ Yoast SEO plugin. -->","yoast_head_json":{"title":"Elektriline kettsaag KS CS2400-18 - Genekas24","robots":{"index":"index","follow":"follow","max-snippet":"max-snippet:-1","max-image-preview":"max-image-preview:large","max-video-preview":"max-video-preview:-1"},"canonical":"https:\/\/staging.genekas24.ee\/fi\/tuote\/elektriline-kettsaag-ks-cs2400-18\/","og_locale":"fi_FI","og_type":"article","og_title":"Elektriline kettsaag KS CS2400-18 - Genekas24","og_description":"Pinge, V 230   Sagedus, Hz 50   Mootori v\u00f5imsus, W 2400   Keti pikkus 18\u201d (45 cm)   Keti kiirus, m\/s 13   \u00d5lipaagi maht, ml 190   Keti pingutamine ilma t\u00f6\u00f6riistata +   Keti samm 3\/8\u201d   Keti m\u00f5\u00f5dik 050\u201d (1.3 mm)   Kahekordne turvapidur +   Pehme k\u00e4ivitus +   \u00dclekoormuskaitse +   Juhtivate linkide arv 62   Juhtplaat Oregon 180SDEA041   \u00dcldm\u00f5\u00f5tmed (PxLxK), mm 510\u00d7265\u00d7200   Netokaal, kg 5.7   Kogukaal, kg 6.3   SKU KS CS2400-18   V\u00f6\u00f6tkood 4260405367092","og_url":"https:\/\/staging.genekas24.ee\/fi\/tuote\/elektriline-kettsaag-ks-cs2400-18\/","og_site_name":"Genekas24","og_image":[{"width":1600,"height":1200,"url":"https:\/\/staging.genekas24.ee\/wp-content\/uploads\/2025\/12\/ks-cs2400-18_01_d304dc5b-3f6f-4e11-8cf8-155f4eaeb112.webp","type":"image\/webp"}],"twitter_card":"summary_large_image","twitter_misc":{"Arvioitu lukuaika":"3 minuuttia"},"schema":{"@context":"https:\/\/schema.org","@graph":[{"@type":"WebPage","@id":"https:\/\/staging.genekas24.ee\/toode\/elektriline-kettsaag-ks-cs2400-18\/","url":"https:\/\/staging.genekas24.ee\/toode\/elektriline-kettsaag-ks-cs2400-18\/","name":"Elektriline kettsaag KS CS2400-18 - Genekas24","isPartOf":{"@id":"https:\/\/staging.genekas24.ee\/#website"},"primaryImageOfPage":{"@id":"https:\/\/staging.genekas24.ee\/toode\/elektriline-kettsaag-ks-cs2400-18\/#primaryimage"},"image":{"@id":"https:\/\/staging.genekas24.ee\/toode\/elektriline-kettsaag-ks-cs2400-18\/#primaryimage"},"thumbnailUrl":"https:\/\/staging.genekas24.ee\/wp-content\/uploads\/2025\/12\/ks-cs2400-18_01_d304dc5b-3f6f-4e11-8cf8-155f4eaeb112.webp","datePublished":"2025-12-17T12:23:56+00:00","breadcrumb":{"@id":"https:\/\/staging.genekas24.ee\/toode\/elektriline-kettsaag-ks-cs2400-18\/#breadcrumb"},"inLanguage":"fi","potentialAction":[{"@type":"ReadAction","target":["https:\/\/staging.genekas24.ee\/toode\/elektriline-kettsaag-ks-cs2400-18\/"]}]},{"@type":"ImageObject","inLanguage":"fi","@id":"https:\/\/staging.genekas24.ee\/toode\/elektriline-kettsaag-ks-cs2400-18\/#primaryimage","url":"https:\/\/staging.genekas24.ee\/wp-content\/uploads\/2025\/12\/ks-cs2400-18_01_d304dc5b-3f6f-4e11-8cf8-155f4eaeb112.webp","contentUrl":"https:\/\/staging.genekas24.ee\/wp-content\/uploads\/2025\/12\/ks-cs2400-18_01_d304dc5b-3f6f-4e11-8cf8-155f4eaeb112.webp","width":1600,"height":1200},{"@type":"BreadcrumbList","@id":"https:\/\/staging.genekas24.ee\/toode\/elektriline-kettsaag-ks-cs2400-18\/#breadcrumb","itemListElement":[{"@type":"ListItem","position":1,"name":"Home","item":"https:\/\/staging.genekas24.ee\/"},{"@type":"ListItem","position":2,"name":"Pood","item":"https:\/\/staging.genekas24.ee\/pood\/"},{"@type":"ListItem","position":3,"name":"Elektriline kettsaag KS CS2400-18"}]},{"@type":"WebSite","@id":"https:\/\/staging.genekas24.ee\/#website","url":"https:\/\/staging.genekas24.ee\/","name":"Genekas24","description":"Generaatorid | K&ouml;nner S&ouml;hnen tooted | Genekas24","publisher":{"@id":"https:\/\/staging.genekas24.ee\/#organization"},"potentialAction":[{"@type":"SearchAction","target":{"@type":"EntryPoint","urlTemplate":"https:\/\/staging.genekas24.ee\/?s={search_term_string}"},"query-input":{"@type":"PropertyValueSpecification","valueRequired":true,"valueName":"search_term_string"}}],"inLanguage":"fi"},{"@type":"Organization","@id":"https:\/\/staging.genekas24.ee\/#organization","name":"Genekas24","url":"https:\/\/staging.genekas24.ee\/","logo":{"@type":"ImageObject","inLanguage":"fi","@id":"https:\/\/staging.genekas24.ee\/#\/schema\/logo\/image\/","url":"https:\/\/staging.genekas24.ee\/wp-content\/uploads\/2026\/01\/genekas24-logo_black.svg","contentUrl":"https:\/\/staging.genekas24.ee\/wp-content\/uploads\/2026\/01\/genekas24-logo_black.svg","width":840,"height":131,"caption":"Genekas24"},"image":{"@id":"https:\/\/staging.genekas24.ee\/#\/schema\/logo\/image\/"}}]}},"_links":{"self":[{"href":"https:\/\/staging.genekas24.ee\/fi\/wp-json\/wp\/v2\/product\/21293","targetHints":{"allow":["GET"]}}],"collection":[{"href":"https:\/\/staging.genekas24.ee\/fi\/wp-json\/wp\/v2\/product"}],"about":[{"href":"https:\/\/staging.genekas24.ee\/fi\/wp-json\/wp\/v2\/types\/product"}],"version-history":[{"count":3,"href":"https:\/\/staging.genekas24.ee\/fi\/wp-json\/wp\/v2\/product\/21293\/revisions"}],"predecessor-version":[{"id":21324,"href":"https:\/\/staging.genekas24.ee\/fi\/wp-json\/wp\/v2\/product\/21293\/revisions\/21324"}],"wp:featuredmedia":[{"embeddable":true,"href":"https:\/\/staging.genekas24.ee\/fi\/wp-json\/wp\/v2\/media\/21294"}],"wp:attachment":[{"href":"https:\/\/staging.genekas24.ee\/fi\/wp-json\/wp\/v2\/media?parent=21293"}],"wp:term":[{"taxonomy":"product_brand","embeddable":true,"href":"https:\/\/staging.genekas24.ee\/fi\/wp-json\/wp\/v2\/product_brand?post=21293"},{"taxonomy":"product_cat","embeddable":true,"href":"https:\/\/staging.genekas24.ee\/fi\/wp-json\/wp\/v2\/product_cat?post=21293"},{"taxonomy":"product_tag","embeddable":true,"href":"https:\/\/staging.genekas24.ee\/fi\/wp-json\/wp\/v2\/product_tag?post=21293"}],"curies":[{"name":"wp","href":"https:\/\/api.w.org\/{rel}","templated":true}]}}