{"id":21284,"date":"2025-12-17T12:21:15","date_gmt":"2025-12-17T12:21:15","guid":{"rendered":"https:\/\/staging.genekas24.ee\/?post_type=product&#038;p=21284"},"modified":"2025-12-17T12:26:33","modified_gmt":"2025-12-17T12:26:33","slug":"akuga-kettsaag-ks-cs2200-16","status":"publish","type":"product","link":"https:\/\/staging.genekas24.ee\/fi\/tuote\/akuga-kettsaag-ks-cs2200-16\/","title":{"rendered":"Elektriline kettsaag KS CS2200-16"},"content":{"rendered":"<p><strong><img fetchpriority=\"high\" decoding=\"async\" class=\"alignleft\" src=\"https:\/\/konner-sohnen.ee\/cdn\/shop\/files\/ks-cs2200-16_electric-chainsaw.jpg?v=1723486321&amp;width=980\" width=\"721\" height=\"431\" \/>Elektrilised kettsaed K\u00f6nner &amp; S\u00f6hnen\u00ae-lt<\/strong>\u00a0on loodud maksimaalseks j\u00f5udluseks ilma laadimise ja tankimise katkestusteta, seega suudavad nad toime tulla suure hulga \u00fclesannetega ja neid saab kasutada pikka aega ilma katkestusteta.<\/p>\n<p>Elektrilised kettsaed K\u00f6nner &amp; S\u00f6hnen\u00ae-lt iseloomustavad nende kerge kaal, k\u00f5rge man\u00f6\u00f6verdusv\u00f5ime, p\u00f6\u00f6ratavus ja pikk kasutusiga. Neid eristab kerge ja kompaktne suurus, mis teeb need ideaalseks kasutamiseks piiratud aladel. Need ei tekita t\u00f6\u00f6tamise ajal kahjulikke heitmeid, seega saab neid kasutada suletud ruumides.<\/p>\n<p>&nbsp;<\/p>\n<p>&nbsp;<\/p>\n<p>&nbsp;<\/p>\n<p>&nbsp;<\/p>\n<p>&nbsp;<\/p>\n<p>&nbsp;<\/p>\n<p>&nbsp;<\/p>\n<p>&nbsp;<\/p>\n<table style=\"border-collapse: collapse; width: 100%;\">\n<tbody>\n<tr>\n<td style=\"width: 50%;\"><img decoding=\"async\" class=\"aligncenter\" src=\"https:\/\/konner-sohnen.ee\/cdn\/shop\/files\/rubber-anti-slip-handle-2200.jpg?v=1723486320&amp;width=1920\" width=\"600\" height=\"360\" \/><\/p>\n<p style=\"text-align: center;\"><strong>Ergonoomiline kummist libisemisvastane k\u00e4epide v\u00e4hendab t\u00f5husalt vibratsiooni ja libisemist<\/strong><\/p>\n<\/td>\n<td style=\"width: 50%;\"><img decoding=\"async\" class=\"aligncenter\" src=\"https:\/\/konner-sohnen.ee\/cdn\/shop\/files\/tool-less-chain-2200.jpg?v=1723486323&amp;width=1920\" width=\"605\" height=\"363\" \/><\/p>\n<p style=\"text-align: center;\"><strong>\u201dT\u00f6\u00f6riistavaba\u201d ketipingutus mugavaks kasutamiseks ja hoolduseks<\/strong><\/p>\n<\/td>\n<\/tr>\n<tr>\n<td style=\"width: 50%;\"><img loading=\"lazy\" decoding=\"async\" class=\"aligncenter\" src=\"https:\/\/konner-sohnen.ee\/cdn\/shop\/files\/cs2200-macro-3.jpg?v=1723486322&amp;width=1920\" width=\"607\" height=\"341\" \/><\/p>\n<p style=\"text-align: center;\"><strong>Kerge disain tagab lihtsa man\u00f6\u00f6verdusv\u00f5ime erinevates l\u00f5ikeasendites<\/strong><\/p>\n<\/td>\n<td style=\"width: 50%;\"><img loading=\"lazy\" decoding=\"async\" class=\"aligncenter\" src=\"https:\/\/konner-sohnen.ee\/cdn\/shop\/files\/cs2200-macro-4.jpg?v=1723486322&amp;width=1920\" width=\"604\" height=\"340\" \/><\/p>\n<p style=\"text-align: center;\"><strong>K\u00f5rge ketikiirus paremaks l\u00f5ikamisv\u00f5imekuseks<\/strong><\/p>\n<\/td>\n<\/tr>\n<\/tbody>\n<\/table>\n<p>&nbsp;<\/p>\n<table style=\"border-collapse: collapse; width: 100%;\">\n<tbody>\n<tr>\n<td style=\"width: 23.5699%;\"><img loading=\"lazy\" decoding=\"async\" class=\"aligncenter\" src=\"https:\/\/konner-sohnen.ee\/cdn\/shop\/files\/double-emergency-protection-chainsaw-2200.jpg?v=1723486297&amp;width=500\" alt=\"Maksimaalne kaitsetase\" width=\"320\" height=\"320\" \/><\/td>\n<td style=\"width: 76.4301%;\">\n<h3>Maksimaalne kaitsetase<\/h3>\n<p>Elektrilised kettsaed K\u00f6nner &amp; S\u00f6hnen\u00ae on varustatud integreeritud turvafunktsioonidega. K\u00e4epideme ees olev reguleeritud kaitse toimib topelt h\u00e4dakaitsemehhanismina &#8211; ootamatute olukordade korral l\u00fclitab see v\u00e4lja toiteallika ja peatab keti. Toitenupu lukustus takistab t\u00f6\u00f6riista juhuslikku sissel\u00fclitamist.<\/td>\n<\/tr>\n<tr>\n<td style=\"width: 23.5699%;\"><img decoding=\"async\" class=\"aligncenter\" src=\"https:\/\/konner-sohnen.ee\/cdn\/shop\/files\/tool-free.jpg?v=1723486298&amp;width=500\" alt=\"&quot;t\u00f6\u00f6riistavaba&quot; ketipingutusmehhanism\" \/><\/td>\n<td style=\"width: 76.4301%;\">\n<h3>&#8220;T\u00f6\u00f6riistavaba&#8221; ketipingutusmehhanism<\/h3>\n<p>T\u00f6\u00f6riistavaba ketipingutuss\u00fcsteem, mis on loodud ilma t\u00f6\u00f6riistadeta, on v\u00e4ga mugav ja oluline funktsioon, mis v\u00f5imaldab kiiret ja lihtsat keti pingutuse reguleerimist latil. Pole vaja kasutada lisat\u00f6\u00f6riistu! \u00d5ige keti pingutamine parandab l\u00f5ikamise efektiivsust, aitab v\u00e4ltida liigset kulumist ja tagab t\u00f6\u00f6riista usaldusv\u00e4\u00e4rse ja ohutu t\u00f6\u00f6.<\/td>\n<\/tr>\n<tr>\n<td style=\"width: 23.5699%;\"><img decoding=\"async\" src=\"https:\/\/konner-sohnen.ee\/cdn\/shop\/files\/ks-cs2200-16_led.jpg?v=1723486299&amp;width=500\" alt=\"Valgusindikaatorid\" \/><\/td>\n<td style=\"width: 76.4301%;\">\n<h3>Valgusindikaatorid<\/h3>\n<p>Korpusel on valgusindikaatorid: roheline v\u00e4rv vastutab v\u00f5rku \u00fchendamise eest, punane v\u00e4rv teavitab sae \u00fclekuumenemisest ja peatamisest kuni jahtumiseni.<\/td>\n<\/tr>\n<tr>\n<td style=\"width: 23.5699%;\"><img decoding=\"async\" class=\"aligncenter\" src=\"https:\/\/konner-sohnen.ee\/cdn\/shop\/files\/automatic-chain-lubrication_bc767cb3-19d3-40e0-a625-8c9efd4d4b89.jpg?v=1723486298&amp;width=500\" alt=\"Automaatne ketim\u00e4\u00e4rimine\" \/><\/td>\n<td style=\"width: 76.4301%;\">\n<h3>Automaatne ketim\u00e4\u00e4rimine<\/h3>\n<p>K\u00f6nner &amp; S\u00f6hnen\u00ae kettsaed on varustatud kaasaegse automaatse ketim\u00e4\u00e4rimiss\u00fcsteemiga. T\u00f6\u00f6 k\u00e4igus varustab integreeritud pump vajaliku koguse m\u00e4\u00e4rdeainet lati ja ketti, tagades usaldusv\u00e4\u00e4rse ja katkematu m\u00e4\u00e4rimise optimaalse tootlikkuse ja pikema sae t\u00f6\u00f6ea saavutamiseks.<\/td>\n<\/tr>\n<tr>\n<td style=\"width: 23.5699%;\"><img decoding=\"async\" class=\"aligncenter\" src=\"https:\/\/konner-sohnen.ee\/cdn\/shop\/files\/soft-start-system.jpg?v=1723486300&amp;width=500\" alt=\"Pehme k\u00e4ivituss\u00fcsteem\" \/><\/td>\n<td style=\"width: 76.4301%;\">\n<h3>Pehme k\u00e4ivituss\u00fcsteem<\/h3>\n<div class=\"text-sm\">K\u00f6nner &amp; S\u00f6hnen\u00ae elektriliste kettsaagide pehme k\u00e4ivituse funktsioon tagab, et keti kiirus t\u00f5useb sujuvalt ilma t\u00f5mblemiseta, v\u00e4ltides liiga suuri koormusi mootorile. See tagab mugava t\u00f6\u00f6 alustamise ja v\u00e4listab ootamatute tegevuste riski.<\/div>\n<\/td>\n<\/tr>\n<tr>\n<td style=\"width: 23.5699%;\"><img decoding=\"async\" class=\"aligncenter\" src=\"https:\/\/konner-sohnen.ee\/cdn\/shop\/files\/eco-motor.jpg?v=1723486298&amp;width=500\" alt=\"K\u00f5rge v\u00f5imsusega mootorid\" \/><\/td>\n<td style=\"width: 76.4301%;\">\n<h3>K\u00f5rge v\u00f5imsusega mootorid<\/h3>\n<div class=\"text-sm\">K\u00f6nner &amp; S\u00f6hnen saagides kasutatavad elektrimootorid eristuvad k\u00f5rge t\u00f6\u00f6kindluse ja pika kasutuseaga. Need ei tekita t\u00f6\u00f6tamise ajal kahjulikke heitmeid atmosf\u00e4\u00e4ri.<\/div>\n<\/td>\n<\/tr>\n<\/tbody>\n<\/table>","protected":false},"excerpt":{"rendered":"<table>\n<tbody>\n<tr>\n<td>J\u00e4nnite, V<\/td>\n<td>230<\/td>\n<\/tr>\n<tr>\n<td>Taajuus, Hz<\/td>\n<td>50<\/td>\n<\/tr>\n<tr>\n<td>Mootori v\u00f5imsus, W<\/td>\n<td>2200<\/td>\n<\/tr>\n<tr>\n<td>Keti pikkus<\/td>\n<td>16\u201d (40 cm)<\/td>\n<\/tr>\n<tr>\n<td>Keti kiirus, m\/s<\/td>\n<td>14<\/td>\n<\/tr>\n<tr>\n<td>\u00d5lipaagi maht, ml<\/td>\n<td>140<\/td>\n<\/tr>\n<tr>\n<td>Keti pingutamine ilma t\u00f6\u00f6riistata<\/td>\n<td>+<\/td>\n<\/tr>\n<tr>\n<td>Keti samm<\/td>\n<td>3\/8\u201d<\/td>\n<\/tr>\n<tr>\n<td>Keti m\u00f5\u00f5dik<\/td>\n<td>050\u201d (1.3 mm)<\/td>\n<\/tr>\n<tr>\n<td>Kahekordne turvapidur<\/td>\n<td>+<\/td>\n<\/tr>\n<tr>\n<td>Pehme k\u00e4ivitus<\/td>\n<td>+<\/td>\n<\/tr>\n<tr>\n<td>\u00dclekoormuskaitse<\/td>\n<td>+<\/td>\n<\/tr>\n<tr>\n<td>Juhtivate linkide arv<\/td>\n<td>57<\/td>\n<\/tr>\n<tr>\n<td>Juhtplaat<\/td>\n<td>Oregon 160SDEA041<\/td>\n<\/tr>\n<tr>\n<td>\u00dcldm\u00f5\u00f5tmed (PxLxK), mm<\/td>\n<td>545\u00d7225\u00d7255<\/td>\n<\/tr>\n<tr>\n<td>Nettopaino, kg<\/td>\n<td>5.2<\/td>\n<\/tr>\n<tr>\n<td>Kogukaal, kg<\/td>\n<td>5.9<\/td>\n<\/tr>\n<tr>\n<td>SKU<\/td>\n<td>KS CS2200-16<\/td>\n<\/tr>\n<tr>\n<td>V\u00f6\u00f6tkood<\/td>\n<td>4260405367108<\/td>\n<\/tr>\n<\/tbody>\n<\/table>","protected":false},"featured_media":21289,"template":"","meta":{"_acf_changed":false,"inline_featured_image":false},"product_brand":[],"product_cat":[159,185,182],"product_tag":[],"class_list":{"0":"post-21284","1":"product","2":"type-product","3":"status-publish","4":"has-post-thumbnail","6":"product_cat-aiatooriistad","7":"product_cat-elektrilised-kettsaed","8":"product_cat-saed","9":"brand-konner-sohnen","11":"first","12":"instock","13":"taxable","14":"shipping-taxable","15":"purchasable","16":"product-type-simple"},"acf":[],"yoast_head":"<!-- This site is optimized with the Yoast SEO plugin v26.2 - https:\/\/yoast.com\/wordpress\/plugins\/seo\/ -->\n<title>Elektriline kettsaag KS CS2200-16 - Genekas24<\/title>\n<meta name=\"robots\" content=\"index, follow, max-snippet:-1, max-image-preview:large, max-video-preview:-1\" \/>\n<link rel=\"canonical\" href=\"https:\/\/staging.genekas24.ee\/fi\/tuote\/akuga-kettsaag-ks-cs2200-16\/\" \/>\n<meta property=\"og:locale\" content=\"fi_FI\" \/>\n<meta property=\"og:type\" content=\"article\" \/>\n<meta property=\"og:title\" content=\"Elektriline kettsaag KS CS2200-16 - Genekas24\" \/>\n<meta property=\"og:description\" content=\"Pinge, V 230   Sagedus, Hz 50   Mootori v\u00f5imsus, W 2200   Keti pikkus 16\u201d (40 cm)   Keti kiirus, m\/s 14   \u00d5lipaagi maht, ml 140   Keti pingutamine ilma t\u00f6\u00f6riistata +   Keti samm 3\/8\u201d   Keti m\u00f5\u00f5dik 050\u201d (1.3 mm)   Kahekordne turvapidur +   Pehme k\u00e4ivitus +   \u00dclekoormuskaitse +   Juhtivate linkide arv 57   Juhtplaat Oregon 160SDEA041   \u00dcldm\u00f5\u00f5tmed (PxLxK), mm 545\u00d7225\u00d7255   Netokaal, kg 5.2   Kogukaal, kg 5.9   SKU KS CS2200-16   V\u00f6\u00f6tkood 4260405367108\" \/>\n<meta property=\"og:url\" content=\"https:\/\/staging.genekas24.ee\/fi\/tuote\/akuga-kettsaag-ks-cs2200-16\/\" \/>\n<meta property=\"og:site_name\" content=\"Genekas24\" \/>\n<meta property=\"article:modified_time\" content=\"2025-12-17T12:26:33+00:00\" \/>\n<meta property=\"og:image\" content=\"https:\/\/staging.genekas24.ee\/wp-content\/uploads\/2025\/12\/ks-cs2200-16_01_846775bc-e7df-468b-bffb-e9c7b8cc8b22.webp\" \/>\n\t<meta property=\"og:image:width\" content=\"1600\" \/>\n\t<meta property=\"og:image:height\" content=\"1200\" \/>\n\t<meta property=\"og:image:type\" content=\"image\/webp\" \/>\n<meta name=\"twitter:card\" content=\"summary_large_image\" \/>\n<meta name=\"twitter:label1\" content=\"Arvioitu lukuaika\" \/>\n\t<meta name=\"twitter:data1\" content=\"4 minuuttia\" \/>\n<script type=\"application\/ld+json\" class=\"yoast-schema-graph\">{\"@context\":\"https:\/\/schema.org\",\"@graph\":[{\"@type\":\"WebPage\",\"@id\":\"https:\/\/staging.genekas24.ee\/toode\/akuga-kettsaag-ks-cs2200-16\/\",\"url\":\"https:\/\/staging.genekas24.ee\/toode\/akuga-kettsaag-ks-cs2200-16\/\",\"name\":\"Elektriline kettsaag KS CS2200-16 - Genekas24\",\"isPartOf\":{\"@id\":\"https:\/\/staging.genekas24.ee\/#website\"},\"primaryImageOfPage\":{\"@id\":\"https:\/\/staging.genekas24.ee\/toode\/akuga-kettsaag-ks-cs2200-16\/#primaryimage\"},\"image\":{\"@id\":\"https:\/\/staging.genekas24.ee\/toode\/akuga-kettsaag-ks-cs2200-16\/#primaryimage\"},\"thumbnailUrl\":\"https:\/\/staging.genekas24.ee\/wp-content\/uploads\/2025\/12\/ks-cs2200-16_01_846775bc-e7df-468b-bffb-e9c7b8cc8b22.webp\",\"datePublished\":\"2025-12-17T12:21:15+00:00\",\"dateModified\":\"2025-12-17T12:26:33+00:00\",\"breadcrumb\":{\"@id\":\"https:\/\/staging.genekas24.ee\/toode\/akuga-kettsaag-ks-cs2200-16\/#breadcrumb\"},\"inLanguage\":\"fi\",\"potentialAction\":[{\"@type\":\"ReadAction\",\"target\":[\"https:\/\/staging.genekas24.ee\/toode\/akuga-kettsaag-ks-cs2200-16\/\"]}]},{\"@type\":\"ImageObject\",\"inLanguage\":\"fi\",\"@id\":\"https:\/\/staging.genekas24.ee\/toode\/akuga-kettsaag-ks-cs2200-16\/#primaryimage\",\"url\":\"https:\/\/staging.genekas24.ee\/wp-content\/uploads\/2025\/12\/ks-cs2200-16_01_846775bc-e7df-468b-bffb-e9c7b8cc8b22.webp\",\"contentUrl\":\"https:\/\/staging.genekas24.ee\/wp-content\/uploads\/2025\/12\/ks-cs2200-16_01_846775bc-e7df-468b-bffb-e9c7b8cc8b22.webp\",\"width\":1600,\"height\":1200},{\"@type\":\"BreadcrumbList\",\"@id\":\"https:\/\/staging.genekas24.ee\/toode\/akuga-kettsaag-ks-cs2200-16\/#breadcrumb\",\"itemListElement\":[{\"@type\":\"ListItem\",\"position\":1,\"name\":\"Home\",\"item\":\"https:\/\/staging.genekas24.ee\/\"},{\"@type\":\"ListItem\",\"position\":2,\"name\":\"Pood\",\"item\":\"https:\/\/staging.genekas24.ee\/pood\/\"},{\"@type\":\"ListItem\",\"position\":3,\"name\":\"Elektriline kettsaag KS CS2200-16\"}]},{\"@type\":\"WebSite\",\"@id\":\"https:\/\/staging.genekas24.ee\/#website\",\"url\":\"https:\/\/staging.genekas24.ee\/\",\"name\":\"Genekas24\",\"description\":\"Generaatorid | K&ouml;nner S&ouml;hnen tooted | Genekas24\",\"publisher\":{\"@id\":\"https:\/\/staging.genekas24.ee\/#organization\"},\"potentialAction\":[{\"@type\":\"SearchAction\",\"target\":{\"@type\":\"EntryPoint\",\"urlTemplate\":\"https:\/\/staging.genekas24.ee\/?s={search_term_string}\"},\"query-input\":{\"@type\":\"PropertyValueSpecification\",\"valueRequired\":true,\"valueName\":\"search_term_string\"}}],\"inLanguage\":\"fi\"},{\"@type\":\"Organization\",\"@id\":\"https:\/\/staging.genekas24.ee\/#organization\",\"name\":\"Genekas24\",\"url\":\"https:\/\/staging.genekas24.ee\/\",\"logo\":{\"@type\":\"ImageObject\",\"inLanguage\":\"fi\",\"@id\":\"https:\/\/staging.genekas24.ee\/#\/schema\/logo\/image\/\",\"url\":\"https:\/\/staging.genekas24.ee\/wp-content\/uploads\/2026\/01\/genekas24-logo_black.svg\",\"contentUrl\":\"https:\/\/staging.genekas24.ee\/wp-content\/uploads\/2026\/01\/genekas24-logo_black.svg\",\"width\":840,\"height\":131,\"caption\":\"Genekas24\"},\"image\":{\"@id\":\"https:\/\/staging.genekas24.ee\/#\/schema\/logo\/image\/\"}}]}<\/script>\n<!-- \/ Yoast SEO plugin. -->","yoast_head_json":{"title":"Elektriline kettsaag KS CS2200-16 - Genekas24","robots":{"index":"index","follow":"follow","max-snippet":"max-snippet:-1","max-image-preview":"max-image-preview:large","max-video-preview":"max-video-preview:-1"},"canonical":"https:\/\/staging.genekas24.ee\/fi\/tuote\/akuga-kettsaag-ks-cs2200-16\/","og_locale":"fi_FI","og_type":"article","og_title":"Elektriline kettsaag KS CS2200-16 - Genekas24","og_description":"Pinge, V 230   Sagedus, Hz 50   Mootori v\u00f5imsus, W 2200   Keti pikkus 16\u201d (40 cm)   Keti kiirus, m\/s 14   \u00d5lipaagi maht, ml 140   Keti pingutamine ilma t\u00f6\u00f6riistata +   Keti samm 3\/8\u201d   Keti m\u00f5\u00f5dik 050\u201d (1.3 mm)   Kahekordne turvapidur +   Pehme k\u00e4ivitus +   \u00dclekoormuskaitse +   Juhtivate linkide arv 57   Juhtplaat Oregon 160SDEA041   \u00dcldm\u00f5\u00f5tmed (PxLxK), mm 545\u00d7225\u00d7255   Netokaal, kg 5.2   Kogukaal, kg 5.9   SKU KS CS2200-16   V\u00f6\u00f6tkood 4260405367108","og_url":"https:\/\/staging.genekas24.ee\/fi\/tuote\/akuga-kettsaag-ks-cs2200-16\/","og_site_name":"Genekas24","article_modified_time":"2025-12-17T12:26:33+00:00","og_image":[{"width":1600,"height":1200,"url":"https:\/\/staging.genekas24.ee\/wp-content\/uploads\/2025\/12\/ks-cs2200-16_01_846775bc-e7df-468b-bffb-e9c7b8cc8b22.webp","type":"image\/webp"}],"twitter_card":"summary_large_image","twitter_misc":{"Arvioitu lukuaika":"4 minuuttia"},"schema":{"@context":"https:\/\/schema.org","@graph":[{"@type":"WebPage","@id":"https:\/\/staging.genekas24.ee\/toode\/akuga-kettsaag-ks-cs2200-16\/","url":"https:\/\/staging.genekas24.ee\/toode\/akuga-kettsaag-ks-cs2200-16\/","name":"Elektriline kettsaag KS CS2200-16 - Genekas24","isPartOf":{"@id":"https:\/\/staging.genekas24.ee\/#website"},"primaryImageOfPage":{"@id":"https:\/\/staging.genekas24.ee\/toode\/akuga-kettsaag-ks-cs2200-16\/#primaryimage"},"image":{"@id":"https:\/\/staging.genekas24.ee\/toode\/akuga-kettsaag-ks-cs2200-16\/#primaryimage"},"thumbnailUrl":"https:\/\/staging.genekas24.ee\/wp-content\/uploads\/2025\/12\/ks-cs2200-16_01_846775bc-e7df-468b-bffb-e9c7b8cc8b22.webp","datePublished":"2025-12-17T12:21:15+00:00","dateModified":"2025-12-17T12:26:33+00:00","breadcrumb":{"@id":"https:\/\/staging.genekas24.ee\/toode\/akuga-kettsaag-ks-cs2200-16\/#breadcrumb"},"inLanguage":"fi","potentialAction":[{"@type":"ReadAction","target":["https:\/\/staging.genekas24.ee\/toode\/akuga-kettsaag-ks-cs2200-16\/"]}]},{"@type":"ImageObject","inLanguage":"fi","@id":"https:\/\/staging.genekas24.ee\/toode\/akuga-kettsaag-ks-cs2200-16\/#primaryimage","url":"https:\/\/staging.genekas24.ee\/wp-content\/uploads\/2025\/12\/ks-cs2200-16_01_846775bc-e7df-468b-bffb-e9c7b8cc8b22.webp","contentUrl":"https:\/\/staging.genekas24.ee\/wp-content\/uploads\/2025\/12\/ks-cs2200-16_01_846775bc-e7df-468b-bffb-e9c7b8cc8b22.webp","width":1600,"height":1200},{"@type":"BreadcrumbList","@id":"https:\/\/staging.genekas24.ee\/toode\/akuga-kettsaag-ks-cs2200-16\/#breadcrumb","itemListElement":[{"@type":"ListItem","position":1,"name":"Home","item":"https:\/\/staging.genekas24.ee\/"},{"@type":"ListItem","position":2,"name":"Pood","item":"https:\/\/staging.genekas24.ee\/pood\/"},{"@type":"ListItem","position":3,"name":"Elektriline kettsaag KS CS2200-16"}]},{"@type":"WebSite","@id":"https:\/\/staging.genekas24.ee\/#website","url":"https:\/\/staging.genekas24.ee\/","name":"Genekas24","description":"Generaatorid | K&ouml;nner S&ouml;hnen tooted | Genekas24","publisher":{"@id":"https:\/\/staging.genekas24.ee\/#organization"},"potentialAction":[{"@type":"SearchAction","target":{"@type":"EntryPoint","urlTemplate":"https:\/\/staging.genekas24.ee\/?s={search_term_string}"},"query-input":{"@type":"PropertyValueSpecification","valueRequired":true,"valueName":"search_term_string"}}],"inLanguage":"fi"},{"@type":"Organization","@id":"https:\/\/staging.genekas24.ee\/#organization","name":"Genekas24","url":"https:\/\/staging.genekas24.ee\/","logo":{"@type":"ImageObject","inLanguage":"fi","@id":"https:\/\/staging.genekas24.ee\/#\/schema\/logo\/image\/","url":"https:\/\/staging.genekas24.ee\/wp-content\/uploads\/2026\/01\/genekas24-logo_black.svg","contentUrl":"https:\/\/staging.genekas24.ee\/wp-content\/uploads\/2026\/01\/genekas24-logo_black.svg","width":840,"height":131,"caption":"Genekas24"},"image":{"@id":"https:\/\/staging.genekas24.ee\/#\/schema\/logo\/image\/"}}]}},"_links":{"self":[{"href":"https:\/\/staging.genekas24.ee\/fi\/wp-json\/wp\/v2\/product\/21284","targetHints":{"allow":["GET"]}}],"collection":[{"href":"https:\/\/staging.genekas24.ee\/fi\/wp-json\/wp\/v2\/product"}],"about":[{"href":"https:\/\/staging.genekas24.ee\/fi\/wp-json\/wp\/v2\/types\/product"}],"version-history":[{"count":8,"href":"https:\/\/staging.genekas24.ee\/fi\/wp-json\/wp\/v2\/product\/21284\/revisions"}],"predecessor-version":[{"id":21524,"href":"https:\/\/staging.genekas24.ee\/fi\/wp-json\/wp\/v2\/product\/21284\/revisions\/21524"}],"wp:featuredmedia":[{"embeddable":true,"href":"https:\/\/staging.genekas24.ee\/fi\/wp-json\/wp\/v2\/media\/21289"}],"wp:attachment":[{"href":"https:\/\/staging.genekas24.ee\/fi\/wp-json\/wp\/v2\/media?parent=21284"}],"wp:term":[{"taxonomy":"product_brand","embeddable":true,"href":"https:\/\/staging.genekas24.ee\/fi\/wp-json\/wp\/v2\/product_brand?post=21284"},{"taxonomy":"product_cat","embeddable":true,"href":"https:\/\/staging.genekas24.ee\/fi\/wp-json\/wp\/v2\/product_cat?post=21284"},{"taxonomy":"product_tag","embeddable":true,"href":"https:\/\/staging.genekas24.ee\/fi\/wp-json\/wp\/v2\/product_tag?post=21284"}],"curies":[{"name":"wp","href":"https:\/\/api.w.org\/{rel}","templated":true}]}}