{"id":21274,"date":"2025-12-17T12:21:19","date_gmt":"2025-12-17T12:21:19","guid":{"rendered":"https:\/\/staging.genekas24.ee\/?post_type=product&#038;p=21274"},"modified":"2025-12-17T12:26:04","modified_gmt":"2025-12-17T12:26:04","slug":"akuga-kettsaag-ks-cs1800-14","status":"publish","type":"product","link":"https:\/\/staging.genekas24.ee\/fi\/tuote\/akuga-kettsaag-ks-cs1800-14\/","title":{"rendered":"Elektriline kettsaag KS CS1800-14"},"content":{"rendered":"<p>&nbsp;<\/p>\n<p><strong>Elektrilised kettsaed K\u00f6nner &amp; S\u00f6hnen\u00ae-lt<\/strong>\u00a0on loodud maksimaalseks j\u00f5udluseks ilma laadimise ja tankimise katkestusteta, seega suudavad nad toime tulla suure hulga \u00fclesannetega ja neid saab kasutada pikka aega ilma katkestusteta.<\/p>\n<p>Elektrilised kettsaed K\u00f6nner &amp; S\u00f6hnen\u00ae-lt iseloomustavad kerge kaal, k\u00f5rge man\u00f6\u00f6verdusv\u00f5ime, p\u00f6\u00f6ratavus ja pikk kasutusiga. Neid eristab kerge ja kompaktne suurus, mis teeb need ideaalseks kasutamiseks piiratud aladel. Need ei tekita t\u00f6\u00f6tamise ajal kahjulikke heitmeid, seega saab neid kasutada suletud ruumides.<\/p>\n<ul>\n<li><strong>Ergonoomiline kummist libisemisvastane k\u00e4epide v\u00e4hendab t\u00f5husalt vibratsiooni ja libisemist<\/strong><\/li>\n<li><strong>Kerge disain tagab lihtsa man\u00f6\u00f6verdusv\u00f5ime erinevates l\u00f5ikesuundades<\/strong><\/li>\n<li><strong>T\u00f6\u00f6riistavaba keti reguleerimine mugavaks kasutamiseks ja hoolduseks<\/strong><\/li>\n<li><strong>K\u00f5rge keti kiirus parandab l\u00f5ikamise j\u00f5udlust<\/strong><\/li>\n<\/ul>\n<p>&nbsp;<\/p>\n<p>&nbsp;<\/p>\n<p>&nbsp;<\/p>\n<p>&nbsp;<\/p>\n<table style=\"border-collapse: collapse; width: 100%;\">\n<tbody>\n<tr>\n<td style=\"width: 20.094%;\"><img fetchpriority=\"high\" decoding=\"async\" class=\"aligncenter\" src=\"https:\/\/konner-sohnen.ee\/cdn\/shop\/files\/double-emergency-protection-chainsaw.jpg?v=1723486299&amp;width=500\" alt=\"Maksimaalne kaitsetase\" width=\"264\" height=\"264\" \/><\/td>\n<td style=\"width: 79.906%;\">\n<h3>Maksimaalne kaitsetase<\/h3>\n<p>Elektrilised kettsaed K\u00f6nner &amp; S\u00f6hnen\u00ae on varustatud integreeritud turvafunktsioonidega. K\u00e4epideme ees olev reguleeritud kaitse toimib topelt h\u00e4dakaitsemehhanismina &#8211; ootamatute olukordade korral l\u00fclitab see v\u00e4lja toiteallika ja peatab keti. Toitenupu lukustus takistab t\u00f6\u00f6riista juhuslikku sissel\u00fclitamist.<\/td>\n<\/tr>\n<tr>\n<td style=\"width: 20.094%;\"><img decoding=\"async\" class=\"aligncenter\" src=\"https:\/\/konner-sohnen.ee\/cdn\/shop\/files\/tool-free.jpg?v=1723486298&amp;width=500\" alt=\"&quot;t\u00f6\u00f6riistavaba&quot; ketipingutusmehhanism\" width=\"264\" height=\"264\" \/><\/td>\n<td style=\"width: 79.906%;\">\n<h3>&#8220;T\u00f6\u00f6riistavaba&#8221; ketipingutusmehhanism<\/h3>\n<p>T\u00f6\u00f6riistavaba ketipingutuss\u00fcsteem, mis on loodud ilma t\u00f6\u00f6riistadeta, on v\u00e4ga mugav ja oluline funktsioon, mis v\u00f5imaldab kiiret ja lihtsat keti pingutuse reguleerimist latil. Pole vaja kasutada lisat\u00f6\u00f6riistu! \u00d5ige keti pingutamine parandab l\u00f5ikamise efektiivsust, aitab v\u00e4ltida liigset kulumist ja tagab t\u00f6\u00f6riista usaldusv\u00e4\u00e4rse ja ohutu t\u00f6\u00f6.<\/td>\n<\/tr>\n<tr>\n<td style=\"width: 20.094%;\"><img decoding=\"async\" class=\"aligncenter\" src=\"https:\/\/konner-sohnen.ee\/cdn\/shop\/files\/automatic-chain-lubrication_bc767cb3-19d3-40e0-a625-8c9efd4d4b89.jpg?v=1723486298&amp;width=500\" alt=\"Automaatne ketim\u00e4\u00e4rimine\" width=\"265\" height=\"265\" \/><\/td>\n<td style=\"width: 79.906%;\">\n<h3>Automaatne ketim\u00e4\u00e4rimine<\/h3>\n<p>K\u00f6nner &amp; S\u00f6hnen\u00ae kettsaed on varustatud kaasaegse automaatse ketim\u00e4\u00e4rimiss\u00fcsteemiga. T\u00f6\u00f6 ajal varustab integreeritud pump vajaliku koguse m\u00e4\u00e4rdeainet lati ja ketti, tagades usaldusv\u00e4\u00e4rse ja katkematu m\u00e4\u00e4rimise optimaalse tootlikkuse ja pikema sae t\u00f6\u00f6ea saavutamiseks.<\/td>\n<\/tr>\n<tr>\n<td style=\"width: 20.094%;\"><img loading=\"lazy\" decoding=\"async\" class=\"aligncenter\" src=\"https:\/\/konner-sohnen.ee\/cdn\/shop\/files\/eco-motor.jpg?v=1723486298&amp;width=500\" alt=\"K\u00f5rge v\u00f5imsusega mootorid\" width=\"263\" height=\"263\" \/><\/td>\n<td style=\"width: 79.906%;\">\n<h3>K\u00f5rge v\u00f5imsusega mootorid<\/h3>\n<p>K\u00f6nner &amp; S\u00f6hnen saagides kasutatavad elektrimootorid eristuvad k\u00f5rge t\u00f6\u00f6kindluse ja pika kasutuseaga. Need ei tekita t\u00f6\u00f6tamise ajal kahjulikke heitmeid atmosf\u00e4\u00e4ri.<\/td>\n<\/tr>\n<\/tbody>\n<\/table>\n<p>&nbsp;<\/p>\n<p>&nbsp;<\/p>","protected":false},"excerpt":{"rendered":"<table>\n<tbody>\n<tr>\n<td>J\u00e4nnite, V<\/td>\n<td>230<\/td>\n<\/tr>\n<tr>\n<td>Taajuus, Hz<\/td>\n<td>50<\/td>\n<\/tr>\n<tr>\n<td>Mootori v\u00f5imsus, W<\/td>\n<td>1800<\/td>\n<\/tr>\n<tr>\n<td>Keti pikkus<\/td>\n<td>14\u201d (35 cm)<\/td>\n<\/tr>\n<tr>\n<td>Keti kiirus, m\/s<\/td>\n<td>15<\/td>\n<\/tr>\n<tr>\n<td>\u00d5lipaagi maht, ml<\/td>\n<td>280<\/td>\n<\/tr>\n<tr>\n<td>Keti pingutamine ilma t\u00f6\u00f6riistata<\/td>\n<td>+<\/td>\n<\/tr>\n<tr>\n<td>Keti samm<\/td>\n<td>3\/8\u201d<\/td>\n<\/tr>\n<tr>\n<td>Keti m\u00f5\u00f5dik<\/td>\n<td>043\u201d (1.1 mm)<\/td>\n<\/tr>\n<tr>\n<td>Kahekordne turvapidur<\/td>\n<td>+<\/td>\n<\/tr>\n<tr>\n<td>Juhtivate linkide arv<\/td>\n<td>52<\/td>\n<\/tr>\n<tr>\n<td>\u00dcldm\u00f5\u00f5tmed (PxLxK), mm<\/td>\n<td>500\u00d7285\u00d7200<\/td>\n<\/tr>\n<tr>\n<td>Nettopaino, kg<\/td>\n<td>4.7<\/td>\n<\/tr>\n<tr>\n<td>Kogukaal, kg<\/td>\n<td>5.4<\/td>\n<\/tr>\n<tr>\n<td>SKU<\/td>\n<td>KS CS1800-14<\/td>\n<\/tr>\n<tr>\n<td>V\u00f6\u00f6tkood<\/td>\n<td>4260405367085<\/td>\n<\/tr>\n<\/tbody>\n<\/table>","protected":false},"featured_media":21275,"template":"","meta":{"_acf_changed":false,"inline_featured_image":false},"product_brand":[],"product_cat":[159,185,182],"product_tag":[],"class_list":{"0":"post-21274","1":"product","2":"type-product","3":"status-publish","4":"has-post-thumbnail","6":"product_cat-aiatooriistad","7":"product_cat-elektrilised-kettsaed","8":"product_cat-saed","9":"brand-konner-sohnen","11":"first","12":"instock","13":"taxable","14":"shipping-taxable","15":"purchasable","16":"product-type-simple"},"acf":[],"yoast_head":"<!-- This site is optimized with the Yoast SEO plugin v26.2 - https:\/\/yoast.com\/wordpress\/plugins\/seo\/ -->\n<title>Elektriline kettsaag KS CS1800-14 - Genekas24<\/title>\n<meta name=\"robots\" content=\"index, follow, max-snippet:-1, max-image-preview:large, max-video-preview:-1\" \/>\n<link rel=\"canonical\" href=\"https:\/\/staging.genekas24.ee\/fi\/tuote\/akuga-kettsaag-ks-cs1800-14\/\" \/>\n<meta property=\"og:locale\" content=\"fi_FI\" \/>\n<meta property=\"og:type\" content=\"article\" \/>\n<meta property=\"og:title\" content=\"Elektriline kettsaag KS CS1800-14 - Genekas24\" \/>\n<meta property=\"og:description\" content=\"Pinge, V 230   Sagedus, Hz 50   Mootori v\u00f5imsus, W 1800   Keti pikkus 14\u201d (35 cm)   Keti kiirus, m\/s 15   \u00d5lipaagi maht, ml 280   Keti pingutamine ilma t\u00f6\u00f6riistata +   Keti samm 3\/8\u201d   Keti m\u00f5\u00f5dik 043\u201d (1.1 mm)   Kahekordne turvapidur +   Juhtivate linkide arv 52   \u00dcldm\u00f5\u00f5tmed (PxLxK), mm 500\u00d7285\u00d7200   Netokaal, kg 4.7   Kogukaal, kg 5.4   SKU KS CS1800-14   V\u00f6\u00f6tkood 4260405367085\" \/>\n<meta property=\"og:url\" content=\"https:\/\/staging.genekas24.ee\/fi\/tuote\/akuga-kettsaag-ks-cs1800-14\/\" \/>\n<meta property=\"og:site_name\" content=\"Genekas24\" \/>\n<meta property=\"article:modified_time\" content=\"2025-12-17T12:26:04+00:00\" \/>\n<meta property=\"og:image\" content=\"https:\/\/staging.genekas24.ee\/wp-content\/uploads\/2025\/12\/ks-cs1800-14_01_f4d93b9f-a9f4-423b-9600-4be3057c898c.webp\" \/>\n\t<meta property=\"og:image:width\" content=\"1600\" \/>\n\t<meta property=\"og:image:height\" content=\"1200\" \/>\n\t<meta property=\"og:image:type\" content=\"image\/webp\" \/>\n<meta name=\"twitter:card\" content=\"summary_large_image\" \/>\n<meta name=\"twitter:label1\" content=\"Arvioitu lukuaika\" \/>\n\t<meta name=\"twitter:data1\" content=\"3 minuuttia\" \/>\n<script type=\"application\/ld+json\" class=\"yoast-schema-graph\">{\"@context\":\"https:\/\/schema.org\",\"@graph\":[{\"@type\":\"WebPage\",\"@id\":\"https:\/\/staging.genekas24.ee\/toode\/akuga-kettsaag-ks-cs1800-14\/\",\"url\":\"https:\/\/staging.genekas24.ee\/toode\/akuga-kettsaag-ks-cs1800-14\/\",\"name\":\"Elektriline kettsaag KS CS1800-14 - Genekas24\",\"isPartOf\":{\"@id\":\"https:\/\/staging.genekas24.ee\/#website\"},\"primaryImageOfPage\":{\"@id\":\"https:\/\/staging.genekas24.ee\/toode\/akuga-kettsaag-ks-cs1800-14\/#primaryimage\"},\"image\":{\"@id\":\"https:\/\/staging.genekas24.ee\/toode\/akuga-kettsaag-ks-cs1800-14\/#primaryimage\"},\"thumbnailUrl\":\"https:\/\/staging.genekas24.ee\/wp-content\/uploads\/2025\/12\/ks-cs1800-14_01_f4d93b9f-a9f4-423b-9600-4be3057c898c.webp\",\"datePublished\":\"2025-12-17T12:21:19+00:00\",\"dateModified\":\"2025-12-17T12:26:04+00:00\",\"breadcrumb\":{\"@id\":\"https:\/\/staging.genekas24.ee\/toode\/akuga-kettsaag-ks-cs1800-14\/#breadcrumb\"},\"inLanguage\":\"fi\",\"potentialAction\":[{\"@type\":\"ReadAction\",\"target\":[\"https:\/\/staging.genekas24.ee\/toode\/akuga-kettsaag-ks-cs1800-14\/\"]}]},{\"@type\":\"ImageObject\",\"inLanguage\":\"fi\",\"@id\":\"https:\/\/staging.genekas24.ee\/toode\/akuga-kettsaag-ks-cs1800-14\/#primaryimage\",\"url\":\"https:\/\/staging.genekas24.ee\/wp-content\/uploads\/2025\/12\/ks-cs1800-14_01_f4d93b9f-a9f4-423b-9600-4be3057c898c.webp\",\"contentUrl\":\"https:\/\/staging.genekas24.ee\/wp-content\/uploads\/2025\/12\/ks-cs1800-14_01_f4d93b9f-a9f4-423b-9600-4be3057c898c.webp\",\"width\":1600,\"height\":1200},{\"@type\":\"BreadcrumbList\",\"@id\":\"https:\/\/staging.genekas24.ee\/toode\/akuga-kettsaag-ks-cs1800-14\/#breadcrumb\",\"itemListElement\":[{\"@type\":\"ListItem\",\"position\":1,\"name\":\"Home\",\"item\":\"https:\/\/staging.genekas24.ee\/\"},{\"@type\":\"ListItem\",\"position\":2,\"name\":\"Pood\",\"item\":\"https:\/\/staging.genekas24.ee\/pood\/\"},{\"@type\":\"ListItem\",\"position\":3,\"name\":\"Elektriline kettsaag KS CS1800-14\"}]},{\"@type\":\"WebSite\",\"@id\":\"https:\/\/staging.genekas24.ee\/#website\",\"url\":\"https:\/\/staging.genekas24.ee\/\",\"name\":\"Genekas24\",\"description\":\"Generaatorid | K&ouml;nner S&ouml;hnen tooted | Genekas24\",\"publisher\":{\"@id\":\"https:\/\/staging.genekas24.ee\/#organization\"},\"potentialAction\":[{\"@type\":\"SearchAction\",\"target\":{\"@type\":\"EntryPoint\",\"urlTemplate\":\"https:\/\/staging.genekas24.ee\/?s={search_term_string}\"},\"query-input\":{\"@type\":\"PropertyValueSpecification\",\"valueRequired\":true,\"valueName\":\"search_term_string\"}}],\"inLanguage\":\"fi\"},{\"@type\":\"Organization\",\"@id\":\"https:\/\/staging.genekas24.ee\/#organization\",\"name\":\"Genekas24\",\"url\":\"https:\/\/staging.genekas24.ee\/\",\"logo\":{\"@type\":\"ImageObject\",\"inLanguage\":\"fi\",\"@id\":\"https:\/\/staging.genekas24.ee\/#\/schema\/logo\/image\/\",\"url\":\"https:\/\/staging.genekas24.ee\/wp-content\/uploads\/2026\/01\/genekas24-logo_black.svg\",\"contentUrl\":\"https:\/\/staging.genekas24.ee\/wp-content\/uploads\/2026\/01\/genekas24-logo_black.svg\",\"width\":840,\"height\":131,\"caption\":\"Genekas24\"},\"image\":{\"@id\":\"https:\/\/staging.genekas24.ee\/#\/schema\/logo\/image\/\"}}]}<\/script>\n<!-- \/ Yoast SEO plugin. -->","yoast_head_json":{"title":"Elektriline kettsaag KS CS1800-14 - Genekas24","robots":{"index":"index","follow":"follow","max-snippet":"max-snippet:-1","max-image-preview":"max-image-preview:large","max-video-preview":"max-video-preview:-1"},"canonical":"https:\/\/staging.genekas24.ee\/fi\/tuote\/akuga-kettsaag-ks-cs1800-14\/","og_locale":"fi_FI","og_type":"article","og_title":"Elektriline kettsaag KS CS1800-14 - Genekas24","og_description":"Pinge, V 230   Sagedus, Hz 50   Mootori v\u00f5imsus, W 1800   Keti pikkus 14\u201d (35 cm)   Keti kiirus, m\/s 15   \u00d5lipaagi maht, ml 280   Keti pingutamine ilma t\u00f6\u00f6riistata +   Keti samm 3\/8\u201d   Keti m\u00f5\u00f5dik 043\u201d (1.1 mm)   Kahekordne turvapidur +   Juhtivate linkide arv 52   \u00dcldm\u00f5\u00f5tmed (PxLxK), mm 500\u00d7285\u00d7200   Netokaal, kg 4.7   Kogukaal, kg 5.4   SKU KS CS1800-14   V\u00f6\u00f6tkood 4260405367085","og_url":"https:\/\/staging.genekas24.ee\/fi\/tuote\/akuga-kettsaag-ks-cs1800-14\/","og_site_name":"Genekas24","article_modified_time":"2025-12-17T12:26:04+00:00","og_image":[{"width":1600,"height":1200,"url":"https:\/\/staging.genekas24.ee\/wp-content\/uploads\/2025\/12\/ks-cs1800-14_01_f4d93b9f-a9f4-423b-9600-4be3057c898c.webp","type":"image\/webp"}],"twitter_card":"summary_large_image","twitter_misc":{"Arvioitu lukuaika":"3 minuuttia"},"schema":{"@context":"https:\/\/schema.org","@graph":[{"@type":"WebPage","@id":"https:\/\/staging.genekas24.ee\/toode\/akuga-kettsaag-ks-cs1800-14\/","url":"https:\/\/staging.genekas24.ee\/toode\/akuga-kettsaag-ks-cs1800-14\/","name":"Elektriline kettsaag KS CS1800-14 - Genekas24","isPartOf":{"@id":"https:\/\/staging.genekas24.ee\/#website"},"primaryImageOfPage":{"@id":"https:\/\/staging.genekas24.ee\/toode\/akuga-kettsaag-ks-cs1800-14\/#primaryimage"},"image":{"@id":"https:\/\/staging.genekas24.ee\/toode\/akuga-kettsaag-ks-cs1800-14\/#primaryimage"},"thumbnailUrl":"https:\/\/staging.genekas24.ee\/wp-content\/uploads\/2025\/12\/ks-cs1800-14_01_f4d93b9f-a9f4-423b-9600-4be3057c898c.webp","datePublished":"2025-12-17T12:21:19+00:00","dateModified":"2025-12-17T12:26:04+00:00","breadcrumb":{"@id":"https:\/\/staging.genekas24.ee\/toode\/akuga-kettsaag-ks-cs1800-14\/#breadcrumb"},"inLanguage":"fi","potentialAction":[{"@type":"ReadAction","target":["https:\/\/staging.genekas24.ee\/toode\/akuga-kettsaag-ks-cs1800-14\/"]}]},{"@type":"ImageObject","inLanguage":"fi","@id":"https:\/\/staging.genekas24.ee\/toode\/akuga-kettsaag-ks-cs1800-14\/#primaryimage","url":"https:\/\/staging.genekas24.ee\/wp-content\/uploads\/2025\/12\/ks-cs1800-14_01_f4d93b9f-a9f4-423b-9600-4be3057c898c.webp","contentUrl":"https:\/\/staging.genekas24.ee\/wp-content\/uploads\/2025\/12\/ks-cs1800-14_01_f4d93b9f-a9f4-423b-9600-4be3057c898c.webp","width":1600,"height":1200},{"@type":"BreadcrumbList","@id":"https:\/\/staging.genekas24.ee\/toode\/akuga-kettsaag-ks-cs1800-14\/#breadcrumb","itemListElement":[{"@type":"ListItem","position":1,"name":"Home","item":"https:\/\/staging.genekas24.ee\/"},{"@type":"ListItem","position":2,"name":"Pood","item":"https:\/\/staging.genekas24.ee\/pood\/"},{"@type":"ListItem","position":3,"name":"Elektriline kettsaag KS CS1800-14"}]},{"@type":"WebSite","@id":"https:\/\/staging.genekas24.ee\/#website","url":"https:\/\/staging.genekas24.ee\/","name":"Genekas24","description":"Generaatorid | K&ouml;nner S&ouml;hnen tooted | Genekas24","publisher":{"@id":"https:\/\/staging.genekas24.ee\/#organization"},"potentialAction":[{"@type":"SearchAction","target":{"@type":"EntryPoint","urlTemplate":"https:\/\/staging.genekas24.ee\/?s={search_term_string}"},"query-input":{"@type":"PropertyValueSpecification","valueRequired":true,"valueName":"search_term_string"}}],"inLanguage":"fi"},{"@type":"Organization","@id":"https:\/\/staging.genekas24.ee\/#organization","name":"Genekas24","url":"https:\/\/staging.genekas24.ee\/","logo":{"@type":"ImageObject","inLanguage":"fi","@id":"https:\/\/staging.genekas24.ee\/#\/schema\/logo\/image\/","url":"https:\/\/staging.genekas24.ee\/wp-content\/uploads\/2026\/01\/genekas24-logo_black.svg","contentUrl":"https:\/\/staging.genekas24.ee\/wp-content\/uploads\/2026\/01\/genekas24-logo_black.svg","width":840,"height":131,"caption":"Genekas24"},"image":{"@id":"https:\/\/staging.genekas24.ee\/#\/schema\/logo\/image\/"}}]}},"_links":{"self":[{"href":"https:\/\/staging.genekas24.ee\/fi\/wp-json\/wp\/v2\/product\/21274","targetHints":{"allow":["GET"]}}],"collection":[{"href":"https:\/\/staging.genekas24.ee\/fi\/wp-json\/wp\/v2\/product"}],"about":[{"href":"https:\/\/staging.genekas24.ee\/fi\/wp-json\/wp\/v2\/types\/product"}],"version-history":[{"count":8,"href":"https:\/\/staging.genekas24.ee\/fi\/wp-json\/wp\/v2\/product\/21274\/revisions"}],"predecessor-version":[{"id":21523,"href":"https:\/\/staging.genekas24.ee\/fi\/wp-json\/wp\/v2\/product\/21274\/revisions\/21523"}],"wp:featuredmedia":[{"embeddable":true,"href":"https:\/\/staging.genekas24.ee\/fi\/wp-json\/wp\/v2\/media\/21275"}],"wp:attachment":[{"href":"https:\/\/staging.genekas24.ee\/fi\/wp-json\/wp\/v2\/media?parent=21274"}],"wp:term":[{"taxonomy":"product_brand","embeddable":true,"href":"https:\/\/staging.genekas24.ee\/fi\/wp-json\/wp\/v2\/product_brand?post=21274"},{"taxonomy":"product_cat","embeddable":true,"href":"https:\/\/staging.genekas24.ee\/fi\/wp-json\/wp\/v2\/product_cat?post=21274"},{"taxonomy":"product_tag","embeddable":true,"href":"https:\/\/staging.genekas24.ee\/fi\/wp-json\/wp\/v2\/product_tag?post=21274"}],"curies":[{"name":"wp","href":"https:\/\/api.w.org\/{rel}","templated":true}]}}