{"id":20631,"date":"2025-10-09T12:57:53","date_gmt":"2025-10-09T12:57:53","guid":{"rendered":"https:\/\/staging.genekas24.ee\/?post_type=product&#038;p=20631"},"modified":"2025-12-02T09:47:47","modified_gmt":"2025-12-02T09:47:47","slug":"kulmutusseadmete-generaator-poolhaagisele-kl-15uf","status":"publish","type":"product","link":"https:\/\/staging.genekas24.ee\/fi\/tuote\/kulmutusseadmete-generaator-poolhaagisele-kl-15uf\/","title":{"rendered":"K\u00fclmutusseadmete generaator poolhaagisele KL-15UF"},"content":{"rendered":"<ul>\n<li>KL-seeria k\u00fclmutusgeneraator on aastatepikkuse kogemuse tulemus \u00fcksuste projekteerimisel ja hooldamisel erinevates kliima- ja t\u00f6\u00f6tingimustes.<\/li>\n<li>Vastupidav generaator kasutab uusimat tehnoloogiat ja on usaldusv\u00e4\u00e4rne.<\/li>\n<li>Madala heitkogusega, usaldusv\u00e4\u00e4rne elektrienergiaallikas k\u00fclmutuskonteineritele, olenemata \u00fcmbritseva \u00f5hu temperatuurist v\u00f5i lasti t\u00fc\u00fcbist.<\/li>\n<\/ul>","protected":false},"excerpt":{"rendered":"<table style=\"border-collapse: collapse; width: 100%;\">\n<tbody>\n<tr>\n<td style=\"width: 50%;\">J\u00e4nnite, V<\/td>\n<td style=\"width: 50%;\">400<\/td>\n<\/tr>\n<tr>\n<td style=\"width: 50%;\">Taajuus, Hz<\/td>\n<td style=\"width: 50%;\">50<\/td>\n<\/tr>\n<tr>\n<td style=\"width: 50%;\">Vool(max), A<\/td>\n<td style=\"width: 50%;\">31.4<\/td>\n<\/tr>\n<tr>\n<td style=\"width: 50%;\">Tehoa, kW<\/td>\n<td style=\"width: 50%;\">15<\/td>\n<\/tr>\n<tr>\n<td style=\"width: 50%;\">M\u00f5\u00f5dud, mm(PxLxK)<\/td>\n<td style=\"width: 50%;\">M\u00f5\u00f5dud 1380 x 1670 x 805<\/td>\n<\/tr>\n<tr>\n<td style=\"width: 50%;\">Paino, kg<\/td>\n<td style=\"width: 50%;\">650<\/td>\n<\/tr>\n<\/tbody>\n<\/table>","protected":false},"featured_media":20632,"template":"","meta":{"_acf_changed":false,"inline_featured_image":false},"product_brand":[],"product_cat":[94,22],"product_tag":[],"class_list":{"0":"post-20631","1":"product","2":"type-product","3":"status-publish","4":"has-post-thumbnail","6":"product_cat-generaatorid","7":"product_cat-diiselgeneraatorid","8":"product_shipping_class-diisel-joujaamad","10":"first","11":"instock","12":"taxable","13":"shipping-taxable","14":"purchasable","15":"product-type-simple"},"acf":[],"yoast_head":"<!-- This site is optimized with the Yoast SEO plugin v26.2 - https:\/\/yoast.com\/wordpress\/plugins\/seo\/ -->\n<title>K\u00fclmutusseadmete generaator poolhaagisele KL-15UF - Genekas24<\/title>\n<meta name=\"robots\" content=\"index, follow, max-snippet:-1, max-image-preview:large, max-video-preview:-1\" \/>\n<link rel=\"canonical\" href=\"https:\/\/staging.genekas24.ee\/fi\/tuote\/kulmutusseadmete-generaator-poolhaagisele-kl-15uf\/\" \/>\n<meta property=\"og:locale\" content=\"fi_FI\" \/>\n<meta property=\"og:type\" content=\"article\" \/>\n<meta property=\"og:title\" content=\"K\u00fclmutusseadmete generaator poolhaagisele KL-15UF - Genekas24\" \/>\n<meta property=\"og:description\" content=\"Pinge, V 400   Sagedus, Hz 50   Vool(max), A 31.4   V\u00f5imsus, kW 15   M\u00f5\u00f5dud, mm(PxLxK) M\u00f5\u00f5dud 1380 x 1670 x 805   Kaal, kg 650\" \/>\n<meta property=\"og:url\" content=\"https:\/\/staging.genekas24.ee\/fi\/tuote\/kulmutusseadmete-generaator-poolhaagisele-kl-15uf\/\" \/>\n<meta property=\"og:site_name\" content=\"Genekas24\" \/>\n<meta property=\"article:modified_time\" content=\"2025-12-02T09:47:47+00:00\" \/>\n<meta property=\"og:image\" content=\"https:\/\/staging.genekas24.ee\/wp-content\/uploads\/2025\/10\/Screenshot-2025-10-09-153859.png\" \/>\n\t<meta property=\"og:image:width\" content=\"740\" \/>\n\t<meta property=\"og:image:height\" content=\"467\" \/>\n\t<meta property=\"og:image:type\" content=\"image\/png\" \/>\n<meta name=\"twitter:card\" content=\"summary_large_image\" \/>\n<meta name=\"twitter:label1\" content=\"Arvioitu lukuaika\" \/>\n\t<meta name=\"twitter:data1\" content=\"1 minuutti\" \/>\n<script type=\"application\/ld+json\" class=\"yoast-schema-graph\">{\"@context\":\"https:\/\/schema.org\",\"@graph\":[{\"@type\":\"WebPage\",\"@id\":\"https:\/\/staging.genekas24.ee\/toode\/kulmutusseadmete-generaator-poolhaagisele-kl-15uf\/\",\"url\":\"https:\/\/staging.genekas24.ee\/toode\/kulmutusseadmete-generaator-poolhaagisele-kl-15uf\/\",\"name\":\"K\u00fclmutusseadmete generaator poolhaagisele KL-15UF - Genekas24\",\"isPartOf\":{\"@id\":\"https:\/\/staging.genekas24.ee\/#website\"},\"primaryImageOfPage\":{\"@id\":\"https:\/\/staging.genekas24.ee\/toode\/kulmutusseadmete-generaator-poolhaagisele-kl-15uf\/#primaryimage\"},\"image\":{\"@id\":\"https:\/\/staging.genekas24.ee\/toode\/kulmutusseadmete-generaator-poolhaagisele-kl-15uf\/#primaryimage\"},\"thumbnailUrl\":\"https:\/\/staging.genekas24.ee\/wp-content\/uploads\/2025\/10\/Screenshot-2025-10-09-153859.png\",\"datePublished\":\"2025-10-09T12:57:53+00:00\",\"dateModified\":\"2025-12-02T09:47:47+00:00\",\"breadcrumb\":{\"@id\":\"https:\/\/staging.genekas24.ee\/toode\/kulmutusseadmete-generaator-poolhaagisele-kl-15uf\/#breadcrumb\"},\"inLanguage\":\"fi\",\"potentialAction\":[{\"@type\":\"ReadAction\",\"target\":[\"https:\/\/staging.genekas24.ee\/toode\/kulmutusseadmete-generaator-poolhaagisele-kl-15uf\/\"]}]},{\"@type\":\"ImageObject\",\"inLanguage\":\"fi\",\"@id\":\"https:\/\/staging.genekas24.ee\/toode\/kulmutusseadmete-generaator-poolhaagisele-kl-15uf\/#primaryimage\",\"url\":\"https:\/\/staging.genekas24.ee\/wp-content\/uploads\/2025\/10\/Screenshot-2025-10-09-153859.png\",\"contentUrl\":\"https:\/\/staging.genekas24.ee\/wp-content\/uploads\/2025\/10\/Screenshot-2025-10-09-153859.png\",\"width\":740,\"height\":467},{\"@type\":\"BreadcrumbList\",\"@id\":\"https:\/\/staging.genekas24.ee\/toode\/kulmutusseadmete-generaator-poolhaagisele-kl-15uf\/#breadcrumb\",\"itemListElement\":[{\"@type\":\"ListItem\",\"position\":1,\"name\":\"Home\",\"item\":\"https:\/\/staging.genekas24.ee\/\"},{\"@type\":\"ListItem\",\"position\":2,\"name\":\"Pood\",\"item\":\"https:\/\/staging.genekas24.ee\/pood\/\"},{\"@type\":\"ListItem\",\"position\":3,\"name\":\"K\u00fclmutusseadmete generaator poolhaagisele KL-15UF\"}]},{\"@type\":\"WebSite\",\"@id\":\"https:\/\/staging.genekas24.ee\/#website\",\"url\":\"https:\/\/staging.genekas24.ee\/\",\"name\":\"Genekas24\",\"description\":\"Generaatorid | K&ouml;nner S&ouml;hnen tooted | Genekas24\",\"publisher\":{\"@id\":\"https:\/\/staging.genekas24.ee\/#organization\"},\"potentialAction\":[{\"@type\":\"SearchAction\",\"target\":{\"@type\":\"EntryPoint\",\"urlTemplate\":\"https:\/\/staging.genekas24.ee\/?s={search_term_string}\"},\"query-input\":{\"@type\":\"PropertyValueSpecification\",\"valueRequired\":true,\"valueName\":\"search_term_string\"}}],\"inLanguage\":\"fi\"},{\"@type\":\"Organization\",\"@id\":\"https:\/\/staging.genekas24.ee\/#organization\",\"name\":\"Genekas24\",\"url\":\"https:\/\/staging.genekas24.ee\/\",\"logo\":{\"@type\":\"ImageObject\",\"inLanguage\":\"fi\",\"@id\":\"https:\/\/staging.genekas24.ee\/#\/schema\/logo\/image\/\",\"url\":\"https:\/\/staging.genekas24.ee\/wp-content\/uploads\/2026\/01\/genekas24-logo_black.svg\",\"contentUrl\":\"https:\/\/staging.genekas24.ee\/wp-content\/uploads\/2026\/01\/genekas24-logo_black.svg\",\"width\":840,\"height\":131,\"caption\":\"Genekas24\"},\"image\":{\"@id\":\"https:\/\/staging.genekas24.ee\/#\/schema\/logo\/image\/\"}}]}<\/script>\n<!-- \/ Yoast SEO plugin. -->","yoast_head_json":{"title":"K\u00fclmutusseadmete generaator poolhaagisele KL-15UF - Genekas24","robots":{"index":"index","follow":"follow","max-snippet":"max-snippet:-1","max-image-preview":"max-image-preview:large","max-video-preview":"max-video-preview:-1"},"canonical":"https:\/\/staging.genekas24.ee\/fi\/tuote\/kulmutusseadmete-generaator-poolhaagisele-kl-15uf\/","og_locale":"fi_FI","og_type":"article","og_title":"K\u00fclmutusseadmete generaator poolhaagisele KL-15UF - Genekas24","og_description":"Pinge, V 400   Sagedus, Hz 50   Vool(max), A 31.4   V\u00f5imsus, kW 15   M\u00f5\u00f5dud, mm(PxLxK) M\u00f5\u00f5dud 1380 x 1670 x 805   Kaal, kg 650","og_url":"https:\/\/staging.genekas24.ee\/fi\/tuote\/kulmutusseadmete-generaator-poolhaagisele-kl-15uf\/","og_site_name":"Genekas24","article_modified_time":"2025-12-02T09:47:47+00:00","og_image":[{"width":740,"height":467,"url":"https:\/\/staging.genekas24.ee\/wp-content\/uploads\/2025\/10\/Screenshot-2025-10-09-153859.png","type":"image\/png"}],"twitter_card":"summary_large_image","twitter_misc":{"Arvioitu lukuaika":"1 minuutti"},"schema":{"@context":"https:\/\/schema.org","@graph":[{"@type":"WebPage","@id":"https:\/\/staging.genekas24.ee\/toode\/kulmutusseadmete-generaator-poolhaagisele-kl-15uf\/","url":"https:\/\/staging.genekas24.ee\/toode\/kulmutusseadmete-generaator-poolhaagisele-kl-15uf\/","name":"K\u00fclmutusseadmete generaator poolhaagisele KL-15UF - Genekas24","isPartOf":{"@id":"https:\/\/staging.genekas24.ee\/#website"},"primaryImageOfPage":{"@id":"https:\/\/staging.genekas24.ee\/toode\/kulmutusseadmete-generaator-poolhaagisele-kl-15uf\/#primaryimage"},"image":{"@id":"https:\/\/staging.genekas24.ee\/toode\/kulmutusseadmete-generaator-poolhaagisele-kl-15uf\/#primaryimage"},"thumbnailUrl":"https:\/\/staging.genekas24.ee\/wp-content\/uploads\/2025\/10\/Screenshot-2025-10-09-153859.png","datePublished":"2025-10-09T12:57:53+00:00","dateModified":"2025-12-02T09:47:47+00:00","breadcrumb":{"@id":"https:\/\/staging.genekas24.ee\/toode\/kulmutusseadmete-generaator-poolhaagisele-kl-15uf\/#breadcrumb"},"inLanguage":"fi","potentialAction":[{"@type":"ReadAction","target":["https:\/\/staging.genekas24.ee\/toode\/kulmutusseadmete-generaator-poolhaagisele-kl-15uf\/"]}]},{"@type":"ImageObject","inLanguage":"fi","@id":"https:\/\/staging.genekas24.ee\/toode\/kulmutusseadmete-generaator-poolhaagisele-kl-15uf\/#primaryimage","url":"https:\/\/staging.genekas24.ee\/wp-content\/uploads\/2025\/10\/Screenshot-2025-10-09-153859.png","contentUrl":"https:\/\/staging.genekas24.ee\/wp-content\/uploads\/2025\/10\/Screenshot-2025-10-09-153859.png","width":740,"height":467},{"@type":"BreadcrumbList","@id":"https:\/\/staging.genekas24.ee\/toode\/kulmutusseadmete-generaator-poolhaagisele-kl-15uf\/#breadcrumb","itemListElement":[{"@type":"ListItem","position":1,"name":"Home","item":"https:\/\/staging.genekas24.ee\/"},{"@type":"ListItem","position":2,"name":"Pood","item":"https:\/\/staging.genekas24.ee\/pood\/"},{"@type":"ListItem","position":3,"name":"K\u00fclmutusseadmete generaator poolhaagisele KL-15UF"}]},{"@type":"WebSite","@id":"https:\/\/staging.genekas24.ee\/#website","url":"https:\/\/staging.genekas24.ee\/","name":"Genekas24","description":"Generaatorid | K&ouml;nner S&ouml;hnen tooted | Genekas24","publisher":{"@id":"https:\/\/staging.genekas24.ee\/#organization"},"potentialAction":[{"@type":"SearchAction","target":{"@type":"EntryPoint","urlTemplate":"https:\/\/staging.genekas24.ee\/?s={search_term_string}"},"query-input":{"@type":"PropertyValueSpecification","valueRequired":true,"valueName":"search_term_string"}}],"inLanguage":"fi"},{"@type":"Organization","@id":"https:\/\/staging.genekas24.ee\/#organization","name":"Genekas24","url":"https:\/\/staging.genekas24.ee\/","logo":{"@type":"ImageObject","inLanguage":"fi","@id":"https:\/\/staging.genekas24.ee\/#\/schema\/logo\/image\/","url":"https:\/\/staging.genekas24.ee\/wp-content\/uploads\/2026\/01\/genekas24-logo_black.svg","contentUrl":"https:\/\/staging.genekas24.ee\/wp-content\/uploads\/2026\/01\/genekas24-logo_black.svg","width":840,"height":131,"caption":"Genekas24"},"image":{"@id":"https:\/\/staging.genekas24.ee\/#\/schema\/logo\/image\/"}}]}},"_links":{"self":[{"href":"https:\/\/staging.genekas24.ee\/fi\/wp-json\/wp\/v2\/product\/20631","targetHints":{"allow":["GET"]}}],"collection":[{"href":"https:\/\/staging.genekas24.ee\/fi\/wp-json\/wp\/v2\/product"}],"about":[{"href":"https:\/\/staging.genekas24.ee\/fi\/wp-json\/wp\/v2\/types\/product"}],"version-history":[{"count":1,"href":"https:\/\/staging.genekas24.ee\/fi\/wp-json\/wp\/v2\/product\/20631\/revisions"}],"predecessor-version":[{"id":20634,"href":"https:\/\/staging.genekas24.ee\/fi\/wp-json\/wp\/v2\/product\/20631\/revisions\/20634"}],"wp:featuredmedia":[{"embeddable":true,"href":"https:\/\/staging.genekas24.ee\/fi\/wp-json\/wp\/v2\/media\/20632"}],"wp:attachment":[{"href":"https:\/\/staging.genekas24.ee\/fi\/wp-json\/wp\/v2\/media?parent=20631"}],"wp:term":[{"taxonomy":"product_brand","embeddable":true,"href":"https:\/\/staging.genekas24.ee\/fi\/wp-json\/wp\/v2\/product_brand?post=20631"},{"taxonomy":"product_cat","embeddable":true,"href":"https:\/\/staging.genekas24.ee\/fi\/wp-json\/wp\/v2\/product_cat?post=20631"},{"taxonomy":"product_tag","embeddable":true,"href":"https:\/\/staging.genekas24.ee\/fi\/wp-json\/wp\/v2\/product_tag?post=20631"}],"curies":[{"name":"wp","href":"https:\/\/api.w.org\/{rel}","templated":true}]}}