{"id":20402,"date":"2025-09-02T12:34:46","date_gmt":"2025-09-02T12:34:46","guid":{"rendered":"https:\/\/staging.genekas24.ee\/?post_type=product&#038;p=20402"},"modified":"2025-12-02T09:47:54","modified_gmt":"2025-12-02T09:47:54","slug":"intelicharger-60-24-af-automaatne-akulaadija","status":"publish","type":"product","link":"https:\/\/staging.genekas24.ee\/fi\/tuote\/intelicharger-60-24-af-automaatne-akulaadija\/","title":{"rendered":"InteliCharger 60 24-AF Automaatne akulaadija"},"content":{"rendered":"<p>Automaatsed akulaadijad pakuvad kulut\u00f5husat lahendust enamiku t\u00f6\u00f6stuslike akude laadimise vajaduste rahuldamiseks. Kasutades uusimat suure t\u00f5hususega l\u00fclitusre\u017eiimi tehnoloogiat, sobib InteliCharger 60 suletud v\u00f5i ventileeritud akude pidevaks laadimiseks, n\u00e4iteks suletud pliiakude VRLA\/AGM, geelakude, \u00fcleujutatud pliiakude, Ni-Cad jne akude jaoks. Kaheastmeline konstantse voolu ja konstantse pinge karakteristik tagab akude t\u00e4pse ja t\u00f5husa laadimise ning on loodud akudega p\u00fcsivaks \u00fchenduseks, hoides neid t\u00e4ielikult laetud olekus ilma \u00fclelaadimiseta.<\/p>\n<p>InteliCharger 60 on standardvarustuses t\u00e4ielikult kaitstud \u00fclekoormuse, aku vale\u00fchenduse, \u00fclepinge ja \u00fclekuumenemise eest.<\/p>\n<table style=\"border-collapse: collapse; width: 100%; height: 408px;\">\n<tbody>\n<tr style=\"height: 24px;\">\n<td style=\"width: 50%; height: 24px;\" colspan=\"2\"><strong>Omadused<\/strong><\/td>\n<\/tr>\n<tr style=\"height: 24px;\">\n<td style=\"width: 50%; height: 24px;\">Kulut\u00f5hus<\/td>\n<td style=\"width: 50%; height: 24px;\">Universaalsed vahelduvvoolu sisendvahemikud<\/td>\n<\/tr>\n<tr style=\"height: 24px;\">\n<td style=\"width: 50%; height: 24px;\">Kompaktne suurus<\/td>\n<td style=\"width: 50%; height: 24px;\">Madal pulsatsiooniv\u00e4ljund<\/td>\n<\/tr>\n<tr style=\"height: 24px;\">\n<td style=\"width: 50%; height: 24px;\">Suletud elektrooniline konstruktsioon<\/td>\n<td style=\"width: 50%; height: 24px;\">Looduslikult jahutatud<\/td>\n<\/tr>\n<tr style=\"height: 24px;\">\n<td style=\"width: 50%; height: 24px;\">Robustne ja t\u00f6\u00f6kindel<\/td>\n<td style=\"width: 50%; height: 24px;\">Pinge reguleerimise potentsiomeeter<\/td>\n<\/tr>\n<tr style=\"height: 24px;\">\n<td style=\"width: 50%; height: 24px;\">T\u00e4isautomaatne t\u00f6\u00f6<\/td>\n<td style=\"width: 50%; height: 24px;\">Valikuline rikkeh\u00e4ire relee<\/td>\n<\/tr>\n<tr style=\"height: 24px;\">\n<td style=\"width: 50%; height: 24px;\">Pidev vool<\/td>\n<td style=\"width: 50%; height: 24px;\">Laadijat saab kasutada iseseisva toiteallikana.<\/td>\n<\/tr>\n<tr style=\"height: 192px;\">\n<td style=\"width: 50%; height: 192px;\" colspan=\"2\">\n<p style=\"text-align: left;\">Kaitse:<\/p>\n<ul>\n<li style=\"text-align: left;\">L\u00fchis<\/li>\n<li style=\"text-align: left;\">\u00dclekoormus<\/li>\n<li style=\"text-align: left;\">\u00dclepinge<\/li>\n<li style=\"text-align: left;\">\u00dclekuumenemine<\/li>\n<li style=\"text-align: left;\">Valesti \u00fchendatud aku<\/li>\n<\/ul>\n<\/td>\n<\/tr>\n<\/tbody>\n<\/table>\n<table style=\"border-collapse: collapse; width: 100%; height: 192px;\">\n<tbody>\n<tr style=\"height: 24px;\">\n<td style=\"width: 50%; height: 24px;\" colspan=\"2\"><strong>Mahdollinen k\u00e4ytt\u00f6<\/strong><\/td>\n<\/tr>\n<tr style=\"height: 24px;\">\n<td style=\"width: 50%; height: 24px;\">Ootere\u017eiimi generaator<\/td>\n<td style=\"width: 50%; height: 24px;\">Autot\u00f6\u00f6stus<\/td>\n<\/tr>\n<tr style=\"height: 24px;\">\n<td style=\"width: 50%; height: 24px;\">Alarms\u00fcsteemid<\/td>\n<td style=\"width: 50%; height: 24px;\">Merendus<\/td>\n<\/tr>\n<tr style=\"height: 24px;\">\n<td style=\"width: 50%; height: 24px;\">T\u00f6\u00f6stuslikud kontrolls\u00fcsteemid<\/td>\n<td style=\"width: 50%; height: 24px;\">Robustne PSU<\/td>\n<\/tr>\n<tr style=\"height: 24px;\">\n<td style=\"width: 50%; height: 24px;\" colspan=\"2\">L\u00fclitusseadmed<\/td>\n<\/tr>\n<\/tbody>\n<\/table>","protected":false},"excerpt":{"rendered":"<table style=\"border-collapse: collapse; width: 100%; height: 243px;\">\n<tbody>\n<tr style=\"height: 24px;\">\n<td style=\"width: 50%; height: 24px;\" colspan=\"2\">Sisendi spetsifikatsioon<\/td>\n<\/tr>\n<tr style=\"height: 27px;\">\n<td style=\"width: 50%; height: 27px;\">Pingevahemik, V<sub style=\"font-family: inherit;\">IN<\/sub><\/td>\n<td style=\"width: 50%; height: 27px;\">100 &#8211; 240V AC \/ 100 &#8211; 277V AC +\/-10%<\/td>\n<\/tr>\n<tr style=\"height: 24px;\">\n<td style=\"width: 50%; height: 24px;\">Taajuus, Hz<\/td>\n<td style=\"width: 50%; height: 24px;\">47-63<\/td>\n<\/tr>\n<tr style=\"height: 24px;\">\n<td style=\"width: 50%; height: 24px;\">Sisendvool, A<\/td>\n<td style=\"width: 50%; height: 24px;\">1,35 A rsm max<\/td>\n<\/tr>\n<tr style=\"height: 24px;\">\n<td style=\"width: 50%; height: 24px;\">Lekkevool<\/td>\n<td style=\"width: 50%; height: 24px;\">Ei ole<\/td>\n<\/tr>\n<tr style=\"height: 24px;\">\n<td style=\"width: 50%; height: 24px;\" colspan=\"2\">V\u00e4ljundi spetsifikatsioonid<\/td>\n<\/tr>\n<tr style=\"height: 24px;\">\n<td style=\"width: 50%; height: 24px;\">Pinge \/ Vool<\/td>\n<td style=\"width: 50%; height: 24px;\">24.0 V Nominal 3.0 Apk.<\/td>\n<\/tr>\n<tr style=\"height: 24px;\">\n<td style=\"width: 50%; height: 24px;\">Lainetus ja m\u00fcra<\/td>\n<td style=\"width: 50%; height: 24px;\">\u00b10.5 %<\/td>\n<\/tr>\n<tr style=\"height: 24px;\">\n<td style=\"width: 50%; height: 24px;\">Toitesisendi muutuste kompenseerimine<\/td>\n<td style=\"width: 50%; height: 24px;\">\u00b10.5 %<\/td>\n<\/tr>\n<tr style=\"height: 24px;\">\n<td style=\"width: 50%; height: 24px;\">Koormuse muutuste kompenseerimine<\/td>\n<td style=\"width: 50%; height: 24px;\">\u00b10.5 %<\/td>\n<\/tr>\n<tr>\n<td style=\"width: 50%;\">T\u00f5husus<\/td>\n<td style=\"width: 50%;\">Up to 89 %<\/td>\n<\/tr>\n<tr>\n<td style=\"width: 50%;\">\u00dclekoormuskaitse<\/td>\n<td style=\"width: 50%;\">Pidev voolu piirang \/ voolu tagasilangetus<\/td>\n<\/tr>\n<tr>\n<td style=\"width: 50%;\">\u00dclepinge kaitse<\/td>\n<td style=\"width: 50%;\">105 %\u2013125 % V\u00e4ljal\u00fclitus<\/p>\n<p>Taaskasuta I\/P et taask\u00e4ivitada<\/td>\n<\/tr>\n<tr>\n<td style=\"width: 50%;\">\u00dclekuumenemise kaitse<\/td>\n<td style=\"width: 50%;\">V\u00e4ljundi v\u00e4ljal\u00fclitamine automaatse taastumisega<\/td>\n<\/tr>\n<tr>\n<td style=\"width: 50%;\">Tagurpidise aku kaitse<\/td>\n<td style=\"width: 50%;\">Sisemine diood \u2013 tuleb paigaldada v\u00e4line kaitse<\/td>\n<\/tr>\n<tr>\n<td style=\"width: 50%;\" colspan=\"2\">Isolatsioon<\/td>\n<\/tr>\n<tr>\n<td style=\"width: 50%;\">Pingetaluvus<\/td>\n<td style=\"width: 50%;\">Sisend \u2013 V\u00e4ljund 1.5 kV AC<br \/>\nSisend \u2013 Maa 1.5 kV AC<br \/>\nV\u00e4ljund \u2013 Maa 500 V DC<\/td>\n<\/tr>\n<tr>\n<td style=\"width: 50%;\">Isolatsiooni vastupidavus<\/td>\n<td style=\"width: 50%;\">500 V DC \/ 100 M Ohms (V\u00e4ljund-Maa)<\/td>\n<\/tr>\n<tr>\n<td style=\"width: 50%;\" colspan=\"2\">Keskkondlikud spetsifikatsioonid<\/td>\n<\/tr>\n<tr>\n<td style=\"width: 50%;\">K\u00e4ytt\u00f6l\u00e4mp\u00f6tila<\/td>\n<td style=\"width: 50%;\">-10\u00baC to +50\u00baC<\/td>\n<\/tr>\n<tr>\n<td style=\"width: 50%;\">T\u00f6\u00f6niiskus<\/td>\n<td style=\"width: 50%;\">10\u201390% RH<\/td>\n<\/tr>\n<tr>\n<td style=\"width: 50%;\">Ladustamise temperatuur<\/td>\n<td style=\"width: 50%;\">-20\u00baC to +85\u00baC<\/td>\n<\/tr>\n<tr>\n<td style=\"width: 50%;\">Ladustamise niiskus<\/td>\n<td style=\"width: 50%;\">10%\u201395% RH<\/td>\n<\/tr>\n<tr>\n<td style=\"width: 50%;\">Kaal ilma pakita<\/td>\n<td style=\"width: 50%;\">400g<\/td>\n<\/tr>\n<\/tbody>\n<\/table>","protected":false},"featured_media":20400,"template":"","meta":{"_acf_changed":false,"inline_featured_image":false},"product_brand":[],"product_cat":[175],"product_tag":[],"class_list":{"0":"post-20402","1":"product","2":"type-product","3":"status-publish","4":"has-post-thumbnail","6":"product_cat-akulaadijad","7":"product_shipping_class-vaikepakk","9":"first","10":"instock","11":"taxable","12":"shipping-taxable","13":"purchasable","14":"product-type-simple"},"acf":[],"yoast_head":"<!-- This site is optimized with the Yoast SEO plugin v26.2 - https:\/\/yoast.com\/wordpress\/plugins\/seo\/ -->\n<title>InteliCharger 60 24-AF Automaatne akulaadija - Genekas24<\/title>\n<meta name=\"robots\" content=\"index, follow, max-snippet:-1, max-image-preview:large, max-video-preview:-1\" \/>\n<link rel=\"canonical\" href=\"https:\/\/staging.genekas24.ee\/fi\/tuote\/intelicharger-60-24-af-automaatne-akulaadija\/\" \/>\n<meta property=\"og:locale\" content=\"fi_FI\" \/>\n<meta property=\"og:type\" content=\"article\" \/>\n<meta property=\"og:title\" content=\"InteliCharger 60 24-AF Automaatne akulaadija - Genekas24\" \/>\n<meta property=\"og:description\" content=\"Sisendi spetsifikatsioon   Pingevahemik, VIN 100 - 240V AC \/ 100 - 277V AC +\/-10%   Sagedus, Hz 47-63   Sisendvool, A 1,35 A rsm max   Lekkevool Ei ole   V\u00e4ljundi spetsifikatsioonid   Pinge \/ Vool 24.0 V Nominal 3.0 Apk.   Lainetus ja m\u00fcra \u00b10.5 %   Toitesisendi muutuste kompenseerimine \u00b10.5 %   Koormuse muutuste kompenseerimine \u00b10.5 %   T\u00f5husus Up to 89 %   \u00dclekoormuskaitse Pidev voolu piirang \/ voolu tagasilangetus   \u00dclepinge kaitse 105 %\u2013125 % V\u00e4ljal\u00fclitus  Taaskasuta I\/P et taask\u00e4ivitada   \u00dclekuumenemise kaitse V\u00e4ljundi v\u00e4ljal\u00fclitamine automaatse taastumisega   Tagurpidise aku kaitse Sisemine diood \u2013 tuleb paigaldada v\u00e4line kaitse   Isolatsioon   Pingetaluvus Sisend \u2013 V\u00e4ljund 1.5 kV AC Sisend \u2013 Maa 1.5 kV AC V\u00e4ljund \u2013 Maa 500 V DC   Isolatsiooni vastupidavus 500 V DC \/ 100 M Ohms (V\u00e4ljund-Maa)   Keskkondlikud spetsifikatsioonid   T\u00f6\u00f6temperatuur -10\u00baC to +50\u00baC   T\u00f6\u00f6niiskus 10\u201390% RH   Ladustamise temperatuur -20\u00baC to +85\u00baC   Ladustamise niiskus 10%\u201395% RH   Kaal ilma pakita 400g\" \/>\n<meta property=\"og:url\" content=\"https:\/\/staging.genekas24.ee\/fi\/tuote\/intelicharger-60-24-af-automaatne-akulaadija\/\" \/>\n<meta property=\"og:site_name\" content=\"Genekas24\" \/>\n<meta property=\"article:modified_time\" content=\"2025-12-02T09:47:54+00:00\" \/>\n<meta property=\"og:image\" content=\"https:\/\/staging.genekas24.ee\/wp-content\/uploads\/2025\/09\/Screenshot-2025-09-02-145704.png\" \/>\n\t<meta property=\"og:image:width\" content=\"414\" \/>\n\t<meta property=\"og:image:height\" content=\"305\" \/>\n\t<meta property=\"og:image:type\" content=\"image\/png\" \/>\n<meta name=\"twitter:card\" content=\"summary_large_image\" \/>\n<meta name=\"twitter:label1\" content=\"Arvioitu lukuaika\" \/>\n\t<meta name=\"twitter:data1\" content=\"1 minuutti\" \/>\n<script type=\"application\/ld+json\" class=\"yoast-schema-graph\">{\"@context\":\"https:\/\/schema.org\",\"@graph\":[{\"@type\":\"WebPage\",\"@id\":\"https:\/\/staging.genekas24.ee\/toode\/intelicharger-60-24-af-automaatne-akulaadija\/\",\"url\":\"https:\/\/staging.genekas24.ee\/toode\/intelicharger-60-24-af-automaatne-akulaadija\/\",\"name\":\"InteliCharger 60 24-AF Automaatne akulaadija - Genekas24\",\"isPartOf\":{\"@id\":\"https:\/\/staging.genekas24.ee\/#website\"},\"primaryImageOfPage\":{\"@id\":\"https:\/\/staging.genekas24.ee\/toode\/intelicharger-60-24-af-automaatne-akulaadija\/#primaryimage\"},\"image\":{\"@id\":\"https:\/\/staging.genekas24.ee\/toode\/intelicharger-60-24-af-automaatne-akulaadija\/#primaryimage\"},\"thumbnailUrl\":\"https:\/\/staging.genekas24.ee\/wp-content\/uploads\/2025\/09\/Screenshot-2025-09-02-145704.png\",\"datePublished\":\"2025-09-02T12:34:46+00:00\",\"dateModified\":\"2025-12-02T09:47:54+00:00\",\"breadcrumb\":{\"@id\":\"https:\/\/staging.genekas24.ee\/toode\/intelicharger-60-24-af-automaatne-akulaadija\/#breadcrumb\"},\"inLanguage\":\"fi\",\"potentialAction\":[{\"@type\":\"ReadAction\",\"target\":[\"https:\/\/staging.genekas24.ee\/toode\/intelicharger-60-24-af-automaatne-akulaadija\/\"]}]},{\"@type\":\"ImageObject\",\"inLanguage\":\"fi\",\"@id\":\"https:\/\/staging.genekas24.ee\/toode\/intelicharger-60-24-af-automaatne-akulaadija\/#primaryimage\",\"url\":\"https:\/\/staging.genekas24.ee\/wp-content\/uploads\/2025\/09\/Screenshot-2025-09-02-145704.png\",\"contentUrl\":\"https:\/\/staging.genekas24.ee\/wp-content\/uploads\/2025\/09\/Screenshot-2025-09-02-145704.png\",\"width\":414,\"height\":305},{\"@type\":\"BreadcrumbList\",\"@id\":\"https:\/\/staging.genekas24.ee\/toode\/intelicharger-60-24-af-automaatne-akulaadija\/#breadcrumb\",\"itemListElement\":[{\"@type\":\"ListItem\",\"position\":1,\"name\":\"Home\",\"item\":\"https:\/\/staging.genekas24.ee\/\"},{\"@type\":\"ListItem\",\"position\":2,\"name\":\"Pood\",\"item\":\"https:\/\/staging.genekas24.ee\/pood\/\"},{\"@type\":\"ListItem\",\"position\":3,\"name\":\"InteliCharger 60 24-AF Automaatne akulaadija\"}]},{\"@type\":\"WebSite\",\"@id\":\"https:\/\/staging.genekas24.ee\/#website\",\"url\":\"https:\/\/staging.genekas24.ee\/\",\"name\":\"Genekas24\",\"description\":\"Generaatorid | K&ouml;nner S&ouml;hnen tooted | Genekas24\",\"publisher\":{\"@id\":\"https:\/\/staging.genekas24.ee\/#organization\"},\"potentialAction\":[{\"@type\":\"SearchAction\",\"target\":{\"@type\":\"EntryPoint\",\"urlTemplate\":\"https:\/\/staging.genekas24.ee\/?s={search_term_string}\"},\"query-input\":{\"@type\":\"PropertyValueSpecification\",\"valueRequired\":true,\"valueName\":\"search_term_string\"}}],\"inLanguage\":\"fi\"},{\"@type\":\"Organization\",\"@id\":\"https:\/\/staging.genekas24.ee\/#organization\",\"name\":\"Genekas24\",\"url\":\"https:\/\/staging.genekas24.ee\/\",\"logo\":{\"@type\":\"ImageObject\",\"inLanguage\":\"fi\",\"@id\":\"https:\/\/staging.genekas24.ee\/#\/schema\/logo\/image\/\",\"url\":\"https:\/\/staging.genekas24.ee\/wp-content\/uploads\/2026\/01\/genekas24-logo_black.svg\",\"contentUrl\":\"https:\/\/staging.genekas24.ee\/wp-content\/uploads\/2026\/01\/genekas24-logo_black.svg\",\"width\":840,\"height\":131,\"caption\":\"Genekas24\"},\"image\":{\"@id\":\"https:\/\/staging.genekas24.ee\/#\/schema\/logo\/image\/\"}}]}<\/script>\n<!-- \/ Yoast SEO plugin. -->","yoast_head_json":{"title":"InteliCharger 60 24-AF Automaatne akulaadija - Genekas24","robots":{"index":"index","follow":"follow","max-snippet":"max-snippet:-1","max-image-preview":"max-image-preview:large","max-video-preview":"max-video-preview:-1"},"canonical":"https:\/\/staging.genekas24.ee\/fi\/tuote\/intelicharger-60-24-af-automaatne-akulaadija\/","og_locale":"fi_FI","og_type":"article","og_title":"InteliCharger 60 24-AF Automaatne akulaadija - Genekas24","og_description":"Sisendi spetsifikatsioon   Pingevahemik, VIN 100 - 240V AC \/ 100 - 277V AC +\/-10%   Sagedus, Hz 47-63   Sisendvool, A 1,35 A rsm max   Lekkevool Ei ole   V\u00e4ljundi spetsifikatsioonid   Pinge \/ Vool 24.0 V Nominal 3.0 Apk.   Lainetus ja m\u00fcra \u00b10.5 %   Toitesisendi muutuste kompenseerimine \u00b10.5 %   Koormuse muutuste kompenseerimine \u00b10.5 %   T\u00f5husus Up to 89 %   \u00dclekoormuskaitse Pidev voolu piirang \/ voolu tagasilangetus   \u00dclepinge kaitse 105 %\u2013125 % V\u00e4ljal\u00fclitus  Taaskasuta I\/P et taask\u00e4ivitada   \u00dclekuumenemise kaitse V\u00e4ljundi v\u00e4ljal\u00fclitamine automaatse taastumisega   Tagurpidise aku kaitse Sisemine diood \u2013 tuleb paigaldada v\u00e4line kaitse   Isolatsioon   Pingetaluvus Sisend \u2013 V\u00e4ljund 1.5 kV AC Sisend \u2013 Maa 1.5 kV AC V\u00e4ljund \u2013 Maa 500 V DC   Isolatsiooni vastupidavus 500 V DC \/ 100 M Ohms (V\u00e4ljund-Maa)   Keskkondlikud spetsifikatsioonid   T\u00f6\u00f6temperatuur -10\u00baC to +50\u00baC   T\u00f6\u00f6niiskus 10\u201390% RH   Ladustamise temperatuur -20\u00baC to +85\u00baC   Ladustamise niiskus 10%\u201395% RH   Kaal ilma pakita 400g","og_url":"https:\/\/staging.genekas24.ee\/fi\/tuote\/intelicharger-60-24-af-automaatne-akulaadija\/","og_site_name":"Genekas24","article_modified_time":"2025-12-02T09:47:54+00:00","og_image":[{"width":414,"height":305,"url":"https:\/\/staging.genekas24.ee\/wp-content\/uploads\/2025\/09\/Screenshot-2025-09-02-145704.png","type":"image\/png"}],"twitter_card":"summary_large_image","twitter_misc":{"Arvioitu lukuaika":"1 minuutti"},"schema":{"@context":"https:\/\/schema.org","@graph":[{"@type":"WebPage","@id":"https:\/\/staging.genekas24.ee\/toode\/intelicharger-60-24-af-automaatne-akulaadija\/","url":"https:\/\/staging.genekas24.ee\/toode\/intelicharger-60-24-af-automaatne-akulaadija\/","name":"InteliCharger 60 24-AF Automaatne akulaadija - Genekas24","isPartOf":{"@id":"https:\/\/staging.genekas24.ee\/#website"},"primaryImageOfPage":{"@id":"https:\/\/staging.genekas24.ee\/toode\/intelicharger-60-24-af-automaatne-akulaadija\/#primaryimage"},"image":{"@id":"https:\/\/staging.genekas24.ee\/toode\/intelicharger-60-24-af-automaatne-akulaadija\/#primaryimage"},"thumbnailUrl":"https:\/\/staging.genekas24.ee\/wp-content\/uploads\/2025\/09\/Screenshot-2025-09-02-145704.png","datePublished":"2025-09-02T12:34:46+00:00","dateModified":"2025-12-02T09:47:54+00:00","breadcrumb":{"@id":"https:\/\/staging.genekas24.ee\/toode\/intelicharger-60-24-af-automaatne-akulaadija\/#breadcrumb"},"inLanguage":"fi","potentialAction":[{"@type":"ReadAction","target":["https:\/\/staging.genekas24.ee\/toode\/intelicharger-60-24-af-automaatne-akulaadija\/"]}]},{"@type":"ImageObject","inLanguage":"fi","@id":"https:\/\/staging.genekas24.ee\/toode\/intelicharger-60-24-af-automaatne-akulaadija\/#primaryimage","url":"https:\/\/staging.genekas24.ee\/wp-content\/uploads\/2025\/09\/Screenshot-2025-09-02-145704.png","contentUrl":"https:\/\/staging.genekas24.ee\/wp-content\/uploads\/2025\/09\/Screenshot-2025-09-02-145704.png","width":414,"height":305},{"@type":"BreadcrumbList","@id":"https:\/\/staging.genekas24.ee\/toode\/intelicharger-60-24-af-automaatne-akulaadija\/#breadcrumb","itemListElement":[{"@type":"ListItem","position":1,"name":"Home","item":"https:\/\/staging.genekas24.ee\/"},{"@type":"ListItem","position":2,"name":"Pood","item":"https:\/\/staging.genekas24.ee\/pood\/"},{"@type":"ListItem","position":3,"name":"InteliCharger 60 24-AF Automaatne akulaadija"}]},{"@type":"WebSite","@id":"https:\/\/staging.genekas24.ee\/#website","url":"https:\/\/staging.genekas24.ee\/","name":"Genekas24","description":"Generaatorid | K&ouml;nner S&ouml;hnen tooted | Genekas24","publisher":{"@id":"https:\/\/staging.genekas24.ee\/#organization"},"potentialAction":[{"@type":"SearchAction","target":{"@type":"EntryPoint","urlTemplate":"https:\/\/staging.genekas24.ee\/?s={search_term_string}"},"query-input":{"@type":"PropertyValueSpecification","valueRequired":true,"valueName":"search_term_string"}}],"inLanguage":"fi"},{"@type":"Organization","@id":"https:\/\/staging.genekas24.ee\/#organization","name":"Genekas24","url":"https:\/\/staging.genekas24.ee\/","logo":{"@type":"ImageObject","inLanguage":"fi","@id":"https:\/\/staging.genekas24.ee\/#\/schema\/logo\/image\/","url":"https:\/\/staging.genekas24.ee\/wp-content\/uploads\/2026\/01\/genekas24-logo_black.svg","contentUrl":"https:\/\/staging.genekas24.ee\/wp-content\/uploads\/2026\/01\/genekas24-logo_black.svg","width":840,"height":131,"caption":"Genekas24"},"image":{"@id":"https:\/\/staging.genekas24.ee\/#\/schema\/logo\/image\/"}}]}},"_links":{"self":[{"href":"https:\/\/staging.genekas24.ee\/fi\/wp-json\/wp\/v2\/product\/20402","targetHints":{"allow":["GET"]}}],"collection":[{"href":"https:\/\/staging.genekas24.ee\/fi\/wp-json\/wp\/v2\/product"}],"about":[{"href":"https:\/\/staging.genekas24.ee\/fi\/wp-json\/wp\/v2\/types\/product"}],"version-history":[{"count":2,"href":"https:\/\/staging.genekas24.ee\/fi\/wp-json\/wp\/v2\/product\/20402\/revisions"}],"predecessor-version":[{"id":20737,"href":"https:\/\/staging.genekas24.ee\/fi\/wp-json\/wp\/v2\/product\/20402\/revisions\/20737"}],"wp:featuredmedia":[{"embeddable":true,"href":"https:\/\/staging.genekas24.ee\/fi\/wp-json\/wp\/v2\/media\/20400"}],"wp:attachment":[{"href":"https:\/\/staging.genekas24.ee\/fi\/wp-json\/wp\/v2\/media?parent=20402"}],"wp:term":[{"taxonomy":"product_brand","embeddable":true,"href":"https:\/\/staging.genekas24.ee\/fi\/wp-json\/wp\/v2\/product_brand?post=20402"},{"taxonomy":"product_cat","embeddable":true,"href":"https:\/\/staging.genekas24.ee\/fi\/wp-json\/wp\/v2\/product_cat?post=20402"},{"taxonomy":"product_tag","embeddable":true,"href":"https:\/\/staging.genekas24.ee\/fi\/wp-json\/wp\/v2\/product_tag?post=20402"}],"curies":[{"name":"wp","href":"https:\/\/api.w.org\/{rel}","templated":true}]}}