{"id":20358,"date":"2025-09-02T11:28:23","date_gmt":"2025-09-02T11:28:23","guid":{"rendered":"https:\/\/staging.genekas24.ee\/?post_type=product&#038;p=20358"},"modified":"2025-12-02T09:47:54","modified_gmt":"2025-12-02T09:47:54","slug":"500w-mootoriga-elektrijalgratas-48v-15ah-eemaldatava-akuga-shimano-7-kaigulise-susteemiga","status":"publish","type":"product","link":"https:\/\/staging.genekas24.ee\/fi\/tuote\/500w-mootoriga-elektrijalgratas-48v-15ah-eemaldatava-akuga-shimano-7-kaigulise-susteemiga\/","title":{"rendered":"500W mootoriga elektrijalgratas, 48V 15Ah eemaldatava akuga,  Shimano 7-k\u00e4igulise s\u00fcsteemiga"},"content":{"rendered":"<p data-start=\"53\" data-end=\"422\"><strong data-start=\"53\" data-end=\"75\">500W v\u00f5imas mootor<\/strong> \u2013 T\u00e4iskasvanutele m\u00f5eldud elektrijalgratas kasutab 500W k\u00f5rgsageduslikku harjavaba mootorit, mille p\u00f6\u00f6rdemoment on 56Nm, pakkudes tugevat ronimisv\u00f5imsust. Elektrijalgratta tippkiirus ulatub kuni 28 mph (~45 km\/h). Mootor on sertifitseeritud UL ja RoHS standardite j\u00e4rgi. Nautige suurep\u00e4rast s\u00f5idukogemust lumel, rannas, m\u00e4gedes v\u00f5i linnateedel.<\/p>\n<p data-start=\"424\" data-end=\"812\"><strong data-start=\"424\" data-end=\"456\">48V\/15Ah suurmahtuvusega aku<\/strong> \u2013 Elektrijalgratas on varustatud 48V 15Ah eemaldatava suure mahutavusega akuga. Kiire laadimine 7\u20138 tunniga ja pikk akuiga v\u00f5imaldavad s\u00f5ita kaugemale. Puhtal elektrire\u017eiimil on s\u00f5iduulatus 30\u201350 miili (~48\u201380 km) ja pedaaliabiga (PAS-re\u017eiim) 50\u201380 miili (~80\u2013128 km). Aku saab laadida toas. Teie m\u00e4giseiklused ja igap\u00e4evased s\u00f5idud muutuvad lihtsamaks.<\/p>\n<p data-start=\"814\" data-end=\"1293\"><strong data-start=\"814\" data-end=\"850\">Tipptasemel raami- ja kehaehitus<\/strong> \u2013 K\u00f5rge j\u00f5udlusega mehaanilised ketaspidurid tagavad turvalisuse. Kerge ja tugev alumiiniumisulamist raam. Elektrijalgratta ergonoomiline disain on mugav ja s\u00f5itmiseks lihtne. Varustatud 7-k\u00e4igulise s\u00fcsteemi, LCD-ekraani jt funktsioonidega. Kahekordne vedrustus koos 20&#8243; x 4,0&#8243; tugevdatud libisemiskindlate ja kulumiskindlate rehvidega tagab vihmasel ilmal, raskel maastikul v\u00f5i pikkadel allam\u00e4ge s\u00f5itudel turvalise ja mugava s\u00f5idukogemuse.<\/p>\n<p data-start=\"1295\" data-end=\"1313\"><strong data-start=\"1295\" data-end=\"1311\">3 t\u00f6\u00f6re\u017eiimi<\/strong><\/p>\n<ol data-start=\"1314\" data-end=\"1616\">\n<li data-start=\"1314\" data-end=\"1411\">\n<p data-start=\"1317\" data-end=\"1411\"><strong data-start=\"1317\" data-end=\"1343\">Pedaaliabire\u017eiim (PAS)<\/strong> \u2013 mootor abistab m\u00f5\u00f5dukal m\u00e4\u00e4ral, kui pedaalid jalgratast veavad.<\/p>\n<\/li>\n<li data-start=\"1412\" data-end=\"1541\">\n<p data-start=\"1415\" data-end=\"1541\"><strong data-start=\"1415\" data-end=\"1441\">T\u00e4iselektriline re\u017eiim<\/strong> \u2013 keerake gaasipedaali vastavalt soovitud v\u00f5imsusele ja mootor k\u00e4ivitub t\u00e4ielikult elektriliselt.<\/p>\n<\/li>\n<li data-start=\"1542\" data-end=\"1616\">\n<p data-start=\"1545\" data-end=\"1616\"><strong data-start=\"1545\" data-end=\"1562\">Pedaalire\u017eiim<\/strong> \u2013 s\u00f5ida jalgrattaga tavalise pedaalis\u00f5idu re\u017eiimis.<\/p>\n<\/li>\n<\/ol>\n<p data-start=\"1618\" data-end=\"1778\" data-is-last-node=\"\" data-is-only-node=\"\">Olgu eesm\u00e4rgiks igap\u00e4evased t\u00f6\u00f6le s\u00f5idud v\u00f5i n\u00e4dalavahetusel uute radade avastamine, see elektrijalgratas on suurep\u00e4rane valik mugavaks ja l\u00f5\u00f5gastavaks s\u00f5iduks.<\/p>\n<table style=\"border-collapse: collapse; width: 100%;\">\n<tbody>\n<tr>\n<td style=\"width: 25%;\"><strong data-start=\"47\" data-end=\"87\">Eriti eredad LED-esituli ja suunatuled<\/strong><br data-start=\"87\" data-end=\"90\" \/>P80 on varustatud retrostiilis suure mootorratta esitulega, millel on p\u00e4evavalguse funktsioon. Uuendatud ja stiilne moto-stiilis esituli tagab \u00f6\u00f6siti suurep\u00e4rase n\u00e4htavuse, suurendades turvalisust ja s\u00f5idukindlust. Selle v\u00f5imsus on 2W ja valgustugevus 80 luxi, muutes selle \u00fcheks turul tugevamaks esituleks. Tuli saab toite peamisest akust ja sisaldab piduritule funktsiooni, mis aktiveerub alati, kui pidureid kasutatakse.<\/td>\n<td style=\"width: 25%;\"><strong data-start=\"47\" data-end=\"67\">\u00a0LCD-ekraan<\/strong><br data-start=\"67\" data-end=\"70\" \/>T\u00e4pse reaalajas andmete kuvamise ja reguleeritavate seadistustega tagatuldud LCD-ekraan on n\u00e4htav igal kellaajal ning pakub mitmeid reisi j\u00e4lgimise v\u00f5imalusi. Uuendatud elektrijalgratta ekraan v\u00f5imaldab suurep\u00e4rast kohandamist kolme s\u00f5idure\u017eiimiga, sealhulgas <strong data-start=\"330\" data-end=\"350\" data-is-only-node=\"\">pedaaliabire\u017eiim<\/strong> (Pedal Assist Mode) ja <strong data-start=\"374\" data-end=\"400\">t\u00e4iselektriline re\u017eiim<\/strong> (Fully Electric Mode). K\u00f5ik seadistatav otse LCD-ekraanilt! Saa p\u00f5hjalik \u00fclevaade k\u00f5igist oma s\u00f5itudest.<\/td>\n<td style=\"width: 25%;\"><strong data-start=\"47\" data-end=\"78\">Shimano 7-k\u00e4iguline s\u00fcsteem<\/strong><br data-start=\"78\" data-end=\"81\" \/>Shimano 7-k\u00e4iguline s\u00fcsteem pakub suuremat p\u00f6\u00f6rdemomenti m\u00e4kket\u00f5usudel ja tippkiirusel, muutes s\u00f5idu mugavamaks ja turvalisemaks. Madalama k\u00e4igu valimine teeb pedaalimise lihtsamaks m\u00e4gedes v\u00f5i aeglasel kiirusel, seej\u00e4rel saab \u00fclemisse k\u00e4iku l\u00fclitades rattal taas kiirelt s\u00f5ita.<\/td>\n<\/tr>\n<tr>\n<td style=\"width: 25%;\"><img fetchpriority=\"high\" decoding=\"async\" class=\"size-full wp-image-20379 aligncenter\" src=\"https:\/\/staging.genekas24.ee\/wp-content\/uploads\/2025\/09\/a9b81474-2fba-4459-a118-25cce4214d0c.__CR0010001000_PT0_SX300_V1___.jpg\" alt=\"\" width=\"300\" height=\"300\" srcset=\"https:\/\/staging.genekas24.ee\/wp-content\/uploads\/2025\/09\/a9b81474-2fba-4459-a118-25cce4214d0c.__CR0010001000_PT0_SX300_V1___.jpg 300w, https:\/\/staging.genekas24.ee\/wp-content\/uploads\/2025\/09\/a9b81474-2fba-4459-a118-25cce4214d0c.__CR0010001000_PT0_SX300_V1___-150x150.jpg 150w, https:\/\/staging.genekas24.ee\/wp-content\/uploads\/2025\/09\/a9b81474-2fba-4459-a118-25cce4214d0c.__CR0010001000_PT0_SX300_V1___-12x12.jpg 12w, https:\/\/staging.genekas24.ee\/wp-content\/uploads\/2025\/09\/a9b81474-2fba-4459-a118-25cce4214d0c.__CR0010001000_PT0_SX300_V1___-100x100.jpg 100w\" sizes=\"(max-width: 300px) 100vw, 300px\" \/><\/td>\n<td style=\"width: 25%;\"><img decoding=\"async\" class=\"size-full wp-image-20380 aligncenter\" src=\"https:\/\/staging.genekas24.ee\/wp-content\/uploads\/2025\/09\/59117f13-a0d3-4c06-9e76-0c00dcf97627.__CR0010001000_PT0_SX300_V1___.jpg\" alt=\"\" width=\"300\" height=\"300\" srcset=\"https:\/\/staging.genekas24.ee\/wp-content\/uploads\/2025\/09\/59117f13-a0d3-4c06-9e76-0c00dcf97627.__CR0010001000_PT0_SX300_V1___.jpg 300w, https:\/\/staging.genekas24.ee\/wp-content\/uploads\/2025\/09\/59117f13-a0d3-4c06-9e76-0c00dcf97627.__CR0010001000_PT0_SX300_V1___-150x150.jpg 150w, https:\/\/staging.genekas24.ee\/wp-content\/uploads\/2025\/09\/59117f13-a0d3-4c06-9e76-0c00dcf97627.__CR0010001000_PT0_SX300_V1___-12x12.jpg 12w, https:\/\/staging.genekas24.ee\/wp-content\/uploads\/2025\/09\/59117f13-a0d3-4c06-9e76-0c00dcf97627.__CR0010001000_PT0_SX300_V1___-100x100.jpg 100w\" sizes=\"(max-width: 300px) 100vw, 300px\" \/><\/td>\n<td style=\"width: 25%;\"><img decoding=\"async\" class=\"size-full wp-image-20381 aligncenter\" src=\"https:\/\/staging.genekas24.ee\/wp-content\/uploads\/2025\/09\/6a331c73-d9a5-4bd0-afe5-72cec4084e0c.__CR0010001000_PT0_SX300_V1___.jpg\" alt=\"\" width=\"300\" height=\"300\" srcset=\"https:\/\/staging.genekas24.ee\/wp-content\/uploads\/2025\/09\/6a331c73-d9a5-4bd0-afe5-72cec4084e0c.__CR0010001000_PT0_SX300_V1___.jpg 300w, https:\/\/staging.genekas24.ee\/wp-content\/uploads\/2025\/09\/6a331c73-d9a5-4bd0-afe5-72cec4084e0c.__CR0010001000_PT0_SX300_V1___-150x150.jpg 150w, https:\/\/staging.genekas24.ee\/wp-content\/uploads\/2025\/09\/6a331c73-d9a5-4bd0-afe5-72cec4084e0c.__CR0010001000_PT0_SX300_V1___-12x12.jpg 12w, https:\/\/staging.genekas24.ee\/wp-content\/uploads\/2025\/09\/6a331c73-d9a5-4bd0-afe5-72cec4084e0c.__CR0010001000_PT0_SX300_V1___-100x100.jpg 100w\" sizes=\"(max-width: 300px) 100vw, 300px\" \/><\/td>\n<\/tr>\n<tr>\n<td style=\"width: 25%;\"><strong data-start=\"47\" data-end=\"79\">48V\/15Ah suurmahtuvusega aku<\/strong><br data-start=\"79\" data-end=\"82\" \/>Enamik linnas\u00f5ite on alla 5 miili (~8 km). Suurenda elektrijalgratta j\u00f5udlust j\u00e4rgmisele tasemele suurema 48V\/15Ah akuga, mis pakub suuremat kiirust ja pikemat s\u00f5iduulatust \u2013 \u00fche laadimisega kuni <strong data-start=\"278\" data-end=\"291\" data-is-only-node=\"\">80+ miili<\/strong> (~128 km). Nii saad pikalt s\u00f5ita ilma akku uuesti laadimata.<\/td>\n<td style=\"width: 25%;\"><strong data-start=\"47\" data-end=\"88\">20&#8243; x 4,0&#8243; l\u00f5hkemiskindlad lai rehvid<\/strong><br data-start=\"88\" data-end=\"91\" \/>Rehvi sisemine kaitseliin pakub t\u00e4iendavat kaitset okste, klaasi ja teiste v\u00e4ikeste terade p\u00f5hjustatud l\u00f5hede eest, v\u00f5imaldades s\u00f5ita liival, lumel ja muudel keerukatel maastikel. Rehvid sobivad erinevatele teeoludele, nii \u00fcles kui alla s\u00f5iduks, ning on libisemis- ja l\u00f5hkemiskindlad. 20-tollised suured lai rehvid \u00fchendavad vastupidavuse ja l\u00f6\u00f6gisummutuse, pakkudes mugavust ja stabiilsust elektrijalgrattaga s\u00f5ites.<\/td>\n<td style=\"width: 25%;\"><strong data-start=\"47\" data-end=\"70\">Pehme tagumine iste<\/strong><br data-start=\"70\" data-end=\"73\" \/>\u00dclikerge ja pehme tagumine iste pakub erilist s\u00f5idukogemust. V\u00f5id s\u00f5ita \u00fcksi v\u00f5i v\u00f5tta s\u00f5bra kaasa \u2013 kahekohaline iste v\u00f5imaldab sul ja s\u00f5bral minna k\u00f5ikjale, kuhu soovite, lisades s\u00f5itudele uue v\u00e4rvingu. Nii on elektrijalgratast lihtne igale poole kaasa v\u00f5tta.<\/td>\n<\/tr>\n<tr>\n<td style=\"width: 25%;\"><img loading=\"lazy\" decoding=\"async\" class=\"size-full wp-image-20382 aligncenter\" src=\"https:\/\/staging.genekas24.ee\/wp-content\/uploads\/2025\/09\/QQ\u56fe\u724720230209142411-300x300-1.jpg\" alt=\"\" width=\"300\" height=\"300\" srcset=\"https:\/\/staging.genekas24.ee\/wp-content\/uploads\/2025\/09\/QQ\u56fe\u724720230209142411-300x300-1.jpg 300w, https:\/\/staging.genekas24.ee\/wp-content\/uploads\/2025\/09\/QQ\u56fe\u724720230209142411-300x300-1-150x150.jpg 150w, https:\/\/staging.genekas24.ee\/wp-content\/uploads\/2025\/09\/QQ\u56fe\u724720230209142411-300x300-1-12x12.jpg 12w, https:\/\/staging.genekas24.ee\/wp-content\/uploads\/2025\/09\/QQ\u56fe\u724720230209142411-300x300-1-100x100.jpg 100w\" sizes=\"(max-width: 300px) 100vw, 300px\" \/><\/td>\n<td style=\"width: 25%;\"><img loading=\"lazy\" decoding=\"async\" class=\"size-full wp-image-20383 aligncenter\" src=\"https:\/\/staging.genekas24.ee\/wp-content\/uploads\/2025\/09\/01bf5a45-6839-4436-8506-02bbca0f55a6.__CR00300300_PT0_SX300_V1___.jpg\" alt=\"\" width=\"300\" height=\"300\" srcset=\"https:\/\/staging.genekas24.ee\/wp-content\/uploads\/2025\/09\/01bf5a45-6839-4436-8506-02bbca0f55a6.__CR00300300_PT0_SX300_V1___.jpg 300w, https:\/\/staging.genekas24.ee\/wp-content\/uploads\/2025\/09\/01bf5a45-6839-4436-8506-02bbca0f55a6.__CR00300300_PT0_SX300_V1___-150x150.jpg 150w, https:\/\/staging.genekas24.ee\/wp-content\/uploads\/2025\/09\/01bf5a45-6839-4436-8506-02bbca0f55a6.__CR00300300_PT0_SX300_V1___-12x12.jpg 12w, https:\/\/staging.genekas24.ee\/wp-content\/uploads\/2025\/09\/01bf5a45-6839-4436-8506-02bbca0f55a6.__CR00300300_PT0_SX300_V1___-100x100.jpg 100w\" sizes=\"(max-width: 300px) 100vw, 300px\" \/><\/td>\n<td style=\"width: 25%;\"><img loading=\"lazy\" decoding=\"async\" class=\"size-full wp-image-20384 aligncenter\" src=\"https:\/\/staging.genekas24.ee\/wp-content\/uploads\/2025\/09\/a45e56f6-7a11-4224-9add-3cc42eeff193.__CR00300300_PT0_SX300_V1___.jpg\" alt=\"\" width=\"300\" height=\"300\" srcset=\"https:\/\/staging.genekas24.ee\/wp-content\/uploads\/2025\/09\/a45e56f6-7a11-4224-9add-3cc42eeff193.__CR00300300_PT0_SX300_V1___.jpg 300w, https:\/\/staging.genekas24.ee\/wp-content\/uploads\/2025\/09\/a45e56f6-7a11-4224-9add-3cc42eeff193.__CR00300300_PT0_SX300_V1___-150x150.jpg 150w, https:\/\/staging.genekas24.ee\/wp-content\/uploads\/2025\/09\/a45e56f6-7a11-4224-9add-3cc42eeff193.__CR00300300_PT0_SX300_V1___-12x12.jpg 12w, https:\/\/staging.genekas24.ee\/wp-content\/uploads\/2025\/09\/a45e56f6-7a11-4224-9add-3cc42eeff193.__CR00300300_PT0_SX300_V1___-100x100.jpg 100w\" sizes=\"(max-width: 300px) 100vw, 300px\" \/><\/td>\n<\/tr>\n<\/tbody>\n<\/table>","protected":false},"excerpt":{"rendered":"<table>\n<tbody>\n<tr>\n<td>Mudel<\/td>\n<td>P80<\/td>\n<\/tr>\n<tr>\n<td>Jalgratta t\u00fc\u00fcp<\/td>\n<td>Elektrijalgratas<\/td>\n<\/tr>\n<tr>\n<td>Vanusegrupp<\/td>\n<td>T\u00e4iskasvanud<\/td>\n<\/tr>\n<tr>\n<td>K\u00e4ikude arv<\/td>\n<td>7<\/td>\n<\/tr>\n<tr>\n<td>V\u00e4rv<\/td>\n<td>Pruun<\/td>\n<\/tr>\n<tr>\n<td>Ratasuurus<\/td>\n<td>20&#8243;<\/td>\n<\/tr>\n<tr>\n<td>Maksimaalne kandev\u00f5ime<\/td>\n<td>150 kg<\/td>\n<\/tr>\n<tr>\n<td>Laadimisaeg<\/td>\n<td>7 tundi<\/td>\n<\/tr>\n<tr>\n<td>Kiirus<\/td>\n<td>25 km\/h<\/td>\n<\/tr>\n<tr>\n<td>Raami materjal<\/td>\n<td>Alumiinium<\/td>\n<\/tr>\n<tr>\n<td>Vedrustuse t\u00fc\u00fcp<\/td>\n<td>Eesvedrustus<\/td>\n<\/tr>\n<tr>\n<td>Eriline omadus<\/td>\n<td>Kerge kaal<\/td>\n<\/tr>\n<tr>\n<td>Komplektis<\/td>\n<td>T\u00f6\u00f6riistakomplekt<\/td>\n<\/tr>\n<\/tbody>\n<\/table>","protected":false},"featured_media":20386,"template":"","meta":{"_acf_changed":false,"inline_featured_image":false},"product_brand":[],"product_cat":[173],"product_tag":[],"class_list":{"0":"post-20358","1":"product","2":"type-product","3":"status-publish","4":"has-post-thumbnail","6":"product_cat-elektrijalgratas","7":"product_shipping_class-euroalus","8":"brand-pionver","10":"first","11":"instock","12":"taxable","13":"shipping-taxable","14":"purchasable","15":"product-type-simple"},"acf":[],"yoast_head":"<!-- This site is optimized with the Yoast SEO plugin v26.2 - https:\/\/yoast.com\/wordpress\/plugins\/seo\/ -->\n<title>500W elektrijalgratas 48V 15Ah \u2013 Genekas24.ee<\/title>\n<meta name=\"description\" content=\"500W mootoriga elektrijalgratas 48V 15Ah eemaldatava akuga, Shimano 7-k\u00e4iguline s\u00fcsteem. Osta Genekas24.ee-st.\" \/>\n<meta name=\"robots\" content=\"index, follow, max-snippet:-1, max-image-preview:large, max-video-preview:-1\" \/>\n<link rel=\"canonical\" href=\"https:\/\/staging.genekas24.ee\/fi\/tuote\/500w-mootoriga-elektrijalgratas-48v-15ah-eemaldatava-akuga-shimano-7-kaigulise-susteemiga\/\" \/>\n<meta property=\"og:locale\" content=\"fi_FI\" \/>\n<meta property=\"og:type\" content=\"article\" \/>\n<meta property=\"og:title\" content=\"500W elektrijalgratas 48V 15Ah \u2013 Genekas24.ee\" \/>\n<meta property=\"og:description\" content=\"500W mootoriga elektrijalgratas 48V 15Ah eemaldatava akuga, Shimano 7-k\u00e4iguline s\u00fcsteem. Osta Genekas24.ee-st.\" \/>\n<meta property=\"og:url\" content=\"https:\/\/staging.genekas24.ee\/fi\/tuote\/500w-mootoriga-elektrijalgratas-48v-15ah-eemaldatava-akuga-shimano-7-kaigulise-susteemiga\/\" \/>\n<meta property=\"og:site_name\" content=\"Genekas24\" \/>\n<meta property=\"article:modified_time\" content=\"2025-12-02T09:47:54+00:00\" \/>\n<meta property=\"og:image\" content=\"https:\/\/staging.genekas24.ee\/wp-content\/uploads\/2025\/09\/IMG_305320240510-114219.jpg\" \/>\n\t<meta property=\"og:image:width\" content=\"1500\" \/>\n\t<meta property=\"og:image:height\" content=\"1500\" \/>\n\t<meta property=\"og:image:type\" content=\"image\/jpeg\" \/>\n<meta name=\"twitter:card\" content=\"summary_large_image\" \/>\n<meta name=\"twitter:label1\" content=\"Arvioitu lukuaika\" \/>\n\t<meta name=\"twitter:data1\" content=\"4 minuuttia\" \/>\n<script type=\"application\/ld+json\" class=\"yoast-schema-graph\">{\"@context\":\"https:\/\/schema.org\",\"@graph\":[{\"@type\":\"WebPage\",\"@id\":\"https:\/\/staging.genekas24.ee\/toode\/500w-mootoriga-elektrijalgratas-48v-15ah-eemaldatava-akuga-shimano-7-kaigulise-susteemiga\/\",\"url\":\"https:\/\/staging.genekas24.ee\/toode\/500w-mootoriga-elektrijalgratas-48v-15ah-eemaldatava-akuga-shimano-7-kaigulise-susteemiga\/\",\"name\":\"500W elektrijalgratas 48V 15Ah \u2013 Genekas24.ee\",\"isPartOf\":{\"@id\":\"https:\/\/staging.genekas24.ee\/#website\"},\"primaryImageOfPage\":{\"@id\":\"https:\/\/staging.genekas24.ee\/toode\/500w-mootoriga-elektrijalgratas-48v-15ah-eemaldatava-akuga-shimano-7-kaigulise-susteemiga\/#primaryimage\"},\"image\":{\"@id\":\"https:\/\/staging.genekas24.ee\/toode\/500w-mootoriga-elektrijalgratas-48v-15ah-eemaldatava-akuga-shimano-7-kaigulise-susteemiga\/#primaryimage\"},\"thumbnailUrl\":\"https:\/\/staging.genekas24.ee\/wp-content\/uploads\/2025\/09\/IMG_305320240510-114219.jpg\",\"datePublished\":\"2025-09-02T11:28:23+00:00\",\"dateModified\":\"2025-12-02T09:47:54+00:00\",\"description\":\"500W mootoriga elektrijalgratas 48V 15Ah eemaldatava akuga, Shimano 7-k\u00e4iguline s\u00fcsteem. Osta Genekas24.ee-st.\",\"breadcrumb\":{\"@id\":\"https:\/\/staging.genekas24.ee\/toode\/500w-mootoriga-elektrijalgratas-48v-15ah-eemaldatava-akuga-shimano-7-kaigulise-susteemiga\/#breadcrumb\"},\"inLanguage\":\"fi\",\"potentialAction\":[{\"@type\":\"ReadAction\",\"target\":[\"https:\/\/staging.genekas24.ee\/toode\/500w-mootoriga-elektrijalgratas-48v-15ah-eemaldatava-akuga-shimano-7-kaigulise-susteemiga\/\"]}]},{\"@type\":\"ImageObject\",\"inLanguage\":\"fi\",\"@id\":\"https:\/\/staging.genekas24.ee\/toode\/500w-mootoriga-elektrijalgratas-48v-15ah-eemaldatava-akuga-shimano-7-kaigulise-susteemiga\/#primaryimage\",\"url\":\"https:\/\/staging.genekas24.ee\/wp-content\/uploads\/2025\/09\/IMG_305320240510-114219.jpg\",\"contentUrl\":\"https:\/\/staging.genekas24.ee\/wp-content\/uploads\/2025\/09\/IMG_305320240510-114219.jpg\",\"width\":1500,\"height\":1500,\"caption\":\"{\\\"ARInfo\\\":{\\\"IsUseAR\\\":false},\\\"Version\\\":\\\"1.0.0\\\",\\\"MakeupInfo\\\":{\\\"IsUseMakeup\\\":false},\\\"FaceliftInfo\\\":{\\\"IsChangeEyeLift\\\":false,\\\"IsChangeFacelift\\\":false,\\\"IsChangePostureLift\\\":false,\\\"IsChangeNose\\\":false,\\\"IsChangeFaceChin\\\":false,\\\"IsChangeMouth\\\":false,\\\"IsChangeThinFace\\\":false},\\\"BeautyInfo\\\":{\\\"SwitchMedicatedAcne\\\":false,\\\"IsAIBeauty\\\":false,\\\"IsBrightEyes\\\":false,\\\"IsSharpen\\\":false,\\\"IsOldBeauty\\\":false,\\\"IsReduceBlackEyes\\\":false},\\\"HandlerInfo\\\":{\\\"AppName\\\":2},\\\"FilterInfo\\\":{\\\"IsUseFilter\\\":false}}\"},{\"@type\":\"BreadcrumbList\",\"@id\":\"https:\/\/staging.genekas24.ee\/toode\/500w-mootoriga-elektrijalgratas-48v-15ah-eemaldatava-akuga-shimano-7-kaigulise-susteemiga\/#breadcrumb\",\"itemListElement\":[{\"@type\":\"ListItem\",\"position\":1,\"name\":\"Home\",\"item\":\"https:\/\/staging.genekas24.ee\/\"},{\"@type\":\"ListItem\",\"position\":2,\"name\":\"Pood\",\"item\":\"https:\/\/staging.genekas24.ee\/pood\/\"},{\"@type\":\"ListItem\",\"position\":3,\"name\":\"500W mootoriga elektrijalgratas, 48V 15Ah eemaldatava akuga, Shimano 7-k\u00e4igulise s\u00fcsteemiga\"}]},{\"@type\":\"WebSite\",\"@id\":\"https:\/\/staging.genekas24.ee\/#website\",\"url\":\"https:\/\/staging.genekas24.ee\/\",\"name\":\"Genekas24\",\"description\":\"Generaatorid | K&ouml;nner S&ouml;hnen tooted | Genekas24\",\"publisher\":{\"@id\":\"https:\/\/staging.genekas24.ee\/#organization\"},\"potentialAction\":[{\"@type\":\"SearchAction\",\"target\":{\"@type\":\"EntryPoint\",\"urlTemplate\":\"https:\/\/staging.genekas24.ee\/?s={search_term_string}\"},\"query-input\":{\"@type\":\"PropertyValueSpecification\",\"valueRequired\":true,\"valueName\":\"search_term_string\"}}],\"inLanguage\":\"fi\"},{\"@type\":\"Organization\",\"@id\":\"https:\/\/staging.genekas24.ee\/#organization\",\"name\":\"Genekas24\",\"url\":\"https:\/\/staging.genekas24.ee\/\",\"logo\":{\"@type\":\"ImageObject\",\"inLanguage\":\"fi\",\"@id\":\"https:\/\/staging.genekas24.ee\/#\/schema\/logo\/image\/\",\"url\":\"https:\/\/staging.genekas24.ee\/wp-content\/uploads\/2026\/01\/genekas24-logo_black.svg\",\"contentUrl\":\"https:\/\/staging.genekas24.ee\/wp-content\/uploads\/2026\/01\/genekas24-logo_black.svg\",\"width\":840,\"height\":131,\"caption\":\"Genekas24\"},\"image\":{\"@id\":\"https:\/\/staging.genekas24.ee\/#\/schema\/logo\/image\/\"}}]}<\/script>\n<!-- \/ Yoast SEO plugin. -->","yoast_head_json":{"title":"500W elektrijalgratas 48V 15Ah \u2013 Genekas24.ee","description":"500W mootoriga elektrijalgratas 48V 15Ah eemaldatava akuga, Shimano 7-k\u00e4iguline s\u00fcsteem. Osta Genekas24.ee-st.","robots":{"index":"index","follow":"follow","max-snippet":"max-snippet:-1","max-image-preview":"max-image-preview:large","max-video-preview":"max-video-preview:-1"},"canonical":"https:\/\/staging.genekas24.ee\/fi\/tuote\/500w-mootoriga-elektrijalgratas-48v-15ah-eemaldatava-akuga-shimano-7-kaigulise-susteemiga\/","og_locale":"fi_FI","og_type":"article","og_title":"500W elektrijalgratas 48V 15Ah \u2013 Genekas24.ee","og_description":"500W mootoriga elektrijalgratas 48V 15Ah eemaldatava akuga, Shimano 7-k\u00e4iguline s\u00fcsteem. Osta Genekas24.ee-st.","og_url":"https:\/\/staging.genekas24.ee\/fi\/tuote\/500w-mootoriga-elektrijalgratas-48v-15ah-eemaldatava-akuga-shimano-7-kaigulise-susteemiga\/","og_site_name":"Genekas24","article_modified_time":"2025-12-02T09:47:54+00:00","og_image":[{"width":1500,"height":1500,"url":"https:\/\/staging.genekas24.ee\/wp-content\/uploads\/2025\/09\/IMG_305320240510-114219.jpg","type":"image\/jpeg"}],"twitter_card":"summary_large_image","twitter_misc":{"Arvioitu lukuaika":"4 minuuttia"},"schema":{"@context":"https:\/\/schema.org","@graph":[{"@type":"WebPage","@id":"https:\/\/staging.genekas24.ee\/toode\/500w-mootoriga-elektrijalgratas-48v-15ah-eemaldatava-akuga-shimano-7-kaigulise-susteemiga\/","url":"https:\/\/staging.genekas24.ee\/toode\/500w-mootoriga-elektrijalgratas-48v-15ah-eemaldatava-akuga-shimano-7-kaigulise-susteemiga\/","name":"500W elektrijalgratas 48V 15Ah \u2013 Genekas24.ee","isPartOf":{"@id":"https:\/\/staging.genekas24.ee\/#website"},"primaryImageOfPage":{"@id":"https:\/\/staging.genekas24.ee\/toode\/500w-mootoriga-elektrijalgratas-48v-15ah-eemaldatava-akuga-shimano-7-kaigulise-susteemiga\/#primaryimage"},"image":{"@id":"https:\/\/staging.genekas24.ee\/toode\/500w-mootoriga-elektrijalgratas-48v-15ah-eemaldatava-akuga-shimano-7-kaigulise-susteemiga\/#primaryimage"},"thumbnailUrl":"https:\/\/staging.genekas24.ee\/wp-content\/uploads\/2025\/09\/IMG_305320240510-114219.jpg","datePublished":"2025-09-02T11:28:23+00:00","dateModified":"2025-12-02T09:47:54+00:00","description":"500W mootoriga elektrijalgratas 48V 15Ah eemaldatava akuga, Shimano 7-k\u00e4iguline s\u00fcsteem. Osta Genekas24.ee-st.","breadcrumb":{"@id":"https:\/\/staging.genekas24.ee\/toode\/500w-mootoriga-elektrijalgratas-48v-15ah-eemaldatava-akuga-shimano-7-kaigulise-susteemiga\/#breadcrumb"},"inLanguage":"fi","potentialAction":[{"@type":"ReadAction","target":["https:\/\/staging.genekas24.ee\/toode\/500w-mootoriga-elektrijalgratas-48v-15ah-eemaldatava-akuga-shimano-7-kaigulise-susteemiga\/"]}]},{"@type":"ImageObject","inLanguage":"fi","@id":"https:\/\/staging.genekas24.ee\/toode\/500w-mootoriga-elektrijalgratas-48v-15ah-eemaldatava-akuga-shimano-7-kaigulise-susteemiga\/#primaryimage","url":"https:\/\/staging.genekas24.ee\/wp-content\/uploads\/2025\/09\/IMG_305320240510-114219.jpg","contentUrl":"https:\/\/staging.genekas24.ee\/wp-content\/uploads\/2025\/09\/IMG_305320240510-114219.jpg","width":1500,"height":1500,"caption":"{\"ARInfo\":{\"IsUseAR\":false},\"Version\":\"1.0.0\",\"MakeupInfo\":{\"IsUseMakeup\":false},\"FaceliftInfo\":{\"IsChangeEyeLift\":false,\"IsChangeFacelift\":false,\"IsChangePostureLift\":false,\"IsChangeNose\":false,\"IsChangeFaceChin\":false,\"IsChangeMouth\":false,\"IsChangeThinFace\":false},\"BeautyInfo\":{\"SwitchMedicatedAcne\":false,\"IsAIBeauty\":false,\"IsBrightEyes\":false,\"IsSharpen\":false,\"IsOldBeauty\":false,\"IsReduceBlackEyes\":false},\"HandlerInfo\":{\"AppName\":2},\"FilterInfo\":{\"IsUseFilter\":false}}"},{"@type":"BreadcrumbList","@id":"https:\/\/staging.genekas24.ee\/toode\/500w-mootoriga-elektrijalgratas-48v-15ah-eemaldatava-akuga-shimano-7-kaigulise-susteemiga\/#breadcrumb","itemListElement":[{"@type":"ListItem","position":1,"name":"Home","item":"https:\/\/staging.genekas24.ee\/"},{"@type":"ListItem","position":2,"name":"Pood","item":"https:\/\/staging.genekas24.ee\/pood\/"},{"@type":"ListItem","position":3,"name":"500W mootoriga elektrijalgratas, 48V 15Ah eemaldatava akuga, Shimano 7-k\u00e4igulise s\u00fcsteemiga"}]},{"@type":"WebSite","@id":"https:\/\/staging.genekas24.ee\/#website","url":"https:\/\/staging.genekas24.ee\/","name":"Genekas24","description":"Generaatorid | K&ouml;nner S&ouml;hnen tooted | Genekas24","publisher":{"@id":"https:\/\/staging.genekas24.ee\/#organization"},"potentialAction":[{"@type":"SearchAction","target":{"@type":"EntryPoint","urlTemplate":"https:\/\/staging.genekas24.ee\/?s={search_term_string}"},"query-input":{"@type":"PropertyValueSpecification","valueRequired":true,"valueName":"search_term_string"}}],"inLanguage":"fi"},{"@type":"Organization","@id":"https:\/\/staging.genekas24.ee\/#organization","name":"Genekas24","url":"https:\/\/staging.genekas24.ee\/","logo":{"@type":"ImageObject","inLanguage":"fi","@id":"https:\/\/staging.genekas24.ee\/#\/schema\/logo\/image\/","url":"https:\/\/staging.genekas24.ee\/wp-content\/uploads\/2026\/01\/genekas24-logo_black.svg","contentUrl":"https:\/\/staging.genekas24.ee\/wp-content\/uploads\/2026\/01\/genekas24-logo_black.svg","width":840,"height":131,"caption":"Genekas24"},"image":{"@id":"https:\/\/staging.genekas24.ee\/#\/schema\/logo\/image\/"}}]}},"_links":{"self":[{"href":"https:\/\/staging.genekas24.ee\/fi\/wp-json\/wp\/v2\/product\/20358","targetHints":{"allow":["GET"]}}],"collection":[{"href":"https:\/\/staging.genekas24.ee\/fi\/wp-json\/wp\/v2\/product"}],"about":[{"href":"https:\/\/staging.genekas24.ee\/fi\/wp-json\/wp\/v2\/types\/product"}],"version-history":[{"count":4,"href":"https:\/\/staging.genekas24.ee\/fi\/wp-json\/wp\/v2\/product\/20358\/revisions"}],"predecessor-version":[{"id":20392,"href":"https:\/\/staging.genekas24.ee\/fi\/wp-json\/wp\/v2\/product\/20358\/revisions\/20392"}],"wp:featuredmedia":[{"embeddable":true,"href":"https:\/\/staging.genekas24.ee\/fi\/wp-json\/wp\/v2\/media\/20386"}],"wp:attachment":[{"href":"https:\/\/staging.genekas24.ee\/fi\/wp-json\/wp\/v2\/media?parent=20358"}],"wp:term":[{"taxonomy":"product_brand","embeddable":true,"href":"https:\/\/staging.genekas24.ee\/fi\/wp-json\/wp\/v2\/product_brand?post=20358"},{"taxonomy":"product_cat","embeddable":true,"href":"https:\/\/staging.genekas24.ee\/fi\/wp-json\/wp\/v2\/product_cat?post=20358"},{"taxonomy":"product_tag","embeddable":true,"href":"https:\/\/staging.genekas24.ee\/fi\/wp-json\/wp\/v2\/product_tag?post=20358"}],"curies":[{"name":"wp","href":"https:\/\/api.w.org\/{rel}","templated":true}]}}