{"id":20218,"date":"2025-08-06T09:04:20","date_gmt":"2025-08-06T09:04:20","guid":{"rendered":"https:\/\/staging.genekas24.ee\/?post_type=product&#038;p=20218"},"modified":"2025-12-02T09:47:57","modified_gmt":"2025-12-02T09:47:57","slug":"shibaura-cm254","status":"publish","type":"product","link":"https:\/\/staging.genekas24.ee\/fi\/tuote\/shibaura-cm254\/","title":{"rendered":"Shibaura CM254"},"content":{"rendered":"<p>CM254 esiniidukid on v\u00e4ga kasutajas\u00f5bralikud. H\u00fcdrostaatilisel k\u00e4igukastil on madal ja k\u00f5rge k\u00e4ik: madal rasketeks oludeks ja k\u00f5rge kergeks niitmiseks ja transpordiks. H\u00fcdrostaatilised juhtpedaalid on mugavuse ja kasutusmugavuse tagamiseks loogiliselt paigutatud.<\/p>\n<p>Suuna- v\u00f5i kiirusemuutused toimuvad sujuvalt ja reageerivalt.<\/p>\n<p>Suur 51-liitrine k\u00fctusepaak v\u00f5imaldab masinat kasutada terve p\u00e4eva ilma tankimise vajaduseta. Neid esiniidukeid saab lisavarustusena varustada kahe kahekordse toimega klapiga lisaseadmete (nt rohukogumiss\u00fcsteem v\u00f5i p\u00f6\u00f6rdhari) juhtimiseks.<\/p>\n<p>CM254 on varustatud luksusliku istmega, mida saab juhi kaalu j\u00e4rgi reguleerida.<\/p>\n<p>Esiniiduk on varustatud h\u00fcdraulilise raskuse \u00fclekandes\u00fcsteemiga, mis kannab niitmise ajal osa niiduki raskusest masina esisillale, parandades masina haarduvust n\u00f5lvadel.<\/p>\n<p>CM254 on varustatud automaatse fikseeritud nelikveoga. Rasketes niitmistingimustes (m\u00e4rjal v\u00f5i n\u00f5lval) saab diferentsiaaliluku pedaaliga sisse l\u00fclitada, et tagada m\u00f5lemale esirattale v\u00f5rdne haarduvus ja parem kontroll.<\/p>\n<p>Shibaura niiduki korpust saab paigaldada vertikaalselt ilma j\u00f5uv\u00f5tuv\u00f5lli v\u00e4lja l\u00fclitamata, mis teeb niiduki korpuse hoolduse ning terade teritamise v\u00f5i vahetamise lihtsaks.<\/p>\n<p><strong>Lisad:<\/strong><\/p>\n<ul>\n<li>Niiduk 1,50m, k\u00fclgv\u00e4ljalaskega<\/li>\n<li>Erisugused niidukid 1,50m, tagant v\u00e4ljalaskega<\/li>\n<li>Erisugused niidukid, 1,80m, tagant v\u00e4ljalaskega<\/li>\n<li>Trummelniiduk 1,40m v\u00f5i 1,60m<\/li>\n<li>Vasturaskus, tungraud<\/li>\n<li>Kabiin soojendusega ja soovi korral ka konditsioneeriga<\/li>\n<li>Murukogumis s\u00fcsteem madala v\u00f5i k\u00f5rge v\u00e4ljalaskega<\/li>\n<li>Puhastusmasin<\/li>\n<li>Lumesahk<\/li>\n<li>Valgusti komplekt<\/li>\n<li>Kahetoimeline h\u00fcdraulika, 4 ventiili<\/li>\n<\/ul>\n<p><strong>Rehvid:<\/strong><\/p>\n<ul>\n<li>Mururehvid<\/li>\n<li>Maastikurehvid<\/li>\n<\/ul>\n<p><strong>NB! Toote hind muutub s\u00f5ltuvalt valitud rehvidest ja lisadest.<\/strong><\/p>","protected":false},"excerpt":{"rendered":"<table style=\"border-collapse: collapse; width: 100%; height: 792px;\">\n<tbody>\n<tr style=\"height: 24px;\">\n<td style=\"width: 50%; height: 24px;\" colspan=\"2\"><strong>Mootor<\/strong><\/td>\n<\/tr>\n<tr style=\"height: 24px;\">\n<td style=\"width: 50%; height: 24px;\">Mudel<\/td>\n<td style=\"width: 50%; height: 24px;\">N843<\/td>\n<\/tr>\n<tr style=\"height: 24px;\">\n<td style=\"width: 50%; height: 24px;\">T\u00fc\u00fcp<\/td>\n<td style=\"width: 50%; height: 24px;\">Vedeljahutusega 3-silindriline diisel<\/td>\n<\/tr>\n<tr style=\"height: 24px;\">\n<td style=\"width: 50%; height: 24px;\">V\u00f5imsus, hp(kW)<\/td>\n<td style=\"width: 50%; height: 24px;\">23,6(17,6)<\/td>\n<\/tr>\n<tr style=\"height: 24px;\">\n<td style=\"width: 50%; height: 24px;\">Nimikiirus, rpm<\/td>\n<td style=\"width: 50%; height: 24px;\">2600<\/td>\n<\/tr>\n<tr style=\"height: 24px;\">\n<td style=\"width: 50%; height: 24px;\">T\u00f6\u00f6maht, cc<\/td>\n<td style=\"width: 50%; height: 24px;\">1496<\/td>\n<\/tr>\n<tr style=\"height: 24px;\">\n<td style=\"width: 50%; height: 24px;\">K\u00fctusepaak, l<\/td>\n<td style=\"width: 50%; height: 24px;\">51<\/td>\n<\/tr>\n<tr style=\"height: 24px;\">\n<td style=\"width: 50%; height: 24px;\">Aku, V-A<\/td>\n<td style=\"width: 50%; height: 24px;\">12-55<\/td>\n<\/tr>\n<tr style=\"height: 24px;\">\n<td style=\"width: 50%; height: 24px;\" colspan=\"2\"><strong>M\u00f5\u00f5dud<\/strong><\/td>\n<\/tr>\n<tr style=\"height: 24px;\">\n<td style=\"width: 50%; height: 24px;\">Pikkus, mm<\/td>\n<td style=\"width: 50%; height: 24px;\">2145<\/td>\n<\/tr>\n<tr style=\"height: 24px;\">\n<td style=\"width: 50%; height: 24px;\">Laius, mm<\/td>\n<td style=\"width: 50%; height: 24px;\">1365<\/td>\n<\/tr>\n<tr style=\"height: 24px;\">\n<td style=\"width: 50%; height: 24px;\">Korkeus, mm<\/td>\n<td style=\"width: 50%; height: 24px;\">1935<\/td>\n<\/tr>\n<tr style=\"height: 24px;\">\n<td style=\"width: 50%; height: 24px;\">Kliirens, mm<\/td>\n<td style=\"width: 50%; height: 24px;\">140<\/td>\n<\/tr>\n<tr style=\"height: 24px;\">\n<td style=\"width: 50%; height: 24px;\">Teljevahe, mm<\/td>\n<td style=\"width: 50%; height: 24px;\">1250<\/td>\n<\/tr>\n<tr style=\"height: 24px;\">\n<td style=\"width: 50%; height: 24px;\">Ratta laius ees, mm<\/td>\n<td style=\"width: 50%; height: 24px;\">990<\/td>\n<\/tr>\n<tr style=\"height: 24px;\">\n<td style=\"width: 50%; height: 24px;\">Ratta laius taga, mm<\/td>\n<td style=\"width: 50%; height: 24px;\">995<\/td>\n<\/tr>\n<tr style=\"height: 24px;\">\n<td style=\"width: 50%; height: 24px;\">Kaal koos ROPS-iga, kg<\/td>\n<td style=\"width: 50%; height: 24px;\">750<\/td>\n<\/tr>\n<tr style=\"height: 24px;\">\n<td style=\"width: 50%; height: 24px;\">Rehvi suurus ees<\/td>\n<td style=\"width: 50%; height: 24px;\">24&#215;13,00-12<\/td>\n<\/tr>\n<tr style=\"height: 24px;\">\n<td style=\"width: 50%; height: 24px;\">Rehvi suurus taga<\/td>\n<td style=\"width: 50%; height: 24px;\">20&#215;8,00-10<\/td>\n<\/tr>\n<tr style=\"height: 24px;\">\n<td style=\"width: 50%; height: 24px;\" colspan=\"2\"><strong>Eesmine PTO<\/strong><\/td>\n<\/tr>\n<tr style=\"height: 24px;\">\n<td style=\"width: 50%; height: 24px;\">T\u00fc\u00fcp<\/td>\n<td style=\"width: 50%; height: 24px;\">M\u00e4rg mitmekettaline sidur<\/td>\n<\/tr>\n<tr style=\"height: 24px;\">\n<td style=\"width: 50%; height: 24px;\">PTO<\/td>\n<td style=\"width: 50%; height: 24px;\">\u00f8 25.4 mm\/ 21 splines<\/td>\n<\/tr>\n<tr style=\"height: 24px;\">\n<td style=\"width: 50%; height: 24px;\">Nimikiirus, rpm<\/td>\n<td style=\"width: 50%; height: 24px;\">2200<\/td>\n<\/tr>\n<tr style=\"height: 24px;\">\n<td style=\"width: 50%; height: 24px;\" colspan=\"2\"><strong>K\u00e4igukast<\/strong><\/td>\n<\/tr>\n<tr style=\"height: 24px;\">\n<td style=\"width: 50%; height: 24px;\">Juhtimine<\/td>\n<td style=\"width: 50%; height: 24px;\">H\u00fcdrauliline<\/td>\n<\/tr>\n<tr style=\"height: 24px;\">\n<td style=\"width: 50%; height: 24px;\">4WD (mehaaniline)<\/td>\n<td style=\"width: 50%; height: 24px;\">Auto 4WD of Full time 4WD (ka differentsiaali lukk)<\/td>\n<\/tr>\n<tr style=\"height: 24px;\">\n<td style=\"width: 50%; height: 24px;\">Raadius<\/td>\n<td style=\"width: 50%; height: 24px;\">2<\/td>\n<\/tr>\n<tr style=\"height: 24px;\">\n<td style=\"width: 50%; height: 24px;\">Liikumiskiirus edaspidi, km\/h<\/td>\n<td style=\"width: 50%; height: 24px;\">0-23,6<\/td>\n<\/tr>\n<tr style=\"height: 24px;\">\n<td style=\"width: 50%; height: 24px;\">Liikumiskiirus tagurpidi, km\/h<\/td>\n<td style=\"width: 50%; height: 24px;\">0-9,6<\/td>\n<\/tr>\n<tr style=\"height: 24px;\">\n<td style=\"width: 50%; height: 24px;\">Kiiruse reguleermine<\/td>\n<td style=\"width: 50%; height: 24px;\">2 pedaali(edasi ja tagasi)<\/td>\n<\/tr>\n<tr style=\"height: 24px;\">\n<td style=\"width: 50%; height: 24px;\">Pidurid<\/td>\n<td style=\"width: 50%; height: 24px;\">M\u00e4rg ketas(\u00fche pedaaliga reguleerimine)<\/td>\n<\/tr>\n<tr style=\"height: 24px;\">\n<td style=\"width: 50%; height: 24px;\" colspan=\"2\"><strong>Juhtimis-\/ohutuss\u00fcsteem<\/strong><\/td>\n<\/tr>\n<tr style=\"height: 24px;\">\n<td style=\"width: 50%; height: 24px;\">Niiduki t\u00f5stmine<\/td>\n<td style=\"width: 50%; height: 24px;\">H\u00fcdrauliline<\/td>\n<\/tr>\n<tr>\n<td style=\"width: 50%;\">Juhtimine<\/td>\n<td style=\"width: 50%;\">H\u00fcdrauliline<\/td>\n<\/tr>\n<tr>\n<td style=\"width: 50%;\">ROPS<\/td>\n<td style=\"width: 50%;\">Standard<\/td>\n<\/tr>\n<tr>\n<td style=\"width: 50%;\">K\u00e4sipidur<\/td>\n<td style=\"width: 50%;\">Standard<\/td>\n<\/tr>\n<tr>\n<td style=\"width: 50%;\">Turvav\u00f6\u00f6<\/td>\n<td style=\"width: 50%;\">Standard<\/td>\n<\/tr>\n<tr>\n<td style=\"width: 50%;\">Automaatne mootoriseisu funktsioon<\/td>\n<td style=\"width: 50%;\">Standard<\/td>\n<\/tr>\n<tr>\n<td style=\"width: 50%;\">Mootori ohutusk\u00e4ivitusl\u00fcliti<\/td>\n<td style=\"width: 50%;\">Standard<\/td>\n<\/tr>\n<tr>\n<td style=\"width: 50%;\" colspan=\"2\">Shibaura niiduk(valikuline)<\/td>\n<\/tr>\n<tr>\n<td style=\"width: 50%;\">T\u00fc\u00fcp, mm<\/td>\n<td style=\"width: 50%;\">150<\/td>\n<\/tr>\n<tr>\n<td style=\"width: 50%;\">L\u00f5ikamisk\u00f5rgus, mm<\/td>\n<td style=\"width: 50%;\">38-115<\/td>\n<\/tr>\n<tr>\n<td style=\"width: 50%;\">L\u00f5ikamislaius, mm<\/td>\n<td style=\"width: 50%;\">1520<\/td>\n<\/tr>\n<tr>\n<td style=\"width: 50%;\">Paino, kg<\/td>\n<td style=\"width: 50%;\">175<\/td>\n<\/tr>\n<\/tbody>\n<\/table>","protected":false},"featured_media":20220,"template":"","meta":{"_acf_changed":false,"inline_featured_image":false},"product_brand":[],"product_cat":[172],"product_tag":[],"class_list":{"0":"post-20218","1":"product","2":"type-product","3":"status-publish","4":"has-post-thumbnail","6":"product_cat-traktorid","7":"product_shipping_class-diisel-joujaamad","8":"brand-shibaura","10":"first","11":"instock","12":"taxable","13":"shipping-taxable","14":"purchasable","15":"product-type-simple"},"acf":[],"yoast_head":"<!-- This site is optimized with the Yoast SEO plugin v26.2 - https:\/\/yoast.com\/wordpress\/plugins\/seo\/ -->\n<title>Shibaura CM254 - Genekas24<\/title>\n<meta name=\"robots\" content=\"index, follow, max-snippet:-1, max-image-preview:large, max-video-preview:-1\" \/>\n<link rel=\"canonical\" href=\"https:\/\/staging.genekas24.ee\/fi\/tuote\/shibaura-cm254\/\" \/>\n<meta property=\"og:locale\" content=\"fi_FI\" \/>\n<meta property=\"og:type\" content=\"article\" \/>\n<meta property=\"og:title\" content=\"Shibaura CM254 - Genekas24\" \/>\n<meta property=\"og:description\" content=\"Mootor   Mudel N843   T\u00fc\u00fcp Vedeljahutusega 3-silindriline diisel   V\u00f5imsus, hp(kW) 23,6(17,6)   Nimikiirus, rpm 2600   T\u00f6\u00f6maht, cc 1496   K\u00fctusepaak, l 51   Aku, V-A 12-55   M\u00f5\u00f5dud   Pikkus, mm 2145   Laius, mm 1365   K\u00f5rgus, mm 1935   Kliirens, mm 140   Teljevahe, mm 1250   Ratta laius ees, mm 990   Ratta laius taga, mm 995   Kaal koos ROPS-iga, kg 750   Rehvi suurus ees 24x13,00-12   Rehvi suurus taga 20x8,00-10   Eesmine PTO   T\u00fc\u00fcp M\u00e4rg mitmekettaline sidur   PTO \u00f8 25.4 mm\/ 21 splines   Nimikiirus, rpm 2200   K\u00e4igukast   Juhtimine H\u00fcdrauliline   4WD (mehaaniline) Auto 4WD of Full time 4WD (ka differentsiaali lukk)   Raadius 2   Liikumiskiirus edaspidi, km\/h 0-23,6   Liikumiskiirus tagurpidi, km\/h 0-9,6   Kiiruse reguleermine 2 pedaali(edasi ja tagasi)   Pidurid M\u00e4rg ketas(\u00fche pedaaliga reguleerimine)   Juhtimis-\/ohutuss\u00fcsteem   Niiduki t\u00f5stmine H\u00fcdrauliline   Juhtimine H\u00fcdrauliline   ROPS Standard   K\u00e4sipidur Standard   Turvav\u00f6\u00f6 Standard   Automaatne mootoriseisu funktsioon Standard   Mootori ohutusk\u00e4ivitusl\u00fcliti Standard   Shibaura niiduk(valikuline)   T\u00fc\u00fcp, mm 150   L\u00f5ikamisk\u00f5rgus, mm 38-115   L\u00f5ikamislaius, mm 1520   Kaal, kg 175\" \/>\n<meta property=\"og:url\" content=\"https:\/\/staging.genekas24.ee\/fi\/tuote\/shibaura-cm254\/\" \/>\n<meta property=\"og:site_name\" content=\"Genekas24\" \/>\n<meta property=\"article:modified_time\" content=\"2025-12-02T09:47:57+00:00\" \/>\n<meta property=\"og:image\" content=\"https:\/\/staging.genekas24.ee\/wp-content\/uploads\/2025\/08\/image00001-1024x768-1.jpeg\" \/>\n\t<meta property=\"og:image:width\" content=\"1024\" \/>\n\t<meta property=\"og:image:height\" content=\"768\" \/>\n\t<meta property=\"og:image:type\" content=\"image\/jpeg\" \/>\n<meta name=\"twitter:card\" content=\"summary_large_image\" \/>\n<meta name=\"twitter:label1\" content=\"Arvioitu lukuaika\" \/>\n\t<meta name=\"twitter:data1\" content=\"2 minuuttia\" \/>\n<script type=\"application\/ld+json\" class=\"yoast-schema-graph\">{\"@context\":\"https:\/\/schema.org\",\"@graph\":[{\"@type\":\"WebPage\",\"@id\":\"https:\/\/staging.genekas24.ee\/toode\/shibaura-cm254\/\",\"url\":\"https:\/\/staging.genekas24.ee\/toode\/shibaura-cm254\/\",\"name\":\"Shibaura CM254 - Genekas24\",\"isPartOf\":{\"@id\":\"https:\/\/staging.genekas24.ee\/#website\"},\"primaryImageOfPage\":{\"@id\":\"https:\/\/staging.genekas24.ee\/toode\/shibaura-cm254\/#primaryimage\"},\"image\":{\"@id\":\"https:\/\/staging.genekas24.ee\/toode\/shibaura-cm254\/#primaryimage\"},\"thumbnailUrl\":\"https:\/\/staging.genekas24.ee\/wp-content\/uploads\/2025\/08\/image00001-1024x768-1.jpeg\",\"datePublished\":\"2025-08-06T09:04:20+00:00\",\"dateModified\":\"2025-12-02T09:47:57+00:00\",\"breadcrumb\":{\"@id\":\"https:\/\/staging.genekas24.ee\/toode\/shibaura-cm254\/#breadcrumb\"},\"inLanguage\":\"fi\",\"potentialAction\":[{\"@type\":\"ReadAction\",\"target\":[\"https:\/\/staging.genekas24.ee\/toode\/shibaura-cm254\/\"]}]},{\"@type\":\"ImageObject\",\"inLanguage\":\"fi\",\"@id\":\"https:\/\/staging.genekas24.ee\/toode\/shibaura-cm254\/#primaryimage\",\"url\":\"https:\/\/staging.genekas24.ee\/wp-content\/uploads\/2025\/08\/image00001-1024x768-1.jpeg\",\"contentUrl\":\"https:\/\/staging.genekas24.ee\/wp-content\/uploads\/2025\/08\/image00001-1024x768-1.jpeg\",\"width\":1024,\"height\":768},{\"@type\":\"BreadcrumbList\",\"@id\":\"https:\/\/staging.genekas24.ee\/toode\/shibaura-cm254\/#breadcrumb\",\"itemListElement\":[{\"@type\":\"ListItem\",\"position\":1,\"name\":\"Home\",\"item\":\"https:\/\/staging.genekas24.ee\/\"},{\"@type\":\"ListItem\",\"position\":2,\"name\":\"Pood\",\"item\":\"https:\/\/staging.genekas24.ee\/pood\/\"},{\"@type\":\"ListItem\",\"position\":3,\"name\":\"Shibaura CM254\"}]},{\"@type\":\"WebSite\",\"@id\":\"https:\/\/staging.genekas24.ee\/#website\",\"url\":\"https:\/\/staging.genekas24.ee\/\",\"name\":\"Genekas24\",\"description\":\"Generaatorid | K&ouml;nner S&ouml;hnen tooted | Genekas24\",\"publisher\":{\"@id\":\"https:\/\/staging.genekas24.ee\/#organization\"},\"potentialAction\":[{\"@type\":\"SearchAction\",\"target\":{\"@type\":\"EntryPoint\",\"urlTemplate\":\"https:\/\/staging.genekas24.ee\/?s={search_term_string}\"},\"query-input\":{\"@type\":\"PropertyValueSpecification\",\"valueRequired\":true,\"valueName\":\"search_term_string\"}}],\"inLanguage\":\"fi\"},{\"@type\":\"Organization\",\"@id\":\"https:\/\/staging.genekas24.ee\/#organization\",\"name\":\"Genekas24\",\"url\":\"https:\/\/staging.genekas24.ee\/\",\"logo\":{\"@type\":\"ImageObject\",\"inLanguage\":\"fi\",\"@id\":\"https:\/\/staging.genekas24.ee\/#\/schema\/logo\/image\/\",\"url\":\"https:\/\/staging.genekas24.ee\/wp-content\/uploads\/2026\/01\/genekas24-logo_black.svg\",\"contentUrl\":\"https:\/\/staging.genekas24.ee\/wp-content\/uploads\/2026\/01\/genekas24-logo_black.svg\",\"width\":840,\"height\":131,\"caption\":\"Genekas24\"},\"image\":{\"@id\":\"https:\/\/staging.genekas24.ee\/#\/schema\/logo\/image\/\"}}]}<\/script>\n<!-- \/ Yoast SEO plugin. -->","yoast_head_json":{"title":"Shibaura CM254 - Genekas24","robots":{"index":"index","follow":"follow","max-snippet":"max-snippet:-1","max-image-preview":"max-image-preview:large","max-video-preview":"max-video-preview:-1"},"canonical":"https:\/\/staging.genekas24.ee\/fi\/tuote\/shibaura-cm254\/","og_locale":"fi_FI","og_type":"article","og_title":"Shibaura CM254 - Genekas24","og_description":"Mootor   Mudel N843   T\u00fc\u00fcp Vedeljahutusega 3-silindriline diisel   V\u00f5imsus, hp(kW) 23,6(17,6)   Nimikiirus, rpm 2600   T\u00f6\u00f6maht, cc 1496   K\u00fctusepaak, l 51   Aku, V-A 12-55   M\u00f5\u00f5dud   Pikkus, mm 2145   Laius, mm 1365   K\u00f5rgus, mm 1935   Kliirens, mm 140   Teljevahe, mm 1250   Ratta laius ees, mm 990   Ratta laius taga, mm 995   Kaal koos ROPS-iga, kg 750   Rehvi suurus ees 24x13,00-12   Rehvi suurus taga 20x8,00-10   Eesmine PTO   T\u00fc\u00fcp M\u00e4rg mitmekettaline sidur   PTO \u00f8 25.4 mm\/ 21 splines   Nimikiirus, rpm 2200   K\u00e4igukast   Juhtimine H\u00fcdrauliline   4WD (mehaaniline) Auto 4WD of Full time 4WD (ka differentsiaali lukk)   Raadius 2   Liikumiskiirus edaspidi, km\/h 0-23,6   Liikumiskiirus tagurpidi, km\/h 0-9,6   Kiiruse reguleermine 2 pedaali(edasi ja tagasi)   Pidurid M\u00e4rg ketas(\u00fche pedaaliga reguleerimine)   Juhtimis-\/ohutuss\u00fcsteem   Niiduki t\u00f5stmine H\u00fcdrauliline   Juhtimine H\u00fcdrauliline   ROPS Standard   K\u00e4sipidur Standard   Turvav\u00f6\u00f6 Standard   Automaatne mootoriseisu funktsioon Standard   Mootori ohutusk\u00e4ivitusl\u00fcliti Standard   Shibaura niiduk(valikuline)   T\u00fc\u00fcp, mm 150   L\u00f5ikamisk\u00f5rgus, mm 38-115   L\u00f5ikamislaius, mm 1520   Kaal, kg 175","og_url":"https:\/\/staging.genekas24.ee\/fi\/tuote\/shibaura-cm254\/","og_site_name":"Genekas24","article_modified_time":"2025-12-02T09:47:57+00:00","og_image":[{"width":1024,"height":768,"url":"https:\/\/staging.genekas24.ee\/wp-content\/uploads\/2025\/08\/image00001-1024x768-1.jpeg","type":"image\/jpeg"}],"twitter_card":"summary_large_image","twitter_misc":{"Arvioitu lukuaika":"2 minuuttia"},"schema":{"@context":"https:\/\/schema.org","@graph":[{"@type":"WebPage","@id":"https:\/\/staging.genekas24.ee\/toode\/shibaura-cm254\/","url":"https:\/\/staging.genekas24.ee\/toode\/shibaura-cm254\/","name":"Shibaura CM254 - Genekas24","isPartOf":{"@id":"https:\/\/staging.genekas24.ee\/#website"},"primaryImageOfPage":{"@id":"https:\/\/staging.genekas24.ee\/toode\/shibaura-cm254\/#primaryimage"},"image":{"@id":"https:\/\/staging.genekas24.ee\/toode\/shibaura-cm254\/#primaryimage"},"thumbnailUrl":"https:\/\/staging.genekas24.ee\/wp-content\/uploads\/2025\/08\/image00001-1024x768-1.jpeg","datePublished":"2025-08-06T09:04:20+00:00","dateModified":"2025-12-02T09:47:57+00:00","breadcrumb":{"@id":"https:\/\/staging.genekas24.ee\/toode\/shibaura-cm254\/#breadcrumb"},"inLanguage":"fi","potentialAction":[{"@type":"ReadAction","target":["https:\/\/staging.genekas24.ee\/toode\/shibaura-cm254\/"]}]},{"@type":"ImageObject","inLanguage":"fi","@id":"https:\/\/staging.genekas24.ee\/toode\/shibaura-cm254\/#primaryimage","url":"https:\/\/staging.genekas24.ee\/wp-content\/uploads\/2025\/08\/image00001-1024x768-1.jpeg","contentUrl":"https:\/\/staging.genekas24.ee\/wp-content\/uploads\/2025\/08\/image00001-1024x768-1.jpeg","width":1024,"height":768},{"@type":"BreadcrumbList","@id":"https:\/\/staging.genekas24.ee\/toode\/shibaura-cm254\/#breadcrumb","itemListElement":[{"@type":"ListItem","position":1,"name":"Home","item":"https:\/\/staging.genekas24.ee\/"},{"@type":"ListItem","position":2,"name":"Pood","item":"https:\/\/staging.genekas24.ee\/pood\/"},{"@type":"ListItem","position":3,"name":"Shibaura CM254"}]},{"@type":"WebSite","@id":"https:\/\/staging.genekas24.ee\/#website","url":"https:\/\/staging.genekas24.ee\/","name":"Genekas24","description":"Generaatorid | K&ouml;nner S&ouml;hnen tooted | Genekas24","publisher":{"@id":"https:\/\/staging.genekas24.ee\/#organization"},"potentialAction":[{"@type":"SearchAction","target":{"@type":"EntryPoint","urlTemplate":"https:\/\/staging.genekas24.ee\/?s={search_term_string}"},"query-input":{"@type":"PropertyValueSpecification","valueRequired":true,"valueName":"search_term_string"}}],"inLanguage":"fi"},{"@type":"Organization","@id":"https:\/\/staging.genekas24.ee\/#organization","name":"Genekas24","url":"https:\/\/staging.genekas24.ee\/","logo":{"@type":"ImageObject","inLanguage":"fi","@id":"https:\/\/staging.genekas24.ee\/#\/schema\/logo\/image\/","url":"https:\/\/staging.genekas24.ee\/wp-content\/uploads\/2026\/01\/genekas24-logo_black.svg","contentUrl":"https:\/\/staging.genekas24.ee\/wp-content\/uploads\/2026\/01\/genekas24-logo_black.svg","width":840,"height":131,"caption":"Genekas24"},"image":{"@id":"https:\/\/staging.genekas24.ee\/#\/schema\/logo\/image\/"}}]}},"_links":{"self":[{"href":"https:\/\/staging.genekas24.ee\/fi\/wp-json\/wp\/v2\/product\/20218","targetHints":{"allow":["GET"]}}],"collection":[{"href":"https:\/\/staging.genekas24.ee\/fi\/wp-json\/wp\/v2\/product"}],"about":[{"href":"https:\/\/staging.genekas24.ee\/fi\/wp-json\/wp\/v2\/types\/product"}],"version-history":[{"count":1,"href":"https:\/\/staging.genekas24.ee\/fi\/wp-json\/wp\/v2\/product\/20218\/revisions"}],"predecessor-version":[{"id":20219,"href":"https:\/\/staging.genekas24.ee\/fi\/wp-json\/wp\/v2\/product\/20218\/revisions\/20219"}],"wp:featuredmedia":[{"embeddable":true,"href":"https:\/\/staging.genekas24.ee\/fi\/wp-json\/wp\/v2\/media\/20220"}],"wp:attachment":[{"href":"https:\/\/staging.genekas24.ee\/fi\/wp-json\/wp\/v2\/media?parent=20218"}],"wp:term":[{"taxonomy":"product_brand","embeddable":true,"href":"https:\/\/staging.genekas24.ee\/fi\/wp-json\/wp\/v2\/product_brand?post=20218"},{"taxonomy":"product_cat","embeddable":true,"href":"https:\/\/staging.genekas24.ee\/fi\/wp-json\/wp\/v2\/product_cat?post=20218"},{"taxonomy":"product_tag","embeddable":true,"href":"https:\/\/staging.genekas24.ee\/fi\/wp-json\/wp\/v2\/product_tag?post=20218"}],"curies":[{"name":"wp","href":"https:\/\/api.w.org\/{rel}","templated":true}]}}