{"id":20211,"date":"2025-08-05T11:11:09","date_gmt":"2025-08-05T11:11:09","guid":{"rendered":"https:\/\/staging.genekas24.ee\/?post_type=product&#038;p=20211"},"modified":"2025-12-02T09:48:00","modified_gmt":"2025-12-02T09:48:00","slug":"shibaura-sx25","status":"publish","type":"product","link":"https:\/\/staging.genekas24.ee\/fi\/tuote\/shibaura-sx25\/","title":{"rendered":"Shibaura SX25"},"content":{"rendered":"<p>Tutvuge SX25-ga, h\u00fcdrostaatilise j\u00f5uga v\u00e4ikekompakttraktoriga, millel on v\u00f5imas 24,5 hj 3-silindriline diiselmootor.<\/p>\n<p>T\u00e4iesti s\u00f5ltumatud kesk- ja tagumised j\u00f5uv\u00f5tuv\u00f5llid tagavad seadmete j\u00e4tkuva t\u00f6\u00f6 ka siis, kui traktor seisab. Selle tulemusel ei j\u00e4\u00e4 tootlikkus kunagi seisma ja efektiivsus on iga t\u00f6\u00f6 puhul maksimaalne.<\/p>\n<p>SX25 on varustatud v\u00f5imsa 3-punktilise haakeseadisega, mille muljetavaldav t\u00f5stev\u00f5ime on 715 kg.<\/p>\n<p>Avar juhiplatvorm, tasane p\u00f5rand ja madal astmelaua k\u00f5rgus muudavad traktori mugavaks ja h\u00f5lpsasti juhitavaks.<\/p>\n<p>SX25 man\u00f6\u00f6verdab pingutuseta v\u00e4ikestes ruumides ja selle v\u00e4ike t\u00fchimass t\u00e4hendab, et r\u00f6\u00f6paid on v\u00e4he v\u00f5i \u00fcldse mitte.<\/p>\n<p><strong>LISAD<\/strong><\/p>\n<ul>\n<li>Keskele paigaldatud niiduk<\/li>\n<li>Esilaadur<\/li>\n<li>Eesmine PTO<\/li>\n<li>Kopp 120cm<\/li>\n<li>Kabiin<\/li>\n<li>Murukoguja<\/li>\n<li>Lumesahk<\/li>\n<li>P\u00fchkimismasin<\/li>\n<li>Raskused ette, 27kg tk<\/li>\n<\/ul>\n<p><strong>RATTAD<\/strong><\/p>\n<p>Valik standardina:<\/p>\n<ul>\n<li>Laiad muru rehvid<\/li>\n<li>T\u00f6\u00f6stuslikud\/maastiku rehvid<\/li>\n<\/ul>\n<p>Valikuline:<\/p>\n<ul>\n<li>Laiad p\u00f5llu rehvid<\/li>\n<li>Kitsad p\u00f5llu rehvid<\/li>\n<li>Laiad t\u00f6\u00f6stuslikud rehvid<\/li>\n<\/ul>\n<p><strong>NB! Toote hind muutub s\u00f5ltuvalt valitud rehvidest ja lisadest.<\/strong><\/p>","protected":false},"excerpt":{"rendered":"<table style=\"border-collapse: collapse; width: 100%; height: 922px;\">\n<tbody>\n<tr style=\"height: 10px;\">\n<td style=\"width: 100%; height: 10px;\" colspan=\"2\"><strong>Mootor<\/strong><\/td>\n<\/tr>\n<tr style=\"height: 24px;\">\n<td style=\"width: 50%; height: 24px;\">Mudel<\/td>\n<td style=\"width: 50%; height: 24px;\">3C100LWH-E2<\/td>\n<\/tr>\n<tr style=\"height: 24px;\">\n<td style=\"width: 50%; height: 24px;\">T\u00fc\u00fcp<\/td>\n<td style=\"width: 50%; height: 24px;\">Vesijahutusega 3-silindriline diisel, STAGE V<\/td>\n<\/tr>\n<tr style=\"height: 24px;\">\n<td style=\"width: 50%; height: 24px;\">T\u00f6\u00f6maht, cc<\/td>\n<td style=\"width: 50%; height: 24px;\">1007<\/td>\n<\/tr>\n<tr style=\"height: 24px;\">\n<td style=\"width: 50%; height: 24px;\">V\u00f5imsus, hp<\/td>\n<td style=\"width: 50%; height: 24px;\">24,5<\/td>\n<\/tr>\n<tr style=\"height: 24px;\">\n<td style=\"width: 50%; height: 24px;\">P\u00f6\u00f6rdemoment, Nm @ rpm<\/td>\n<td style=\"width: 50%; height: 24px;\">57,0 @ 2500<\/td>\n<\/tr>\n<tr style=\"height: 24px;\">\n<td style=\"width: 50%; height: 24px;\">Nimikiirus, rpm<\/td>\n<td style=\"width: 50%; height: 24px;\">3200<\/td>\n<\/tr>\n<tr style=\"height: 24px;\">\n<td style=\"width: 50%; height: 24px;\">Polttoaines\u00e4ili\u00f6n tilavuus, l<\/td>\n<td style=\"width: 50%; height: 24px;\">25,5<\/td>\n<\/tr>\n<tr style=\"height: 24px;\">\n<td style=\"width: 100%; height: 24px;\" colspan=\"2\"><strong>K\u00e4igukast<\/strong><\/td>\n<\/tr>\n<tr style=\"height: 24px;\">\n<td style=\"width: 50%; height: 24px;\">K\u00e4igukast<\/td>\n<td style=\"width: 50%; height: 24px;\">H\u00fcdrostaatiline<\/td>\n<\/tr>\n<tr style=\"height: 24px;\">\n<td style=\"width: 50%; height: 24px;\">Ulatus<\/td>\n<td style=\"width: 50%; height: 24px;\">F\/R 2<\/td>\n<\/tr>\n<tr style=\"height: 24px;\">\n<td style=\"width: 50%; height: 24px;\">S\u00f5idukiirus edaspidi<\/td>\n<td style=\"width: 50%; height: 24px;\">0-16,6<\/td>\n<\/tr>\n<tr style=\"height: 24px;\">\n<td style=\"width: 50%; height: 24px;\">S\u00f5idukiirus tagurpidi<\/td>\n<td style=\"width: 50%; height: 24px;\">0-11,2<\/td>\n<\/tr>\n<tr style=\"height: 24px;\">\n<td style=\"width: 50%; height: 24px;\">4 ratta vedu<\/td>\n<td style=\"width: 50%; height: 24px;\">Mehaaniline<\/td>\n<\/tr>\n<tr style=\"height: 24px;\">\n<td style=\"width: 50%; height: 24px;\">Diferentsiaali lukk<\/td>\n<td style=\"width: 50%; height: 24px;\">Mehaaniline<\/td>\n<\/tr>\n<tr style=\"height: 24px;\">\n<td style=\"width: 50%; height: 24px;\">Pidur<\/td>\n<td style=\"width: 50%; height: 24px;\">M\u00e4rg ketas<\/td>\n<\/tr>\n<tr style=\"height: 24px;\">\n<td style=\"width: 50%; height: 24px;\" colspan=\"2\"><strong>Rehvid<\/strong><\/td>\n<\/tr>\n<tr style=\"height: 24px;\">\n<td style=\"width: 50%; height: 24px;\">T\u00f6\u00f6stuslik pinnas, eesmised<\/td>\n<td style=\"width: 50%; height: 24px;\">18&#215;8,50-10 R4<\/td>\n<\/tr>\n<tr style=\"height: 24px;\">\n<td style=\"width: 50%; height: 24px;\">T\u00f6\u00f6stuslik pinnas, tagumised<\/td>\n<td style=\"width: 50%; height: 24px;\">28&#215;12,00-12 R4<\/td>\n<\/tr>\n<tr style=\"height: 24px;\">\n<td style=\"width: 50%; height: 24px;\">Muru, eesmised<\/td>\n<td style=\"width: 50%; height: 24px;\">18&#215;8,50-10 R3<\/td>\n<\/tr>\n<tr style=\"height: 24px;\">\n<td style=\"width: 50%; height: 24px;\">Muru, tagumised<\/td>\n<td style=\"width: 50%; height: 24px;\">28&#215;12,00-12 R3<\/td>\n<\/tr>\n<tr style=\"height: 24px;\">\n<td style=\"width: 50%; height: 24px;\" colspan=\"2\"><strong>PTO<\/strong><\/td>\n<\/tr>\n<tr style=\"height: 24px;\">\n<td style=\"width: 50%; height: 24px;\">V\u00f5imsus, hp<\/td>\n<td style=\"width: 50%; height: 24px;\">20,5<\/td>\n<\/tr>\n<tr style=\"height: 24px;\">\n<td style=\"width: 50%; height: 24px;\">Tagumine, l\/min<\/td>\n<td style=\"width: 50%; height: 24px;\">540<\/td>\n<\/tr>\n<tr style=\"height: 24px;\">\n<td style=\"width: 50%; height: 24px;\">Keskmine, l\/min<\/td>\n<td style=\"width: 50%; height: 24px;\">2000<\/td>\n<\/tr>\n<tr style=\"height: 24px;\">\n<td style=\"width: 50%; height: 24px;\">Tagumine<\/td>\n<td style=\"width: 50%; height: 24px;\">Valikus<\/td>\n<\/tr>\n<tr style=\"height: 24px;\">\n<td style=\"width: 50%; height: 24px;\" colspan=\"2\"><strong>H\u00fcdraulika s\u00fcsteem<\/strong><\/td>\n<\/tr>\n<tr style=\"height: 24px;\">\n<td style=\"width: 50%; height: 24px;\">Pumpa mahutavus, l\/min<\/td>\n<td style=\"width: 50%; height: 24px;\">24,6<\/td>\n<\/tr>\n<tr style=\"height: 24px;\">\n<td style=\"width: 50%; height: 24px;\">Juhtimine<\/td>\n<td style=\"width: 50%; height: 24px;\">H\u00fcdrauliline rooliv\u00f5imendi<\/td>\n<\/tr>\n<tr style=\"height: 24px;\">\n<td style=\"width: 50%; height: 24px;\">Kontroll ventiil<\/td>\n<td style=\"width: 50%; height: 24px;\">Valik: 1x kahetoimeline h\u00fcdros\u00fcsteem tagaosas<\/td>\n<\/tr>\n<tr style=\"height: 24px;\">\n<td style=\"width: 50%; height: 24px;\">3 punkti haakeseade<\/td>\n<td style=\"width: 50%; height: 24px;\">Kategooria I<\/td>\n<\/tr>\n<tr style=\"height: 24px;\">\n<td style=\"width: 50%; height: 24px;\">Max t\u00f5stev\u00f5ime, kg<\/td>\n<td style=\"width: 50%; height: 24px;\">715<\/td>\n<\/tr>\n<tr style=\"height: 24px;\">\n<td style=\"width: 100%; height: 24px;\" colspan=\"2\"><strong>M\u00f5\u00f5dud\u00a0<\/strong><\/td>\n<\/tr>\n<tr style=\"height: 24px;\">\n<td style=\"width: 50%; height: 24px;\">Pikkus, mm<\/td>\n<td style=\"width: 50%; height: 24px;\">2800<\/td>\n<\/tr>\n<tr style=\"height: 24px;\">\n<td style=\"width: 50%; height: 24px;\">Laius, mm<\/td>\n<td style=\"width: 50%; height: 24px;\">1183<\/td>\n<\/tr>\n<tr style=\"height: 24px;\">\n<td style=\"width: 50%; height: 24px;\">Korkeus, mm<\/td>\n<td style=\"width: 50%; height: 24px;\">2285<\/td>\n<\/tr>\n<tr style=\"height: 24px;\">\n<td style=\"width: 50%; height: 24px;\">Kliirens, mm<\/td>\n<td style=\"width: 50%; height: 24px;\">185<\/td>\n<\/tr>\n<tr style=\"height: 24px;\">\n<td style=\"width: 50%; height: 24px;\">Rattavahe, mm<\/td>\n<td style=\"width: 50%; height: 24px;\">1400<\/td>\n<\/tr>\n<tr style=\"height: 24px;\">\n<td style=\"width: 50%; height: 24px;\">Kaal (ROPS ka)<\/td>\n<td style=\"width: 50%; height: 24px;\">700<\/td>\n<\/tr>\n<\/tbody>\n<\/table>","protected":false},"featured_media":20238,"template":"","meta":{"_acf_changed":false,"inline_featured_image":false},"product_brand":[],"product_cat":[172],"product_tag":[],"class_list":{"0":"post-20211","1":"product","2":"type-product","3":"status-publish","4":"has-post-thumbnail","6":"product_cat-traktorid","7":"product_shipping_class-diisel-joujaamad","8":"brand-shibaura","10":"first","11":"instock","12":"taxable","13":"shipping-taxable","14":"purchasable","15":"product-type-simple"},"acf":[],"yoast_head":"<!-- This site is optimized with the Yoast SEO plugin v26.2 - https:\/\/yoast.com\/wordpress\/plugins\/seo\/ -->\n<title>Shibaura SX25 - Genekas24<\/title>\n<meta name=\"robots\" content=\"index, follow, max-snippet:-1, max-image-preview:large, max-video-preview:-1\" \/>\n<link rel=\"canonical\" href=\"https:\/\/staging.genekas24.ee\/fi\/tuote\/shibaura-sx25\/\" \/>\n<meta property=\"og:locale\" content=\"fi_FI\" \/>\n<meta property=\"og:type\" content=\"article\" \/>\n<meta property=\"og:title\" content=\"Shibaura SX25 - Genekas24\" \/>\n<meta property=\"og:description\" content=\"Mootor   Mudel 3C100LWH-E2   T\u00fc\u00fcp Vesijahutusega 3-silindriline diisel, STAGE V   T\u00f6\u00f6maht, cc 1007   V\u00f5imsus, hp 24,5   P\u00f6\u00f6rdemoment, Nm @ rpm 57,0 @ 2500   Nimikiirus, rpm 3200   K\u00fctusepaagi mahutavus, l 25,5   K\u00e4igukast   K\u00e4igukast H\u00fcdrostaatiline   Ulatus F\/R 2   S\u00f5idukiirus edaspidi 0-16,6   S\u00f5idukiirus tagurpidi 0-11,2   4 ratta vedu Mehaaniline   Diferentsiaali lukk Mehaaniline   Pidur M\u00e4rg ketas   Rehvid   T\u00f6\u00f6stuslik pinnas, eesmised 18x8,50-10 R4   T\u00f6\u00f6stuslik pinnas, tagumised 28x12,00-12 R4   Muru, eesmised 18x8,50-10 R3   Muru, tagumised 28x12,00-12 R3   PTO   V\u00f5imsus, hp 20,5   Tagumine, l\/min 540   Keskmine, l\/min 2000   Tagumine Valikus   H\u00fcdraulika s\u00fcsteem   Pumpa mahutavus, l\/min 24,6   Juhtimine H\u00fcdrauliline rooliv\u00f5imendi   Kontroll ventiil Valik: 1x kahetoimeline h\u00fcdros\u00fcsteem tagaosas   3 punkti haakeseade Kategooria I   Max t\u00f5stev\u00f5ime, kg 715   M\u00f5\u00f5dud\u00a0   Pikkus, mm 2800   Laius, mm 1183   K\u00f5rgus, mm 2285   Kliirens, mm 185   Rattavahe, mm 1400   Kaal (ROPS ka) 700\" \/>\n<meta property=\"og:url\" content=\"https:\/\/staging.genekas24.ee\/fi\/tuote\/shibaura-sx25\/\" \/>\n<meta property=\"og:site_name\" content=\"Genekas24\" \/>\n<meta property=\"article:modified_time\" content=\"2025-12-02T09:48:00+00:00\" \/>\n<meta property=\"og:image\" content=\"https:\/\/staging.genekas24.ee\/wp-content\/uploads\/2025\/08\/DSC_2147-licht-1024x683-1.jpg\" \/>\n\t<meta property=\"og:image:width\" content=\"1024\" \/>\n\t<meta property=\"og:image:height\" content=\"683\" \/>\n\t<meta property=\"og:image:type\" content=\"image\/jpeg\" \/>\n<meta name=\"twitter:card\" content=\"summary_large_image\" \/>\n<meta name=\"twitter:label1\" content=\"Arvioitu lukuaika\" \/>\n\t<meta name=\"twitter:data1\" content=\"1 minuutti\" \/>\n<script type=\"application\/ld+json\" class=\"yoast-schema-graph\">{\"@context\":\"https:\/\/schema.org\",\"@graph\":[{\"@type\":\"WebPage\",\"@id\":\"https:\/\/staging.genekas24.ee\/toode\/shibaura-sx25\/\",\"url\":\"https:\/\/staging.genekas24.ee\/toode\/shibaura-sx25\/\",\"name\":\"Shibaura SX25 - Genekas24\",\"isPartOf\":{\"@id\":\"https:\/\/staging.genekas24.ee\/#website\"},\"primaryImageOfPage\":{\"@id\":\"https:\/\/staging.genekas24.ee\/toode\/shibaura-sx25\/#primaryimage\"},\"image\":{\"@id\":\"https:\/\/staging.genekas24.ee\/toode\/shibaura-sx25\/#primaryimage\"},\"thumbnailUrl\":\"https:\/\/staging.genekas24.ee\/wp-content\/uploads\/2025\/08\/DSC_2147-licht-1024x683-1.jpg\",\"datePublished\":\"2025-08-05T11:11:09+00:00\",\"dateModified\":\"2025-12-02T09:48:00+00:00\",\"breadcrumb\":{\"@id\":\"https:\/\/staging.genekas24.ee\/toode\/shibaura-sx25\/#breadcrumb\"},\"inLanguage\":\"fi\",\"potentialAction\":[{\"@type\":\"ReadAction\",\"target\":[\"https:\/\/staging.genekas24.ee\/toode\/shibaura-sx25\/\"]}]},{\"@type\":\"ImageObject\",\"inLanguage\":\"fi\",\"@id\":\"https:\/\/staging.genekas24.ee\/toode\/shibaura-sx25\/#primaryimage\",\"url\":\"https:\/\/staging.genekas24.ee\/wp-content\/uploads\/2025\/08\/DSC_2147-licht-1024x683-1.jpg\",\"contentUrl\":\"https:\/\/staging.genekas24.ee\/wp-content\/uploads\/2025\/08\/DSC_2147-licht-1024x683-1.jpg\",\"width\":1024,\"height\":683},{\"@type\":\"BreadcrumbList\",\"@id\":\"https:\/\/staging.genekas24.ee\/toode\/shibaura-sx25\/#breadcrumb\",\"itemListElement\":[{\"@type\":\"ListItem\",\"position\":1,\"name\":\"Home\",\"item\":\"https:\/\/staging.genekas24.ee\/\"},{\"@type\":\"ListItem\",\"position\":2,\"name\":\"Pood\",\"item\":\"https:\/\/staging.genekas24.ee\/pood\/\"},{\"@type\":\"ListItem\",\"position\":3,\"name\":\"Shibaura SX25\"}]},{\"@type\":\"WebSite\",\"@id\":\"https:\/\/staging.genekas24.ee\/#website\",\"url\":\"https:\/\/staging.genekas24.ee\/\",\"name\":\"Genekas24\",\"description\":\"Generaatorid | K&ouml;nner S&ouml;hnen tooted | Genekas24\",\"publisher\":{\"@id\":\"https:\/\/staging.genekas24.ee\/#organization\"},\"potentialAction\":[{\"@type\":\"SearchAction\",\"target\":{\"@type\":\"EntryPoint\",\"urlTemplate\":\"https:\/\/staging.genekas24.ee\/?s={search_term_string}\"},\"query-input\":{\"@type\":\"PropertyValueSpecification\",\"valueRequired\":true,\"valueName\":\"search_term_string\"}}],\"inLanguage\":\"fi\"},{\"@type\":\"Organization\",\"@id\":\"https:\/\/staging.genekas24.ee\/#organization\",\"name\":\"Genekas24\",\"url\":\"https:\/\/staging.genekas24.ee\/\",\"logo\":{\"@type\":\"ImageObject\",\"inLanguage\":\"fi\",\"@id\":\"https:\/\/staging.genekas24.ee\/#\/schema\/logo\/image\/\",\"url\":\"https:\/\/staging.genekas24.ee\/wp-content\/uploads\/2026\/01\/genekas24-logo_black.svg\",\"contentUrl\":\"https:\/\/staging.genekas24.ee\/wp-content\/uploads\/2026\/01\/genekas24-logo_black.svg\",\"width\":840,\"height\":131,\"caption\":\"Genekas24\"},\"image\":{\"@id\":\"https:\/\/staging.genekas24.ee\/#\/schema\/logo\/image\/\"}}]}<\/script>\n<!-- \/ Yoast SEO plugin. -->","yoast_head_json":{"title":"Shibaura SX25 - Genekas24","robots":{"index":"index","follow":"follow","max-snippet":"max-snippet:-1","max-image-preview":"max-image-preview:large","max-video-preview":"max-video-preview:-1"},"canonical":"https:\/\/staging.genekas24.ee\/fi\/tuote\/shibaura-sx25\/","og_locale":"fi_FI","og_type":"article","og_title":"Shibaura SX25 - Genekas24","og_description":"Mootor   Mudel 3C100LWH-E2   T\u00fc\u00fcp Vesijahutusega 3-silindriline diisel, STAGE V   T\u00f6\u00f6maht, cc 1007   V\u00f5imsus, hp 24,5   P\u00f6\u00f6rdemoment, Nm @ rpm 57,0 @ 2500   Nimikiirus, rpm 3200   K\u00fctusepaagi mahutavus, l 25,5   K\u00e4igukast   K\u00e4igukast H\u00fcdrostaatiline   Ulatus F\/R 2   S\u00f5idukiirus edaspidi 0-16,6   S\u00f5idukiirus tagurpidi 0-11,2   4 ratta vedu Mehaaniline   Diferentsiaali lukk Mehaaniline   Pidur M\u00e4rg ketas   Rehvid   T\u00f6\u00f6stuslik pinnas, eesmised 18x8,50-10 R4   T\u00f6\u00f6stuslik pinnas, tagumised 28x12,00-12 R4   Muru, eesmised 18x8,50-10 R3   Muru, tagumised 28x12,00-12 R3   PTO   V\u00f5imsus, hp 20,5   Tagumine, l\/min 540   Keskmine, l\/min 2000   Tagumine Valikus   H\u00fcdraulika s\u00fcsteem   Pumpa mahutavus, l\/min 24,6   Juhtimine H\u00fcdrauliline rooliv\u00f5imendi   Kontroll ventiil Valik: 1x kahetoimeline h\u00fcdros\u00fcsteem tagaosas   3 punkti haakeseade Kategooria I   Max t\u00f5stev\u00f5ime, kg 715   M\u00f5\u00f5dud\u00a0   Pikkus, mm 2800   Laius, mm 1183   K\u00f5rgus, mm 2285   Kliirens, mm 185   Rattavahe, mm 1400   Kaal (ROPS ka) 700","og_url":"https:\/\/staging.genekas24.ee\/fi\/tuote\/shibaura-sx25\/","og_site_name":"Genekas24","article_modified_time":"2025-12-02T09:48:00+00:00","og_image":[{"width":1024,"height":683,"url":"https:\/\/staging.genekas24.ee\/wp-content\/uploads\/2025\/08\/DSC_2147-licht-1024x683-1.jpg","type":"image\/jpeg"}],"twitter_card":"summary_large_image","twitter_misc":{"Arvioitu lukuaika":"1 minuutti"},"schema":{"@context":"https:\/\/schema.org","@graph":[{"@type":"WebPage","@id":"https:\/\/staging.genekas24.ee\/toode\/shibaura-sx25\/","url":"https:\/\/staging.genekas24.ee\/toode\/shibaura-sx25\/","name":"Shibaura SX25 - Genekas24","isPartOf":{"@id":"https:\/\/staging.genekas24.ee\/#website"},"primaryImageOfPage":{"@id":"https:\/\/staging.genekas24.ee\/toode\/shibaura-sx25\/#primaryimage"},"image":{"@id":"https:\/\/staging.genekas24.ee\/toode\/shibaura-sx25\/#primaryimage"},"thumbnailUrl":"https:\/\/staging.genekas24.ee\/wp-content\/uploads\/2025\/08\/DSC_2147-licht-1024x683-1.jpg","datePublished":"2025-08-05T11:11:09+00:00","dateModified":"2025-12-02T09:48:00+00:00","breadcrumb":{"@id":"https:\/\/staging.genekas24.ee\/toode\/shibaura-sx25\/#breadcrumb"},"inLanguage":"fi","potentialAction":[{"@type":"ReadAction","target":["https:\/\/staging.genekas24.ee\/toode\/shibaura-sx25\/"]}]},{"@type":"ImageObject","inLanguage":"fi","@id":"https:\/\/staging.genekas24.ee\/toode\/shibaura-sx25\/#primaryimage","url":"https:\/\/staging.genekas24.ee\/wp-content\/uploads\/2025\/08\/DSC_2147-licht-1024x683-1.jpg","contentUrl":"https:\/\/staging.genekas24.ee\/wp-content\/uploads\/2025\/08\/DSC_2147-licht-1024x683-1.jpg","width":1024,"height":683},{"@type":"BreadcrumbList","@id":"https:\/\/staging.genekas24.ee\/toode\/shibaura-sx25\/#breadcrumb","itemListElement":[{"@type":"ListItem","position":1,"name":"Home","item":"https:\/\/staging.genekas24.ee\/"},{"@type":"ListItem","position":2,"name":"Pood","item":"https:\/\/staging.genekas24.ee\/pood\/"},{"@type":"ListItem","position":3,"name":"Shibaura SX25"}]},{"@type":"WebSite","@id":"https:\/\/staging.genekas24.ee\/#website","url":"https:\/\/staging.genekas24.ee\/","name":"Genekas24","description":"Generaatorid | K&ouml;nner S&ouml;hnen tooted | Genekas24","publisher":{"@id":"https:\/\/staging.genekas24.ee\/#organization"},"potentialAction":[{"@type":"SearchAction","target":{"@type":"EntryPoint","urlTemplate":"https:\/\/staging.genekas24.ee\/?s={search_term_string}"},"query-input":{"@type":"PropertyValueSpecification","valueRequired":true,"valueName":"search_term_string"}}],"inLanguage":"fi"},{"@type":"Organization","@id":"https:\/\/staging.genekas24.ee\/#organization","name":"Genekas24","url":"https:\/\/staging.genekas24.ee\/","logo":{"@type":"ImageObject","inLanguage":"fi","@id":"https:\/\/staging.genekas24.ee\/#\/schema\/logo\/image\/","url":"https:\/\/staging.genekas24.ee\/wp-content\/uploads\/2026\/01\/genekas24-logo_black.svg","contentUrl":"https:\/\/staging.genekas24.ee\/wp-content\/uploads\/2026\/01\/genekas24-logo_black.svg","width":840,"height":131,"caption":"Genekas24"},"image":{"@id":"https:\/\/staging.genekas24.ee\/#\/schema\/logo\/image\/"}}]}},"_links":{"self":[{"href":"https:\/\/staging.genekas24.ee\/fi\/wp-json\/wp\/v2\/product\/20211","targetHints":{"allow":["GET"]}}],"collection":[{"href":"https:\/\/staging.genekas24.ee\/fi\/wp-json\/wp\/v2\/product"}],"about":[{"href":"https:\/\/staging.genekas24.ee\/fi\/wp-json\/wp\/v2\/types\/product"}],"version-history":[{"count":2,"href":"https:\/\/staging.genekas24.ee\/fi\/wp-json\/wp\/v2\/product\/20211\/revisions"}],"predecessor-version":[{"id":20215,"href":"https:\/\/staging.genekas24.ee\/fi\/wp-json\/wp\/v2\/product\/20211\/revisions\/20215"}],"wp:featuredmedia":[{"embeddable":true,"href":"https:\/\/staging.genekas24.ee\/fi\/wp-json\/wp\/v2\/media\/20238"}],"wp:attachment":[{"href":"https:\/\/staging.genekas24.ee\/fi\/wp-json\/wp\/v2\/media?parent=20211"}],"wp:term":[{"taxonomy":"product_brand","embeddable":true,"href":"https:\/\/staging.genekas24.ee\/fi\/wp-json\/wp\/v2\/product_brand?post=20211"},{"taxonomy":"product_cat","embeddable":true,"href":"https:\/\/staging.genekas24.ee\/fi\/wp-json\/wp\/v2\/product_cat?post=20211"},{"taxonomy":"product_tag","embeddable":true,"href":"https:\/\/staging.genekas24.ee\/fi\/wp-json\/wp\/v2\/product_tag?post=20211"}],"curies":[{"name":"wp","href":"https:\/\/api.w.org\/{rel}","templated":true}]}}