{"id":19378,"date":"2025-06-13T07:48:01","date_gmt":"2025-06-13T07:48:01","guid":{"rendered":"https:\/\/staging.genekas24.ee\/?post_type=product&#038;p=19378"},"modified":"2025-09-05T10:11:24","modified_gmt":"2025-09-05T10:11:24","slug":"aaloega-niisked-lapid","status":"publish","type":"product","link":"https:\/\/staging.genekas24.ee\/fi\/tuote\/aaloega-niisked-lapid\/","title":{"rendered":"Gson aaloega niisked lapid"},"content":{"rendered":"<p>Tsitrusel\u00f5hnalised Aloe Vera salvr\u00e4tikud \u00f5li, rasva, t\u00f5rva, liimi ja muude plekkide kiireks ja lihtsaks eemaldamiseks. Sobivad k\u00e4te, t\u00f6\u00f6riistade ning erinevate pindade (aknad, p\u00f5randad, puit, v\u00e4rvitud pinnad jne) puhastamiseks. Aloe Wipes niisutavad nahka ja on palju \u00f5rnemad kui tugevad lahustid. Topsis on 50 salvr\u00e4tikut, m\u00f5\u00f5tmetega 20 \u00d7 28 cm.<\/p>","protected":false},"excerpt":{"rendered":"<p>Tsitrusel\u00f5hnalised Aloe Vera salvr\u00e4tikud \u00f5li, rasva, t\u00f5rva, liimi ja muude plekkide kiireks ja lihtsaks eemaldamiseks. Sobivad k\u00e4te, t\u00f6\u00f6riistade ning erinevate pindade (aknad, p\u00f5randad, puit, v\u00e4rvitud pinnad jne) puhastamiseks. Aloe Wipes niisutavad nahka ja on palju \u00f5rnemad kui tugevad lahustid. Topsis on 50 salvr\u00e4tikut, m\u00f5\u00f5tmetega 20 \u00d7 28 cm.<\/p>","protected":false},"featured_media":19379,"template":"","meta":{"_acf_changed":false,"inline_featured_image":false},"product_brand":[],"product_cat":[150],"product_tag":[],"class_list":{"0":"post-19378","1":"product","2":"type-product","3":"status-publish","4":"has-post-thumbnail","6":"product_cat-puhastusvahendid","7":"product_shipping_class-vaikepakk","8":"brand-gson","10":"first","11":"instock","12":"taxable","13":"shipping-taxable","14":"purchasable","15":"product-type-simple"},"acf":[],"yoast_head":"<!-- This site is optimized with the Yoast SEO plugin v26.2 - https:\/\/yoast.com\/wordpress\/plugins\/seo\/ -->\n<title>Gson aaloega niisked lapid - Genekas24<\/title>\n<meta name=\"robots\" content=\"index, follow, max-snippet:-1, max-image-preview:large, max-video-preview:-1\" \/>\n<link rel=\"canonical\" href=\"https:\/\/staging.genekas24.ee\/fi\/tuote\/aaloega-niisked-lapid\/\" \/>\n<meta property=\"og:locale\" content=\"fi_FI\" \/>\n<meta property=\"og:type\" content=\"article\" \/>\n<meta property=\"og:title\" content=\"Gson aaloega niisked lapid - Genekas24\" \/>\n<meta property=\"og:description\" content=\"Tsitrusel\u00f5hnalised Aloe Vera salvr\u00e4tikud \u00f5li, rasva, t\u00f5rva, liimi ja muude plekkide kiireks ja lihtsaks eemaldamiseks. Sobivad k\u00e4te, t\u00f6\u00f6riistade ning erinevate pindade (aknad, p\u00f5randad, puit, v\u00e4rvitud pinnad jne) puhastamiseks. Aloe Wipes niisutavad nahka ja on palju \u00f5rnemad kui tugevad lahustid. Topsis on 50 salvr\u00e4tikut, m\u00f5\u00f5tmetega 20 \u00d7 28 cm.\" \/>\n<meta property=\"og:url\" content=\"https:\/\/staging.genekas24.ee\/fi\/tuote\/aaloega-niisked-lapid\/\" \/>\n<meta property=\"og:site_name\" content=\"Genekas24\" \/>\n<meta property=\"article:modified_time\" content=\"2025-09-05T10:11:24+00:00\" \/>\n<meta property=\"og:image\" content=\"https:\/\/staging.genekas24.ee\/wp-content\/uploads\/2025\/06\/R523-Aloe-Wipes.jpg\" \/>\n\t<meta property=\"og:image:width\" content=\"1600\" \/>\n\t<meta property=\"og:image:height\" content=\"1600\" \/>\n\t<meta property=\"og:image:type\" content=\"image\/jpeg\" \/>\n<meta name=\"twitter:card\" content=\"summary_large_image\" \/>\n<meta name=\"twitter:label1\" content=\"Arvioitu lukuaika\" \/>\n\t<meta name=\"twitter:data1\" content=\"1 minuutti\" \/>\n<script type=\"application\/ld+json\" class=\"yoast-schema-graph\">{\"@context\":\"https:\/\/schema.org\",\"@graph\":[{\"@type\":\"WebPage\",\"@id\":\"https:\/\/staging.genekas24.ee\/toode\/aaloega-niisked-lapid\/\",\"url\":\"https:\/\/staging.genekas24.ee\/toode\/aaloega-niisked-lapid\/\",\"name\":\"Gson aaloega niisked lapid - Genekas24\",\"isPartOf\":{\"@id\":\"https:\/\/staging.genekas24.ee\/#website\"},\"primaryImageOfPage\":{\"@id\":\"https:\/\/staging.genekas24.ee\/toode\/aaloega-niisked-lapid\/#primaryimage\"},\"image\":{\"@id\":\"https:\/\/staging.genekas24.ee\/toode\/aaloega-niisked-lapid\/#primaryimage\"},\"thumbnailUrl\":\"https:\/\/staging.genekas24.ee\/wp-content\/uploads\/2025\/06\/R523-Aloe-Wipes.jpg\",\"datePublished\":\"2025-06-13T07:48:01+00:00\",\"dateModified\":\"2025-09-05T10:11:24+00:00\",\"breadcrumb\":{\"@id\":\"https:\/\/staging.genekas24.ee\/toode\/aaloega-niisked-lapid\/#breadcrumb\"},\"inLanguage\":\"fi\",\"potentialAction\":[{\"@type\":\"ReadAction\",\"target\":[\"https:\/\/staging.genekas24.ee\/toode\/aaloega-niisked-lapid\/\"]}]},{\"@type\":\"ImageObject\",\"inLanguage\":\"fi\",\"@id\":\"https:\/\/staging.genekas24.ee\/toode\/aaloega-niisked-lapid\/#primaryimage\",\"url\":\"https:\/\/staging.genekas24.ee\/wp-content\/uploads\/2025\/06\/R523-Aloe-Wipes.jpg\",\"contentUrl\":\"https:\/\/staging.genekas24.ee\/wp-content\/uploads\/2025\/06\/R523-Aloe-Wipes.jpg\",\"width\":1600,\"height\":1600},{\"@type\":\"BreadcrumbList\",\"@id\":\"https:\/\/staging.genekas24.ee\/toode\/aaloega-niisked-lapid\/#breadcrumb\",\"itemListElement\":[{\"@type\":\"ListItem\",\"position\":1,\"name\":\"Home\",\"item\":\"https:\/\/staging.genekas24.ee\/\"},{\"@type\":\"ListItem\",\"position\":2,\"name\":\"Pood\",\"item\":\"https:\/\/staging.genekas24.ee\/pood\/\"},{\"@type\":\"ListItem\",\"position\":3,\"name\":\"Gson aaloega niisked lapid\"}]},{\"@type\":\"WebSite\",\"@id\":\"https:\/\/staging.genekas24.ee\/#website\",\"url\":\"https:\/\/staging.genekas24.ee\/\",\"name\":\"Genekas24\",\"description\":\"Generaatorid | K&ouml;nner S&ouml;hnen tooted | Genekas24\",\"publisher\":{\"@id\":\"https:\/\/staging.genekas24.ee\/#organization\"},\"potentialAction\":[{\"@type\":\"SearchAction\",\"target\":{\"@type\":\"EntryPoint\",\"urlTemplate\":\"https:\/\/staging.genekas24.ee\/?s={search_term_string}\"},\"query-input\":{\"@type\":\"PropertyValueSpecification\",\"valueRequired\":true,\"valueName\":\"search_term_string\"}}],\"inLanguage\":\"fi\"},{\"@type\":\"Organization\",\"@id\":\"https:\/\/staging.genekas24.ee\/#organization\",\"name\":\"Genekas24\",\"url\":\"https:\/\/staging.genekas24.ee\/\",\"logo\":{\"@type\":\"ImageObject\",\"inLanguage\":\"fi\",\"@id\":\"https:\/\/staging.genekas24.ee\/#\/schema\/logo\/image\/\",\"url\":\"https:\/\/staging.genekas24.ee\/wp-content\/uploads\/2026\/01\/genekas24-logo_black.svg\",\"contentUrl\":\"https:\/\/staging.genekas24.ee\/wp-content\/uploads\/2026\/01\/genekas24-logo_black.svg\",\"width\":840,\"height\":131,\"caption\":\"Genekas24\"},\"image\":{\"@id\":\"https:\/\/staging.genekas24.ee\/#\/schema\/logo\/image\/\"}}]}<\/script>\n<!-- \/ Yoast SEO plugin. -->","yoast_head_json":{"title":"Gson aaloega niisked lapid - Genekas24","robots":{"index":"index","follow":"follow","max-snippet":"max-snippet:-1","max-image-preview":"max-image-preview:large","max-video-preview":"max-video-preview:-1"},"canonical":"https:\/\/staging.genekas24.ee\/fi\/tuote\/aaloega-niisked-lapid\/","og_locale":"fi_FI","og_type":"article","og_title":"Gson aaloega niisked lapid - Genekas24","og_description":"Tsitrusel\u00f5hnalised Aloe Vera salvr\u00e4tikud \u00f5li, rasva, t\u00f5rva, liimi ja muude plekkide kiireks ja lihtsaks eemaldamiseks. Sobivad k\u00e4te, t\u00f6\u00f6riistade ning erinevate pindade (aknad, p\u00f5randad, puit, v\u00e4rvitud pinnad jne) puhastamiseks. Aloe Wipes niisutavad nahka ja on palju \u00f5rnemad kui tugevad lahustid. Topsis on 50 salvr\u00e4tikut, m\u00f5\u00f5tmetega 20 \u00d7 28 cm.","og_url":"https:\/\/staging.genekas24.ee\/fi\/tuote\/aaloega-niisked-lapid\/","og_site_name":"Genekas24","article_modified_time":"2025-09-05T10:11:24+00:00","og_image":[{"width":1600,"height":1600,"url":"https:\/\/staging.genekas24.ee\/wp-content\/uploads\/2025\/06\/R523-Aloe-Wipes.jpg","type":"image\/jpeg"}],"twitter_card":"summary_large_image","twitter_misc":{"Arvioitu lukuaika":"1 minuutti"},"schema":{"@context":"https:\/\/schema.org","@graph":[{"@type":"WebPage","@id":"https:\/\/staging.genekas24.ee\/toode\/aaloega-niisked-lapid\/","url":"https:\/\/staging.genekas24.ee\/toode\/aaloega-niisked-lapid\/","name":"Gson aaloega niisked lapid - Genekas24","isPartOf":{"@id":"https:\/\/staging.genekas24.ee\/#website"},"primaryImageOfPage":{"@id":"https:\/\/staging.genekas24.ee\/toode\/aaloega-niisked-lapid\/#primaryimage"},"image":{"@id":"https:\/\/staging.genekas24.ee\/toode\/aaloega-niisked-lapid\/#primaryimage"},"thumbnailUrl":"https:\/\/staging.genekas24.ee\/wp-content\/uploads\/2025\/06\/R523-Aloe-Wipes.jpg","datePublished":"2025-06-13T07:48:01+00:00","dateModified":"2025-09-05T10:11:24+00:00","breadcrumb":{"@id":"https:\/\/staging.genekas24.ee\/toode\/aaloega-niisked-lapid\/#breadcrumb"},"inLanguage":"fi","potentialAction":[{"@type":"ReadAction","target":["https:\/\/staging.genekas24.ee\/toode\/aaloega-niisked-lapid\/"]}]},{"@type":"ImageObject","inLanguage":"fi","@id":"https:\/\/staging.genekas24.ee\/toode\/aaloega-niisked-lapid\/#primaryimage","url":"https:\/\/staging.genekas24.ee\/wp-content\/uploads\/2025\/06\/R523-Aloe-Wipes.jpg","contentUrl":"https:\/\/staging.genekas24.ee\/wp-content\/uploads\/2025\/06\/R523-Aloe-Wipes.jpg","width":1600,"height":1600},{"@type":"BreadcrumbList","@id":"https:\/\/staging.genekas24.ee\/toode\/aaloega-niisked-lapid\/#breadcrumb","itemListElement":[{"@type":"ListItem","position":1,"name":"Home","item":"https:\/\/staging.genekas24.ee\/"},{"@type":"ListItem","position":2,"name":"Pood","item":"https:\/\/staging.genekas24.ee\/pood\/"},{"@type":"ListItem","position":3,"name":"Gson aaloega niisked lapid"}]},{"@type":"WebSite","@id":"https:\/\/staging.genekas24.ee\/#website","url":"https:\/\/staging.genekas24.ee\/","name":"Genekas24","description":"Generaatorid | K&ouml;nner S&ouml;hnen tooted | Genekas24","publisher":{"@id":"https:\/\/staging.genekas24.ee\/#organization"},"potentialAction":[{"@type":"SearchAction","target":{"@type":"EntryPoint","urlTemplate":"https:\/\/staging.genekas24.ee\/?s={search_term_string}"},"query-input":{"@type":"PropertyValueSpecification","valueRequired":true,"valueName":"search_term_string"}}],"inLanguage":"fi"},{"@type":"Organization","@id":"https:\/\/staging.genekas24.ee\/#organization","name":"Genekas24","url":"https:\/\/staging.genekas24.ee\/","logo":{"@type":"ImageObject","inLanguage":"fi","@id":"https:\/\/staging.genekas24.ee\/#\/schema\/logo\/image\/","url":"https:\/\/staging.genekas24.ee\/wp-content\/uploads\/2026\/01\/genekas24-logo_black.svg","contentUrl":"https:\/\/staging.genekas24.ee\/wp-content\/uploads\/2026\/01\/genekas24-logo_black.svg","width":840,"height":131,"caption":"Genekas24"},"image":{"@id":"https:\/\/staging.genekas24.ee\/#\/schema\/logo\/image\/"}}]}},"_links":{"self":[{"href":"https:\/\/staging.genekas24.ee\/fi\/wp-json\/wp\/v2\/product\/19378","targetHints":{"allow":["GET"]}}],"collection":[{"href":"https:\/\/staging.genekas24.ee\/fi\/wp-json\/wp\/v2\/product"}],"about":[{"href":"https:\/\/staging.genekas24.ee\/fi\/wp-json\/wp\/v2\/types\/product"}],"version-history":[{"count":2,"href":"https:\/\/staging.genekas24.ee\/fi\/wp-json\/wp\/v2\/product\/19378\/revisions"}],"predecessor-version":[{"id":19558,"href":"https:\/\/staging.genekas24.ee\/fi\/wp-json\/wp\/v2\/product\/19378\/revisions\/19558"}],"wp:featuredmedia":[{"embeddable":true,"href":"https:\/\/staging.genekas24.ee\/fi\/wp-json\/wp\/v2\/media\/19379"}],"wp:attachment":[{"href":"https:\/\/staging.genekas24.ee\/fi\/wp-json\/wp\/v2\/media?parent=19378"}],"wp:term":[{"taxonomy":"product_brand","embeddable":true,"href":"https:\/\/staging.genekas24.ee\/fi\/wp-json\/wp\/v2\/product_brand?post=19378"},{"taxonomy":"product_cat","embeddable":true,"href":"https:\/\/staging.genekas24.ee\/fi\/wp-json\/wp\/v2\/product_cat?post=19378"},{"taxonomy":"product_tag","embeddable":true,"href":"https:\/\/staging.genekas24.ee\/fi\/wp-json\/wp\/v2\/product_tag?post=19378"}],"curies":[{"name":"wp","href":"https:\/\/api.w.org\/{rel}","templated":true}]}}