{"id":19371,"date":"2025-06-13T07:48:15","date_gmt":"2025-06-13T07:48:15","guid":{"rendered":"https:\/\/staging.genekas24.ee\/?post_type=product&#038;p=19371"},"modified":"2025-09-05T10:11:06","modified_gmt":"2025-09-05T10:11:06","slug":"liim-hermeetik","status":"publish","type":"product","link":"https:\/\/staging.genekas24.ee\/fi\/tuote\/liim-hermeetik\/","title":{"rendered":"Gson liim-hermeetik"},"content":{"rendered":"<p data-start=\"0\" data-end=\"211\">Keskkonnas\u00f5bralik MS-pol\u00fcmeerliim ja hermeetik, mis asendab paigaldusliime, puiduliime, pol\u00fcuretaanliime, silikoon-sanitaari- ja vannitoahermeetikuid, akr\u00fc\u00fcl- ja kummip\u00f5hiseid hermeetikuid ning klaassepadeliimi.<\/p>\n<p data-start=\"213\" data-end=\"833\">Kasutusvaldkonnad<br data-start=\"230\" data-end=\"233\" \/>Kereehitus: elastne tihendamine voltide, nurkade ja \u00fchenduste juures s\u00f5idukikere ning konteinerite juures. Ehitus: plastkate kinnitamine ja paigaldus, m\u00fcrasummutus, vaheseinad, klapid. Klaasimeistrid: aknalistide, klaasilistide, klaasustelede ja klaashoidikute paigaldus. Elektrikud: kaablitorude, elektrikarbid jms paigaldus. Ehitusmehed: liistude, akende, l\u00e4vepakkude, siltide paigaldus. V\u00e4rvimehed: pol\u00fcst\u00fcreeni dekoratiivliistude paigaldus. Metallit\u00f6\u00f6d: plekkide liimimine, vihmaveerennide tihendamine jms. Torumehed: vannitoa portselani paigaldus. Ei ole soovitatav PE, PP ja PTFE materjalidele.<\/p>\n<p data-start=\"835\" data-end=\"1295\" data-is-last-node=\"\" data-is-only-node=\"\">\u2022 V\u00e4hendab koormust \u2013 v\u00e4ga tugev<br data-start=\"867\" data-end=\"870\" \/>\u2022 Kiire k\u00f5venemine, ei t\u00f5mba kokku<br data-start=\"904\" data-end=\"907\" data-is-only-node=\"\" \/>\u2022 J\u00e4\u00e4b elastseks ja talub vibratsioone<br data-start=\"945\" data-end=\"948\" \/>\u2022 Veekindel<br data-start=\"959\" data-end=\"962\" \/>\u2022 UV-kindel<br data-start=\"973\" data-end=\"976\" \/>\u2022 Keemiliselt vastupidav<br data-start=\"1000\" data-end=\"1003\" \/>\u2022 K\u00fclmakindel<br data-start=\"1016\" data-end=\"1019\" \/>\u2022 Sobib sise- ja v\u00e4litingimustesse, ei vaja krunti<br data-start=\"1069\" data-end=\"1072\" \/>\u2022 Hallituse- ja m\u00e4danemiskindel<br data-start=\"1103\" data-end=\"1106\" \/>\u2022 Liimib enamiku materjalide k\u00fclge, ka m\u00e4rgade pindadega<br data-start=\"1162\" data-end=\"1165\" \/>\u2022 V\u00f5imalik \u00fcle v\u00e4rvida<br data-start=\"1187\" data-end=\"1190\" \/>\u2022 L\u00f5hnatu ja mittetoksiline<br data-start=\"1217\" data-end=\"1220\" \/>\u2022 Talub ajutist hoiustamist kuni -40 \u00b0C<br data-start=\"1259\" data-end=\"1262\" \/>\u2022 Lahustivaba ja isots\u00fcanaadivaba<\/p>","protected":false},"excerpt":{"rendered":"<table class=\"w-fit min-w-(--thread-content-width)\" data-start=\"0\" data-end=\"473\" data-is-last-node=\"\" data-is-only-node=\"\">\n<tbody data-start=\"78\" data-end=\"473\" data-is-last-node=\"\">\n<tr data-start=\"78\" data-end=\"116\">\n<td data-start=\"78\" data-end=\"96\" data-col-size=\"sm\">V\u00e4rvus<\/td>\n<td data-start=\"96\" data-end=\"116\" data-col-size=\"sm\">L\u00e4bipaistev<\/td>\n<\/tr>\n<tr data-start=\"117\" data-end=\"155\">\n<td data-start=\"117\" data-end=\"135\" data-col-size=\"sm\">Temperatuur<\/td>\n<td data-start=\"135\" data-end=\"155\" data-col-size=\"sm\">-40\u00b0C kuni +90\u00b0C<\/td>\n<\/tr>\n<tr data-start=\"156\" data-end=\"195\">\n<td data-start=\"156\" data-end=\"176\" data-col-size=\"sm\">Kande temperatuur<\/td>\n<td data-col-size=\"sm\" data-start=\"176\" data-end=\"195\">+5\u00b0C kuni +40\u00b0C<\/td>\n<\/tr>\n<tr data-start=\"196\" data-end=\"234\">\n<td data-start=\"196\" data-end=\"214\" data-col-size=\"sm\">Vahe t\u00e4itmine<\/td>\n<td data-start=\"214\" data-end=\"234\" data-col-size=\"sm\">3\u201325 mm<\/td>\n<\/tr>\n<tr data-start=\"235\" data-end=\"275\">\n<td data-start=\"235\" data-end=\"256\" data-col-size=\"sm\">Koore moodustumine<\/td>\n<td data-start=\"256\" data-end=\"275\" data-col-size=\"sm\">10 min<\/td>\n<\/tr>\n<tr data-start=\"276\" data-end=\"314\">\n<td data-start=\"276\" data-end=\"294\" data-col-size=\"sm\">K\u00f5venemisaeg<\/td>\n<td data-start=\"294\" data-end=\"314\" data-col-size=\"sm\">2 mm p\u00e4evas<\/td>\n<\/tr>\n<tr data-start=\"315\" data-end=\"353\">\n<td data-start=\"315\" data-end=\"333\" data-col-size=\"sm\">Tihedus<\/td>\n<td data-start=\"333\" data-end=\"353\" data-col-size=\"sm\">1,05 g\/ml<\/td>\n<\/tr>\n<tr data-start=\"354\" data-end=\"395\">\n<td data-start=\"354\" data-end=\"372\" data-col-size=\"sm\">Viskoossus<\/td>\n<td data-start=\"372\" data-end=\"395\" data-col-size=\"sm\">Tiksotroopne, pasta<\/td>\n<\/tr>\n<tr data-start=\"396\" data-end=\"434\">\n<td data-start=\"396\" data-end=\"414\" data-col-size=\"sm\">K\u00f5vadus<\/td>\n<td data-start=\"414\" data-end=\"434\" data-col-size=\"sm\">Umbes 40 shore A<\/td>\n<\/tr>\n<tr data-start=\"435\" data-end=\"473\" data-is-last-node=\"\">\n<td data-start=\"435\" data-end=\"453\" data-col-size=\"sm\">Pakend<\/td>\n<td data-start=\"453\" data-end=\"473\" data-is-last-node=\"\" data-col-size=\"sm\">290 ml<\/td>\n<\/tr>\n<\/tbody>\n<\/table>","protected":false},"featured_media":19373,"template":"","meta":{"_acf_changed":false,"inline_featured_image":false},"product_brand":[],"product_cat":[151],"product_tag":[],"class_list":{"0":"post-19371","1":"product","2":"type-product","3":"status-publish","4":"has-post-thumbnail","6":"product_cat-liimid-ja-hermeetikud","7":"product_shipping_class-vaikepakk","8":"brand-gson","10":"first","11":"instock","12":"taxable","13":"shipping-taxable","14":"purchasable","15":"product-type-simple"},"acf":[],"yoast_head":"<!-- This site is optimized with the Yoast SEO plugin v26.2 - https:\/\/yoast.com\/wordpress\/plugins\/seo\/ -->\n<title>Gson liim-hermeetik - Genekas24<\/title>\n<meta name=\"robots\" content=\"index, follow, max-snippet:-1, max-image-preview:large, max-video-preview:-1\" \/>\n<link rel=\"canonical\" href=\"https:\/\/staging.genekas24.ee\/fi\/tuote\/liim-hermeetik\/\" \/>\n<meta property=\"og:locale\" content=\"fi_FI\" \/>\n<meta property=\"og:type\" content=\"article\" \/>\n<meta property=\"og:title\" content=\"Gson liim-hermeetik - Genekas24\" \/>\n<meta property=\"og:description\" content=\"V\u00e4rvus L\u00e4bipaistev   Temperatuur -40\u00b0C kuni +90\u00b0C   Kande temperatuur +5\u00b0C kuni +40\u00b0C   Vahe t\u00e4itmine 3\u201325 mm   Koore moodustumine 10 min   K\u00f5venemisaeg 2 mm p\u00e4evas   Tihedus 1,05 g\/ml   Viskoossus Tiksotroopne, pasta   K\u00f5vadus Umbes 40 shore A   Pakend 290 ml\" \/>\n<meta property=\"og:url\" content=\"https:\/\/staging.genekas24.ee\/fi\/tuote\/liim-hermeetik\/\" \/>\n<meta property=\"og:site_name\" content=\"Genekas24\" \/>\n<meta property=\"article:modified_time\" content=\"2025-09-05T10:11:06+00:00\" \/>\n<meta property=\"og:image\" content=\"https:\/\/staging.genekas24.ee\/wp-content\/uploads\/2025\/06\/T128-Glue-Seal-Crystal-Clear.jpg\" \/>\n\t<meta property=\"og:image:width\" content=\"1600\" \/>\n\t<meta property=\"og:image:height\" content=\"1600\" \/>\n\t<meta property=\"og:image:type\" content=\"image\/jpeg\" \/>\n<meta name=\"twitter:card\" content=\"summary_large_image\" \/>\n<meta name=\"twitter:label1\" content=\"Arvioitu lukuaika\" \/>\n\t<meta name=\"twitter:data1\" content=\"1 minuutti\" \/>\n<script type=\"application\/ld+json\" class=\"yoast-schema-graph\">{\"@context\":\"https:\/\/schema.org\",\"@graph\":[{\"@type\":\"WebPage\",\"@id\":\"https:\/\/staging.genekas24.ee\/toode\/liim-hermeetik\/\",\"url\":\"https:\/\/staging.genekas24.ee\/toode\/liim-hermeetik\/\",\"name\":\"Gson liim-hermeetik - Genekas24\",\"isPartOf\":{\"@id\":\"https:\/\/staging.genekas24.ee\/#website\"},\"primaryImageOfPage\":{\"@id\":\"https:\/\/staging.genekas24.ee\/toode\/liim-hermeetik\/#primaryimage\"},\"image\":{\"@id\":\"https:\/\/staging.genekas24.ee\/toode\/liim-hermeetik\/#primaryimage\"},\"thumbnailUrl\":\"https:\/\/staging.genekas24.ee\/wp-content\/uploads\/2025\/06\/T128-Glue-Seal-Crystal-Clear.jpg\",\"datePublished\":\"2025-06-13T07:48:15+00:00\",\"dateModified\":\"2025-09-05T10:11:06+00:00\",\"breadcrumb\":{\"@id\":\"https:\/\/staging.genekas24.ee\/toode\/liim-hermeetik\/#breadcrumb\"},\"inLanguage\":\"fi\",\"potentialAction\":[{\"@type\":\"ReadAction\",\"target\":[\"https:\/\/staging.genekas24.ee\/toode\/liim-hermeetik\/\"]}]},{\"@type\":\"ImageObject\",\"inLanguage\":\"fi\",\"@id\":\"https:\/\/staging.genekas24.ee\/toode\/liim-hermeetik\/#primaryimage\",\"url\":\"https:\/\/staging.genekas24.ee\/wp-content\/uploads\/2025\/06\/T128-Glue-Seal-Crystal-Clear.jpg\",\"contentUrl\":\"https:\/\/staging.genekas24.ee\/wp-content\/uploads\/2025\/06\/T128-Glue-Seal-Crystal-Clear.jpg\",\"width\":1600,\"height\":1600},{\"@type\":\"BreadcrumbList\",\"@id\":\"https:\/\/staging.genekas24.ee\/toode\/liim-hermeetik\/#breadcrumb\",\"itemListElement\":[{\"@type\":\"ListItem\",\"position\":1,\"name\":\"Home\",\"item\":\"https:\/\/staging.genekas24.ee\/\"},{\"@type\":\"ListItem\",\"position\":2,\"name\":\"Pood\",\"item\":\"https:\/\/staging.genekas24.ee\/pood\/\"},{\"@type\":\"ListItem\",\"position\":3,\"name\":\"Gson liim-hermeetik\"}]},{\"@type\":\"WebSite\",\"@id\":\"https:\/\/staging.genekas24.ee\/#website\",\"url\":\"https:\/\/staging.genekas24.ee\/\",\"name\":\"Genekas24\",\"description\":\"Generaatorid | K&ouml;nner S&ouml;hnen tooted | Genekas24\",\"publisher\":{\"@id\":\"https:\/\/staging.genekas24.ee\/#organization\"},\"potentialAction\":[{\"@type\":\"SearchAction\",\"target\":{\"@type\":\"EntryPoint\",\"urlTemplate\":\"https:\/\/staging.genekas24.ee\/?s={search_term_string}\"},\"query-input\":{\"@type\":\"PropertyValueSpecification\",\"valueRequired\":true,\"valueName\":\"search_term_string\"}}],\"inLanguage\":\"fi\"},{\"@type\":\"Organization\",\"@id\":\"https:\/\/staging.genekas24.ee\/#organization\",\"name\":\"Genekas24\",\"url\":\"https:\/\/staging.genekas24.ee\/\",\"logo\":{\"@type\":\"ImageObject\",\"inLanguage\":\"fi\",\"@id\":\"https:\/\/staging.genekas24.ee\/#\/schema\/logo\/image\/\",\"url\":\"https:\/\/staging.genekas24.ee\/wp-content\/uploads\/2026\/01\/genekas24-logo_black.svg\",\"contentUrl\":\"https:\/\/staging.genekas24.ee\/wp-content\/uploads\/2026\/01\/genekas24-logo_black.svg\",\"width\":840,\"height\":131,\"caption\":\"Genekas24\"},\"image\":{\"@id\":\"https:\/\/staging.genekas24.ee\/#\/schema\/logo\/image\/\"}}]}<\/script>\n<!-- \/ Yoast SEO plugin. -->","yoast_head_json":{"title":"Gson liim-hermeetik - Genekas24","robots":{"index":"index","follow":"follow","max-snippet":"max-snippet:-1","max-image-preview":"max-image-preview:large","max-video-preview":"max-video-preview:-1"},"canonical":"https:\/\/staging.genekas24.ee\/fi\/tuote\/liim-hermeetik\/","og_locale":"fi_FI","og_type":"article","og_title":"Gson liim-hermeetik - Genekas24","og_description":"V\u00e4rvus L\u00e4bipaistev   Temperatuur -40\u00b0C kuni +90\u00b0C   Kande temperatuur +5\u00b0C kuni +40\u00b0C   Vahe t\u00e4itmine 3\u201325 mm   Koore moodustumine 10 min   K\u00f5venemisaeg 2 mm p\u00e4evas   Tihedus 1,05 g\/ml   Viskoossus Tiksotroopne, pasta   K\u00f5vadus Umbes 40 shore A   Pakend 290 ml","og_url":"https:\/\/staging.genekas24.ee\/fi\/tuote\/liim-hermeetik\/","og_site_name":"Genekas24","article_modified_time":"2025-09-05T10:11:06+00:00","og_image":[{"width":1600,"height":1600,"url":"https:\/\/staging.genekas24.ee\/wp-content\/uploads\/2025\/06\/T128-Glue-Seal-Crystal-Clear.jpg","type":"image\/jpeg"}],"twitter_card":"summary_large_image","twitter_misc":{"Arvioitu lukuaika":"1 minuutti"},"schema":{"@context":"https:\/\/schema.org","@graph":[{"@type":"WebPage","@id":"https:\/\/staging.genekas24.ee\/toode\/liim-hermeetik\/","url":"https:\/\/staging.genekas24.ee\/toode\/liim-hermeetik\/","name":"Gson liim-hermeetik - Genekas24","isPartOf":{"@id":"https:\/\/staging.genekas24.ee\/#website"},"primaryImageOfPage":{"@id":"https:\/\/staging.genekas24.ee\/toode\/liim-hermeetik\/#primaryimage"},"image":{"@id":"https:\/\/staging.genekas24.ee\/toode\/liim-hermeetik\/#primaryimage"},"thumbnailUrl":"https:\/\/staging.genekas24.ee\/wp-content\/uploads\/2025\/06\/T128-Glue-Seal-Crystal-Clear.jpg","datePublished":"2025-06-13T07:48:15+00:00","dateModified":"2025-09-05T10:11:06+00:00","breadcrumb":{"@id":"https:\/\/staging.genekas24.ee\/toode\/liim-hermeetik\/#breadcrumb"},"inLanguage":"fi","potentialAction":[{"@type":"ReadAction","target":["https:\/\/staging.genekas24.ee\/toode\/liim-hermeetik\/"]}]},{"@type":"ImageObject","inLanguage":"fi","@id":"https:\/\/staging.genekas24.ee\/toode\/liim-hermeetik\/#primaryimage","url":"https:\/\/staging.genekas24.ee\/wp-content\/uploads\/2025\/06\/T128-Glue-Seal-Crystal-Clear.jpg","contentUrl":"https:\/\/staging.genekas24.ee\/wp-content\/uploads\/2025\/06\/T128-Glue-Seal-Crystal-Clear.jpg","width":1600,"height":1600},{"@type":"BreadcrumbList","@id":"https:\/\/staging.genekas24.ee\/toode\/liim-hermeetik\/#breadcrumb","itemListElement":[{"@type":"ListItem","position":1,"name":"Home","item":"https:\/\/staging.genekas24.ee\/"},{"@type":"ListItem","position":2,"name":"Pood","item":"https:\/\/staging.genekas24.ee\/pood\/"},{"@type":"ListItem","position":3,"name":"Gson liim-hermeetik"}]},{"@type":"WebSite","@id":"https:\/\/staging.genekas24.ee\/#website","url":"https:\/\/staging.genekas24.ee\/","name":"Genekas24","description":"Generaatorid | K&ouml;nner S&ouml;hnen tooted | Genekas24","publisher":{"@id":"https:\/\/staging.genekas24.ee\/#organization"},"potentialAction":[{"@type":"SearchAction","target":{"@type":"EntryPoint","urlTemplate":"https:\/\/staging.genekas24.ee\/?s={search_term_string}"},"query-input":{"@type":"PropertyValueSpecification","valueRequired":true,"valueName":"search_term_string"}}],"inLanguage":"fi"},{"@type":"Organization","@id":"https:\/\/staging.genekas24.ee\/#organization","name":"Genekas24","url":"https:\/\/staging.genekas24.ee\/","logo":{"@type":"ImageObject","inLanguage":"fi","@id":"https:\/\/staging.genekas24.ee\/#\/schema\/logo\/image\/","url":"https:\/\/staging.genekas24.ee\/wp-content\/uploads\/2026\/01\/genekas24-logo_black.svg","contentUrl":"https:\/\/staging.genekas24.ee\/wp-content\/uploads\/2026\/01\/genekas24-logo_black.svg","width":840,"height":131,"caption":"Genekas24"},"image":{"@id":"https:\/\/staging.genekas24.ee\/#\/schema\/logo\/image\/"}}]}},"_links":{"self":[{"href":"https:\/\/staging.genekas24.ee\/fi\/wp-json\/wp\/v2\/product\/19371","targetHints":{"allow":["GET"]}}],"collection":[{"href":"https:\/\/staging.genekas24.ee\/fi\/wp-json\/wp\/v2\/product"}],"about":[{"href":"https:\/\/staging.genekas24.ee\/fi\/wp-json\/wp\/v2\/types\/product"}],"version-history":[{"count":2,"href":"https:\/\/staging.genekas24.ee\/fi\/wp-json\/wp\/v2\/product\/19371\/revisions"}],"predecessor-version":[{"id":19556,"href":"https:\/\/staging.genekas24.ee\/fi\/wp-json\/wp\/v2\/product\/19371\/revisions\/19556"}],"wp:featuredmedia":[{"embeddable":true,"href":"https:\/\/staging.genekas24.ee\/fi\/wp-json\/wp\/v2\/media\/19373"}],"wp:attachment":[{"href":"https:\/\/staging.genekas24.ee\/fi\/wp-json\/wp\/v2\/media?parent=19371"}],"wp:term":[{"taxonomy":"product_brand","embeddable":true,"href":"https:\/\/staging.genekas24.ee\/fi\/wp-json\/wp\/v2\/product_brand?post=19371"},{"taxonomy":"product_cat","embeddable":true,"href":"https:\/\/staging.genekas24.ee\/fi\/wp-json\/wp\/v2\/product_cat?post=19371"},{"taxonomy":"product_tag","embeddable":true,"href":"https:\/\/staging.genekas24.ee\/fi\/wp-json\/wp\/v2\/product_tag?post=19371"}],"curies":[{"name":"wp","href":"https:\/\/api.w.org\/{rel}","templated":true}]}}