{"id":19360,"date":"2025-06-13T07:49:36","date_gmt":"2025-06-13T07:49:36","guid":{"rendered":"https:\/\/staging.genekas24.ee\/?post_type=product&#038;p=19360"},"modified":"2025-09-05T10:09:08","modified_gmt":"2025-09-05T10:09:08","slug":"tigerblade-raw-karbiidhammastega","status":"publish","type":"product","link":"https:\/\/staging.genekas24.ee\/fi\/tuote\/tigerblade-raw-karbiidhammastega\/","title":{"rendered":"Gson Tigerblade RAW karbiidhammastega"},"content":{"rendered":"<p>Tagurpidi saeleht karbiidist hammastega, mis tagab \u00e4\u00e4rmiselt pika kasutusea ja suure vastupidavuse ka k\u00f5ige raskemates tingimustes. Tugev saeleht hammastega 8 ja 10 TPI, mis l\u00f5ikab l\u00e4bi k\u00f5ige k\u00f5vemate ja vastupidavamate materjalide. Arendatud spetsiaalselt valurauda, ehitusterast, karastatud terast, poltide, kruvide, torude jms sae- ja l\u00f5ikamist\u00f6\u00f6deks. 1,30 mm paksune ja tugev saeleht tagab sirge ja t\u00e4pse l\u00f5ike. 25 mm k\u00f5rgune saelehe osa parandab stabiilsust ja v\u00e4hendab vibratsiooni.<\/p>","protected":false},"excerpt":{"rendered":"<table style=\"width: 37.429%;\">\n<tbody>\n<tr>\n<td style=\"width: 40.1961%;\">Pikkus<\/td>\n<td style=\"width: 58.2353%;\">228 mm<\/td>\n<\/tr>\n<tr>\n<td style=\"width: 40.1961%;\">Laius<\/td>\n<td style=\"width: 58.2353%;\">25 mm<\/td>\n<\/tr>\n<tr>\n<td style=\"width: 40.1961%;\">Paksus<\/td>\n<td style=\"width: 58.2353%;\">1,30 mm<\/td>\n<\/tr>\n<tr>\n<td style=\"width: 40.1961%;\">Hambad<\/td>\n<td style=\"width: 58.2353%;\">8 tpi<\/td>\n<\/tr>\n<tr>\n<td style=\"width: 40.1961%;\">Kogus karbis<\/td>\n<td style=\"width: 58.2353%;\">25 tk<\/td>\n<\/tr>\n<tr>\n<td style=\"width: 40.1961%;\">Roostevaba teras<\/td>\n<td style=\"width: 58.2353%;\">5\u201313 mm<\/td>\n<\/tr>\n<tr>\n<td style=\"width: 40.1961%;\">Valutoru diameeter \u00d8<\/td>\n<td style=\"width: 58.2353%;\">10\u2013175 mm<\/td>\n<\/tr>\n<tr>\n<td style=\"width: 40.1961%;\">Mittemagnetilised metallid<\/td>\n<td style=\"width: 58.2353%;\">5\u201313 mm<\/td>\n<\/tr>\n<tr>\n<td style=\"width: 40.1961%;\">Metalltoru diameeter \u00d8<\/td>\n<td style=\"width: 58.2353%;\">10\u2013175 mm<\/td>\n<\/tr>\n<tr>\n<td style=\"width: 40.1961%;\">Teras<\/td>\n<td style=\"width: 58.2353%;\">5\u201313 mm<\/td>\n<\/tr>\n<\/tbody>\n<\/table>","protected":false},"featured_media":19361,"template":"","meta":{"_acf_changed":false,"inline_featured_image":false},"product_brand":[],"product_cat":[148],"product_tag":[],"class_list":{"0":"post-19360","1":"product","2":"type-product","3":"status-publish","4":"has-post-thumbnail","6":"product_cat-saeterad","7":"product_shipping_class-vaikepakk","8":"brand-gson","10":"first","11":"instock","12":"taxable","13":"shipping-taxable","14":"purchasable","15":"product-type-simple"},"acf":[],"yoast_head":"<!-- This site is optimized with the Yoast SEO plugin v26.2 - https:\/\/yoast.com\/wordpress\/plugins\/seo\/ -->\n<title>Gson Tigerblade RAW karbiidhammastega - Genekas24<\/title>\n<meta name=\"robots\" content=\"index, follow, max-snippet:-1, max-image-preview:large, max-video-preview:-1\" \/>\n<link rel=\"canonical\" href=\"https:\/\/staging.genekas24.ee\/fi\/tuote\/tigerblade-raw-karbiidhammastega\/\" \/>\n<meta property=\"og:locale\" content=\"fi_FI\" \/>\n<meta property=\"og:type\" content=\"article\" \/>\n<meta property=\"og:title\" content=\"Gson Tigerblade RAW karbiidhammastega - Genekas24\" \/>\n<meta property=\"og:description\" content=\"Pikkus 228 mm   Laius 25 mm   Paksus 1,30 mm   Hambad 8 tpi   Kogus karbis 25 tk   Roostevaba teras 5\u201313 mm   Valutoru diameeter \u00d8 10\u2013175 mm   Mittemagnetilised metallid 5\u201313 mm   Metalltoru diameeter \u00d8 10\u2013175 mm   Teras 5\u201313 mm\" \/>\n<meta property=\"og:url\" content=\"https:\/\/staging.genekas24.ee\/fi\/tuote\/tigerblade-raw-karbiidhammastega\/\" \/>\n<meta property=\"og:site_name\" content=\"Genekas24\" \/>\n<meta property=\"article:modified_time\" content=\"2025-09-05T10:09:08+00:00\" \/>\n<meta property=\"og:image\" content=\"https:\/\/staging.genekas24.ee\/wp-content\/uploads\/2025\/06\/6628-Tigerblade-RAW-Carbide-Teeth-228.jpg\" \/>\n\t<meta property=\"og:image:width\" content=\"1600\" \/>\n\t<meta property=\"og:image:height\" content=\"1600\" \/>\n\t<meta property=\"og:image:type\" content=\"image\/jpeg\" \/>\n<meta name=\"twitter:card\" content=\"summary_large_image\" \/>\n<meta name=\"twitter:label1\" content=\"Arvioitu lukuaika\" \/>\n\t<meta name=\"twitter:data1\" content=\"1 minuutti\" \/>\n<script type=\"application\/ld+json\" class=\"yoast-schema-graph\">{\"@context\":\"https:\/\/schema.org\",\"@graph\":[{\"@type\":\"WebPage\",\"@id\":\"https:\/\/staging.genekas24.ee\/toode\/tigerblade-raw-karbiidhammastega\/\",\"url\":\"https:\/\/staging.genekas24.ee\/toode\/tigerblade-raw-karbiidhammastega\/\",\"name\":\"Gson Tigerblade RAW karbiidhammastega - Genekas24\",\"isPartOf\":{\"@id\":\"https:\/\/staging.genekas24.ee\/#website\"},\"primaryImageOfPage\":{\"@id\":\"https:\/\/staging.genekas24.ee\/toode\/tigerblade-raw-karbiidhammastega\/#primaryimage\"},\"image\":{\"@id\":\"https:\/\/staging.genekas24.ee\/toode\/tigerblade-raw-karbiidhammastega\/#primaryimage\"},\"thumbnailUrl\":\"https:\/\/staging.genekas24.ee\/wp-content\/uploads\/2025\/06\/6628-Tigerblade-RAW-Carbide-Teeth-228.jpg\",\"datePublished\":\"2025-06-13T07:49:36+00:00\",\"dateModified\":\"2025-09-05T10:09:08+00:00\",\"breadcrumb\":{\"@id\":\"https:\/\/staging.genekas24.ee\/toode\/tigerblade-raw-karbiidhammastega\/#breadcrumb\"},\"inLanguage\":\"fi\",\"potentialAction\":[{\"@type\":\"ReadAction\",\"target\":[\"https:\/\/staging.genekas24.ee\/toode\/tigerblade-raw-karbiidhammastega\/\"]}]},{\"@type\":\"ImageObject\",\"inLanguage\":\"fi\",\"@id\":\"https:\/\/staging.genekas24.ee\/toode\/tigerblade-raw-karbiidhammastega\/#primaryimage\",\"url\":\"https:\/\/staging.genekas24.ee\/wp-content\/uploads\/2025\/06\/6628-Tigerblade-RAW-Carbide-Teeth-228.jpg\",\"contentUrl\":\"https:\/\/staging.genekas24.ee\/wp-content\/uploads\/2025\/06\/6628-Tigerblade-RAW-Carbide-Teeth-228.jpg\",\"width\":1600,\"height\":1600},{\"@type\":\"BreadcrumbList\",\"@id\":\"https:\/\/staging.genekas24.ee\/toode\/tigerblade-raw-karbiidhammastega\/#breadcrumb\",\"itemListElement\":[{\"@type\":\"ListItem\",\"position\":1,\"name\":\"Home\",\"item\":\"https:\/\/staging.genekas24.ee\/\"},{\"@type\":\"ListItem\",\"position\":2,\"name\":\"Pood\",\"item\":\"https:\/\/staging.genekas24.ee\/pood\/\"},{\"@type\":\"ListItem\",\"position\":3,\"name\":\"Gson Tigerblade RAW karbiidhammastega\"}]},{\"@type\":\"WebSite\",\"@id\":\"https:\/\/staging.genekas24.ee\/#website\",\"url\":\"https:\/\/staging.genekas24.ee\/\",\"name\":\"Genekas24\",\"description\":\"Generaatorid | K&ouml;nner S&ouml;hnen tooted | Genekas24\",\"publisher\":{\"@id\":\"https:\/\/staging.genekas24.ee\/#organization\"},\"potentialAction\":[{\"@type\":\"SearchAction\",\"target\":{\"@type\":\"EntryPoint\",\"urlTemplate\":\"https:\/\/staging.genekas24.ee\/?s={search_term_string}\"},\"query-input\":{\"@type\":\"PropertyValueSpecification\",\"valueRequired\":true,\"valueName\":\"search_term_string\"}}],\"inLanguage\":\"fi\"},{\"@type\":\"Organization\",\"@id\":\"https:\/\/staging.genekas24.ee\/#organization\",\"name\":\"Genekas24\",\"url\":\"https:\/\/staging.genekas24.ee\/\",\"logo\":{\"@type\":\"ImageObject\",\"inLanguage\":\"fi\",\"@id\":\"https:\/\/staging.genekas24.ee\/#\/schema\/logo\/image\/\",\"url\":\"https:\/\/staging.genekas24.ee\/wp-content\/uploads\/2026\/01\/genekas24-logo_black.svg\",\"contentUrl\":\"https:\/\/staging.genekas24.ee\/wp-content\/uploads\/2026\/01\/genekas24-logo_black.svg\",\"width\":840,\"height\":131,\"caption\":\"Genekas24\"},\"image\":{\"@id\":\"https:\/\/staging.genekas24.ee\/#\/schema\/logo\/image\/\"}}]}<\/script>\n<!-- \/ Yoast SEO plugin. -->","yoast_head_json":{"title":"Gson Tigerblade RAW karbiidhammastega - Genekas24","robots":{"index":"index","follow":"follow","max-snippet":"max-snippet:-1","max-image-preview":"max-image-preview:large","max-video-preview":"max-video-preview:-1"},"canonical":"https:\/\/staging.genekas24.ee\/fi\/tuote\/tigerblade-raw-karbiidhammastega\/","og_locale":"fi_FI","og_type":"article","og_title":"Gson Tigerblade RAW karbiidhammastega - Genekas24","og_description":"Pikkus 228 mm   Laius 25 mm   Paksus 1,30 mm   Hambad 8 tpi   Kogus karbis 25 tk   Roostevaba teras 5\u201313 mm   Valutoru diameeter \u00d8 10\u2013175 mm   Mittemagnetilised metallid 5\u201313 mm   Metalltoru diameeter \u00d8 10\u2013175 mm   Teras 5\u201313 mm","og_url":"https:\/\/staging.genekas24.ee\/fi\/tuote\/tigerblade-raw-karbiidhammastega\/","og_site_name":"Genekas24","article_modified_time":"2025-09-05T10:09:08+00:00","og_image":[{"width":1600,"height":1600,"url":"https:\/\/staging.genekas24.ee\/wp-content\/uploads\/2025\/06\/6628-Tigerblade-RAW-Carbide-Teeth-228.jpg","type":"image\/jpeg"}],"twitter_card":"summary_large_image","twitter_misc":{"Arvioitu lukuaika":"1 minuutti"},"schema":{"@context":"https:\/\/schema.org","@graph":[{"@type":"WebPage","@id":"https:\/\/staging.genekas24.ee\/toode\/tigerblade-raw-karbiidhammastega\/","url":"https:\/\/staging.genekas24.ee\/toode\/tigerblade-raw-karbiidhammastega\/","name":"Gson Tigerblade RAW karbiidhammastega - Genekas24","isPartOf":{"@id":"https:\/\/staging.genekas24.ee\/#website"},"primaryImageOfPage":{"@id":"https:\/\/staging.genekas24.ee\/toode\/tigerblade-raw-karbiidhammastega\/#primaryimage"},"image":{"@id":"https:\/\/staging.genekas24.ee\/toode\/tigerblade-raw-karbiidhammastega\/#primaryimage"},"thumbnailUrl":"https:\/\/staging.genekas24.ee\/wp-content\/uploads\/2025\/06\/6628-Tigerblade-RAW-Carbide-Teeth-228.jpg","datePublished":"2025-06-13T07:49:36+00:00","dateModified":"2025-09-05T10:09:08+00:00","breadcrumb":{"@id":"https:\/\/staging.genekas24.ee\/toode\/tigerblade-raw-karbiidhammastega\/#breadcrumb"},"inLanguage":"fi","potentialAction":[{"@type":"ReadAction","target":["https:\/\/staging.genekas24.ee\/toode\/tigerblade-raw-karbiidhammastega\/"]}]},{"@type":"ImageObject","inLanguage":"fi","@id":"https:\/\/staging.genekas24.ee\/toode\/tigerblade-raw-karbiidhammastega\/#primaryimage","url":"https:\/\/staging.genekas24.ee\/wp-content\/uploads\/2025\/06\/6628-Tigerblade-RAW-Carbide-Teeth-228.jpg","contentUrl":"https:\/\/staging.genekas24.ee\/wp-content\/uploads\/2025\/06\/6628-Tigerblade-RAW-Carbide-Teeth-228.jpg","width":1600,"height":1600},{"@type":"BreadcrumbList","@id":"https:\/\/staging.genekas24.ee\/toode\/tigerblade-raw-karbiidhammastega\/#breadcrumb","itemListElement":[{"@type":"ListItem","position":1,"name":"Home","item":"https:\/\/staging.genekas24.ee\/"},{"@type":"ListItem","position":2,"name":"Pood","item":"https:\/\/staging.genekas24.ee\/pood\/"},{"@type":"ListItem","position":3,"name":"Gson Tigerblade RAW karbiidhammastega"}]},{"@type":"WebSite","@id":"https:\/\/staging.genekas24.ee\/#website","url":"https:\/\/staging.genekas24.ee\/","name":"Genekas24","description":"Generaatorid | K&ouml;nner S&ouml;hnen tooted | Genekas24","publisher":{"@id":"https:\/\/staging.genekas24.ee\/#organization"},"potentialAction":[{"@type":"SearchAction","target":{"@type":"EntryPoint","urlTemplate":"https:\/\/staging.genekas24.ee\/?s={search_term_string}"},"query-input":{"@type":"PropertyValueSpecification","valueRequired":true,"valueName":"search_term_string"}}],"inLanguage":"fi"},{"@type":"Organization","@id":"https:\/\/staging.genekas24.ee\/#organization","name":"Genekas24","url":"https:\/\/staging.genekas24.ee\/","logo":{"@type":"ImageObject","inLanguage":"fi","@id":"https:\/\/staging.genekas24.ee\/#\/schema\/logo\/image\/","url":"https:\/\/staging.genekas24.ee\/wp-content\/uploads\/2026\/01\/genekas24-logo_black.svg","contentUrl":"https:\/\/staging.genekas24.ee\/wp-content\/uploads\/2026\/01\/genekas24-logo_black.svg","width":840,"height":131,"caption":"Genekas24"},"image":{"@id":"https:\/\/staging.genekas24.ee\/#\/schema\/logo\/image\/"}}]}},"_links":{"self":[{"href":"https:\/\/staging.genekas24.ee\/fi\/wp-json\/wp\/v2\/product\/19360","targetHints":{"allow":["GET"]}}],"collection":[{"href":"https:\/\/staging.genekas24.ee\/fi\/wp-json\/wp\/v2\/product"}],"about":[{"href":"https:\/\/staging.genekas24.ee\/fi\/wp-json\/wp\/v2\/types\/product"}],"version-history":[{"count":5,"href":"https:\/\/staging.genekas24.ee\/fi\/wp-json\/wp\/v2\/product\/19360\/revisions"}],"predecessor-version":[{"id":20426,"href":"https:\/\/staging.genekas24.ee\/fi\/wp-json\/wp\/v2\/product\/19360\/revisions\/20426"}],"wp:featuredmedia":[{"embeddable":true,"href":"https:\/\/staging.genekas24.ee\/fi\/wp-json\/wp\/v2\/media\/19361"}],"wp:attachment":[{"href":"https:\/\/staging.genekas24.ee\/fi\/wp-json\/wp\/v2\/media?parent=19360"}],"wp:term":[{"taxonomy":"product_brand","embeddable":true,"href":"https:\/\/staging.genekas24.ee\/fi\/wp-json\/wp\/v2\/product_brand?post=19360"},{"taxonomy":"product_cat","embeddable":true,"href":"https:\/\/staging.genekas24.ee\/fi\/wp-json\/wp\/v2\/product_cat?post=19360"},{"taxonomy":"product_tag","embeddable":true,"href":"https:\/\/staging.genekas24.ee\/fi\/wp-json\/wp\/v2\/product_tag?post=19360"}],"curies":[{"name":"wp","href":"https:\/\/api.w.org\/{rel}","templated":true}]}}