{"id":19338,"date":"2025-06-13T07:52:17","date_gmt":"2025-06-13T07:52:17","guid":{"rendered":"https:\/\/staging.genekas24.ee\/?post_type=product&#038;p=19338"},"modified":"2025-09-05T09:14:23","modified_gmt":"2025-09-05T09:14:23","slug":"multiblade-starlock-kaardus-puidutera","status":"publish","type":"product","link":"https:\/\/staging.genekas24.ee\/fi\/tuote\/multiblade-starlock-kaardus-puidutera\/","title":{"rendered":"Gson Multiblade Starlock kaardus puidutera"},"content":{"rendered":"<p data-start=\"74\" data-end=\"419\">H\u00f5\u00f5gsaagide tera, millel on hammastatud servad, sobib k\u00f5ikide puidu, krohvitud ja plastmaterjalide l\u00f5ikamiseks. Tagab k\u00f5rge l\u00f5ikekvaliteedi ja kiire t\u00f6\u00f6. Kaardus l\u00f5ikegeomeetria v\u00f5imaldab optimaalselt sukelduda ning saavutada puhtad ja t\u00e4psed l\u00f5ikepinnad, eriti siledatel pindadel. Lai kuju tagab maksimaalse l\u00f5iket\u00f5hususe ja pika sirge l\u00f5ike.<\/p>\n<p data-start=\"421\" data-end=\"625\">Starlock Multiblade on varustatud Starlock-tehnoloogiaga, mis on tuntud oma k\u00f5rge kvaliteedi ja t\u00f6\u00f6kindluse poolest. Terad on spetsiaalselt disainitud t\u00f5husaks l\u00f5ikamiseks puidu, metalli ja plastiku peal.<\/p>","protected":false},"excerpt":{"rendered":"<table style=\"width: 9.28411%;\">\n<tbody>\n<tr>\n<td>Laius<\/td>\n<td>65mm<\/td>\n<\/tr>\n<tr>\n<td>S\u00fcgavus<\/td>\n<td>42mm<\/td>\n<\/tr>\n<\/tbody>\n<\/table>","protected":false},"featured_media":19339,"template":"","meta":{"_acf_changed":false,"inline_featured_image":false},"product_brand":[],"product_cat":[148],"product_tag":[],"class_list":{"0":"post-19338","1":"product","2":"type-product","3":"status-publish","4":"has-post-thumbnail","6":"product_cat-saeterad","7":"product_shipping_class-vaikepakk","8":"brand-gson","10":"first","11":"instock","12":"taxable","13":"shipping-taxable","14":"purchasable","15":"product-type-simple"},"acf":[],"yoast_head":"<!-- This site is optimized with the Yoast SEO plugin v26.2 - https:\/\/yoast.com\/wordpress\/plugins\/seo\/ -->\n<title>Gson Multiblade Starlock kaardus puidutera - Genekas24<\/title>\n<meta name=\"robots\" content=\"index, follow, max-snippet:-1, max-image-preview:large, max-video-preview:-1\" \/>\n<link rel=\"canonical\" href=\"https:\/\/staging.genekas24.ee\/fi\/tuote\/multiblade-starlock-kaardus-puidutera\/\" \/>\n<meta property=\"og:locale\" content=\"fi_FI\" \/>\n<meta property=\"og:type\" content=\"article\" \/>\n<meta property=\"og:title\" content=\"Gson Multiblade Starlock kaardus puidutera - Genekas24\" \/>\n<meta property=\"og:description\" content=\"Laius 65mm   S\u00fcgavus 42mm\" \/>\n<meta property=\"og:url\" content=\"https:\/\/staging.genekas24.ee\/fi\/tuote\/multiblade-starlock-kaardus-puidutera\/\" \/>\n<meta property=\"og:site_name\" content=\"Genekas24\" \/>\n<meta property=\"article:modified_time\" content=\"2025-09-05T09:14:23+00:00\" \/>\n<meta property=\"og:image\" content=\"https:\/\/staging.genekas24.ee\/wp-content\/uploads\/2025\/06\/M602-Multiblade-Starlock-Curved-Wood.jpg\" \/>\n\t<meta property=\"og:image:width\" content=\"1600\" \/>\n\t<meta property=\"og:image:height\" content=\"1600\" \/>\n\t<meta property=\"og:image:type\" content=\"image\/jpeg\" \/>\n<meta name=\"twitter:card\" content=\"summary_large_image\" \/>\n<meta name=\"twitter:label1\" content=\"Arvioitu lukuaika\" \/>\n\t<meta name=\"twitter:data1\" content=\"1 minuutti\" \/>\n<script type=\"application\/ld+json\" class=\"yoast-schema-graph\">{\"@context\":\"https:\/\/schema.org\",\"@graph\":[{\"@type\":\"WebPage\",\"@id\":\"https:\/\/staging.genekas24.ee\/toode\/multiblade-starlock-kaardus-puidutera\/\",\"url\":\"https:\/\/staging.genekas24.ee\/toode\/multiblade-starlock-kaardus-puidutera\/\",\"name\":\"Gson Multiblade Starlock kaardus puidutera - Genekas24\",\"isPartOf\":{\"@id\":\"https:\/\/staging.genekas24.ee\/#website\"},\"primaryImageOfPage\":{\"@id\":\"https:\/\/staging.genekas24.ee\/toode\/multiblade-starlock-kaardus-puidutera\/#primaryimage\"},\"image\":{\"@id\":\"https:\/\/staging.genekas24.ee\/toode\/multiblade-starlock-kaardus-puidutera\/#primaryimage\"},\"thumbnailUrl\":\"https:\/\/staging.genekas24.ee\/wp-content\/uploads\/2025\/06\/M602-Multiblade-Starlock-Curved-Wood.jpg\",\"datePublished\":\"2025-06-13T07:52:17+00:00\",\"dateModified\":\"2025-09-05T09:14:23+00:00\",\"breadcrumb\":{\"@id\":\"https:\/\/staging.genekas24.ee\/toode\/multiblade-starlock-kaardus-puidutera\/#breadcrumb\"},\"inLanguage\":\"fi\",\"potentialAction\":[{\"@type\":\"ReadAction\",\"target\":[\"https:\/\/staging.genekas24.ee\/toode\/multiblade-starlock-kaardus-puidutera\/\"]}]},{\"@type\":\"ImageObject\",\"inLanguage\":\"fi\",\"@id\":\"https:\/\/staging.genekas24.ee\/toode\/multiblade-starlock-kaardus-puidutera\/#primaryimage\",\"url\":\"https:\/\/staging.genekas24.ee\/wp-content\/uploads\/2025\/06\/M602-Multiblade-Starlock-Curved-Wood.jpg\",\"contentUrl\":\"https:\/\/staging.genekas24.ee\/wp-content\/uploads\/2025\/06\/M602-Multiblade-Starlock-Curved-Wood.jpg\",\"width\":1600,\"height\":1600},{\"@type\":\"BreadcrumbList\",\"@id\":\"https:\/\/staging.genekas24.ee\/toode\/multiblade-starlock-kaardus-puidutera\/#breadcrumb\",\"itemListElement\":[{\"@type\":\"ListItem\",\"position\":1,\"name\":\"Home\",\"item\":\"https:\/\/staging.genekas24.ee\/\"},{\"@type\":\"ListItem\",\"position\":2,\"name\":\"Pood\",\"item\":\"https:\/\/staging.genekas24.ee\/pood\/\"},{\"@type\":\"ListItem\",\"position\":3,\"name\":\"Gson Multiblade Starlock kaardus puidutera\"}]},{\"@type\":\"WebSite\",\"@id\":\"https:\/\/staging.genekas24.ee\/#website\",\"url\":\"https:\/\/staging.genekas24.ee\/\",\"name\":\"Genekas24\",\"description\":\"Generaatorid | K&ouml;nner S&ouml;hnen tooted | Genekas24\",\"publisher\":{\"@id\":\"https:\/\/staging.genekas24.ee\/#organization\"},\"potentialAction\":[{\"@type\":\"SearchAction\",\"target\":{\"@type\":\"EntryPoint\",\"urlTemplate\":\"https:\/\/staging.genekas24.ee\/?s={search_term_string}\"},\"query-input\":{\"@type\":\"PropertyValueSpecification\",\"valueRequired\":true,\"valueName\":\"search_term_string\"}}],\"inLanguage\":\"fi\"},{\"@type\":\"Organization\",\"@id\":\"https:\/\/staging.genekas24.ee\/#organization\",\"name\":\"Genekas24\",\"url\":\"https:\/\/staging.genekas24.ee\/\",\"logo\":{\"@type\":\"ImageObject\",\"inLanguage\":\"fi\",\"@id\":\"https:\/\/staging.genekas24.ee\/#\/schema\/logo\/image\/\",\"url\":\"https:\/\/staging.genekas24.ee\/wp-content\/uploads\/2026\/01\/genekas24-logo_black.svg\",\"contentUrl\":\"https:\/\/staging.genekas24.ee\/wp-content\/uploads\/2026\/01\/genekas24-logo_black.svg\",\"width\":840,\"height\":131,\"caption\":\"Genekas24\"},\"image\":{\"@id\":\"https:\/\/staging.genekas24.ee\/#\/schema\/logo\/image\/\"}}]}<\/script>\n<!-- \/ Yoast SEO plugin. -->","yoast_head_json":{"title":"Gson Multiblade Starlock kaardus puidutera - Genekas24","robots":{"index":"index","follow":"follow","max-snippet":"max-snippet:-1","max-image-preview":"max-image-preview:large","max-video-preview":"max-video-preview:-1"},"canonical":"https:\/\/staging.genekas24.ee\/fi\/tuote\/multiblade-starlock-kaardus-puidutera\/","og_locale":"fi_FI","og_type":"article","og_title":"Gson Multiblade Starlock kaardus puidutera - Genekas24","og_description":"Laius 65mm   S\u00fcgavus 42mm","og_url":"https:\/\/staging.genekas24.ee\/fi\/tuote\/multiblade-starlock-kaardus-puidutera\/","og_site_name":"Genekas24","article_modified_time":"2025-09-05T09:14:23+00:00","og_image":[{"width":1600,"height":1600,"url":"https:\/\/staging.genekas24.ee\/wp-content\/uploads\/2025\/06\/M602-Multiblade-Starlock-Curved-Wood.jpg","type":"image\/jpeg"}],"twitter_card":"summary_large_image","twitter_misc":{"Arvioitu lukuaika":"1 minuutti"},"schema":{"@context":"https:\/\/schema.org","@graph":[{"@type":"WebPage","@id":"https:\/\/staging.genekas24.ee\/toode\/multiblade-starlock-kaardus-puidutera\/","url":"https:\/\/staging.genekas24.ee\/toode\/multiblade-starlock-kaardus-puidutera\/","name":"Gson Multiblade Starlock kaardus puidutera - Genekas24","isPartOf":{"@id":"https:\/\/staging.genekas24.ee\/#website"},"primaryImageOfPage":{"@id":"https:\/\/staging.genekas24.ee\/toode\/multiblade-starlock-kaardus-puidutera\/#primaryimage"},"image":{"@id":"https:\/\/staging.genekas24.ee\/toode\/multiblade-starlock-kaardus-puidutera\/#primaryimage"},"thumbnailUrl":"https:\/\/staging.genekas24.ee\/wp-content\/uploads\/2025\/06\/M602-Multiblade-Starlock-Curved-Wood.jpg","datePublished":"2025-06-13T07:52:17+00:00","dateModified":"2025-09-05T09:14:23+00:00","breadcrumb":{"@id":"https:\/\/staging.genekas24.ee\/toode\/multiblade-starlock-kaardus-puidutera\/#breadcrumb"},"inLanguage":"fi","potentialAction":[{"@type":"ReadAction","target":["https:\/\/staging.genekas24.ee\/toode\/multiblade-starlock-kaardus-puidutera\/"]}]},{"@type":"ImageObject","inLanguage":"fi","@id":"https:\/\/staging.genekas24.ee\/toode\/multiblade-starlock-kaardus-puidutera\/#primaryimage","url":"https:\/\/staging.genekas24.ee\/wp-content\/uploads\/2025\/06\/M602-Multiblade-Starlock-Curved-Wood.jpg","contentUrl":"https:\/\/staging.genekas24.ee\/wp-content\/uploads\/2025\/06\/M602-Multiblade-Starlock-Curved-Wood.jpg","width":1600,"height":1600},{"@type":"BreadcrumbList","@id":"https:\/\/staging.genekas24.ee\/toode\/multiblade-starlock-kaardus-puidutera\/#breadcrumb","itemListElement":[{"@type":"ListItem","position":1,"name":"Home","item":"https:\/\/staging.genekas24.ee\/"},{"@type":"ListItem","position":2,"name":"Pood","item":"https:\/\/staging.genekas24.ee\/pood\/"},{"@type":"ListItem","position":3,"name":"Gson Multiblade Starlock kaardus puidutera"}]},{"@type":"WebSite","@id":"https:\/\/staging.genekas24.ee\/#website","url":"https:\/\/staging.genekas24.ee\/","name":"Genekas24","description":"Generaatorid | K&ouml;nner S&ouml;hnen tooted | Genekas24","publisher":{"@id":"https:\/\/staging.genekas24.ee\/#organization"},"potentialAction":[{"@type":"SearchAction","target":{"@type":"EntryPoint","urlTemplate":"https:\/\/staging.genekas24.ee\/?s={search_term_string}"},"query-input":{"@type":"PropertyValueSpecification","valueRequired":true,"valueName":"search_term_string"}}],"inLanguage":"fi"},{"@type":"Organization","@id":"https:\/\/staging.genekas24.ee\/#organization","name":"Genekas24","url":"https:\/\/staging.genekas24.ee\/","logo":{"@type":"ImageObject","inLanguage":"fi","@id":"https:\/\/staging.genekas24.ee\/#\/schema\/logo\/image\/","url":"https:\/\/staging.genekas24.ee\/wp-content\/uploads\/2026\/01\/genekas24-logo_black.svg","contentUrl":"https:\/\/staging.genekas24.ee\/wp-content\/uploads\/2026\/01\/genekas24-logo_black.svg","width":840,"height":131,"caption":"Genekas24"},"image":{"@id":"https:\/\/staging.genekas24.ee\/#\/schema\/logo\/image\/"}}]}},"_links":{"self":[{"href":"https:\/\/staging.genekas24.ee\/fi\/wp-json\/wp\/v2\/product\/19338","targetHints":{"allow":["GET"]}}],"collection":[{"href":"https:\/\/staging.genekas24.ee\/fi\/wp-json\/wp\/v2\/product"}],"about":[{"href":"https:\/\/staging.genekas24.ee\/fi\/wp-json\/wp\/v2\/types\/product"}],"version-history":[{"count":2,"href":"https:\/\/staging.genekas24.ee\/fi\/wp-json\/wp\/v2\/product\/19338\/revisions"}],"predecessor-version":[{"id":19545,"href":"https:\/\/staging.genekas24.ee\/fi\/wp-json\/wp\/v2\/product\/19338\/revisions\/19545"}],"wp:featuredmedia":[{"embeddable":true,"href":"https:\/\/staging.genekas24.ee\/fi\/wp-json\/wp\/v2\/media\/19339"}],"wp:attachment":[{"href":"https:\/\/staging.genekas24.ee\/fi\/wp-json\/wp\/v2\/media?parent=19338"}],"wp:term":[{"taxonomy":"product_brand","embeddable":true,"href":"https:\/\/staging.genekas24.ee\/fi\/wp-json\/wp\/v2\/product_brand?post=19338"},{"taxonomy":"product_cat","embeddable":true,"href":"https:\/\/staging.genekas24.ee\/fi\/wp-json\/wp\/v2\/product_cat?post=19338"},{"taxonomy":"product_tag","embeddable":true,"href":"https:\/\/staging.genekas24.ee\/fi\/wp-json\/wp\/v2\/product_tag?post=19338"}],"curies":[{"name":"wp","href":"https:\/\/api.w.org\/{rel}","templated":true}]}}