{"id":19244,"date":"2025-06-13T07:58:37","date_gmt":"2025-06-13T07:58:37","guid":{"rendered":"https:\/\/staging.genekas24.ee\/?post_type=product&#038;p=19244"},"modified":"2025-10-24T11:53:19","modified_gmt":"2025-10-24T11:53:19","slug":"puhastuslapid","status":"publish","type":"product","link":"https:\/\/staging.genekas24.ee\/fi\/tuote\/puhastuslapid\/","title":{"rendered":"Gson puhastuslapid"},"content":{"rendered":"<p>Tsitrusel\u00f5hnalised salvr\u00e4tikud k\u00fc\u00fcriva ja sileda k\u00fcljega. \u00d5li, rasva, t\u00f5rva, liimi, tindi, vaigu, asfaldi, v\u00e4rvi, hermeetikute ja muude plekkide kiireks ja lihtsaks eemaldamiseks. Nii k\u00e4te kui ka t\u00f6\u00f6riistade ja pindade, n\u00e4iteks akende, p\u00f5randate, puidu jne puhastamiseks. K\u00fc\u00fcrimislapid on k\u00e4tele \u00f5rnemad kui tugevad lahustid. Purk sisaldab 50 salvr\u00e4tikut m\u00f5\u00f5tmetega 23&#215;26 \u200b\u200bcm.<\/p>","protected":false},"excerpt":{"rendered":"<p>Tsitrusel\u00f5hnalised salvr\u00e4tikud k\u00fc\u00fcriva ja sileda k\u00fcljega. \u00d5li, rasva, t\u00f5rva, liimi, tindi, vaigu, asfaldi, v\u00e4rvi, hermeetikute ja muude plekkide kiireks ja lihtsaks eemaldamiseks. Nii k\u00e4te kui ka t\u00f6\u00f6riistade ja pindade, n\u00e4iteks akende, p\u00f5randate, puidu jne puhastamiseks. K\u00fc\u00fcrimislapid on k\u00e4tele \u00f5rnemad kui tugevad lahustid. Purk sisaldab 50 salvr\u00e4tikut m\u00f5\u00f5tmetega 23&#215;26 \u200b\u200bcm.<\/p>","protected":false},"featured_media":20702,"template":"","meta":{"_acf_changed":false,"inline_featured_image":false},"product_brand":[],"product_cat":[150],"product_tag":[],"class_list":{"0":"post-19244","1":"product","2":"type-product","3":"status-publish","4":"has-post-thumbnail","6":"product_cat-puhastusvahendid","7":"product_shipping_class-vaikepakk","8":"brand-gson","10":"first","11":"instock","12":"taxable","13":"shipping-taxable","14":"purchasable","15":"product-type-simple"},"acf":[],"yoast_head":"<!-- This site is optimized with the Yoast SEO plugin v26.2 - https:\/\/yoast.com\/wordpress\/plugins\/seo\/ -->\n<title>Gson puhastuslapid - Genekas24<\/title>\n<meta name=\"robots\" content=\"index, follow, max-snippet:-1, max-image-preview:large, max-video-preview:-1\" \/>\n<link rel=\"canonical\" href=\"https:\/\/staging.genekas24.ee\/fi\/tuote\/puhastuslapid\/\" \/>\n<meta property=\"og:locale\" content=\"fi_FI\" \/>\n<meta property=\"og:type\" content=\"article\" \/>\n<meta property=\"og:title\" content=\"Gson puhastuslapid - Genekas24\" \/>\n<meta property=\"og:description\" content=\"Tsitrusel\u00f5hnalised salvr\u00e4tikud k\u00fc\u00fcriva ja sileda k\u00fcljega. \u00d5li, rasva, t\u00f5rva, liimi, tindi, vaigu, asfaldi, v\u00e4rvi, hermeetikute ja muude plekkide kiireks ja lihtsaks eemaldamiseks. Nii k\u00e4te kui ka t\u00f6\u00f6riistade ja pindade, n\u00e4iteks akende, p\u00f5randate, puidu jne puhastamiseks. K\u00fc\u00fcrimislapid on k\u00e4tele \u00f5rnemad kui tugevad lahustid. Purk sisaldab 50 salvr\u00e4tikut m\u00f5\u00f5tmetega 23&#215;26 \u200b\u200bcm.\" \/>\n<meta property=\"og:url\" content=\"https:\/\/staging.genekas24.ee\/fi\/tuote\/puhastuslapid\/\" \/>\n<meta property=\"og:site_name\" content=\"Genekas24\" \/>\n<meta property=\"article:modified_time\" content=\"2025-10-24T11:53:19+00:00\" \/>\n<meta property=\"og:image\" content=\"https:\/\/staging.genekas24.ee\/wp-content\/uploads\/2025\/06\/103050-Scrubbing-Wipes-50-dukar.jpg\" \/>\n\t<meta property=\"og:image:width\" content=\"1280\" \/>\n\t<meta property=\"og:image:height\" content=\"1280\" \/>\n\t<meta property=\"og:image:type\" content=\"image\/jpeg\" \/>\n<meta name=\"twitter:card\" content=\"summary_large_image\" \/>\n<meta name=\"twitter:label1\" content=\"Arvioitu lukuaika\" \/>\n\t<meta name=\"twitter:data1\" content=\"1 minuutti\" \/>\n<script type=\"application\/ld+json\" class=\"yoast-schema-graph\">{\"@context\":\"https:\/\/schema.org\",\"@graph\":[{\"@type\":\"WebPage\",\"@id\":\"https:\/\/staging.genekas24.ee\/toode\/puhastuslapid\/\",\"url\":\"https:\/\/staging.genekas24.ee\/toode\/puhastuslapid\/\",\"name\":\"Gson puhastuslapid - Genekas24\",\"isPartOf\":{\"@id\":\"https:\/\/staging.genekas24.ee\/#website\"},\"primaryImageOfPage\":{\"@id\":\"https:\/\/staging.genekas24.ee\/toode\/puhastuslapid\/#primaryimage\"},\"image\":{\"@id\":\"https:\/\/staging.genekas24.ee\/toode\/puhastuslapid\/#primaryimage\"},\"thumbnailUrl\":\"https:\/\/staging.genekas24.ee\/wp-content\/uploads\/2025\/06\/103050-Scrubbing-Wipes-50-dukar.jpg\",\"datePublished\":\"2025-06-13T07:58:37+00:00\",\"dateModified\":\"2025-10-24T11:53:19+00:00\",\"breadcrumb\":{\"@id\":\"https:\/\/staging.genekas24.ee\/toode\/puhastuslapid\/#breadcrumb\"},\"inLanguage\":\"fi\",\"potentialAction\":[{\"@type\":\"ReadAction\",\"target\":[\"https:\/\/staging.genekas24.ee\/toode\/puhastuslapid\/\"]}]},{\"@type\":\"ImageObject\",\"inLanguage\":\"fi\",\"@id\":\"https:\/\/staging.genekas24.ee\/toode\/puhastuslapid\/#primaryimage\",\"url\":\"https:\/\/staging.genekas24.ee\/wp-content\/uploads\/2025\/06\/103050-Scrubbing-Wipes-50-dukar.jpg\",\"contentUrl\":\"https:\/\/staging.genekas24.ee\/wp-content\/uploads\/2025\/06\/103050-Scrubbing-Wipes-50-dukar.jpg\",\"width\":1280,\"height\":1280},{\"@type\":\"BreadcrumbList\",\"@id\":\"https:\/\/staging.genekas24.ee\/toode\/puhastuslapid\/#breadcrumb\",\"itemListElement\":[{\"@type\":\"ListItem\",\"position\":1,\"name\":\"Home\",\"item\":\"https:\/\/staging.genekas24.ee\/\"},{\"@type\":\"ListItem\",\"position\":2,\"name\":\"Pood\",\"item\":\"https:\/\/staging.genekas24.ee\/pood\/\"},{\"@type\":\"ListItem\",\"position\":3,\"name\":\"Gson puhastuslapid\"}]},{\"@type\":\"WebSite\",\"@id\":\"https:\/\/staging.genekas24.ee\/#website\",\"url\":\"https:\/\/staging.genekas24.ee\/\",\"name\":\"Genekas24\",\"description\":\"Generaatorid | K&ouml;nner S&ouml;hnen tooted | Genekas24\",\"publisher\":{\"@id\":\"https:\/\/staging.genekas24.ee\/#organization\"},\"potentialAction\":[{\"@type\":\"SearchAction\",\"target\":{\"@type\":\"EntryPoint\",\"urlTemplate\":\"https:\/\/staging.genekas24.ee\/?s={search_term_string}\"},\"query-input\":{\"@type\":\"PropertyValueSpecification\",\"valueRequired\":true,\"valueName\":\"search_term_string\"}}],\"inLanguage\":\"fi\"},{\"@type\":\"Organization\",\"@id\":\"https:\/\/staging.genekas24.ee\/#organization\",\"name\":\"Genekas24\",\"url\":\"https:\/\/staging.genekas24.ee\/\",\"logo\":{\"@type\":\"ImageObject\",\"inLanguage\":\"fi\",\"@id\":\"https:\/\/staging.genekas24.ee\/#\/schema\/logo\/image\/\",\"url\":\"https:\/\/staging.genekas24.ee\/wp-content\/uploads\/2026\/01\/genekas24-logo_black.svg\",\"contentUrl\":\"https:\/\/staging.genekas24.ee\/wp-content\/uploads\/2026\/01\/genekas24-logo_black.svg\",\"width\":840,\"height\":131,\"caption\":\"Genekas24\"},\"image\":{\"@id\":\"https:\/\/staging.genekas24.ee\/#\/schema\/logo\/image\/\"}}]}<\/script>\n<!-- \/ Yoast SEO plugin. -->","yoast_head_json":{"title":"Gson puhastuslapid - Genekas24","robots":{"index":"index","follow":"follow","max-snippet":"max-snippet:-1","max-image-preview":"max-image-preview:large","max-video-preview":"max-video-preview:-1"},"canonical":"https:\/\/staging.genekas24.ee\/fi\/tuote\/puhastuslapid\/","og_locale":"fi_FI","og_type":"article","og_title":"Gson puhastuslapid - Genekas24","og_description":"Tsitrusel\u00f5hnalised salvr\u00e4tikud k\u00fc\u00fcriva ja sileda k\u00fcljega. \u00d5li, rasva, t\u00f5rva, liimi, tindi, vaigu, asfaldi, v\u00e4rvi, hermeetikute ja muude plekkide kiireks ja lihtsaks eemaldamiseks. Nii k\u00e4te kui ka t\u00f6\u00f6riistade ja pindade, n\u00e4iteks akende, p\u00f5randate, puidu jne puhastamiseks. K\u00fc\u00fcrimislapid on k\u00e4tele \u00f5rnemad kui tugevad lahustid. Purk sisaldab 50 salvr\u00e4tikut m\u00f5\u00f5tmetega 23&#215;26 \u200b\u200bcm.","og_url":"https:\/\/staging.genekas24.ee\/fi\/tuote\/puhastuslapid\/","og_site_name":"Genekas24","article_modified_time":"2025-10-24T11:53:19+00:00","og_image":[{"width":1280,"height":1280,"url":"https:\/\/staging.genekas24.ee\/wp-content\/uploads\/2025\/06\/103050-Scrubbing-Wipes-50-dukar.jpg","type":"image\/jpeg"}],"twitter_card":"summary_large_image","twitter_misc":{"Arvioitu lukuaika":"1 minuutti"},"schema":{"@context":"https:\/\/schema.org","@graph":[{"@type":"WebPage","@id":"https:\/\/staging.genekas24.ee\/toode\/puhastuslapid\/","url":"https:\/\/staging.genekas24.ee\/toode\/puhastuslapid\/","name":"Gson puhastuslapid - Genekas24","isPartOf":{"@id":"https:\/\/staging.genekas24.ee\/#website"},"primaryImageOfPage":{"@id":"https:\/\/staging.genekas24.ee\/toode\/puhastuslapid\/#primaryimage"},"image":{"@id":"https:\/\/staging.genekas24.ee\/toode\/puhastuslapid\/#primaryimage"},"thumbnailUrl":"https:\/\/staging.genekas24.ee\/wp-content\/uploads\/2025\/06\/103050-Scrubbing-Wipes-50-dukar.jpg","datePublished":"2025-06-13T07:58:37+00:00","dateModified":"2025-10-24T11:53:19+00:00","breadcrumb":{"@id":"https:\/\/staging.genekas24.ee\/toode\/puhastuslapid\/#breadcrumb"},"inLanguage":"fi","potentialAction":[{"@type":"ReadAction","target":["https:\/\/staging.genekas24.ee\/toode\/puhastuslapid\/"]}]},{"@type":"ImageObject","inLanguage":"fi","@id":"https:\/\/staging.genekas24.ee\/toode\/puhastuslapid\/#primaryimage","url":"https:\/\/staging.genekas24.ee\/wp-content\/uploads\/2025\/06\/103050-Scrubbing-Wipes-50-dukar.jpg","contentUrl":"https:\/\/staging.genekas24.ee\/wp-content\/uploads\/2025\/06\/103050-Scrubbing-Wipes-50-dukar.jpg","width":1280,"height":1280},{"@type":"BreadcrumbList","@id":"https:\/\/staging.genekas24.ee\/toode\/puhastuslapid\/#breadcrumb","itemListElement":[{"@type":"ListItem","position":1,"name":"Home","item":"https:\/\/staging.genekas24.ee\/"},{"@type":"ListItem","position":2,"name":"Pood","item":"https:\/\/staging.genekas24.ee\/pood\/"},{"@type":"ListItem","position":3,"name":"Gson puhastuslapid"}]},{"@type":"WebSite","@id":"https:\/\/staging.genekas24.ee\/#website","url":"https:\/\/staging.genekas24.ee\/","name":"Genekas24","description":"Generaatorid | K&ouml;nner S&ouml;hnen tooted | Genekas24","publisher":{"@id":"https:\/\/staging.genekas24.ee\/#organization"},"potentialAction":[{"@type":"SearchAction","target":{"@type":"EntryPoint","urlTemplate":"https:\/\/staging.genekas24.ee\/?s={search_term_string}"},"query-input":{"@type":"PropertyValueSpecification","valueRequired":true,"valueName":"search_term_string"}}],"inLanguage":"fi"},{"@type":"Organization","@id":"https:\/\/staging.genekas24.ee\/#organization","name":"Genekas24","url":"https:\/\/staging.genekas24.ee\/","logo":{"@type":"ImageObject","inLanguage":"fi","@id":"https:\/\/staging.genekas24.ee\/#\/schema\/logo\/image\/","url":"https:\/\/staging.genekas24.ee\/wp-content\/uploads\/2026\/01\/genekas24-logo_black.svg","contentUrl":"https:\/\/staging.genekas24.ee\/wp-content\/uploads\/2026\/01\/genekas24-logo_black.svg","width":840,"height":131,"caption":"Genekas24"},"image":{"@id":"https:\/\/staging.genekas24.ee\/#\/schema\/logo\/image\/"}}]}},"_links":{"self":[{"href":"https:\/\/staging.genekas24.ee\/fi\/wp-json\/wp\/v2\/product\/19244","targetHints":{"allow":["GET"]}}],"collection":[{"href":"https:\/\/staging.genekas24.ee\/fi\/wp-json\/wp\/v2\/product"}],"about":[{"href":"https:\/\/staging.genekas24.ee\/fi\/wp-json\/wp\/v2\/types\/product"}],"version-history":[{"count":4,"href":"https:\/\/staging.genekas24.ee\/fi\/wp-json\/wp\/v2\/product\/19244\/revisions"}],"predecessor-version":[{"id":19530,"href":"https:\/\/staging.genekas24.ee\/fi\/wp-json\/wp\/v2\/product\/19244\/revisions\/19530"}],"wp:featuredmedia":[{"embeddable":true,"href":"https:\/\/staging.genekas24.ee\/fi\/wp-json\/wp\/v2\/media\/20702"}],"wp:attachment":[{"href":"https:\/\/staging.genekas24.ee\/fi\/wp-json\/wp\/v2\/media?parent=19244"}],"wp:term":[{"taxonomy":"product_brand","embeddable":true,"href":"https:\/\/staging.genekas24.ee\/fi\/wp-json\/wp\/v2\/product_brand?post=19244"},{"taxonomy":"product_cat","embeddable":true,"href":"https:\/\/staging.genekas24.ee\/fi\/wp-json\/wp\/v2\/product_cat?post=19244"},{"taxonomy":"product_tag","embeddable":true,"href":"https:\/\/staging.genekas24.ee\/fi\/wp-json\/wp\/v2\/product_tag?post=19244"}],"curies":[{"name":"wp","href":"https:\/\/api.w.org\/{rel}","templated":true}]}}