{"id":19003,"date":"2025-05-23T09:56:06","date_gmt":"2025-05-23T09:56:06","guid":{"rendered":"https:\/\/staging.genekas24.ee\/?post_type=product&#038;p=19003"},"modified":"2025-12-31T08:46:11","modified_gmt":"2025-12-31T08:46:11","slug":"bensiinigeneraator-fv-20540-tra","status":"publish","type":"product","link":"https:\/\/staging.genekas24.ee\/fi\/tuote\/bensiinigeneraator-fv-20540-tra\/","title":{"rendered":"Bensiinigeneraator FV 20540 TRA"},"content":{"rendered":"<p>Fogo generaatorid tagavad pika ja t\u00f5husa t\u00f6\u00f6. Generaatorid on kavandatud ja valmistatud k\u00f5rgeima kvaliteediga komponentide p\u00f5hjal, t\u00e4ites rangeid standardite ja eeskirjade n\u00f5udeid. K\u00f5rge tootmiskvaliteet saavutatakse automatiseeritud ja robotiseeritud tootmisprotsessidest.<\/p>\n<article class=\"text-token-text-primary w-full\" dir=\"auto\" data-testid=\"conversation-turn-4\" data-scroll-anchor=\"true\">\n<div class=\"text-base my-auto mx-auto py-5 [--thread-content-margin:--spacing(4)] @[37rem]:[--thread-content-margin:--spacing(6)] @[72rem]:[--thread-content-margin:--spacing(16)] px-(--thread-content-margin)\">\n<div class=\"[--thread-content-max-width:32rem] @[34rem]:[--thread-content-max-width:40rem] @[64rem]:[--thread-content-max-width:48rem] mx-auto flex max-w-(--thread-content-max-width) flex-1 text-base gap-4 md:gap-5 lg:gap-6 group\/turn-messages focus-visible:outline-hidden\" tabindex=\"-1\">\n<div class=\"group\/conversation-turn relative flex w-full min-w-0 flex-col agent-turn\">\n<div class=\"relative flex-col gap-1 md:gap-3\">\n<div class=\"flex max-w-full flex-col grow\">\n<div class=\"min-h-8 text-message relative flex w-full flex-col items-end gap-2 text-start break-words whitespace-normal [.text-message+&amp;]:mt-5\" dir=\"auto\" data-message-author-role=\"assistant\" data-message-id=\"998a04df-ffcc-48d5-b88f-ee8639476577\" data-message-model-slug=\"gpt-4o\">\n<div class=\"flex w-full flex-col gap-1 empty:hidden first:pt-[3px]\">\n<div class=\"markdown prose dark:prose-invert w-full break-words dark\">\n<article class=\"text-token-text-primary w-full\" dir=\"auto\" data-testid=\"conversation-turn-8\" data-scroll-anchor=\"true\">\n<div class=\"text-base my-auto mx-auto py-5 [--thread-content-margin:--spacing(4)] @[37rem]:[--thread-content-margin:--spacing(6)] @[72rem]:[--thread-content-margin:--spacing(16)] px-(--thread-content-margin)\">\n<div class=\"[--thread-content-max-width:32rem] @[34rem]:[--thread-content-max-width:40rem] @[64rem]:[--thread-content-max-width:48rem] mx-auto flex max-w-(--thread-content-max-width) flex-1 text-base gap-4 md:gap-5 lg:gap-6 group\/turn-messages focus-visible:outline-hidden\" tabindex=\"-1\">\n<div class=\"group\/conversation-turn relative flex w-full min-w-0 flex-col agent-turn\">\n<div class=\"relative flex-col gap-1 md:gap-3\">\n<div class=\"flex max-w-full flex-col grow\">\n<div class=\"min-h-8 text-message relative flex w-full flex-col items-end gap-2 text-start break-words whitespace-normal [.text-message+&amp;]:mt-5\" dir=\"auto\" data-message-author-role=\"assistant\" data-message-id=\"b29d782d-bd26-4f12-bbad-c021b2ebf9e3\" data-message-model-slug=\"gpt-4o\">\n<div class=\"flex w-full flex-col gap-1 empty:hidden first:pt-[3px]\">\n<div class=\"markdown prose dark:prose-invert w-full break-words dark\">\n<article class=\"text-token-text-primary w-full\" dir=\"auto\" data-testid=\"conversation-turn-10\" data-scroll-anchor=\"true\">\n<div class=\"text-base my-auto mx-auto py-5 [--thread-content-margin:--spacing(4)] @[37rem]:[--thread-content-margin:--spacing(6)] @[72rem]:[--thread-content-margin:--spacing(16)] px-(--thread-content-margin)\">\n<div class=\"[--thread-content-max-width:32rem] @[34rem]:[--thread-content-max-width:40rem] @[64rem]:[--thread-content-max-width:48rem] mx-auto flex max-w-(--thread-content-max-width) flex-1 text-base gap-4 md:gap-5 lg:gap-6 group\/turn-messages focus-visible:outline-hidden\" tabindex=\"-1\">\n<div class=\"group\/conversation-turn relative flex w-full min-w-0 flex-col agent-turn\">\n<div class=\"relative flex-col gap-1 md:gap-3\">\n<div class=\"flex max-w-full flex-col grow\">\n<div class=\"min-h-8 text-message relative flex w-full flex-col items-end gap-2 text-start break-words whitespace-normal [.text-message+&amp;]:mt-5\" dir=\"auto\" data-message-author-role=\"assistant\" data-message-id=\"ba0a19f3-7df2-435e-b273-4ea4f2ef13d2\" data-message-model-slug=\"gpt-4o\">\n<div class=\"flex w-full flex-col gap-1 empty:hidden first:pt-[3px]\">\n<div class=\"markdown prose dark:prose-invert w-full break-words dark\">\n<article class=\"text-token-text-primary w-full\" dir=\"auto\" data-testid=\"conversation-turn-12\" data-scroll-anchor=\"true\">\n<div class=\"text-base my-auto mx-auto py-5 [--thread-content-margin:--spacing(4)] @[37rem]:[--thread-content-margin:--spacing(6)] @[72rem]:[--thread-content-margin:--spacing(16)] px-(--thread-content-margin)\">\n<div class=\"[--thread-content-max-width:32rem] @[34rem]:[--thread-content-max-width:40rem] @[64rem]:[--thread-content-max-width:48rem] mx-auto flex max-w-(--thread-content-max-width) flex-1 text-base gap-4 md:gap-5 lg:gap-6 group\/turn-messages focus-visible:outline-hidden\" tabindex=\"-1\">\n<div class=\"group\/conversation-turn relative flex w-full min-w-0 flex-col agent-turn\">\n<div class=\"relative flex-col gap-1 md:gap-3\">\n<div class=\"flex max-w-full flex-col grow\">\n<div class=\"min-h-8 text-message relative flex w-full flex-col items-end gap-2 text-start break-words whitespace-normal [.text-message+&amp;]:mt-5\" dir=\"auto\" data-message-author-role=\"assistant\" data-message-id=\"a3abdc2b-4442-40e4-a88f-155abb58db82\" data-message-model-slug=\"gpt-4o\">\n<div class=\"flex w-full flex-col gap-1 empty:hidden first:pt-[3px]\">\n<div class=\"markdown prose dark:prose-invert w-full break-words dark\">\n<p data-start=\"0\" data-end=\"578\" data-is-last-node=\"\" data-is-only-node=\"\">Seade pakub digitaalset pingeregulatsiooni k\u00f5igil kolmel faasil t\u00e4psusega \u00b12%, tagades stabiilse t\u00f6\u00f6 ka tundlikele seadmetele. Madal harmooniline moonutus (THD \u2264 4%) ja suur k\u00e4ivitusvool (&gt;350%) v\u00f5imaldavad t\u00f5husat ja usaldusv\u00e4\u00e4rset k\u00e4ivitust. Generaatoril on H-klassi isolatsioon ja IP54 kaitseklass, mis tagavad vastupidavuse n\u00f5udlikes tingimustes. \u00dchefaasiline 32 A v\u00e4ljund sobib suurema tarbega seadmetele. T\u00f6\u00f6aeg 75% koormusel on kuni 6,9 tundi. Seade on valmis nii k\u00e4sitsi kui ka automaatseks t\u00f6\u00f6ks ning selle konstruktsioonis on kasutatud 38 mm l\u00e4bim\u00f5\u00f5duga tugevat raami.<\/p>\n<\/div>\n<\/div>\n<\/div>\n<\/div>\n<\/div>\n<\/div>\n<\/div>\n<\/div>\n<\/article>\n<\/div>\n<\/div>\n<\/div>\n<\/div>\n<\/div>\n<\/div>\n<\/div>\n<\/div>\n<\/article>\n<\/div>\n<\/div>\n<\/div>\n<\/div>\n<\/div>\n<\/div>\n<\/div>\n<\/div>\n<\/article>\n<\/div>\n<\/div>\n<\/div>\n<\/div>\n<\/div>\n<\/div>\n<\/div>\n<\/div>\n<\/article>\n<table style=\"border-collapse: collapse; width: 100%; height: 144px;\">\n<tbody>\n<tr style=\"height: 24px;\">\n<td style=\"width: 100%; text-align: center; height: 24px;\" colspan=\"2\"><strong>Standard varustus<\/strong><\/td>\n<\/tr>\n<tr style=\"height: 24px;\">\n<td style=\"width: 50%; height: 24px;\"><strong>AVR<\/strong> &#8211; automaatne pingeregulaator<\/td>\n<td style=\"width: 50%; height: 24px;\">400V 32A pistikupesa<\/td>\n<\/tr>\n<tr style=\"height: 24px;\">\n<td style=\"width: 50%; height: 24px;\">230V 32A pistikupesa<\/td>\n<td style=\"width: 50%; height: 24px;\">230V 16A pistikupesa<\/td>\n<\/tr>\n<tr style=\"height: 24px;\">\n<td style=\"width: 50%; height: 24px;\">\u00dclekoormuskaitse<\/td>\n<td style=\"width: 50%; height: 24px;\">\u00d5litaseme andur<\/td>\n<\/tr>\n<tr style=\"height: 24px;\">\n<td style=\"width: 50%; height: 24px;\">Aku<\/td>\n<td style=\"width: 50%; height: 24px;\">Tunnilugeja<\/td>\n<\/tr>\n<tr style=\"height: 24px;\">\n<td style=\"height: 24px; width: 50%; text-align: left;\">Summuti koos heitgaasi toru adapteriga<\/td>\n<td style=\"width: 50%; text-align: left;\">\u00dchendus ATS-paneeli jaoks<\/td>\n<\/tr>\n<\/tbody>\n<\/table>\n<table style=\"border-collapse: collapse; width: 100%;\">\n<tbody>\n<tr>\n<td style=\"width: 100%; text-align: center;\" colspan=\"2\"><strong>Lisa- ja hooldusvarustus<\/strong><\/td>\n<\/tr>\n<tr>\n<td style=\"width: 50%;\">Heitgaasi toru<\/td>\n<td style=\"width: 50%;\">Transpordi komplekt<\/td>\n<\/tr>\n<tr>\n<td style=\"width: 50%; text-align: left;\">Hoolduskomplekt(\u00f5hu filter, s\u00fc\u00fctek\u00fc\u00fcnal, mootori\u00f5li)<\/td>\n<td style=\"width: 50%; text-align: left;\">ATS paneel<\/td>\n<\/tr>\n<\/tbody>\n<\/table>","protected":false},"excerpt":{"rendered":"<table style=\"border-collapse: collapse; width: 88.0117%; height: 432px;\">\n<tbody>\n<tr style=\"height: 24px;\">\n<td style=\"width: 53.1288%; height: 24px;\">Taajuus, Hz<\/td>\n<td style=\"width: 78.5989%; height: 24px;\">50<\/td>\n<\/tr>\n<tr style=\"height: 24px;\">\n<td style=\"width: 53.1288%; height: 24px;\">J\u00e4nnite, V<\/td>\n<td style=\"width: 78.5989%; height: 24px;\">230\/400<\/td>\n<\/tr>\n<tr style=\"height: 24px;\">\n<td style=\"width: 53.1288%; height: 24px;\">Max v\u00f5imsus, kW (230V\/400V)<\/td>\n<td style=\"width: 78.5989%; height: 24px;\">8.0\/15.6<\/td>\n<\/tr>\n<tr style=\"height: 24px;\">\n<td style=\"width: 53.1288%; height: 24px;\">Nominaalne v\u00f5imsus, kW (230V\/400V)<\/td>\n<td style=\"width: 78.5989%; height: 24px;\">7.2\/14.0<\/td>\n<\/tr>\n<tr style=\"height: 24px;\">\n<td style=\"width: 53.1288%; height: 24px;\">Vool(max) (230V\/400V), A<\/td>\n<td style=\"width: 78.5989%; height: 24px;\">31.3\/25.4<\/td>\n<\/tr>\n<tr style=\"height: 24px;\">\n<td style=\"width: 53.1288%; height: 24px;\">Mootor<\/td>\n<td style=\"width: 78.5989%; height: 24px;\">Vanguard<\/td>\n<\/tr>\n<tr style=\"height: 24px;\">\n<td style=\"width: 53.1288%; height: 24px;\">Mudel<\/td>\n<td style=\"width: 78.5989%; height: 24px;\">5434<\/td>\n<\/tr>\n<tr style=\"height: 24px;\">\n<td style=\"width: 53.1288%; height: 24px;\">Kampikammion tilavuus, L<\/td>\n<td style=\"width: 78.5989%; height: 24px;\">2.3<\/td>\n<\/tr>\n<tr style=\"height: 24px;\">\n<td style=\"width: 53.1288%; height: 24px;\">Jahutus<\/td>\n<td style=\"width: 78.5989%; height: 24px;\">\u00d5hk<\/td>\n<\/tr>\n<tr style=\"height: 24px;\">\n<td style=\"width: 53.1288%; height: 24px;\">Moottorityyppi<\/td>\n<td style=\"width: 78.5989%; height: 24px;\">2-silindriline, 4-taktiline<\/td>\n<\/tr>\n<tr style=\"height: 24px;\">\n<td style=\"width: 53.1288%; height: 24px;\">K\u00e4ivitust\u00fc\u00fcp<\/td>\n<td style=\"width: 78.5989%; height: 24px;\">S\u00e4hk\u00f6inen<\/td>\n<\/tr>\n<tr style=\"height: 24px;\">\n<td style=\"width: 53.1288%; height: 24px;\">K\u00fctus<\/td>\n<td style=\"width: 78.5989%; height: 24px;\">Bensiin<\/td>\n<\/tr>\n<tr style=\"height: 24px;\">\n<td style=\"width: 53.1288%; height: 24px;\">K\u00fctusepaak, l<\/td>\n<td style=\"width: 78.5989%; height: 24px;\">45<\/td>\n<\/tr>\n<tr style=\"height: 24px;\">\n<td style=\"width: 53.1288%; height: 24px;\">K\u00fctusekulu (75% koormuse juuures), l\/h<\/td>\n<td style=\"width: 78.5989%; height: 24px;\">6.5<\/td>\n<\/tr>\n<tr style=\"height: 24px;\">\n<td style=\"width: 53.1288%; height: 24px;\">M\u00fcratase, dB(A)<\/td>\n<td style=\"width: 78.5989%; height: 24px;\">100<\/td>\n<\/tr>\n<tr style=\"height: 24px;\">\n<td style=\"width: 53.1288%; height: 24px;\">Paino, kg<\/td>\n<td style=\"width: 78.5989%; height: 24px;\">164<\/td>\n<\/tr>\n<tr style=\"height: 24px;\">\n<td style=\"width: 53.1288%; height: 24px;\">M\u00f5\u00f5tmed (P,L,K), mm<\/td>\n<td style=\"width: 78.5989%; height: 24px;\">900x580x890<\/td>\n<\/tr>\n<tr style=\"height: 24px;\">\n<td style=\"width: 53.1288%; height: 24px;\">Suojausluokka<\/td>\n<td style=\"width: 78.5989%; height: 24px;\">IP54<\/td>\n<\/tr>\n<\/tbody>\n<\/table>","protected":false},"featured_media":19021,"template":"","meta":{"_acf_changed":false,"inline_featured_image":false},"product_brand":[],"product_cat":[179,94,21],"product_tag":[],"class_list":{"0":"post-19003","1":"product","2":"type-product","3":"status-publish","4":"has-post-thumbnail","6":"product_cat-allahinnatud","7":"product_cat-generaatorid","8":"product_cat-bensiinigeneraatorid","9":"product_shipping_class-euroalus","10":"brand-fogo","12":"first","13":"instock","14":"sale","15":"taxable","16":"shipping-taxable","17":"purchasable","18":"product-type-simple"},"acf":[],"yoast_head":"<!-- This site is optimized with the Yoast SEO plugin v26.2 - https:\/\/yoast.com\/wordpress\/plugins\/seo\/ -->\n<title>Bensiinigeneraator FV 20540 TRA - Genekas24<\/title>\n<meta name=\"robots\" content=\"index, follow, max-snippet:-1, max-image-preview:large, max-video-preview:-1\" \/>\n<link rel=\"canonical\" href=\"https:\/\/staging.genekas24.ee\/fi\/tuote\/bensiinigeneraator-fv-20540-tra\/\" \/>\n<meta property=\"og:locale\" content=\"fi_FI\" \/>\n<meta property=\"og:type\" content=\"article\" \/>\n<meta property=\"og:title\" content=\"Bensiinigeneraator FV 20540 TRA - Genekas24\" \/>\n<meta property=\"og:description\" content=\"Sagedus, Hz 50   Pinge, V 230\/400   Max v\u00f5imsus, kW (230V\/400V) 8.0\/15.6   Nominaalne v\u00f5imsus, kW (230V\/400V) 7.2\/14.0   Vool(max) (230V\/400V), A 31.3\/25.4   Mootor Vanguard   Mudel 5434   Karteri maht, l 2.3   Jahutus \u00d5hk   Mootori t\u00fc\u00fcp 2-silindriline, 4-taktiline   K\u00e4ivitust\u00fc\u00fcp Elektriline   K\u00fctus Bensiin   K\u00fctusepaak, l 45   K\u00fctusekulu (75% koormuse juuures), l\/h 6.5   M\u00fcratase, dB(A) 100   Kaal, kg 164   M\u00f5\u00f5tmed (P,L,K), mm 900x580x890   Kaitseklass IP54\" \/>\n<meta property=\"og:url\" content=\"https:\/\/staging.genekas24.ee\/fi\/tuote\/bensiinigeneraator-fv-20540-tra\/\" \/>\n<meta property=\"og:site_name\" content=\"Genekas24\" \/>\n<meta property=\"article:modified_time\" content=\"2025-12-31T08:46:11+00:00\" \/>\n<meta property=\"og:image\" content=\"https:\/\/staging.genekas24.ee\/wp-content\/uploads\/2025\/05\/FV-20540-TRA.png\" \/>\n\t<meta property=\"og:image:width\" content=\"1459\" \/>\n\t<meta property=\"og:image:height\" content=\"834\" \/>\n\t<meta property=\"og:image:type\" content=\"image\/png\" \/>\n<meta name=\"twitter:card\" content=\"summary_large_image\" \/>\n<meta name=\"twitter:label1\" content=\"Arvioitu lukuaika\" \/>\n\t<meta name=\"twitter:data1\" content=\"1 minuutti\" \/>\n<script type=\"application\/ld+json\" class=\"yoast-schema-graph\">{\"@context\":\"https:\/\/schema.org\",\"@graph\":[{\"@type\":\"WebPage\",\"@id\":\"https:\/\/staging.genekas24.ee\/toode\/bensiinigeneraator-fv-20540-tra\/\",\"url\":\"https:\/\/staging.genekas24.ee\/toode\/bensiinigeneraator-fv-20540-tra\/\",\"name\":\"Bensiinigeneraator FV 20540 TRA - Genekas24\",\"isPartOf\":{\"@id\":\"https:\/\/staging.genekas24.ee\/#website\"},\"primaryImageOfPage\":{\"@id\":\"https:\/\/staging.genekas24.ee\/toode\/bensiinigeneraator-fv-20540-tra\/#primaryimage\"},\"image\":{\"@id\":\"https:\/\/staging.genekas24.ee\/toode\/bensiinigeneraator-fv-20540-tra\/#primaryimage\"},\"thumbnailUrl\":\"https:\/\/staging.genekas24.ee\/wp-content\/uploads\/2025\/05\/FV-20540-TRA.png\",\"datePublished\":\"2025-05-23T09:56:06+00:00\",\"dateModified\":\"2025-12-31T08:46:11+00:00\",\"breadcrumb\":{\"@id\":\"https:\/\/staging.genekas24.ee\/toode\/bensiinigeneraator-fv-20540-tra\/#breadcrumb\"},\"inLanguage\":\"fi\",\"potentialAction\":[{\"@type\":\"ReadAction\",\"target\":[\"https:\/\/staging.genekas24.ee\/toode\/bensiinigeneraator-fv-20540-tra\/\"]}]},{\"@type\":\"ImageObject\",\"inLanguage\":\"fi\",\"@id\":\"https:\/\/staging.genekas24.ee\/toode\/bensiinigeneraator-fv-20540-tra\/#primaryimage\",\"url\":\"https:\/\/staging.genekas24.ee\/wp-content\/uploads\/2025\/05\/FV-20540-TRA.png\",\"contentUrl\":\"https:\/\/staging.genekas24.ee\/wp-content\/uploads\/2025\/05\/FV-20540-TRA.png\",\"width\":1459,\"height\":834},{\"@type\":\"BreadcrumbList\",\"@id\":\"https:\/\/staging.genekas24.ee\/toode\/bensiinigeneraator-fv-20540-tra\/#breadcrumb\",\"itemListElement\":[{\"@type\":\"ListItem\",\"position\":1,\"name\":\"Home\",\"item\":\"https:\/\/staging.genekas24.ee\/\"},{\"@type\":\"ListItem\",\"position\":2,\"name\":\"Pood\",\"item\":\"https:\/\/staging.genekas24.ee\/pood\/\"},{\"@type\":\"ListItem\",\"position\":3,\"name\":\"Bensiinigeneraator FV 20540 TRA\"}]},{\"@type\":\"WebSite\",\"@id\":\"https:\/\/staging.genekas24.ee\/#website\",\"url\":\"https:\/\/staging.genekas24.ee\/\",\"name\":\"Genekas24\",\"description\":\"Generaatorid | K&ouml;nner S&ouml;hnen tooted | Genekas24\",\"publisher\":{\"@id\":\"https:\/\/staging.genekas24.ee\/#organization\"},\"potentialAction\":[{\"@type\":\"SearchAction\",\"target\":{\"@type\":\"EntryPoint\",\"urlTemplate\":\"https:\/\/staging.genekas24.ee\/?s={search_term_string}\"},\"query-input\":{\"@type\":\"PropertyValueSpecification\",\"valueRequired\":true,\"valueName\":\"search_term_string\"}}],\"inLanguage\":\"fi\"},{\"@type\":\"Organization\",\"@id\":\"https:\/\/staging.genekas24.ee\/#organization\",\"name\":\"Genekas24\",\"url\":\"https:\/\/staging.genekas24.ee\/\",\"logo\":{\"@type\":\"ImageObject\",\"inLanguage\":\"fi\",\"@id\":\"https:\/\/staging.genekas24.ee\/#\/schema\/logo\/image\/\",\"url\":\"https:\/\/staging.genekas24.ee\/wp-content\/uploads\/2026\/01\/genekas24-logo_black.svg\",\"contentUrl\":\"https:\/\/staging.genekas24.ee\/wp-content\/uploads\/2026\/01\/genekas24-logo_black.svg\",\"width\":840,\"height\":131,\"caption\":\"Genekas24\"},\"image\":{\"@id\":\"https:\/\/staging.genekas24.ee\/#\/schema\/logo\/image\/\"}}]}<\/script>\n<!-- \/ Yoast SEO plugin. -->","yoast_head_json":{"title":"Bensiinigeneraator FV 20540 TRA - Genekas24","robots":{"index":"index","follow":"follow","max-snippet":"max-snippet:-1","max-image-preview":"max-image-preview:large","max-video-preview":"max-video-preview:-1"},"canonical":"https:\/\/staging.genekas24.ee\/fi\/tuote\/bensiinigeneraator-fv-20540-tra\/","og_locale":"fi_FI","og_type":"article","og_title":"Bensiinigeneraator FV 20540 TRA - Genekas24","og_description":"Sagedus, Hz 50   Pinge, V 230\/400   Max v\u00f5imsus, kW (230V\/400V) 8.0\/15.6   Nominaalne v\u00f5imsus, kW (230V\/400V) 7.2\/14.0   Vool(max) (230V\/400V), A 31.3\/25.4   Mootor Vanguard   Mudel 5434   Karteri maht, l 2.3   Jahutus \u00d5hk   Mootori t\u00fc\u00fcp 2-silindriline, 4-taktiline   K\u00e4ivitust\u00fc\u00fcp Elektriline   K\u00fctus Bensiin   K\u00fctusepaak, l 45   K\u00fctusekulu (75% koormuse juuures), l\/h 6.5   M\u00fcratase, dB(A) 100   Kaal, kg 164   M\u00f5\u00f5tmed (P,L,K), mm 900x580x890   Kaitseklass IP54","og_url":"https:\/\/staging.genekas24.ee\/fi\/tuote\/bensiinigeneraator-fv-20540-tra\/","og_site_name":"Genekas24","article_modified_time":"2025-12-31T08:46:11+00:00","og_image":[{"width":1459,"height":834,"url":"https:\/\/staging.genekas24.ee\/wp-content\/uploads\/2025\/05\/FV-20540-TRA.png","type":"image\/png"}],"twitter_card":"summary_large_image","twitter_misc":{"Arvioitu lukuaika":"1 minuutti"},"schema":{"@context":"https:\/\/schema.org","@graph":[{"@type":"WebPage","@id":"https:\/\/staging.genekas24.ee\/toode\/bensiinigeneraator-fv-20540-tra\/","url":"https:\/\/staging.genekas24.ee\/toode\/bensiinigeneraator-fv-20540-tra\/","name":"Bensiinigeneraator FV 20540 TRA - Genekas24","isPartOf":{"@id":"https:\/\/staging.genekas24.ee\/#website"},"primaryImageOfPage":{"@id":"https:\/\/staging.genekas24.ee\/toode\/bensiinigeneraator-fv-20540-tra\/#primaryimage"},"image":{"@id":"https:\/\/staging.genekas24.ee\/toode\/bensiinigeneraator-fv-20540-tra\/#primaryimage"},"thumbnailUrl":"https:\/\/staging.genekas24.ee\/wp-content\/uploads\/2025\/05\/FV-20540-TRA.png","datePublished":"2025-05-23T09:56:06+00:00","dateModified":"2025-12-31T08:46:11+00:00","breadcrumb":{"@id":"https:\/\/staging.genekas24.ee\/toode\/bensiinigeneraator-fv-20540-tra\/#breadcrumb"},"inLanguage":"fi","potentialAction":[{"@type":"ReadAction","target":["https:\/\/staging.genekas24.ee\/toode\/bensiinigeneraator-fv-20540-tra\/"]}]},{"@type":"ImageObject","inLanguage":"fi","@id":"https:\/\/staging.genekas24.ee\/toode\/bensiinigeneraator-fv-20540-tra\/#primaryimage","url":"https:\/\/staging.genekas24.ee\/wp-content\/uploads\/2025\/05\/FV-20540-TRA.png","contentUrl":"https:\/\/staging.genekas24.ee\/wp-content\/uploads\/2025\/05\/FV-20540-TRA.png","width":1459,"height":834},{"@type":"BreadcrumbList","@id":"https:\/\/staging.genekas24.ee\/toode\/bensiinigeneraator-fv-20540-tra\/#breadcrumb","itemListElement":[{"@type":"ListItem","position":1,"name":"Home","item":"https:\/\/staging.genekas24.ee\/"},{"@type":"ListItem","position":2,"name":"Pood","item":"https:\/\/staging.genekas24.ee\/pood\/"},{"@type":"ListItem","position":3,"name":"Bensiinigeneraator FV 20540 TRA"}]},{"@type":"WebSite","@id":"https:\/\/staging.genekas24.ee\/#website","url":"https:\/\/staging.genekas24.ee\/","name":"Genekas24","description":"Generaatorid | K&ouml;nner S&ouml;hnen tooted | Genekas24","publisher":{"@id":"https:\/\/staging.genekas24.ee\/#organization"},"potentialAction":[{"@type":"SearchAction","target":{"@type":"EntryPoint","urlTemplate":"https:\/\/staging.genekas24.ee\/?s={search_term_string}"},"query-input":{"@type":"PropertyValueSpecification","valueRequired":true,"valueName":"search_term_string"}}],"inLanguage":"fi"},{"@type":"Organization","@id":"https:\/\/staging.genekas24.ee\/#organization","name":"Genekas24","url":"https:\/\/staging.genekas24.ee\/","logo":{"@type":"ImageObject","inLanguage":"fi","@id":"https:\/\/staging.genekas24.ee\/#\/schema\/logo\/image\/","url":"https:\/\/staging.genekas24.ee\/wp-content\/uploads\/2026\/01\/genekas24-logo_black.svg","contentUrl":"https:\/\/staging.genekas24.ee\/wp-content\/uploads\/2026\/01\/genekas24-logo_black.svg","width":840,"height":131,"caption":"Genekas24"},"image":{"@id":"https:\/\/staging.genekas24.ee\/#\/schema\/logo\/image\/"}}]}},"_links":{"self":[{"href":"https:\/\/staging.genekas24.ee\/fi\/wp-json\/wp\/v2\/product\/19003","targetHints":{"allow":["GET"]}}],"collection":[{"href":"https:\/\/staging.genekas24.ee\/fi\/wp-json\/wp\/v2\/product"}],"about":[{"href":"https:\/\/staging.genekas24.ee\/fi\/wp-json\/wp\/v2\/types\/product"}],"version-history":[{"count":4,"href":"https:\/\/staging.genekas24.ee\/fi\/wp-json\/wp\/v2\/product\/19003\/revisions"}],"predecessor-version":[{"id":19894,"href":"https:\/\/staging.genekas24.ee\/fi\/wp-json\/wp\/v2\/product\/19003\/revisions\/19894"}],"wp:featuredmedia":[{"embeddable":true,"href":"https:\/\/staging.genekas24.ee\/fi\/wp-json\/wp\/v2\/media\/19021"}],"wp:attachment":[{"href":"https:\/\/staging.genekas24.ee\/fi\/wp-json\/wp\/v2\/media?parent=19003"}],"wp:term":[{"taxonomy":"product_brand","embeddable":true,"href":"https:\/\/staging.genekas24.ee\/fi\/wp-json\/wp\/v2\/product_brand?post=19003"},{"taxonomy":"product_cat","embeddable":true,"href":"https:\/\/staging.genekas24.ee\/fi\/wp-json\/wp\/v2\/product_cat?post=19003"},{"taxonomy":"product_tag","embeddable":true,"href":"https:\/\/staging.genekas24.ee\/fi\/wp-json\/wp\/v2\/product_tag?post=19003"}],"curies":[{"name":"wp","href":"https:\/\/api.w.org\/{rel}","templated":true}]}}